{"id":11175,"date":"2022-10-11T14:57:16","date_gmt":"2022-10-11T19:57:16","guid":{"rendered":"https:\/\/www.berger.ca\/en\/?page_id=11175"},"modified":"2022-10-19T13:28:30","modified_gmt":"2022-10-19T18:28:30","slug":"expo-agroalimentaria-guanajuato-2022","status":"publish","type":"page","link":"https:\/\/www.berger.ca\/en\/grower-resources\/technical-seminars-events\/expo-agroalimentaria-guanajuato-2022\/","title":{"rendered":"Expo AgroAlimentaria Guanajuato\u00ae  2022"},"content":{"rendered":"<p><div class=\"wysiwyg-row\"><br \/>\n<div class=\"column-8\"><\/p>\n<h2>GROW BEYOND YOUR EXPECTATIONS\u2026 AT BOOTH 228-229!<\/h2>\n<p>At Berger, we do much more than create what is widely considered the best growing media available. As you know, in addition to our expertise and innovative thinking, the relationship with our customers remains a key part of our approach to helping you grow beyond your expectations. <\/p>\n<p><\/div><\/p>\n<div class=\"column-4\">\n<h2><span style=\"color: #88ac2e\">November 8-11, 2022<\/span><\/h2>\n<p><b>Booth #228-229<\/b> |  Centro de negocio  | Carreta Irapuato \u2013 Abasolo KM 6.5, Guanajuato, Mexico<\/p>\n<p><a class=\"button\" href=\"https:\/\/www.expoagrogto.com\/\">Register Now<\/a><\/p>\n<p><\/div><br \/>\n<\/div><br \/>\n<div class=\"column-12\"><\/p>\n<h3>Our team of experts will be on hand to help you discover the benefits of Berger growing mixes and much more. <\/h3>\n<p><\/div><br \/>\n&nbsp;<\/p>\n<div class=\"wysiwyg-row\"><br \/>\n<div class=\"column-2\"><\/p>\n<p><img loading=\"lazy\" decoding=\"async\" class=\"alignnone wp-image-5127\" src=\"https:\/\/www.berger.ca\/en\/wp-content\/uploads\/sites\/2\/2019\/10\/DianaBarera.png\" alt=\"Diana Barrera\" width=\"164\" height=\"190\" \/><\/p>\n<p><strong>DIANA BARRERA<\/strong> Customer Service Associate<\/p>\n<p><\/div><br \/>\n<div class=\"column-2\"><\/p>\n<p><img loading=\"lazy\" decoding=\"async\" class=\"alignnone wp-image-5127\" src=\"https:\/\/www.berger.ca\/en\/wp-content\/uploads\/sites\/2\/2022\/10\/photos_gpaulinep_rond.png\" alt=\"Pauline Portal\" width=\"164\" height=\"190\" \/><\/p>\n<p><strong>PAULINE PORTAL<\/strong> Technical Services Advisor<\/p>\n<p><\/div><\/p>\n<p><div class=\"column-2\"><\/p>\n<p><img loading=\"lazy\" decoding=\"async\" class=\"alignnone wp-image-5127\" src=\"https:\/\/www.berger.ca\/en\/wp-content\/uploads\/sites\/2\/2022\/10\/photos_juan_rond.png\" alt=\"Juan Carlos Garcia\" width=\"164\" height=\"190\" \/><\/p>\n<p><strong>JUAN CARLOS GARCIA<\/strong> Sales Representative | Mexico<\/p>\n<p><\/div><\/p>\n<p><div class=\"column-2\"><\/p>\n<p><img loading=\"lazy\" decoding=\"async\" class=\"alignnone wp-image-5127\" src=\"https:\/\/www.berger.ca\/en\/wp-content\/uploads\/sites\/2\/2022\/10\/photos_harold_rond.png\" alt=\"Harold Sagastume\" width=\"164\" height=\"190\" \/><\/p>\n<p><strong>HAROLD SAGASTUME<\/strong> Sales Representative | Centro America \u2022 Technical Services Advisor | LATAM<\/p>\n<p><\/div><\/p>\n<p><div class=\"column-2\"><\/p>\n<p><img loading=\"lazy\" decoding=\"async\" class=\"alignnone wp-image-5127\" src=\"https:\/\/www.berger.ca\/en\/wp-content\/uploads\/sites\/2\/2019\/08\/martinbarrera.png\" alt=\"Martin Barrera\" width=\"164\" height=\"190\" \/><\/p>\n<p><strong>MARTIN BARRERA<\/strong> Sales Representative | Mexico<br \/>\n<\/div><\/p>\n<p><\/div>\n<p>&nbsp;<\/p>\n<hr \/>\n<p>&nbsp;<br \/>\n&nbsp;<\/p>\n<h2>The virtual conference you can\u2019t miss!<\/h2>\n<div class=\"column-8\"><\/p>\n<h4>Webinar: M\u00e9todos rentables para aumentar sus m\u00e1rgenes al producir plantas j\u00f3venes (available in spanish)<\/h4>\n<p>This presentation is intended to provide tips for optimizing the management of your germination mix before, during, and after filling your trays so you can maximize root development and overall plant health.<\/p>\n<p><strong>Presented by Harold Sagastume<\/strong><br \/>\n&nbsp;<br \/>\n<a class=\"button\" href=\"https:\/\/vimeo.com\/manage\/videos\/761871344\">Check-out conference<\/a><\/p>\n<p><\/div>\n<p><div class=\"column-4\"><br \/>\n<img loading=\"lazy\" decoding=\"async\" src=\"https:\/\/www.berger.ca\/en\/wp-content\/uploads\/sites\/2\/2022\/10\/berger_semis_2-1024x870.png\" alt=\"\" width=\"1024\" height=\"870\" class=\"alignnone size-large wp-image-11247\" srcset=\"https:\/\/www.berger.ca\/en\/wp-content\/uploads\/sites\/2\/2022\/10\/berger_semis_2-1024x870.png 1024w, https:\/\/www.berger.ca\/en\/wp-content\/uploads\/sites\/2\/2022\/10\/berger_semis_2-300x255.png 300w, https:\/\/www.berger.ca\/en\/wp-content\/uploads\/sites\/2\/2022\/10\/berger_semis_2-768x653.png 768w, https:\/\/www.berger.ca\/en\/wp-content\/uploads\/sites\/2\/2022\/10\/berger_semis_2-1536x1306.png 1536w, https:\/\/www.berger.ca\/en\/wp-content\/uploads\/sites\/2\/2022\/10\/berger_semis_2-2048x1741.png 2048w\" sizes=\"auto, (max-width: 1024px) 100vw, 1024px\" \/><br \/>\n<\/div><br \/>\n&nbsp;<\/p>\n","protected":false},"excerpt":{"rendered":"<p>&nbsp; &nbsp; &nbsp; &nbsp; The virtual conference you can\u2019t miss! &nbsp;<\/p>\n","protected":false},"author":3,"featured_media":0,"parent":271,"menu_order":0,"comment_status":"closed","ping_status":"closed","template":"","meta":{"_acf_changed":false,"footnotes":""},"class_list":["post-11175","page","type-page","status-publish","hentry"],"acf":[],"yoast_head":"<!-- This site is optimized with the Yoast SEO plugin v27.3 - https:\/\/yoast.com\/product\/yoast-seo-wordpress\/ -->\n<title>Expo AgroAlimentaria Guanajuato\u00ae 2022 - Berger - EN<\/title>\n<meta name=\"description\" content=\"Our team of experts will be on hand to help you discover the benefits of Berger growing mixes and much more.\" \/>\n<meta name=\"robots\" content=\"index, follow, max-snippet:-1, max-image-preview:large, max-video-preview:-1\" \/>\n<link rel=\"canonical\" href=\"https:\/\/www.berger.ca\/en\/grower-resources\/technical-seminars-events\/expo-agroalimentaria-guanajuato-2022\/\" \/>\n<meta property=\"og:locale\" content=\"en_US\" \/>\n<meta property=\"og:type\" content=\"article\" \/>\n<meta property=\"og:title\" content=\"Expo AgroAlimentaria Guanajuato\u00ae 2022 - Berger - EN\" \/>\n<meta property=\"og:description\" content=\"Our team of experts will be on hand to help you discover the benefits of Berger growing mixes and much more.\" \/>\n<meta property=\"og:url\" content=\"https:\/\/www.berger.ca\/en\/grower-resources\/technical-seminars-events\/expo-agroalimentaria-guanajuato-2022\/\" \/>\n<meta property=\"og:site_name\" content=\"Berger - EN\" \/>\n<meta property=\"article:publisher\" content=\"https:\/\/www.facebook.com\/berger.ca\/\" \/>\n<meta property=\"article:modified_time\" content=\"2022-10-19T18:28:30+00:00\" \/>\n<meta property=\"og:image\" content=\"https:\/\/www.berger.ca\/en\/wp-content\/uploads\/sites\/2\/2019\/10\/DianaBarera.png\" \/>\n<meta name=\"twitter:card\" content=\"summary_large_image\" \/>\n<meta name=\"twitter:site\" content=\"@berger_ca\" \/>\n<meta name=\"twitter:label1\" content=\"Est. reading time\" \/>\n\t<meta name=\"twitter:data1\" content=\"3 minutes\" \/>\n<script type=\"application\/ld+json\" class=\"yoast-schema-graph\">{\"@context\":\"https:\\\/\\\/schema.org\",\"@graph\":[{\"@type\":\"WebPage\",\"@id\":\"https:\\\/\\\/www.berger.ca\\\/en\\\/grower-resources\\\/technical-seminars-events\\\/expo-agroalimentaria-guanajuato-2022\\\/\",\"url\":\"https:\\\/\\\/www.berger.ca\\\/en\\\/grower-resources\\\/technical-seminars-events\\\/expo-agroalimentaria-guanajuato-2022\\\/\",\"name\":\"Expo AgroAlimentaria Guanajuato\u00ae 2022 - Berger - EN\",\"isPartOf\":{\"@id\":\"https:\\\/\\\/www.berger.ca\\\/en\\\/#website\"},\"primaryImageOfPage\":{\"@id\":\"https:\\\/\\\/www.berger.ca\\\/en\\\/grower-resources\\\/technical-seminars-events\\\/expo-agroalimentaria-guanajuato-2022\\\/#primaryimage\"},\"image\":{\"@id\":\"https:\\\/\\\/www.berger.ca\\\/en\\\/grower-resources\\\/technical-seminars-events\\\/expo-agroalimentaria-guanajuato-2022\\\/#primaryimage\"},\"thumbnailUrl\":\"https:\\\/\\\/www.berger.ca\\\/en\\\/wp-content\\\/uploads\\\/sites\\\/2\\\/2019\\\/10\\\/DianaBarera.png\",\"datePublished\":\"2022-10-11T19:57:16+00:00\",\"dateModified\":\"2022-10-19T18:28:30+00:00\",\"description\":\"Our team of experts will be on hand to help you discover the benefits of Berger growing mixes and much more.\",\"breadcrumb\":{\"@id\":\"https:\\\/\\\/www.berger.ca\\\/en\\\/grower-resources\\\/technical-seminars-events\\\/expo-agroalimentaria-guanajuato-2022\\\/#breadcrumb\"},\"inLanguage\":\"en-US\",\"potentialAction\":[{\"@type\":\"ReadAction\",\"target\":[\"https:\\\/\\\/www.berger.ca\\\/en\\\/grower-resources\\\/technical-seminars-events\\\/expo-agroalimentaria-guanajuato-2022\\\/\"]}]},{\"@type\":\"ImageObject\",\"inLanguage\":\"en-US\",\"@id\":\"https:\\\/\\\/www.berger.ca\\\/en\\\/grower-resources\\\/technical-seminars-events\\\/expo-agroalimentaria-guanajuato-2022\\\/#primaryimage\",\"url\":\"https:\\\/\\\/www.berger.ca\\\/en\\\/wp-content\\\/uploads\\\/sites\\\/2\\\/2019\\\/10\\\/DianaBarera.png\",\"contentUrl\":\"https:\\\/\\\/www.berger.ca\\\/en\\\/wp-content\\\/uploads\\\/sites\\\/2\\\/2019\\\/10\\\/DianaBarera.png\",\"width\":288,\"height\":288,\"caption\":\"Diana Barera, Customer Service Associate\"},{\"@type\":\"BreadcrumbList\",\"@id\":\"https:\\\/\\\/www.berger.ca\\\/en\\\/grower-resources\\\/technical-seminars-events\\\/expo-agroalimentaria-guanajuato-2022\\\/#breadcrumb\",\"itemListElement\":[{\"@type\":\"ListItem\",\"position\":1,\"name\":\"Grower Resources\",\"item\":\"https:\\\/\\\/www.berger.ca\\\/en\\\/grower-resources\\\/\"},{\"@type\":\"ListItem\",\"position\":2,\"name\":\"Technical Seminars and Events\",\"item\":\"https:\\\/\\\/www.berger.ca\\\/en\\\/grower-resources\\\/technical-seminars-events\\\/\"},{\"@type\":\"ListItem\",\"position\":3,\"name\":\"Expo AgroAlimentaria Guanajuato\u00ae 2022\"}]},{\"@type\":\"WebSite\",\"@id\":\"https:\\\/\\\/www.berger.ca\\\/en\\\/#website\",\"url\":\"https:\\\/\\\/www.berger.ca\\\/en\\\/\",\"name\":\"Berger - EN\",\"description\":\"Mastering ths Craft of Growing Media\",\"publisher\":{\"@id\":\"https:\\\/\\\/www.berger.ca\\\/en\\\/#organization\"},\"potentialAction\":[{\"@type\":\"SearchAction\",\"target\":{\"@type\":\"EntryPoint\",\"urlTemplate\":\"https:\\\/\\\/www.berger.ca\\\/en\\\/?s={search_term_string}\"},\"query-input\":{\"@type\":\"PropertyValueSpecification\",\"valueRequired\":true,\"valueName\":\"search_term_string\"}}],\"inLanguage\":\"en-US\"},{\"@type\":\"Organization\",\"@id\":\"https:\\\/\\\/www.berger.ca\\\/en\\\/#organization\",\"name\":\"Berger - EN\",\"url\":\"https:\\\/\\\/www.berger.ca\\\/en\\\/\",\"logo\":{\"@type\":\"ImageObject\",\"inLanguage\":\"en-US\",\"@id\":\"https:\\\/\\\/www.berger.ca\\\/en\\\/#\\\/schema\\\/logo\\\/image\\\/\",\"url\":\"https:\\\/\\\/www.berger.ca\\\/en\\\/wp-content\\\/uploads\\\/sites\\\/2\\\/2016\\\/05\\\/berger_logo_coul_seul.png\",\"contentUrl\":\"https:\\\/\\\/www.berger.ca\\\/en\\\/wp-content\\\/uploads\\\/sites\\\/2\\\/2016\\\/05\\\/berger_logo_coul_seul.png\",\"width\":1257,\"height\":1156,\"caption\":\"Berger - EN\"},\"image\":{\"@id\":\"https:\\\/\\\/www.berger.ca\\\/en\\\/#\\\/schema\\\/logo\\\/image\\\/\"},\"sameAs\":[\"https:\\\/\\\/www.facebook.com\\\/berger.ca\\\/\",\"https:\\\/\\\/x.com\\\/berger_ca\"]}]}<\/script>\n<!-- \/ Yoast SEO plugin. -->","yoast_head_json":{"title":"Expo AgroAlimentaria Guanajuato\u00ae 2022 - Berger - EN","description":"Our team of experts will be on hand to help you discover the benefits of Berger growing mixes and much more.","robots":{"index":"index","follow":"follow","max-snippet":"max-snippet:-1","max-image-preview":"max-image-preview:large","max-video-preview":"max-video-preview:-1"},"canonical":"https:\/\/www.berger.ca\/en\/grower-resources\/technical-seminars-events\/expo-agroalimentaria-guanajuato-2022\/","og_locale":"en_US","og_type":"article","og_title":"Expo AgroAlimentaria Guanajuato\u00ae 2022 - Berger - EN","og_description":"Our team of experts will be on hand to help you discover the benefits of Berger growing mixes and much more.","og_url":"https:\/\/www.berger.ca\/en\/grower-resources\/technical-seminars-events\/expo-agroalimentaria-guanajuato-2022\/","og_site_name":"Berger - EN","article_publisher":"https:\/\/www.facebook.com\/berger.ca\/","article_modified_time":"2022-10-19T18:28:30+00:00","og_image":[{"url":"https:\/\/www.berger.ca\/en\/wp-content\/uploads\/sites\/2\/2019\/10\/DianaBarera.png","type":"","width":"","height":""}],"twitter_card":"summary_large_image","twitter_site":"@berger_ca","twitter_misc":{"Est. reading time":"3 minutes"},"schema":{"@context":"https:\/\/schema.org","@graph":[{"@type":"WebPage","@id":"https:\/\/www.berger.ca\/en\/grower-resources\/technical-seminars-events\/expo-agroalimentaria-guanajuato-2022\/","url":"https:\/\/www.berger.ca\/en\/grower-resources\/technical-seminars-events\/expo-agroalimentaria-guanajuato-2022\/","name":"Expo AgroAlimentaria Guanajuato\u00ae 2022 - Berger - EN","isPartOf":{"@id":"https:\/\/www.berger.ca\/en\/#website"},"primaryImageOfPage":{"@id":"https:\/\/www.berger.ca\/en\/grower-resources\/technical-seminars-events\/expo-agroalimentaria-guanajuato-2022\/#primaryimage"},"image":{"@id":"https:\/\/www.berger.ca\/en\/grower-resources\/technical-seminars-events\/expo-agroalimentaria-guanajuato-2022\/#primaryimage"},"thumbnailUrl":"https:\/\/www.berger.ca\/en\/wp-content\/uploads\/sites\/2\/2019\/10\/DianaBarera.png","datePublished":"2022-10-11T19:57:16+00:00","dateModified":"2022-10-19T18:28:30+00:00","description":"Our team of experts will be on hand to help you discover the benefits of Berger growing mixes and much more.","breadcrumb":{"@id":"https:\/\/www.berger.ca\/en\/grower-resources\/technical-seminars-events\/expo-agroalimentaria-guanajuato-2022\/#breadcrumb"},"inLanguage":"en-US","potentialAction":[{"@type":"ReadAction","target":["https:\/\/www.berger.ca\/en\/grower-resources\/technical-seminars-events\/expo-agroalimentaria-guanajuato-2022\/"]}]},{"@type":"ImageObject","inLanguage":"en-US","@id":"https:\/\/www.berger.ca\/en\/grower-resources\/technical-seminars-events\/expo-agroalimentaria-guanajuato-2022\/#primaryimage","url":"https:\/\/www.berger.ca\/en\/wp-content\/uploads\/sites\/2\/2019\/10\/DianaBarera.png","contentUrl":"https:\/\/www.berger.ca\/en\/wp-content\/uploads\/sites\/2\/2019\/10\/DianaBarera.png","width":288,"height":288,"caption":"Diana Barera, Customer Service Associate"},{"@type":"BreadcrumbList","@id":"https:\/\/www.berger.ca\/en\/grower-resources\/technical-seminars-events\/expo-agroalimentaria-guanajuato-2022\/#breadcrumb","itemListElement":[{"@type":"ListItem","position":1,"name":"Grower Resources","item":"https:\/\/www.berger.ca\/en\/grower-resources\/"},{"@type":"ListItem","position":2,"name":"Technical Seminars and Events","item":"https:\/\/www.berger.ca\/en\/grower-resources\/technical-seminars-events\/"},{"@type":"ListItem","position":3,"name":"Expo AgroAlimentaria Guanajuato\u00ae 2022"}]},{"@type":"WebSite","@id":"https:\/\/www.berger.ca\/en\/#website","url":"https:\/\/www.berger.ca\/en\/","name":"Berger - EN","description":"Mastering ths Craft of Growing Media","publisher":{"@id":"https:\/\/www.berger.ca\/en\/#organization"},"potentialAction":[{"@type":"SearchAction","target":{"@type":"EntryPoint","urlTemplate":"https:\/\/www.berger.ca\/en\/?s={search_term_string}"},"query-input":{"@type":"PropertyValueSpecification","valueRequired":true,"valueName":"search_term_string"}}],"inLanguage":"en-US"},{"@type":"Organization","@id":"https:\/\/www.berger.ca\/en\/#organization","name":"Berger - EN","url":"https:\/\/www.berger.ca\/en\/","logo":{"@type":"ImageObject","inLanguage":"en-US","@id":"https:\/\/www.berger.ca\/en\/#\/schema\/logo\/image\/","url":"https:\/\/www.berger.ca\/en\/wp-content\/uploads\/sites\/2\/2016\/05\/berger_logo_coul_seul.png","contentUrl":"https:\/\/www.berger.ca\/en\/wp-content\/uploads\/sites\/2\/2016\/05\/berger_logo_coul_seul.png","width":1257,"height":1156,"caption":"Berger - EN"},"image":{"@id":"https:\/\/www.berger.ca\/en\/#\/schema\/logo\/image\/"},"sameAs":["https:\/\/www.facebook.com\/berger.ca\/","https:\/\/x.com\/berger_ca"]}]}},"_links":{"self":[{"href":"https:\/\/www.berger.ca\/en\/wp-json\/wp\/v2\/pages\/11175","targetHints":{"allow":["GET"]}}],"collection":[{"href":"https:\/\/www.berger.ca\/en\/wp-json\/wp\/v2\/pages"}],"about":[{"href":"https:\/\/www.berger.ca\/en\/wp-json\/wp\/v2\/types\/page"}],"author":[{"embeddable":true,"href":"https:\/\/www.berger.ca\/en\/wp-json\/wp\/v2\/users\/3"}],"replies":[{"embeddable":true,"href":"https:\/\/www.berger.ca\/en\/wp-json\/wp\/v2\/comments?post=11175"}],"version-history":[{"count":100,"href":"https:\/\/www.berger.ca\/en\/wp-json\/wp\/v2\/pages\/11175\/revisions"}],"predecessor-version":[{"id":11332,"href":"https:\/\/www.berger.ca\/en\/wp-json\/wp\/v2\/pages\/11175\/revisions\/11332"}],"up":[{"embeddable":true,"href":"https:\/\/www.berger.ca\/en\/wp-json\/wp\/v2\/pages\/271"}],"wp:attachment":[{"href":"https:\/\/www.berger.ca\/en\/wp-json\/wp\/v2\/media?parent=11175"}],"curies":[{"name":"wp","href":"https:\/\/api.w.org\/{rel}","templated":true}]}}