{"id":1333,"date":"2016-12-15T16:42:21","date_gmt":"2016-12-15T15:42:21","guid":{"rendered":"https:\/\/www.berger.ca\/es\/?page_id=1333"},"modified":"2025-07-22T10:27:20","modified_gmt":"2025-07-22T15:27:20","slug":"asesor-en-cultivos","status":"publish","type":"page","link":"https:\/\/www.berger.ca\/es\/recursos-para-los-productores\/asesor-en-cultivos\/","title":{"rendered":"Asesor en cultivos"},"content":{"rendered":"<h2 style=\"text-align: left\">Aproveche nuestros conocimientos y experiencia En Berger, no encontrar\u00e1 una forma de pensar convencional.<\/h2>\n<p style=\"text-align: left\">Acceder\u00e1 a un amplio conocimiento y experiencia que muy pocos pueden igualar.<\/p>\n<p style=\"text-align: left\">Las innovaciones del equipo t\u00e9cnico de Berger en el \u00e1rea de las mezclas para cultivos le permiten obtener resultados incomparables en el sector. Nuestra capacidad para ayudar a nuestros clientes a lograr mejores plazos de producci\u00f3n y un mayor rendimiento de sus cultivos, est\u00e1 respaldada por el compromiso con la excelencia cient\u00edfica y las d\u00e9cadas de experiencia en brindar mezclas para cultivos de alta calidad.<\/p>\n","protected":false},"excerpt":{"rendered":"<p>Aproveche nuestros conocimientos y experiencia En Berger, no encontrar\u00e1 una forma de pensar convencional. Acceder\u00e1 a un amplio conocimiento y experiencia que muy pocos pueden igualar. Las innovaciones del equipo t\u00e9cnico de Berger en el \u00e1rea de las mezclas para cultivos le permiten obtener resultados incomparables en el sector. Nuestra capacidad para ayudar a nuestros clientes a lograr mejores plazos de producci\u00f3n y un mayor rendimiento de sus cultivos, est\u00e1 respaldada por el compromiso con la excelencia cient\u00edfica y las d\u00e9cadas de experiencia en brindar mezclas para cultivos de alta calidad.<\/p>\n","protected":false},"author":2,"featured_media":0,"parent":265,"menu_order":0,"comment_status":"closed","ping_status":"closed","template":"template-specialists.php","meta":{"_acf_changed":false,"footnotes":""},"class_list":["post-1333","page","type-page","status-publish","hentry"],"acf":[],"yoast_head":"<!-- This site is optimized with the Yoast SEO plugin v27.3 - https:\/\/yoast.com\/product\/yoast-seo-wordpress\/ -->\n<title>Asesor en cultivos - Berger - ES<\/title>\n<meta name=\"description\" content=\"Las innovaciones del equipo t\u00e9cnico de Berger en el \u00e1rea de las mezclas para cultivos le permiten obtener resultados incomparables en el sector.\" \/>\n<meta name=\"robots\" content=\"index, follow, max-snippet:-1, max-image-preview:large, max-video-preview:-1\" \/>\n<link rel=\"canonical\" href=\"https:\/\/www.berger.ca\/es\/recursos-para-los-productores\/asesor-en-cultivos\/\" \/>\n<meta property=\"og:locale\" content=\"es_ES\" \/>\n<meta property=\"og:type\" content=\"article\" \/>\n<meta property=\"og:title\" content=\"Asesor en cultivos - Berger - ES\" \/>\n<meta property=\"og:description\" content=\"Las innovaciones del equipo t\u00e9cnico de Berger en el \u00e1rea de las mezclas para cultivos le permiten obtener resultados incomparables en el sector.\" \/>\n<meta property=\"og:url\" content=\"https:\/\/www.berger.ca\/es\/recursos-para-los-productores\/asesor-en-cultivos\/\" \/>\n<meta property=\"og:site_name\" content=\"Berger - ES\" \/>\n<meta property=\"article:publisher\" content=\"https:\/\/www.facebook.com\/berger.ca\/\" \/>\n<meta property=\"article:modified_time\" content=\"2025-07-22T15:27:20+00:00\" \/>\n<meta name=\"twitter:card\" content=\"summary_large_image\" \/>\n<meta name=\"twitter:site\" content=\"@berger_ca\" \/>\n<meta name=\"twitter:label1\" content=\"Tiempo de lectura\" \/>\n\t<meta name=\"twitter:data1\" content=\"1 minuto\" \/>\n<script type=\"application\/ld+json\" class=\"yoast-schema-graph\">{\"@context\":\"https:\\\/\\\/schema.org\",\"@graph\":[{\"@type\":\"WebPage\",\"@id\":\"https:\\\/\\\/www.berger.ca\\\/es\\\/recursos-para-los-productores\\\/asesor-en-cultivos\\\/\",\"url\":\"https:\\\/\\\/www.berger.ca\\\/es\\\/recursos-para-los-productores\\\/asesor-en-cultivos\\\/\",\"name\":\"Asesor en cultivos - Berger - ES\",\"isPartOf\":{\"@id\":\"https:\\\/\\\/www.berger.ca\\\/es\\\/#website\"},\"datePublished\":\"2016-12-15T15:42:21+00:00\",\"dateModified\":\"2025-07-22T15:27:20+00:00\",\"description\":\"Las innovaciones del equipo t\u00e9cnico de Berger en el \u00e1rea de las mezclas para cultivos le permiten obtener resultados incomparables en el sector.\",\"breadcrumb\":{\"@id\":\"https:\\\/\\\/www.berger.ca\\\/es\\\/recursos-para-los-productores\\\/asesor-en-cultivos\\\/#breadcrumb\"},\"inLanguage\":\"es\",\"potentialAction\":[{\"@type\":\"ReadAction\",\"target\":[\"https:\\\/\\\/www.berger.ca\\\/es\\\/recursos-para-los-productores\\\/asesor-en-cultivos\\\/\"]}]},{\"@type\":\"BreadcrumbList\",\"@id\":\"https:\\\/\\\/www.berger.ca\\\/es\\\/recursos-para-los-productores\\\/asesor-en-cultivos\\\/#breadcrumb\",\"itemListElement\":[{\"@type\":\"ListItem\",\"position\":1,\"name\":\"Recursos para los productores\",\"item\":\"https:\\\/\\\/www.berger.ca\\\/es\\\/recursos-para-los-productores\\\/\"},{\"@type\":\"ListItem\",\"position\":2,\"name\":\"Asesor en cultivos\"}]},{\"@type\":\"WebSite\",\"@id\":\"https:\\\/\\\/www.berger.ca\\\/es\\\/#website\",\"url\":\"https:\\\/\\\/www.berger.ca\\\/es\\\/\",\"name\":\"Berger - ES\",\"description\":\"Un site utilisant Sites Berger\",\"publisher\":{\"@id\":\"https:\\\/\\\/www.berger.ca\\\/es\\\/#organization\"},\"potentialAction\":[{\"@type\":\"SearchAction\",\"target\":{\"@type\":\"EntryPoint\",\"urlTemplate\":\"https:\\\/\\\/www.berger.ca\\\/es\\\/?s={search_term_string}\"},\"query-input\":{\"@type\":\"PropertyValueSpecification\",\"valueRequired\":true,\"valueName\":\"search_term_string\"}}],\"inLanguage\":\"es\"},{\"@type\":\"Organization\",\"@id\":\"https:\\\/\\\/www.berger.ca\\\/es\\\/#organization\",\"name\":\"Berger\",\"url\":\"https:\\\/\\\/www.berger.ca\\\/es\\\/\",\"logo\":{\"@type\":\"ImageObject\",\"inLanguage\":\"es\",\"@id\":\"https:\\\/\\\/www.berger.ca\\\/es\\\/#\\\/schema\\\/logo\\\/image\\\/\",\"url\":\"https:\\\/\\\/www.berger.ca\\\/es\\\/wp-content\\\/uploads\\\/sites\\\/3\\\/2016\\\/07\\\/berger_logo_coul_seul.png\",\"contentUrl\":\"https:\\\/\\\/www.berger.ca\\\/es\\\/wp-content\\\/uploads\\\/sites\\\/3\\\/2016\\\/07\\\/berger_logo_coul_seul.png\",\"width\":1257,\"height\":1156,\"caption\":\"Berger\"},\"image\":{\"@id\":\"https:\\\/\\\/www.berger.ca\\\/es\\\/#\\\/schema\\\/logo\\\/image\\\/\"},\"sameAs\":[\"https:\\\/\\\/www.facebook.com\\\/berger.ca\\\/\",\"https:\\\/\\\/x.com\\\/berger_ca\",\"https:\\\/\\\/www.instagram.com\\\/bergermixes\\\/\",\"https:\\\/\\\/www.linkedin.com\\\/company\\\/berger-peat-moss-ltd-\\\/\",\"https:\\\/\\\/www.pinterest.com\\\/bergerpeatmoss\\\/\",\"https:\\\/\\\/www.youtube.com\\\/user\\\/tourbieresberger\"]}]}<\/script>\n<!-- \/ Yoast SEO plugin. -->","yoast_head_json":{"title":"Asesor en cultivos - Berger - ES","description":"Las innovaciones del equipo t\u00e9cnico de Berger en el \u00e1rea de las mezclas para cultivos le permiten obtener resultados incomparables en el sector.","robots":{"index":"index","follow":"follow","max-snippet":"max-snippet:-1","max-image-preview":"max-image-preview:large","max-video-preview":"max-video-preview:-1"},"canonical":"https:\/\/www.berger.ca\/es\/recursos-para-los-productores\/asesor-en-cultivos\/","og_locale":"es_ES","og_type":"article","og_title":"Asesor en cultivos - Berger - ES","og_description":"Las innovaciones del equipo t\u00e9cnico de Berger en el \u00e1rea de las mezclas para cultivos le permiten obtener resultados incomparables en el sector.","og_url":"https:\/\/www.berger.ca\/es\/recursos-para-los-productores\/asesor-en-cultivos\/","og_site_name":"Berger - ES","article_publisher":"https:\/\/www.facebook.com\/berger.ca\/","article_modified_time":"2025-07-22T15:27:20+00:00","twitter_card":"summary_large_image","twitter_site":"@berger_ca","twitter_misc":{"Tiempo de lectura":"1 minuto"},"schema":{"@context":"https:\/\/schema.org","@graph":[{"@type":"WebPage","@id":"https:\/\/www.berger.ca\/es\/recursos-para-los-productores\/asesor-en-cultivos\/","url":"https:\/\/www.berger.ca\/es\/recursos-para-los-productores\/asesor-en-cultivos\/","name":"Asesor en cultivos - Berger - ES","isPartOf":{"@id":"https:\/\/www.berger.ca\/es\/#website"},"datePublished":"2016-12-15T15:42:21+00:00","dateModified":"2025-07-22T15:27:20+00:00","description":"Las innovaciones del equipo t\u00e9cnico de Berger en el \u00e1rea de las mezclas para cultivos le permiten obtener resultados incomparables en el sector.","breadcrumb":{"@id":"https:\/\/www.berger.ca\/es\/recursos-para-los-productores\/asesor-en-cultivos\/#breadcrumb"},"inLanguage":"es","potentialAction":[{"@type":"ReadAction","target":["https:\/\/www.berger.ca\/es\/recursos-para-los-productores\/asesor-en-cultivos\/"]}]},{"@type":"BreadcrumbList","@id":"https:\/\/www.berger.ca\/es\/recursos-para-los-productores\/asesor-en-cultivos\/#breadcrumb","itemListElement":[{"@type":"ListItem","position":1,"name":"Recursos para los productores","item":"https:\/\/www.berger.ca\/es\/recursos-para-los-productores\/"},{"@type":"ListItem","position":2,"name":"Asesor en cultivos"}]},{"@type":"WebSite","@id":"https:\/\/www.berger.ca\/es\/#website","url":"https:\/\/www.berger.ca\/es\/","name":"Berger - ES","description":"Un site utilisant Sites Berger","publisher":{"@id":"https:\/\/www.berger.ca\/es\/#organization"},"potentialAction":[{"@type":"SearchAction","target":{"@type":"EntryPoint","urlTemplate":"https:\/\/www.berger.ca\/es\/?s={search_term_string}"},"query-input":{"@type":"PropertyValueSpecification","valueRequired":true,"valueName":"search_term_string"}}],"inLanguage":"es"},{"@type":"Organization","@id":"https:\/\/www.berger.ca\/es\/#organization","name":"Berger","url":"https:\/\/www.berger.ca\/es\/","logo":{"@type":"ImageObject","inLanguage":"es","@id":"https:\/\/www.berger.ca\/es\/#\/schema\/logo\/image\/","url":"https:\/\/www.berger.ca\/es\/wp-content\/uploads\/sites\/3\/2016\/07\/berger_logo_coul_seul.png","contentUrl":"https:\/\/www.berger.ca\/es\/wp-content\/uploads\/sites\/3\/2016\/07\/berger_logo_coul_seul.png","width":1257,"height":1156,"caption":"Berger"},"image":{"@id":"https:\/\/www.berger.ca\/es\/#\/schema\/logo\/image\/"},"sameAs":["https:\/\/www.facebook.com\/berger.ca\/","https:\/\/x.com\/berger_ca","https:\/\/www.instagram.com\/bergermixes\/","https:\/\/www.linkedin.com\/company\/berger-peat-moss-ltd-\/","https:\/\/www.pinterest.com\/bergerpeatmoss\/","https:\/\/www.youtube.com\/user\/tourbieresberger"]}]}},"_links":{"self":[{"href":"https:\/\/www.berger.ca\/es\/wp-json\/wp\/v2\/pages\/1333","targetHints":{"allow":["GET"]}}],"collection":[{"href":"https:\/\/www.berger.ca\/es\/wp-json\/wp\/v2\/pages"}],"about":[{"href":"https:\/\/www.berger.ca\/es\/wp-json\/wp\/v2\/types\/page"}],"author":[{"embeddable":true,"href":"https:\/\/www.berger.ca\/es\/wp-json\/wp\/v2\/users\/2"}],"replies":[{"embeddable":true,"href":"https:\/\/www.berger.ca\/es\/wp-json\/wp\/v2\/comments?post=1333"}],"version-history":[{"count":23,"href":"https:\/\/www.berger.ca\/es\/wp-json\/wp\/v2\/pages\/1333\/revisions"}],"predecessor-version":[{"id":5952,"href":"https:\/\/www.berger.ca\/es\/wp-json\/wp\/v2\/pages\/1333\/revisions\/5952"}],"up":[{"embeddable":true,"href":"https:\/\/www.berger.ca\/es\/wp-json\/wp\/v2\/pages\/265"}],"wp:attachment":[{"href":"https:\/\/www.berger.ca\/es\/wp-json\/wp\/v2\/media?parent=1333"}],"curies":[{"name":"wp","href":"https:\/\/api.w.org\/{rel}","templated":true}]}}