{"id":1394,"date":"2017-01-10T20:23:04","date_gmt":"2017-01-10T19:23:04","guid":{"rendered":"https:\/\/www.berger.ca\/es\/?page_id=1394"},"modified":"2017-11-06T21:02:01","modified_gmt":"2017-11-06T20:02:01","slug":"desafio-berger","status":"publish","type":"page","link":"https:\/\/www.berger.ca\/es\/desafio-berger\/","title":{"rendered":"Acepte el desaf\u00edo de Berger"},"content":{"rendered":"<h2>Acepte el desaf\u00edo de Berger<\/h2>\n<p style=\"font-weight: 400\">En 2017, hagamos m\u00e1s, pero mejor. Ponga a prueba a su empresa y obtenga <strong>cultivos de la m\u00e1s alta calidad<\/strong>, logre una producci\u00f3n sistem\u00e1ticamente uniforme, y <strong>mejore su calendario de planificaci\u00f3n<\/strong> de cultivos gracias a los <strong>resultados predecibles<\/strong> que ofrecen los productos de Berger.<\/p>\n<ul>\n<li>\u00a1Ponga a prueba su rentabilidad e increm\u00e9ntela a\u00fan m\u00e1s!<\/li>\n<\/ul>\n<p><strong>Berger tiene tanta confianza en el rendimiento de sus productos y la calidad de sus servicios que lo invita a poner a prueba la eficacia de las mezclas para cultivos de Berger al realizar una prueba en su invernadero, en su propio entorno de producci\u00f3n.<\/strong><\/p>\n<p>&nbsp;<\/p>\n<p>&nbsp;<\/p>\n<h3 style=\"text-align: center\"><\/h3>\n<h3 style=\"text-align: center\"><span style=\"color: #496400\">\u00bfPuede su mezcla para cultivos ser a\u00fan m\u00e1s eficaz?<\/span><\/h3>\n<hr \/>\n<h4 style=\"text-align: center\"><span style=\"color: #496400\">Siga estas 3 etapas simples para aceptar el desaf\u00edo de Berger.<\/span><\/h4>\n<p>&nbsp;<\/p>\n<div class=\"wysiwyg-row\"><\/p>\n<p><div class=\"column-4\"><\/p>\n<h2 style=\"font-size: 60px;line-height: 120 px;margin: 0px;color: #88ac2e\">Etapa 1<\/h2>\n<p>Seleccione la mezcla para cultivos que mejor se adapte a su sistema de producci\u00f3n.<\/p>\n<p><a class=\"link\" href=\"https:\/\/www.berger.ca\/es\/productos\/\" target=\"_blank\" rel=\"noopener noreferrer\">Consulte el cat\u00e1logo de Berger<\/a><br \/>\n<\/div><\/p>\n<p><div class=\"column-4\"><\/p>\n<h2 style=\"font-size: 60px;line-height: 120 px;margin: 0px;color: #88ac2e\">Etapa 2<\/h2>\n<p>Comun\u00edquese con su representante de ventas para aprovechar la plena experiencia de Berger, podr\u00eda mejorar tanto sus m\u00e9todos de cultivo como sus resultados de producci\u00f3n.<\/p>\n<p><a class=\"link\" href=\"https:\/\/www.berger.ca\/es\/equipo-de-ventas\/\" target=\"_blank\" rel=\"noopener noreferrer\">Encuentre su representante<\/a><br \/>\n<\/div><\/p>\n<p><div class=\"column-4\"><\/p>\n<h2 style=\"font-size: 60px;line-height: 120 px;margin: 0px;color: #88ac2e\">Etapa 3<\/h2>\n<p>P\u00f3nganos a prueba en su inverdadero al visitar cualquier p\u00e1gina de nuestros productos y al hacer clic en \u00absolicitar una prueba en invernadero\u00bb.<\/p>\n<p><a class=\"link\" href=\"https:\/\/www.berger.ca\/es\/productos\/\" target=\"_blank\" rel=\"noopener noreferrer\">Consulte el cat\u00e1logo de Berger<\/a><br \/>\n<\/div><br \/>\n<\/div>\n<div class=\"wysiwyg-quotes\"><span style=\"color: #ffffff;font-size: 17pt\"><strong>\u00a1Los resultados hablan por s\u00ed mismos \u2013 p\u00f3nganos a prueba!<\/strong><\/span>\u00a0<\/div>\n","protected":false},"excerpt":{"rendered":"<p>Acepte el desaf\u00edo de Berger En 2017, hagamos m\u00e1s, pero mejor. Ponga a prueba a su empresa y obtenga cultivos de la m\u00e1s alta calidad, logre una producci\u00f3n sistem\u00e1ticamente uniforme, y mejore su calendario de planificaci\u00f3n de cultivos gracias a los resultados predecibles que ofrecen los productos de Berger. \u00a1Ponga a prueba su rentabilidad e increm\u00e9ntela a\u00fan m\u00e1s! Berger tiene tanta confianza en el rendimiento de sus productos y la calidad de sus servicios que lo invita a poner a prueba la eficacia de las mezclas para cultivos de Berger al realizar una prueba en su invernadero, en su propio entorno de producci\u00f3n. &nbsp; &nbsp; \u00bfPuede su mezcla para cultivos ser a\u00fan m\u00e1s eficaz? Siga estas 3 etapas simples para aceptar el desaf\u00edo de Berger. &nbsp;<\/p>\n","protected":false},"author":3,"featured_media":0,"parent":0,"menu_order":0,"comment_status":"closed","ping_status":"closed","template":"","meta":{"_acf_changed":false,"footnotes":""},"class_list":["post-1394","page","type-page","status-publish","hentry"],"acf":[],"yoast_head":"<!-- This site is optimized with the Yoast SEO plugin v27.3 - https:\/\/yoast.com\/product\/yoast-seo-wordpress\/ -->\n<title>Acepte el desaf\u00edo de Berger - Berger - ES<\/title>\n<meta name=\"description\" content=\"Ponga a prueba a su empresa y obtenga cultivos de la m\u00e1s alta calidad gracias a los resultados predecibles que ofrecen los productos de Berger.\" \/>\n<meta name=\"robots\" content=\"index, follow, max-snippet:-1, max-image-preview:large, max-video-preview:-1\" \/>\n<link rel=\"canonical\" href=\"https:\/\/www.berger.ca\/es\/desafio-berger\/\" \/>\n<meta property=\"og:locale\" content=\"es_ES\" \/>\n<meta property=\"og:type\" content=\"article\" \/>\n<meta property=\"og:title\" content=\"Acepte el desaf\u00edo de Berger - Berger - ES\" \/>\n<meta property=\"og:description\" content=\"Ponga a prueba a su empresa y obtenga cultivos de la m\u00e1s alta calidad gracias a los resultados predecibles que ofrecen los productos de Berger.\" \/>\n<meta property=\"og:url\" content=\"https:\/\/www.berger.ca\/es\/desafio-berger\/\" \/>\n<meta property=\"og:site_name\" content=\"Berger - ES\" \/>\n<meta property=\"article:publisher\" content=\"https:\/\/www.facebook.com\/berger.ca\/\" \/>\n<meta property=\"article:modified_time\" content=\"2017-11-06T20:02:01+00:00\" \/>\n<meta name=\"twitter:card\" content=\"summary_large_image\" \/>\n<meta name=\"twitter:site\" content=\"@berger_ca\" \/>\n<meta name=\"twitter:label1\" content=\"Tiempo de lectura\" \/>\n\t<meta name=\"twitter:data1\" content=\"1 minuto\" \/>\n<script type=\"application\/ld+json\" class=\"yoast-schema-graph\">{\"@context\":\"https:\\\/\\\/schema.org\",\"@graph\":[{\"@type\":\"WebPage\",\"@id\":\"https:\\\/\\\/www.berger.ca\\\/es\\\/desafio-berger\\\/\",\"url\":\"https:\\\/\\\/www.berger.ca\\\/es\\\/desafio-berger\\\/\",\"name\":\"Acepte el desaf\u00edo de Berger - Berger - ES\",\"isPartOf\":{\"@id\":\"https:\\\/\\\/www.berger.ca\\\/es\\\/#website\"},\"datePublished\":\"2017-01-10T19:23:04+00:00\",\"dateModified\":\"2017-11-06T20:02:01+00:00\",\"description\":\"Ponga a prueba a su empresa y obtenga cultivos de la m\u00e1s alta calidad gracias a los resultados predecibles que ofrecen los productos de Berger.\",\"inLanguage\":\"es\",\"potentialAction\":[{\"@type\":\"ReadAction\",\"target\":[\"https:\\\/\\\/www.berger.ca\\\/es\\\/desafio-berger\\\/\"]}]},{\"@type\":\"WebSite\",\"@id\":\"https:\\\/\\\/www.berger.ca\\\/es\\\/#website\",\"url\":\"https:\\\/\\\/www.berger.ca\\\/es\\\/\",\"name\":\"Berger - ES\",\"description\":\"Un site utilisant Sites Berger\",\"publisher\":{\"@id\":\"https:\\\/\\\/www.berger.ca\\\/es\\\/#organization\"},\"potentialAction\":[{\"@type\":\"SearchAction\",\"target\":{\"@type\":\"EntryPoint\",\"urlTemplate\":\"https:\\\/\\\/www.berger.ca\\\/es\\\/?s={search_term_string}\"},\"query-input\":{\"@type\":\"PropertyValueSpecification\",\"valueRequired\":true,\"valueName\":\"search_term_string\"}}],\"inLanguage\":\"es\"},{\"@type\":\"Organization\",\"@id\":\"https:\\\/\\\/www.berger.ca\\\/es\\\/#organization\",\"name\":\"Berger\",\"url\":\"https:\\\/\\\/www.berger.ca\\\/es\\\/\",\"logo\":{\"@type\":\"ImageObject\",\"inLanguage\":\"es\",\"@id\":\"https:\\\/\\\/www.berger.ca\\\/es\\\/#\\\/schema\\\/logo\\\/image\\\/\",\"url\":\"https:\\\/\\\/www.berger.ca\\\/es\\\/wp-content\\\/uploads\\\/sites\\\/3\\\/2016\\\/07\\\/berger_logo_coul_seul.png\",\"contentUrl\":\"https:\\\/\\\/www.berger.ca\\\/es\\\/wp-content\\\/uploads\\\/sites\\\/3\\\/2016\\\/07\\\/berger_logo_coul_seul.png\",\"width\":1257,\"height\":1156,\"caption\":\"Berger\"},\"image\":{\"@id\":\"https:\\\/\\\/www.berger.ca\\\/es\\\/#\\\/schema\\\/logo\\\/image\\\/\"},\"sameAs\":[\"https:\\\/\\\/www.facebook.com\\\/berger.ca\\\/\",\"https:\\\/\\\/x.com\\\/berger_ca\",\"https:\\\/\\\/www.instagram.com\\\/bergermixes\\\/\",\"https:\\\/\\\/www.linkedin.com\\\/company\\\/berger-peat-moss-ltd-\\\/\",\"https:\\\/\\\/www.pinterest.com\\\/bergerpeatmoss\\\/\",\"https:\\\/\\\/www.youtube.com\\\/user\\\/tourbieresberger\"]}]}<\/script>\n<!-- \/ Yoast SEO plugin. -->","yoast_head_json":{"title":"Acepte el desaf\u00edo de Berger - Berger - ES","description":"Ponga a prueba a su empresa y obtenga cultivos de la m\u00e1s alta calidad gracias a los resultados predecibles que ofrecen los productos de Berger.","robots":{"index":"index","follow":"follow","max-snippet":"max-snippet:-1","max-image-preview":"max-image-preview:large","max-video-preview":"max-video-preview:-1"},"canonical":"https:\/\/www.berger.ca\/es\/desafio-berger\/","og_locale":"es_ES","og_type":"article","og_title":"Acepte el desaf\u00edo de Berger - Berger - ES","og_description":"Ponga a prueba a su empresa y obtenga cultivos de la m\u00e1s alta calidad gracias a los resultados predecibles que ofrecen los productos de Berger.","og_url":"https:\/\/www.berger.ca\/es\/desafio-berger\/","og_site_name":"Berger - ES","article_publisher":"https:\/\/www.facebook.com\/berger.ca\/","article_modified_time":"2017-11-06T20:02:01+00:00","twitter_card":"summary_large_image","twitter_site":"@berger_ca","twitter_misc":{"Tiempo de lectura":"1 minuto"},"schema":{"@context":"https:\/\/schema.org","@graph":[{"@type":"WebPage","@id":"https:\/\/www.berger.ca\/es\/desafio-berger\/","url":"https:\/\/www.berger.ca\/es\/desafio-berger\/","name":"Acepte el desaf\u00edo de Berger - Berger - ES","isPartOf":{"@id":"https:\/\/www.berger.ca\/es\/#website"},"datePublished":"2017-01-10T19:23:04+00:00","dateModified":"2017-11-06T20:02:01+00:00","description":"Ponga a prueba a su empresa y obtenga cultivos de la m\u00e1s alta calidad gracias a los resultados predecibles que ofrecen los productos de Berger.","inLanguage":"es","potentialAction":[{"@type":"ReadAction","target":["https:\/\/www.berger.ca\/es\/desafio-berger\/"]}]},{"@type":"WebSite","@id":"https:\/\/www.berger.ca\/es\/#website","url":"https:\/\/www.berger.ca\/es\/","name":"Berger - ES","description":"Un site utilisant Sites Berger","publisher":{"@id":"https:\/\/www.berger.ca\/es\/#organization"},"potentialAction":[{"@type":"SearchAction","target":{"@type":"EntryPoint","urlTemplate":"https:\/\/www.berger.ca\/es\/?s={search_term_string}"},"query-input":{"@type":"PropertyValueSpecification","valueRequired":true,"valueName":"search_term_string"}}],"inLanguage":"es"},{"@type":"Organization","@id":"https:\/\/www.berger.ca\/es\/#organization","name":"Berger","url":"https:\/\/www.berger.ca\/es\/","logo":{"@type":"ImageObject","inLanguage":"es","@id":"https:\/\/www.berger.ca\/es\/#\/schema\/logo\/image\/","url":"https:\/\/www.berger.ca\/es\/wp-content\/uploads\/sites\/3\/2016\/07\/berger_logo_coul_seul.png","contentUrl":"https:\/\/www.berger.ca\/es\/wp-content\/uploads\/sites\/3\/2016\/07\/berger_logo_coul_seul.png","width":1257,"height":1156,"caption":"Berger"},"image":{"@id":"https:\/\/www.berger.ca\/es\/#\/schema\/logo\/image\/"},"sameAs":["https:\/\/www.facebook.com\/berger.ca\/","https:\/\/x.com\/berger_ca","https:\/\/www.instagram.com\/bergermixes\/","https:\/\/www.linkedin.com\/company\/berger-peat-moss-ltd-\/","https:\/\/www.pinterest.com\/bergerpeatmoss\/","https:\/\/www.youtube.com\/user\/tourbieresberger"]}]}},"_links":{"self":[{"href":"https:\/\/www.berger.ca\/es\/wp-json\/wp\/v2\/pages\/1394","targetHints":{"allow":["GET"]}}],"collection":[{"href":"https:\/\/www.berger.ca\/es\/wp-json\/wp\/v2\/pages"}],"about":[{"href":"https:\/\/www.berger.ca\/es\/wp-json\/wp\/v2\/types\/page"}],"author":[{"embeddable":true,"href":"https:\/\/www.berger.ca\/es\/wp-json\/wp\/v2\/users\/3"}],"replies":[{"embeddable":true,"href":"https:\/\/www.berger.ca\/es\/wp-json\/wp\/v2\/comments?post=1394"}],"version-history":[{"count":4,"href":"https:\/\/www.berger.ca\/es\/wp-json\/wp\/v2\/pages\/1394\/revisions"}],"predecessor-version":[{"id":2246,"href":"https:\/\/www.berger.ca\/es\/wp-json\/wp\/v2\/pages\/1394\/revisions\/2246"}],"wp:attachment":[{"href":"https:\/\/www.berger.ca\/es\/wp-json\/wp\/v2\/media?parent=1394"}],"curies":[{"name":"wp","href":"https:\/\/api.w.org\/{rel}","templated":true}]}}