{"id":1425,"date":"2017-02-14T22:42:41","date_gmt":"2017-02-14T21:42:41","guid":{"rendered":"https:\/\/www.berger.ca\/es\/?page_id=1425"},"modified":"2017-11-06T21:45:59","modified_gmt":"2017-11-06T20:45:59","slug":"webinar-germinacion","status":"publish","type":"page","link":"https:\/\/www.berger.ca\/es\/recursos-para-los-productores\/seminarios-tecnicos-y-eventos\/webinar-germinacion\/","title":{"rendered":"Seminario profesional"},"content":{"rendered":"<div class=\"wysiwyg-row\"><div class=\"column-8\"><\/p>\n<h2>Webinar: M\u00e9todos rentables para aumentar sus m\u00e1rgenes al producir plantas j\u00f3venes<\/h2>\n<p>Las conferencias t\u00e9cnicas de Berger son sesiones educativas dirigidas a los <strong>productores profesionales<\/strong> que quieren mejorar su capacitaci\u00f3n. Presentado por los <strong>expertos de Berger<\/strong>, este seminario tratar\u00e1 de las mejores pr\u00e1cticas de manejo de su mezcla para germinaci\u00f3n. As\u00ed sacar\u00e1 m\u00e1s provecho de su producto. Los expertos de Berger ofrecer\u00e1n<strong> trucos pr\u00e1cticos f\u00e1ciles de integrar<\/strong>, pero tambi\u00e9n herramientas simples para ayudarle a aumentar sus beneficios.<\/p>\n<p>Esta presentaci\u00f3n tiene por objetivo proporcionar orientaciones para <strong>optimizar el manejo de su mezcla para germinaci\u00f3n<\/strong> antes, durante y despu\u00e9s del llenado de sus charolas para que pueda maximizar el desarrollo de las ra\u00edces y la salud global de la planta.<\/p>\n<h3>Presentado por Harold Sagastume<\/h3>\n<p style=\"color: #88ac2e;font-size: 14pt;line-height: 16pt;margin-bottom: 10px\">Maestria en Administracion de Empresas industriales &amp; Ingeniero Agronomo en systemas de Produccion Agricola<\/p>\n<p>Mi nombre es Harold Sagastume soy Ingeniero Agr\u00f3nomo que ha laborado en varias empresas de ventas y una de producci\u00f3n, a lo largo de este tiempo me he caracterizado por ser una persona proactiva que ha realizado sus metas de una manera satisfactoria, eficaz y eficiente. He cumplido con las metas y he desarrollado bien las tareas asignadas.<br \/>\n<\/div><\/p>\n<p><div class=\"column-4\"><\/p>\n<p><a class=\"button\" href=\"http:\/\/infoagro.com\/mexico\/webinar-metodos-rentables-para-aumentar-sus-margenes-al-producir-plantas-jovenes\/\" target=\"_blank\" rel=\"noopener noreferrer\">REG\u00cdSTRESE AHORA AL WEBINAR &gt;&gt;<\/a><\/p>\n<p style=\"color: #88ac2e;font-size: 18pt;line-height: 20pt\"><strong>C\u00faando: 21 de Septiembre 2017<\/strong>\u00a0| 5:00 p.m. Hora del Centro de M\u00e9xico<\/p>\n<p><img loading=\"lazy\" decoding=\"async\" class=\"alignnone wp-image-44 size-medium\" src=\"https:\/\/www.berger.ca\/es\/wp-content\/uploads\/sites\/3\/2016\/04\/SalesTeam_HaroldSagastume-237x300.png\" alt=\"Harold Sagastume\" width=\"237\" height=\"300\" \/><\/p>\n<h4><a class=\"link\" style=\"font-weight: bolder\" href=\"mailto:harolds@berger.ca\">Harold Sagastume<\/a><\/h4>\n<p>Representante de ventas \u2013 Centro Am\u00e9rica<br \/>\n<\/div><br \/>\n<\/div>\n","protected":false},"excerpt":{"rendered":"","protected":false},"author":2,"featured_media":0,"parent":267,"menu_order":0,"comment_status":"closed","ping_status":"closed","template":"","meta":{"_acf_changed":false,"footnotes":""},"class_list":["post-1425","page","type-page","status-publish","hentry"],"acf":[],"yoast_head":"<!-- This site is optimized with the Yoast SEO plugin v27.3 - https:\/\/yoast.com\/product\/yoast-seo-wordpress\/ -->\n<title>Seminario profesional - Berger - ES<\/title>\n<meta name=\"description\" content=\"\u00a1Reg\u00edstrese ahora al webinar: C\u00f3mo ahorrar dinero con su mezcla para germinac\u00edon! | 8 de marzo | 5:00 p.m. por Harold Sagastume\" \/>\n<meta name=\"robots\" content=\"index, follow, max-snippet:-1, max-image-preview:large, max-video-preview:-1\" \/>\n<link rel=\"canonical\" href=\"https:\/\/www.berger.ca\/es\/recursos-para-los-productores\/seminarios-tecnicos-y-eventos\/webinar-germinacion\/\" \/>\n<meta property=\"og:locale\" content=\"es_ES\" \/>\n<meta property=\"og:type\" content=\"article\" \/>\n<meta property=\"og:title\" content=\"Seminario profesional - Berger - ES\" \/>\n<meta property=\"og:description\" content=\"\u00a1Reg\u00edstrese ahora al webinar: C\u00f3mo ahorrar dinero con su mezcla para germinac\u00edon! | 8 de marzo | 5:00 p.m. por Harold Sagastume\" \/>\n<meta property=\"og:url\" content=\"https:\/\/www.berger.ca\/es\/recursos-para-los-productores\/seminarios-tecnicos-y-eventos\/webinar-germinacion\/\" \/>\n<meta property=\"og:site_name\" content=\"Berger - ES\" \/>\n<meta property=\"article:publisher\" content=\"https:\/\/www.facebook.com\/berger.ca\/\" \/>\n<meta property=\"article:modified_time\" content=\"2017-11-06T20:45:59+00:00\" \/>\n<meta property=\"og:image\" content=\"https:\/\/www.berger.ca\/es\/wp-content\/uploads\/sites\/3\/2016\/04\/SalesTeam_HaroldSagastume-237x300.png\" \/>\n<meta name=\"twitter:card\" content=\"summary_large_image\" \/>\n<meta name=\"twitter:site\" content=\"@berger_ca\" \/>\n<meta name=\"twitter:label1\" content=\"Tiempo de lectura\" \/>\n\t<meta name=\"twitter:data1\" content=\"2 minutos\" \/>\n<script type=\"application\/ld+json\" class=\"yoast-schema-graph\">{\"@context\":\"https:\\\/\\\/schema.org\",\"@graph\":[{\"@type\":\"WebPage\",\"@id\":\"https:\\\/\\\/www.berger.ca\\\/es\\\/recursos-para-los-productores\\\/seminarios-tecnicos-y-eventos\\\/webinar-germinacion\\\/\",\"url\":\"https:\\\/\\\/www.berger.ca\\\/es\\\/recursos-para-los-productores\\\/seminarios-tecnicos-y-eventos\\\/webinar-germinacion\\\/\",\"name\":\"Seminario profesional - Berger - ES\",\"isPartOf\":{\"@id\":\"https:\\\/\\\/www.berger.ca\\\/es\\\/#website\"},\"primaryImageOfPage\":{\"@id\":\"https:\\\/\\\/www.berger.ca\\\/es\\\/recursos-para-los-productores\\\/seminarios-tecnicos-y-eventos\\\/webinar-germinacion\\\/#primaryimage\"},\"image\":{\"@id\":\"https:\\\/\\\/www.berger.ca\\\/es\\\/recursos-para-los-productores\\\/seminarios-tecnicos-y-eventos\\\/webinar-germinacion\\\/#primaryimage\"},\"thumbnailUrl\":\"https:\\\/\\\/www.berger.ca\\\/es\\\/wp-content\\\/uploads\\\/sites\\\/3\\\/2016\\\/04\\\/SalesTeam_HaroldSagastume-237x300.png\",\"datePublished\":\"2017-02-14T21:42:41+00:00\",\"dateModified\":\"2017-11-06T20:45:59+00:00\",\"description\":\"\u00a1Reg\u00edstrese ahora al webinar: C\u00f3mo ahorrar dinero con su mezcla para germinac\u00edon! | 8 de marzo | 5:00 p.m. por Harold Sagastume\",\"breadcrumb\":{\"@id\":\"https:\\\/\\\/www.berger.ca\\\/es\\\/recursos-para-los-productores\\\/seminarios-tecnicos-y-eventos\\\/webinar-germinacion\\\/#breadcrumb\"},\"inLanguage\":\"es\",\"potentialAction\":[{\"@type\":\"ReadAction\",\"target\":[\"https:\\\/\\\/www.berger.ca\\\/es\\\/recursos-para-los-productores\\\/seminarios-tecnicos-y-eventos\\\/webinar-germinacion\\\/\"]}]},{\"@type\":\"ImageObject\",\"inLanguage\":\"es\",\"@id\":\"https:\\\/\\\/www.berger.ca\\\/es\\\/recursos-para-los-productores\\\/seminarios-tecnicos-y-eventos\\\/webinar-germinacion\\\/#primaryimage\",\"url\":\"https:\\\/\\\/www.berger.ca\\\/es\\\/wp-content\\\/uploads\\\/sites\\\/3\\\/2016\\\/04\\\/SalesTeam_HaroldSagastume-237x300.png\",\"contentUrl\":\"https:\\\/\\\/www.berger.ca\\\/es\\\/wp-content\\\/uploads\\\/sites\\\/3\\\/2016\\\/04\\\/SalesTeam_HaroldSagastume-237x300.png\"},{\"@type\":\"BreadcrumbList\",\"@id\":\"https:\\\/\\\/www.berger.ca\\\/es\\\/recursos-para-los-productores\\\/seminarios-tecnicos-y-eventos\\\/webinar-germinacion\\\/#breadcrumb\",\"itemListElement\":[{\"@type\":\"ListItem\",\"position\":1,\"name\":\"Recursos para los productores\",\"item\":\"https:\\\/\\\/www.berger.ca\\\/es\\\/recursos-para-los-productores\\\/\"},{\"@type\":\"ListItem\",\"position\":2,\"name\":\"Seminarios t\u00e9cnicos y eventos\",\"item\":\"https:\\\/\\\/www.berger.ca\\\/es\\\/recursos-para-los-productores\\\/seminarios-tecnicos-y-eventos\\\/\"},{\"@type\":\"ListItem\",\"position\":3,\"name\":\"Seminario profesional\"}]},{\"@type\":\"WebSite\",\"@id\":\"https:\\\/\\\/www.berger.ca\\\/es\\\/#website\",\"url\":\"https:\\\/\\\/www.berger.ca\\\/es\\\/\",\"name\":\"Berger - ES\",\"description\":\"Un site utilisant Sites Berger\",\"publisher\":{\"@id\":\"https:\\\/\\\/www.berger.ca\\\/es\\\/#organization\"},\"potentialAction\":[{\"@type\":\"SearchAction\",\"target\":{\"@type\":\"EntryPoint\",\"urlTemplate\":\"https:\\\/\\\/www.berger.ca\\\/es\\\/?s={search_term_string}\"},\"query-input\":{\"@type\":\"PropertyValueSpecification\",\"valueRequired\":true,\"valueName\":\"search_term_string\"}}],\"inLanguage\":\"es\"},{\"@type\":\"Organization\",\"@id\":\"https:\\\/\\\/www.berger.ca\\\/es\\\/#organization\",\"name\":\"Berger\",\"url\":\"https:\\\/\\\/www.berger.ca\\\/es\\\/\",\"logo\":{\"@type\":\"ImageObject\",\"inLanguage\":\"es\",\"@id\":\"https:\\\/\\\/www.berger.ca\\\/es\\\/#\\\/schema\\\/logo\\\/image\\\/\",\"url\":\"https:\\\/\\\/www.berger.ca\\\/es\\\/wp-content\\\/uploads\\\/sites\\\/3\\\/2016\\\/07\\\/berger_logo_coul_seul.png\",\"contentUrl\":\"https:\\\/\\\/www.berger.ca\\\/es\\\/wp-content\\\/uploads\\\/sites\\\/3\\\/2016\\\/07\\\/berger_logo_coul_seul.png\",\"width\":1257,\"height\":1156,\"caption\":\"Berger\"},\"image\":{\"@id\":\"https:\\\/\\\/www.berger.ca\\\/es\\\/#\\\/schema\\\/logo\\\/image\\\/\"},\"sameAs\":[\"https:\\\/\\\/www.facebook.com\\\/berger.ca\\\/\",\"https:\\\/\\\/x.com\\\/berger_ca\",\"https:\\\/\\\/www.instagram.com\\\/bergermixes\\\/\",\"https:\\\/\\\/www.linkedin.com\\\/company\\\/berger-peat-moss-ltd-\\\/\",\"https:\\\/\\\/www.pinterest.com\\\/bergerpeatmoss\\\/\",\"https:\\\/\\\/www.youtube.com\\\/user\\\/tourbieresberger\"]}]}<\/script>\n<!-- \/ Yoast SEO plugin. -->","yoast_head_json":{"title":"Seminario profesional - Berger - ES","description":"\u00a1Reg\u00edstrese ahora al webinar: C\u00f3mo ahorrar dinero con su mezcla para germinac\u00edon! | 8 de marzo | 5:00 p.m. por Harold Sagastume","robots":{"index":"index","follow":"follow","max-snippet":"max-snippet:-1","max-image-preview":"max-image-preview:large","max-video-preview":"max-video-preview:-1"},"canonical":"https:\/\/www.berger.ca\/es\/recursos-para-los-productores\/seminarios-tecnicos-y-eventos\/webinar-germinacion\/","og_locale":"es_ES","og_type":"article","og_title":"Seminario profesional - Berger - ES","og_description":"\u00a1Reg\u00edstrese ahora al webinar: C\u00f3mo ahorrar dinero con su mezcla para germinac\u00edon! | 8 de marzo | 5:00 p.m. por Harold Sagastume","og_url":"https:\/\/www.berger.ca\/es\/recursos-para-los-productores\/seminarios-tecnicos-y-eventos\/webinar-germinacion\/","og_site_name":"Berger - ES","article_publisher":"https:\/\/www.facebook.com\/berger.ca\/","article_modified_time":"2017-11-06T20:45:59+00:00","og_image":[{"url":"https:\/\/www.berger.ca\/es\/wp-content\/uploads\/sites\/3\/2016\/04\/SalesTeam_HaroldSagastume-237x300.png","type":"","width":"","height":""}],"twitter_card":"summary_large_image","twitter_site":"@berger_ca","twitter_misc":{"Tiempo de lectura":"2 minutos"},"schema":{"@context":"https:\/\/schema.org","@graph":[{"@type":"WebPage","@id":"https:\/\/www.berger.ca\/es\/recursos-para-los-productores\/seminarios-tecnicos-y-eventos\/webinar-germinacion\/","url":"https:\/\/www.berger.ca\/es\/recursos-para-los-productores\/seminarios-tecnicos-y-eventos\/webinar-germinacion\/","name":"Seminario profesional - Berger - ES","isPartOf":{"@id":"https:\/\/www.berger.ca\/es\/#website"},"primaryImageOfPage":{"@id":"https:\/\/www.berger.ca\/es\/recursos-para-los-productores\/seminarios-tecnicos-y-eventos\/webinar-germinacion\/#primaryimage"},"image":{"@id":"https:\/\/www.berger.ca\/es\/recursos-para-los-productores\/seminarios-tecnicos-y-eventos\/webinar-germinacion\/#primaryimage"},"thumbnailUrl":"https:\/\/www.berger.ca\/es\/wp-content\/uploads\/sites\/3\/2016\/04\/SalesTeam_HaroldSagastume-237x300.png","datePublished":"2017-02-14T21:42:41+00:00","dateModified":"2017-11-06T20:45:59+00:00","description":"\u00a1Reg\u00edstrese ahora al webinar: C\u00f3mo ahorrar dinero con su mezcla para germinac\u00edon! | 8 de marzo | 5:00 p.m. por Harold Sagastume","breadcrumb":{"@id":"https:\/\/www.berger.ca\/es\/recursos-para-los-productores\/seminarios-tecnicos-y-eventos\/webinar-germinacion\/#breadcrumb"},"inLanguage":"es","potentialAction":[{"@type":"ReadAction","target":["https:\/\/www.berger.ca\/es\/recursos-para-los-productores\/seminarios-tecnicos-y-eventos\/webinar-germinacion\/"]}]},{"@type":"ImageObject","inLanguage":"es","@id":"https:\/\/www.berger.ca\/es\/recursos-para-los-productores\/seminarios-tecnicos-y-eventos\/webinar-germinacion\/#primaryimage","url":"https:\/\/www.berger.ca\/es\/wp-content\/uploads\/sites\/3\/2016\/04\/SalesTeam_HaroldSagastume-237x300.png","contentUrl":"https:\/\/www.berger.ca\/es\/wp-content\/uploads\/sites\/3\/2016\/04\/SalesTeam_HaroldSagastume-237x300.png"},{"@type":"BreadcrumbList","@id":"https:\/\/www.berger.ca\/es\/recursos-para-los-productores\/seminarios-tecnicos-y-eventos\/webinar-germinacion\/#breadcrumb","itemListElement":[{"@type":"ListItem","position":1,"name":"Recursos para los productores","item":"https:\/\/www.berger.ca\/es\/recursos-para-los-productores\/"},{"@type":"ListItem","position":2,"name":"Seminarios t\u00e9cnicos y eventos","item":"https:\/\/www.berger.ca\/es\/recursos-para-los-productores\/seminarios-tecnicos-y-eventos\/"},{"@type":"ListItem","position":3,"name":"Seminario profesional"}]},{"@type":"WebSite","@id":"https:\/\/www.berger.ca\/es\/#website","url":"https:\/\/www.berger.ca\/es\/","name":"Berger - ES","description":"Un site utilisant Sites Berger","publisher":{"@id":"https:\/\/www.berger.ca\/es\/#organization"},"potentialAction":[{"@type":"SearchAction","target":{"@type":"EntryPoint","urlTemplate":"https:\/\/www.berger.ca\/es\/?s={search_term_string}"},"query-input":{"@type":"PropertyValueSpecification","valueRequired":true,"valueName":"search_term_string"}}],"inLanguage":"es"},{"@type":"Organization","@id":"https:\/\/www.berger.ca\/es\/#organization","name":"Berger","url":"https:\/\/www.berger.ca\/es\/","logo":{"@type":"ImageObject","inLanguage":"es","@id":"https:\/\/www.berger.ca\/es\/#\/schema\/logo\/image\/","url":"https:\/\/www.berger.ca\/es\/wp-content\/uploads\/sites\/3\/2016\/07\/berger_logo_coul_seul.png","contentUrl":"https:\/\/www.berger.ca\/es\/wp-content\/uploads\/sites\/3\/2016\/07\/berger_logo_coul_seul.png","width":1257,"height":1156,"caption":"Berger"},"image":{"@id":"https:\/\/www.berger.ca\/es\/#\/schema\/logo\/image\/"},"sameAs":["https:\/\/www.facebook.com\/berger.ca\/","https:\/\/x.com\/berger_ca","https:\/\/www.instagram.com\/bergermixes\/","https:\/\/www.linkedin.com\/company\/berger-peat-moss-ltd-\/","https:\/\/www.pinterest.com\/bergerpeatmoss\/","https:\/\/www.youtube.com\/user\/tourbieresberger"]}]}},"_links":{"self":[{"href":"https:\/\/www.berger.ca\/es\/wp-json\/wp\/v2\/pages\/1425","targetHints":{"allow":["GET"]}}],"collection":[{"href":"https:\/\/www.berger.ca\/es\/wp-json\/wp\/v2\/pages"}],"about":[{"href":"https:\/\/www.berger.ca\/es\/wp-json\/wp\/v2\/types\/page"}],"author":[{"embeddable":true,"href":"https:\/\/www.berger.ca\/es\/wp-json\/wp\/v2\/users\/2"}],"replies":[{"embeddable":true,"href":"https:\/\/www.berger.ca\/es\/wp-json\/wp\/v2\/comments?post=1425"}],"version-history":[{"count":57,"href":"https:\/\/www.berger.ca\/es\/wp-json\/wp\/v2\/pages\/1425\/revisions"}],"predecessor-version":[{"id":2265,"href":"https:\/\/www.berger.ca\/es\/wp-json\/wp\/v2\/pages\/1425\/revisions\/2265"}],"up":[{"embeddable":true,"href":"https:\/\/www.berger.ca\/es\/wp-json\/wp\/v2\/pages\/267"}],"wp:attachment":[{"href":"https:\/\/www.berger.ca\/es\/wp-json\/wp\/v2\/media?parent=1425"}],"curies":[{"name":"wp","href":"https:\/\/api.w.org\/{rel}","templated":true}]}}