{"id":252,"date":"2016-05-10T14:55:07","date_gmt":"2016-05-10T13:55:07","guid":{"rendered":"https:\/\/www.berger.ca\/es\/?page_id=252"},"modified":"2024-12-11T11:01:21","modified_gmt":"2024-12-11T16:01:21","slug":"inicio","status":"publish","type":"page","link":"https:\/\/www.berger.ca\/es\/","title":{"rendered":"Inicio"},"content":{"rendered":"","protected":false},"excerpt":{"rendered":"","protected":false},"author":2,"featured_media":0,"parent":0,"menu_order":0,"comment_status":"closed","ping_status":"closed","template":"","meta":{"_acf_changed":false,"footnotes":""},"class_list":["post-252","page","type-page","status-publish","hentry"],"acf":[],"yoast_head":"<!-- This site is optimized with the Yoast SEO plugin v27.4 - https:\/\/yoast.com\/product\/yoast-seo-wordpress\/ -->\n<title>Berger | Mezclas para cultivos de primera calidad<\/title>\n<meta name=\"description\" content=\"Berger es un productor de mezclas para cultivos totalmente diferente. Tenemos un enfoque m\u00e1s inteligente y estrat\u00e9gico de la horticultura.\" \/>\n<meta name=\"robots\" content=\"index, follow, max-snippet:-1, max-image-preview:large, max-video-preview:-1\" \/>\n<link rel=\"canonical\" href=\"https:\/\/www.berger.ca\/es\/\" \/>\n<meta property=\"og:locale\" content=\"es_ES\" \/>\n<meta property=\"og:type\" content=\"article\" \/>\n<meta property=\"og:title\" content=\"Bienvenido a Berger!\" \/>\n<meta property=\"og:description\" content=\"Berger es un l\u00edder mundial en la producci\u00f3n de mezclas para cultivos de primera calidad. Por m\u00e1s de 50 a\u00f1os, el equipo de especialistas de Berger fomenta un enfoque centrado en las necesidades espec\u00edficas de sus clientes. Para los productores profesionales, eso significa un suministro confiable, un crecimiento consistente, resultados previsibles, y m\u00e1s a\u00fan, un soporte t\u00e9cnico digno de confianza\" \/>\n<meta property=\"og:url\" content=\"https:\/\/www.berger.ca\/es\/\" \/>\n<meta property=\"og:site_name\" content=\"Berger - ES\" \/>\n<meta property=\"article:publisher\" content=\"https:\/\/www.facebook.com\/berger.ca\/\" \/>\n<meta property=\"article:modified_time\" content=\"2024-12-11T16:01:21+00:00\" \/>\n<meta name=\"twitter:card\" content=\"summary_large_image\" \/>\n<meta name=\"twitter:title\" content=\"Bienvenido a Berger!\" \/>\n<meta name=\"twitter:description\" content=\"Berger es un l\u00edder mundial en la producci\u00f3n de mezclas para cultivos de primera calidad. Por m\u00e1s de 50 a\u00f1os, el equipo de especialistas de Berger fomenta un enfoque centrado en las necesidades espec\u00edficas de sus clientes. Para los productores profesionales, eso significa un suministro confiable, un crecimiento consistente, resultados previsibles, y m\u00e1s a\u00fan, un soporte t\u00e9cnico digno de confianza\" \/>\n<meta name=\"twitter:site\" content=\"@berger_ca\" \/>\n<script type=\"application\/ld+json\" class=\"yoast-schema-graph\">{\"@context\":\"https:\\\/\\\/schema.org\",\"@graph\":[{\"@type\":\"WebPage\",\"@id\":\"https:\\\/\\\/www.berger.ca\\\/es\\\/\",\"url\":\"https:\\\/\\\/www.berger.ca\\\/es\\\/\",\"name\":\"Berger | Mezclas para cultivos de primera calidad\",\"isPartOf\":{\"@id\":\"https:\\\/\\\/www.berger.ca\\\/es\\\/#website\"},\"datePublished\":\"2016-05-10T13:55:07+00:00\",\"dateModified\":\"2024-12-11T16:01:21+00:00\",\"description\":\"Berger es un productor de mezclas para cultivos totalmente diferente. Tenemos un enfoque m\u00e1s inteligente y estrat\u00e9gico de la horticultura.\",\"inLanguage\":\"es\",\"potentialAction\":[{\"@type\":\"ReadAction\",\"target\":[\"https:\\\/\\\/www.berger.ca\\\/es\\\/\"]}]},{\"@type\":\"WebSite\",\"@id\":\"https:\\\/\\\/www.berger.ca\\\/es\\\/#website\",\"url\":\"https:\\\/\\\/www.berger.ca\\\/es\\\/\",\"name\":\"Berger - ES\",\"description\":\"Un site utilisant Sites Berger\",\"publisher\":{\"@id\":\"https:\\\/\\\/www.berger.ca\\\/es\\\/#organization\"},\"potentialAction\":[{\"@type\":\"SearchAction\",\"target\":{\"@type\":\"EntryPoint\",\"urlTemplate\":\"https:\\\/\\\/www.berger.ca\\\/es\\\/?s={search_term_string}\"},\"query-input\":{\"@type\":\"PropertyValueSpecification\",\"valueRequired\":true,\"valueName\":\"search_term_string\"}}],\"inLanguage\":\"es\"},{\"@type\":\"Organization\",\"@id\":\"https:\\\/\\\/www.berger.ca\\\/es\\\/#organization\",\"name\":\"Berger\",\"url\":\"https:\\\/\\\/www.berger.ca\\\/es\\\/\",\"logo\":{\"@type\":\"ImageObject\",\"inLanguage\":\"es\",\"@id\":\"https:\\\/\\\/www.berger.ca\\\/es\\\/#\\\/schema\\\/logo\\\/image\\\/\",\"url\":\"https:\\\/\\\/www.berger.ca\\\/es\\\/wp-content\\\/uploads\\\/sites\\\/3\\\/2016\\\/07\\\/berger_logo_coul_seul.png\",\"contentUrl\":\"https:\\\/\\\/www.berger.ca\\\/es\\\/wp-content\\\/uploads\\\/sites\\\/3\\\/2016\\\/07\\\/berger_logo_coul_seul.png\",\"width\":1257,\"height\":1156,\"caption\":\"Berger\"},\"image\":{\"@id\":\"https:\\\/\\\/www.berger.ca\\\/es\\\/#\\\/schema\\\/logo\\\/image\\\/\"},\"sameAs\":[\"https:\\\/\\\/www.facebook.com\\\/berger.ca\\\/\",\"https:\\\/\\\/x.com\\\/berger_ca\",\"https:\\\/\\\/www.instagram.com\\\/bergermixes\\\/\",\"https:\\\/\\\/www.linkedin.com\\\/company\\\/berger-peat-moss-ltd-\\\/\",\"https:\\\/\\\/www.pinterest.com\\\/bergerpeatmoss\\\/\",\"https:\\\/\\\/www.youtube.com\\\/user\\\/tourbieresberger\"]}]}<\/script>\n<!-- \/ Yoast SEO plugin. -->","yoast_head_json":{"title":"Berger | Mezclas para cultivos de primera calidad","description":"Berger es un productor de mezclas para cultivos totalmente diferente. Tenemos un enfoque m\u00e1s inteligente y estrat\u00e9gico de la horticultura.","robots":{"index":"index","follow":"follow","max-snippet":"max-snippet:-1","max-image-preview":"max-image-preview:large","max-video-preview":"max-video-preview:-1"},"canonical":"https:\/\/www.berger.ca\/es\/","og_locale":"es_ES","og_type":"article","og_title":"Bienvenido a Berger!","og_description":"Berger es un l\u00edder mundial en la producci\u00f3n de mezclas para cultivos de primera calidad. Por m\u00e1s de 50 a\u00f1os, el equipo de especialistas de Berger fomenta un enfoque centrado en las necesidades espec\u00edficas de sus clientes. Para los productores profesionales, eso significa un suministro confiable, un crecimiento consistente, resultados previsibles, y m\u00e1s a\u00fan, un soporte t\u00e9cnico digno de confianza","og_url":"https:\/\/www.berger.ca\/es\/","og_site_name":"Berger - ES","article_publisher":"https:\/\/www.facebook.com\/berger.ca\/","article_modified_time":"2024-12-11T16:01:21+00:00","twitter_card":"summary_large_image","twitter_title":"Bienvenido a Berger!","twitter_description":"Berger es un l\u00edder mundial en la producci\u00f3n de mezclas para cultivos de primera calidad. Por m\u00e1s de 50 a\u00f1os, el equipo de especialistas de Berger fomenta un enfoque centrado en las necesidades espec\u00edficas de sus clientes. Para los productores profesionales, eso significa un suministro confiable, un crecimiento consistente, resultados previsibles, y m\u00e1s a\u00fan, un soporte t\u00e9cnico digno de confianza","twitter_site":"@berger_ca","schema":{"@context":"https:\/\/schema.org","@graph":[{"@type":"WebPage","@id":"https:\/\/www.berger.ca\/es\/","url":"https:\/\/www.berger.ca\/es\/","name":"Berger | Mezclas para cultivos de primera calidad","isPartOf":{"@id":"https:\/\/www.berger.ca\/es\/#website"},"datePublished":"2016-05-10T13:55:07+00:00","dateModified":"2024-12-11T16:01:21+00:00","description":"Berger es un productor de mezclas para cultivos totalmente diferente. Tenemos un enfoque m\u00e1s inteligente y estrat\u00e9gico de la horticultura.","inLanguage":"es","potentialAction":[{"@type":"ReadAction","target":["https:\/\/www.berger.ca\/es\/"]}]},{"@type":"WebSite","@id":"https:\/\/www.berger.ca\/es\/#website","url":"https:\/\/www.berger.ca\/es\/","name":"Berger - ES","description":"Un site utilisant Sites Berger","publisher":{"@id":"https:\/\/www.berger.ca\/es\/#organization"},"potentialAction":[{"@type":"SearchAction","target":{"@type":"EntryPoint","urlTemplate":"https:\/\/www.berger.ca\/es\/?s={search_term_string}"},"query-input":{"@type":"PropertyValueSpecification","valueRequired":true,"valueName":"search_term_string"}}],"inLanguage":"es"},{"@type":"Organization","@id":"https:\/\/www.berger.ca\/es\/#organization","name":"Berger","url":"https:\/\/www.berger.ca\/es\/","logo":{"@type":"ImageObject","inLanguage":"es","@id":"https:\/\/www.berger.ca\/es\/#\/schema\/logo\/image\/","url":"https:\/\/www.berger.ca\/es\/wp-content\/uploads\/sites\/3\/2016\/07\/berger_logo_coul_seul.png","contentUrl":"https:\/\/www.berger.ca\/es\/wp-content\/uploads\/sites\/3\/2016\/07\/berger_logo_coul_seul.png","width":1257,"height":1156,"caption":"Berger"},"image":{"@id":"https:\/\/www.berger.ca\/es\/#\/schema\/logo\/image\/"},"sameAs":["https:\/\/www.facebook.com\/berger.ca\/","https:\/\/x.com\/berger_ca","https:\/\/www.instagram.com\/bergermixes\/","https:\/\/www.linkedin.com\/company\/berger-peat-moss-ltd-\/","https:\/\/www.pinterest.com\/bergerpeatmoss\/","https:\/\/www.youtube.com\/user\/tourbieresberger"]}]}},"_links":{"self":[{"href":"https:\/\/www.berger.ca\/es\/wp-json\/wp\/v2\/pages\/252","targetHints":{"allow":["GET"]}}],"collection":[{"href":"https:\/\/www.berger.ca\/es\/wp-json\/wp\/v2\/pages"}],"about":[{"href":"https:\/\/www.berger.ca\/es\/wp-json\/wp\/v2\/types\/page"}],"author":[{"embeddable":true,"href":"https:\/\/www.berger.ca\/es\/wp-json\/wp\/v2\/users\/2"}],"replies":[{"embeddable":true,"href":"https:\/\/www.berger.ca\/es\/wp-json\/wp\/v2\/comments?post=252"}],"version-history":[{"count":90,"href":"https:\/\/www.berger.ca\/es\/wp-json\/wp\/v2\/pages\/252\/revisions"}],"predecessor-version":[{"id":5686,"href":"https:\/\/www.berger.ca\/es\/wp-json\/wp\/v2\/pages\/252\/revisions\/5686"}],"wp:attachment":[{"href":"https:\/\/www.berger.ca\/es\/wp-json\/wp\/v2\/media?parent=252"}],"curies":[{"name":"wp","href":"https:\/\/api.w.org\/{rel}","templated":true}]}}