{"id":257,"date":"2016-05-10T15:00:10","date_gmt":"2016-05-10T14:00:10","guid":{"rendered":"https:\/\/www.berger.ca\/es\/?page_id=257"},"modified":"2024-12-03T13:22:27","modified_gmt":"2024-12-03T18:22:27","slug":"equipos","status":"publish","type":"page","link":"https:\/\/www.berger.ca\/es\/servicios\/equipos\/","title":{"rendered":"Equipos y entregas"},"content":{"rendered":"<h2>Berger: un servicio de equipo de \u00faltima tecnolog\u00eda<\/h2>\n<div class=\"wysiwyg-row\"><br \/>\n<div class=\"column-4\"><br \/>\n<img loading=\"lazy\" decoding=\"async\" class=\"alignnone wp-image-879 size-full\" src=\"https:\/\/www.berger.ca\/es\/wp-content\/uploads\/sites\/3\/2016\/07\/berger_equpmentsservices.jpg\" alt=\"Berger: un servicio de equipo de \u00faltima tecnolog\u00eda\" width=\"400\" height=\"246\" srcset=\"https:\/\/www.berger.ca\/es\/wp-content\/uploads\/sites\/3\/2016\/07\/berger_equpmentsservices.jpg 400w, https:\/\/www.berger.ca\/es\/wp-content\/uploads\/sites\/3\/2016\/07\/berger_equpmentsservices-300x185.jpg 300w\" sizes=\"auto, (max-width: 400px) 100vw, 400px\" \/><br \/>\n<\/div><\/p>\n<p><div class=\"column-8\"><\/p>\n<p>Nuestros expertos en equipos le proponen servicios de asesor\u00eda destinados a<strong> optimizar su m\u00e9todo de trabajo<\/strong>, para aprovechar al m\u00e1ximo los beneficios de nuestros productos. Ya sea que usted desee <strong>mejorar la utilizaci\u00f3n de nuestro rascacielos<\/strong> u obtener un <strong>mejor rendimiento<\/strong>, ser\u00e1 un placer para nosotros ayudarle en sus operaciones.<\/p>\n<p>Solicite asesor\u00eda a su representante de ventas Berger.<\/p>\n<p><a class=\"link\" href=\"https:\/\/www.berger.ca\/es\/embalaje\/\">Ent\u00e9rese de las ventajas de nuestros embalajes<\/a><\/p>\n<p><\/div><br \/>\n<\/div>\n<h2>Berger: un\u00a0servicio de entrega de primera clase<\/h2>\n<div class=\"wysiwyg-row\"><br \/>\n<div class=\"column-4\"><br \/>\n<img loading=\"lazy\" decoding=\"async\" class=\"alignnone wp-image-880 size-full\" src=\"https:\/\/www.berger.ca\/es\/wp-content\/uploads\/sites\/3\/2016\/07\/berger_logistiqueservices.jpg\" alt=\"Berger: un\u00a0servicio de entrega de primera clase\" width=\"400\" height=\"246\" srcset=\"https:\/\/www.berger.ca\/es\/wp-content\/uploads\/sites\/3\/2016\/07\/berger_logistiqueservices.jpg 400w, https:\/\/www.berger.ca\/es\/wp-content\/uploads\/sites\/3\/2016\/07\/berger_logistiqueservices-300x185.jpg 300w\" sizes=\"auto, (max-width: 400px) 100vw, 400px\" \/><br \/>\n<\/div><\/p>\n<p><div class=\"column-8\"><\/p>\n<p>Los <strong>productores profesionales<\/strong> de todo el mundo saben que pueden contar con Berger, porque siempre env\u00eda el producto correcto, en las cantidades correctas, en el tiempo convenido. Estamos comprometidos a satisfacer los compromisos contractuales con todos nuestros clientes. Al <strong>gestionar responsablemente<\/strong> nuestros recursos y nuestro inventario\u2014y al mantener una <strong>excelente relaci\u00f3n con las empresas de transporte<\/strong>\u2014nos aseguramos de que usted reciba los pedidos cuando los necesite.<\/p>\n<p>Nuestros representantes de servicio a la clientela est\u00e1n siempre disponibles para verificar el estatus de su pedido durante la producci\u00f3n y hacer el seguimiento de los env\u00edos. Desde el comienzo hasta el final, el equipo de Berger est\u00e1 all\u00ed para orientarlo y mantenerlo informado.<br \/>\nNo dude en comunicarse con nosotros para mayor informaci\u00f3n.<\/p>\n<p><\/div><br \/>\n<\/div>\n<h2>La satisfacci\u00f3n del cliente<\/h2>\n<p>Como l\u00edder mundial en la <strong>producci\u00f3n de mezclas para cultivos de alta calidad<\/strong>, la misi\u00f3n m\u00e1s importante de Berger es construir una alianza s\u00f3lida entre nuestro negocio y el suyo. Nuestro equipo est\u00e1 dedicado a ayudar a <strong>mejorar sus m\u00e9todos de producci\u00f3n<\/strong>, desde el comienzo hasta el final. Estaremos a su lado en todo momento para brindarle los detalles acerca de nuestros productos y asegurar que obtenga las <strong>mezclas de crecimiento adecuadas<\/strong> cuando las necesite. Estamos comprometidos a lograr su entera satisfacci\u00f3n, por lo que nos aseguramos de que tenga acceso a toda la experiencia que viene con cada bolsa de mezcla para cultivos.<\/p>\n<p><strong>Viva la experiencia Berger<br \/>\n<\/strong>1 888 771-4462 | Mex\u00edco: 01 800 248 5475 or <a href=\"mailto:customerservice@berger.ca\">customerservice@berger.ca<\/a><\/p>\n<div class=\"wysiwyg-row\"><\/p>\n<p><div class=\"column-2\"><\/p>\n<h4><a class=\"link\" style=\"font-weight: bolder\" href=\"mailto:mfranceo@berger.ca\">Marie-France Ouellet<\/a><\/h4>\n<p>Supervisor de satisfacci\u00f3n de la clientela<\/p>\n<p><\/div><br \/>\n<div class=\"column-2\"><\/p>\n<h4><a class=\"link\" style=\"font-weight: bolder\" href=\"mailto:jonathans@berger.ca\">Jonathan St-Pierre<\/a><\/h4>\n<p>Coordinador de satisfacci\u00f3n de la clientela<br \/>\n<\/div><\/p>\n<p><div class=\"column-2\"><\/p>\n<h4><a class=\"link\" style=\"font-weight: bolder\" href=\"mailto:adriang@berger.ca\">Adrian Glanvill<\/a><\/h4>\n<p>Coordinador de fidelizaci\u00f3n de clientes<br \/>\n<\/div><\/p>\n<p><div class=\"column-2\"><\/p>\n<h4><a class=\"link\" style=\"font-weight: bolder\" href=\"mailto:dianab@berger.ca\">Diana Barrera<\/a><\/h4>\n<p>Representante de servicio al cliente<br \/>\n<\/div><\/p>\n<p><div class=\"column-2\"><\/p>\n<h4><a class=\"link\" style=\"font-weight: bolder\" href=\"mailto:mbeaulieu@berger.ca\">Manon Beaulieu<\/a><\/h4>\n<p>Representante de servicio al cliente<br \/>\n<\/div><\/p>\n<p><div class=\"column-2\"><\/p>\n<h4><a class=\"link\" style=\"font-weight: bolder\" href=\"mailto:bog@berger.ca\">Bo Genijn<\/a><\/h4>\n<p>Representante de servicio al cliente<br \/>\n<\/div><\/p>\n<p><\/div>\n<div class=\"wysiwyg-row\"><\/p>\n<p><div class=\"column-2\"><\/p>\n<h4><a class=\"link\" style=\"font-weight: bolder\" href=\"mailto:nathaliea@berger.ca\">Nathalie Adam<\/a><\/h4>\n<p>Representante de servicio al cliente<br \/>\n<\/div><\/p>\n<p><div class=\"column-2\"><\/p>\n<h4><a class=\"link\" style=\"font-weight: bolder\" href=\"mailto:jeanineq@berger.ca\">Jeanine Quiros<\/a><\/h4>\n<p>Representante de servicio al cliente<br \/>\n<\/div><\/p>\n<p><\/div>\n","protected":false},"excerpt":{"rendered":"<p>Berger: un servicio de equipo de \u00faltima tecnolog\u00eda Berger: un\u00a0servicio de entrega de primera clase La satisfacci\u00f3n del cliente Como l\u00edder mundial en la producci\u00f3n de mezclas para cultivos de alta calidad, la misi\u00f3n m\u00e1s importante de Berger es construir una alianza s\u00f3lida entre nuestro negocio y el suyo. Nuestro equipo est\u00e1 dedicado a ayudar a mejorar sus m\u00e9todos de producci\u00f3n, desde el comienzo hasta el final. Estaremos a su lado en todo momento para brindarle los detalles acerca de nuestros productos y asegurar que obtenga las mezclas de crecimiento adecuadas cuando las necesite. Estamos comprometidos a lograr su entera satisfacci\u00f3n, por lo que nos aseguramos de que tenga acceso a toda la experiencia que viene con cada bolsa de mezcla para cultivos. Viva la experiencia Berger 1 888 771-4462 | Mex\u00edco: 01 800 248 5475 or customerservice@berger.ca<\/p>\n","protected":false},"author":2,"featured_media":0,"parent":255,"menu_order":0,"comment_status":"closed","ping_status":"closed","template":"","meta":{"_acf_changed":false,"footnotes":""},"class_list":["post-257","page","type-page","status-publish","hentry"],"acf":[],"yoast_head":"<!-- This site is optimized with the Yoast SEO plugin v27.3 - https:\/\/yoast.com\/product\/yoast-seo-wordpress\/ -->\n<title>Equipos y entregas - Berger - ES<\/title>\n<meta name=\"description\" content=\"Berger: un servicio de equipo de \u00faltima tecnolog\u00eda. Nuestros expertos en equipos le proponen servicios de asesor\u00eda destinados a optimizar su m\u00e9todo de trabajo.\" \/>\n<meta name=\"robots\" content=\"index, follow, max-snippet:-1, max-image-preview:large, max-video-preview:-1\" \/>\n<link rel=\"canonical\" href=\"https:\/\/www.berger.ca\/es\/servicios\/equipos\/\" \/>\n<meta property=\"og:locale\" content=\"es_ES\" \/>\n<meta property=\"og:type\" content=\"article\" \/>\n<meta property=\"og:title\" content=\"Equipos y entregas - Berger - ES\" \/>\n<meta property=\"og:description\" content=\"Berger: un servicio de equipo de \u00faltima tecnolog\u00eda. Nuestros expertos en equipos le proponen servicios de asesor\u00eda destinados a optimizar su m\u00e9todo de trabajo.\" \/>\n<meta property=\"og:url\" content=\"https:\/\/www.berger.ca\/es\/servicios\/equipos\/\" \/>\n<meta property=\"og:site_name\" content=\"Berger - ES\" \/>\n<meta property=\"article:publisher\" content=\"https:\/\/www.facebook.com\/berger.ca\/\" \/>\n<meta property=\"article:modified_time\" content=\"2024-12-03T18:22:27+00:00\" \/>\n<meta property=\"og:image\" content=\"https:\/\/www.berger.ca\/es\/wp-content\/uploads\/sites\/3\/2016\/07\/berger_equpmentsservices.jpg\" \/>\n\t<meta property=\"og:image:width\" content=\"400\" \/>\n\t<meta property=\"og:image:height\" content=\"246\" \/>\n\t<meta property=\"og:image:type\" content=\"image\/jpeg\" \/>\n<meta name=\"twitter:card\" content=\"summary_large_image\" \/>\n<meta name=\"twitter:site\" content=\"@berger_ca\" \/>\n<meta name=\"twitter:label1\" content=\"Tiempo de lectura\" \/>\n\t<meta name=\"twitter:data1\" content=\"3 minutos\" \/>\n<script type=\"application\/ld+json\" class=\"yoast-schema-graph\">{\"@context\":\"https:\\\/\\\/schema.org\",\"@graph\":[{\"@type\":\"WebPage\",\"@id\":\"https:\\\/\\\/www.berger.ca\\\/es\\\/servicios\\\/equipos\\\/\",\"url\":\"https:\\\/\\\/www.berger.ca\\\/es\\\/servicios\\\/equipos\\\/\",\"name\":\"Equipos y entregas - Berger - ES\",\"isPartOf\":{\"@id\":\"https:\\\/\\\/www.berger.ca\\\/es\\\/#website\"},\"primaryImageOfPage\":{\"@id\":\"https:\\\/\\\/www.berger.ca\\\/es\\\/servicios\\\/equipos\\\/#primaryimage\"},\"image\":{\"@id\":\"https:\\\/\\\/www.berger.ca\\\/es\\\/servicios\\\/equipos\\\/#primaryimage\"},\"thumbnailUrl\":\"https:\\\/\\\/www.berger.ca\\\/es\\\/wp-content\\\/uploads\\\/sites\\\/3\\\/2016\\\/07\\\/berger_equpmentsservices.jpg\",\"datePublished\":\"2016-05-10T14:00:10+00:00\",\"dateModified\":\"2024-12-03T18:22:27+00:00\",\"description\":\"Berger: un servicio de equipo de \u00faltima tecnolog\u00eda. Nuestros expertos en equipos le proponen servicios de asesor\u00eda destinados a optimizar su m\u00e9todo de trabajo.\",\"breadcrumb\":{\"@id\":\"https:\\\/\\\/www.berger.ca\\\/es\\\/servicios\\\/equipos\\\/#breadcrumb\"},\"inLanguage\":\"es\",\"potentialAction\":[{\"@type\":\"ReadAction\",\"target\":[\"https:\\\/\\\/www.berger.ca\\\/es\\\/servicios\\\/equipos\\\/\"]}]},{\"@type\":\"ImageObject\",\"inLanguage\":\"es\",\"@id\":\"https:\\\/\\\/www.berger.ca\\\/es\\\/servicios\\\/equipos\\\/#primaryimage\",\"url\":\"https:\\\/\\\/www.berger.ca\\\/es\\\/wp-content\\\/uploads\\\/sites\\\/3\\\/2016\\\/07\\\/berger_equpmentsservices.jpg\",\"contentUrl\":\"https:\\\/\\\/www.berger.ca\\\/es\\\/wp-content\\\/uploads\\\/sites\\\/3\\\/2016\\\/07\\\/berger_equpmentsservices.jpg\",\"width\":400,\"height\":246,\"caption\":\"Equipos\"},{\"@type\":\"BreadcrumbList\",\"@id\":\"https:\\\/\\\/www.berger.ca\\\/es\\\/servicios\\\/equipos\\\/#breadcrumb\",\"itemListElement\":[{\"@type\":\"ListItem\",\"position\":1,\"name\":\"Servicios\",\"item\":\"https:\\\/\\\/www.berger.ca\\\/es\\\/servicios\\\/\"},{\"@type\":\"ListItem\",\"position\":2,\"name\":\"Equipos y entregas\"}]},{\"@type\":\"WebSite\",\"@id\":\"https:\\\/\\\/www.berger.ca\\\/es\\\/#website\",\"url\":\"https:\\\/\\\/www.berger.ca\\\/es\\\/\",\"name\":\"Berger - ES\",\"description\":\"Un site utilisant Sites Berger\",\"publisher\":{\"@id\":\"https:\\\/\\\/www.berger.ca\\\/es\\\/#organization\"},\"potentialAction\":[{\"@type\":\"SearchAction\",\"target\":{\"@type\":\"EntryPoint\",\"urlTemplate\":\"https:\\\/\\\/www.berger.ca\\\/es\\\/?s={search_term_string}\"},\"query-input\":{\"@type\":\"PropertyValueSpecification\",\"valueRequired\":true,\"valueName\":\"search_term_string\"}}],\"inLanguage\":\"es\"},{\"@type\":\"Organization\",\"@id\":\"https:\\\/\\\/www.berger.ca\\\/es\\\/#organization\",\"name\":\"Berger\",\"url\":\"https:\\\/\\\/www.berger.ca\\\/es\\\/\",\"logo\":{\"@type\":\"ImageObject\",\"inLanguage\":\"es\",\"@id\":\"https:\\\/\\\/www.berger.ca\\\/es\\\/#\\\/schema\\\/logo\\\/image\\\/\",\"url\":\"https:\\\/\\\/www.berger.ca\\\/es\\\/wp-content\\\/uploads\\\/sites\\\/3\\\/2016\\\/07\\\/berger_logo_coul_seul.png\",\"contentUrl\":\"https:\\\/\\\/www.berger.ca\\\/es\\\/wp-content\\\/uploads\\\/sites\\\/3\\\/2016\\\/07\\\/berger_logo_coul_seul.png\",\"width\":1257,\"height\":1156,\"caption\":\"Berger\"},\"image\":{\"@id\":\"https:\\\/\\\/www.berger.ca\\\/es\\\/#\\\/schema\\\/logo\\\/image\\\/\"},\"sameAs\":[\"https:\\\/\\\/www.facebook.com\\\/berger.ca\\\/\",\"https:\\\/\\\/x.com\\\/berger_ca\",\"https:\\\/\\\/www.instagram.com\\\/bergermixes\\\/\",\"https:\\\/\\\/www.linkedin.com\\\/company\\\/berger-peat-moss-ltd-\\\/\",\"https:\\\/\\\/www.pinterest.com\\\/bergerpeatmoss\\\/\",\"https:\\\/\\\/www.youtube.com\\\/user\\\/tourbieresberger\"]}]}<\/script>\n<!-- \/ Yoast SEO plugin. -->","yoast_head_json":{"title":"Equipos y entregas - Berger - ES","description":"Berger: un servicio de equipo de \u00faltima tecnolog\u00eda. Nuestros expertos en equipos le proponen servicios de asesor\u00eda destinados a optimizar su m\u00e9todo de trabajo.","robots":{"index":"index","follow":"follow","max-snippet":"max-snippet:-1","max-image-preview":"max-image-preview:large","max-video-preview":"max-video-preview:-1"},"canonical":"https:\/\/www.berger.ca\/es\/servicios\/equipos\/","og_locale":"es_ES","og_type":"article","og_title":"Equipos y entregas - Berger - ES","og_description":"Berger: un servicio de equipo de \u00faltima tecnolog\u00eda. Nuestros expertos en equipos le proponen servicios de asesor\u00eda destinados a optimizar su m\u00e9todo de trabajo.","og_url":"https:\/\/www.berger.ca\/es\/servicios\/equipos\/","og_site_name":"Berger - ES","article_publisher":"https:\/\/www.facebook.com\/berger.ca\/","article_modified_time":"2024-12-03T18:22:27+00:00","og_image":[{"width":400,"height":246,"url":"https:\/\/www.berger.ca\/es\/wp-content\/uploads\/sites\/3\/2016\/07\/berger_equpmentsservices.jpg","type":"image\/jpeg"}],"twitter_card":"summary_large_image","twitter_site":"@berger_ca","twitter_misc":{"Tiempo de lectura":"3 minutos"},"schema":{"@context":"https:\/\/schema.org","@graph":[{"@type":"WebPage","@id":"https:\/\/www.berger.ca\/es\/servicios\/equipos\/","url":"https:\/\/www.berger.ca\/es\/servicios\/equipos\/","name":"Equipos y entregas - Berger - ES","isPartOf":{"@id":"https:\/\/www.berger.ca\/es\/#website"},"primaryImageOfPage":{"@id":"https:\/\/www.berger.ca\/es\/servicios\/equipos\/#primaryimage"},"image":{"@id":"https:\/\/www.berger.ca\/es\/servicios\/equipos\/#primaryimage"},"thumbnailUrl":"https:\/\/www.berger.ca\/es\/wp-content\/uploads\/sites\/3\/2016\/07\/berger_equpmentsservices.jpg","datePublished":"2016-05-10T14:00:10+00:00","dateModified":"2024-12-03T18:22:27+00:00","description":"Berger: un servicio de equipo de \u00faltima tecnolog\u00eda. Nuestros expertos en equipos le proponen servicios de asesor\u00eda destinados a optimizar su m\u00e9todo de trabajo.","breadcrumb":{"@id":"https:\/\/www.berger.ca\/es\/servicios\/equipos\/#breadcrumb"},"inLanguage":"es","potentialAction":[{"@type":"ReadAction","target":["https:\/\/www.berger.ca\/es\/servicios\/equipos\/"]}]},{"@type":"ImageObject","inLanguage":"es","@id":"https:\/\/www.berger.ca\/es\/servicios\/equipos\/#primaryimage","url":"https:\/\/www.berger.ca\/es\/wp-content\/uploads\/sites\/3\/2016\/07\/berger_equpmentsservices.jpg","contentUrl":"https:\/\/www.berger.ca\/es\/wp-content\/uploads\/sites\/3\/2016\/07\/berger_equpmentsservices.jpg","width":400,"height":246,"caption":"Equipos"},{"@type":"BreadcrumbList","@id":"https:\/\/www.berger.ca\/es\/servicios\/equipos\/#breadcrumb","itemListElement":[{"@type":"ListItem","position":1,"name":"Servicios","item":"https:\/\/www.berger.ca\/es\/servicios\/"},{"@type":"ListItem","position":2,"name":"Equipos y entregas"}]},{"@type":"WebSite","@id":"https:\/\/www.berger.ca\/es\/#website","url":"https:\/\/www.berger.ca\/es\/","name":"Berger - ES","description":"Un site utilisant Sites Berger","publisher":{"@id":"https:\/\/www.berger.ca\/es\/#organization"},"potentialAction":[{"@type":"SearchAction","target":{"@type":"EntryPoint","urlTemplate":"https:\/\/www.berger.ca\/es\/?s={search_term_string}"},"query-input":{"@type":"PropertyValueSpecification","valueRequired":true,"valueName":"search_term_string"}}],"inLanguage":"es"},{"@type":"Organization","@id":"https:\/\/www.berger.ca\/es\/#organization","name":"Berger","url":"https:\/\/www.berger.ca\/es\/","logo":{"@type":"ImageObject","inLanguage":"es","@id":"https:\/\/www.berger.ca\/es\/#\/schema\/logo\/image\/","url":"https:\/\/www.berger.ca\/es\/wp-content\/uploads\/sites\/3\/2016\/07\/berger_logo_coul_seul.png","contentUrl":"https:\/\/www.berger.ca\/es\/wp-content\/uploads\/sites\/3\/2016\/07\/berger_logo_coul_seul.png","width":1257,"height":1156,"caption":"Berger"},"image":{"@id":"https:\/\/www.berger.ca\/es\/#\/schema\/logo\/image\/"},"sameAs":["https:\/\/www.facebook.com\/berger.ca\/","https:\/\/x.com\/berger_ca","https:\/\/www.instagram.com\/bergermixes\/","https:\/\/www.linkedin.com\/company\/berger-peat-moss-ltd-\/","https:\/\/www.pinterest.com\/bergerpeatmoss\/","https:\/\/www.youtube.com\/user\/tourbieresberger"]}]}},"_links":{"self":[{"href":"https:\/\/www.berger.ca\/es\/wp-json\/wp\/v2\/pages\/257","targetHints":{"allow":["GET"]}}],"collection":[{"href":"https:\/\/www.berger.ca\/es\/wp-json\/wp\/v2\/pages"}],"about":[{"href":"https:\/\/www.berger.ca\/es\/wp-json\/wp\/v2\/types\/page"}],"author":[{"embeddable":true,"href":"https:\/\/www.berger.ca\/es\/wp-json\/wp\/v2\/users\/2"}],"replies":[{"embeddable":true,"href":"https:\/\/www.berger.ca\/es\/wp-json\/wp\/v2\/comments?post=257"}],"version-history":[{"count":21,"href":"https:\/\/www.berger.ca\/es\/wp-json\/wp\/v2\/pages\/257\/revisions"}],"predecessor-version":[{"id":5654,"href":"https:\/\/www.berger.ca\/es\/wp-json\/wp\/v2\/pages\/257\/revisions\/5654"}],"up":[{"embeddable":true,"href":"https:\/\/www.berger.ca\/es\/wp-json\/wp\/v2\/pages\/255"}],"wp:attachment":[{"href":"https:\/\/www.berger.ca\/es\/wp-json\/wp\/v2\/media?parent=257"}],"curies":[{"name":"wp","href":"https:\/\/api.w.org\/{rel}","templated":true}]}}