{"id":259,"date":"2016-05-10T15:01:39","date_gmt":"2016-05-10T14:01:39","guid":{"rendered":"https:\/\/www.berger.ca\/es\/?page_id=259"},"modified":"2023-11-09T07:41:25","modified_gmt":"2023-11-09T12:41:25","slug":"entregas","status":"publish","type":"page","link":"https:\/\/www.berger.ca\/es\/servicios\/entregas\/","title":{"rendered":"Entregas"},"content":{"rendered":"<h2>Berger: un\u00a0servicio de entrega de primera clase<\/h2>\n<div class=\"wysiwyg-row\"><br \/>\n<div class=\"column-4\"><br \/>\n<img loading=\"lazy\" decoding=\"async\" class=\"alignnone wp-image-880 size-full\" src=\"https:\/\/www.berger.ca\/es\/wp-content\/uploads\/sites\/3\/2016\/07\/berger_logistiqueservices.jpg\" alt=\"Berger: un\u00a0servicio de entrega de primera clase\" width=\"400\" height=\"246\" srcset=\"https:\/\/www.berger.ca\/es\/wp-content\/uploads\/sites\/3\/2016\/07\/berger_logistiqueservices.jpg 400w, https:\/\/www.berger.ca\/es\/wp-content\/uploads\/sites\/3\/2016\/07\/berger_logistiqueservices-300x185.jpg 300w\" sizes=\"auto, (max-width: 400px) 100vw, 400px\" \/><br \/>\n<\/div><\/p>\n<p><div class=\"column-8\"><\/p>\n<p>Los <strong>productores profesionales<\/strong> de todo el mundo saben que pueden contar con Berger, porque siempre env\u00eda el producto correcto, en las cantidades correctas, en el tiempo convenido. Estamos comprometidos a satisfacer los compromisos contractuales con todos nuestros clientes. Al <strong>gestionar responsablemente<\/strong> nuestros recursos y nuestro inventario\u2014y al mantener una <strong>excelente relaci\u00f3n con las empresas de transporte<\/strong>\u2014nos aseguramos de que usted reciba los pedidos cuando los necesite.<\/p>\n<p>Nuestros representantes de servicio a la clientela est\u00e1n siempre disponibles para verificar el estatus de su pedido durante la producci\u00f3n y hacer el seguimiento de los env\u00edos. Desde el comienzo hasta el final, el equipo de Berger est\u00e1 all\u00ed para orientarlo y mantenerlo informado.<br \/>\nNo dude en comunicarse con nosotros para mayor informaci\u00f3n.<\/p>\n<p><\/div><br \/>\n<\/div>\n<h2>La satisfacci\u00f3n del cliente<\/h2>\n<p>Como l\u00edder mundial en la <strong>producci\u00f3n de mezclas para cultivos de alta calidad<\/strong>, la misi\u00f3n m\u00e1s importante de Berger es construir una alianza s\u00f3lida entre nuestro negocio y el suyo. Nuestro equipo est\u00e1 dedicado a ayudar a <strong>mejorar sus m\u00e9todos de producci\u00f3n<\/strong>, desde el comienzo hasta el final. Estaremos a su lado en todo momento para brindarle los detalles acerca de nuestros productos y asegurar que obtenga las <strong>mezclas de crecimiento adecuadas<\/strong> cuando las necesite. Estamos comprometidos a lograr su entera satisfacci\u00f3n, por lo que nos aseguramos de que tenga acceso a toda la experiencia que viene con cada bolsa de mezcla para cultivos.<\/p>\n<p><strong>Viva la experiencia Berger<br \/>\n<\/strong>1 888 771-4462 | Mex\u00edco: 01 800 248 5475 or <a href=\"mailto:customerservice@berger.ca\">customerservice@berger.ca<\/a><\/p>\n<div class=\"wysiwyg-row\">\n<div class=\"column-2\">\n<p><img loading=\"lazy\" decoding=\"async\" class=\"alignnone size-full wp-image-983\" src=\"https:\/\/www.berger.ca\/es\/wp-content\/uploads\/sites\/3\/2016\/08\/mariefranceouellet.png\" alt=\"Marie-France Ouellet\" width=\"288\" height=\"288\" srcset=\"https:\/\/www.berger.ca\/es\/wp-content\/uploads\/sites\/3\/2016\/08\/mariefranceouellet.png 288w, https:\/\/www.berger.ca\/es\/wp-content\/uploads\/sites\/3\/2016\/08\/mariefranceouellet-150x150.png 150w\" sizes=\"auto, (max-width: 288px) 100vw, 288px\" \/><\/p>\n<h4><a class=\"link\" style=\"font-weight: bolder\" href=\"mailto:mfranceo@berger.ca\">Marie-France Ouellet<\/a><\/h4>\n<p>Supervisor de satisfacci\u00f3n de la clientela<\/p>\n<p><\/div><br \/>\n<div class=\"column-2\"><\/p>\n<p><img loading=\"lazy\" decoding=\"async\" class=\"alignnone size-full wp-image-980\" src=\"https:\/\/www.berger.ca\/es\/wp-content\/uploads\/sites\/3\/2016\/08\/jonathanstpierre.png\" alt=\"Jonathan St-Pierre\" width=\"288\" height=\"288\" srcset=\"https:\/\/www.berger.ca\/es\/wp-content\/uploads\/sites\/3\/2016\/08\/jonathanstpierre.png 288w, https:\/\/www.berger.ca\/es\/wp-content\/uploads\/sites\/3\/2016\/08\/jonathanstpierre-150x150.png 150w\" sizes=\"auto, (max-width: 288px) 100vw, 288px\" \/><\/p>\n<h4><a class=\"link\" style=\"font-weight: bolder\" href=\"mailto:jonathans@berger.ca\">Jonathan St-Pierre<\/a><\/h4>\n<p>Responsable del servicio a la clientela<\/p>\n<p><\/div><br \/>\n<div class=\"column-2\"><\/p>\n<p><img loading=\"lazy\" decoding=\"async\" class=\"alignnone wp-image-1250 size-full\" src=\"https:\/\/www.berger.ca\/es\/wp-content\/uploads\/sites\/3\/2016\/11\/manonbeaulieu.png\" alt=\"Manon Beaulieu\" width=\"288\" height=\"288\" srcset=\"https:\/\/www.berger.ca\/es\/wp-content\/uploads\/sites\/3\/2016\/11\/manonbeaulieu.png 288w, https:\/\/www.berger.ca\/es\/wp-content\/uploads\/sites\/3\/2016\/11\/manonbeaulieu-150x150.png 150w\" sizes=\"auto, (max-width: 288px) 100vw, 288px\" \/><\/p>\n<h4><a class=\"link\" style=\"font-weight: bolder\" href=\"mailto:mbeaulieu@berger.ca\">Manon Beaulieu<\/a><\/h4>\n<p>Responsable del servicio a la clientela<\/p>\n<p><\/div><\/p>\n<div class=\"column-2\"><\/p>\n<p><img loading=\"lazy\" decoding=\"async\" class=\"alignnone wp-image-3424 size-full\" src=\"https:\/\/www.berger.ca\/es\/wp-content\/uploads\/sites\/3\/2019\/10\/DianaBarera.png\" alt=\"Diana Barera\" width=\"288\" height=\"288\" \/><\/p>\n<h4><a class=\"link\" style=\"font-weight: bolder\" href=\"mailto:dianab@berger.ca\">Diana Barrera<\/a><\/h4>\n<p>Responsable del servicio a la clientela<\/p>\n<p><\/div>\n<div class=\"column-2\"><\/p>\n<p><img loading=\"lazy\" decoding=\"async\" class=\"alignnone wp-image-3424 size-full\" src=\"https:\/\/www.berger.ca\/en\/wp-content\/uploads\/sites\/2\/2020\/12\/ThomasJequece.png\" alt=\"Thomas Jequece\" width=\"288\" height=\"288\" \/><\/p>\n<h4><a class=\"link\" style=\"font-weight: bolder\" href=\"mailto:thomasj@berger.ca\">Thomas Jequece<\/a><\/h4>\n<p>Responsable del servicio a la clientela<\/p>\n<p><\/div>\n<p><\/div><br \/>\n<div class=\"wysiwyg-row\"><\/p>\n<p><\/div><\/p>\n","protected":false},"excerpt":{"rendered":"<p>Berger: un\u00a0servicio de entrega de primera clase La satisfacci\u00f3n del cliente Como l\u00edder mundial en la producci\u00f3n de mezclas para cultivos de alta calidad, la misi\u00f3n m\u00e1s importante de Berger es construir una alianza s\u00f3lida entre nuestro negocio y el suyo. Nuestro equipo est\u00e1 dedicado a ayudar a mejorar sus m\u00e9todos de producci\u00f3n, desde el comienzo hasta el final. Estaremos a su lado en todo momento para brindarle los detalles acerca de nuestros productos y asegurar que obtenga las mezclas de crecimiento adecuadas cuando las necesite. Estamos comprometidos a lograr su entera satisfacci\u00f3n, por lo que nos aseguramos de que tenga acceso a toda la experiencia que viene con cada bolsa de mezcla para cultivos. Viva la experiencia Berger 1 888 771-4462 | Mex\u00edco: 01 800 248 5475 or customerservice@berger.ca<\/p>\n","protected":false},"author":2,"featured_media":0,"parent":255,"menu_order":0,"comment_status":"closed","ping_status":"closed","template":"","meta":{"_acf_changed":false,"footnotes":""},"class_list":["post-259","page","type-page","status-publish","hentry"],"acf":[],"yoast_head":"<!-- This site is optimized with the Yoast SEO plugin v27.4 - https:\/\/yoast.com\/product\/yoast-seo-wordpress\/ -->\n<title>Entregas - Berger - ES<\/title>\n<meta name=\"description\" content=\"Berger: un servicio de entrega de primera clase. Estamos comprometidos a satisfacer los compromisos contractuales con todos nuestros clientes.\" \/>\n<meta name=\"robots\" content=\"index, follow, max-snippet:-1, max-image-preview:large, max-video-preview:-1\" \/>\n<link rel=\"canonical\" href=\"https:\/\/www.berger.ca\/es\/servicios\/entregas\/\" \/>\n<meta property=\"og:locale\" content=\"es_ES\" \/>\n<meta property=\"og:type\" content=\"article\" \/>\n<meta property=\"og:title\" content=\"Entregas - Berger - ES\" \/>\n<meta property=\"og:description\" content=\"Berger: un servicio de entrega de primera clase. Estamos comprometidos a satisfacer los compromisos contractuales con todos nuestros clientes.\" \/>\n<meta property=\"og:url\" content=\"https:\/\/www.berger.ca\/es\/servicios\/entregas\/\" \/>\n<meta property=\"og:site_name\" content=\"Berger - ES\" \/>\n<meta property=\"article:publisher\" content=\"https:\/\/www.facebook.com\/berger.ca\/\" \/>\n<meta property=\"article:modified_time\" content=\"2023-11-09T12:41:25+00:00\" \/>\n<meta property=\"og:image\" content=\"https:\/\/www.berger.ca\/es\/wp-content\/uploads\/sites\/3\/2016\/07\/berger_logistiqueservices.jpg\" \/>\n<meta name=\"twitter:card\" content=\"summary_large_image\" \/>\n<meta name=\"twitter:site\" content=\"@berger_ca\" \/>\n<meta name=\"twitter:label1\" content=\"Tiempo de lectura\" \/>\n\t<meta name=\"twitter:data1\" content=\"4 minutos\" \/>\n<script type=\"application\/ld+json\" class=\"yoast-schema-graph\">{\"@context\":\"https:\\\/\\\/schema.org\",\"@graph\":[{\"@type\":\"WebPage\",\"@id\":\"https:\\\/\\\/www.berger.ca\\\/es\\\/servicios\\\/entregas\\\/\",\"url\":\"https:\\\/\\\/www.berger.ca\\\/es\\\/servicios\\\/entregas\\\/\",\"name\":\"Entregas - Berger - ES\",\"isPartOf\":{\"@id\":\"https:\\\/\\\/www.berger.ca\\\/es\\\/#website\"},\"primaryImageOfPage\":{\"@id\":\"https:\\\/\\\/www.berger.ca\\\/es\\\/servicios\\\/entregas\\\/#primaryimage\"},\"image\":{\"@id\":\"https:\\\/\\\/www.berger.ca\\\/es\\\/servicios\\\/entregas\\\/#primaryimage\"},\"thumbnailUrl\":\"https:\\\/\\\/www.berger.ca\\\/es\\\/wp-content\\\/uploads\\\/sites\\\/3\\\/2016\\\/07\\\/berger_logistiqueservices.jpg\",\"datePublished\":\"2016-05-10T14:01:39+00:00\",\"dateModified\":\"2023-11-09T12:41:25+00:00\",\"description\":\"Berger: un servicio de entrega de primera clase. Estamos comprometidos a satisfacer los compromisos contractuales con todos nuestros clientes.\",\"breadcrumb\":{\"@id\":\"https:\\\/\\\/www.berger.ca\\\/es\\\/servicios\\\/entregas\\\/#breadcrumb\"},\"inLanguage\":\"es\",\"potentialAction\":[{\"@type\":\"ReadAction\",\"target\":[\"https:\\\/\\\/www.berger.ca\\\/es\\\/servicios\\\/entregas\\\/\"]}]},{\"@type\":\"ImageObject\",\"inLanguage\":\"es\",\"@id\":\"https:\\\/\\\/www.berger.ca\\\/es\\\/servicios\\\/entregas\\\/#primaryimage\",\"url\":\"https:\\\/\\\/www.berger.ca\\\/es\\\/wp-content\\\/uploads\\\/sites\\\/3\\\/2016\\\/07\\\/berger_logistiqueservices.jpg\",\"contentUrl\":\"https:\\\/\\\/www.berger.ca\\\/es\\\/wp-content\\\/uploads\\\/sites\\\/3\\\/2016\\\/07\\\/berger_logistiqueservices.jpg\",\"width\":400,\"height\":246,\"caption\":\"Entregas\"},{\"@type\":\"BreadcrumbList\",\"@id\":\"https:\\\/\\\/www.berger.ca\\\/es\\\/servicios\\\/entregas\\\/#breadcrumb\",\"itemListElement\":[{\"@type\":\"ListItem\",\"position\":1,\"name\":\"Servicios\",\"item\":\"https:\\\/\\\/www.berger.ca\\\/es\\\/servicios\\\/\"},{\"@type\":\"ListItem\",\"position\":2,\"name\":\"Entregas\"}]},{\"@type\":\"WebSite\",\"@id\":\"https:\\\/\\\/www.berger.ca\\\/es\\\/#website\",\"url\":\"https:\\\/\\\/www.berger.ca\\\/es\\\/\",\"name\":\"Berger - ES\",\"description\":\"Un site utilisant Sites Berger\",\"publisher\":{\"@id\":\"https:\\\/\\\/www.berger.ca\\\/es\\\/#organization\"},\"potentialAction\":[{\"@type\":\"SearchAction\",\"target\":{\"@type\":\"EntryPoint\",\"urlTemplate\":\"https:\\\/\\\/www.berger.ca\\\/es\\\/?s={search_term_string}\"},\"query-input\":{\"@type\":\"PropertyValueSpecification\",\"valueRequired\":true,\"valueName\":\"search_term_string\"}}],\"inLanguage\":\"es\"},{\"@type\":\"Organization\",\"@id\":\"https:\\\/\\\/www.berger.ca\\\/es\\\/#organization\",\"name\":\"Berger\",\"url\":\"https:\\\/\\\/www.berger.ca\\\/es\\\/\",\"logo\":{\"@type\":\"ImageObject\",\"inLanguage\":\"es\",\"@id\":\"https:\\\/\\\/www.berger.ca\\\/es\\\/#\\\/schema\\\/logo\\\/image\\\/\",\"url\":\"https:\\\/\\\/www.berger.ca\\\/es\\\/wp-content\\\/uploads\\\/sites\\\/3\\\/2016\\\/07\\\/berger_logo_coul_seul.png\",\"contentUrl\":\"https:\\\/\\\/www.berger.ca\\\/es\\\/wp-content\\\/uploads\\\/sites\\\/3\\\/2016\\\/07\\\/berger_logo_coul_seul.png\",\"width\":1257,\"height\":1156,\"caption\":\"Berger\"},\"image\":{\"@id\":\"https:\\\/\\\/www.berger.ca\\\/es\\\/#\\\/schema\\\/logo\\\/image\\\/\"},\"sameAs\":[\"https:\\\/\\\/www.facebook.com\\\/berger.ca\\\/\",\"https:\\\/\\\/x.com\\\/berger_ca\",\"https:\\\/\\\/www.instagram.com\\\/bergermixes\\\/\",\"https:\\\/\\\/www.linkedin.com\\\/company\\\/berger-peat-moss-ltd-\\\/\",\"https:\\\/\\\/www.pinterest.com\\\/bergerpeatmoss\\\/\",\"https:\\\/\\\/www.youtube.com\\\/user\\\/tourbieresberger\"]}]}<\/script>\n<!-- \/ Yoast SEO plugin. -->","yoast_head_json":{"title":"Entregas - Berger - ES","description":"Berger: un servicio de entrega de primera clase. Estamos comprometidos a satisfacer los compromisos contractuales con todos nuestros clientes.","robots":{"index":"index","follow":"follow","max-snippet":"max-snippet:-1","max-image-preview":"max-image-preview:large","max-video-preview":"max-video-preview:-1"},"canonical":"https:\/\/www.berger.ca\/es\/servicios\/entregas\/","og_locale":"es_ES","og_type":"article","og_title":"Entregas - Berger - ES","og_description":"Berger: un servicio de entrega de primera clase. Estamos comprometidos a satisfacer los compromisos contractuales con todos nuestros clientes.","og_url":"https:\/\/www.berger.ca\/es\/servicios\/entregas\/","og_site_name":"Berger - ES","article_publisher":"https:\/\/www.facebook.com\/berger.ca\/","article_modified_time":"2023-11-09T12:41:25+00:00","og_image":[{"url":"https:\/\/www.berger.ca\/es\/wp-content\/uploads\/sites\/3\/2016\/07\/berger_logistiqueservices.jpg","type":"","width":"","height":""}],"twitter_card":"summary_large_image","twitter_site":"@berger_ca","twitter_misc":{"Tiempo de lectura":"4 minutos"},"schema":{"@context":"https:\/\/schema.org","@graph":[{"@type":"WebPage","@id":"https:\/\/www.berger.ca\/es\/servicios\/entregas\/","url":"https:\/\/www.berger.ca\/es\/servicios\/entregas\/","name":"Entregas - Berger - ES","isPartOf":{"@id":"https:\/\/www.berger.ca\/es\/#website"},"primaryImageOfPage":{"@id":"https:\/\/www.berger.ca\/es\/servicios\/entregas\/#primaryimage"},"image":{"@id":"https:\/\/www.berger.ca\/es\/servicios\/entregas\/#primaryimage"},"thumbnailUrl":"https:\/\/www.berger.ca\/es\/wp-content\/uploads\/sites\/3\/2016\/07\/berger_logistiqueservices.jpg","datePublished":"2016-05-10T14:01:39+00:00","dateModified":"2023-11-09T12:41:25+00:00","description":"Berger: un servicio de entrega de primera clase. Estamos comprometidos a satisfacer los compromisos contractuales con todos nuestros clientes.","breadcrumb":{"@id":"https:\/\/www.berger.ca\/es\/servicios\/entregas\/#breadcrumb"},"inLanguage":"es","potentialAction":[{"@type":"ReadAction","target":["https:\/\/www.berger.ca\/es\/servicios\/entregas\/"]}]},{"@type":"ImageObject","inLanguage":"es","@id":"https:\/\/www.berger.ca\/es\/servicios\/entregas\/#primaryimage","url":"https:\/\/www.berger.ca\/es\/wp-content\/uploads\/sites\/3\/2016\/07\/berger_logistiqueservices.jpg","contentUrl":"https:\/\/www.berger.ca\/es\/wp-content\/uploads\/sites\/3\/2016\/07\/berger_logistiqueservices.jpg","width":400,"height":246,"caption":"Entregas"},{"@type":"BreadcrumbList","@id":"https:\/\/www.berger.ca\/es\/servicios\/entregas\/#breadcrumb","itemListElement":[{"@type":"ListItem","position":1,"name":"Servicios","item":"https:\/\/www.berger.ca\/es\/servicios\/"},{"@type":"ListItem","position":2,"name":"Entregas"}]},{"@type":"WebSite","@id":"https:\/\/www.berger.ca\/es\/#website","url":"https:\/\/www.berger.ca\/es\/","name":"Berger - ES","description":"Un site utilisant Sites Berger","publisher":{"@id":"https:\/\/www.berger.ca\/es\/#organization"},"potentialAction":[{"@type":"SearchAction","target":{"@type":"EntryPoint","urlTemplate":"https:\/\/www.berger.ca\/es\/?s={search_term_string}"},"query-input":{"@type":"PropertyValueSpecification","valueRequired":true,"valueName":"search_term_string"}}],"inLanguage":"es"},{"@type":"Organization","@id":"https:\/\/www.berger.ca\/es\/#organization","name":"Berger","url":"https:\/\/www.berger.ca\/es\/","logo":{"@type":"ImageObject","inLanguage":"es","@id":"https:\/\/www.berger.ca\/es\/#\/schema\/logo\/image\/","url":"https:\/\/www.berger.ca\/es\/wp-content\/uploads\/sites\/3\/2016\/07\/berger_logo_coul_seul.png","contentUrl":"https:\/\/www.berger.ca\/es\/wp-content\/uploads\/sites\/3\/2016\/07\/berger_logo_coul_seul.png","width":1257,"height":1156,"caption":"Berger"},"image":{"@id":"https:\/\/www.berger.ca\/es\/#\/schema\/logo\/image\/"},"sameAs":["https:\/\/www.facebook.com\/berger.ca\/","https:\/\/x.com\/berger_ca","https:\/\/www.instagram.com\/bergermixes\/","https:\/\/www.linkedin.com\/company\/berger-peat-moss-ltd-\/","https:\/\/www.pinterest.com\/bergerpeatmoss\/","https:\/\/www.youtube.com\/user\/tourbieresberger"]}]}},"_links":{"self":[{"href":"https:\/\/www.berger.ca\/es\/wp-json\/wp\/v2\/pages\/259","targetHints":{"allow":["GET"]}}],"collection":[{"href":"https:\/\/www.berger.ca\/es\/wp-json\/wp\/v2\/pages"}],"about":[{"href":"https:\/\/www.berger.ca\/es\/wp-json\/wp\/v2\/types\/page"}],"author":[{"embeddable":true,"href":"https:\/\/www.berger.ca\/es\/wp-json\/wp\/v2\/users\/2"}],"replies":[{"embeddable":true,"href":"https:\/\/www.berger.ca\/es\/wp-json\/wp\/v2\/comments?post=259"}],"version-history":[{"count":39,"href":"https:\/\/www.berger.ca\/es\/wp-json\/wp\/v2\/pages\/259\/revisions"}],"predecessor-version":[{"id":5160,"href":"https:\/\/www.berger.ca\/es\/wp-json\/wp\/v2\/pages\/259\/revisions\/5160"}],"up":[{"embeddable":true,"href":"https:\/\/www.berger.ca\/es\/wp-json\/wp\/v2\/pages\/255"}],"wp:attachment":[{"href":"https:\/\/www.berger.ca\/es\/wp-json\/wp\/v2\/media?parent=259"}],"curies":[{"name":"wp","href":"https:\/\/api.w.org\/{rel}","templated":true}]}}