{"id":261,"date":"2016-05-10T15:18:07","date_gmt":"2016-05-10T14:18:07","guid":{"rendered":"https:\/\/www.berger.ca\/es\/?page_id=261"},"modified":"2025-07-08T09:48:22","modified_gmt":"2025-07-08T14:48:22","slug":"servicios-tecnicos","status":"publish","type":"page","link":"https:\/\/www.berger.ca\/es\/servicios\/servicios-tecnicos\/","title":{"rendered":"Servicios t\u00e9cnicos y de laboratorio"},"content":{"rendered":"<h2>Potencie su \u00e9xito al cultivar con ayuda de los servicios t\u00e9cnicos y de laboratorio de Berger.<\/h2>\n<div class=\"wysiwyg-row\"><br \/>\n<div class=\"column-4\"><br \/>\n<img loading=\"lazy\" decoding=\"async\" class=\"alignnone wp-image-5437\" src=\"https:\/\/www.berger.ca\/es\/wp-content\/uploads\/sites\/3\/2024\/07\/PNPC2990-3-300x200.jpg\" alt=\"An\u00e1lisis de sustrato\" width=\"400\" height=\"267\" srcset=\"https:\/\/www.berger.ca\/es\/wp-content\/uploads\/sites\/3\/2024\/07\/PNPC2990-3-300x200.jpg 300w, https:\/\/www.berger.ca\/es\/wp-content\/uploads\/sites\/3\/2024\/07\/PNPC2990-3-1024x683.jpg 1024w, https:\/\/www.berger.ca\/es\/wp-content\/uploads\/sites\/3\/2024\/07\/PNPC2990-3-768x512.jpg 768w, https:\/\/www.berger.ca\/es\/wp-content\/uploads\/sites\/3\/2024\/07\/PNPC2990-3-1536x1024.jpg 1536w, https:\/\/www.berger.ca\/es\/wp-content\/uploads\/sites\/3\/2024\/07\/PNPC2990-3-2048x1365.jpg 2048w\" sizes=\"auto, (max-width: 400px) 100vw, 400px\" \/><br \/>\n<\/div><\/p>\n<p><div class=\"column-8\"><\/p>\n<p>Al hacer equipo con Berger para su medio de cultivo, usted obtiene acceso total a nuestros servicios de laboratorio que se dise\u00f1an espec\u00edficamente para optimizar sus operaciones. Con el respaldo de expertos l\u00edderes en el sector, Berger le brinda la informaci\u00f3n y las herramientas necesarias para asegurar el \u00e9xito de sus cultivos.<\/p>\n<p>Por qu\u00e9 es importante el an\u00e1lisis de laboratorio<\/p>\n<p>Entender las necesidades de sus cultivos es fundamental para maximizar la producci\u00f3n y la calidad. Es por ello que Berger ofrece servicios de laboratorio como cortes\u00eda para todos nuestros clientes. Desde un an\u00e1lisis integral de los nutrientes hasta la caracterizaci\u00f3n f\u00edsica de su medio de cultivo, nuestros servicios de laboratorio le ayudan a tomar decisiones m\u00e1s informadas a fin de lograr resultados consistentes.<\/p>\n<p>Como cliente de Berger, usted se beneficia de nuestro equipo multidisciplinario de expertos que proporcionan interpretaciones pr\u00e1cticas de sus resultados de laboratorio. Ya sea que est\u00e9 intentando solucionar alg\u00fan problema u optimizando su medio de cultivo, nuestros servicios de laboratorio se dise\u00f1aron para darle la informaci\u00f3n que necesita para triunfar.<br \/>\n<\/div><\/p>\n<ul>\n<li>Lo que ofrecemos:<\/li>\n<li>An\u00e1lisis de extracto de sustrato saturado;<\/li>\n<li>An\u00e1lisis del agua y de los nutrientes;<\/li>\n<li>An\u00e1lisis de los tejidos vegetales;<\/li>\n<li>Caracterizaci\u00f3n f\u00edsica completa.<\/li>\n<\/ul>\n<p><strong>El acceso a nuestros servicios de laboratorio es simple y directo.<\/strong> Si es cliente de Berger, puede acercarse a su representante de ventas para que le env\u00ede los art\u00edculos necesarios para el an\u00e1lisis que requiera. Ya sea que se trate de pruebas de rutina o de atender retos espec\u00edficos, nuestro equipo est\u00e1 aqu\u00ed para apoyarlo en todo momento.<\/p>\n<h2>\u00bfA\u00fan no es cliente?<\/h2>\n<p>Acceda a nuestros servicios de an\u00e1lisis contactando directamente al laboratorio Berger, a trav\u00e9s del sitio web: <a href=\"mailto:labsupport@berger.ca\">labsupport@berger.ca<\/a> o por el tel\u00e9fono 1-888-771-4462<\/p>\n<table>\n<tbody>\n<tr>\n<td><a class=\"button pdf\" href=\"https:\/\/www.berger.ca\/en\/wp-content\/uploads\/sites\/2\/2023\/02\/F-SAC-08-CORP_Analysis-request-and-analytical-services-V11_EN.pdf\" target=\"_blank\" rel=\"noopener noreferrer\">DESCARGUE EL FORMULARIO DE AN\u00c1LISIS<\/a><\/td>\n<td><span style=\"color: #eeefe9\">&#8211; _<\/span><\/td>\n<td><a class=\"button pdf\" href=\"https:\/\/www.berger.ca\/en\/wp-content\/uploads\/sites\/2\/2017\/11\/samplingmethod_procedure.pdf\" target=\"_blank\" rel=\"noopener noreferrer\">Descargue el m\u00e9todo de muestreo<\/a><\/td>\n<\/tr>\n<\/tbody>\n<\/table>\n<h2><\/h2>\n<p>&nbsp;<\/p>\n<h4>Nuestros asesores de cultivo son sus aliados para triunfar<\/h4>\n<p>\u00bfTiene m\u00e1s preguntas sobre sus cultivos? Nuestro equipo de asesores de cultivo dedicados est\u00e1 aqu\u00ed para ayudarlo en todo momento. Ya sea que necesite asesor\u00eda experta o apoyo pr\u00e1ctico, nosotros ofrecemos capacitaci\u00f3n tanto presencial como remota para equipos de cultivadores. Desde la planeaci\u00f3n inicial hasta la cosecha, nuestros asesores trabajan muy de cerca con usted para ayudarlo a alcanzar sus metas y a optimizar su producci\u00f3n.<\/p>\n<p><div class=\"wysiwyg-row\"><\/div><\/p>\n<p><div class=\"column-2\"><\/p>\n<p><img loading=\"lazy\" decoding=\"async\" class=\"alignnone size-full wp-image-5488\" src=\"https:\/\/www.berger.ca\/es\/wp-content\/uploads\/sites\/3\/2024\/07\/Pierre-Marc_deChamplain.png\" alt=\"PierreMarc_deChamplain\" width=\"288\" height=\"288\" srcset=\"https:\/\/www.berger.ca\/es\/wp-content\/uploads\/sites\/3\/2024\/07\/Pierre-Marc_deChamplain.png 288w, https:\/\/www.berger.ca\/es\/wp-content\/uploads\/sites\/3\/2024\/07\/Pierre-Marc_deChamplain-150x150.png 150w\" sizes=\"auto, (max-width: 288px) 100vw, 288px\" \/><\/p>\n<h4><a class=\"link\" style=\"font-weight: bolder\" href=\"mailto:pmarcd@berger.ca\">Pierre-Marc de Champlain<\/a><\/h4>\n<p>Director &#8211; Servicios t\u00e9cnicos<\/p>\n<p><\/div><\/p>\n<p><div class=\"column-2\"><\/p>\n<p><img loading=\"lazy\" decoding=\"async\" class=\"alignnone size-full wp-image-5494\" src=\"https:\/\/www.berger.ca\/es\/wp-content\/uploads\/sites\/3\/2024\/07\/Harold_Sagastume.png\" alt=\"Harold_Sagastume\" width=\"288\" height=\"288\" srcset=\"https:\/\/www.berger.ca\/es\/wp-content\/uploads\/sites\/3\/2024\/07\/Harold_Sagastume.png 288w, https:\/\/www.berger.ca\/es\/wp-content\/uploads\/sites\/3\/2024\/07\/Harold_Sagastume-150x150.png 150w\" sizes=\"auto, (max-width: 288px) 100vw, 288px\" \/><\/p>\n<h4><a class=\"link\" style=\"font-weight: bolder\" href=\"mailto:harolds@berger.ca\">Harold Sagastume<\/a><\/h4>\n<p>Asesor en cultivos<\/p>\n<p><\/div><\/p>\n<p><div class=\"column-2\"><\/p>\n<p><img loading=\"lazy\" decoding=\"async\" class=\"alignnone size-full wp-image-5490\" src=\"https:\/\/www.berger.ca\/es\/wp-content\/uploads\/sites\/3\/2024\/07\/Kevin_Cooper.png\" alt=\"Kevin_Cooper\" width=\"288\" height=\"288\" srcset=\"https:\/\/www.berger.ca\/es\/wp-content\/uploads\/sites\/3\/2024\/07\/Kevin_Cooper.png 288w, https:\/\/www.berger.ca\/es\/wp-content\/uploads\/sites\/3\/2024\/07\/Kevin_Cooper-150x150.png 150w\" sizes=\"auto, (max-width: 288px) 100vw, 288px\" \/><\/p>\n<h4><a class=\"link\" style=\"font-weight: bolder\" href=\"mailto:kevinc@berger.ca\">Kevin Cooper<\/a><\/h4>\n<p>Asesor en cultivos<\/p>\n<p><\/div><\/p>\n<p><div class=\"column-2\"><\/p>\n<p><img loading=\"lazy\" decoding=\"async\" class=\"alignnone size-full wp-image-5491\" src=\"https:\/\/www.berger.ca\/es\/wp-content\/uploads\/sites\/3\/2024\/07\/John_Bergman.png\" alt=\"John_Bergman\" width=\"288\" height=\"288\" srcset=\"https:\/\/www.berger.ca\/es\/wp-content\/uploads\/sites\/3\/2024\/07\/John_Bergman.png 288w, https:\/\/www.berger.ca\/es\/wp-content\/uploads\/sites\/3\/2024\/07\/John_Bergman-150x150.png 150w\" sizes=\"auto, (max-width: 288px) 100vw, 288px\" \/><\/p>\n<h4><a class=\"link\" style=\"font-weight: bolder\" href=\"mailto:jbergman@berger.ca\">John Bergman<\/a><\/h4>\n<p>Asesor en cultivos<\/p>\n<p><\/div><\/p>\n<p><div class=\"column-2\"><\/p>\n<p><img loading=\"lazy\" decoding=\"async\" class=\"alignnone size-full wp-image-5493\" src=\"https:\/\/www.berger.ca\/es\/wp-content\/uploads\/sites\/3\/2024\/07\/Stacey_Rocklin.png\" alt=\"Stacey_Rocklin\" width=\"288\" height=\"288\" srcset=\"https:\/\/www.berger.ca\/es\/wp-content\/uploads\/sites\/3\/2024\/07\/Stacey_Rocklin.png 288w, https:\/\/www.berger.ca\/es\/wp-content\/uploads\/sites\/3\/2024\/07\/Stacey_Rocklin-150x150.png 150w\" sizes=\"auto, (max-width: 288px) 100vw, 288px\" \/><\/p>\n<h4><a class=\"link\" style=\"font-weight: bolder\" href=\"mailto:staceyr@berger.ca\">Stacey Rocklin<\/a><\/h4>\n<p>Asesor en cultivos<\/p>\n<p><\/div><\/p>\n<p><div class=\"column-2\"><\/p>\n<p><img loading=\"lazy\" decoding=\"async\" src=\"https:\/\/www.berger.ca\/es\/wp-content\/uploads\/sites\/3\/2025\/07\/jack_bobo.png\" alt=\"Jack Bobo\" width=\"288\" height=\"288\" class=\"alignleft size-full wp-image-5944\" srcset=\"https:\/\/www.berger.ca\/es\/wp-content\/uploads\/sites\/3\/2025\/07\/jack_bobo.png 288w, https:\/\/www.berger.ca\/es\/wp-content\/uploads\/sites\/3\/2025\/07\/jack_bobo-150x150.png 150w\" sizes=\"auto, (max-width: 288px) 100vw, 288px\" \/><\/p>\n<h4><a class=\"link\" style=\"font-weight: bolder\" href=\"mailto:jackb@berger.ca\">Jack Bobo<\/a><\/h4>\n<p>Asesor en cultivos I+D<\/p>\n<p><\/div><\/p>\n<p><\/div>\n","protected":false},"excerpt":{"rendered":"<p>Potencie su \u00e9xito al cultivar con ayuda de los servicios t\u00e9cnicos y de laboratorio de Berger.<\/p>\n","protected":false},"author":2,"featured_media":0,"parent":255,"menu_order":0,"comment_status":"closed","ping_status":"closed","template":"","meta":{"_acf_changed":false,"footnotes":""},"class_list":["post-261","page","type-page","status-publish","hentry"],"acf":[],"yoast_head":"<!-- This site is optimized with the Yoast SEO plugin v27.3 - https:\/\/yoast.com\/product\/yoast-seo-wordpress\/ -->\n<title>Servicios t\u00e9cnicos y de laboratorio - Berger - ES<\/title>\n<meta name=\"description\" content=\"Berger: una amplia gama de an\u00e1lisis y servicios t\u00e9cnicos. Berger posee un equipo de especialistas dedicado a encontrar soluciones innovadoras y comprobadas.\" \/>\n<meta name=\"robots\" content=\"index, follow, max-snippet:-1, max-image-preview:large, max-video-preview:-1\" \/>\n<link rel=\"canonical\" href=\"https:\/\/www.berger.ca\/es\/servicios\/servicios-tecnicos\/\" \/>\n<meta property=\"og:locale\" content=\"es_ES\" \/>\n<meta property=\"og:type\" content=\"article\" \/>\n<meta property=\"og:title\" content=\"Servicios t\u00e9cnicos y de laboratorio - Berger - ES\" \/>\n<meta property=\"og:description\" content=\"Berger: una amplia gama de an\u00e1lisis y servicios t\u00e9cnicos. Berger posee un equipo de especialistas dedicado a encontrar soluciones innovadoras y comprobadas.\" \/>\n<meta property=\"og:url\" content=\"https:\/\/www.berger.ca\/es\/servicios\/servicios-tecnicos\/\" \/>\n<meta property=\"og:site_name\" content=\"Berger - ES\" \/>\n<meta property=\"article:publisher\" content=\"https:\/\/www.facebook.com\/berger.ca\/\" \/>\n<meta property=\"article:modified_time\" content=\"2025-07-08T14:48:22+00:00\" \/>\n<meta property=\"og:image\" content=\"https:\/\/www.berger.ca\/es\/wp-content\/uploads\/sites\/3\/2024\/07\/PNPC2990-3-scaled.jpg\" \/>\n\t<meta property=\"og:image:width\" content=\"2560\" \/>\n\t<meta property=\"og:image:height\" content=\"1707\" \/>\n\t<meta property=\"og:image:type\" content=\"image\/jpeg\" \/>\n<meta name=\"twitter:card\" content=\"summary_large_image\" \/>\n<meta name=\"twitter:site\" content=\"@berger_ca\" \/>\n<meta name=\"twitter:label1\" content=\"Tiempo de lectura\" \/>\n\t<meta name=\"twitter:data1\" content=\"4 minutos\" \/>\n<script type=\"application\/ld+json\" class=\"yoast-schema-graph\">{\"@context\":\"https:\\\/\\\/schema.org\",\"@graph\":[{\"@type\":\"WebPage\",\"@id\":\"https:\\\/\\\/www.berger.ca\\\/es\\\/servicios\\\/servicios-tecnicos\\\/\",\"url\":\"https:\\\/\\\/www.berger.ca\\\/es\\\/servicios\\\/servicios-tecnicos\\\/\",\"name\":\"Servicios t\u00e9cnicos y de laboratorio - Berger - ES\",\"isPartOf\":{\"@id\":\"https:\\\/\\\/www.berger.ca\\\/es\\\/#website\"},\"primaryImageOfPage\":{\"@id\":\"https:\\\/\\\/www.berger.ca\\\/es\\\/servicios\\\/servicios-tecnicos\\\/#primaryimage\"},\"image\":{\"@id\":\"https:\\\/\\\/www.berger.ca\\\/es\\\/servicios\\\/servicios-tecnicos\\\/#primaryimage\"},\"thumbnailUrl\":\"https:\\\/\\\/www.berger.ca\\\/es\\\/wp-content\\\/uploads\\\/sites\\\/3\\\/2024\\\/07\\\/PNPC2990-3-300x200.jpg\",\"datePublished\":\"2016-05-10T14:18:07+00:00\",\"dateModified\":\"2025-07-08T14:48:22+00:00\",\"description\":\"Berger: una amplia gama de an\u00e1lisis y servicios t\u00e9cnicos. Berger posee un equipo de especialistas dedicado a encontrar soluciones innovadoras y comprobadas.\",\"breadcrumb\":{\"@id\":\"https:\\\/\\\/www.berger.ca\\\/es\\\/servicios\\\/servicios-tecnicos\\\/#breadcrumb\"},\"inLanguage\":\"es\",\"potentialAction\":[{\"@type\":\"ReadAction\",\"target\":[\"https:\\\/\\\/www.berger.ca\\\/es\\\/servicios\\\/servicios-tecnicos\\\/\"]}]},{\"@type\":\"ImageObject\",\"inLanguage\":\"es\",\"@id\":\"https:\\\/\\\/www.berger.ca\\\/es\\\/servicios\\\/servicios-tecnicos\\\/#primaryimage\",\"url\":\"https:\\\/\\\/www.berger.ca\\\/es\\\/wp-content\\\/uploads\\\/sites\\\/3\\\/2024\\\/07\\\/PNPC2990-3-scaled.jpg\",\"contentUrl\":\"https:\\\/\\\/www.berger.ca\\\/es\\\/wp-content\\\/uploads\\\/sites\\\/3\\\/2024\\\/07\\\/PNPC2990-3-scaled.jpg\",\"width\":2560,\"height\":1707,\"caption\":\"An\u00e1lisis de sustrato\"},{\"@type\":\"BreadcrumbList\",\"@id\":\"https:\\\/\\\/www.berger.ca\\\/es\\\/servicios\\\/servicios-tecnicos\\\/#breadcrumb\",\"itemListElement\":[{\"@type\":\"ListItem\",\"position\":1,\"name\":\"Servicios\",\"item\":\"https:\\\/\\\/www.berger.ca\\\/es\\\/servicios\\\/\"},{\"@type\":\"ListItem\",\"position\":2,\"name\":\"Servicios t\u00e9cnicos y de laboratorio\"}]},{\"@type\":\"WebSite\",\"@id\":\"https:\\\/\\\/www.berger.ca\\\/es\\\/#website\",\"url\":\"https:\\\/\\\/www.berger.ca\\\/es\\\/\",\"name\":\"Berger - ES\",\"description\":\"Un site utilisant Sites Berger\",\"publisher\":{\"@id\":\"https:\\\/\\\/www.berger.ca\\\/es\\\/#organization\"},\"potentialAction\":[{\"@type\":\"SearchAction\",\"target\":{\"@type\":\"EntryPoint\",\"urlTemplate\":\"https:\\\/\\\/www.berger.ca\\\/es\\\/?s={search_term_string}\"},\"query-input\":{\"@type\":\"PropertyValueSpecification\",\"valueRequired\":true,\"valueName\":\"search_term_string\"}}],\"inLanguage\":\"es\"},{\"@type\":\"Organization\",\"@id\":\"https:\\\/\\\/www.berger.ca\\\/es\\\/#organization\",\"name\":\"Berger\",\"url\":\"https:\\\/\\\/www.berger.ca\\\/es\\\/\",\"logo\":{\"@type\":\"ImageObject\",\"inLanguage\":\"es\",\"@id\":\"https:\\\/\\\/www.berger.ca\\\/es\\\/#\\\/schema\\\/logo\\\/image\\\/\",\"url\":\"https:\\\/\\\/www.berger.ca\\\/es\\\/wp-content\\\/uploads\\\/sites\\\/3\\\/2016\\\/07\\\/berger_logo_coul_seul.png\",\"contentUrl\":\"https:\\\/\\\/www.berger.ca\\\/es\\\/wp-content\\\/uploads\\\/sites\\\/3\\\/2016\\\/07\\\/berger_logo_coul_seul.png\",\"width\":1257,\"height\":1156,\"caption\":\"Berger\"},\"image\":{\"@id\":\"https:\\\/\\\/www.berger.ca\\\/es\\\/#\\\/schema\\\/logo\\\/image\\\/\"},\"sameAs\":[\"https:\\\/\\\/www.facebook.com\\\/berger.ca\\\/\",\"https:\\\/\\\/x.com\\\/berger_ca\",\"https:\\\/\\\/www.instagram.com\\\/bergermixes\\\/\",\"https:\\\/\\\/www.linkedin.com\\\/company\\\/berger-peat-moss-ltd-\\\/\",\"https:\\\/\\\/www.pinterest.com\\\/bergerpeatmoss\\\/\",\"https:\\\/\\\/www.youtube.com\\\/user\\\/tourbieresberger\"]}]}<\/script>\n<!-- \/ Yoast SEO plugin. -->","yoast_head_json":{"title":"Servicios t\u00e9cnicos y de laboratorio - Berger - ES","description":"Berger: una amplia gama de an\u00e1lisis y servicios t\u00e9cnicos. Berger posee un equipo de especialistas dedicado a encontrar soluciones innovadoras y comprobadas.","robots":{"index":"index","follow":"follow","max-snippet":"max-snippet:-1","max-image-preview":"max-image-preview:large","max-video-preview":"max-video-preview:-1"},"canonical":"https:\/\/www.berger.ca\/es\/servicios\/servicios-tecnicos\/","og_locale":"es_ES","og_type":"article","og_title":"Servicios t\u00e9cnicos y de laboratorio - Berger - ES","og_description":"Berger: una amplia gama de an\u00e1lisis y servicios t\u00e9cnicos. Berger posee un equipo de especialistas dedicado a encontrar soluciones innovadoras y comprobadas.","og_url":"https:\/\/www.berger.ca\/es\/servicios\/servicios-tecnicos\/","og_site_name":"Berger - ES","article_publisher":"https:\/\/www.facebook.com\/berger.ca\/","article_modified_time":"2025-07-08T14:48:22+00:00","og_image":[{"width":2560,"height":1707,"url":"https:\/\/www.berger.ca\/es\/wp-content\/uploads\/sites\/3\/2024\/07\/PNPC2990-3-scaled.jpg","type":"image\/jpeg"}],"twitter_card":"summary_large_image","twitter_site":"@berger_ca","twitter_misc":{"Tiempo de lectura":"4 minutos"},"schema":{"@context":"https:\/\/schema.org","@graph":[{"@type":"WebPage","@id":"https:\/\/www.berger.ca\/es\/servicios\/servicios-tecnicos\/","url":"https:\/\/www.berger.ca\/es\/servicios\/servicios-tecnicos\/","name":"Servicios t\u00e9cnicos y de laboratorio - Berger - ES","isPartOf":{"@id":"https:\/\/www.berger.ca\/es\/#website"},"primaryImageOfPage":{"@id":"https:\/\/www.berger.ca\/es\/servicios\/servicios-tecnicos\/#primaryimage"},"image":{"@id":"https:\/\/www.berger.ca\/es\/servicios\/servicios-tecnicos\/#primaryimage"},"thumbnailUrl":"https:\/\/www.berger.ca\/es\/wp-content\/uploads\/sites\/3\/2024\/07\/PNPC2990-3-300x200.jpg","datePublished":"2016-05-10T14:18:07+00:00","dateModified":"2025-07-08T14:48:22+00:00","description":"Berger: una amplia gama de an\u00e1lisis y servicios t\u00e9cnicos. Berger posee un equipo de especialistas dedicado a encontrar soluciones innovadoras y comprobadas.","breadcrumb":{"@id":"https:\/\/www.berger.ca\/es\/servicios\/servicios-tecnicos\/#breadcrumb"},"inLanguage":"es","potentialAction":[{"@type":"ReadAction","target":["https:\/\/www.berger.ca\/es\/servicios\/servicios-tecnicos\/"]}]},{"@type":"ImageObject","inLanguage":"es","@id":"https:\/\/www.berger.ca\/es\/servicios\/servicios-tecnicos\/#primaryimage","url":"https:\/\/www.berger.ca\/es\/wp-content\/uploads\/sites\/3\/2024\/07\/PNPC2990-3-scaled.jpg","contentUrl":"https:\/\/www.berger.ca\/es\/wp-content\/uploads\/sites\/3\/2024\/07\/PNPC2990-3-scaled.jpg","width":2560,"height":1707,"caption":"An\u00e1lisis de sustrato"},{"@type":"BreadcrumbList","@id":"https:\/\/www.berger.ca\/es\/servicios\/servicios-tecnicos\/#breadcrumb","itemListElement":[{"@type":"ListItem","position":1,"name":"Servicios","item":"https:\/\/www.berger.ca\/es\/servicios\/"},{"@type":"ListItem","position":2,"name":"Servicios t\u00e9cnicos y de laboratorio"}]},{"@type":"WebSite","@id":"https:\/\/www.berger.ca\/es\/#website","url":"https:\/\/www.berger.ca\/es\/","name":"Berger - ES","description":"Un site utilisant Sites Berger","publisher":{"@id":"https:\/\/www.berger.ca\/es\/#organization"},"potentialAction":[{"@type":"SearchAction","target":{"@type":"EntryPoint","urlTemplate":"https:\/\/www.berger.ca\/es\/?s={search_term_string}"},"query-input":{"@type":"PropertyValueSpecification","valueRequired":true,"valueName":"search_term_string"}}],"inLanguage":"es"},{"@type":"Organization","@id":"https:\/\/www.berger.ca\/es\/#organization","name":"Berger","url":"https:\/\/www.berger.ca\/es\/","logo":{"@type":"ImageObject","inLanguage":"es","@id":"https:\/\/www.berger.ca\/es\/#\/schema\/logo\/image\/","url":"https:\/\/www.berger.ca\/es\/wp-content\/uploads\/sites\/3\/2016\/07\/berger_logo_coul_seul.png","contentUrl":"https:\/\/www.berger.ca\/es\/wp-content\/uploads\/sites\/3\/2016\/07\/berger_logo_coul_seul.png","width":1257,"height":1156,"caption":"Berger"},"image":{"@id":"https:\/\/www.berger.ca\/es\/#\/schema\/logo\/image\/"},"sameAs":["https:\/\/www.facebook.com\/berger.ca\/","https:\/\/x.com\/berger_ca","https:\/\/www.instagram.com\/bergermixes\/","https:\/\/www.linkedin.com\/company\/berger-peat-moss-ltd-\/","https:\/\/www.pinterest.com\/bergerpeatmoss\/","https:\/\/www.youtube.com\/user\/tourbieresberger"]}]}},"_links":{"self":[{"href":"https:\/\/www.berger.ca\/es\/wp-json\/wp\/v2\/pages\/261","targetHints":{"allow":["GET"]}}],"collection":[{"href":"https:\/\/www.berger.ca\/es\/wp-json\/wp\/v2\/pages"}],"about":[{"href":"https:\/\/www.berger.ca\/es\/wp-json\/wp\/v2\/types\/page"}],"author":[{"embeddable":true,"href":"https:\/\/www.berger.ca\/es\/wp-json\/wp\/v2\/users\/2"}],"replies":[{"embeddable":true,"href":"https:\/\/www.berger.ca\/es\/wp-json\/wp\/v2\/comments?post=261"}],"version-history":[{"count":34,"href":"https:\/\/www.berger.ca\/es\/wp-json\/wp\/v2\/pages\/261\/revisions"}],"predecessor-version":[{"id":5945,"href":"https:\/\/www.berger.ca\/es\/wp-json\/wp\/v2\/pages\/261\/revisions\/5945"}],"up":[{"embeddable":true,"href":"https:\/\/www.berger.ca\/es\/wp-json\/wp\/v2\/pages\/255"}],"wp:attachment":[{"href":"https:\/\/www.berger.ca\/es\/wp-json\/wp\/v2\/media?parent=261"}],"curies":[{"name":"wp","href":"https:\/\/api.w.org\/{rel}","templated":true}]}}