{"id":2641,"date":"2018-07-12T20:05:37","date_gmt":"2018-07-12T19:05:37","guid":{"rendered":"https:\/\/www.berger.ca\/es\/?page_id=2641"},"modified":"2023-06-13T12:57:03","modified_gmt":"2023-06-13T17:57:03","slug":"congreso-aneberries-2023","status":"publish","type":"page","link":"https:\/\/www.berger.ca\/es\/recursos-para-los-productores\/seminarios-tecnicos-y-eventos\/congreso-aneberries-2023\/","title":{"rendered":"2023 &#8211; 13er Congreso Internacional Aneberries"},"content":{"rendered":"<div class=\"wysiwyg-row\"><br \/>\n<div class=\"column-8\"><\/p>\n<h2>Estamos impacientes por verle en el stand 78 de Aneberries.<\/h2>\n<p style=\"font-weight: 400\"><strong><span style=\"color: #496400\">26-28 de julio de 2023 | Stand n\u00ba 78 | Expo Guadalajara, Av. Mariano Otero 1499, Verde Valle, 44550 Guadalajara, Jal., Mexico<\/span><\/strong><\/p>\n<p>Llevamos 60 a\u00f1os cultivando soluciones innovadoras y una experiencia \u00fanica para que, juntos, podamos crecer m\u00e1s all\u00e1 de sus expectativas.<\/p>\n<h4 style=\"text-align: center\">La exposici\u00f3n de Berger celebra su 60 aniversario ofreci\u00e9ndole su reconocida experiencia.<\/h4>\n<p>&nbsp;<\/p>\n<p><\/div><\/p>\n<p><div class=\"column-4\"><\/p>\n<p><a href=\"https:\/\/www.congresoberries.com\/\"><img loading=\"lazy\" decoding=\"async\" class=\"alignnone size-medium wp-image-5081\" src=\"https:\/\/www.berger.ca\/es\/wp-content\/uploads\/sites\/3\/2023\/06\/aneberries-logo-300x77.png\" alt=\"\" width=\"300\" height=\"77\" srcset=\"https:\/\/www.berger.ca\/es\/wp-content\/uploads\/sites\/3\/2023\/06\/aneberries-logo-300x77.png 300w, https:\/\/www.berger.ca\/es\/wp-content\/uploads\/sites\/3\/2023\/06\/aneberries-logo-1024x263.png 1024w, https:\/\/www.berger.ca\/es\/wp-content\/uploads\/sites\/3\/2023\/06\/aneberries-logo-768x197.png 768w, https:\/\/www.berger.ca\/es\/wp-content\/uploads\/sites\/3\/2023\/06\/aneberries-logo.png 1250w\" sizes=\"auto, (max-width: 300px) 100vw, 300px\" \/><\/a><\/p>\n<p><a class=\"button\" href=\"https:\/\/acob.guru\/Pangea\/regindStore.aspx?cuip=1-522223Z&amp;md=1&amp;lan=SP&amp;acuni=2222223&amp;hpr=1&amp;fui=2222223\" target=\"_blank\" rel=\"noopener noreferrer\">\u00a1REG\u00cdSTRATE AHORA!<\/a><\/p>\n<p><\/div><br \/>\n<\/div>\n<h3 style=\"text-align: left\"><em><span style=\"color: #496400\">Sesi\u00f3n educativa<\/span><\/em><\/h3>\n<hr \/>\n<p>&nbsp;<\/p>\n<div class=\"wysiwyg-row\"><br \/>\n<div class=\"column-4\"><\/p>\n<p><img loading=\"lazy\" decoding=\"async\" class=\"alignnone wp-image-11227\" src=\"https:\/\/www.berger.ca\/en\/wp-content\/uploads\/sites\/2\/2022\/10\/photos_harold_rond.png\" alt=\"\" width=\"180\" height=\"180\" \/><\/p>\n<p><strong>Harold Sagastume<\/strong><\/p>\n<p>Representante de ventas y asesores de cultivo<\/p>\n<p><\/div><\/p>\n<p><div class=\"column-8\"><\/p>\n<h2><em><span class=\"TextRun SCXW238231633 BCX0\" lang=\"EN-US\" xml:lang=\"EN-US\" data-contrast=\"auto\"><span class=\"NormalTextRun SCXW238231633 BCX0\">\u00abDesaf\u00edos para el uso sustentable de sustratos en la industria de las berries.<\/span><span class=\"NormalTextRun SCXW238231633 BCX0\">\u00ab<\/span><\/span><\/em><strong><br \/>\n<\/strong><\/h2>\n<p><strong>Harold Sagastume<\/strong>, asesor de cultivos y representante de ventas de Berger, estar\u00e1 junto a la <strong>Dra. Ellen Dams<\/strong>, directora internacional de productos de Legro, y el <strong>Dr. Brian Jackson<\/strong>, profesor y director del Laboratorio de sustratos hort\u00edcolas del Departamento de Ciencias Hort\u00edcolas de la Universidad Estatal de Carolina del Norte, para debatir sobre las pr\u00e1cticas en las operaciones de invernadero y la fabricaci\u00f3n de sustratos de cultivo. Tambi\u00e9n se discutir\u00e1n ciertos conceptos err\u00f3neos con respecto a la industria del musgo de turba en Am\u00e9rica.<\/p>\n<p><span style=\"color: #88ac2e\"><strong>\u00bfCU\u00c1NDO? <\/strong>\u00a0| Viernes 28 de julio, de 14.35 a 15.35 horas.<\/span><\/p>\n<p><\/div><br \/>\n<\/div>\n<hr \/>\n<h3>Productos destacados<\/h3>\n<table style=\"width: 99.9212%\">\n<tbody>\n<tr>\n<td style=\"border-color: #eeefe9;padding-right: 15px;width: 32.9819%\"><a href=\"https:\/\/www.berger.ca\/es\/productos\/bm2-fibra-natural-madera-hp\/\" target=\"_blank\" rel=\"noopener noreferrer\"><img loading=\"lazy\" decoding=\"async\" class=\"alignnone wp-image-4817\" src=\"https:\/\/www.berger.ca\/en\/wp-content\/uploads\/sites\/2\/2022\/08\/emballage_bm2HPWood_geminatingmix_38bag_berger_150.png\" alt=\"BM2 Fibra Natural \u2013 Madera HP\u200b\" width=\"190\" height=\"269\" \/><\/a><\/td>\n<td style=\"border-color: #eeefe9;padding-right: 15px;width: 32.3795%\"><a href=\"https:\/\/www.berger.ca\/es\/productos\/bm2-propagacion-hp\/\" target=\"_blank\" rel=\"noopener noreferrer\"><img loading=\"lazy\" decoding=\"async\" class=\"alignnone wp-image-4820\" src=\"https:\/\/www.berger.ca\/en\/wp-content\/uploads\/sites\/2\/2022\/08\/emballagebm2HP_geminatingmix_38bag_berger_150.png\" alt=\"Bm2 Propagaci\u00f3n HP\u200b\" width=\"190\" height=\"269\" \/><\/a><\/p>\n<p>&nbsp;<\/td>\n<td style=\"border-color: #eeefe9;padding-right: 15px;width: 34.488%\"><a href=\"https:\/\/www.berger.ca\/es\/productos\/bm6-general-purpose-hp\/\" target=\"_blank\" rel=\"noopener noreferrer\"><br \/>\n<img loading=\"lazy\" decoding=\"async\" class=\"alignnone wp-image-4821\" src=\"https:\/\/www.berger.ca\/en\/wp-content\/uploads\/sites\/2\/2022\/05\/bm6hp_generalpurposemix_38bag_berger-e1652722229354.png\" alt=\"BM6 Todo uso HP\" width=\"190\" height=\"269\" \/><\/a><\/td>\n<\/tr>\n<\/tbody>\n<\/table>\n<p style=\"text-align: center\"><strong>En Berger, hacemos mucho m\u00e1s que crear lo que se considera el mejor sustrato de cultivo del mercado. Como sabe, adem\u00e1s de nuestra experiencia y nuestro pensamiento innovador, la relaci\u00f3n con nuestros clientes sigue siendo una parte fundamental de nuestro enfoque para ayudarle a crecer m\u00e1s all\u00e1 de sus expectativas.<\/strong><\/p>\n<p style=\"text-align: center\"><strong>Nuestro equipo de expertos estar\u00e1 all\u00ed para hablarle de nuestra amplia gama de servicios t\u00e9cnicos, productos y servicios adicionales para sacar el m\u00e1ximo partido a su producci\u00f3n.<\/strong><\/p>\n","protected":false},"excerpt":{"rendered":"<p>Sesi\u00f3n educativa &nbsp; Productos destacados &nbsp; En Berger, hacemos mucho m\u00e1s que crear lo que se considera el mejor sustrato de cultivo del mercado. Como sabe, adem\u00e1s de nuestra experiencia y nuestro pensamiento innovador, la relaci\u00f3n con nuestros clientes sigue siendo una parte fundamental de nuestro enfoque para ayudarle a crecer m\u00e1s all\u00e1 de sus expectativas. Nuestro equipo de expertos estar\u00e1 all\u00ed para hablarle de nuestra amplia gama de servicios t\u00e9cnicos, productos y servicios adicionales para sacar el m\u00e1ximo partido a su producci\u00f3n.<\/p>\n","protected":false},"author":2,"featured_media":0,"parent":267,"menu_order":0,"comment_status":"closed","ping_status":"closed","template":"","meta":{"_acf_changed":false,"footnotes":""},"class_list":["post-2641","page","type-page","status-publish","hentry"],"acf":[],"yoast_head":"<!-- This site is optimized with the Yoast SEO plugin v27.3 - https:\/\/yoast.com\/product\/yoast-seo-wordpress\/ -->\n<title>2023 - 13er Congreso Internacional Aneberries - Berger - ES<\/title>\n<meta name=\"description\" content=\"Los miembros del equipo de asesores en horticultura de Berger han creado un compilado de las mejores pr\u00e1cticas que le permitir\u00e1n optimizar sus operaciones.\" \/>\n<meta name=\"robots\" content=\"index, follow, max-snippet:-1, max-image-preview:large, max-video-preview:-1\" \/>\n<link rel=\"canonical\" href=\"https:\/\/www.berger.ca\/es\/recursos-para-los-productores\/seminarios-tecnicos-y-eventos\/congreso-aneberries-2023\/\" \/>\n<meta property=\"og:locale\" content=\"es_ES\" \/>\n<meta property=\"og:type\" content=\"article\" \/>\n<meta property=\"og:title\" content=\"2023 - 13er Congreso Internacional Aneberries - Berger - ES\" \/>\n<meta property=\"og:description\" content=\"Los miembros del equipo de asesores en horticultura de Berger han creado un compilado de las mejores pr\u00e1cticas que le permitir\u00e1n optimizar sus operaciones.\" \/>\n<meta property=\"og:url\" content=\"https:\/\/www.berger.ca\/es\/recursos-para-los-productores\/seminarios-tecnicos-y-eventos\/congreso-aneberries-2023\/\" \/>\n<meta property=\"og:site_name\" content=\"Berger - ES\" \/>\n<meta property=\"article:publisher\" content=\"https:\/\/www.facebook.com\/berger.ca\/\" \/>\n<meta property=\"article:modified_time\" content=\"2023-06-13T17:57:03+00:00\" \/>\n<meta property=\"og:image\" content=\"https:\/\/www.berger.ca\/es\/wp-content\/uploads\/sites\/3\/2023\/06\/aneberries-logo-300x77.png\" \/>\n<meta name=\"twitter:card\" content=\"summary_large_image\" \/>\n<meta name=\"twitter:site\" content=\"@berger_ca\" \/>\n<meta name=\"twitter:label1\" content=\"Tiempo de lectura\" \/>\n\t<meta name=\"twitter:data1\" content=\"3 minutos\" \/>\n<script type=\"application\/ld+json\" class=\"yoast-schema-graph\">{\"@context\":\"https:\\\/\\\/schema.org\",\"@graph\":[{\"@type\":\"WebPage\",\"@id\":\"https:\\\/\\\/www.berger.ca\\\/es\\\/recursos-para-los-productores\\\/seminarios-tecnicos-y-eventos\\\/congreso-aneberries-2023\\\/\",\"url\":\"https:\\\/\\\/www.berger.ca\\\/es\\\/recursos-para-los-productores\\\/seminarios-tecnicos-y-eventos\\\/congreso-aneberries-2023\\\/\",\"name\":\"2023 - 13er Congreso Internacional Aneberries - Berger - ES\",\"isPartOf\":{\"@id\":\"https:\\\/\\\/www.berger.ca\\\/es\\\/#website\"},\"primaryImageOfPage\":{\"@id\":\"https:\\\/\\\/www.berger.ca\\\/es\\\/recursos-para-los-productores\\\/seminarios-tecnicos-y-eventos\\\/congreso-aneberries-2023\\\/#primaryimage\"},\"image\":{\"@id\":\"https:\\\/\\\/www.berger.ca\\\/es\\\/recursos-para-los-productores\\\/seminarios-tecnicos-y-eventos\\\/congreso-aneberries-2023\\\/#primaryimage\"},\"thumbnailUrl\":\"https:\\\/\\\/www.berger.ca\\\/es\\\/wp-content\\\/uploads\\\/sites\\\/3\\\/2023\\\/06\\\/aneberries-logo-300x77.png\",\"datePublished\":\"2018-07-12T19:05:37+00:00\",\"dateModified\":\"2023-06-13T17:57:03+00:00\",\"description\":\"Los miembros del equipo de asesores en horticultura de Berger han creado un compilado de las mejores pr\u00e1cticas que le permitir\u00e1n optimizar sus operaciones.\",\"breadcrumb\":{\"@id\":\"https:\\\/\\\/www.berger.ca\\\/es\\\/recursos-para-los-productores\\\/seminarios-tecnicos-y-eventos\\\/congreso-aneberries-2023\\\/#breadcrumb\"},\"inLanguage\":\"es\",\"potentialAction\":[{\"@type\":\"ReadAction\",\"target\":[\"https:\\\/\\\/www.berger.ca\\\/es\\\/recursos-para-los-productores\\\/seminarios-tecnicos-y-eventos\\\/congreso-aneberries-2023\\\/\"]}]},{\"@type\":\"ImageObject\",\"inLanguage\":\"es\",\"@id\":\"https:\\\/\\\/www.berger.ca\\\/es\\\/recursos-para-los-productores\\\/seminarios-tecnicos-y-eventos\\\/congreso-aneberries-2023\\\/#primaryimage\",\"url\":\"https:\\\/\\\/www.berger.ca\\\/es\\\/wp-content\\\/uploads\\\/sites\\\/3\\\/2023\\\/06\\\/aneberries-logo.png\",\"contentUrl\":\"https:\\\/\\\/www.berger.ca\\\/es\\\/wp-content\\\/uploads\\\/sites\\\/3\\\/2023\\\/06\\\/aneberries-logo.png\",\"width\":1250,\"height\":321},{\"@type\":\"BreadcrumbList\",\"@id\":\"https:\\\/\\\/www.berger.ca\\\/es\\\/recursos-para-los-productores\\\/seminarios-tecnicos-y-eventos\\\/congreso-aneberries-2023\\\/#breadcrumb\",\"itemListElement\":[{\"@type\":\"ListItem\",\"position\":1,\"name\":\"Recursos para los productores\",\"item\":\"https:\\\/\\\/www.berger.ca\\\/es\\\/recursos-para-los-productores\\\/\"},{\"@type\":\"ListItem\",\"position\":2,\"name\":\"Seminarios t\u00e9cnicos y eventos\",\"item\":\"https:\\\/\\\/www.berger.ca\\\/es\\\/recursos-para-los-productores\\\/seminarios-tecnicos-y-eventos\\\/\"},{\"@type\":\"ListItem\",\"position\":3,\"name\":\"2023 &#8211; 13er Congreso Internacional Aneberries\"}]},{\"@type\":\"WebSite\",\"@id\":\"https:\\\/\\\/www.berger.ca\\\/es\\\/#website\",\"url\":\"https:\\\/\\\/www.berger.ca\\\/es\\\/\",\"name\":\"Berger - ES\",\"description\":\"Un site utilisant Sites Berger\",\"publisher\":{\"@id\":\"https:\\\/\\\/www.berger.ca\\\/es\\\/#organization\"},\"potentialAction\":[{\"@type\":\"SearchAction\",\"target\":{\"@type\":\"EntryPoint\",\"urlTemplate\":\"https:\\\/\\\/www.berger.ca\\\/es\\\/?s={search_term_string}\"},\"query-input\":{\"@type\":\"PropertyValueSpecification\",\"valueRequired\":true,\"valueName\":\"search_term_string\"}}],\"inLanguage\":\"es\"},{\"@type\":\"Organization\",\"@id\":\"https:\\\/\\\/www.berger.ca\\\/es\\\/#organization\",\"name\":\"Berger\",\"url\":\"https:\\\/\\\/www.berger.ca\\\/es\\\/\",\"logo\":{\"@type\":\"ImageObject\",\"inLanguage\":\"es\",\"@id\":\"https:\\\/\\\/www.berger.ca\\\/es\\\/#\\\/schema\\\/logo\\\/image\\\/\",\"url\":\"https:\\\/\\\/www.berger.ca\\\/es\\\/wp-content\\\/uploads\\\/sites\\\/3\\\/2016\\\/07\\\/berger_logo_coul_seul.png\",\"contentUrl\":\"https:\\\/\\\/www.berger.ca\\\/es\\\/wp-content\\\/uploads\\\/sites\\\/3\\\/2016\\\/07\\\/berger_logo_coul_seul.png\",\"width\":1257,\"height\":1156,\"caption\":\"Berger\"},\"image\":{\"@id\":\"https:\\\/\\\/www.berger.ca\\\/es\\\/#\\\/schema\\\/logo\\\/image\\\/\"},\"sameAs\":[\"https:\\\/\\\/www.facebook.com\\\/berger.ca\\\/\",\"https:\\\/\\\/x.com\\\/berger_ca\",\"https:\\\/\\\/www.instagram.com\\\/bergermixes\\\/\",\"https:\\\/\\\/www.linkedin.com\\\/company\\\/berger-peat-moss-ltd-\\\/\",\"https:\\\/\\\/www.pinterest.com\\\/bergerpeatmoss\\\/\",\"https:\\\/\\\/www.youtube.com\\\/user\\\/tourbieresberger\"]}]}<\/script>\n<!-- \/ Yoast SEO plugin. -->","yoast_head_json":{"title":"2023 - 13er Congreso Internacional Aneberries - Berger - ES","description":"Los miembros del equipo de asesores en horticultura de Berger han creado un compilado de las mejores pr\u00e1cticas que le permitir\u00e1n optimizar sus operaciones.","robots":{"index":"index","follow":"follow","max-snippet":"max-snippet:-1","max-image-preview":"max-image-preview:large","max-video-preview":"max-video-preview:-1"},"canonical":"https:\/\/www.berger.ca\/es\/recursos-para-los-productores\/seminarios-tecnicos-y-eventos\/congreso-aneberries-2023\/","og_locale":"es_ES","og_type":"article","og_title":"2023 - 13er Congreso Internacional Aneberries - Berger - ES","og_description":"Los miembros del equipo de asesores en horticultura de Berger han creado un compilado de las mejores pr\u00e1cticas que le permitir\u00e1n optimizar sus operaciones.","og_url":"https:\/\/www.berger.ca\/es\/recursos-para-los-productores\/seminarios-tecnicos-y-eventos\/congreso-aneberries-2023\/","og_site_name":"Berger - ES","article_publisher":"https:\/\/www.facebook.com\/berger.ca\/","article_modified_time":"2023-06-13T17:57:03+00:00","og_image":[{"url":"https:\/\/www.berger.ca\/es\/wp-content\/uploads\/sites\/3\/2023\/06\/aneberries-logo-300x77.png","type":"","width":"","height":""}],"twitter_card":"summary_large_image","twitter_site":"@berger_ca","twitter_misc":{"Tiempo de lectura":"3 minutos"},"schema":{"@context":"https:\/\/schema.org","@graph":[{"@type":"WebPage","@id":"https:\/\/www.berger.ca\/es\/recursos-para-los-productores\/seminarios-tecnicos-y-eventos\/congreso-aneberries-2023\/","url":"https:\/\/www.berger.ca\/es\/recursos-para-los-productores\/seminarios-tecnicos-y-eventos\/congreso-aneberries-2023\/","name":"2023 - 13er Congreso Internacional Aneberries - Berger - ES","isPartOf":{"@id":"https:\/\/www.berger.ca\/es\/#website"},"primaryImageOfPage":{"@id":"https:\/\/www.berger.ca\/es\/recursos-para-los-productores\/seminarios-tecnicos-y-eventos\/congreso-aneberries-2023\/#primaryimage"},"image":{"@id":"https:\/\/www.berger.ca\/es\/recursos-para-los-productores\/seminarios-tecnicos-y-eventos\/congreso-aneberries-2023\/#primaryimage"},"thumbnailUrl":"https:\/\/www.berger.ca\/es\/wp-content\/uploads\/sites\/3\/2023\/06\/aneberries-logo-300x77.png","datePublished":"2018-07-12T19:05:37+00:00","dateModified":"2023-06-13T17:57:03+00:00","description":"Los miembros del equipo de asesores en horticultura de Berger han creado un compilado de las mejores pr\u00e1cticas que le permitir\u00e1n optimizar sus operaciones.","breadcrumb":{"@id":"https:\/\/www.berger.ca\/es\/recursos-para-los-productores\/seminarios-tecnicos-y-eventos\/congreso-aneberries-2023\/#breadcrumb"},"inLanguage":"es","potentialAction":[{"@type":"ReadAction","target":["https:\/\/www.berger.ca\/es\/recursos-para-los-productores\/seminarios-tecnicos-y-eventos\/congreso-aneberries-2023\/"]}]},{"@type":"ImageObject","inLanguage":"es","@id":"https:\/\/www.berger.ca\/es\/recursos-para-los-productores\/seminarios-tecnicos-y-eventos\/congreso-aneberries-2023\/#primaryimage","url":"https:\/\/www.berger.ca\/es\/wp-content\/uploads\/sites\/3\/2023\/06\/aneberries-logo.png","contentUrl":"https:\/\/www.berger.ca\/es\/wp-content\/uploads\/sites\/3\/2023\/06\/aneberries-logo.png","width":1250,"height":321},{"@type":"BreadcrumbList","@id":"https:\/\/www.berger.ca\/es\/recursos-para-los-productores\/seminarios-tecnicos-y-eventos\/congreso-aneberries-2023\/#breadcrumb","itemListElement":[{"@type":"ListItem","position":1,"name":"Recursos para los productores","item":"https:\/\/www.berger.ca\/es\/recursos-para-los-productores\/"},{"@type":"ListItem","position":2,"name":"Seminarios t\u00e9cnicos y eventos","item":"https:\/\/www.berger.ca\/es\/recursos-para-los-productores\/seminarios-tecnicos-y-eventos\/"},{"@type":"ListItem","position":3,"name":"2023 &#8211; 13er Congreso Internacional Aneberries"}]},{"@type":"WebSite","@id":"https:\/\/www.berger.ca\/es\/#website","url":"https:\/\/www.berger.ca\/es\/","name":"Berger - ES","description":"Un site utilisant Sites Berger","publisher":{"@id":"https:\/\/www.berger.ca\/es\/#organization"},"potentialAction":[{"@type":"SearchAction","target":{"@type":"EntryPoint","urlTemplate":"https:\/\/www.berger.ca\/es\/?s={search_term_string}"},"query-input":{"@type":"PropertyValueSpecification","valueRequired":true,"valueName":"search_term_string"}}],"inLanguage":"es"},{"@type":"Organization","@id":"https:\/\/www.berger.ca\/es\/#organization","name":"Berger","url":"https:\/\/www.berger.ca\/es\/","logo":{"@type":"ImageObject","inLanguage":"es","@id":"https:\/\/www.berger.ca\/es\/#\/schema\/logo\/image\/","url":"https:\/\/www.berger.ca\/es\/wp-content\/uploads\/sites\/3\/2016\/07\/berger_logo_coul_seul.png","contentUrl":"https:\/\/www.berger.ca\/es\/wp-content\/uploads\/sites\/3\/2016\/07\/berger_logo_coul_seul.png","width":1257,"height":1156,"caption":"Berger"},"image":{"@id":"https:\/\/www.berger.ca\/es\/#\/schema\/logo\/image\/"},"sameAs":["https:\/\/www.facebook.com\/berger.ca\/","https:\/\/x.com\/berger_ca","https:\/\/www.instagram.com\/bergermixes\/","https:\/\/www.linkedin.com\/company\/berger-peat-moss-ltd-\/","https:\/\/www.pinterest.com\/bergerpeatmoss\/","https:\/\/www.youtube.com\/user\/tourbieresberger"]}]}},"_links":{"self":[{"href":"https:\/\/www.berger.ca\/es\/wp-json\/wp\/v2\/pages\/2641","targetHints":{"allow":["GET"]}}],"collection":[{"href":"https:\/\/www.berger.ca\/es\/wp-json\/wp\/v2\/pages"}],"about":[{"href":"https:\/\/www.berger.ca\/es\/wp-json\/wp\/v2\/types\/page"}],"author":[{"embeddable":true,"href":"https:\/\/www.berger.ca\/es\/wp-json\/wp\/v2\/users\/2"}],"replies":[{"embeddable":true,"href":"https:\/\/www.berger.ca\/es\/wp-json\/wp\/v2\/comments?post=2641"}],"version-history":[{"count":23,"href":"https:\/\/www.berger.ca\/es\/wp-json\/wp\/v2\/pages\/2641\/revisions"}],"predecessor-version":[{"id":5085,"href":"https:\/\/www.berger.ca\/es\/wp-json\/wp\/v2\/pages\/2641\/revisions\/5085"}],"up":[{"embeddable":true,"href":"https:\/\/www.berger.ca\/es\/wp-json\/wp\/v2\/pages\/267"}],"wp:attachment":[{"href":"https:\/\/www.berger.ca\/es\/wp-json\/wp\/v2\/media?parent=2641"}],"curies":[{"name":"wp","href":"https:\/\/api.w.org\/{rel}","templated":true}]}}