{"id":269,"date":"2016-05-10T15:27:04","date_gmt":"2016-05-10T14:27:04","guid":{"rendered":"https:\/\/www.berger.ca\/es\/?page_id=269"},"modified":"2019-01-14T14:36:37","modified_gmt":"2019-01-14T19:36:37","slug":"prensa-berger","status":"publish","type":"page","link":"https:\/\/www.berger.ca\/es\/recursos-para-los-productores\/prensa-berger\/","title":{"rendered":"Prensa Berger"},"content":{"rendered":"<h2>\u00a1Las \u00faltimas noticias que usted estaba esperando!<\/h2>\n<p>Adem\u00e1s de contener <strong>consejos pr\u00e1cticos de nuestros expertos<\/strong>, conozca a nuestros representantes de ventas, descubra las \u00faltimas noticias y est\u00e9 al tanto \u00a0de nuestros futuros proyectos .<\/p>\n<div class=\"wysiwyg-row\"><br \/>\n<div class=\"column-4\"><\/p>\n<p>Agosto\u00a02018 &#8211;<br \/>\nD\u00e9cima edici\u00f3n<\/p>\n<p><a href=\"https:\/\/www.berger.ca\/es\/wp-content\/uploads\/sites\/3\/2019\/01\/Web_bergerpress_june2018ES.pdf\" target=\"_blank\" rel=\"noopener\"><img loading=\"lazy\" decoding=\"async\" class=\"alignnone wp-image-3125 size-medium\" title=\"Prensa Berger - 6\" src=\"https:\/\/www.berger.ca\/es\/wp-content\/uploads\/sites\/3\/2019\/01\/photos_bergerpress_agosto2018_es-300x171.jpg\" alt=\"El Berger Press\" width=\"300\" height=\"171\" srcset=\"https:\/\/www.berger.ca\/es\/wp-content\/uploads\/sites\/3\/2019\/01\/photos_bergerpress_agosto2018_es-300x171.jpg 300w, https:\/\/www.berger.ca\/es\/wp-content\/uploads\/sites\/3\/2019\/01\/photos_bergerpress_agosto2018_es.jpg 350w\" sizes=\"auto, (max-width: 300px) 100vw, 300px\" \/><\/a><\/p>\n<p><a class=\"button pdf\" href=\"https:\/\/www.berger.ca\/es\/wp-content\/uploads\/sites\/3\/2019\/01\/Web_bergerpress_june2018ES.pdf\" target=\"_blank\" rel=\"noopener noreferrer\">VER EL DIARIO<\/a><\/p>\n<p><\/div><\/p>\n<p><div class=\"column-4\"><\/p>\n<p>Julio\u00a02017 &#8211;<br \/>\nNovena edici\u00f3n<\/p>\n<p><a href=\"https:\/\/www.berger.ca\/es\/wp-content\/uploads\/sites\/3\/2017\/08\/BergerPress_es_9edition.pdf\" target=\"_blank\" rel=\"noopener\"><img loading=\"lazy\" decoding=\"async\" class=\"alignnone wp-image-1996 size-medium\" title=\"Prensa Berger - 6\" src=\"https:\/\/www.berger.ca\/es\/wp-content\/uploads\/sites\/3\/2017\/08\/BergerPress_9_es-300x171.jpg\" alt=\"\" width=\"300\" height=\"171\" srcset=\"https:\/\/www.berger.ca\/es\/wp-content\/uploads\/sites\/3\/2017\/08\/BergerPress_9_es-300x171.jpg 300w, https:\/\/www.berger.ca\/es\/wp-content\/uploads\/sites\/3\/2017\/08\/BergerPress_9_es.jpg 350w\" sizes=\"auto, (max-width: 300px) 100vw, 300px\" \/><\/a><\/p>\n<p><a class=\"button pdf\" href=\"https:\/\/www.berger.ca\/es\/wp-content\/uploads\/sites\/3\/2017\/08\/BergerPress_es_9edition.pdf\" target=\"_blank\" rel=\"noopener noreferrer\">VER EL DIARIO<\/a><\/p>\n<p><\/div><\/p>\n<p><div class=\"column-4\"><\/p>\n<p>Diciembre\u00a02016 &#8211;<br \/>\nOctava edici\u00f3n<\/p>\n<p><a href=\"https:\/\/www.berger.ca\/es\/wp-content\/uploads\/sites\/3\/2016\/12\/BergerPress_es_8edition.pdf\" target=\"_blank\" rel=\"noopener\"><img loading=\"lazy\" decoding=\"async\" class=\"alignnone wp-image-1297 size-medium\" title=\"Prensa Berger - 6\" src=\"https:\/\/www.berger.ca\/es\/wp-content\/uploads\/sites\/3\/2016\/12\/BergerPress_8_es-300x171.jpg\" alt=\"La prensa Berger - Diciembre 2016\" width=\"300\" height=\"171\" srcset=\"https:\/\/www.berger.ca\/es\/wp-content\/uploads\/sites\/3\/2016\/12\/BergerPress_8_es-300x171.jpg 300w, https:\/\/www.berger.ca\/es\/wp-content\/uploads\/sites\/3\/2016\/12\/BergerPress_8_es.jpg 350w\" sizes=\"auto, (max-width: 300px) 100vw, 300px\" \/><\/a><\/p>\n<p><a class=\"button pdf\" href=\"https:\/\/www.berger.ca\/es\/wp-content\/uploads\/sites\/3\/2016\/12\/BergerPress_es_8edition.pdf\" target=\"_blank\" rel=\"noopener noreferrer\">VER EL DIARIO<\/a><\/p>\n<p><\/div><\/p>\n<p><\/div>\n<div class=\"wysiwyg-row\"><br \/>\n<div class=\"column-4\"><\/p>\n<p>Junio\u00a02016 &#8211;<br \/>\nS\u00e9ptima edici\u00f3n<\/p>\n<p><a href=\"https:\/\/www.berger.ca\/es\/wp-content\/uploads\/sites\/3\/2016\/07\/BergerPress_es_7edition.pdf\" target=\"_blank\" rel=\"noopener\"><img loading=\"lazy\" decoding=\"async\" class=\"alignnone wp-image-842 size-medium\" title=\"Prensa Berger - 6\" src=\"https:\/\/www.berger.ca\/es\/wp-content\/uploads\/sites\/3\/2016\/07\/BergerPress_7_es-300x171.jpg\" alt=\"\" width=\"300\" height=\"171\" srcset=\"https:\/\/www.berger.ca\/es\/wp-content\/uploads\/sites\/3\/2016\/07\/BergerPress_7_es-300x171.jpg 300w, https:\/\/www.berger.ca\/es\/wp-content\/uploads\/sites\/3\/2016\/07\/BergerPress_7_es.jpg 350w\" sizes=\"auto, (max-width: 300px) 100vw, 300px\" \/><\/a><\/p>\n<p><a class=\"button pdf\" href=\"https:\/\/www.berger.ca\/es\/wp-content\/uploads\/sites\/3\/2016\/07\/BergerPress_es_7edition.pdf\" target=\"_blank\" rel=\"noopener noreferrer\">VER EL DIARIO<\/a><\/p>\n<p><\/div><\/p>\n<p><div class=\"column-4\"><\/p>\n<p>Junio 2015 &#8211;<br \/>\nQuinta edici\u00f3n<\/p>\n<p><a href=\"https:\/\/www.berger.ca\/es\/wp-content\/uploads\/sites\/3\/2016\/05\/BergerPress_en_5edition.pdf\" target=\"_blank\" rel=\"noopener\"><img loading=\"lazy\" decoding=\"async\" class=\"alignnone wp-image-216 size-medium\" title=\"Prensa Berger - 5\" src=\"https:\/\/www.berger.ca\/es\/wp-content\/uploads\/sites\/3\/2016\/05\/BergerPress_5_en-300x171.jpg\" alt=\"Prensa Berger - 5\" width=\"300\" height=\"171\" srcset=\"https:\/\/www.berger.ca\/es\/wp-content\/uploads\/sites\/3\/2016\/05\/BergerPress_5_en-300x171.jpg 300w, https:\/\/www.berger.ca\/es\/wp-content\/uploads\/sites\/3\/2016\/05\/BergerPress_5_en.jpg 350w\" sizes=\"auto, (max-width: 300px) 100vw, 300px\" \/><\/a><\/p>\n<p><a class=\"button pdf\" href=\"https:\/\/www.berger.ca\/es\/wp-content\/uploads\/sites\/3\/2016\/05\/BergerPress_en_5edition.pdf\" target=\"_blank\" rel=\"noopener noreferrer\">VER EL DIARIO<\/a><\/p>\n<p><\/div><\/p>\n<p><div class=\"column-4\"><\/p>\n<p>Diciembre\u00a02014 &#8211;<br \/>\nCuarta\u00a0edici\u00f3n<\/p>\n<p><a href=\"https:\/\/www.berger.ca\/es\/wp-content\/uploads\/sites\/3\/2016\/05\/BergerPress_es_4edition.pdf\" target=\"_blank\" rel=\"noopener\"><img loading=\"lazy\" decoding=\"async\" class=\"alignnone wp-image-215 size-medium\" title=\"Prensa Berger - 4\" src=\"https:\/\/www.berger.ca\/es\/wp-content\/uploads\/sites\/3\/2016\/05\/BergerPress_4_es-300x171.jpg\" alt=\"Prensa Berger - 4\" width=\"300\" height=\"171\" srcset=\"https:\/\/www.berger.ca\/es\/wp-content\/uploads\/sites\/3\/2016\/05\/BergerPress_4_es-300x171.jpg 300w, https:\/\/www.berger.ca\/es\/wp-content\/uploads\/sites\/3\/2016\/05\/BergerPress_4_es.jpg 350w\" sizes=\"auto, (max-width: 300px) 100vw, 300px\" \/><\/a><\/p>\n<p><a class=\"button pdf\" href=\"https:\/\/www.berger.ca\/es\/wp-content\/uploads\/sites\/3\/2016\/05\/BergerPress_es_4edition.pdf\" target=\"_blank\" rel=\"noopener noreferrer\">VER EL DIARIO<\/a><\/p>\n<p><\/div><\/p>\n<p><\/div>\n<div class=\"wysiwyg-row\"><br \/>\n<div class=\"column-4\"><\/p>\n<p>Diciembre\u00a02015 &#8211;<br \/>\nSexta edici\u00f3n<\/p>\n<p><a href=\"https:\/\/www.berger.ca\/es\/wp-content\/uploads\/sites\/3\/2016\/05\/BergerPress_es_6edition.pdf\" target=\"_blank\" rel=\"noopener\"><img loading=\"lazy\" decoding=\"async\" class=\"alignnone wp-image-217 size-medium\" title=\"Prensa Berger - 6\" src=\"https:\/\/www.berger.ca\/es\/wp-content\/uploads\/sites\/3\/2016\/05\/BergerPress_6_es-300x171.jpg\" alt=\"Prensa Berger - 6\" width=\"300\" height=\"171\" srcset=\"https:\/\/www.berger.ca\/es\/wp-content\/uploads\/sites\/3\/2016\/05\/BergerPress_6_es-300x171.jpg 300w, https:\/\/www.berger.ca\/es\/wp-content\/uploads\/sites\/3\/2016\/05\/BergerPress_6_es.jpg 350w\" sizes=\"auto, (max-width: 300px) 100vw, 300px\" \/><\/a><\/p>\n<p><a class=\"button pdf\" href=\"https:\/\/www.berger.ca\/es\/wp-content\/uploads\/sites\/3\/2016\/05\/BergerPress_es_6edition.pdf\" target=\"_blank\" rel=\"noopener noreferrer\">VER EL DIARIO<\/a><\/p>\n<p><\/div><\/p>\n<p><div class=\"column-4\"><\/p>\n<p>Junio 2014 &#8211;<br \/>\nTercera\u00a0edici\u00f3n<\/p>\n<p><a href=\"https:\/\/www.berger.ca\/es\/wp-content\/uploads\/sites\/3\/2016\/05\/BergerPress_es_3edition.pdf\" target=\"_blank\" rel=\"noopener\"><img loading=\"lazy\" decoding=\"async\" class=\"alignnone wp-image-214 size-medium\" title=\"Prensa Berger - 3\" src=\"https:\/\/www.berger.ca\/es\/wp-content\/uploads\/sites\/3\/2016\/05\/BergerPress_3_es-300x171.jpg\" alt=\"Prensa Berger - 3\" width=\"300\" height=\"171\" srcset=\"https:\/\/www.berger.ca\/es\/wp-content\/uploads\/sites\/3\/2016\/05\/BergerPress_3_es-300x171.jpg 300w, https:\/\/www.berger.ca\/es\/wp-content\/uploads\/sites\/3\/2016\/05\/BergerPress_3_es.jpg 350w\" sizes=\"auto, (max-width: 300px) 100vw, 300px\" \/><\/a><\/p>\n<p><a class=\"button pdf\" href=\"https:\/\/www.berger.ca\/es\/wp-content\/uploads\/sites\/3\/2016\/05\/BergerPress_es_3edition.pdf\" target=\"_blank\" rel=\"noopener noreferrer\">VER EL DIARIO<\/a><\/p>\n<p><\/div><\/p>\n<p><div class=\"column-4\"><\/p>\n<p>Junio 2013 &#8211;<br \/>\nSecunda\u00a0edici\u00f3n<\/p>\n<p><a href=\"https:\/\/www.berger.ca\/es\/wp-content\/uploads\/sites\/3\/2016\/05\/BergerPress_en_2edition.pdf\" target=\"_blank\" rel=\"noopener\"><img loading=\"lazy\" decoding=\"async\" class=\"alignnone wp-image-213 size-medium\" title=\"Prensa Berger - 2\" src=\"https:\/\/www.berger.ca\/es\/wp-content\/uploads\/sites\/3\/2016\/05\/BergerPress_2_en-300x171.jpg\" alt=\"Prensa Berger - 2\" width=\"300\" height=\"171\" srcset=\"https:\/\/www.berger.ca\/es\/wp-content\/uploads\/sites\/3\/2016\/05\/BergerPress_2_en-300x171.jpg 300w, https:\/\/www.berger.ca\/es\/wp-content\/uploads\/sites\/3\/2016\/05\/BergerPress_2_en.jpg 350w\" sizes=\"auto, (max-width: 300px) 100vw, 300px\" \/><\/a><\/p>\n<p><a class=\"button pdf\" href=\"https:\/\/www.berger.ca\/es\/wp-content\/uploads\/sites\/3\/2016\/05\/BergerPress_en_2edition.pdf\" target=\"_blank\" rel=\"noopener noreferrer\">VER EL DIARIO<\/a><\/p>\n<p><\/div><br \/>\n<\/div>\n<div class=\"wysiwyg-row\"><br \/>\n<div class=\"column-4\"><\/p>\n<p>Junio 2012 &#8211;<br \/>\nPrimera\u00a0edici\u00f3n<\/p>\n<p><a href=\"https:\/\/www.berger.ca\/es\/wp-content\/uploads\/sites\/3\/2016\/05\/BergerPress_en_1edition.pdf\" target=\"_blank\" rel=\"noopener\"><img loading=\"lazy\" decoding=\"async\" class=\"alignnone wp-image-212 size-medium\" title=\"Prensa Berger - 1\" src=\"https:\/\/www.berger.ca\/es\/wp-content\/uploads\/sites\/3\/2016\/05\/BergerPress_1_en-300x171.jpg\" alt=\"Prensa Berger - 1\" width=\"300\" height=\"171\" srcset=\"https:\/\/www.berger.ca\/es\/wp-content\/uploads\/sites\/3\/2016\/05\/BergerPress_1_en-300x171.jpg 300w, https:\/\/www.berger.ca\/es\/wp-content\/uploads\/sites\/3\/2016\/05\/BergerPress_1_en.jpg 350w\" sizes=\"auto, (max-width: 300px) 100vw, 300px\" \/><\/a><\/p>\n<p><a class=\"button pdf\" href=\"https:\/\/www.berger.ca\/es\/wp-content\/uploads\/sites\/3\/2016\/05\/BergerPress_en_1edition.pdf\" target=\"_blank\" rel=\"noopener noreferrer\">VER EL DIARIO<\/a><\/p>\n<p><\/div><br \/>\n<\/div>\n","protected":false},"excerpt":{"rendered":"<p>\u00a1Las \u00faltimas noticias que usted estaba esperando! Adem\u00e1s de contener consejos pr\u00e1cticos de nuestros expertos, conozca a nuestros representantes de ventas, descubra las \u00faltimas noticias y est\u00e9 al tanto \u00a0de nuestros futuros proyectos .<\/p>\n","protected":false},"author":2,"featured_media":0,"parent":265,"menu_order":0,"comment_status":"closed","ping_status":"closed","template":"","meta":{"_acf_changed":false,"footnotes":""},"class_list":["post-269","page","type-page","status-publish","hentry"],"acf":[],"yoast_head":"<!-- This site is optimized with the Yoast SEO plugin v27.3 - https:\/\/yoast.com\/product\/yoast-seo-wordpress\/ -->\n<title>Prensa Berger - Berger - ES<\/title>\n<meta name=\"description\" content=\"Adem\u00e1s de contener consejos pr\u00e1cticos de nuestros expertos, la prensa Berger le permite cumplir con nuestros representantes de ventas.\" \/>\n<meta name=\"robots\" content=\"index, follow, max-snippet:-1, max-image-preview:large, max-video-preview:-1\" \/>\n<link rel=\"canonical\" href=\"https:\/\/www.berger.ca\/es\/recursos-para-los-productores\/prensa-berger\/\" \/>\n<meta property=\"og:locale\" content=\"es_ES\" \/>\n<meta property=\"og:type\" content=\"article\" \/>\n<meta property=\"og:title\" content=\"Prensa Berger - Berger - ES\" \/>\n<meta property=\"og:description\" content=\"Adem\u00e1s de contener consejos pr\u00e1cticos de nuestros expertos, la prensa Berger le permite cumplir con nuestros representantes de ventas.\" \/>\n<meta property=\"og:url\" content=\"https:\/\/www.berger.ca\/es\/recursos-para-los-productores\/prensa-berger\/\" \/>\n<meta property=\"og:site_name\" content=\"Berger - ES\" \/>\n<meta property=\"article:publisher\" content=\"https:\/\/www.facebook.com\/berger.ca\/\" \/>\n<meta property=\"article:modified_time\" content=\"2019-01-14T19:36:37+00:00\" \/>\n<meta property=\"og:image\" content=\"https:\/\/www.berger.ca\/es\/wp-content\/uploads\/sites\/3\/2019\/01\/photos_bergerpress_agosto2018_es-300x171.jpg\" \/>\n<meta name=\"twitter:card\" content=\"summary_large_image\" \/>\n<meta name=\"twitter:site\" content=\"@berger_ca\" \/>\n<meta name=\"twitter:label1\" content=\"Tiempo de lectura\" \/>\n\t<meta name=\"twitter:data1\" content=\"1 minuto\" \/>\n<script type=\"application\/ld+json\" class=\"yoast-schema-graph\">{\"@context\":\"https:\\\/\\\/schema.org\",\"@graph\":[{\"@type\":\"WebPage\",\"@id\":\"https:\\\/\\\/www.berger.ca\\\/es\\\/recursos-para-los-productores\\\/prensa-berger\\\/\",\"url\":\"https:\\\/\\\/www.berger.ca\\\/es\\\/recursos-para-los-productores\\\/prensa-berger\\\/\",\"name\":\"Prensa Berger - Berger - ES\",\"isPartOf\":{\"@id\":\"https:\\\/\\\/www.berger.ca\\\/es\\\/#website\"},\"primaryImageOfPage\":{\"@id\":\"https:\\\/\\\/www.berger.ca\\\/es\\\/recursos-para-los-productores\\\/prensa-berger\\\/#primaryimage\"},\"image\":{\"@id\":\"https:\\\/\\\/www.berger.ca\\\/es\\\/recursos-para-los-productores\\\/prensa-berger\\\/#primaryimage\"},\"thumbnailUrl\":\"https:\\\/\\\/www.berger.ca\\\/es\\\/wp-content\\\/uploads\\\/sites\\\/3\\\/2019\\\/01\\\/photos_bergerpress_agosto2018_es-300x171.jpg\",\"datePublished\":\"2016-05-10T14:27:04+00:00\",\"dateModified\":\"2019-01-14T19:36:37+00:00\",\"description\":\"Adem\u00e1s de contener consejos pr\u00e1cticos de nuestros expertos, la prensa Berger le permite cumplir con nuestros representantes de ventas.\",\"breadcrumb\":{\"@id\":\"https:\\\/\\\/www.berger.ca\\\/es\\\/recursos-para-los-productores\\\/prensa-berger\\\/#breadcrumb\"},\"inLanguage\":\"es\",\"potentialAction\":[{\"@type\":\"ReadAction\",\"target\":[\"https:\\\/\\\/www.berger.ca\\\/es\\\/recursos-para-los-productores\\\/prensa-berger\\\/\"]}]},{\"@type\":\"ImageObject\",\"inLanguage\":\"es\",\"@id\":\"https:\\\/\\\/www.berger.ca\\\/es\\\/recursos-para-los-productores\\\/prensa-berger\\\/#primaryimage\",\"url\":\"https:\\\/\\\/www.berger.ca\\\/es\\\/wp-content\\\/uploads\\\/sites\\\/3\\\/2019\\\/01\\\/photos_bergerpress_agosto2018_es.jpg\",\"contentUrl\":\"https:\\\/\\\/www.berger.ca\\\/es\\\/wp-content\\\/uploads\\\/sites\\\/3\\\/2019\\\/01\\\/photos_bergerpress_agosto2018_es.jpg\",\"width\":350,\"height\":200,\"caption\":\"El Berger Press\"},{\"@type\":\"BreadcrumbList\",\"@id\":\"https:\\\/\\\/www.berger.ca\\\/es\\\/recursos-para-los-productores\\\/prensa-berger\\\/#breadcrumb\",\"itemListElement\":[{\"@type\":\"ListItem\",\"position\":1,\"name\":\"Recursos para los productores\",\"item\":\"https:\\\/\\\/www.berger.ca\\\/es\\\/recursos-para-los-productores\\\/\"},{\"@type\":\"ListItem\",\"position\":2,\"name\":\"Prensa Berger\"}]},{\"@type\":\"WebSite\",\"@id\":\"https:\\\/\\\/www.berger.ca\\\/es\\\/#website\",\"url\":\"https:\\\/\\\/www.berger.ca\\\/es\\\/\",\"name\":\"Berger - ES\",\"description\":\"Un site utilisant Sites Berger\",\"publisher\":{\"@id\":\"https:\\\/\\\/www.berger.ca\\\/es\\\/#organization\"},\"potentialAction\":[{\"@type\":\"SearchAction\",\"target\":{\"@type\":\"EntryPoint\",\"urlTemplate\":\"https:\\\/\\\/www.berger.ca\\\/es\\\/?s={search_term_string}\"},\"query-input\":{\"@type\":\"PropertyValueSpecification\",\"valueRequired\":true,\"valueName\":\"search_term_string\"}}],\"inLanguage\":\"es\"},{\"@type\":\"Organization\",\"@id\":\"https:\\\/\\\/www.berger.ca\\\/es\\\/#organization\",\"name\":\"Berger\",\"url\":\"https:\\\/\\\/www.berger.ca\\\/es\\\/\",\"logo\":{\"@type\":\"ImageObject\",\"inLanguage\":\"es\",\"@id\":\"https:\\\/\\\/www.berger.ca\\\/es\\\/#\\\/schema\\\/logo\\\/image\\\/\",\"url\":\"https:\\\/\\\/www.berger.ca\\\/es\\\/wp-content\\\/uploads\\\/sites\\\/3\\\/2016\\\/07\\\/berger_logo_coul_seul.png\",\"contentUrl\":\"https:\\\/\\\/www.berger.ca\\\/es\\\/wp-content\\\/uploads\\\/sites\\\/3\\\/2016\\\/07\\\/berger_logo_coul_seul.png\",\"width\":1257,\"height\":1156,\"caption\":\"Berger\"},\"image\":{\"@id\":\"https:\\\/\\\/www.berger.ca\\\/es\\\/#\\\/schema\\\/logo\\\/image\\\/\"},\"sameAs\":[\"https:\\\/\\\/www.facebook.com\\\/berger.ca\\\/\",\"https:\\\/\\\/x.com\\\/berger_ca\",\"https:\\\/\\\/www.instagram.com\\\/bergermixes\\\/\",\"https:\\\/\\\/www.linkedin.com\\\/company\\\/berger-peat-moss-ltd-\\\/\",\"https:\\\/\\\/www.pinterest.com\\\/bergerpeatmoss\\\/\",\"https:\\\/\\\/www.youtube.com\\\/user\\\/tourbieresberger\"]}]}<\/script>\n<!-- \/ Yoast SEO plugin. -->","yoast_head_json":{"title":"Prensa Berger - Berger - ES","description":"Adem\u00e1s de contener consejos pr\u00e1cticos de nuestros expertos, la prensa Berger le permite cumplir con nuestros representantes de ventas.","robots":{"index":"index","follow":"follow","max-snippet":"max-snippet:-1","max-image-preview":"max-image-preview:large","max-video-preview":"max-video-preview:-1"},"canonical":"https:\/\/www.berger.ca\/es\/recursos-para-los-productores\/prensa-berger\/","og_locale":"es_ES","og_type":"article","og_title":"Prensa Berger - Berger - ES","og_description":"Adem\u00e1s de contener consejos pr\u00e1cticos de nuestros expertos, la prensa Berger le permite cumplir con nuestros representantes de ventas.","og_url":"https:\/\/www.berger.ca\/es\/recursos-para-los-productores\/prensa-berger\/","og_site_name":"Berger - ES","article_publisher":"https:\/\/www.facebook.com\/berger.ca\/","article_modified_time":"2019-01-14T19:36:37+00:00","og_image":[{"url":"https:\/\/www.berger.ca\/es\/wp-content\/uploads\/sites\/3\/2019\/01\/photos_bergerpress_agosto2018_es-300x171.jpg","type":"","width":"","height":""}],"twitter_card":"summary_large_image","twitter_site":"@berger_ca","twitter_misc":{"Tiempo de lectura":"1 minuto"},"schema":{"@context":"https:\/\/schema.org","@graph":[{"@type":"WebPage","@id":"https:\/\/www.berger.ca\/es\/recursos-para-los-productores\/prensa-berger\/","url":"https:\/\/www.berger.ca\/es\/recursos-para-los-productores\/prensa-berger\/","name":"Prensa Berger - Berger - ES","isPartOf":{"@id":"https:\/\/www.berger.ca\/es\/#website"},"primaryImageOfPage":{"@id":"https:\/\/www.berger.ca\/es\/recursos-para-los-productores\/prensa-berger\/#primaryimage"},"image":{"@id":"https:\/\/www.berger.ca\/es\/recursos-para-los-productores\/prensa-berger\/#primaryimage"},"thumbnailUrl":"https:\/\/www.berger.ca\/es\/wp-content\/uploads\/sites\/3\/2019\/01\/photos_bergerpress_agosto2018_es-300x171.jpg","datePublished":"2016-05-10T14:27:04+00:00","dateModified":"2019-01-14T19:36:37+00:00","description":"Adem\u00e1s de contener consejos pr\u00e1cticos de nuestros expertos, la prensa Berger le permite cumplir con nuestros representantes de ventas.","breadcrumb":{"@id":"https:\/\/www.berger.ca\/es\/recursos-para-los-productores\/prensa-berger\/#breadcrumb"},"inLanguage":"es","potentialAction":[{"@type":"ReadAction","target":["https:\/\/www.berger.ca\/es\/recursos-para-los-productores\/prensa-berger\/"]}]},{"@type":"ImageObject","inLanguage":"es","@id":"https:\/\/www.berger.ca\/es\/recursos-para-los-productores\/prensa-berger\/#primaryimage","url":"https:\/\/www.berger.ca\/es\/wp-content\/uploads\/sites\/3\/2019\/01\/photos_bergerpress_agosto2018_es.jpg","contentUrl":"https:\/\/www.berger.ca\/es\/wp-content\/uploads\/sites\/3\/2019\/01\/photos_bergerpress_agosto2018_es.jpg","width":350,"height":200,"caption":"El Berger Press"},{"@type":"BreadcrumbList","@id":"https:\/\/www.berger.ca\/es\/recursos-para-los-productores\/prensa-berger\/#breadcrumb","itemListElement":[{"@type":"ListItem","position":1,"name":"Recursos para los productores","item":"https:\/\/www.berger.ca\/es\/recursos-para-los-productores\/"},{"@type":"ListItem","position":2,"name":"Prensa Berger"}]},{"@type":"WebSite","@id":"https:\/\/www.berger.ca\/es\/#website","url":"https:\/\/www.berger.ca\/es\/","name":"Berger - ES","description":"Un site utilisant Sites Berger","publisher":{"@id":"https:\/\/www.berger.ca\/es\/#organization"},"potentialAction":[{"@type":"SearchAction","target":{"@type":"EntryPoint","urlTemplate":"https:\/\/www.berger.ca\/es\/?s={search_term_string}"},"query-input":{"@type":"PropertyValueSpecification","valueRequired":true,"valueName":"search_term_string"}}],"inLanguage":"es"},{"@type":"Organization","@id":"https:\/\/www.berger.ca\/es\/#organization","name":"Berger","url":"https:\/\/www.berger.ca\/es\/","logo":{"@type":"ImageObject","inLanguage":"es","@id":"https:\/\/www.berger.ca\/es\/#\/schema\/logo\/image\/","url":"https:\/\/www.berger.ca\/es\/wp-content\/uploads\/sites\/3\/2016\/07\/berger_logo_coul_seul.png","contentUrl":"https:\/\/www.berger.ca\/es\/wp-content\/uploads\/sites\/3\/2016\/07\/berger_logo_coul_seul.png","width":1257,"height":1156,"caption":"Berger"},"image":{"@id":"https:\/\/www.berger.ca\/es\/#\/schema\/logo\/image\/"},"sameAs":["https:\/\/www.facebook.com\/berger.ca\/","https:\/\/x.com\/berger_ca","https:\/\/www.instagram.com\/bergermixes\/","https:\/\/www.linkedin.com\/company\/berger-peat-moss-ltd-\/","https:\/\/www.pinterest.com\/bergerpeatmoss\/","https:\/\/www.youtube.com\/user\/tourbieresberger"]}]}},"_links":{"self":[{"href":"https:\/\/www.berger.ca\/es\/wp-json\/wp\/v2\/pages\/269","targetHints":{"allow":["GET"]}}],"collection":[{"href":"https:\/\/www.berger.ca\/es\/wp-json\/wp\/v2\/pages"}],"about":[{"href":"https:\/\/www.berger.ca\/es\/wp-json\/wp\/v2\/types\/page"}],"author":[{"embeddable":true,"href":"https:\/\/www.berger.ca\/es\/wp-json\/wp\/v2\/users\/2"}],"replies":[{"embeddable":true,"href":"https:\/\/www.berger.ca\/es\/wp-json\/wp\/v2\/comments?post=269"}],"version-history":[{"count":24,"href":"https:\/\/www.berger.ca\/es\/wp-json\/wp\/v2\/pages\/269\/revisions"}],"predecessor-version":[{"id":3129,"href":"https:\/\/www.berger.ca\/es\/wp-json\/wp\/v2\/pages\/269\/revisions\/3129"}],"up":[{"embeddable":true,"href":"https:\/\/www.berger.ca\/es\/wp-json\/wp\/v2\/pages\/265"}],"wp:attachment":[{"href":"https:\/\/www.berger.ca\/es\/wp-json\/wp\/v2\/media?parent=269"}],"curies":[{"name":"wp","href":"https:\/\/api.w.org\/{rel}","templated":true}]}}