{"id":273,"date":"2016-05-10T15:36:00","date_gmt":"2016-05-10T14:36:00","guid":{"rendered":"https:\/\/www.berger.ca\/es\/?page_id=273"},"modified":"2026-01-21T08:20:38","modified_gmt":"2026-01-21T13:20:38","slug":"certificaciones","status":"publish","type":"page","link":"https:\/\/www.berger.ca\/es\/acerca-de-berger\/resposabilidad-social\/certificaciones\/","title":{"rendered":"Certificaciones"},"content":{"rendered":"<h2>Excelencia certificada<\/h2>\n<p>Desde 1996, Berger cuenta con la certificaci\u00f3n de la <strong>norma ISO 9001.<\/strong> Esta certificaci\u00f3n garantiza que los procesos de operaciones de la empresa correspondan a <strong>normas rigurosas en materia de control de calidad<\/strong> y de gesti\u00f3n de riesgos.<\/p>\n<p>Desde 2010, Berger cuenta tambi\u00e9n con la certificaci\u00f3n <em><strong>Veriflora\u00ae<\/strong><\/em>, un<strong> sello de calidad en materia<\/strong> de desarrollo sostenible para la producci\u00f3n de plantas en macetas y flores cortadas. <em><strong>Veriflora\u00ae<\/strong><\/em> reconoce los esfuerzos realizados por la <strong>empresa en lo relativo al medio ambiente<\/strong> as\u00ed como los compromisos asumidos con sus empleados, las comunidades donde opera, sus socios comerciales y otras partes interesadas. Todas estas actividades redundar\u00e1n en el bienestar ambiental, social y econ\u00f3mico de nuestras comunidades.<\/p>\n<p>No olvidemos, adem\u00e1s, que muchos de nuestros productos son compuestos en su totalidad por materiales enumerados por <strong>OMRI<\/strong> o <strong>aprobados para la agricultura org\u00e1nica<\/strong>.<\/p>\n<div class=\"wysiwyg-row\"><br \/>\n<div class=\"column-2\"><br \/>\n<a class=\"link pdf\" title=\"El certificatione de ISO 9001\" href=\"https:\/\/www.berger.ca\/es\/wp-content\/uploads\/sites\/3\/2024\/03\/CERT-0137507_SPA_Les-Tourbieres-Berger-Ltee.pdf\" target=\"_blank\" rel=\"noopener noreferrer\">VER EL CERTIFICATIONE<\/a><\/p>\n<h3 style=\"padding-bottom: 25px\">ISO 9001<\/h3>\n<p><\/div><\/p>\n<p><div class=\"column-2\"><br \/>\n<a class=\"link pdf\" style=\"padding-right: 45px;padding-bottom: 25px\" title=\"El certificatione de Veriflora\" href=\"https:\/\/www.berger.ca\/es\/wp-content\/uploads\/sites\/3\/2026\/01\/VER_CRT_BergerPeatMoss_091223_extnd.pdf\" target=\"_blank\" rel=\"noopener noreferrer\">VER EL CERTIFICATIONE<\/a><\/p>\n<p><img loading=\"lazy\" decoding=\"async\" class=\"alignnone wp-image-625\" style=\"padding-bottom: 25px\" src=\"https:\/\/www.berger.ca\/es\/wp-content\/uploads\/sites\/3\/2016\/06\/SCS_VerifloraRespPeatland_4CG-300x286.png\" alt=\"Certificaci\u00f3n Veriflora\" width=\"150\" height=\"143\" srcset=\"https:\/\/www.berger.ca\/es\/wp-content\/uploads\/sites\/3\/2016\/06\/SCS_VerifloraRespPeatland_4CG-300x286.png 300w, https:\/\/www.berger.ca\/es\/wp-content\/uploads\/sites\/3\/2016\/06\/SCS_VerifloraRespPeatland_4CG-768x733.png 768w, https:\/\/www.berger.ca\/es\/wp-content\/uploads\/sites\/3\/2016\/06\/SCS_VerifloraRespPeatland_4CG.png 794w\" sizes=\"auto, (max-width: 150px) 100vw, 150px\" \/><br \/>\n<\/div><\/p>\n<p><div class=\"column-2\"><br \/>\n<a class=\"link pdf\" style=\"padding-right: 45px;padding-bottom: 25px\" title=\"El certificatione de OMRI\" href=\"https:\/\/www.omri.org\/mfg\/bpm\" target=\"_blank\" rel=\"noopener noreferrer\">VER LOS CERTIFICATIONES<\/a><\/p>\n<p><img loading=\"lazy\" decoding=\"async\" class=\"alignnone wp-image-626\" style=\"padding-bottom: 25px\" src=\"https:\/\/www.berger.ca\/es\/wp-content\/uploads\/sites\/3\/2020\/07\/logo_omri_general_web_300x182_202007_es.png\" alt=\"Certificaci\u00f3n OMRI\" width=\"150\" height=\"99\" \/><br \/>\n<\/div><\/p>\n<p><div class=\"column-2\"><br \/>\n<a class=\"link pdf\" style=\"padding-right: 45px;padding-bottom: 25px\" title=\"El certificatione de Qu\u00e9bec Vrai\" href=\"https:\/\/d2a6f9ubvr21zj.cloudfront.net\/AT09001-ATTINTRANT-2025-20250312.pdf\" target=\"_blank\" rel=\"noopener noreferrer\">VER EL CERTIFICATIONE<\/a><\/p>\n<p><img loading=\"lazy\" decoding=\"async\" class=\"alignnone wp-image-624\" style=\"padding-bottom: 25px\" src=\"https:\/\/www.berger.ca\/es\/wp-content\/uploads\/sites\/3\/2016\/06\/logo_intrantapprouve_couleurbil-284x300.png\" alt=\"Certificaci\u00f3n Qu\u00e9bec Vrai\" width=\"130\" height=\"138\" srcset=\"https:\/\/www.berger.ca\/es\/wp-content\/uploads\/sites\/3\/2016\/06\/logo_intrantapprouve_couleurbil-284x300.png 284w, https:\/\/www.berger.ca\/es\/wp-content\/uploads\/sites\/3\/2016\/06\/logo_intrantapprouve_couleurbil-768x812.png 768w, https:\/\/www.berger.ca\/es\/wp-content\/uploads\/sites\/3\/2016\/06\/logo_intrantapprouve_couleurbil-968x1024.png 968w, https:\/\/www.berger.ca\/es\/wp-content\/uploads\/sites\/3\/2016\/06\/logo_intrantapprouve_couleurbil.png 1004w\" sizes=\"auto, (max-width: 130px) 100vw, 130px\" \/><br \/>\n<\/div><\/p>\n<p><div class=\"column-2\"><br \/>\n<img loading=\"lazy\" decoding=\"async\" class=\"alignnone wp-image-573\" style=\"padding-bottom: 25px\" src=\"https:\/\/www.berger.ca\/es\/wp-content\/uploads\/sites\/3\/2016\/05\/ctpat-logo-300x128.png\" alt=\"Certificaci\u00f3n C-TPAT\" width=\"200\" height=\"86\" srcset=\"https:\/\/www.berger.ca\/es\/wp-content\/uploads\/sites\/3\/2016\/05\/ctpat-logo-300x128.png 300w, https:\/\/www.berger.ca\/es\/wp-content\/uploads\/sites\/3\/2016\/05\/ctpat-logo.png 465w\" sizes=\"auto, (max-width: 200px) 100vw, 200px\" \/><br \/>\n<\/div><br \/>\n<\/div>\n","protected":false},"excerpt":{"rendered":"<p>Excelencia certificada Desde 1996, Berger cuenta con la certificaci\u00f3n de la norma ISO 9001. Esta certificaci\u00f3n garantiza que los procesos de operaciones de la empresa correspondan a normas rigurosas en materia de control de calidad y de gesti\u00f3n de riesgos. Desde 2010, Berger cuenta tambi\u00e9n con la certificaci\u00f3n Veriflora\u00ae, un sello de calidad en materia de desarrollo sostenible para la producci\u00f3n de plantas en macetas y flores cortadas. Veriflora\u00ae reconoce los esfuerzos realizados por la empresa en lo relativo al medio ambiente as\u00ed como los compromisos asumidos con sus empleados, las comunidades donde opera, sus socios comerciales y otras partes interesadas. Todas estas actividades redundar\u00e1n en el bienestar ambiental, social y econ\u00f3mico de nuestras comunidades. No olvidemos, adem\u00e1s, que muchos de nuestros productos son compuestos en su totalidad por materiales enumerados por OMRI o aprobados para la agricultura org\u00e1nica.<\/p>\n","protected":false},"author":2,"featured_media":0,"parent":288,"menu_order":0,"comment_status":"closed","ping_status":"closed","template":"","meta":{"_acf_changed":false,"footnotes":""},"class_list":["post-273","page","type-page","status-publish","hentry"],"acf":[],"yoast_head":"<!-- This site is optimized with the Yoast SEO plugin v27.4 - https:\/\/yoast.com\/product\/yoast-seo-wordpress\/ -->\n<title>Certificaciones - Berger - ES<\/title>\n<meta name=\"description\" content=\"Berger propone productos de calidad. La prueba de esta excelencia son las certificaciones mundialmente reconocidas obtenidas durante sus a\u00f1os de actividad.\" \/>\n<meta name=\"robots\" content=\"index, follow, max-snippet:-1, max-image-preview:large, max-video-preview:-1\" \/>\n<link rel=\"canonical\" href=\"https:\/\/www.berger.ca\/es\/acerca-de-berger\/resposabilidad-social\/certificaciones\/\" \/>\n<meta property=\"og:locale\" content=\"es_ES\" \/>\n<meta property=\"og:type\" content=\"article\" \/>\n<meta property=\"og:title\" content=\"Certificaciones - Berger - ES\" \/>\n<meta property=\"og:description\" content=\"Berger propone productos de calidad. La prueba de esta excelencia son las certificaciones mundialmente reconocidas obtenidas durante sus a\u00f1os de actividad.\" \/>\n<meta property=\"og:url\" content=\"https:\/\/www.berger.ca\/es\/acerca-de-berger\/resposabilidad-social\/certificaciones\/\" \/>\n<meta property=\"og:site_name\" content=\"Berger - ES\" \/>\n<meta property=\"article:publisher\" content=\"https:\/\/www.facebook.com\/berger.ca\/\" \/>\n<meta property=\"article:modified_time\" content=\"2026-01-21T13:20:38+00:00\" \/>\n<meta property=\"og:image\" content=\"https:\/\/www.berger.ca\/es\/wp-content\/uploads\/sites\/3\/2016\/06\/SCS_VerifloraRespPeatland_4CG.png\" \/>\n\t<meta property=\"og:image:width\" content=\"794\" \/>\n\t<meta property=\"og:image:height\" content=\"758\" \/>\n\t<meta property=\"og:image:type\" content=\"image\/png\" \/>\n<meta name=\"twitter:card\" content=\"summary_large_image\" \/>\n<meta name=\"twitter:site\" content=\"@berger_ca\" \/>\n<meta name=\"twitter:label1\" content=\"Tiempo de lectura\" \/>\n\t<meta name=\"twitter:data1\" content=\"2 minutos\" \/>\n<script type=\"application\/ld+json\" class=\"yoast-schema-graph\">{\"@context\":\"https:\\\/\\\/schema.org\",\"@graph\":[{\"@type\":\"WebPage\",\"@id\":\"https:\\\/\\\/www.berger.ca\\\/es\\\/acerca-de-berger\\\/resposabilidad-social\\\/certificaciones\\\/\",\"url\":\"https:\\\/\\\/www.berger.ca\\\/es\\\/acerca-de-berger\\\/resposabilidad-social\\\/certificaciones\\\/\",\"name\":\"Certificaciones - Berger - ES\",\"isPartOf\":{\"@id\":\"https:\\\/\\\/www.berger.ca\\\/es\\\/#website\"},\"primaryImageOfPage\":{\"@id\":\"https:\\\/\\\/www.berger.ca\\\/es\\\/acerca-de-berger\\\/resposabilidad-social\\\/certificaciones\\\/#primaryimage\"},\"image\":{\"@id\":\"https:\\\/\\\/www.berger.ca\\\/es\\\/acerca-de-berger\\\/resposabilidad-social\\\/certificaciones\\\/#primaryimage\"},\"thumbnailUrl\":\"https:\\\/\\\/www.berger.ca\\\/es\\\/wp-content\\\/uploads\\\/sites\\\/3\\\/2016\\\/06\\\/SCS_VerifloraRespPeatland_4CG-300x286.png\",\"datePublished\":\"2016-05-10T14:36:00+00:00\",\"dateModified\":\"2026-01-21T13:20:38+00:00\",\"description\":\"Berger propone productos de calidad. La prueba de esta excelencia son las certificaciones mundialmente reconocidas obtenidas durante sus a\u00f1os de actividad.\",\"breadcrumb\":{\"@id\":\"https:\\\/\\\/www.berger.ca\\\/es\\\/acerca-de-berger\\\/resposabilidad-social\\\/certificaciones\\\/#breadcrumb\"},\"inLanguage\":\"es\",\"potentialAction\":[{\"@type\":\"ReadAction\",\"target\":[\"https:\\\/\\\/www.berger.ca\\\/es\\\/acerca-de-berger\\\/resposabilidad-social\\\/certificaciones\\\/\"]}]},{\"@type\":\"ImageObject\",\"inLanguage\":\"es\",\"@id\":\"https:\\\/\\\/www.berger.ca\\\/es\\\/acerca-de-berger\\\/resposabilidad-social\\\/certificaciones\\\/#primaryimage\",\"url\":\"https:\\\/\\\/www.berger.ca\\\/es\\\/wp-content\\\/uploads\\\/sites\\\/3\\\/2016\\\/06\\\/SCS_VerifloraRespPeatland_4CG.png\",\"contentUrl\":\"https:\\\/\\\/www.berger.ca\\\/es\\\/wp-content\\\/uploads\\\/sites\\\/3\\\/2016\\\/06\\\/SCS_VerifloraRespPeatland_4CG.png\",\"width\":794,\"height\":758,\"caption\":\"Veriflora\"},{\"@type\":\"BreadcrumbList\",\"@id\":\"https:\\\/\\\/www.berger.ca\\\/es\\\/acerca-de-berger\\\/resposabilidad-social\\\/certificaciones\\\/#breadcrumb\",\"itemListElement\":[{\"@type\":\"ListItem\",\"position\":1,\"name\":\"Acerca de Berger\",\"item\":\"https:\\\/\\\/www.berger.ca\\\/es\\\/acerca-de-berger\\\/\"},{\"@type\":\"ListItem\",\"position\":2,\"name\":\"Resposabilidad social\",\"item\":\"https:\\\/\\\/www.berger.ca\\\/es\\\/acerca-de-berger\\\/resposabilidad-social\\\/\"},{\"@type\":\"ListItem\",\"position\":3,\"name\":\"Certificaciones\"}]},{\"@type\":\"WebSite\",\"@id\":\"https:\\\/\\\/www.berger.ca\\\/es\\\/#website\",\"url\":\"https:\\\/\\\/www.berger.ca\\\/es\\\/\",\"name\":\"Berger - ES\",\"description\":\"Un site utilisant Sites Berger\",\"publisher\":{\"@id\":\"https:\\\/\\\/www.berger.ca\\\/es\\\/#organization\"},\"potentialAction\":[{\"@type\":\"SearchAction\",\"target\":{\"@type\":\"EntryPoint\",\"urlTemplate\":\"https:\\\/\\\/www.berger.ca\\\/es\\\/?s={search_term_string}\"},\"query-input\":{\"@type\":\"PropertyValueSpecification\",\"valueRequired\":true,\"valueName\":\"search_term_string\"}}],\"inLanguage\":\"es\"},{\"@type\":\"Organization\",\"@id\":\"https:\\\/\\\/www.berger.ca\\\/es\\\/#organization\",\"name\":\"Berger\",\"url\":\"https:\\\/\\\/www.berger.ca\\\/es\\\/\",\"logo\":{\"@type\":\"ImageObject\",\"inLanguage\":\"es\",\"@id\":\"https:\\\/\\\/www.berger.ca\\\/es\\\/#\\\/schema\\\/logo\\\/image\\\/\",\"url\":\"https:\\\/\\\/www.berger.ca\\\/es\\\/wp-content\\\/uploads\\\/sites\\\/3\\\/2016\\\/07\\\/berger_logo_coul_seul.png\",\"contentUrl\":\"https:\\\/\\\/www.berger.ca\\\/es\\\/wp-content\\\/uploads\\\/sites\\\/3\\\/2016\\\/07\\\/berger_logo_coul_seul.png\",\"width\":1257,\"height\":1156,\"caption\":\"Berger\"},\"image\":{\"@id\":\"https:\\\/\\\/www.berger.ca\\\/es\\\/#\\\/schema\\\/logo\\\/image\\\/\"},\"sameAs\":[\"https:\\\/\\\/www.facebook.com\\\/berger.ca\\\/\",\"https:\\\/\\\/x.com\\\/berger_ca\",\"https:\\\/\\\/www.instagram.com\\\/bergermixes\\\/\",\"https:\\\/\\\/www.linkedin.com\\\/company\\\/berger-peat-moss-ltd-\\\/\",\"https:\\\/\\\/www.pinterest.com\\\/bergerpeatmoss\\\/\",\"https:\\\/\\\/www.youtube.com\\\/user\\\/tourbieresberger\"]}]}<\/script>\n<!-- \/ Yoast SEO plugin. -->","yoast_head_json":{"title":"Certificaciones - Berger - ES","description":"Berger propone productos de calidad. La prueba de esta excelencia son las certificaciones mundialmente reconocidas obtenidas durante sus a\u00f1os de actividad.","robots":{"index":"index","follow":"follow","max-snippet":"max-snippet:-1","max-image-preview":"max-image-preview:large","max-video-preview":"max-video-preview:-1"},"canonical":"https:\/\/www.berger.ca\/es\/acerca-de-berger\/resposabilidad-social\/certificaciones\/","og_locale":"es_ES","og_type":"article","og_title":"Certificaciones - Berger - ES","og_description":"Berger propone productos de calidad. La prueba de esta excelencia son las certificaciones mundialmente reconocidas obtenidas durante sus a\u00f1os de actividad.","og_url":"https:\/\/www.berger.ca\/es\/acerca-de-berger\/resposabilidad-social\/certificaciones\/","og_site_name":"Berger - ES","article_publisher":"https:\/\/www.facebook.com\/berger.ca\/","article_modified_time":"2026-01-21T13:20:38+00:00","og_image":[{"width":794,"height":758,"url":"https:\/\/www.berger.ca\/es\/wp-content\/uploads\/sites\/3\/2016\/06\/SCS_VerifloraRespPeatland_4CG.png","type":"image\/png"}],"twitter_card":"summary_large_image","twitter_site":"@berger_ca","twitter_misc":{"Tiempo de lectura":"2 minutos"},"schema":{"@context":"https:\/\/schema.org","@graph":[{"@type":"WebPage","@id":"https:\/\/www.berger.ca\/es\/acerca-de-berger\/resposabilidad-social\/certificaciones\/","url":"https:\/\/www.berger.ca\/es\/acerca-de-berger\/resposabilidad-social\/certificaciones\/","name":"Certificaciones - Berger - ES","isPartOf":{"@id":"https:\/\/www.berger.ca\/es\/#website"},"primaryImageOfPage":{"@id":"https:\/\/www.berger.ca\/es\/acerca-de-berger\/resposabilidad-social\/certificaciones\/#primaryimage"},"image":{"@id":"https:\/\/www.berger.ca\/es\/acerca-de-berger\/resposabilidad-social\/certificaciones\/#primaryimage"},"thumbnailUrl":"https:\/\/www.berger.ca\/es\/wp-content\/uploads\/sites\/3\/2016\/06\/SCS_VerifloraRespPeatland_4CG-300x286.png","datePublished":"2016-05-10T14:36:00+00:00","dateModified":"2026-01-21T13:20:38+00:00","description":"Berger propone productos de calidad. La prueba de esta excelencia son las certificaciones mundialmente reconocidas obtenidas durante sus a\u00f1os de actividad.","breadcrumb":{"@id":"https:\/\/www.berger.ca\/es\/acerca-de-berger\/resposabilidad-social\/certificaciones\/#breadcrumb"},"inLanguage":"es","potentialAction":[{"@type":"ReadAction","target":["https:\/\/www.berger.ca\/es\/acerca-de-berger\/resposabilidad-social\/certificaciones\/"]}]},{"@type":"ImageObject","inLanguage":"es","@id":"https:\/\/www.berger.ca\/es\/acerca-de-berger\/resposabilidad-social\/certificaciones\/#primaryimage","url":"https:\/\/www.berger.ca\/es\/wp-content\/uploads\/sites\/3\/2016\/06\/SCS_VerifloraRespPeatland_4CG.png","contentUrl":"https:\/\/www.berger.ca\/es\/wp-content\/uploads\/sites\/3\/2016\/06\/SCS_VerifloraRespPeatland_4CG.png","width":794,"height":758,"caption":"Veriflora"},{"@type":"BreadcrumbList","@id":"https:\/\/www.berger.ca\/es\/acerca-de-berger\/resposabilidad-social\/certificaciones\/#breadcrumb","itemListElement":[{"@type":"ListItem","position":1,"name":"Acerca de Berger","item":"https:\/\/www.berger.ca\/es\/acerca-de-berger\/"},{"@type":"ListItem","position":2,"name":"Resposabilidad social","item":"https:\/\/www.berger.ca\/es\/acerca-de-berger\/resposabilidad-social\/"},{"@type":"ListItem","position":3,"name":"Certificaciones"}]},{"@type":"WebSite","@id":"https:\/\/www.berger.ca\/es\/#website","url":"https:\/\/www.berger.ca\/es\/","name":"Berger - ES","description":"Un site utilisant Sites Berger","publisher":{"@id":"https:\/\/www.berger.ca\/es\/#organization"},"potentialAction":[{"@type":"SearchAction","target":{"@type":"EntryPoint","urlTemplate":"https:\/\/www.berger.ca\/es\/?s={search_term_string}"},"query-input":{"@type":"PropertyValueSpecification","valueRequired":true,"valueName":"search_term_string"}}],"inLanguage":"es"},{"@type":"Organization","@id":"https:\/\/www.berger.ca\/es\/#organization","name":"Berger","url":"https:\/\/www.berger.ca\/es\/","logo":{"@type":"ImageObject","inLanguage":"es","@id":"https:\/\/www.berger.ca\/es\/#\/schema\/logo\/image\/","url":"https:\/\/www.berger.ca\/es\/wp-content\/uploads\/sites\/3\/2016\/07\/berger_logo_coul_seul.png","contentUrl":"https:\/\/www.berger.ca\/es\/wp-content\/uploads\/sites\/3\/2016\/07\/berger_logo_coul_seul.png","width":1257,"height":1156,"caption":"Berger"},"image":{"@id":"https:\/\/www.berger.ca\/es\/#\/schema\/logo\/image\/"},"sameAs":["https:\/\/www.facebook.com\/berger.ca\/","https:\/\/x.com\/berger_ca","https:\/\/www.instagram.com\/bergermixes\/","https:\/\/www.linkedin.com\/company\/berger-peat-moss-ltd-\/","https:\/\/www.pinterest.com\/bergerpeatmoss\/","https:\/\/www.youtube.com\/user\/tourbieresberger"]}]}},"_links":{"self":[{"href":"https:\/\/www.berger.ca\/es\/wp-json\/wp\/v2\/pages\/273","targetHints":{"allow":["GET"]}}],"collection":[{"href":"https:\/\/www.berger.ca\/es\/wp-json\/wp\/v2\/pages"}],"about":[{"href":"https:\/\/www.berger.ca\/es\/wp-json\/wp\/v2\/types\/page"}],"author":[{"embeddable":true,"href":"https:\/\/www.berger.ca\/es\/wp-json\/wp\/v2\/users\/2"}],"replies":[{"embeddable":true,"href":"https:\/\/www.berger.ca\/es\/wp-json\/wp\/v2\/comments?post=273"}],"version-history":[{"count":48,"href":"https:\/\/www.berger.ca\/es\/wp-json\/wp\/v2\/pages\/273\/revisions"}],"predecessor-version":[{"id":6208,"href":"https:\/\/www.berger.ca\/es\/wp-json\/wp\/v2\/pages\/273\/revisions\/6208"}],"up":[{"embeddable":true,"href":"https:\/\/www.berger.ca\/es\/wp-json\/wp\/v2\/pages\/288"}],"wp:attachment":[{"href":"https:\/\/www.berger.ca\/es\/wp-json\/wp\/v2\/media?parent=273"}],"curies":[{"name":"wp","href":"https:\/\/api.w.org\/{rel}","templated":true}]}}