{"id":2739,"date":"2018-07-13T14:53:55","date_gmt":"2018-07-13T13:53:55","guid":{"rendered":"https:\/\/www.berger.ca\/es\/?page_id=2739"},"modified":"2018-07-13T14:53:55","modified_gmt":"2018-07-13T13:53:55","slug":"gracias-por-su-participacion","status":"publish","type":"page","link":"https:\/\/www.berger.ca\/es\/gracias-por-su-participacion\/","title":{"rendered":"\u00a1Gracias por su participaci\u00f3n!"},"content":{"rendered":"<div class=\"wysiwyg-row\"><div class=\"column-8\"><\/p>\n<h2>\u00a1La conferencia t\u00e9cnica titulada <em>M\u00e9todos rentables para aumentar sus m\u00e1rgenes al producir plantas j\u00f3venes<\/em>\u00a0presentada por Pierre-Marc de Champlain y Harold Sagastume fue un \u00e9xito!<\/h2>\n<p>Esta presentaci\u00f3n ten\u00eda por objetivo proporcionar orientaciones para optimizar el manejo de su mezcla para germinaci\u00f3n antes, durante y despu\u00e9s del llenado de sus charolas para que pueda maximizar el desarrollo de las ra\u00edces y la salud global de la planta.<\/p>\n<p>Los expertos de Berger ofrecieron trucos pr\u00e1cticos f\u00e1ciles de integrar, pero tambi\u00e9n herramientas simples para ayudarle a aumentar sus beneficios.<\/p>\n<p>&nbsp;<\/p>\n<h4>Gracias por su participaci\u00f3n. \u00a1Esperamos verlo a la pr\u00f3xima conferencia t\u00e9cnica!<\/h4>\n<p><\/div><\/p>\n<p><div class=\"column-4\"><\/div><\/p>\n<p><a class=\"button\" href=\"https:\/\/www.berger.ca\/es\/listo-para-comprar\/\">Encontrar el equipo de venta<\/a><\/p>\n<p>&nbsp;<\/p>\n<p><a class=\"button pdf\" href=\"https:\/\/vimeo.com\/279847281\">Descargar la presentaci\u00f3n aqu\u00ed<\/a><\/p>\n<p><\/div>\n<p><img loading=\"lazy\" decoding=\"async\" class=\"alignnone size-medium wp-image-2745\" src=\"https:\/\/www.berger.ca\/es\/wp-content\/uploads\/sites\/3\/2018\/07\/bm2_geminatingmix_38bag_berger-212x300.png\" alt=\"\" width=\"212\" height=\"300\" \/>\u00a0 \u00a0<a class=\"link\" href=\"https:\/\/www.berger.ca\/es\/utilisation\/germinacion\/\">PRODUCTOS PARA LA GERMINACI\u00d3N<\/a><\/p>\n<p>&nbsp;<\/p>\n","protected":false},"excerpt":{"rendered":"<p>\u00a0 \u00a0PRODUCTOS PARA LA GERMINACI\u00d3N &nbsp;<\/p>\n","protected":false},"author":2,"featured_media":0,"parent":0,"menu_order":0,"comment_status":"closed","ping_status":"closed","template":"","meta":{"_acf_changed":false,"footnotes":""},"class_list":["post-2739","page","type-page","status-publish","hentry"],"acf":[],"yoast_head":"<!-- This site is optimized with the Yoast SEO plugin v27.4 - https:\/\/yoast.com\/product\/yoast-seo-wordpress\/ -->\n<title>\u00a1Gracias por su participaci\u00f3n! - Berger - ES<\/title>\n<meta name=\"robots\" content=\"index, follow, max-snippet:-1, max-image-preview:large, max-video-preview:-1\" \/>\n<link rel=\"canonical\" href=\"https:\/\/www.berger.ca\/es\/gracias-por-su-participacion\/\" \/>\n<meta property=\"og:locale\" content=\"es_ES\" \/>\n<meta property=\"og:type\" content=\"article\" \/>\n<meta property=\"og:title\" content=\"\u00a1Gracias por su participaci\u00f3n! - Berger - ES\" \/>\n<meta property=\"og:description\" content=\"\u00a0 \u00a0PRODUCTOS PARA LA GERMINACI\u00d3N &nbsp;\" \/>\n<meta property=\"og:url\" content=\"https:\/\/www.berger.ca\/es\/gracias-por-su-participacion\/\" \/>\n<meta property=\"og:site_name\" content=\"Berger - ES\" \/>\n<meta property=\"article:publisher\" content=\"https:\/\/www.facebook.com\/berger.ca\/\" \/>\n<meta property=\"og:image\" content=\"https:\/\/www.berger.ca\/es\/wp-content\/uploads\/sites\/3\/2018\/07\/bm2_geminatingmix_38bag_berger-212x300.png\" \/>\n<meta name=\"twitter:card\" content=\"summary_large_image\" \/>\n<meta name=\"twitter:site\" content=\"@berger_ca\" \/>\n<meta name=\"twitter:label1\" content=\"Tiempo de lectura\" \/>\n\t<meta name=\"twitter:data1\" content=\"1 minuto\" \/>\n<script type=\"application\/ld+json\" class=\"yoast-schema-graph\">{\"@context\":\"https:\\\/\\\/schema.org\",\"@graph\":[{\"@type\":\"WebPage\",\"@id\":\"https:\\\/\\\/www.berger.ca\\\/es\\\/gracias-por-su-participacion\\\/\",\"url\":\"https:\\\/\\\/www.berger.ca\\\/es\\\/gracias-por-su-participacion\\\/\",\"name\":\"\u00a1Gracias por su participaci\u00f3n! - Berger - ES\",\"isPartOf\":{\"@id\":\"https:\\\/\\\/www.berger.ca\\\/es\\\/#website\"},\"primaryImageOfPage\":{\"@id\":\"https:\\\/\\\/www.berger.ca\\\/es\\\/gracias-por-su-participacion\\\/#primaryimage\"},\"image\":{\"@id\":\"https:\\\/\\\/www.berger.ca\\\/es\\\/gracias-por-su-participacion\\\/#primaryimage\"},\"thumbnailUrl\":\"https:\\\/\\\/www.berger.ca\\\/es\\\/wp-content\\\/uploads\\\/sites\\\/3\\\/2018\\\/07\\\/bm2_geminatingmix_38bag_berger-212x300.png\",\"datePublished\":\"2018-07-13T13:53:55+00:00\",\"inLanguage\":\"es\",\"potentialAction\":[{\"@type\":\"ReadAction\",\"target\":[\"https:\\\/\\\/www.berger.ca\\\/es\\\/gracias-por-su-participacion\\\/\"]}]},{\"@type\":\"ImageObject\",\"inLanguage\":\"es\",\"@id\":\"https:\\\/\\\/www.berger.ca\\\/es\\\/gracias-por-su-participacion\\\/#primaryimage\",\"url\":\"https:\\\/\\\/www.berger.ca\\\/es\\\/wp-content\\\/uploads\\\/sites\\\/3\\\/2018\\\/07\\\/bm2_geminatingmix_38bag_berger-212x300.png\",\"contentUrl\":\"https:\\\/\\\/www.berger.ca\\\/es\\\/wp-content\\\/uploads\\\/sites\\\/3\\\/2018\\\/07\\\/bm2_geminatingmix_38bag_berger-212x300.png\"},{\"@type\":\"WebSite\",\"@id\":\"https:\\\/\\\/www.berger.ca\\\/es\\\/#website\",\"url\":\"https:\\\/\\\/www.berger.ca\\\/es\\\/\",\"name\":\"Berger - ES\",\"description\":\"Un site utilisant Sites Berger\",\"publisher\":{\"@id\":\"https:\\\/\\\/www.berger.ca\\\/es\\\/#organization\"},\"potentialAction\":[{\"@type\":\"SearchAction\",\"target\":{\"@type\":\"EntryPoint\",\"urlTemplate\":\"https:\\\/\\\/www.berger.ca\\\/es\\\/?s={search_term_string}\"},\"query-input\":{\"@type\":\"PropertyValueSpecification\",\"valueRequired\":true,\"valueName\":\"search_term_string\"}}],\"inLanguage\":\"es\"},{\"@type\":\"Organization\",\"@id\":\"https:\\\/\\\/www.berger.ca\\\/es\\\/#organization\",\"name\":\"Berger\",\"url\":\"https:\\\/\\\/www.berger.ca\\\/es\\\/\",\"logo\":{\"@type\":\"ImageObject\",\"inLanguage\":\"es\",\"@id\":\"https:\\\/\\\/www.berger.ca\\\/es\\\/#\\\/schema\\\/logo\\\/image\\\/\",\"url\":\"https:\\\/\\\/www.berger.ca\\\/es\\\/wp-content\\\/uploads\\\/sites\\\/3\\\/2016\\\/07\\\/berger_logo_coul_seul.png\",\"contentUrl\":\"https:\\\/\\\/www.berger.ca\\\/es\\\/wp-content\\\/uploads\\\/sites\\\/3\\\/2016\\\/07\\\/berger_logo_coul_seul.png\",\"width\":1257,\"height\":1156,\"caption\":\"Berger\"},\"image\":{\"@id\":\"https:\\\/\\\/www.berger.ca\\\/es\\\/#\\\/schema\\\/logo\\\/image\\\/\"},\"sameAs\":[\"https:\\\/\\\/www.facebook.com\\\/berger.ca\\\/\",\"https:\\\/\\\/x.com\\\/berger_ca\",\"https:\\\/\\\/www.instagram.com\\\/bergermixes\\\/\",\"https:\\\/\\\/www.linkedin.com\\\/company\\\/berger-peat-moss-ltd-\\\/\",\"https:\\\/\\\/www.pinterest.com\\\/bergerpeatmoss\\\/\",\"https:\\\/\\\/www.youtube.com\\\/user\\\/tourbieresberger\"]}]}<\/script>\n<!-- \/ Yoast SEO plugin. -->","yoast_head_json":{"title":"\u00a1Gracias por su participaci\u00f3n! - Berger - ES","robots":{"index":"index","follow":"follow","max-snippet":"max-snippet:-1","max-image-preview":"max-image-preview:large","max-video-preview":"max-video-preview:-1"},"canonical":"https:\/\/www.berger.ca\/es\/gracias-por-su-participacion\/","og_locale":"es_ES","og_type":"article","og_title":"\u00a1Gracias por su participaci\u00f3n! - Berger - ES","og_description":"\u00a0 \u00a0PRODUCTOS PARA LA GERMINACI\u00d3N &nbsp;","og_url":"https:\/\/www.berger.ca\/es\/gracias-por-su-participacion\/","og_site_name":"Berger - ES","article_publisher":"https:\/\/www.facebook.com\/berger.ca\/","og_image":[{"url":"https:\/\/www.berger.ca\/es\/wp-content\/uploads\/sites\/3\/2018\/07\/bm2_geminatingmix_38bag_berger-212x300.png","type":"","width":"","height":""}],"twitter_card":"summary_large_image","twitter_site":"@berger_ca","twitter_misc":{"Tiempo de lectura":"1 minuto"},"schema":{"@context":"https:\/\/schema.org","@graph":[{"@type":"WebPage","@id":"https:\/\/www.berger.ca\/es\/gracias-por-su-participacion\/","url":"https:\/\/www.berger.ca\/es\/gracias-por-su-participacion\/","name":"\u00a1Gracias por su participaci\u00f3n! - Berger - ES","isPartOf":{"@id":"https:\/\/www.berger.ca\/es\/#website"},"primaryImageOfPage":{"@id":"https:\/\/www.berger.ca\/es\/gracias-por-su-participacion\/#primaryimage"},"image":{"@id":"https:\/\/www.berger.ca\/es\/gracias-por-su-participacion\/#primaryimage"},"thumbnailUrl":"https:\/\/www.berger.ca\/es\/wp-content\/uploads\/sites\/3\/2018\/07\/bm2_geminatingmix_38bag_berger-212x300.png","datePublished":"2018-07-13T13:53:55+00:00","inLanguage":"es","potentialAction":[{"@type":"ReadAction","target":["https:\/\/www.berger.ca\/es\/gracias-por-su-participacion\/"]}]},{"@type":"ImageObject","inLanguage":"es","@id":"https:\/\/www.berger.ca\/es\/gracias-por-su-participacion\/#primaryimage","url":"https:\/\/www.berger.ca\/es\/wp-content\/uploads\/sites\/3\/2018\/07\/bm2_geminatingmix_38bag_berger-212x300.png","contentUrl":"https:\/\/www.berger.ca\/es\/wp-content\/uploads\/sites\/3\/2018\/07\/bm2_geminatingmix_38bag_berger-212x300.png"},{"@type":"WebSite","@id":"https:\/\/www.berger.ca\/es\/#website","url":"https:\/\/www.berger.ca\/es\/","name":"Berger - ES","description":"Un site utilisant Sites Berger","publisher":{"@id":"https:\/\/www.berger.ca\/es\/#organization"},"potentialAction":[{"@type":"SearchAction","target":{"@type":"EntryPoint","urlTemplate":"https:\/\/www.berger.ca\/es\/?s={search_term_string}"},"query-input":{"@type":"PropertyValueSpecification","valueRequired":true,"valueName":"search_term_string"}}],"inLanguage":"es"},{"@type":"Organization","@id":"https:\/\/www.berger.ca\/es\/#organization","name":"Berger","url":"https:\/\/www.berger.ca\/es\/","logo":{"@type":"ImageObject","inLanguage":"es","@id":"https:\/\/www.berger.ca\/es\/#\/schema\/logo\/image\/","url":"https:\/\/www.berger.ca\/es\/wp-content\/uploads\/sites\/3\/2016\/07\/berger_logo_coul_seul.png","contentUrl":"https:\/\/www.berger.ca\/es\/wp-content\/uploads\/sites\/3\/2016\/07\/berger_logo_coul_seul.png","width":1257,"height":1156,"caption":"Berger"},"image":{"@id":"https:\/\/www.berger.ca\/es\/#\/schema\/logo\/image\/"},"sameAs":["https:\/\/www.facebook.com\/berger.ca\/","https:\/\/x.com\/berger_ca","https:\/\/www.instagram.com\/bergermixes\/","https:\/\/www.linkedin.com\/company\/berger-peat-moss-ltd-\/","https:\/\/www.pinterest.com\/bergerpeatmoss\/","https:\/\/www.youtube.com\/user\/tourbieresberger"]}]}},"_links":{"self":[{"href":"https:\/\/www.berger.ca\/es\/wp-json\/wp\/v2\/pages\/2739","targetHints":{"allow":["GET"]}}],"collection":[{"href":"https:\/\/www.berger.ca\/es\/wp-json\/wp\/v2\/pages"}],"about":[{"href":"https:\/\/www.berger.ca\/es\/wp-json\/wp\/v2\/types\/page"}],"author":[{"embeddable":true,"href":"https:\/\/www.berger.ca\/es\/wp-json\/wp\/v2\/users\/2"}],"replies":[{"embeddable":true,"href":"https:\/\/www.berger.ca\/es\/wp-json\/wp\/v2\/comments?post=2739"}],"version-history":[{"count":7,"href":"https:\/\/www.berger.ca\/es\/wp-json\/wp\/v2\/pages\/2739\/revisions"}],"predecessor-version":[{"id":2863,"href":"https:\/\/www.berger.ca\/es\/wp-json\/wp\/v2\/pages\/2739\/revisions\/2863"}],"wp:attachment":[{"href":"https:\/\/www.berger.ca\/es\/wp-json\/wp\/v2\/media?parent=2739"}],"curies":[{"name":"wp","href":"https:\/\/api.w.org\/{rel}","templated":true}]}}