{"id":284,"date":"2016-05-10T16:06:59","date_gmt":"2016-05-10T15:06:59","guid":{"rendered":"https:\/\/www.berger.ca\/es\/?page_id=284"},"modified":"2018-10-16T12:33:18","modified_gmt":"2018-10-16T11:33:18","slug":"historia","status":"publish","type":"page","link":"https:\/\/www.berger.ca\/es\/acerca-de-berger\/historia\/","title":{"rendered":"Historia"},"content":{"rendered":"<h2>La historia de una empresa pr\u00f3spera<\/h2>\n<p><strong>Empresa familiar de tercera generaci\u00f3n<\/strong>, Berger debe su existencia al sue\u00f1o de una mujer, la Sra. Huguette Th\u00e9berge.<\/p>\n<p>En 1963, la Sra. Th\u00e9berge y su esposo, Alcide Berger, fundaron una empresa productora de mezclas para cultivos, que actualmente se<strong> diferencia a gran escala por la calidad<\/strong>, la uniformidad de sus productos y su vasta experiencia.<\/p>\n<p>&nbsp;<\/p>\n<p>Desde hace m\u00e1s de cincuenta a\u00f1os, cada una de las generaciones que ha ocupado la direcci\u00f3n de la empresa ha sabido aportar su propio valor agregado, lo que permiti\u00f3 a Berger no solamente crecer sino tambi\u00e9n experimentar fuertes est\u00edmulos de innovaci\u00f3n.<\/p>\n<p>&nbsp;<\/p>\n<p>&nbsp;<\/p>\n<div class=\"wysiwyg-row\"><br \/>\n<div class=\"column-4\"><br \/>\n<img loading=\"lazy\" decoding=\"async\" class=\"alignnone wp-image-1845 size-medium\" src=\"https:\/\/www.berger.ca\/es\/wp-content\/uploads\/2016\/05\/2318_001-e1462992429407-300x185.jpg\" alt=\"Alcide Berger y Huguette Th\u00e9berge\" width=\"300\" height=\"185\" \/><br \/>\n<\/div><br \/>\n<div class=\"column-7\"><\/p>\n<h3>Generaci\u00f3n visionaria<\/h3>\n<p>En marzo de 1963, en Saint-Modeste, en pleno coraz\u00f3n del Bajo San Lorenzo, Huguette Th\u00e9berge y Alcide Berger sientan las bases de una empresa que experimentar\u00e1 un apogeo constante.<\/p>\n<p>Desde el principio de este desarrollo, la Sra. Th\u00e9berge y el Sr. Berger sembraron las semillas de lo que se convertir\u00eda m\u00e1s tarde en la filosof\u00eda y los valores familiares de Berger, a saber, la<strong> armon\u00eda, el rendimiento, el compromiso y la cercan\u00eda<\/strong>. Despu\u00e9s de las primeras extracciones de turba efectuadas a mano, se logr\u00f3 la mecanizaci\u00f3n de las operaciones.<br \/>\n<\/div><br \/>\n<\/div>\n<div class=\"wysiwyg-row\"><br \/>\n<div class=\"column-4\"><br \/>\n<img loading=\"lazy\" decoding=\"async\" class=\"alignnone wp-image-1846 size-medium\" src=\"https:\/\/www.berger.ca\/es\/wp-content\/uploads\/2016\/05\/Groupe-Berger_Claudin-R\u00e9gis-e1462992497222-300x185.jpg\" alt=\"Claudin y R\u00e9gis Berger\" width=\"300\" height=\"185\" \/><br \/>\n<\/div><br \/>\n<div class=\"column-7\"><\/p>\n<h3>Generaci\u00f3n internacional<\/h3>\n<p>En 1980, los Sres. Claudin y R\u00e9gis Berger, hijos de los fundadores, se hacen cargo de la empresa. Bajo su mandato, la empresa innova e introduce los <strong>productos con valor a\u00f1adido<\/strong>, adem\u00e1s de adquirir un alcance internacional:<\/p>\n<p>&nbsp;<\/p>\n<p>\u2022 Enfoque de <strong>ventas directas<\/strong>;<\/p>\n<p>\u2022 Distribuci\u00f3n de productos Berger con su propia marca;<\/p>\n<p>\u2022 Adquisici\u00f3n de turberas en Nuevo Brunswick y Manitoba;<\/p>\n<p>\u2022 Construcci\u00f3n de plantas procesadoras de turba y plantas de mezcla en varios lugares de EE. UU. y Canad\u00e1;<\/p>\n<p>\u2022 Creaci\u00f3n del <strong>formato rascacielos<\/strong>, innovaci\u00f3n jam\u00e1s igualada hasta la fecha;<\/p>\n<p>\u2022 Desarrollo de mercado a <strong>escala mundial;<\/strong><\/p>\n<p>\u2022 Obtenci\u00f3n de la certificaci\u00f3n seg\u00fan la<strong> norma ISO 9001<\/strong>;<\/p>\n<p>\u2022 Adquisici\u00f3n de la<strong> tierra familiar<\/strong> en St-Fabien.<\/p>\n<p><\/div><br \/>\n<\/div>\n<div class=\"wysiwyg-row\"><br \/>\n<div class=\"column-4\"><br \/>\n<img loading=\"lazy\" decoding=\"async\" class=\"alignnone size-full wp-image-1661\" src=\"https:\/\/www.berger.ca\/es\/wp-content\/uploads\/2016\/05\/160321_Berger6966_Final-e1462903481855.jpg\" alt=\"M\u00e9lissa y Val\u00e9rie Berger\" width=\"333\" height=\"205\" \/><br \/>\n<\/div><br \/>\n<div class=\"column-7\"><\/p>\n<h3>Generaci\u00f3n de crecimiento continuo<\/h3>\n<p>Desde 2010, Val\u00e9rie y M\u00e9lissa Berger, hijas de Claudin Berger, est\u00e1n a cargo de la presidencia ejecutiva de Berger. Infundiendo a la empresa un aire de renovaci\u00f3n y dinamismo, estas dos mujeres ejecutivas buscan el <strong>crecimiento continuo<\/strong> y ponen en pr\u00e1ctica estrategias de mercado hasta el momento in\u00e9ditas, como el desarrollo de productos en funci\u00f3n de las <strong>necesidades de los productores.<\/strong><\/p>\n<p>Una visi\u00f3n que es sin\u00f3nimo de \u00e9xito:<\/p>\n<p>\u2022 Obtenci\u00f3n de la certificaci\u00f3n <em><strong>V\u00e9riflora\u00ae<\/strong><\/em>;<\/p>\n<p>\u2022 Transformaci\u00f3n de la imagen de la marca de Berger;<\/p>\n<p>\u2022 Adquisici\u00f3n de Sun Land Garden Product y Beaver &amp; Lafaille Peat Moss;<\/p>\n<p>\u2022 <strong>Crecimiento de las ventas en un 100%<\/strong> entre 2010 y 2015;<\/p>\n<p>\u2022 Prix Prestiges 2015 (Premios Prestigio 2015) \u2013 <strong>Empresa del a\u00f1o<\/strong> otorgado por la C\u00e1mara de Comercio de Rivi\u00e8re-du-Loup.<\/p>\n<p><\/div><br \/>\n<\/div>\n","protected":false},"excerpt":{"rendered":"<p>La historia de una empresa pr\u00f3spera Empresa familiar de tercera generaci\u00f3n, Berger debe su existencia al sue\u00f1o de una mujer, la Sra. Huguette Th\u00e9berge. En 1963, la Sra. Th\u00e9berge y su esposo, Alcide Berger, fundaron una empresa productora de mezclas para cultivos, que actualmente se diferencia a gran escala por la calidad, la uniformidad de sus productos y su vasta experiencia. &nbsp; Desde hace m\u00e1s de cincuenta a\u00f1os, cada una de las generaciones que ha ocupado la direcci\u00f3n de la empresa ha sabido aportar su propio valor agregado, lo que permiti\u00f3 a Berger no solamente crecer sino tambi\u00e9n experimentar fuertes est\u00edmulos de innovaci\u00f3n. &nbsp; &nbsp;<\/p>\n","protected":false},"author":1,"featured_media":0,"parent":280,"menu_order":0,"comment_status":"closed","ping_status":"closed","template":"template-wysiwyg.php","meta":{"_acf_changed":false,"footnotes":""},"class_list":["post-284","page","type-page","status-publish","hentry"],"acf":[],"yoast_head":"<!-- This site is optimized with the Yoast SEO plugin v27.3 - https:\/\/yoast.com\/product\/yoast-seo-wordpress\/ -->\n<title>Historia - Berger - ES<\/title>\n<meta name=\"description\" content=\"La historia de una empresa pr\u00f3spera. Conozca los fundamentos de Berger, su evoluci\u00f3n a trav\u00e9s de las generaciones y sus m\u00e1s grandes logros.\" \/>\n<meta name=\"robots\" content=\"index, follow, max-snippet:-1, max-image-preview:large, max-video-preview:-1\" \/>\n<link rel=\"canonical\" href=\"https:\/\/www.berger.ca\/es\/acerca-de-berger\/historia\/\" \/>\n<meta property=\"og:locale\" content=\"es_ES\" \/>\n<meta property=\"og:type\" content=\"article\" \/>\n<meta property=\"og:title\" content=\"Historia - Berger - ES\" \/>\n<meta property=\"og:description\" content=\"La historia de una empresa pr\u00f3spera. Conozca los fundamentos de Berger, su evoluci\u00f3n a trav\u00e9s de las generaciones y sus m\u00e1s grandes logros.\" \/>\n<meta property=\"og:url\" content=\"https:\/\/www.berger.ca\/es\/acerca-de-berger\/historia\/\" \/>\n<meta property=\"og:site_name\" content=\"Berger - ES\" \/>\n<meta property=\"article:publisher\" content=\"https:\/\/www.facebook.com\/berger.ca\/\" \/>\n<meta property=\"article:modified_time\" content=\"2018-10-16T11:33:18+00:00\" \/>\n<meta property=\"og:image\" content=\"https:\/\/www.berger.ca\/es\/wp-content\/uploads\/2016\/05\/2318_001-e1462992429407-300x185.jpg\" \/>\n<meta name=\"twitter:card\" content=\"summary_large_image\" \/>\n<meta name=\"twitter:site\" content=\"@berger_ca\" \/>\n<meta name=\"twitter:label1\" content=\"Tiempo de lectura\" \/>\n\t<meta name=\"twitter:data1\" content=\"3 minutos\" \/>\n<script type=\"application\/ld+json\" class=\"yoast-schema-graph\">{\"@context\":\"https:\\\/\\\/schema.org\",\"@graph\":[{\"@type\":\"WebPage\",\"@id\":\"https:\\\/\\\/www.berger.ca\\\/es\\\/acerca-de-berger\\\/historia\\\/\",\"url\":\"https:\\\/\\\/www.berger.ca\\\/es\\\/acerca-de-berger\\\/historia\\\/\",\"name\":\"Historia - Berger - ES\",\"isPartOf\":{\"@id\":\"https:\\\/\\\/www.berger.ca\\\/es\\\/#website\"},\"primaryImageOfPage\":{\"@id\":\"https:\\\/\\\/www.berger.ca\\\/es\\\/acerca-de-berger\\\/historia\\\/#primaryimage\"},\"image\":{\"@id\":\"https:\\\/\\\/www.berger.ca\\\/es\\\/acerca-de-berger\\\/historia\\\/#primaryimage\"},\"thumbnailUrl\":\"https:\\\/\\\/www.berger.ca\\\/es\\\/wp-content\\\/uploads\\\/2016\\\/05\\\/2318_001-e1462992429407-300x185.jpg\",\"datePublished\":\"2016-05-10T15:06:59+00:00\",\"dateModified\":\"2018-10-16T11:33:18+00:00\",\"description\":\"La historia de una empresa pr\u00f3spera. Conozca los fundamentos de Berger, su evoluci\u00f3n a trav\u00e9s de las generaciones y sus m\u00e1s grandes logros.\",\"breadcrumb\":{\"@id\":\"https:\\\/\\\/www.berger.ca\\\/es\\\/acerca-de-berger\\\/historia\\\/#breadcrumb\"},\"inLanguage\":\"es\",\"potentialAction\":[{\"@type\":\"ReadAction\",\"target\":[\"https:\\\/\\\/www.berger.ca\\\/es\\\/acerca-de-berger\\\/historia\\\/\"]}]},{\"@type\":\"ImageObject\",\"inLanguage\":\"es\",\"@id\":\"https:\\\/\\\/www.berger.ca\\\/es\\\/acerca-de-berger\\\/historia\\\/#primaryimage\",\"url\":\"https:\\\/\\\/www.berger.ca\\\/es\\\/wp-content\\\/uploads\\\/2016\\\/05\\\/2318_001-e1462992429407-300x185.jpg\",\"contentUrl\":\"https:\\\/\\\/www.berger.ca\\\/es\\\/wp-content\\\/uploads\\\/2016\\\/05\\\/2318_001-e1462992429407-300x185.jpg\"},{\"@type\":\"BreadcrumbList\",\"@id\":\"https:\\\/\\\/www.berger.ca\\\/es\\\/acerca-de-berger\\\/historia\\\/#breadcrumb\",\"itemListElement\":[{\"@type\":\"ListItem\",\"position\":1,\"name\":\"Acerca de Berger\",\"item\":\"https:\\\/\\\/www.berger.ca\\\/es\\\/acerca-de-berger\\\/\"},{\"@type\":\"ListItem\",\"position\":2,\"name\":\"Historia\"}]},{\"@type\":\"WebSite\",\"@id\":\"https:\\\/\\\/www.berger.ca\\\/es\\\/#website\",\"url\":\"https:\\\/\\\/www.berger.ca\\\/es\\\/\",\"name\":\"Berger - ES\",\"description\":\"Un site utilisant Sites Berger\",\"publisher\":{\"@id\":\"https:\\\/\\\/www.berger.ca\\\/es\\\/#organization\"},\"potentialAction\":[{\"@type\":\"SearchAction\",\"target\":{\"@type\":\"EntryPoint\",\"urlTemplate\":\"https:\\\/\\\/www.berger.ca\\\/es\\\/?s={search_term_string}\"},\"query-input\":{\"@type\":\"PropertyValueSpecification\",\"valueRequired\":true,\"valueName\":\"search_term_string\"}}],\"inLanguage\":\"es\"},{\"@type\":\"Organization\",\"@id\":\"https:\\\/\\\/www.berger.ca\\\/es\\\/#organization\",\"name\":\"Berger\",\"url\":\"https:\\\/\\\/www.berger.ca\\\/es\\\/\",\"logo\":{\"@type\":\"ImageObject\",\"inLanguage\":\"es\",\"@id\":\"https:\\\/\\\/www.berger.ca\\\/es\\\/#\\\/schema\\\/logo\\\/image\\\/\",\"url\":\"https:\\\/\\\/www.berger.ca\\\/es\\\/wp-content\\\/uploads\\\/sites\\\/3\\\/2016\\\/07\\\/berger_logo_coul_seul.png\",\"contentUrl\":\"https:\\\/\\\/www.berger.ca\\\/es\\\/wp-content\\\/uploads\\\/sites\\\/3\\\/2016\\\/07\\\/berger_logo_coul_seul.png\",\"width\":1257,\"height\":1156,\"caption\":\"Berger\"},\"image\":{\"@id\":\"https:\\\/\\\/www.berger.ca\\\/es\\\/#\\\/schema\\\/logo\\\/image\\\/\"},\"sameAs\":[\"https:\\\/\\\/www.facebook.com\\\/berger.ca\\\/\",\"https:\\\/\\\/x.com\\\/berger_ca\",\"https:\\\/\\\/www.instagram.com\\\/bergermixes\\\/\",\"https:\\\/\\\/www.linkedin.com\\\/company\\\/berger-peat-moss-ltd-\\\/\",\"https:\\\/\\\/www.pinterest.com\\\/bergerpeatmoss\\\/\",\"https:\\\/\\\/www.youtube.com\\\/user\\\/tourbieresberger\"]}]}<\/script>\n<!-- \/ Yoast SEO plugin. -->","yoast_head_json":{"title":"Historia - Berger - ES","description":"La historia de una empresa pr\u00f3spera. Conozca los fundamentos de Berger, su evoluci\u00f3n a trav\u00e9s de las generaciones y sus m\u00e1s grandes logros.","robots":{"index":"index","follow":"follow","max-snippet":"max-snippet:-1","max-image-preview":"max-image-preview:large","max-video-preview":"max-video-preview:-1"},"canonical":"https:\/\/www.berger.ca\/es\/acerca-de-berger\/historia\/","og_locale":"es_ES","og_type":"article","og_title":"Historia - Berger - ES","og_description":"La historia de una empresa pr\u00f3spera. Conozca los fundamentos de Berger, su evoluci\u00f3n a trav\u00e9s de las generaciones y sus m\u00e1s grandes logros.","og_url":"https:\/\/www.berger.ca\/es\/acerca-de-berger\/historia\/","og_site_name":"Berger - ES","article_publisher":"https:\/\/www.facebook.com\/berger.ca\/","article_modified_time":"2018-10-16T11:33:18+00:00","og_image":[{"url":"https:\/\/www.berger.ca\/es\/wp-content\/uploads\/2016\/05\/2318_001-e1462992429407-300x185.jpg","type":"","width":"","height":""}],"twitter_card":"summary_large_image","twitter_site":"@berger_ca","twitter_misc":{"Tiempo de lectura":"3 minutos"},"schema":{"@context":"https:\/\/schema.org","@graph":[{"@type":"WebPage","@id":"https:\/\/www.berger.ca\/es\/acerca-de-berger\/historia\/","url":"https:\/\/www.berger.ca\/es\/acerca-de-berger\/historia\/","name":"Historia - Berger - ES","isPartOf":{"@id":"https:\/\/www.berger.ca\/es\/#website"},"primaryImageOfPage":{"@id":"https:\/\/www.berger.ca\/es\/acerca-de-berger\/historia\/#primaryimage"},"image":{"@id":"https:\/\/www.berger.ca\/es\/acerca-de-berger\/historia\/#primaryimage"},"thumbnailUrl":"https:\/\/www.berger.ca\/es\/wp-content\/uploads\/2016\/05\/2318_001-e1462992429407-300x185.jpg","datePublished":"2016-05-10T15:06:59+00:00","dateModified":"2018-10-16T11:33:18+00:00","description":"La historia de una empresa pr\u00f3spera. Conozca los fundamentos de Berger, su evoluci\u00f3n a trav\u00e9s de las generaciones y sus m\u00e1s grandes logros.","breadcrumb":{"@id":"https:\/\/www.berger.ca\/es\/acerca-de-berger\/historia\/#breadcrumb"},"inLanguage":"es","potentialAction":[{"@type":"ReadAction","target":["https:\/\/www.berger.ca\/es\/acerca-de-berger\/historia\/"]}]},{"@type":"ImageObject","inLanguage":"es","@id":"https:\/\/www.berger.ca\/es\/acerca-de-berger\/historia\/#primaryimage","url":"https:\/\/www.berger.ca\/es\/wp-content\/uploads\/2016\/05\/2318_001-e1462992429407-300x185.jpg","contentUrl":"https:\/\/www.berger.ca\/es\/wp-content\/uploads\/2016\/05\/2318_001-e1462992429407-300x185.jpg"},{"@type":"BreadcrumbList","@id":"https:\/\/www.berger.ca\/es\/acerca-de-berger\/historia\/#breadcrumb","itemListElement":[{"@type":"ListItem","position":1,"name":"Acerca de Berger","item":"https:\/\/www.berger.ca\/es\/acerca-de-berger\/"},{"@type":"ListItem","position":2,"name":"Historia"}]},{"@type":"WebSite","@id":"https:\/\/www.berger.ca\/es\/#website","url":"https:\/\/www.berger.ca\/es\/","name":"Berger - ES","description":"Un site utilisant Sites Berger","publisher":{"@id":"https:\/\/www.berger.ca\/es\/#organization"},"potentialAction":[{"@type":"SearchAction","target":{"@type":"EntryPoint","urlTemplate":"https:\/\/www.berger.ca\/es\/?s={search_term_string}"},"query-input":{"@type":"PropertyValueSpecification","valueRequired":true,"valueName":"search_term_string"}}],"inLanguage":"es"},{"@type":"Organization","@id":"https:\/\/www.berger.ca\/es\/#organization","name":"Berger","url":"https:\/\/www.berger.ca\/es\/","logo":{"@type":"ImageObject","inLanguage":"es","@id":"https:\/\/www.berger.ca\/es\/#\/schema\/logo\/image\/","url":"https:\/\/www.berger.ca\/es\/wp-content\/uploads\/sites\/3\/2016\/07\/berger_logo_coul_seul.png","contentUrl":"https:\/\/www.berger.ca\/es\/wp-content\/uploads\/sites\/3\/2016\/07\/berger_logo_coul_seul.png","width":1257,"height":1156,"caption":"Berger"},"image":{"@id":"https:\/\/www.berger.ca\/es\/#\/schema\/logo\/image\/"},"sameAs":["https:\/\/www.facebook.com\/berger.ca\/","https:\/\/x.com\/berger_ca","https:\/\/www.instagram.com\/bergermixes\/","https:\/\/www.linkedin.com\/company\/berger-peat-moss-ltd-\/","https:\/\/www.pinterest.com\/bergerpeatmoss\/","https:\/\/www.youtube.com\/user\/tourbieresberger"]}]}},"_links":{"self":[{"href":"https:\/\/www.berger.ca\/es\/wp-json\/wp\/v2\/pages\/284","targetHints":{"allow":["GET"]}}],"collection":[{"href":"https:\/\/www.berger.ca\/es\/wp-json\/wp\/v2\/pages"}],"about":[{"href":"https:\/\/www.berger.ca\/es\/wp-json\/wp\/v2\/types\/page"}],"author":[{"embeddable":true,"href":"https:\/\/www.berger.ca\/es\/wp-json\/wp\/v2\/users\/1"}],"replies":[{"embeddable":true,"href":"https:\/\/www.berger.ca\/es\/wp-json\/wp\/v2\/comments?post=284"}],"version-history":[{"count":10,"href":"https:\/\/www.berger.ca\/es\/wp-json\/wp\/v2\/pages\/284\/revisions"}],"predecessor-version":[{"id":2249,"href":"https:\/\/www.berger.ca\/es\/wp-json\/wp\/v2\/pages\/284\/revisions\/2249"}],"up":[{"embeddable":true,"href":"https:\/\/www.berger.ca\/es\/wp-json\/wp\/v2\/pages\/280"}],"wp:attachment":[{"href":"https:\/\/www.berger.ca\/es\/wp-json\/wp\/v2\/media?parent=284"}],"curies":[{"name":"wp","href":"https:\/\/api.w.org\/{rel}","templated":true}]}}