{"id":286,"date":"2016-05-10T16:08:03","date_gmt":"2016-05-10T15:08:03","guid":{"rendered":"https:\/\/www.berger.ca\/es\/?page_id=286"},"modified":"2024-10-25T08:23:36","modified_gmt":"2024-10-25T13:23:36","slug":"filosofia","status":"publish","type":"page","link":"https:\/\/www.berger.ca\/es\/acerca-de-berger\/filosofia\/","title":{"rendered":"ADN de Berger"},"content":{"rendered":"<h2 style=\"text-align: center\"><span style=\"color: #3b261d\">&#8211; DONDE FLORECE LA VIDA &#8211;\u00a0<\/span><\/h2>\n<h2><span style=\"color: #5d6333\">NUESTRA FORMA DE CONCEBIR EL MUNDO <\/span><\/h2>\n<h4>Fomentamos un ambiente de superaci\u00f3n abundante tanto para el desarrollo humano como para el crecimiento agr\u00edcola y hort\u00edcola.<\/h4>\n<p>Nuestras soluciones de agricultura y horticultura nutren a la vida. Gracias a ellas, la naturaleza alcanza su verdadero potencial. Como organizaci\u00f3n, nuestro reto es contribuir a la vida que nos rodea, desde el dinamismo de nuestros clientes hasta la vida en el trabajo y la vitalidad de nuestras comunidades. Hemos sido un elemento constante de esta vida desde 1963.<\/p>\n<hr \/>\n<div class=\"wysiwyg-row\"><\/p>\n<p><div class=\"column-6\"><\/p>\n<h2><span style=\"color: #5d6333\">NUESTRA FORMA DE SER <\/span><\/h2>\n<h4>Vivimos nuestro compromiso<\/h4>\n<p>Creemos en el compromiso. Sin importar nuestro papel, manifestamos y ofrecemos lo mejor de nosotros mismos mediante el compromiso que hacemos con nuestros colegas, socios, clientes y comunidades. Como individuos y como organizaci\u00f3n. El compromiso es nuestra energ\u00eda. Es lo que nos impulsa, lo que nos permite lograr cosas asombrosas juntos y para el beneficio de todos.<\/p>\n<h4>Vivimos la cercan\u00eda<\/h4>\n<p>Creemos en la cercan\u00eda. Estamos cerca unos de otros, como miembros de un equipo, como clientes y como las comunidades en las que operamos. Este es un valor arraigado en nuestra familia, el cual enriquece el esp\u00edritu de alianza que siempre ha estado en nuestros corazones. Es tambi\u00e9n la cercan\u00eda lo que nos permite crear un impacto ben\u00e9fico a nuestro alrededor.<\/p>\n<h4>Vivimos la armon\u00eda<\/h4>\n<p>Creemos en la armon\u00eda. Con base en la capacidad de escuchar, la apertura, el respeto, la humildad y la sinceridad, la armon\u00eda nos permite crear el entorno de confianza tan esencial para nuestro \u00e9xito. Esta armon\u00eda, impulsada por la apertura de mente y capacidad de compartir ideas, nos hace mejores colegas, socios comerciales y ciudadanos.<\/p>\n<h4>Vivimos el RENDIMIENTO<\/h4>\n<p>Creemos en el desempe\u00f1o combinado de nuestros productos y nuestro conocimiento. Nos esforzamos diariamente para ampliar nuestro conocimiento mediante una visi\u00f3n moderna del desempe\u00f1o. Innovamos diariamente en todas las esferas de nuestra organizaci\u00f3n. Queremos que nuestra energ\u00eda creativa se refleje en nuestros clientes, socios y equipos.<\/p>\n<p><\/div><\/p>\n<p><div class=\"column-6\"><\/p>\n<h2><span style=\"color: #5d6333\">NUESTRA FORMA DE HACER LAS COSAS <\/span><\/h2>\n<h4>Servicio y conocimiento<\/h4>\n<p><strong>Conocimiento en el que puede confiar a largo plazo.<\/strong> Tenemos el conocimiento \u00fanico para cubrir las necesidades y requisitos modernos de los productores agr\u00edcolas y hort\u00edcolas. Verdaderamente, somos los socios en los que puede confiar.<\/p>\n<h4>Calidad y consistencia<\/h4>\n<p><strong>Desempe\u00f1o repetido. <\/strong>Para nosotros, la calidad y consistencia en la producci\u00f3n son inseparables. Calidad de la cosecha, calidad de los insumos: la calidad no se pone en riesgo y se preserva mediante una producci\u00f3n vanguardista con procesos de supervisi\u00f3n rigurosa y un seguimiento infalible. Repetimos este proceso de desempe\u00f1o alto costal tras costal, lo cual es totalmente esencial para los productores.<\/p>\n<h4>Innovaci\u00f3n<\/h4>\n<p><strong>El futuro comienza aqu\u00ed. <\/strong> Somos especialistas en innovaci\u00f3n. Innovaci\u00f3n que enfrenta los retos modernos de los productores en todos los aspectos de sus negocios. Nuestra capacidad de innovar combina la creatividad, el conocimiento y el entendimiento profundo de las tendencias de la industria.<\/p>\n<h4>Desarrollo sustentable<\/h4>\n<p><strong>Nuestra naturaleza es la responsabilidad ambiental. <\/strong>La naturaleza siempre ha sido parte integral de nuestro modelo comercial. Por eso, cada vez hay m\u00e1s pr\u00e1cticas comerciales responsables al frente de nuestros compromisos.<\/p>\n<p><\/div><br \/>\n<\/div>\n<hr \/>\n<div class=\"wysiwyg-row\"><\/p>\n<h2><span style=\"color: #5d6333\">NUESTRAS PROMESAS <\/span><\/h2>\n<p><div class=\"column-4\"><\/p>\n<h4>clientes + industria<\/h4>\n<p><img loading=\"lazy\" decoding=\"async\" class=\"alignnone wp-image-5430\" src=\"https:\/\/www.berger.ca\/es\/wp-content\/uploads\/sites\/3\/2024\/06\/Berger-UsineAssemblage-31595-2-300x200.jpg\" alt=\"Promesa | clientes + industria \" width=\"400\" height=\"267\" srcset=\"https:\/\/www.berger.ca\/es\/wp-content\/uploads\/sites\/3\/2024\/06\/Berger-UsineAssemblage-31595-2-300x200.jpg 300w, https:\/\/www.berger.ca\/es\/wp-content\/uploads\/sites\/3\/2024\/06\/Berger-UsineAssemblage-31595-2-1024x683.jpg 1024w, https:\/\/www.berger.ca\/es\/wp-content\/uploads\/sites\/3\/2024\/06\/Berger-UsineAssemblage-31595-2-768x512.jpg 768w, https:\/\/www.berger.ca\/es\/wp-content\/uploads\/sites\/3\/2024\/06\/Berger-UsineAssemblage-31595-2-1536x1024.jpg 1536w, https:\/\/www.berger.ca\/es\/wp-content\/uploads\/sites\/3\/2024\/06\/Berger-UsineAssemblage-31595-2-2048x1365.jpg 2048w\" sizes=\"auto, (max-width: 400px) 100vw, 400px\" \/><\/p>\n<p><strong>Somos vitales para el crecimiento.<\/strong><br \/>\nproductores ambiciosos, adem\u00e1s de un participante indispensable en una industria moderna.<br \/>\n<\/div><\/p>\n<p><div class=\"column-4\"><\/p>\n<h4>comunidad<\/h4>\n<p><img loading=\"lazy\" decoding=\"async\" class=\"alignnone wp-image-5431\" src=\"https:\/\/www.berger.ca\/es\/wp-content\/uploads\/sites\/3\/2024\/06\/PNPC1489-300x200.jpg\" alt=\"Promesas | comunidad\" width=\"400\" height=\"267\" srcset=\"https:\/\/www.berger.ca\/es\/wp-content\/uploads\/sites\/3\/2024\/06\/PNPC1489-300x200.jpg 300w, https:\/\/www.berger.ca\/es\/wp-content\/uploads\/sites\/3\/2024\/06\/PNPC1489-1024x683.jpg 1024w, https:\/\/www.berger.ca\/es\/wp-content\/uploads\/sites\/3\/2024\/06\/PNPC1489-768x512.jpg 768w, https:\/\/www.berger.ca\/es\/wp-content\/uploads\/sites\/3\/2024\/06\/PNPC1489-1536x1024.jpg 1536w, https:\/\/www.berger.ca\/es\/wp-content\/uploads\/sites\/3\/2024\/06\/PNPC1489-2048x1365.jpg 2048w\" sizes=\"auto, (max-width: 400px) 100vw, 400px\" \/><\/p>\n<p><strong>Somos vitales para el desarrollo. <\/strong><br \/>\nContribuimos orgullosamente al avance socioecon\u00f3mico y al bienestar comunitario de nuestros ambientes.<br \/>\n<\/div><\/p>\n<p><div class=\"column-4\"><\/p>\n<h4>empleados<\/h4>\n<p><img loading=\"lazy\" decoding=\"async\" class=\"alignnone wp-image-5429\" src=\"https:\/\/www.berger.ca\/es\/wp-content\/uploads\/sites\/3\/2024\/06\/Berger-UsineAssemblage-31340-1-300x200.jpg\" alt=\"Promesas | empleados \" width=\"400\" height=\"267\" srcset=\"https:\/\/www.berger.ca\/es\/wp-content\/uploads\/sites\/3\/2024\/06\/Berger-UsineAssemblage-31340-1-300x200.jpg 300w, https:\/\/www.berger.ca\/es\/wp-content\/uploads\/sites\/3\/2024\/06\/Berger-UsineAssemblage-31340-1-1024x683.jpg 1024w, https:\/\/www.berger.ca\/es\/wp-content\/uploads\/sites\/3\/2024\/06\/Berger-UsineAssemblage-31340-1-768x512.jpg 768w, https:\/\/www.berger.ca\/es\/wp-content\/uploads\/sites\/3\/2024\/06\/Berger-UsineAssemblage-31340-1-1536x1024.jpg 1536w, https:\/\/www.berger.ca\/es\/wp-content\/uploads\/sites\/3\/2024\/06\/Berger-UsineAssemblage-31340-1-2048x1365.jpg 2048w\" sizes=\"auto, (max-width: 400px) 100vw, 400px\" \/><\/p>\n<p><strong>Crecer como uno solo. <\/strong><br \/>\nBerger es un ambiente de logro profesional que se adapta a distintas personalidades, necesidades y ambiciones.<br \/>\n<\/div><\/p>\n<p><\/div>\n","protected":false},"excerpt":{"rendered":"<p>&#8211; DONDE FLORECE LA VIDA &#8211;\u00a0 NUESTRA FORMA DE CONCEBIR EL MUNDO Fomentamos un ambiente de superaci\u00f3n abundante tanto para el desarrollo humano como para el crecimiento agr\u00edcola y hort\u00edcola. Nuestras soluciones de agricultura y horticultura nutren a la vida. Gracias a ellas, la naturaleza alcanza su verdadero potencial. Como organizaci\u00f3n, nuestro reto es contribuir a la vida que nos rodea, desde el dinamismo de nuestros clientes hasta la vida en el trabajo y la vitalidad de nuestras comunidades. Hemos sido un elemento constante de esta vida desde 1963.<\/p>\n","protected":false},"author":2,"featured_media":0,"parent":280,"menu_order":0,"comment_status":"closed","ping_status":"closed","template":"","meta":{"_acf_changed":false,"footnotes":""},"class_list":["post-286","page","type-page","status-publish","hentry"],"acf":[],"yoast_head":"<!-- This site is optimized with the Yoast SEO plugin v27.3 - https:\/\/yoast.com\/product\/yoast-seo-wordpress\/ -->\n<title>ADN de Berger - Berger - ES<\/title>\n<meta name=\"description\" content=\"Nuestra visi\u00f3n: ser reconocido por los mejores profesionales de la horticultura como EL socio clave de su \u00e9xito.\" \/>\n<meta name=\"robots\" content=\"index, follow, max-snippet:-1, max-image-preview:large, max-video-preview:-1\" \/>\n<link rel=\"canonical\" href=\"https:\/\/www.berger.ca\/es\/acerca-de-berger\/filosofia\/\" \/>\n<meta property=\"og:locale\" content=\"es_ES\" \/>\n<meta property=\"og:type\" content=\"article\" \/>\n<meta property=\"og:title\" content=\"ADN de Berger - Berger - ES\" \/>\n<meta property=\"og:description\" content=\"Nuestra visi\u00f3n: ser reconocido por los mejores profesionales de la horticultura como EL socio clave de su \u00e9xito.\" \/>\n<meta property=\"og:url\" content=\"https:\/\/www.berger.ca\/es\/acerca-de-berger\/filosofia\/\" \/>\n<meta property=\"og:site_name\" content=\"Berger - ES\" \/>\n<meta property=\"article:publisher\" content=\"https:\/\/www.facebook.com\/berger.ca\/\" \/>\n<meta property=\"article:modified_time\" content=\"2024-10-25T13:23:36+00:00\" \/>\n<meta property=\"og:image\" content=\"https:\/\/www.berger.ca\/es\/wp-content\/uploads\/sites\/3\/2024\/06\/Berger-UsineAssemblage-31595-2-scaled.jpg\" \/>\n\t<meta property=\"og:image:width\" content=\"2560\" \/>\n\t<meta property=\"og:image:height\" content=\"1707\" \/>\n\t<meta property=\"og:image:type\" content=\"image\/jpeg\" \/>\n<meta name=\"twitter:card\" content=\"summary_large_image\" \/>\n<meta name=\"twitter:site\" content=\"@berger_ca\" \/>\n<meta name=\"twitter:label1\" content=\"Tiempo de lectura\" \/>\n\t<meta name=\"twitter:data1\" content=\"4 minutos\" \/>\n<script type=\"application\/ld+json\" class=\"yoast-schema-graph\">{\"@context\":\"https:\\\/\\\/schema.org\",\"@graph\":[{\"@type\":\"WebPage\",\"@id\":\"https:\\\/\\\/www.berger.ca\\\/es\\\/acerca-de-berger\\\/filosofia\\\/\",\"url\":\"https:\\\/\\\/www.berger.ca\\\/es\\\/acerca-de-berger\\\/filosofia\\\/\",\"name\":\"ADN de Berger - Berger - ES\",\"isPartOf\":{\"@id\":\"https:\\\/\\\/www.berger.ca\\\/es\\\/#website\"},\"primaryImageOfPage\":{\"@id\":\"https:\\\/\\\/www.berger.ca\\\/es\\\/acerca-de-berger\\\/filosofia\\\/#primaryimage\"},\"image\":{\"@id\":\"https:\\\/\\\/www.berger.ca\\\/es\\\/acerca-de-berger\\\/filosofia\\\/#primaryimage\"},\"thumbnailUrl\":\"https:\\\/\\\/www.berger.ca\\\/es\\\/wp-content\\\/uploads\\\/sites\\\/3\\\/2024\\\/06\\\/Berger-UsineAssemblage-31595-2-300x200.jpg\",\"datePublished\":\"2016-05-10T15:08:03+00:00\",\"dateModified\":\"2024-10-25T13:23:36+00:00\",\"description\":\"Nuestra visi\u00f3n: ser reconocido por los mejores profesionales de la horticultura como EL socio clave de su \u00e9xito.\",\"breadcrumb\":{\"@id\":\"https:\\\/\\\/www.berger.ca\\\/es\\\/acerca-de-berger\\\/filosofia\\\/#breadcrumb\"},\"inLanguage\":\"es\",\"potentialAction\":[{\"@type\":\"ReadAction\",\"target\":[\"https:\\\/\\\/www.berger.ca\\\/es\\\/acerca-de-berger\\\/filosofia\\\/\"]}]},{\"@type\":\"ImageObject\",\"inLanguage\":\"es\",\"@id\":\"https:\\\/\\\/www.berger.ca\\\/es\\\/acerca-de-berger\\\/filosofia\\\/#primaryimage\",\"url\":\"https:\\\/\\\/www.berger.ca\\\/es\\\/wp-content\\\/uploads\\\/sites\\\/3\\\/2024\\\/06\\\/Berger-UsineAssemblage-31595-2-scaled.jpg\",\"contentUrl\":\"https:\\\/\\\/www.berger.ca\\\/es\\\/wp-content\\\/uploads\\\/sites\\\/3\\\/2024\\\/06\\\/Berger-UsineAssemblage-31595-2-scaled.jpg\",\"width\":2560,\"height\":1707,\"caption\":\"Promesa | clientes + industria\"},{\"@type\":\"BreadcrumbList\",\"@id\":\"https:\\\/\\\/www.berger.ca\\\/es\\\/acerca-de-berger\\\/filosofia\\\/#breadcrumb\",\"itemListElement\":[{\"@type\":\"ListItem\",\"position\":1,\"name\":\"Acerca de Berger\",\"item\":\"https:\\\/\\\/www.berger.ca\\\/es\\\/acerca-de-berger\\\/\"},{\"@type\":\"ListItem\",\"position\":2,\"name\":\"ADN de Berger\"}]},{\"@type\":\"WebSite\",\"@id\":\"https:\\\/\\\/www.berger.ca\\\/es\\\/#website\",\"url\":\"https:\\\/\\\/www.berger.ca\\\/es\\\/\",\"name\":\"Berger - ES\",\"description\":\"Un site utilisant Sites Berger\",\"publisher\":{\"@id\":\"https:\\\/\\\/www.berger.ca\\\/es\\\/#organization\"},\"potentialAction\":[{\"@type\":\"SearchAction\",\"target\":{\"@type\":\"EntryPoint\",\"urlTemplate\":\"https:\\\/\\\/www.berger.ca\\\/es\\\/?s={search_term_string}\"},\"query-input\":{\"@type\":\"PropertyValueSpecification\",\"valueRequired\":true,\"valueName\":\"search_term_string\"}}],\"inLanguage\":\"es\"},{\"@type\":\"Organization\",\"@id\":\"https:\\\/\\\/www.berger.ca\\\/es\\\/#organization\",\"name\":\"Berger\",\"url\":\"https:\\\/\\\/www.berger.ca\\\/es\\\/\",\"logo\":{\"@type\":\"ImageObject\",\"inLanguage\":\"es\",\"@id\":\"https:\\\/\\\/www.berger.ca\\\/es\\\/#\\\/schema\\\/logo\\\/image\\\/\",\"url\":\"https:\\\/\\\/www.berger.ca\\\/es\\\/wp-content\\\/uploads\\\/sites\\\/3\\\/2016\\\/07\\\/berger_logo_coul_seul.png\",\"contentUrl\":\"https:\\\/\\\/www.berger.ca\\\/es\\\/wp-content\\\/uploads\\\/sites\\\/3\\\/2016\\\/07\\\/berger_logo_coul_seul.png\",\"width\":1257,\"height\":1156,\"caption\":\"Berger\"},\"image\":{\"@id\":\"https:\\\/\\\/www.berger.ca\\\/es\\\/#\\\/schema\\\/logo\\\/image\\\/\"},\"sameAs\":[\"https:\\\/\\\/www.facebook.com\\\/berger.ca\\\/\",\"https:\\\/\\\/x.com\\\/berger_ca\",\"https:\\\/\\\/www.instagram.com\\\/bergermixes\\\/\",\"https:\\\/\\\/www.linkedin.com\\\/company\\\/berger-peat-moss-ltd-\\\/\",\"https:\\\/\\\/www.pinterest.com\\\/bergerpeatmoss\\\/\",\"https:\\\/\\\/www.youtube.com\\\/user\\\/tourbieresberger\"]}]}<\/script>\n<!-- \/ Yoast SEO plugin. -->","yoast_head_json":{"title":"ADN de Berger - Berger - ES","description":"Nuestra visi\u00f3n: ser reconocido por los mejores profesionales de la horticultura como EL socio clave de su \u00e9xito.","robots":{"index":"index","follow":"follow","max-snippet":"max-snippet:-1","max-image-preview":"max-image-preview:large","max-video-preview":"max-video-preview:-1"},"canonical":"https:\/\/www.berger.ca\/es\/acerca-de-berger\/filosofia\/","og_locale":"es_ES","og_type":"article","og_title":"ADN de Berger - Berger - ES","og_description":"Nuestra visi\u00f3n: ser reconocido por los mejores profesionales de la horticultura como EL socio clave de su \u00e9xito.","og_url":"https:\/\/www.berger.ca\/es\/acerca-de-berger\/filosofia\/","og_site_name":"Berger - ES","article_publisher":"https:\/\/www.facebook.com\/berger.ca\/","article_modified_time":"2024-10-25T13:23:36+00:00","og_image":[{"width":2560,"height":1707,"url":"https:\/\/www.berger.ca\/es\/wp-content\/uploads\/sites\/3\/2024\/06\/Berger-UsineAssemblage-31595-2-scaled.jpg","type":"image\/jpeg"}],"twitter_card":"summary_large_image","twitter_site":"@berger_ca","twitter_misc":{"Tiempo de lectura":"4 minutos"},"schema":{"@context":"https:\/\/schema.org","@graph":[{"@type":"WebPage","@id":"https:\/\/www.berger.ca\/es\/acerca-de-berger\/filosofia\/","url":"https:\/\/www.berger.ca\/es\/acerca-de-berger\/filosofia\/","name":"ADN de Berger - Berger - ES","isPartOf":{"@id":"https:\/\/www.berger.ca\/es\/#website"},"primaryImageOfPage":{"@id":"https:\/\/www.berger.ca\/es\/acerca-de-berger\/filosofia\/#primaryimage"},"image":{"@id":"https:\/\/www.berger.ca\/es\/acerca-de-berger\/filosofia\/#primaryimage"},"thumbnailUrl":"https:\/\/www.berger.ca\/es\/wp-content\/uploads\/sites\/3\/2024\/06\/Berger-UsineAssemblage-31595-2-300x200.jpg","datePublished":"2016-05-10T15:08:03+00:00","dateModified":"2024-10-25T13:23:36+00:00","description":"Nuestra visi\u00f3n: ser reconocido por los mejores profesionales de la horticultura como EL socio clave de su \u00e9xito.","breadcrumb":{"@id":"https:\/\/www.berger.ca\/es\/acerca-de-berger\/filosofia\/#breadcrumb"},"inLanguage":"es","potentialAction":[{"@type":"ReadAction","target":["https:\/\/www.berger.ca\/es\/acerca-de-berger\/filosofia\/"]}]},{"@type":"ImageObject","inLanguage":"es","@id":"https:\/\/www.berger.ca\/es\/acerca-de-berger\/filosofia\/#primaryimage","url":"https:\/\/www.berger.ca\/es\/wp-content\/uploads\/sites\/3\/2024\/06\/Berger-UsineAssemblage-31595-2-scaled.jpg","contentUrl":"https:\/\/www.berger.ca\/es\/wp-content\/uploads\/sites\/3\/2024\/06\/Berger-UsineAssemblage-31595-2-scaled.jpg","width":2560,"height":1707,"caption":"Promesa | clientes + industria"},{"@type":"BreadcrumbList","@id":"https:\/\/www.berger.ca\/es\/acerca-de-berger\/filosofia\/#breadcrumb","itemListElement":[{"@type":"ListItem","position":1,"name":"Acerca de Berger","item":"https:\/\/www.berger.ca\/es\/acerca-de-berger\/"},{"@type":"ListItem","position":2,"name":"ADN de Berger"}]},{"@type":"WebSite","@id":"https:\/\/www.berger.ca\/es\/#website","url":"https:\/\/www.berger.ca\/es\/","name":"Berger - ES","description":"Un site utilisant Sites Berger","publisher":{"@id":"https:\/\/www.berger.ca\/es\/#organization"},"potentialAction":[{"@type":"SearchAction","target":{"@type":"EntryPoint","urlTemplate":"https:\/\/www.berger.ca\/es\/?s={search_term_string}"},"query-input":{"@type":"PropertyValueSpecification","valueRequired":true,"valueName":"search_term_string"}}],"inLanguage":"es"},{"@type":"Organization","@id":"https:\/\/www.berger.ca\/es\/#organization","name":"Berger","url":"https:\/\/www.berger.ca\/es\/","logo":{"@type":"ImageObject","inLanguage":"es","@id":"https:\/\/www.berger.ca\/es\/#\/schema\/logo\/image\/","url":"https:\/\/www.berger.ca\/es\/wp-content\/uploads\/sites\/3\/2016\/07\/berger_logo_coul_seul.png","contentUrl":"https:\/\/www.berger.ca\/es\/wp-content\/uploads\/sites\/3\/2016\/07\/berger_logo_coul_seul.png","width":1257,"height":1156,"caption":"Berger"},"image":{"@id":"https:\/\/www.berger.ca\/es\/#\/schema\/logo\/image\/"},"sameAs":["https:\/\/www.facebook.com\/berger.ca\/","https:\/\/x.com\/berger_ca","https:\/\/www.instagram.com\/bergermixes\/","https:\/\/www.linkedin.com\/company\/berger-peat-moss-ltd-\/","https:\/\/www.pinterest.com\/bergerpeatmoss\/","https:\/\/www.youtube.com\/user\/tourbieresberger"]}]}},"_links":{"self":[{"href":"https:\/\/www.berger.ca\/es\/wp-json\/wp\/v2\/pages\/286","targetHints":{"allow":["GET"]}}],"collection":[{"href":"https:\/\/www.berger.ca\/es\/wp-json\/wp\/v2\/pages"}],"about":[{"href":"https:\/\/www.berger.ca\/es\/wp-json\/wp\/v2\/types\/page"}],"author":[{"embeddable":true,"href":"https:\/\/www.berger.ca\/es\/wp-json\/wp\/v2\/users\/2"}],"replies":[{"embeddable":true,"href":"https:\/\/www.berger.ca\/es\/wp-json\/wp\/v2\/comments?post=286"}],"version-history":[{"count":19,"href":"https:\/\/www.berger.ca\/es\/wp-json\/wp\/v2\/pages\/286\/revisions"}],"predecessor-version":[{"id":473,"href":"https:\/\/www.berger.ca\/es\/wp-json\/wp\/v2\/pages\/286\/revisions\/473"}],"up":[{"embeddable":true,"href":"https:\/\/www.berger.ca\/es\/wp-json\/wp\/v2\/pages\/280"}],"wp:attachment":[{"href":"https:\/\/www.berger.ca\/es\/wp-json\/wp\/v2\/media?parent=286"}],"curies":[{"name":"wp","href":"https:\/\/api.w.org\/{rel}","templated":true}]}}