{"id":288,"date":"2016-05-10T16:09:13","date_gmt":"2016-05-10T15:09:13","guid":{"rendered":"https:\/\/www.berger.ca\/es\/?page_id=288"},"modified":"2018-12-20T19:58:33","modified_gmt":"2018-12-20T18:58:33","slug":"resposabilidad-social","status":"publish","type":"page","link":"https:\/\/www.berger.ca\/es\/acerca-de-berger\/resposabilidad-social\/","title":{"rendered":"Resposabilidad social"},"content":{"rendered":"<h2>Para el bienestar ambiental, social y econ\u00f3mico de nuestras comunidades.<\/h2>\n<p>&nbsp;<\/p>\n<div class=\"wysiwyg-row\"><br \/>\n<div class=\"column-3\"><br \/>\n<a href=\"https:\/\/www.berger.ca\/es\/acerca-de-berger\/resposabilidad-social\/medio-ambiente\/\" target=\"_blank\" rel=\"noopener\"><img loading=\"lazy\" decoding=\"async\" class=\"alignnone wp-image-2266 size-full\" src=\"https:\/\/www.berger.ca\/es\/wp-content\/uploads\/2016\/05\/thumbnail_responsabilite_environnement-e1464200438205.png\" alt=\"Respeto del medio ambiente\" width=\"290\" height=\"170\" \/><\/a><\/div><br \/>\n<div class=\"column-7\"><\/p>\n<h3>Respeto del medio ambiente<\/h3>\n<p>Berger confiere una gran importancia al <strong>respeto del medio ambiente<\/strong>.<\/p>\n<p><a class=\"link\" href=\"https:\/\/www.berger.ca\/es\/acerca-de-berger\/resposabilidad-social\/medio-ambiente\/\">LER M\u00c0S<\/a><br \/>\n<\/div><br \/>\n<\/div>\n<div class=\"wysiwyg-row\"><br \/>\n<div class=\"column-3\"><br \/>\n<a href=\"https:\/\/www.berger.ca\/es\/acerca-de-berger\/resposabilidad-social\/sociedad\/\" target=\"_blank\" rel=\"noopener\"><img loading=\"lazy\" decoding=\"async\" class=\"alignnone wp-image-393 size-full\" src=\"https:\/\/www.berger.ca\/es\/wp-content\/uploads\/sites\/3\/2016\/05\/thumbnail_responsabilite_societe-1-e1464200852423.png\" alt=\"\" width=\"290\" height=\"170\" \/><\/a><br \/>\n<\/div><br \/>\n<div class=\"column-7\"><\/p>\n<h3>Porque \u201csociedad\u201d rima con \u201cresponsabilidad\u201d<\/h3>\n<p>Siempre atenta al bienestar de la comunidad, Berger implement\u00f3 distintas iniciativas que permiten mejorar las condiciones de vida tanto de sus <strong>empleados como de las diferentes comunidades<\/strong> en las que la empresa opera.<\/p>\n<p><a class=\"link\" href=\"https:\/\/www.berger.ca\/es\/acerca-de-berger\/resposabilidad-social\/sociedad\/\">LER M\u00c0S<\/a><\/p>\n<p>&nbsp;<\/p>\n<p><\/div><br \/>\n<\/div>\n<div class=\"wysiwyg-row\"><br \/>\n<div class=\"column-3\"><br \/>\n<a href=\"https:\/\/www.berger.ca\/es\/acerca-de-berger\/resposabilidad-social\/gestion-economica\/\" target=\"_blank\" rel=\"noopener\"><img loading=\"lazy\" decoding=\"async\" class=\"alignnone wp-image-1809 size-full\" src=\"https:\/\/www.berger.ca\/es\/wp-content\/uploads\/2016\/05\/thumbnail_responsabilite_gestion-e1464200494639.png\" alt=\"Una gesti\u00f3n econ\u00f3mica sana y sostenible\" width=\"290\" height=\"170\" \/><\/a><br \/>\n<\/div><br \/>\n<div class=\"column-7\"><\/p>\n<h3>Una gesti\u00f3n econ\u00f3mica sana y sostenible<\/h3>\n<p>Como fuerza impulsora de la industria manufacturera del pa\u00eds, Berger se enorgullece en mantener una <strong>gesti\u00f3n financiera sana<\/strong>.<\/p>\n<p>&nbsp;<\/p>\n<p><a class=\"link\" href=\"https:\/\/www.berger.ca\/es\/acerca-de-berger\/resposabilidad-social\/gestion-economica\/\">LER M\u00c0S<\/a><\/p>\n<p><\/div><br \/>\n<\/div>\n<div class=\"wysiwyg-row\"><br \/>\n<div class=\"column-3\"><br \/>\n<a href=\"https:\/\/www.berger.ca\/es\/acerca-de-berger\/resposabilidad-social\/certificaciones\/\" target=\"_blank\" rel=\"noopener\"><img loading=\"lazy\" decoding=\"async\" class=\"alignnone wp-image-1764 size-full\" src=\"https:\/\/www.berger.ca\/es\/wp-content\/uploads\/2016\/05\/thumbnail_responsabilite_certicats.png\" alt=\"Excelencia certificada\" width=\"290\" height=\"170\" \/><\/a><br \/>\n<\/div><br \/>\n<div class=\"column-7\"><\/p>\n<h3>Excelencia certificada<\/h3>\n<p>Berger propone productos de innegable calidad. La prueba de esta excelencia son las <strong>certificaciones mundialmente reconocidas<\/strong> obtenidas durante sus a\u00f1os de actividad.<\/p>\n<p><a class=\"link\" href=\"https:\/\/www.berger.ca\/es\/acerca-de-berger\/resposabilidad-social\/certificaciones\/\">VER LAS CERTIFICATIONES<\/a><br \/>\n<\/div><br \/>\n<\/div>\n<div class=\"wysiwyg-row\"><br \/>\n<div class=\"column-3\"><br \/>\n<img loading=\"lazy\" decoding=\"async\" class=\"alignnone size-full wp-image-4271\" src=\"https:\/\/www.berger.ca\/es\/wp-content\/uploads\/sites\/3\/2018\/03\/thumbnail_politiquedon.png\" alt=\"\" width=\"290\" height=\"190\" \/><br \/>\n<\/div><br \/>\n<div class=\"column-8\"><\/p>\n<h3>Donaciones y patrocinios<\/h3>\n<p>Berger pone en marcha asociaciones de patrocinio con organizaciones que tengan un impacto positivo en las comunidades donde estamos ubicados. Participamos en proyectos que reflejen las necesidades de las comunidades, el dinamismo de nuestra empresa y nuestro patrimonio familiar. Consulte nuestra pol\u00edtica para ver si su proyecto corresponde a los diferentes criterios que favorecemos. Luego, env\u00edenos el formulario debidamente cumplimentado con toda la informaci\u00f3n sobre su proyecto. La analizaremos en un plazo razonable y nos complacer\u00e1 establecer una asociaci\u00f3n si su proyecto coincide con nuestra visi\u00f3n y nuestros valores.<\/p>\n<p><a class=\"link pdf\" href=\"https:\/\/www.berger.ca\/es\/wp-content\/uploads\/sites\/3\/2018\/03\/FormularioSolicitudDonacionesPatrocinios.pdf\" target=\"_blank\" rel=\"noopener noreferrer\">DESCARGUE el formulario<\/a><br \/>\n<a class=\"link pdf\" href=\"https:\/\/www.berger.ca\/es\/wp-content\/uploads\/sites\/3\/2018\/03\/Pol\u00edtica-de-donaciones-y-patrocinios.pdf\" target=\"_blank\" rel=\"noopener noreferrer\">DESCARGUE el pol\u00edtica<\/a><br \/>\n<\/div><br \/>\n<\/div>\n","protected":false},"excerpt":{"rendered":"<p>Para el bienestar ambiental, social y econ\u00f3mico de nuestras comunidades. &nbsp;<\/p>\n","protected":false},"author":1,"featured_media":0,"parent":280,"menu_order":0,"comment_status":"closed","ping_status":"closed","template":"","meta":{"_acf_changed":false,"footnotes":""},"class_list":["post-288","page","type-page","status-publish","hentry"],"acf":[],"yoast_head":"<!-- This site is optimized with the Yoast SEO plugin v27.3 - https:\/\/yoast.com\/product\/yoast-seo-wordpress\/ -->\n<title>Resposabilidad social - Berger - ES<\/title>\n<meta name=\"description\" content=\"La empresa apoya y elabora numerosos proyectos de desarrollo para el bienestar ambiental, social y econ\u00f3mico de nuestras comunidades.\" \/>\n<meta name=\"robots\" content=\"index, follow, max-snippet:-1, max-image-preview:large, max-video-preview:-1\" \/>\n<link rel=\"canonical\" href=\"https:\/\/www.berger.ca\/es\/acerca-de-berger\/resposabilidad-social\/\" \/>\n<meta property=\"og:locale\" content=\"es_ES\" \/>\n<meta property=\"og:type\" content=\"article\" \/>\n<meta property=\"og:title\" content=\"Resposabilidad social - Berger - ES\" \/>\n<meta property=\"og:description\" content=\"La empresa apoya y elabora numerosos proyectos de desarrollo para el bienestar ambiental, social y econ\u00f3mico de nuestras comunidades.\" \/>\n<meta property=\"og:url\" content=\"https:\/\/www.berger.ca\/es\/acerca-de-berger\/resposabilidad-social\/\" \/>\n<meta property=\"og:site_name\" content=\"Berger - ES\" \/>\n<meta property=\"article:publisher\" content=\"https:\/\/www.facebook.com\/berger.ca\/\" \/>\n<meta property=\"article:modified_time\" content=\"2018-12-20T18:58:33+00:00\" \/>\n<meta property=\"og:image\" content=\"https:\/\/www.berger.ca\/es\/wp-content\/uploads\/2016\/05\/thumbnail_responsabilite_environnement-e1464200438205.png\" \/>\n<meta name=\"twitter:card\" content=\"summary_large_image\" \/>\n<meta name=\"twitter:site\" content=\"@berger_ca\" \/>\n<meta name=\"twitter:label1\" content=\"Tiempo de lectura\" \/>\n\t<meta name=\"twitter:data1\" content=\"1 minuto\" \/>\n<script type=\"application\/ld+json\" class=\"yoast-schema-graph\">{\"@context\":\"https:\\\/\\\/schema.org\",\"@graph\":[{\"@type\":\"WebPage\",\"@id\":\"https:\\\/\\\/www.berger.ca\\\/es\\\/acerca-de-berger\\\/resposabilidad-social\\\/\",\"url\":\"https:\\\/\\\/www.berger.ca\\\/es\\\/acerca-de-berger\\\/resposabilidad-social\\\/\",\"name\":\"Resposabilidad social - Berger - ES\",\"isPartOf\":{\"@id\":\"https:\\\/\\\/www.berger.ca\\\/es\\\/#website\"},\"primaryImageOfPage\":{\"@id\":\"https:\\\/\\\/www.berger.ca\\\/es\\\/acerca-de-berger\\\/resposabilidad-social\\\/#primaryimage\"},\"image\":{\"@id\":\"https:\\\/\\\/www.berger.ca\\\/es\\\/acerca-de-berger\\\/resposabilidad-social\\\/#primaryimage\"},\"thumbnailUrl\":\"https:\\\/\\\/www.berger.ca\\\/es\\\/wp-content\\\/uploads\\\/2016\\\/05\\\/thumbnail_responsabilite_environnement-e1464200438205.png\",\"datePublished\":\"2016-05-10T15:09:13+00:00\",\"dateModified\":\"2018-12-20T18:58:33+00:00\",\"description\":\"La empresa apoya y elabora numerosos proyectos de desarrollo para el bienestar ambiental, social y econ\u00f3mico de nuestras comunidades.\",\"breadcrumb\":{\"@id\":\"https:\\\/\\\/www.berger.ca\\\/es\\\/acerca-de-berger\\\/resposabilidad-social\\\/#breadcrumb\"},\"inLanguage\":\"es\",\"potentialAction\":[{\"@type\":\"ReadAction\",\"target\":[\"https:\\\/\\\/www.berger.ca\\\/es\\\/acerca-de-berger\\\/resposabilidad-social\\\/\"]}]},{\"@type\":\"ImageObject\",\"inLanguage\":\"es\",\"@id\":\"https:\\\/\\\/www.berger.ca\\\/es\\\/acerca-de-berger\\\/resposabilidad-social\\\/#primaryimage\",\"url\":\"https:\\\/\\\/www.berger.ca\\\/es\\\/wp-content\\\/uploads\\\/2016\\\/05\\\/thumbnail_responsabilite_environnement-e1464200438205.png\",\"contentUrl\":\"https:\\\/\\\/www.berger.ca\\\/es\\\/wp-content\\\/uploads\\\/2016\\\/05\\\/thumbnail_responsabilite_environnement-e1464200438205.png\"},{\"@type\":\"BreadcrumbList\",\"@id\":\"https:\\\/\\\/www.berger.ca\\\/es\\\/acerca-de-berger\\\/resposabilidad-social\\\/#breadcrumb\",\"itemListElement\":[{\"@type\":\"ListItem\",\"position\":1,\"name\":\"Acerca de Berger\",\"item\":\"https:\\\/\\\/www.berger.ca\\\/es\\\/acerca-de-berger\\\/\"},{\"@type\":\"ListItem\",\"position\":2,\"name\":\"Resposabilidad social\"}]},{\"@type\":\"WebSite\",\"@id\":\"https:\\\/\\\/www.berger.ca\\\/es\\\/#website\",\"url\":\"https:\\\/\\\/www.berger.ca\\\/es\\\/\",\"name\":\"Berger - ES\",\"description\":\"Un site utilisant Sites Berger\",\"publisher\":{\"@id\":\"https:\\\/\\\/www.berger.ca\\\/es\\\/#organization\"},\"potentialAction\":[{\"@type\":\"SearchAction\",\"target\":{\"@type\":\"EntryPoint\",\"urlTemplate\":\"https:\\\/\\\/www.berger.ca\\\/es\\\/?s={search_term_string}\"},\"query-input\":{\"@type\":\"PropertyValueSpecification\",\"valueRequired\":true,\"valueName\":\"search_term_string\"}}],\"inLanguage\":\"es\"},{\"@type\":\"Organization\",\"@id\":\"https:\\\/\\\/www.berger.ca\\\/es\\\/#organization\",\"name\":\"Berger\",\"url\":\"https:\\\/\\\/www.berger.ca\\\/es\\\/\",\"logo\":{\"@type\":\"ImageObject\",\"inLanguage\":\"es\",\"@id\":\"https:\\\/\\\/www.berger.ca\\\/es\\\/#\\\/schema\\\/logo\\\/image\\\/\",\"url\":\"https:\\\/\\\/www.berger.ca\\\/es\\\/wp-content\\\/uploads\\\/sites\\\/3\\\/2016\\\/07\\\/berger_logo_coul_seul.png\",\"contentUrl\":\"https:\\\/\\\/www.berger.ca\\\/es\\\/wp-content\\\/uploads\\\/sites\\\/3\\\/2016\\\/07\\\/berger_logo_coul_seul.png\",\"width\":1257,\"height\":1156,\"caption\":\"Berger\"},\"image\":{\"@id\":\"https:\\\/\\\/www.berger.ca\\\/es\\\/#\\\/schema\\\/logo\\\/image\\\/\"},\"sameAs\":[\"https:\\\/\\\/www.facebook.com\\\/berger.ca\\\/\",\"https:\\\/\\\/x.com\\\/berger_ca\",\"https:\\\/\\\/www.instagram.com\\\/bergermixes\\\/\",\"https:\\\/\\\/www.linkedin.com\\\/company\\\/berger-peat-moss-ltd-\\\/\",\"https:\\\/\\\/www.pinterest.com\\\/bergerpeatmoss\\\/\",\"https:\\\/\\\/www.youtube.com\\\/user\\\/tourbieresberger\"]}]}<\/script>\n<!-- \/ Yoast SEO plugin. -->","yoast_head_json":{"title":"Resposabilidad social - Berger - ES","description":"La empresa apoya y elabora numerosos proyectos de desarrollo para el bienestar ambiental, social y econ\u00f3mico de nuestras comunidades.","robots":{"index":"index","follow":"follow","max-snippet":"max-snippet:-1","max-image-preview":"max-image-preview:large","max-video-preview":"max-video-preview:-1"},"canonical":"https:\/\/www.berger.ca\/es\/acerca-de-berger\/resposabilidad-social\/","og_locale":"es_ES","og_type":"article","og_title":"Resposabilidad social - Berger - ES","og_description":"La empresa apoya y elabora numerosos proyectos de desarrollo para el bienestar ambiental, social y econ\u00f3mico de nuestras comunidades.","og_url":"https:\/\/www.berger.ca\/es\/acerca-de-berger\/resposabilidad-social\/","og_site_name":"Berger - ES","article_publisher":"https:\/\/www.facebook.com\/berger.ca\/","article_modified_time":"2018-12-20T18:58:33+00:00","og_image":[{"url":"https:\/\/www.berger.ca\/es\/wp-content\/uploads\/2016\/05\/thumbnail_responsabilite_environnement-e1464200438205.png","type":"","width":"","height":""}],"twitter_card":"summary_large_image","twitter_site":"@berger_ca","twitter_misc":{"Tiempo de lectura":"1 minuto"},"schema":{"@context":"https:\/\/schema.org","@graph":[{"@type":"WebPage","@id":"https:\/\/www.berger.ca\/es\/acerca-de-berger\/resposabilidad-social\/","url":"https:\/\/www.berger.ca\/es\/acerca-de-berger\/resposabilidad-social\/","name":"Resposabilidad social - Berger - ES","isPartOf":{"@id":"https:\/\/www.berger.ca\/es\/#website"},"primaryImageOfPage":{"@id":"https:\/\/www.berger.ca\/es\/acerca-de-berger\/resposabilidad-social\/#primaryimage"},"image":{"@id":"https:\/\/www.berger.ca\/es\/acerca-de-berger\/resposabilidad-social\/#primaryimage"},"thumbnailUrl":"https:\/\/www.berger.ca\/es\/wp-content\/uploads\/2016\/05\/thumbnail_responsabilite_environnement-e1464200438205.png","datePublished":"2016-05-10T15:09:13+00:00","dateModified":"2018-12-20T18:58:33+00:00","description":"La empresa apoya y elabora numerosos proyectos de desarrollo para el bienestar ambiental, social y econ\u00f3mico de nuestras comunidades.","breadcrumb":{"@id":"https:\/\/www.berger.ca\/es\/acerca-de-berger\/resposabilidad-social\/#breadcrumb"},"inLanguage":"es","potentialAction":[{"@type":"ReadAction","target":["https:\/\/www.berger.ca\/es\/acerca-de-berger\/resposabilidad-social\/"]}]},{"@type":"ImageObject","inLanguage":"es","@id":"https:\/\/www.berger.ca\/es\/acerca-de-berger\/resposabilidad-social\/#primaryimage","url":"https:\/\/www.berger.ca\/es\/wp-content\/uploads\/2016\/05\/thumbnail_responsabilite_environnement-e1464200438205.png","contentUrl":"https:\/\/www.berger.ca\/es\/wp-content\/uploads\/2016\/05\/thumbnail_responsabilite_environnement-e1464200438205.png"},{"@type":"BreadcrumbList","@id":"https:\/\/www.berger.ca\/es\/acerca-de-berger\/resposabilidad-social\/#breadcrumb","itemListElement":[{"@type":"ListItem","position":1,"name":"Acerca de Berger","item":"https:\/\/www.berger.ca\/es\/acerca-de-berger\/"},{"@type":"ListItem","position":2,"name":"Resposabilidad social"}]},{"@type":"WebSite","@id":"https:\/\/www.berger.ca\/es\/#website","url":"https:\/\/www.berger.ca\/es\/","name":"Berger - ES","description":"Un site utilisant Sites Berger","publisher":{"@id":"https:\/\/www.berger.ca\/es\/#organization"},"potentialAction":[{"@type":"SearchAction","target":{"@type":"EntryPoint","urlTemplate":"https:\/\/www.berger.ca\/es\/?s={search_term_string}"},"query-input":{"@type":"PropertyValueSpecification","valueRequired":true,"valueName":"search_term_string"}}],"inLanguage":"es"},{"@type":"Organization","@id":"https:\/\/www.berger.ca\/es\/#organization","name":"Berger","url":"https:\/\/www.berger.ca\/es\/","logo":{"@type":"ImageObject","inLanguage":"es","@id":"https:\/\/www.berger.ca\/es\/#\/schema\/logo\/image\/","url":"https:\/\/www.berger.ca\/es\/wp-content\/uploads\/sites\/3\/2016\/07\/berger_logo_coul_seul.png","contentUrl":"https:\/\/www.berger.ca\/es\/wp-content\/uploads\/sites\/3\/2016\/07\/berger_logo_coul_seul.png","width":1257,"height":1156,"caption":"Berger"},"image":{"@id":"https:\/\/www.berger.ca\/es\/#\/schema\/logo\/image\/"},"sameAs":["https:\/\/www.facebook.com\/berger.ca\/","https:\/\/x.com\/berger_ca","https:\/\/www.instagram.com\/bergermixes\/","https:\/\/www.linkedin.com\/company\/berger-peat-moss-ltd-\/","https:\/\/www.pinterest.com\/bergerpeatmoss\/","https:\/\/www.youtube.com\/user\/tourbieresberger"]}]}},"_links":{"self":[{"href":"https:\/\/www.berger.ca\/es\/wp-json\/wp\/v2\/pages\/288","targetHints":{"allow":["GET"]}}],"collection":[{"href":"https:\/\/www.berger.ca\/es\/wp-json\/wp\/v2\/pages"}],"about":[{"href":"https:\/\/www.berger.ca\/es\/wp-json\/wp\/v2\/types\/page"}],"author":[{"embeddable":true,"href":"https:\/\/www.berger.ca\/es\/wp-json\/wp\/v2\/users\/1"}],"replies":[{"embeddable":true,"href":"https:\/\/www.berger.ca\/es\/wp-json\/wp\/v2\/comments?post=288"}],"version-history":[{"count":17,"href":"https:\/\/www.berger.ca\/es\/wp-json\/wp\/v2\/pages\/288\/revisions"}],"predecessor-version":[{"id":3067,"href":"https:\/\/www.berger.ca\/es\/wp-json\/wp\/v2\/pages\/288\/revisions\/3067"}],"up":[{"embeddable":true,"href":"https:\/\/www.berger.ca\/es\/wp-json\/wp\/v2\/pages\/280"}],"wp:attachment":[{"href":"https:\/\/www.berger.ca\/es\/wp-json\/wp\/v2\/media?parent=288"}],"curies":[{"name":"wp","href":"https:\/\/api.w.org\/{rel}","templated":true}]}}