{"id":329,"date":"2016-05-10T19:56:48","date_gmt":"2016-05-10T18:56:48","guid":{"rendered":"https:\/\/www.berger.ca\/es\/?page_id=329"},"modified":"2024-09-20T08:58:29","modified_gmt":"2024-09-20T13:58:29","slug":"condiciones","status":"publish","type":"page","link":"https:\/\/www.berger.ca\/es\/condiciones\/","title":{"rendered":"POL\u00cdTICA DE CONFIDENCIALIDAD"},"content":{"rendered":"<h2>POL\u00cdTICA DE PRIVACIDAD DE LA INFORMACI\u00d3N PERSONAL<\/h2>\n<p>Esta Pol\u00edtica de privacidad (la \u00abPol\u00edtica\u00bb) se aplica a los usuarios de la p\u00e1gina web de Les Tourbi\u00e8res Berger Lt\u00e9e. (\u00abBerger\u00bb), <a href=\"https:\/\/www.berger.ca\/\" target=\"_blank\" rel=\"noopener\">www.berger.ca<\/a>, y a la informaci\u00f3n personal que Berger recopila en toda interacci\u00f3n con usted.<\/p>\n<p>Lea atentamente esta Pol\u00edtica para comprender claramente c\u00f3mo Berger puede recopilar, utilizar, procesar y divulgar su informaci\u00f3n personal. Al acceder a nuestra p\u00e1gina web y proporcionarnos informaci\u00f3n personal en el curso de nuestras interacciones, usted acepta la recopilaci\u00f3n, el uso, la comunicaci\u00f3n y la divulgaci\u00f3n de su informaci\u00f3n personal seg\u00fan lo establecido en esta Pol\u00edtica.<\/p>\n<h3>1. \u00bfQU\u00c9 INFORMACI\u00d3N RECOPILAMOS?<\/h3>\n<p>Entendemos que cuando visita nuestra p\u00e1gina web o se pone en contacto con nosotros, busca conocer m\u00e1s sobre nuestra empresa. De la misma manera, queremos conocer sus necesidades como cliente actual o potencial con sus visitas a nuestra p\u00e1gina web y con nuestras interacciones.<\/p>\n<p>Recopilamos solamente la informaci\u00f3n personal necesaria para brindarle nuestros productos y servicios. Como condici\u00f3n para proporcionar nuestros productos o servicios, no le exigiremos que brinde su consentimiento para la recopilaci\u00f3n, el uso o la divulgaci\u00f3n de informaci\u00f3n personal distintos de lo necesario para cumplir con los fines leg\u00edtimos especificados.<\/p>\n<h4>a. Informaci\u00f3n personal<\/h4>\n<p>La informaci\u00f3n personal incluye todos los datos sobre un individuo identificable, lo que significa cualquier informaci\u00f3n relacionada con su persona que lo\/la identifique personalmente, ya sea por s\u00ed misma o combinada con otros datos.<\/p>\n<p>En nuestra p\u00e1gina web puede plantear preguntas y registrarse para recibir informaci\u00f3n. Tambi\u00e9n tiene acceso a la informaci\u00f3n de contacto de Berger. Si se comunica con nosotros, le solicitaremos la informaci\u00f3n personal necesaria para comunicarnos con usted, como su nombre, correo electr\u00f3nico y n\u00famero de tel\u00e9fono.<\/p>\n<p>Si decide no brindarnos su informaci\u00f3n personal, es posible que a\u00fan pueda acceder a nuestra p\u00e1gina web; sin embargo, es posible que no pueda participar en algunas promociones o recibir informaci\u00f3n sobre los productos ofrecidos en la p\u00e1gina web de Berger.<\/p>\n<h4>b. Datos estad\u00edsticos<\/h4>\n<p>Berger puede recopilar ciertos datos agregados, como informaci\u00f3n sobre su navegador web, sistema operativo, p\u00e1ginas visitadas y otros, adem\u00e1s de utilizar cookies cuando visita nuestra p\u00e1gina web. Nuestras pr\u00e1cticas relacionadas al uso de cookies se describen en la Secci\u00f3n 8 a continuaci\u00f3n. <a href=\"http:\/\/youradchoices.ca\/choices\/\" target=\"_blank\" rel=\"noopener\">http:\/\/youradchoices.ca\/choices\/<\/a><\/p>\n<h3>2. \u00bfQU\u00c9 SUCEDE CON SU INFORMACI\u00d3N?<\/h3>\n<p>Utilizamos la informaci\u00f3n que nos brinde para comprender sus necesidades y ofrecerle mejores productos y servicios. Tambi\u00e9n la utilizamos para comunicarnos con usted, informarle sobre nuestros productos y servicios, y personalizar nuestra p\u00e1gina web. Tambi\u00e9n podemos utilizar datos estad\u00edsticos, en caso necesario, para garantizar la seguridad de nuestra p\u00e1gina web, adem\u00e1s de identificar personas que intenten ingresar o da\u00f1ar nuestra p\u00e1gina web.<\/p>\n<p>Peri\u00f3dicamente, podr\u00edamos realizar encuestas sobre el uso de los productos para otros estudios de mercado o para proporcionarle informaci\u00f3n de marketing que consideramos \u00fatil para usted. Por supuesto, no es necesario participar en estas encuestas, ni aceptar la informaci\u00f3n de marketing.<\/p>\n<p><strong>De acuerdo con las leyes aplicables, no usaremos ni divulgaremos informaci\u00f3n personal sin su consentimiento, excepto cuando la informaci\u00f3n se deba usar o divulgar con: <\/strong><\/p>\n<ul>\n<li>(i) prop\u00f3sitos de cobrar una deuda contra\u00edda por la persona con la organizaci\u00f3n;<\/li>\n<li>(ii) el fin de cumplir con un requisito legal;<\/li>\n<li>(iii) el fin, cuando sea razonable, de investigar el incumplimiento de un acuerdo o una actividad ilegal real o presunta;<\/li>\n<li>(iv) el fin, en caso de fusi\u00f3n, adquisici\u00f3n, venta o desinversi\u00f3n de activos u otra transacci\u00f3n comercial similar, de evaluar y completar la transacci\u00f3n comercial;<\/li>\n<li>(v) y de otro modo seg\u00fan lo permita o exija la ley aplicable.<\/li>\n<\/ul>\n<h3>3. \u00bfSE COMPARTE LA INFORMACI\u00d3N CON TERCEROS?<\/h3>\n<p>Berger no vende informaci\u00f3n personal a terceros.<\/p>\n<p>Como parte de nuestras actividades comerciales podemos compartir informaci\u00f3n personal, como su nombre y direcci\u00f3n electr\u00f3nica, con proveedores o socios de Berger (como proveedor de alojamiento web, agencias publicitarias, asesores legales y financieros externos, consultores, etc.) en relaci\u00f3n con los servicios que estas entidades realizan para Berger.<\/p>\n<p>Tambi\u00e9n podr\u00edamos compartir informaci\u00f3n personal suya con nuestros asociados para ofrecerle productos o servicios que pudieran ser de su inter\u00e9s.<\/p>\n<p>Estos proveedores, socios y afiliados no est\u00e1n autorizados para utilizar estos datos para ning\u00fan otro fin que brindar servicios a Berger. Siempre exigimos a estos terceros que proporcionen un nivel de protecci\u00f3n de la informaci\u00f3n personal comparable a los est\u00e1ndares vigentes de Berger.<\/p>\n<h3>4. ALMACENAMIENTO Y TRANSFERENCIAS TRANSFRONTERIZAS<\/h3>\n<p>A la informaci\u00f3n personal que recopilamos pueden tener acceso personas de nuestra organizaci\u00f3n, o nuestros proveedores de servicios que as\u00ed requieran para cumplir con los fines descritos en esta Pol\u00edtica, o seg\u00fan lo permita o exija la ley.<\/p>\n<p>La informaci\u00f3n personal que recopilamos se gestiona en nuestras oficinas en Canad\u00e1. Tambi\u00e9n podr\u00edamos utilizar proveedores de servicios ubicados fuera de su jurisdicci\u00f3n. Su informaci\u00f3n personal podr\u00eda procesarse y almacenarse en una jurisdicci\u00f3n distinta a la suya y, por lo tanto, estar sujeta a acceso o divulgaci\u00f3n a autoridades extranjeras en virtud de las leyes de esas jurisdicciones.<\/p>\n<h3>5. SUS DERECHOS<\/h3>\n<p>Sujeto a ciertas condiciones y limitaciones previstas por la ley aplicable, tiene derecho a solicitar acceso a la informaci\u00f3n personal suya que tenemos y rectificarla o retirar el consentimiento para su uso o divulgaci\u00f3n.<\/p>\n<p>Puede enviar una solicitud a nuestros datos de contacto, indicados en la secci\u00f3n \u00abCont\u00e1ctenos\u00bb. En ese momento, podr\u00edamos pedirle informaci\u00f3n espec\u00edfica para ayudarnos a confirmar su identidad y procesar su solicitud. La ley aplicable puede obligarnos o permitirnos rechazar su solicitud. Si la rechazamos, le informaremos los motivos, sujetos a cualquier restricci\u00f3n legal.<\/p>\n<h3>6. RETENCI\u00d3N<\/h3>\n<p>Solo conservamos su informaci\u00f3n personal durante el tiempo que sea necesario para cumplir con los fines para los que se recopil\u00f3 y para cumplir con nuestras obligaciones legales y contractuales. Tenemos per\u00edodos de retenci\u00f3n espec\u00edficos despu\u00e9s de los cuales la informaci\u00f3n personal se destruye o se anonimiza.<\/p>\n<h3>7. SEGURIDAD DE LOS DATOS<\/h3>\n<p>Berger se compromete a proteger los datos que nos proporcione y ha implementado medidas t\u00e9cnicas, organizativas y legales razonables y apropiadas para proteger su informaci\u00f3n personal contra p\u00e9rdida, mal uso o alteraci\u00f3n. No obstante, Berger no puede garantizar la seguridad de la informaci\u00f3n personal y no se hace responsable de ning\u00fan da\u00f1o que resulte directa o indirectamente de cualquier fallo, interrupci\u00f3n, intrusi\u00f3n o alteraci\u00f3n de sus sistemas.<\/p>\n<h3>8. COOKIES Y ANAL\u00cdTICA WEB DE TERCEROS<\/h3>\n<p>Cuando visite nuestra p\u00e1gina web podr\u00edamos recopilar informaci\u00f3n agregada. Por ejemplo, cuando visita nuestra p\u00e1gina web, nuestro servidor reconoce autom\u00e1ticamente cierta informaci\u00f3n, incluida, entre otras, la fecha y hora de su visita, las p\u00e1ginas que ha consultado, el referente (la p\u00e1gina web de donde viene), el tipo de navegador que utiliza (por ejemplo Chrome, Edge y Firefox), el tipo de sistema operativo que usa (por ejemplo Windows o Mac OS) y el nombre de dominio y la direcci\u00f3n de su proveedor de servicios de Internet (por ejemplo Rogers). La recopilaci\u00f3n de esta informaci\u00f3n, que no lo identifica directamente, se realiza a trav\u00e9s de la tecnolog\u00eda de \u00abcookies\u00bb. Nuestras cookies pueden almacenar cierta informaci\u00f3n en su computadora. Esta informaci\u00f3n tendr\u00e1 la forma de un peque\u00f1o archivo de texto, tambi\u00e9n conocido como \u00abcookie\u00bb. Las cookies nos ayudan de varias maneras a hacer que su visita a nuestra p\u00e1gina web sea m\u00e1s agradable y significativa. Por ejemplo, le evitan tener que elegir su pa\u00eds e idioma cada vez que regrese. Tambi\u00e9n nos permiten adaptar mejor la p\u00e1gina web o los anuncios a sus intereses y preferencias.<\/p>\n<p>La mayor\u00eda de los navegadores se puede configurar para no aceptar cookies o para indicar cu\u00e1ndo se env\u00eda una. Por favor, consulte: <a href=\"https:\/\/youradchoices.ca\/fr\/en-savoir-plus\/\" target=\"_blank\" rel=\"noopener\">https:\/\/youradchoices.ca\/fr\/en-savoir-plus\/<\/a> para algunas de estas opciones.<\/p>\n<p>Nuestras cookies no pueden leer datos de su disco duro, ni las cookies creadas por otras p\u00e1ginas web; adem\u00e1s, no se utilizan para identificarlo\/la. Si elimina o rechaza una cookie, puede seguir utilizando nuestra p\u00e1gina web.<\/p>\n<p>Utilizamos servicios de an\u00e1lisis web de terceros en nuestras p\u00e1ginas web, incluidos Google Analytics y herramientas de las plataformas Meta y LinkedIn. Estos proveedores de servicios, que utilizan tecnolog\u00edas automatizadas, como cookies y p\u00edxeles para recopilar y analizar ciertos tipos de informaci\u00f3n t\u00e9cnica, nos ayudan a comprender c\u00f3mo los visitantes utilizan nuestra p\u00e1gina web, y proporcionan servicios de publicidad, incluidos anuncios dirigidos a sus intereses. los cuales podr\u00edan aparecer cuando navega en nuestra p\u00e1gina web o en sitios de terceros que no son propiedad de Berger. Revise las pol\u00edticas de privacidad de estos sitios de terceros y obtenga m\u00e1s informaci\u00f3n sobre c\u00f3mo optar por no participar en algunas de estas pr\u00e1cticas.<\/p>\n<p>Google Analytics es un servicio de an\u00e1lisis web que proporciona estad\u00edsticas b\u00e1sicas y herramientas anal\u00edticas para la optimizaci\u00f3n de motores de b\u00fasqueda y fines de marketing. Para obtener m\u00e1s informaci\u00f3n sobre Google, visite: <a href=\"https:\/\/policies.google.com\/privacy\" target=\"_blank\" rel=\"noopener\">https:\/\/policies.google.com\/privacy<\/a>. Google ofrece un mecanismo de exclusi\u00f3n voluntaria en: <a href=\"https:\/\/tools.google.com\/dlpage\/gaoptout?hl=es\" target=\"_blank\" rel=\"noopener\">https:\/\/tools.google.com\/dlpage\/gaoptout?hl=es<\/a><\/p>\n<h3>9. ENLACES A OTROS SITIOS<\/h3>\n<p>Podemos proporcionarle enlaces a otras p\u00e1ginas web. Tenga en cuenta que no podemos garantizar las pr\u00e1cticas de recopilaci\u00f3n de datos de \u00e9stas. Le recomendamos leer sus pol\u00edticas de privacidad.<\/p>\n<h3>10. CONT\u00c1CTENOS<\/h3>\n<p style=\"font-weight: 400\">Si tiene alguna pregunta o comentario con respecto a esta Pol\u00edtica, o si nos ha enviado informaci\u00f3n de identificaci\u00f3n personal y desea que:<\/p>\n<ul>\n<li style=\"font-weight: 400\">\u00a0se cambien o eliminen estas informaciones<\/li>\n<li style=\"font-weight: 400\">\u00a0se retire su consentimiento para su uso o divulgaci\u00f3n<\/li>\n<li style=\"font-weight: 400\">\u00a0ejercer su derecho a la transferibilidad<\/li>\n<\/ul>\n<p style=\"font-weight: 400\">\nComun\u00edquese con nuestro responsable de protecci\u00f3n de la privacidad a:\u00a0<a href=\"mailto:privacy@berger.ca\">privacy@berger.ca<\/a>, o a la siguiente direcci\u00f3n:<\/p>\n<h4>Les Tourbi\u00e8res Berger Lt\u00e9e<\/h4>\n<p>a\/s Responsable de la protecci\u00f3n de datos personales<br \/>\n121, 1er rang, Saint-Modeste, QC G0L 3W0<br \/>\n418 862-4462<\/p>\n<h3>11. CAMBIOS A ESTA DECLARACI\u00d3N DE PRIVACIDAD<\/h3>\n<p>Nos reservamos el derecho de actualizar esta Pol\u00edtica en cualquier momento. La versi\u00f3n m\u00e1s actualizada se puede ver en nuestra p\u00e1gina web. El uso que usted haga de nuestra p\u00e1gina web tambi\u00e9n podr\u00eda estar sujeto a t\u00e9rminos adicionales descritos en los T\u00e9rminos de uso y otras partes de la p\u00e1gina web.<\/p>\n<p>\u00daltima actualizaci\u00f3n: 10 de octubre, 2023<\/p>\n","protected":false},"excerpt":{"rendered":"<p>POL\u00cdTICA DE PRIVACIDAD DE LA INFORMACI\u00d3N PERSONAL Esta Pol\u00edtica de privacidad (la \u00abPol\u00edtica\u00bb) se aplica a los usuarios de la p\u00e1gina web de Les Tourbi\u00e8res Berger Lt\u00e9e. (\u00abBerger\u00bb), www.berger.ca, y a la informaci\u00f3n personal que Berger recopila en toda interacci\u00f3n con usted. Lea atentamente esta Pol\u00edtica para comprender claramente c\u00f3mo Berger puede recopilar, utilizar, procesar y divulgar su informaci\u00f3n personal. Al acceder a nuestra p\u00e1gina web y proporcionarnos informaci\u00f3n personal en el curso de nuestras interacciones, usted acepta la recopilaci\u00f3n, el uso, la comunicaci\u00f3n y la divulgaci\u00f3n de su informaci\u00f3n personal seg\u00fan lo establecido en esta Pol\u00edtica. 1. \u00bfQU\u00c9 INFORMACI\u00d3N RECOPILAMOS? Entendemos que cuando visita nuestra p\u00e1gina web o se pone en contacto con nosotros, busca conocer m\u00e1s sobre nuestra empresa. De la misma manera, queremos conocer sus necesidades como cliente actual o potencial con sus visitas a nuestra p\u00e1gina [&hellip;]<\/p>\n","protected":false},"author":19,"featured_media":0,"parent":0,"menu_order":0,"comment_status":"closed","ping_status":"closed","template":"","meta":{"_acf_changed":false,"footnotes":""},"class_list":["post-329","page","type-page","status-publish","hentry"],"acf":[],"yoast_head":"<!-- This site is optimized with the Yoast SEO plugin v27.3 - https:\/\/yoast.com\/product\/yoast-seo-wordpress\/ -->\n<title>POL\u00cdTICA DE CONFIDENCIALIDAD - Berger - ES<\/title>\n<meta name=\"description\" content=\"La informaci\u00f3n contenida en los correos electr\u00f3nicos, incluyendo todos los documentos adjuntos es confidencial y por el uso exclusivo de los destinatarios.\" \/>\n<meta name=\"robots\" content=\"index, follow, max-snippet:-1, max-image-preview:large, max-video-preview:-1\" \/>\n<link rel=\"canonical\" href=\"https:\/\/www.berger.ca\/es\/condiciones\/\" \/>\n<meta property=\"og:locale\" content=\"es_ES\" \/>\n<meta property=\"og:type\" content=\"article\" \/>\n<meta property=\"og:title\" content=\"POL\u00cdTICA DE CONFIDENCIALIDAD - Berger - ES\" \/>\n<meta property=\"og:description\" content=\"La informaci\u00f3n contenida en los correos electr\u00f3nicos, incluyendo todos los documentos adjuntos es confidencial y por el uso exclusivo de los destinatarios.\" \/>\n<meta property=\"og:url\" content=\"https:\/\/www.berger.ca\/es\/condiciones\/\" \/>\n<meta property=\"og:site_name\" content=\"Berger - ES\" \/>\n<meta property=\"article:publisher\" content=\"https:\/\/www.facebook.com\/berger.ca\/\" \/>\n<meta property=\"article:modified_time\" content=\"2024-09-20T13:58:29+00:00\" \/>\n<meta name=\"twitter:card\" content=\"summary_large_image\" \/>\n<meta name=\"twitter:site\" content=\"@berger_ca\" \/>\n<meta name=\"twitter:label1\" content=\"Tiempo de lectura\" \/>\n\t<meta name=\"twitter:data1\" content=\"8 minutos\" \/>\n<script type=\"application\/ld+json\" class=\"yoast-schema-graph\">{\"@context\":\"https:\\\/\\\/schema.org\",\"@graph\":[{\"@type\":\"WebPage\",\"@id\":\"https:\\\/\\\/www.berger.ca\\\/es\\\/condiciones\\\/\",\"url\":\"https:\\\/\\\/www.berger.ca\\\/es\\\/condiciones\\\/\",\"name\":\"POL\u00cdTICA DE CONFIDENCIALIDAD - Berger - ES\",\"isPartOf\":{\"@id\":\"https:\\\/\\\/www.berger.ca\\\/es\\\/#website\"},\"datePublished\":\"2016-05-10T18:56:48+00:00\",\"dateModified\":\"2024-09-20T13:58:29+00:00\",\"description\":\"La informaci\u00f3n contenida en los correos electr\u00f3nicos, incluyendo todos los documentos adjuntos es confidencial y por el uso exclusivo de los destinatarios.\",\"inLanguage\":\"es\",\"potentialAction\":[{\"@type\":\"ReadAction\",\"target\":[\"https:\\\/\\\/www.berger.ca\\\/es\\\/condiciones\\\/\"]}]},{\"@type\":\"WebSite\",\"@id\":\"https:\\\/\\\/www.berger.ca\\\/es\\\/#website\",\"url\":\"https:\\\/\\\/www.berger.ca\\\/es\\\/\",\"name\":\"Berger - ES\",\"description\":\"Un site utilisant Sites Berger\",\"publisher\":{\"@id\":\"https:\\\/\\\/www.berger.ca\\\/es\\\/#organization\"},\"potentialAction\":[{\"@type\":\"SearchAction\",\"target\":{\"@type\":\"EntryPoint\",\"urlTemplate\":\"https:\\\/\\\/www.berger.ca\\\/es\\\/?s={search_term_string}\"},\"query-input\":{\"@type\":\"PropertyValueSpecification\",\"valueRequired\":true,\"valueName\":\"search_term_string\"}}],\"inLanguage\":\"es\"},{\"@type\":\"Organization\",\"@id\":\"https:\\\/\\\/www.berger.ca\\\/es\\\/#organization\",\"name\":\"Berger\",\"url\":\"https:\\\/\\\/www.berger.ca\\\/es\\\/\",\"logo\":{\"@type\":\"ImageObject\",\"inLanguage\":\"es\",\"@id\":\"https:\\\/\\\/www.berger.ca\\\/es\\\/#\\\/schema\\\/logo\\\/image\\\/\",\"url\":\"https:\\\/\\\/www.berger.ca\\\/es\\\/wp-content\\\/uploads\\\/sites\\\/3\\\/2016\\\/07\\\/berger_logo_coul_seul.png\",\"contentUrl\":\"https:\\\/\\\/www.berger.ca\\\/es\\\/wp-content\\\/uploads\\\/sites\\\/3\\\/2016\\\/07\\\/berger_logo_coul_seul.png\",\"width\":1257,\"height\":1156,\"caption\":\"Berger\"},\"image\":{\"@id\":\"https:\\\/\\\/www.berger.ca\\\/es\\\/#\\\/schema\\\/logo\\\/image\\\/\"},\"sameAs\":[\"https:\\\/\\\/www.facebook.com\\\/berger.ca\\\/\",\"https:\\\/\\\/x.com\\\/berger_ca\",\"https:\\\/\\\/www.instagram.com\\\/bergermixes\\\/\",\"https:\\\/\\\/www.linkedin.com\\\/company\\\/berger-peat-moss-ltd-\\\/\",\"https:\\\/\\\/www.pinterest.com\\\/bergerpeatmoss\\\/\",\"https:\\\/\\\/www.youtube.com\\\/user\\\/tourbieresberger\"]}]}<\/script>\n<!-- \/ Yoast SEO plugin. -->","yoast_head_json":{"title":"POL\u00cdTICA DE CONFIDENCIALIDAD - Berger - ES","description":"La informaci\u00f3n contenida en los correos electr\u00f3nicos, incluyendo todos los documentos adjuntos es confidencial y por el uso exclusivo de los destinatarios.","robots":{"index":"index","follow":"follow","max-snippet":"max-snippet:-1","max-image-preview":"max-image-preview:large","max-video-preview":"max-video-preview:-1"},"canonical":"https:\/\/www.berger.ca\/es\/condiciones\/","og_locale":"es_ES","og_type":"article","og_title":"POL\u00cdTICA DE CONFIDENCIALIDAD - Berger - ES","og_description":"La informaci\u00f3n contenida en los correos electr\u00f3nicos, incluyendo todos los documentos adjuntos es confidencial y por el uso exclusivo de los destinatarios.","og_url":"https:\/\/www.berger.ca\/es\/condiciones\/","og_site_name":"Berger - ES","article_publisher":"https:\/\/www.facebook.com\/berger.ca\/","article_modified_time":"2024-09-20T13:58:29+00:00","twitter_card":"summary_large_image","twitter_site":"@berger_ca","twitter_misc":{"Tiempo de lectura":"8 minutos"},"schema":{"@context":"https:\/\/schema.org","@graph":[{"@type":"WebPage","@id":"https:\/\/www.berger.ca\/es\/condiciones\/","url":"https:\/\/www.berger.ca\/es\/condiciones\/","name":"POL\u00cdTICA DE CONFIDENCIALIDAD - Berger - ES","isPartOf":{"@id":"https:\/\/www.berger.ca\/es\/#website"},"datePublished":"2016-05-10T18:56:48+00:00","dateModified":"2024-09-20T13:58:29+00:00","description":"La informaci\u00f3n contenida en los correos electr\u00f3nicos, incluyendo todos los documentos adjuntos es confidencial y por el uso exclusivo de los destinatarios.","inLanguage":"es","potentialAction":[{"@type":"ReadAction","target":["https:\/\/www.berger.ca\/es\/condiciones\/"]}]},{"@type":"WebSite","@id":"https:\/\/www.berger.ca\/es\/#website","url":"https:\/\/www.berger.ca\/es\/","name":"Berger - ES","description":"Un site utilisant Sites Berger","publisher":{"@id":"https:\/\/www.berger.ca\/es\/#organization"},"potentialAction":[{"@type":"SearchAction","target":{"@type":"EntryPoint","urlTemplate":"https:\/\/www.berger.ca\/es\/?s={search_term_string}"},"query-input":{"@type":"PropertyValueSpecification","valueRequired":true,"valueName":"search_term_string"}}],"inLanguage":"es"},{"@type":"Organization","@id":"https:\/\/www.berger.ca\/es\/#organization","name":"Berger","url":"https:\/\/www.berger.ca\/es\/","logo":{"@type":"ImageObject","inLanguage":"es","@id":"https:\/\/www.berger.ca\/es\/#\/schema\/logo\/image\/","url":"https:\/\/www.berger.ca\/es\/wp-content\/uploads\/sites\/3\/2016\/07\/berger_logo_coul_seul.png","contentUrl":"https:\/\/www.berger.ca\/es\/wp-content\/uploads\/sites\/3\/2016\/07\/berger_logo_coul_seul.png","width":1257,"height":1156,"caption":"Berger"},"image":{"@id":"https:\/\/www.berger.ca\/es\/#\/schema\/logo\/image\/"},"sameAs":["https:\/\/www.facebook.com\/berger.ca\/","https:\/\/x.com\/berger_ca","https:\/\/www.instagram.com\/bergermixes\/","https:\/\/www.linkedin.com\/company\/berger-peat-moss-ltd-\/","https:\/\/www.pinterest.com\/bergerpeatmoss\/","https:\/\/www.youtube.com\/user\/tourbieresberger"]}]}},"_links":{"self":[{"href":"https:\/\/www.berger.ca\/es\/wp-json\/wp\/v2\/pages\/329","targetHints":{"allow":["GET"]}}],"collection":[{"href":"https:\/\/www.berger.ca\/es\/wp-json\/wp\/v2\/pages"}],"about":[{"href":"https:\/\/www.berger.ca\/es\/wp-json\/wp\/v2\/types\/page"}],"author":[{"embeddable":true,"href":"https:\/\/www.berger.ca\/es\/wp-json\/wp\/v2\/users\/19"}],"replies":[{"embeddable":true,"href":"https:\/\/www.berger.ca\/es\/wp-json\/wp\/v2\/comments?post=329"}],"version-history":[{"count":12,"href":"https:\/\/www.berger.ca\/es\/wp-json\/wp\/v2\/pages\/329\/revisions"}],"predecessor-version":[{"id":5552,"href":"https:\/\/www.berger.ca\/es\/wp-json\/wp\/v2\/pages\/329\/revisions\/5552"}],"wp:attachment":[{"href":"https:\/\/www.berger.ca\/es\/wp-json\/wp\/v2\/media?parent=329"}],"curies":[{"name":"wp","href":"https:\/\/api.w.org\/{rel}","templated":true}]}}