{"id":4092,"date":"2019-10-22T09:15:08","date_gmt":"2019-10-22T14:15:08","guid":{"rendered":"https:\/\/www.berger.ca\/es\/?page_id=4092"},"modified":"2025-01-15T15:37:30","modified_gmt":"2025-01-15T20:37:30","slug":"perfil-produccion","status":"publish","type":"page","link":"https:\/\/www.berger.ca\/es\/trabaje-con-nosotros\/perfil-produccion\/","title":{"rendered":"Perfil Producci\u00f3n"},"content":{"rendered":"<h2><span style=\"color: #5d6333\">En Berger, \u00a1funciona!<\/span><\/h2>\n<p>Si usted es de los que buscan un ambiente de trabajo din\u00e1mico donde no falte la acci\u00f3n, \u00a1seguramente los encontrar\u00e1 aqu\u00ed! <strong>Se le presentar\u00e1 una variedad de desaf\u00edos, tanto en lo que respecta a las operaciones de la planta como a la cosecha de los campos. <\/strong><\/p>\n<p>Cualquiera sea su nivel de responsabilidad, se le reconocer\u00e1 su liderazgo en su justo valor. Tambi\u00e9n se aprovechar\u00e1n al m\u00e1ximo sus conocimientos t\u00e9cnicos y su bagaje de experiencias dentro un equipo dedicado y s\u00faper trabajador.<\/p>\n<p>\u00a1Vamos, int\u00e9ntelo!<\/p>\n<p><a class=\"button\" href=\"\/es\/trabaje-con-nosotros\/#e\">Explorar los puestos disponibles<\/a> <a class=\"button\" href=\"\/es\/trabaje-con-nosotros\/empleos-disponibles\/candidatura-espontanea\/?apply=true#application\">Candidatura espont\u00e1nea<\/a><\/p>\n<div class=\"quotes-slider swiper\">\n<div class=\"swiper-wrapper\">\n<div class=\"quote swiper-slide\">\n<blockquote><p>He ocupado varios puestos en la empresa, lo que me permiti\u00f3 desarrollar mis competencias al present\u00e1rseme constantemente nuevos desaf\u00edos. Los valores familiares transmitidos por la familia Berger me permitieron desarrollar un fuerte sentido de pertenencia y lealtad hacia la empresa.<\/p><\/blockquote>\n<div class=\"author\">\n<div class=\"img-wrap\"><img decoding=\"async\" src=\"\/es\/wp-content\/uploads\/sites\/3\/2022\/01\/renaud_bourgoin-500x430.jpg\" style=\"left:0\" \/><\/div>\n<p><strong>Renaud Bourgoin, Director adjunto \u2013 Operaciones<\/strong><br \/>\nSaint-Modeste, Qu\u00e9bec<\/div>\n<\/div>\n","protected":false},"excerpt":{"rendered":"<p>En Berger, \u00a1funciona! Si usted es de los que buscan un ambiente de trabajo din\u00e1mico donde no falte la acci\u00f3n, \u00a1seguramente los encontrar\u00e1 aqu\u00ed! Se le presentar\u00e1 una variedad de desaf\u00edos, tanto en lo que respecta a las operaciones de la planta como a la cosecha de los campos. Cualquiera sea su nivel de responsabilidad, se le reconocer\u00e1 su liderazgo en su justo valor. Tambi\u00e9n se aprovechar\u00e1n al m\u00e1ximo sus conocimientos t\u00e9cnicos y su bagaje de experiencias dentro un equipo dedicado y s\u00faper trabajador. \u00a1Vamos, int\u00e9ntelo! Explorar los puestos disponibles Candidatura espont\u00e1nea He ocupado varios puestos en la empresa, lo que me permiti\u00f3 desarrollar mis competencias al present\u00e1rseme constantemente nuevos desaf\u00edos. Los valores familiares transmitidos por la familia Berger me permitieron desarrollar un fuerte sentido de pertenencia y lealtad hacia la empresa. Renaud Bourgoin, Director adjunto \u2013 Operaciones Saint-Modeste, Qu\u00e9bec<\/p>\n","protected":false},"author":3,"featured_media":0,"parent":290,"menu_order":0,"comment_status":"closed","ping_status":"closed","template":"template-profile.php","meta":{"_acf_changed":false,"footnotes":""},"class_list":["post-4092","page","type-page","status-publish","hentry"],"acf":[],"yoast_head":"<!-- This site is optimized with the Yoast SEO plugin v27.3 - https:\/\/yoast.com\/product\/yoast-seo-wordpress\/ -->\n<title>Perfil Producci\u00f3n - Berger - ES<\/title>\n<meta name=\"robots\" content=\"index, follow, max-snippet:-1, max-image-preview:large, max-video-preview:-1\" \/>\n<link rel=\"canonical\" href=\"https:\/\/www.berger.ca\/es\/trabaje-con-nosotros\/perfil-produccion\/\" \/>\n<meta property=\"og:locale\" content=\"es_ES\" \/>\n<meta property=\"og:type\" content=\"article\" \/>\n<meta property=\"og:title\" content=\"Perfil Producci\u00f3n - Berger - ES\" \/>\n<meta property=\"og:description\" content=\"En Berger, \u00a1funciona! Si usted es de los que buscan un ambiente de trabajo din\u00e1mico donde no falte la acci\u00f3n, \u00a1seguramente los encontrar\u00e1 aqu\u00ed! Se le presentar\u00e1 una variedad de desaf\u00edos, tanto en lo que respecta a las operaciones de la planta como a la cosecha de los campos. Cualquiera sea su nivel de responsabilidad, se le reconocer\u00e1 su liderazgo en su justo valor. Tambi\u00e9n se aprovechar\u00e1n al m\u00e1ximo sus conocimientos t\u00e9cnicos y su bagaje de experiencias dentro un equipo dedicado y s\u00faper trabajador. \u00a1Vamos, int\u00e9ntelo! Explorar los puestos disponibles Candidatura espont\u00e1nea He ocupado varios puestos en la empresa, lo que me permiti\u00f3 desarrollar mis competencias al present\u00e1rseme constantemente nuevos desaf\u00edos. Los valores familiares transmitidos por la familia Berger me permitieron desarrollar un fuerte sentido de pertenencia y lealtad hacia la empresa. Renaud Bourgoin, Director adjunto \u2013 Operaciones Saint-Modeste, Qu\u00e9bec\" \/>\n<meta property=\"og:url\" content=\"https:\/\/www.berger.ca\/es\/trabaje-con-nosotros\/perfil-produccion\/\" \/>\n<meta property=\"og:site_name\" content=\"Berger - ES\" \/>\n<meta property=\"article:publisher\" content=\"https:\/\/www.facebook.com\/berger.ca\/\" \/>\n<meta property=\"article:modified_time\" content=\"2025-01-15T20:37:30+00:00\" \/>\n<meta name=\"twitter:card\" content=\"summary_large_image\" \/>\n<meta name=\"twitter:site\" content=\"@berger_ca\" \/>\n<meta name=\"twitter:label1\" content=\"Tiempo de lectura\" \/>\n\t<meta name=\"twitter:data1\" content=\"1 minuto\" \/>\n<script type=\"application\/ld+json\" class=\"yoast-schema-graph\">{\"@context\":\"https:\\\/\\\/schema.org\",\"@graph\":[{\"@type\":\"WebPage\",\"@id\":\"https:\\\/\\\/www.berger.ca\\\/es\\\/trabaje-con-nosotros\\\/perfil-produccion\\\/\",\"url\":\"https:\\\/\\\/www.berger.ca\\\/es\\\/trabaje-con-nosotros\\\/perfil-produccion\\\/\",\"name\":\"Perfil Producci\u00f3n - Berger - ES\",\"isPartOf\":{\"@id\":\"https:\\\/\\\/www.berger.ca\\\/es\\\/#website\"},\"datePublished\":\"2019-10-22T14:15:08+00:00\",\"dateModified\":\"2025-01-15T20:37:30+00:00\",\"breadcrumb\":{\"@id\":\"https:\\\/\\\/www.berger.ca\\\/es\\\/trabaje-con-nosotros\\\/perfil-produccion\\\/#breadcrumb\"},\"inLanguage\":\"es\",\"potentialAction\":[{\"@type\":\"ReadAction\",\"target\":[\"https:\\\/\\\/www.berger.ca\\\/es\\\/trabaje-con-nosotros\\\/perfil-produccion\\\/\"]}]},{\"@type\":\"BreadcrumbList\",\"@id\":\"https:\\\/\\\/www.berger.ca\\\/es\\\/trabaje-con-nosotros\\\/perfil-produccion\\\/#breadcrumb\",\"itemListElement\":[{\"@type\":\"ListItem\",\"position\":1,\"name\":\"Trabaje con nosotros\",\"item\":\"https:\\\/\\\/www.berger.ca\\\/es\\\/trabaje-con-nosotros\\\/\"},{\"@type\":\"ListItem\",\"position\":2,\"name\":\"Perfil Producci\u00f3n\"}]},{\"@type\":\"WebSite\",\"@id\":\"https:\\\/\\\/www.berger.ca\\\/es\\\/#website\",\"url\":\"https:\\\/\\\/www.berger.ca\\\/es\\\/\",\"name\":\"Berger - ES\",\"description\":\"Un site utilisant Sites Berger\",\"publisher\":{\"@id\":\"https:\\\/\\\/www.berger.ca\\\/es\\\/#organization\"},\"potentialAction\":[{\"@type\":\"SearchAction\",\"target\":{\"@type\":\"EntryPoint\",\"urlTemplate\":\"https:\\\/\\\/www.berger.ca\\\/es\\\/?s={search_term_string}\"},\"query-input\":{\"@type\":\"PropertyValueSpecification\",\"valueRequired\":true,\"valueName\":\"search_term_string\"}}],\"inLanguage\":\"es\"},{\"@type\":\"Organization\",\"@id\":\"https:\\\/\\\/www.berger.ca\\\/es\\\/#organization\",\"name\":\"Berger\",\"url\":\"https:\\\/\\\/www.berger.ca\\\/es\\\/\",\"logo\":{\"@type\":\"ImageObject\",\"inLanguage\":\"es\",\"@id\":\"https:\\\/\\\/www.berger.ca\\\/es\\\/#\\\/schema\\\/logo\\\/image\\\/\",\"url\":\"https:\\\/\\\/www.berger.ca\\\/es\\\/wp-content\\\/uploads\\\/sites\\\/3\\\/2016\\\/07\\\/berger_logo_coul_seul.png\",\"contentUrl\":\"https:\\\/\\\/www.berger.ca\\\/es\\\/wp-content\\\/uploads\\\/sites\\\/3\\\/2016\\\/07\\\/berger_logo_coul_seul.png\",\"width\":1257,\"height\":1156,\"caption\":\"Berger\"},\"image\":{\"@id\":\"https:\\\/\\\/www.berger.ca\\\/es\\\/#\\\/schema\\\/logo\\\/image\\\/\"},\"sameAs\":[\"https:\\\/\\\/www.facebook.com\\\/berger.ca\\\/\",\"https:\\\/\\\/x.com\\\/berger_ca\",\"https:\\\/\\\/www.instagram.com\\\/bergermixes\\\/\",\"https:\\\/\\\/www.linkedin.com\\\/company\\\/berger-peat-moss-ltd-\\\/\",\"https:\\\/\\\/www.pinterest.com\\\/bergerpeatmoss\\\/\",\"https:\\\/\\\/www.youtube.com\\\/user\\\/tourbieresberger\"]}]}<\/script>\n<!-- \/ Yoast SEO plugin. -->","yoast_head_json":{"title":"Perfil Producci\u00f3n - Berger - ES","robots":{"index":"index","follow":"follow","max-snippet":"max-snippet:-1","max-image-preview":"max-image-preview:large","max-video-preview":"max-video-preview:-1"},"canonical":"https:\/\/www.berger.ca\/es\/trabaje-con-nosotros\/perfil-produccion\/","og_locale":"es_ES","og_type":"article","og_title":"Perfil Producci\u00f3n - Berger - ES","og_description":"En Berger, \u00a1funciona! Si usted es de los que buscan un ambiente de trabajo din\u00e1mico donde no falte la acci\u00f3n, \u00a1seguramente los encontrar\u00e1 aqu\u00ed! Se le presentar\u00e1 una variedad de desaf\u00edos, tanto en lo que respecta a las operaciones de la planta como a la cosecha de los campos. Cualquiera sea su nivel de responsabilidad, se le reconocer\u00e1 su liderazgo en su justo valor. Tambi\u00e9n se aprovechar\u00e1n al m\u00e1ximo sus conocimientos t\u00e9cnicos y su bagaje de experiencias dentro un equipo dedicado y s\u00faper trabajador. \u00a1Vamos, int\u00e9ntelo! Explorar los puestos disponibles Candidatura espont\u00e1nea He ocupado varios puestos en la empresa, lo que me permiti\u00f3 desarrollar mis competencias al present\u00e1rseme constantemente nuevos desaf\u00edos. Los valores familiares transmitidos por la familia Berger me permitieron desarrollar un fuerte sentido de pertenencia y lealtad hacia la empresa. Renaud Bourgoin, Director adjunto \u2013 Operaciones Saint-Modeste, Qu\u00e9bec","og_url":"https:\/\/www.berger.ca\/es\/trabaje-con-nosotros\/perfil-produccion\/","og_site_name":"Berger - ES","article_publisher":"https:\/\/www.facebook.com\/berger.ca\/","article_modified_time":"2025-01-15T20:37:30+00:00","twitter_card":"summary_large_image","twitter_site":"@berger_ca","twitter_misc":{"Tiempo de lectura":"1 minuto"},"schema":{"@context":"https:\/\/schema.org","@graph":[{"@type":"WebPage","@id":"https:\/\/www.berger.ca\/es\/trabaje-con-nosotros\/perfil-produccion\/","url":"https:\/\/www.berger.ca\/es\/trabaje-con-nosotros\/perfil-produccion\/","name":"Perfil Producci\u00f3n - Berger - ES","isPartOf":{"@id":"https:\/\/www.berger.ca\/es\/#website"},"datePublished":"2019-10-22T14:15:08+00:00","dateModified":"2025-01-15T20:37:30+00:00","breadcrumb":{"@id":"https:\/\/www.berger.ca\/es\/trabaje-con-nosotros\/perfil-produccion\/#breadcrumb"},"inLanguage":"es","potentialAction":[{"@type":"ReadAction","target":["https:\/\/www.berger.ca\/es\/trabaje-con-nosotros\/perfil-produccion\/"]}]},{"@type":"BreadcrumbList","@id":"https:\/\/www.berger.ca\/es\/trabaje-con-nosotros\/perfil-produccion\/#breadcrumb","itemListElement":[{"@type":"ListItem","position":1,"name":"Trabaje con nosotros","item":"https:\/\/www.berger.ca\/es\/trabaje-con-nosotros\/"},{"@type":"ListItem","position":2,"name":"Perfil Producci\u00f3n"}]},{"@type":"WebSite","@id":"https:\/\/www.berger.ca\/es\/#website","url":"https:\/\/www.berger.ca\/es\/","name":"Berger - ES","description":"Un site utilisant Sites Berger","publisher":{"@id":"https:\/\/www.berger.ca\/es\/#organization"},"potentialAction":[{"@type":"SearchAction","target":{"@type":"EntryPoint","urlTemplate":"https:\/\/www.berger.ca\/es\/?s={search_term_string}"},"query-input":{"@type":"PropertyValueSpecification","valueRequired":true,"valueName":"search_term_string"}}],"inLanguage":"es"},{"@type":"Organization","@id":"https:\/\/www.berger.ca\/es\/#organization","name":"Berger","url":"https:\/\/www.berger.ca\/es\/","logo":{"@type":"ImageObject","inLanguage":"es","@id":"https:\/\/www.berger.ca\/es\/#\/schema\/logo\/image\/","url":"https:\/\/www.berger.ca\/es\/wp-content\/uploads\/sites\/3\/2016\/07\/berger_logo_coul_seul.png","contentUrl":"https:\/\/www.berger.ca\/es\/wp-content\/uploads\/sites\/3\/2016\/07\/berger_logo_coul_seul.png","width":1257,"height":1156,"caption":"Berger"},"image":{"@id":"https:\/\/www.berger.ca\/es\/#\/schema\/logo\/image\/"},"sameAs":["https:\/\/www.facebook.com\/berger.ca\/","https:\/\/x.com\/berger_ca","https:\/\/www.instagram.com\/bergermixes\/","https:\/\/www.linkedin.com\/company\/berger-peat-moss-ltd-\/","https:\/\/www.pinterest.com\/bergerpeatmoss\/","https:\/\/www.youtube.com\/user\/tourbieresberger"]}]}},"_links":{"self":[{"href":"https:\/\/www.berger.ca\/es\/wp-json\/wp\/v2\/pages\/4092","targetHints":{"allow":["GET"]}}],"collection":[{"href":"https:\/\/www.berger.ca\/es\/wp-json\/wp\/v2\/pages"}],"about":[{"href":"https:\/\/www.berger.ca\/es\/wp-json\/wp\/v2\/types\/page"}],"author":[{"embeddable":true,"href":"https:\/\/www.berger.ca\/es\/wp-json\/wp\/v2\/users\/3"}],"replies":[{"embeddable":true,"href":"https:\/\/www.berger.ca\/es\/wp-json\/wp\/v2\/comments?post=4092"}],"version-history":[{"count":8,"href":"https:\/\/www.berger.ca\/es\/wp-json\/wp\/v2\/pages\/4092\/revisions"}],"predecessor-version":[{"id":5694,"href":"https:\/\/www.berger.ca\/es\/wp-json\/wp\/v2\/pages\/4092\/revisions\/5694"}],"up":[{"embeddable":true,"href":"https:\/\/www.berger.ca\/es\/wp-json\/wp\/v2\/pages\/290"}],"wp:attachment":[{"href":"https:\/\/www.berger.ca\/es\/wp-json\/wp\/v2\/media?parent=4092"}],"curies":[{"name":"wp","href":"https:\/\/api.w.org\/{rel}","templated":true}]}}