{"id":4104,"date":"2019-10-22T09:46:08","date_gmt":"2019-10-22T14:46:08","guid":{"rendered":"https:\/\/www.berger.ca\/es\/?page_id=4104"},"modified":"2025-01-15T15:40:47","modified_gmt":"2025-01-15T20:40:47","slug":"perfil-ventas-y-marketing","status":"publish","type":"page","link":"https:\/\/www.berger.ca\/es\/trabaje-con-nosotros\/perfil-ventas-y-marketing\/","title":{"rendered":"Perfil Ventas y Marketing"},"content":{"rendered":"<h2><span style=\"color: #5d6333\">\u00a1Sus conocimientos al servicio de nuestro equipo!<\/span><\/h2>\n<p>\u00bfEs una persona curiosa y desea seguir creciendo en un equipo que le ofrecer\u00e1 los medios para superar sus propios l\u00edmites? \u00a1Deje de buscar! <strong>En un ambiente de trabajo cohesionado y propicio para compartir ideas, tendr\u00e1 todas las oportunidades de desarrollar soluciones innovadoras y contribuir con el \u00e9xito de la empresa.<\/strong><\/p>\n<p>\u00bfTiene la certeza de ser la persona que necesitamos para enfrentar este nuevo desaf\u00edo? \u00a1\u00danase a nosotros, no lo lamentar\u00e1!<\/p>\n<p><a class=\"button\" href=\"\/es\/trabaje-con-nosotros\/#e\">Explorar los puestos disponibles<\/a> <a class=\"button\" href=\"\/es\/trabaje-con-nosotros\/empleos-disponibles\/candidatura-espontanea\/?apply=true#application\">Candidatura espont\u00e1nea<\/a><\/p>\n<div class=\"quotes-slider swiper\">\n<div class=\"swiper-wrapper\">\n<div class=\"quote swiper-slide\">\n<blockquote><p>Tengo la suerte de crecer en un ambiente din\u00e1mico y participar en varios proyectos estrat\u00e9gicos. La proximidad y la colaboraci\u00f3n entre los equipos y la alta direcci\u00f3n me permiten adquirir valiosos conocimientos multidisciplinarios. \u00a1Mis jornadas de trabajo se suceden, pero no se parecen! La autonom\u00eda y la confianza que se me brinda diariamente fomentan verdaderamente mi crecimiento tanto profesional como personal.<\/p><\/blockquote>\n<div class=\"author\">\n<div class=\"img-wrap\"><img decoding=\"async\" src=\"\/es\/wp-content\/uploads\/sites\/3\/2022\/01\/alex_desrosiers-500x430.jpg\" style=\"left:0\" \/><\/div>\n<p><strong>Alex Desrosiers, Coordinador &#8211; Transformaci\u00f3n organizativa<\/strong>\n<\/div>\n<\/div>\n","protected":false},"excerpt":{"rendered":"<p>\u00a1Sus conocimientos al servicio de nuestro equipo! \u00bfEs una persona curiosa y desea seguir creciendo en un equipo que le ofrecer\u00e1 los medios para superar sus propios l\u00edmites? \u00a1Deje de buscar! En un ambiente de trabajo cohesionado y propicio para compartir ideas, tendr\u00e1 todas las oportunidades de desarrollar soluciones innovadoras y contribuir con el \u00e9xito de la empresa. \u00bfTiene la certeza de ser la persona que necesitamos para enfrentar este nuevo desaf\u00edo? \u00a1\u00danase a nosotros, no lo lamentar\u00e1! Explorar los puestos disponibles Candidatura espont\u00e1nea Tengo la suerte de crecer en un ambiente din\u00e1mico y participar en varios proyectos estrat\u00e9gicos. La proximidad y la colaboraci\u00f3n entre los equipos y la alta direcci\u00f3n me permiten adquirir valiosos conocimientos multidisciplinarios. \u00a1Mis jornadas de trabajo se suceden, pero no se parecen! La autonom\u00eda y la confianza que se me brinda diariamente fomentan verdaderamente mi [&hellip;]<\/p>\n","protected":false},"author":3,"featured_media":0,"parent":290,"menu_order":0,"comment_status":"closed","ping_status":"closed","template":"template-profile.php","meta":{"_acf_changed":false,"footnotes":""},"class_list":["post-4104","page","type-page","status-publish","hentry"],"acf":[],"yoast_head":"<!-- This site is optimized with the Yoast SEO plugin v27.3 - https:\/\/yoast.com\/product\/yoast-seo-wordpress\/ -->\n<title>Perfil Ventas y Marketing - Berger - ES<\/title>\n<meta name=\"robots\" content=\"index, follow, max-snippet:-1, max-image-preview:large, max-video-preview:-1\" \/>\n<link rel=\"canonical\" href=\"https:\/\/www.berger.ca\/es\/trabaje-con-nosotros\/perfil-ventas-y-marketing\/\" \/>\n<meta property=\"og:locale\" content=\"es_ES\" \/>\n<meta property=\"og:type\" content=\"article\" \/>\n<meta property=\"og:title\" content=\"Perfil Ventas y Marketing - Berger - ES\" \/>\n<meta property=\"og:description\" content=\"\u00a1Sus conocimientos al servicio de nuestro equipo! \u00bfEs una persona curiosa y desea seguir creciendo en un equipo que le ofrecer\u00e1 los medios para superar sus propios l\u00edmites? \u00a1Deje de buscar! En un ambiente de trabajo cohesionado y propicio para compartir ideas, tendr\u00e1 todas las oportunidades de desarrollar soluciones innovadoras y contribuir con el \u00e9xito de la empresa. \u00bfTiene la certeza de ser la persona que necesitamos para enfrentar este nuevo desaf\u00edo? \u00a1\u00danase a nosotros, no lo lamentar\u00e1! Explorar los puestos disponibles Candidatura espont\u00e1nea Tengo la suerte de crecer en un ambiente din\u00e1mico y participar en varios proyectos estrat\u00e9gicos. La proximidad y la colaboraci\u00f3n entre los equipos y la alta direcci\u00f3n me permiten adquirir valiosos conocimientos multidisciplinarios. \u00a1Mis jornadas de trabajo se suceden, pero no se parecen! La autonom\u00eda y la confianza que se me brinda diariamente fomentan verdaderamente mi [&hellip;]\" \/>\n<meta property=\"og:url\" content=\"https:\/\/www.berger.ca\/es\/trabaje-con-nosotros\/perfil-ventas-y-marketing\/\" \/>\n<meta property=\"og:site_name\" content=\"Berger - ES\" \/>\n<meta property=\"article:publisher\" content=\"https:\/\/www.facebook.com\/berger.ca\/\" \/>\n<meta property=\"article:modified_time\" content=\"2025-01-15T20:40:47+00:00\" \/>\n<meta name=\"twitter:card\" content=\"summary_large_image\" \/>\n<meta name=\"twitter:site\" content=\"@berger_ca\" \/>\n<meta name=\"twitter:label1\" content=\"Tiempo de lectura\" \/>\n\t<meta name=\"twitter:data1\" content=\"1 minuto\" \/>\n<script type=\"application\/ld+json\" class=\"yoast-schema-graph\">{\"@context\":\"https:\\\/\\\/schema.org\",\"@graph\":[{\"@type\":\"WebPage\",\"@id\":\"https:\\\/\\\/www.berger.ca\\\/es\\\/trabaje-con-nosotros\\\/perfil-ventas-y-marketing\\\/\",\"url\":\"https:\\\/\\\/www.berger.ca\\\/es\\\/trabaje-con-nosotros\\\/perfil-ventas-y-marketing\\\/\",\"name\":\"Perfil Ventas y Marketing - Berger - ES\",\"isPartOf\":{\"@id\":\"https:\\\/\\\/www.berger.ca\\\/es\\\/#website\"},\"datePublished\":\"2019-10-22T14:46:08+00:00\",\"dateModified\":\"2025-01-15T20:40:47+00:00\",\"breadcrumb\":{\"@id\":\"https:\\\/\\\/www.berger.ca\\\/es\\\/trabaje-con-nosotros\\\/perfil-ventas-y-marketing\\\/#breadcrumb\"},\"inLanguage\":\"es\",\"potentialAction\":[{\"@type\":\"ReadAction\",\"target\":[\"https:\\\/\\\/www.berger.ca\\\/es\\\/trabaje-con-nosotros\\\/perfil-ventas-y-marketing\\\/\"]}]},{\"@type\":\"BreadcrumbList\",\"@id\":\"https:\\\/\\\/www.berger.ca\\\/es\\\/trabaje-con-nosotros\\\/perfil-ventas-y-marketing\\\/#breadcrumb\",\"itemListElement\":[{\"@type\":\"ListItem\",\"position\":1,\"name\":\"Trabaje con nosotros\",\"item\":\"https:\\\/\\\/www.berger.ca\\\/es\\\/trabaje-con-nosotros\\\/\"},{\"@type\":\"ListItem\",\"position\":2,\"name\":\"Perfil Ventas y Marketing\"}]},{\"@type\":\"WebSite\",\"@id\":\"https:\\\/\\\/www.berger.ca\\\/es\\\/#website\",\"url\":\"https:\\\/\\\/www.berger.ca\\\/es\\\/\",\"name\":\"Berger - ES\",\"description\":\"Un site utilisant Sites Berger\",\"publisher\":{\"@id\":\"https:\\\/\\\/www.berger.ca\\\/es\\\/#organization\"},\"potentialAction\":[{\"@type\":\"SearchAction\",\"target\":{\"@type\":\"EntryPoint\",\"urlTemplate\":\"https:\\\/\\\/www.berger.ca\\\/es\\\/?s={search_term_string}\"},\"query-input\":{\"@type\":\"PropertyValueSpecification\",\"valueRequired\":true,\"valueName\":\"search_term_string\"}}],\"inLanguage\":\"es\"},{\"@type\":\"Organization\",\"@id\":\"https:\\\/\\\/www.berger.ca\\\/es\\\/#organization\",\"name\":\"Berger\",\"url\":\"https:\\\/\\\/www.berger.ca\\\/es\\\/\",\"logo\":{\"@type\":\"ImageObject\",\"inLanguage\":\"es\",\"@id\":\"https:\\\/\\\/www.berger.ca\\\/es\\\/#\\\/schema\\\/logo\\\/image\\\/\",\"url\":\"https:\\\/\\\/www.berger.ca\\\/es\\\/wp-content\\\/uploads\\\/sites\\\/3\\\/2016\\\/07\\\/berger_logo_coul_seul.png\",\"contentUrl\":\"https:\\\/\\\/www.berger.ca\\\/es\\\/wp-content\\\/uploads\\\/sites\\\/3\\\/2016\\\/07\\\/berger_logo_coul_seul.png\",\"width\":1257,\"height\":1156,\"caption\":\"Berger\"},\"image\":{\"@id\":\"https:\\\/\\\/www.berger.ca\\\/es\\\/#\\\/schema\\\/logo\\\/image\\\/\"},\"sameAs\":[\"https:\\\/\\\/www.facebook.com\\\/berger.ca\\\/\",\"https:\\\/\\\/x.com\\\/berger_ca\",\"https:\\\/\\\/www.instagram.com\\\/bergermixes\\\/\",\"https:\\\/\\\/www.linkedin.com\\\/company\\\/berger-peat-moss-ltd-\\\/\",\"https:\\\/\\\/www.pinterest.com\\\/bergerpeatmoss\\\/\",\"https:\\\/\\\/www.youtube.com\\\/user\\\/tourbieresberger\"]}]}<\/script>\n<!-- \/ Yoast SEO plugin. -->","yoast_head_json":{"title":"Perfil Ventas y Marketing - Berger - ES","robots":{"index":"index","follow":"follow","max-snippet":"max-snippet:-1","max-image-preview":"max-image-preview:large","max-video-preview":"max-video-preview:-1"},"canonical":"https:\/\/www.berger.ca\/es\/trabaje-con-nosotros\/perfil-ventas-y-marketing\/","og_locale":"es_ES","og_type":"article","og_title":"Perfil Ventas y Marketing - Berger - ES","og_description":"\u00a1Sus conocimientos al servicio de nuestro equipo! \u00bfEs una persona curiosa y desea seguir creciendo en un equipo que le ofrecer\u00e1 los medios para superar sus propios l\u00edmites? \u00a1Deje de buscar! En un ambiente de trabajo cohesionado y propicio para compartir ideas, tendr\u00e1 todas las oportunidades de desarrollar soluciones innovadoras y contribuir con el \u00e9xito de la empresa. \u00bfTiene la certeza de ser la persona que necesitamos para enfrentar este nuevo desaf\u00edo? \u00a1\u00danase a nosotros, no lo lamentar\u00e1! Explorar los puestos disponibles Candidatura espont\u00e1nea Tengo la suerte de crecer en un ambiente din\u00e1mico y participar en varios proyectos estrat\u00e9gicos. La proximidad y la colaboraci\u00f3n entre los equipos y la alta direcci\u00f3n me permiten adquirir valiosos conocimientos multidisciplinarios. \u00a1Mis jornadas de trabajo se suceden, pero no se parecen! La autonom\u00eda y la confianza que se me brinda diariamente fomentan verdaderamente mi [&hellip;]","og_url":"https:\/\/www.berger.ca\/es\/trabaje-con-nosotros\/perfil-ventas-y-marketing\/","og_site_name":"Berger - ES","article_publisher":"https:\/\/www.facebook.com\/berger.ca\/","article_modified_time":"2025-01-15T20:40:47+00:00","twitter_card":"summary_large_image","twitter_site":"@berger_ca","twitter_misc":{"Tiempo de lectura":"1 minuto"},"schema":{"@context":"https:\/\/schema.org","@graph":[{"@type":"WebPage","@id":"https:\/\/www.berger.ca\/es\/trabaje-con-nosotros\/perfil-ventas-y-marketing\/","url":"https:\/\/www.berger.ca\/es\/trabaje-con-nosotros\/perfil-ventas-y-marketing\/","name":"Perfil Ventas y Marketing - Berger - ES","isPartOf":{"@id":"https:\/\/www.berger.ca\/es\/#website"},"datePublished":"2019-10-22T14:46:08+00:00","dateModified":"2025-01-15T20:40:47+00:00","breadcrumb":{"@id":"https:\/\/www.berger.ca\/es\/trabaje-con-nosotros\/perfil-ventas-y-marketing\/#breadcrumb"},"inLanguage":"es","potentialAction":[{"@type":"ReadAction","target":["https:\/\/www.berger.ca\/es\/trabaje-con-nosotros\/perfil-ventas-y-marketing\/"]}]},{"@type":"BreadcrumbList","@id":"https:\/\/www.berger.ca\/es\/trabaje-con-nosotros\/perfil-ventas-y-marketing\/#breadcrumb","itemListElement":[{"@type":"ListItem","position":1,"name":"Trabaje con nosotros","item":"https:\/\/www.berger.ca\/es\/trabaje-con-nosotros\/"},{"@type":"ListItem","position":2,"name":"Perfil Ventas y Marketing"}]},{"@type":"WebSite","@id":"https:\/\/www.berger.ca\/es\/#website","url":"https:\/\/www.berger.ca\/es\/","name":"Berger - ES","description":"Un site utilisant Sites Berger","publisher":{"@id":"https:\/\/www.berger.ca\/es\/#organization"},"potentialAction":[{"@type":"SearchAction","target":{"@type":"EntryPoint","urlTemplate":"https:\/\/www.berger.ca\/es\/?s={search_term_string}"},"query-input":{"@type":"PropertyValueSpecification","valueRequired":true,"valueName":"search_term_string"}}],"inLanguage":"es"},{"@type":"Organization","@id":"https:\/\/www.berger.ca\/es\/#organization","name":"Berger","url":"https:\/\/www.berger.ca\/es\/","logo":{"@type":"ImageObject","inLanguage":"es","@id":"https:\/\/www.berger.ca\/es\/#\/schema\/logo\/image\/","url":"https:\/\/www.berger.ca\/es\/wp-content\/uploads\/sites\/3\/2016\/07\/berger_logo_coul_seul.png","contentUrl":"https:\/\/www.berger.ca\/es\/wp-content\/uploads\/sites\/3\/2016\/07\/berger_logo_coul_seul.png","width":1257,"height":1156,"caption":"Berger"},"image":{"@id":"https:\/\/www.berger.ca\/es\/#\/schema\/logo\/image\/"},"sameAs":["https:\/\/www.facebook.com\/berger.ca\/","https:\/\/x.com\/berger_ca","https:\/\/www.instagram.com\/bergermixes\/","https:\/\/www.linkedin.com\/company\/berger-peat-moss-ltd-\/","https:\/\/www.pinterest.com\/bergerpeatmoss\/","https:\/\/www.youtube.com\/user\/tourbieresberger"]}]}},"_links":{"self":[{"href":"https:\/\/www.berger.ca\/es\/wp-json\/wp\/v2\/pages\/4104","targetHints":{"allow":["GET"]}}],"collection":[{"href":"https:\/\/www.berger.ca\/es\/wp-json\/wp\/v2\/pages"}],"about":[{"href":"https:\/\/www.berger.ca\/es\/wp-json\/wp\/v2\/types\/page"}],"author":[{"embeddable":true,"href":"https:\/\/www.berger.ca\/es\/wp-json\/wp\/v2\/users\/3"}],"replies":[{"embeddable":true,"href":"https:\/\/www.berger.ca\/es\/wp-json\/wp\/v2\/comments?post=4104"}],"version-history":[{"count":10,"href":"https:\/\/www.berger.ca\/es\/wp-json\/wp\/v2\/pages\/4104\/revisions"}],"predecessor-version":[{"id":5698,"href":"https:\/\/www.berger.ca\/es\/wp-json\/wp\/v2\/pages\/4104\/revisions\/5698"}],"up":[{"embeddable":true,"href":"https:\/\/www.berger.ca\/es\/wp-json\/wp\/v2\/pages\/290"}],"wp:attachment":[{"href":"https:\/\/www.berger.ca\/es\/wp-json\/wp\/v2\/media?parent=4104"}],"curies":[{"name":"wp","href":"https:\/\/api.w.org\/{rel}","templated":true}]}}