{"id":4111,"date":"2019-10-22T09:53:10","date_gmt":"2019-10-22T14:53:10","guid":{"rendered":"https:\/\/www.berger.ca\/es\/?page_id=4111"},"modified":"2025-01-15T15:39:34","modified_gmt":"2025-01-15T20:39:34","slug":"perfil-gestion-y-administracion","status":"publish","type":"page","link":"https:\/\/www.berger.ca\/es\/trabaje-con-nosotros\/perfil-gestion-y-administracion\/","title":{"rendered":"Perfil Gesti\u00f3n y administraci\u00f3n"},"content":{"rendered":"<h2><span style=\"color: #5d6333\">\u00a1Lo mejor de ambos mundos!<\/span><\/h2>\n<p>\u00a1Un alto nivel de responsabilidad y una autonom\u00eda casi completa, permitir\u00e1n que los candidatos m\u00e1s determinados cumplan sus misiones diariamente! Usted se distingue de la mayor\u00eda gracias a su esp\u00edritu vivaz y su sentido de liderazgo; tenemos desaf\u00edos que proponerle, unos m\u00e1s estimulantes que otros. <strong>Su rol estrat\u00e9gico y sus contribuciones ser\u00e1n plenamente reconocidas en una empresa en pleno crecimiento.<\/strong><\/p>\n<p>Su primer desaf\u00edo Berger es simple: \u00a1intente resistirse a nuestras ofertas de empleo tan atractivas!<\/p>\n<p><a class=\"button\" href=\"\/es\/trabaje-con-nosotros\/#e\">Explorar los puestos disponibles<\/a> <a class=\"button\" href=\"\/es\/trabaje-con-nosotros\/empleos-disponibles\/candidatura-espontanea\/?apply=true#application\">Candidatura espont\u00e1nea<\/a><\/p>\n<div class=\"quotes-slider swiper\">\n<div class=\"swiper-wrapper\">\n<div class=\"quote swiper-slide\">\n<blockquote><p>Como emprendedor en la vida, mi trabajo en Berger me ofrece un buen equilibrio entre estabilidad, autonom\u00eda y flexibilidad horaria. Las misiones que me encomiendan responden perfectamente a mis ambiciones y me permiten realizarme plenamente. Realmente me siento valorada y orgullosa de ser parte de un equipo tan din\u00e1mico e innovador!<\/p><\/blockquote>\n<div class=\"author\">\n<div class=\"img-wrap\"><img decoding=\"async\" src=\"\/es\/wp-content\/uploads\/sites\/3\/2022\/01\/danielle_amyott-500x430.jpg\" style=\"left:0\" \/><\/div>\n<p><strong>Danielle Amyot, Directora &#8211; Metodolog\u00eda<\/strong>\n<\/div>\n<\/div>\n","protected":false},"excerpt":{"rendered":"<p>\u00a1Lo mejor de ambos mundos! \u00a1Un alto nivel de responsabilidad y una autonom\u00eda casi completa, permitir\u00e1n que los candidatos m\u00e1s determinados cumplan sus misiones diariamente! Usted se distingue de la mayor\u00eda gracias a su esp\u00edritu vivaz y su sentido de liderazgo; tenemos desaf\u00edos que proponerle, unos m\u00e1s estimulantes que otros. Su rol estrat\u00e9gico y sus contribuciones ser\u00e1n plenamente reconocidas en una empresa en pleno crecimiento. Su primer desaf\u00edo Berger es simple: \u00a1intente resistirse a nuestras ofertas de empleo tan atractivas! Explorar los puestos disponibles Candidatura espont\u00e1nea Como emprendedor en la vida, mi trabajo en Berger me ofrece un buen equilibrio entre estabilidad, autonom\u00eda y flexibilidad horaria. Las misiones que me encomiendan responden perfectamente a mis ambiciones y me permiten realizarme plenamente. Realmente me siento valorada y orgullosa de ser parte de un equipo tan din\u00e1mico e innovador! Danielle Amyot, Directora [&hellip;]<\/p>\n","protected":false},"author":3,"featured_media":0,"parent":290,"menu_order":0,"comment_status":"closed","ping_status":"closed","template":"template-profile.php","meta":{"_acf_changed":false,"footnotes":""},"class_list":["post-4111","page","type-page","status-publish","hentry"],"acf":[],"yoast_head":"<!-- This site is optimized with the Yoast SEO plugin v27.3 - https:\/\/yoast.com\/product\/yoast-seo-wordpress\/ -->\n<title>Perfil Gesti\u00f3n y administraci\u00f3n - Berger - ES<\/title>\n<meta name=\"robots\" content=\"index, follow, max-snippet:-1, max-image-preview:large, max-video-preview:-1\" \/>\n<link rel=\"canonical\" href=\"https:\/\/www.berger.ca\/es\/trabaje-con-nosotros\/perfil-gestion-y-administracion\/\" \/>\n<meta property=\"og:locale\" content=\"es_ES\" \/>\n<meta property=\"og:type\" content=\"article\" \/>\n<meta property=\"og:title\" content=\"Perfil Gesti\u00f3n y administraci\u00f3n - Berger - ES\" \/>\n<meta property=\"og:description\" content=\"\u00a1Lo mejor de ambos mundos! \u00a1Un alto nivel de responsabilidad y una autonom\u00eda casi completa, permitir\u00e1n que los candidatos m\u00e1s determinados cumplan sus misiones diariamente! Usted se distingue de la mayor\u00eda gracias a su esp\u00edritu vivaz y su sentido de liderazgo; tenemos desaf\u00edos que proponerle, unos m\u00e1s estimulantes que otros. Su rol estrat\u00e9gico y sus contribuciones ser\u00e1n plenamente reconocidas en una empresa en pleno crecimiento. Su primer desaf\u00edo Berger es simple: \u00a1intente resistirse a nuestras ofertas de empleo tan atractivas! Explorar los puestos disponibles Candidatura espont\u00e1nea Como emprendedor en la vida, mi trabajo en Berger me ofrece un buen equilibrio entre estabilidad, autonom\u00eda y flexibilidad horaria. Las misiones que me encomiendan responden perfectamente a mis ambiciones y me permiten realizarme plenamente. Realmente me siento valorada y orgullosa de ser parte de un equipo tan din\u00e1mico e innovador! Danielle Amyot, Directora [&hellip;]\" \/>\n<meta property=\"og:url\" content=\"https:\/\/www.berger.ca\/es\/trabaje-con-nosotros\/perfil-gestion-y-administracion\/\" \/>\n<meta property=\"og:site_name\" content=\"Berger - ES\" \/>\n<meta property=\"article:publisher\" content=\"https:\/\/www.facebook.com\/berger.ca\/\" \/>\n<meta property=\"article:modified_time\" content=\"2025-01-15T20:39:34+00:00\" \/>\n<meta name=\"twitter:card\" content=\"summary_large_image\" \/>\n<meta name=\"twitter:site\" content=\"@berger_ca\" \/>\n<meta name=\"twitter:label1\" content=\"Tiempo de lectura\" \/>\n\t<meta name=\"twitter:data1\" content=\"1 minuto\" \/>\n<script type=\"application\/ld+json\" class=\"yoast-schema-graph\">{\"@context\":\"https:\\\/\\\/schema.org\",\"@graph\":[{\"@type\":\"WebPage\",\"@id\":\"https:\\\/\\\/www.berger.ca\\\/es\\\/trabaje-con-nosotros\\\/perfil-gestion-y-administracion\\\/\",\"url\":\"https:\\\/\\\/www.berger.ca\\\/es\\\/trabaje-con-nosotros\\\/perfil-gestion-y-administracion\\\/\",\"name\":\"Perfil Gesti\u00f3n y administraci\u00f3n - Berger - ES\",\"isPartOf\":{\"@id\":\"https:\\\/\\\/www.berger.ca\\\/es\\\/#website\"},\"datePublished\":\"2019-10-22T14:53:10+00:00\",\"dateModified\":\"2025-01-15T20:39:34+00:00\",\"breadcrumb\":{\"@id\":\"https:\\\/\\\/www.berger.ca\\\/es\\\/trabaje-con-nosotros\\\/perfil-gestion-y-administracion\\\/#breadcrumb\"},\"inLanguage\":\"es\",\"potentialAction\":[{\"@type\":\"ReadAction\",\"target\":[\"https:\\\/\\\/www.berger.ca\\\/es\\\/trabaje-con-nosotros\\\/perfil-gestion-y-administracion\\\/\"]}]},{\"@type\":\"BreadcrumbList\",\"@id\":\"https:\\\/\\\/www.berger.ca\\\/es\\\/trabaje-con-nosotros\\\/perfil-gestion-y-administracion\\\/#breadcrumb\",\"itemListElement\":[{\"@type\":\"ListItem\",\"position\":1,\"name\":\"Trabaje con nosotros\",\"item\":\"https:\\\/\\\/www.berger.ca\\\/es\\\/trabaje-con-nosotros\\\/\"},{\"@type\":\"ListItem\",\"position\":2,\"name\":\"Perfil Gesti\u00f3n y administraci\u00f3n\"}]},{\"@type\":\"WebSite\",\"@id\":\"https:\\\/\\\/www.berger.ca\\\/es\\\/#website\",\"url\":\"https:\\\/\\\/www.berger.ca\\\/es\\\/\",\"name\":\"Berger - ES\",\"description\":\"Un site utilisant Sites Berger\",\"publisher\":{\"@id\":\"https:\\\/\\\/www.berger.ca\\\/es\\\/#organization\"},\"potentialAction\":[{\"@type\":\"SearchAction\",\"target\":{\"@type\":\"EntryPoint\",\"urlTemplate\":\"https:\\\/\\\/www.berger.ca\\\/es\\\/?s={search_term_string}\"},\"query-input\":{\"@type\":\"PropertyValueSpecification\",\"valueRequired\":true,\"valueName\":\"search_term_string\"}}],\"inLanguage\":\"es\"},{\"@type\":\"Organization\",\"@id\":\"https:\\\/\\\/www.berger.ca\\\/es\\\/#organization\",\"name\":\"Berger\",\"url\":\"https:\\\/\\\/www.berger.ca\\\/es\\\/\",\"logo\":{\"@type\":\"ImageObject\",\"inLanguage\":\"es\",\"@id\":\"https:\\\/\\\/www.berger.ca\\\/es\\\/#\\\/schema\\\/logo\\\/image\\\/\",\"url\":\"https:\\\/\\\/www.berger.ca\\\/es\\\/wp-content\\\/uploads\\\/sites\\\/3\\\/2016\\\/07\\\/berger_logo_coul_seul.png\",\"contentUrl\":\"https:\\\/\\\/www.berger.ca\\\/es\\\/wp-content\\\/uploads\\\/sites\\\/3\\\/2016\\\/07\\\/berger_logo_coul_seul.png\",\"width\":1257,\"height\":1156,\"caption\":\"Berger\"},\"image\":{\"@id\":\"https:\\\/\\\/www.berger.ca\\\/es\\\/#\\\/schema\\\/logo\\\/image\\\/\"},\"sameAs\":[\"https:\\\/\\\/www.facebook.com\\\/berger.ca\\\/\",\"https:\\\/\\\/x.com\\\/berger_ca\",\"https:\\\/\\\/www.instagram.com\\\/bergermixes\\\/\",\"https:\\\/\\\/www.linkedin.com\\\/company\\\/berger-peat-moss-ltd-\\\/\",\"https:\\\/\\\/www.pinterest.com\\\/bergerpeatmoss\\\/\",\"https:\\\/\\\/www.youtube.com\\\/user\\\/tourbieresberger\"]}]}<\/script>\n<!-- \/ Yoast SEO plugin. -->","yoast_head_json":{"title":"Perfil Gesti\u00f3n y administraci\u00f3n - Berger - ES","robots":{"index":"index","follow":"follow","max-snippet":"max-snippet:-1","max-image-preview":"max-image-preview:large","max-video-preview":"max-video-preview:-1"},"canonical":"https:\/\/www.berger.ca\/es\/trabaje-con-nosotros\/perfil-gestion-y-administracion\/","og_locale":"es_ES","og_type":"article","og_title":"Perfil Gesti\u00f3n y administraci\u00f3n - Berger - ES","og_description":"\u00a1Lo mejor de ambos mundos! \u00a1Un alto nivel de responsabilidad y una autonom\u00eda casi completa, permitir\u00e1n que los candidatos m\u00e1s determinados cumplan sus misiones diariamente! Usted se distingue de la mayor\u00eda gracias a su esp\u00edritu vivaz y su sentido de liderazgo; tenemos desaf\u00edos que proponerle, unos m\u00e1s estimulantes que otros. Su rol estrat\u00e9gico y sus contribuciones ser\u00e1n plenamente reconocidas en una empresa en pleno crecimiento. Su primer desaf\u00edo Berger es simple: \u00a1intente resistirse a nuestras ofertas de empleo tan atractivas! Explorar los puestos disponibles Candidatura espont\u00e1nea Como emprendedor en la vida, mi trabajo en Berger me ofrece un buen equilibrio entre estabilidad, autonom\u00eda y flexibilidad horaria. Las misiones que me encomiendan responden perfectamente a mis ambiciones y me permiten realizarme plenamente. Realmente me siento valorada y orgullosa de ser parte de un equipo tan din\u00e1mico e innovador! Danielle Amyot, Directora [&hellip;]","og_url":"https:\/\/www.berger.ca\/es\/trabaje-con-nosotros\/perfil-gestion-y-administracion\/","og_site_name":"Berger - ES","article_publisher":"https:\/\/www.facebook.com\/berger.ca\/","article_modified_time":"2025-01-15T20:39:34+00:00","twitter_card":"summary_large_image","twitter_site":"@berger_ca","twitter_misc":{"Tiempo de lectura":"1 minuto"},"schema":{"@context":"https:\/\/schema.org","@graph":[{"@type":"WebPage","@id":"https:\/\/www.berger.ca\/es\/trabaje-con-nosotros\/perfil-gestion-y-administracion\/","url":"https:\/\/www.berger.ca\/es\/trabaje-con-nosotros\/perfil-gestion-y-administracion\/","name":"Perfil Gesti\u00f3n y administraci\u00f3n - Berger - ES","isPartOf":{"@id":"https:\/\/www.berger.ca\/es\/#website"},"datePublished":"2019-10-22T14:53:10+00:00","dateModified":"2025-01-15T20:39:34+00:00","breadcrumb":{"@id":"https:\/\/www.berger.ca\/es\/trabaje-con-nosotros\/perfil-gestion-y-administracion\/#breadcrumb"},"inLanguage":"es","potentialAction":[{"@type":"ReadAction","target":["https:\/\/www.berger.ca\/es\/trabaje-con-nosotros\/perfil-gestion-y-administracion\/"]}]},{"@type":"BreadcrumbList","@id":"https:\/\/www.berger.ca\/es\/trabaje-con-nosotros\/perfil-gestion-y-administracion\/#breadcrumb","itemListElement":[{"@type":"ListItem","position":1,"name":"Trabaje con nosotros","item":"https:\/\/www.berger.ca\/es\/trabaje-con-nosotros\/"},{"@type":"ListItem","position":2,"name":"Perfil Gesti\u00f3n y administraci\u00f3n"}]},{"@type":"WebSite","@id":"https:\/\/www.berger.ca\/es\/#website","url":"https:\/\/www.berger.ca\/es\/","name":"Berger - ES","description":"Un site utilisant Sites Berger","publisher":{"@id":"https:\/\/www.berger.ca\/es\/#organization"},"potentialAction":[{"@type":"SearchAction","target":{"@type":"EntryPoint","urlTemplate":"https:\/\/www.berger.ca\/es\/?s={search_term_string}"},"query-input":{"@type":"PropertyValueSpecification","valueRequired":true,"valueName":"search_term_string"}}],"inLanguage":"es"},{"@type":"Organization","@id":"https:\/\/www.berger.ca\/es\/#organization","name":"Berger","url":"https:\/\/www.berger.ca\/es\/","logo":{"@type":"ImageObject","inLanguage":"es","@id":"https:\/\/www.berger.ca\/es\/#\/schema\/logo\/image\/","url":"https:\/\/www.berger.ca\/es\/wp-content\/uploads\/sites\/3\/2016\/07\/berger_logo_coul_seul.png","contentUrl":"https:\/\/www.berger.ca\/es\/wp-content\/uploads\/sites\/3\/2016\/07\/berger_logo_coul_seul.png","width":1257,"height":1156,"caption":"Berger"},"image":{"@id":"https:\/\/www.berger.ca\/es\/#\/schema\/logo\/image\/"},"sameAs":["https:\/\/www.facebook.com\/berger.ca\/","https:\/\/x.com\/berger_ca","https:\/\/www.instagram.com\/bergermixes\/","https:\/\/www.linkedin.com\/company\/berger-peat-moss-ltd-\/","https:\/\/www.pinterest.com\/bergerpeatmoss\/","https:\/\/www.youtube.com\/user\/tourbieresberger"]}]}},"_links":{"self":[{"href":"https:\/\/www.berger.ca\/es\/wp-json\/wp\/v2\/pages\/4111","targetHints":{"allow":["GET"]}}],"collection":[{"href":"https:\/\/www.berger.ca\/es\/wp-json\/wp\/v2\/pages"}],"about":[{"href":"https:\/\/www.berger.ca\/es\/wp-json\/wp\/v2\/types\/page"}],"author":[{"embeddable":true,"href":"https:\/\/www.berger.ca\/es\/wp-json\/wp\/v2\/users\/3"}],"replies":[{"embeddable":true,"href":"https:\/\/www.berger.ca\/es\/wp-json\/wp\/v2\/comments?post=4111"}],"version-history":[{"count":9,"href":"https:\/\/www.berger.ca\/es\/wp-json\/wp\/v2\/pages\/4111\/revisions"}],"predecessor-version":[{"id":5697,"href":"https:\/\/www.berger.ca\/es\/wp-json\/wp\/v2\/pages\/4111\/revisions\/5697"}],"up":[{"embeddable":true,"href":"https:\/\/www.berger.ca\/es\/wp-json\/wp\/v2\/pages\/290"}],"wp:attachment":[{"href":"https:\/\/www.berger.ca\/es\/wp-json\/wp\/v2\/media?parent=4111"}],"curies":[{"name":"wp","href":"https:\/\/api.w.org\/{rel}","templated":true}]}}