{"id":4178,"date":"2020-02-10T08:04:46","date_gmt":"2020-02-10T13:04:46","guid":{"rendered":"https:\/\/www.berger.ca\/es\/?page_id=4178"},"modified":"2020-02-10T08:04:46","modified_gmt":"2020-02-10T13:04:46","slug":"guillermo-maldonado","status":"publish","type":"page","link":"https:\/\/www.berger.ca\/es\/recursos-para-los-productores\/asesor-en-cultivos\/guillermo-maldonado\/","title":{"rendered":"Guillermo Maldonado"},"content":{"rendered":"<h2>Nuestros expertos trabajan para ti<\/h2>\n<div class=\"wysiwyg-row\"><br \/>\n<div class=\"column-9\"><\/p>\n<h3><span style=\"color: #88ac2e\">Guillermo Maldonado<\/span><\/h3>\n<h4>asesor en cultivos<\/h4>\n<p>Guillermo Maldonado estudi\u00f3 en la Universidad de Carolina del Sur, Estados Unidos y m\u00e1s tarde se gradu\u00f3 en agrociencias en la Universidad Massey de Nueva Zelandia. Durante su trayectoria de 17 a\u00f1os, Guillermo ha trabajado en una gran cantidad de aspectos relacionados con la industria hort\u00edcola en ambos hemisferios, y ha explorado una amplia gama de productos y t\u00e9cnicas. Despu\u00e9s de haber trabajado en Colombia y Venezuela en el campo de la exportaci\u00f3n de flores, se traslad\u00f3 a Estados Unidos para ocupar el puesto de Productor en jefe en la empresa Len Busch Roses, en Minnesota. M\u00e1s tarde, fue nombrado Director de crecimiento e innovaci\u00f3n en Bloomia-Fresh Tulips USA. Con el transcurso de los a\u00f1os, Guillermo desarroll\u00f3 sus conocimientos y realiz\u00f3 investigaciones relacionadas con distintos productos y sistemas de crecimiento. Es experto en endurecimiento de plantas para propagaci\u00f3n por tejido vegetal, mezclas para cultivos (especialmente para plantas bulbosas), procesos de enraizamiento, forzamiento de producci\u00f3n fuera de temporada, y cultivos hidrop\u00f3nicos en entornos comerciales.<\/p>\n<p><strong>En dicho rol, Guillermo ayudar\u00e1 a los productores a optimizar sus mezclas para cultivo por medio de asistencia t\u00e9cnica, tanto en lo que se refiere a la gesti\u00f3n de cosechas de plantas ornamentales como al desarrollo de herramientas para la soluci\u00f3n de problemas en la industria.<\/strong><br \/>\n<\/div><\/p>\n<p><div class=\"column-3\"><br \/>\n<img loading=\"lazy\" decoding=\"async\" class=\"alignnone size-full wp-image-2923\" src=\"https:\/\/www.berger.ca\/es\/wp-content\/uploads\/sites\/3\/2018\/08\/guillermo.png\" alt=\"Guillermo Maldonado\" width=\"288\" height=\"288\" srcset=\"https:\/\/www.berger.ca\/es\/wp-content\/uploads\/sites\/3\/2018\/08\/guillermo.png 288w, https:\/\/www.berger.ca\/es\/wp-content\/uploads\/sites\/3\/2018\/08\/guillermo-150x150.png 150w\" sizes=\"auto, (max-width: 288px) 100vw, 288px\" \/><\/p>\n<p><span style=\"color: #eeefe8\">&#8211;<\/span><\/p>\n<p><a class=\"button\" href=\"https:\/\/www.berger.ca\/es\/recursos-para-los-productores\/asesor-en-cultivos\/\">VER LOS otros EXPERTOS<\/a><\/p>\n<p><\/div><\/p>\n<p><\/div>\n","protected":false},"excerpt":{"rendered":"<p>Nuestros expertos trabajan para ti<\/p>\n","protected":false},"author":3,"featured_media":0,"parent":1333,"menu_order":0,"comment_status":"closed","ping_status":"closed","template":"","meta":{"_acf_changed":false,"footnotes":""},"class_list":["post-4178","page","type-page","status-publish","hentry"],"acf":[],"yoast_head":"<!-- This site is optimized with the Yoast SEO plugin v27.4 - https:\/\/yoast.com\/product\/yoast-seo-wordpress\/ -->\n<title>Guillermo Maldonado - Berger - ES<\/title>\n<meta name=\"robots\" content=\"index, follow, max-snippet:-1, max-image-preview:large, max-video-preview:-1\" \/>\n<link rel=\"canonical\" href=\"https:\/\/www.berger.ca\/es\/recursos-para-los-productores\/asesor-en-cultivos\/guillermo-maldonado\/\" \/>\n<meta property=\"og:locale\" content=\"es_ES\" \/>\n<meta property=\"og:type\" content=\"article\" \/>\n<meta property=\"og:title\" content=\"Guillermo Maldonado - Berger - ES\" \/>\n<meta property=\"og:description\" content=\"Nuestros expertos trabajan para ti\" \/>\n<meta property=\"og:url\" content=\"https:\/\/www.berger.ca\/es\/recursos-para-los-productores\/asesor-en-cultivos\/guillermo-maldonado\/\" \/>\n<meta property=\"og:site_name\" content=\"Berger - ES\" \/>\n<meta property=\"article:publisher\" content=\"https:\/\/www.facebook.com\/berger.ca\/\" \/>\n<meta property=\"og:image\" content=\"https:\/\/www.berger.ca\/es\/wp-content\/uploads\/sites\/3\/2018\/08\/guillermo.png\" \/>\n<meta name=\"twitter:card\" content=\"summary_large_image\" \/>\n<meta name=\"twitter:site\" content=\"@berger_ca\" \/>\n<meta name=\"twitter:label1\" content=\"Tiempo de lectura\" \/>\n\t<meta name=\"twitter:data1\" content=\"1 minuto\" \/>\n<script type=\"application\/ld+json\" class=\"yoast-schema-graph\">{\"@context\":\"https:\\\/\\\/schema.org\",\"@graph\":[{\"@type\":\"WebPage\",\"@id\":\"https:\\\/\\\/www.berger.ca\\\/es\\\/recursos-para-los-productores\\\/asesor-en-cultivos\\\/guillermo-maldonado\\\/\",\"url\":\"https:\\\/\\\/www.berger.ca\\\/es\\\/recursos-para-los-productores\\\/asesor-en-cultivos\\\/guillermo-maldonado\\\/\",\"name\":\"Guillermo Maldonado - Berger - ES\",\"isPartOf\":{\"@id\":\"https:\\\/\\\/www.berger.ca\\\/es\\\/#website\"},\"primaryImageOfPage\":{\"@id\":\"https:\\\/\\\/www.berger.ca\\\/es\\\/recursos-para-los-productores\\\/asesor-en-cultivos\\\/guillermo-maldonado\\\/#primaryimage\"},\"image\":{\"@id\":\"https:\\\/\\\/www.berger.ca\\\/es\\\/recursos-para-los-productores\\\/asesor-en-cultivos\\\/guillermo-maldonado\\\/#primaryimage\"},\"thumbnailUrl\":\"https:\\\/\\\/www.berger.ca\\\/es\\\/wp-content\\\/uploads\\\/sites\\\/3\\\/2018\\\/08\\\/guillermo.png\",\"datePublished\":\"2020-02-10T13:04:46+00:00\",\"breadcrumb\":{\"@id\":\"https:\\\/\\\/www.berger.ca\\\/es\\\/recursos-para-los-productores\\\/asesor-en-cultivos\\\/guillermo-maldonado\\\/#breadcrumb\"},\"inLanguage\":\"es\",\"potentialAction\":[{\"@type\":\"ReadAction\",\"target\":[\"https:\\\/\\\/www.berger.ca\\\/es\\\/recursos-para-los-productores\\\/asesor-en-cultivos\\\/guillermo-maldonado\\\/\"]}]},{\"@type\":\"ImageObject\",\"inLanguage\":\"es\",\"@id\":\"https:\\\/\\\/www.berger.ca\\\/es\\\/recursos-para-los-productores\\\/asesor-en-cultivos\\\/guillermo-maldonado\\\/#primaryimage\",\"url\":\"https:\\\/\\\/www.berger.ca\\\/es\\\/wp-content\\\/uploads\\\/sites\\\/3\\\/2018\\\/08\\\/guillermo.png\",\"contentUrl\":\"https:\\\/\\\/www.berger.ca\\\/es\\\/wp-content\\\/uploads\\\/sites\\\/3\\\/2018\\\/08\\\/guillermo.png\",\"width\":288,\"height\":288,\"caption\":\"Guillermo Maldonado\"},{\"@type\":\"BreadcrumbList\",\"@id\":\"https:\\\/\\\/www.berger.ca\\\/es\\\/recursos-para-los-productores\\\/asesor-en-cultivos\\\/guillermo-maldonado\\\/#breadcrumb\",\"itemListElement\":[{\"@type\":\"ListItem\",\"position\":1,\"name\":\"Recursos para los productores\",\"item\":\"https:\\\/\\\/www.berger.ca\\\/es\\\/recursos-para-los-productores\\\/\"},{\"@type\":\"ListItem\",\"position\":2,\"name\":\"Asesor en cultivos\",\"item\":\"https:\\\/\\\/www.berger.ca\\\/es\\\/recursos-para-los-productores\\\/asesor-en-cultivos\\\/\"},{\"@type\":\"ListItem\",\"position\":3,\"name\":\"Guillermo Maldonado\"}]},{\"@type\":\"WebSite\",\"@id\":\"https:\\\/\\\/www.berger.ca\\\/es\\\/#website\",\"url\":\"https:\\\/\\\/www.berger.ca\\\/es\\\/\",\"name\":\"Berger - ES\",\"description\":\"Un site utilisant Sites Berger\",\"publisher\":{\"@id\":\"https:\\\/\\\/www.berger.ca\\\/es\\\/#organization\"},\"potentialAction\":[{\"@type\":\"SearchAction\",\"target\":{\"@type\":\"EntryPoint\",\"urlTemplate\":\"https:\\\/\\\/www.berger.ca\\\/es\\\/?s={search_term_string}\"},\"query-input\":{\"@type\":\"PropertyValueSpecification\",\"valueRequired\":true,\"valueName\":\"search_term_string\"}}],\"inLanguage\":\"es\"},{\"@type\":\"Organization\",\"@id\":\"https:\\\/\\\/www.berger.ca\\\/es\\\/#organization\",\"name\":\"Berger\",\"url\":\"https:\\\/\\\/www.berger.ca\\\/es\\\/\",\"logo\":{\"@type\":\"ImageObject\",\"inLanguage\":\"es\",\"@id\":\"https:\\\/\\\/www.berger.ca\\\/es\\\/#\\\/schema\\\/logo\\\/image\\\/\",\"url\":\"https:\\\/\\\/www.berger.ca\\\/es\\\/wp-content\\\/uploads\\\/sites\\\/3\\\/2016\\\/07\\\/berger_logo_coul_seul.png\",\"contentUrl\":\"https:\\\/\\\/www.berger.ca\\\/es\\\/wp-content\\\/uploads\\\/sites\\\/3\\\/2016\\\/07\\\/berger_logo_coul_seul.png\",\"width\":1257,\"height\":1156,\"caption\":\"Berger\"},\"image\":{\"@id\":\"https:\\\/\\\/www.berger.ca\\\/es\\\/#\\\/schema\\\/logo\\\/image\\\/\"},\"sameAs\":[\"https:\\\/\\\/www.facebook.com\\\/berger.ca\\\/\",\"https:\\\/\\\/x.com\\\/berger_ca\",\"https:\\\/\\\/www.instagram.com\\\/bergermixes\\\/\",\"https:\\\/\\\/www.linkedin.com\\\/company\\\/berger-peat-moss-ltd-\\\/\",\"https:\\\/\\\/www.pinterest.com\\\/bergerpeatmoss\\\/\",\"https:\\\/\\\/www.youtube.com\\\/user\\\/tourbieresberger\"]}]}<\/script>\n<!-- \/ Yoast SEO plugin. -->","yoast_head_json":{"title":"Guillermo Maldonado - Berger - ES","robots":{"index":"index","follow":"follow","max-snippet":"max-snippet:-1","max-image-preview":"max-image-preview:large","max-video-preview":"max-video-preview:-1"},"canonical":"https:\/\/www.berger.ca\/es\/recursos-para-los-productores\/asesor-en-cultivos\/guillermo-maldonado\/","og_locale":"es_ES","og_type":"article","og_title":"Guillermo Maldonado - Berger - ES","og_description":"Nuestros expertos trabajan para ti","og_url":"https:\/\/www.berger.ca\/es\/recursos-para-los-productores\/asesor-en-cultivos\/guillermo-maldonado\/","og_site_name":"Berger - ES","article_publisher":"https:\/\/www.facebook.com\/berger.ca\/","og_image":[{"url":"https:\/\/www.berger.ca\/es\/wp-content\/uploads\/sites\/3\/2018\/08\/guillermo.png","type":"","width":"","height":""}],"twitter_card":"summary_large_image","twitter_site":"@berger_ca","twitter_misc":{"Tiempo de lectura":"1 minuto"},"schema":{"@context":"https:\/\/schema.org","@graph":[{"@type":"WebPage","@id":"https:\/\/www.berger.ca\/es\/recursos-para-los-productores\/asesor-en-cultivos\/guillermo-maldonado\/","url":"https:\/\/www.berger.ca\/es\/recursos-para-los-productores\/asesor-en-cultivos\/guillermo-maldonado\/","name":"Guillermo Maldonado - Berger - ES","isPartOf":{"@id":"https:\/\/www.berger.ca\/es\/#website"},"primaryImageOfPage":{"@id":"https:\/\/www.berger.ca\/es\/recursos-para-los-productores\/asesor-en-cultivos\/guillermo-maldonado\/#primaryimage"},"image":{"@id":"https:\/\/www.berger.ca\/es\/recursos-para-los-productores\/asesor-en-cultivos\/guillermo-maldonado\/#primaryimage"},"thumbnailUrl":"https:\/\/www.berger.ca\/es\/wp-content\/uploads\/sites\/3\/2018\/08\/guillermo.png","datePublished":"2020-02-10T13:04:46+00:00","breadcrumb":{"@id":"https:\/\/www.berger.ca\/es\/recursos-para-los-productores\/asesor-en-cultivos\/guillermo-maldonado\/#breadcrumb"},"inLanguage":"es","potentialAction":[{"@type":"ReadAction","target":["https:\/\/www.berger.ca\/es\/recursos-para-los-productores\/asesor-en-cultivos\/guillermo-maldonado\/"]}]},{"@type":"ImageObject","inLanguage":"es","@id":"https:\/\/www.berger.ca\/es\/recursos-para-los-productores\/asesor-en-cultivos\/guillermo-maldonado\/#primaryimage","url":"https:\/\/www.berger.ca\/es\/wp-content\/uploads\/sites\/3\/2018\/08\/guillermo.png","contentUrl":"https:\/\/www.berger.ca\/es\/wp-content\/uploads\/sites\/3\/2018\/08\/guillermo.png","width":288,"height":288,"caption":"Guillermo Maldonado"},{"@type":"BreadcrumbList","@id":"https:\/\/www.berger.ca\/es\/recursos-para-los-productores\/asesor-en-cultivos\/guillermo-maldonado\/#breadcrumb","itemListElement":[{"@type":"ListItem","position":1,"name":"Recursos para los productores","item":"https:\/\/www.berger.ca\/es\/recursos-para-los-productores\/"},{"@type":"ListItem","position":2,"name":"Asesor en cultivos","item":"https:\/\/www.berger.ca\/es\/recursos-para-los-productores\/asesor-en-cultivos\/"},{"@type":"ListItem","position":3,"name":"Guillermo Maldonado"}]},{"@type":"WebSite","@id":"https:\/\/www.berger.ca\/es\/#website","url":"https:\/\/www.berger.ca\/es\/","name":"Berger - ES","description":"Un site utilisant Sites Berger","publisher":{"@id":"https:\/\/www.berger.ca\/es\/#organization"},"potentialAction":[{"@type":"SearchAction","target":{"@type":"EntryPoint","urlTemplate":"https:\/\/www.berger.ca\/es\/?s={search_term_string}"},"query-input":{"@type":"PropertyValueSpecification","valueRequired":true,"valueName":"search_term_string"}}],"inLanguage":"es"},{"@type":"Organization","@id":"https:\/\/www.berger.ca\/es\/#organization","name":"Berger","url":"https:\/\/www.berger.ca\/es\/","logo":{"@type":"ImageObject","inLanguage":"es","@id":"https:\/\/www.berger.ca\/es\/#\/schema\/logo\/image\/","url":"https:\/\/www.berger.ca\/es\/wp-content\/uploads\/sites\/3\/2016\/07\/berger_logo_coul_seul.png","contentUrl":"https:\/\/www.berger.ca\/es\/wp-content\/uploads\/sites\/3\/2016\/07\/berger_logo_coul_seul.png","width":1257,"height":1156,"caption":"Berger"},"image":{"@id":"https:\/\/www.berger.ca\/es\/#\/schema\/logo\/image\/"},"sameAs":["https:\/\/www.facebook.com\/berger.ca\/","https:\/\/x.com\/berger_ca","https:\/\/www.instagram.com\/bergermixes\/","https:\/\/www.linkedin.com\/company\/berger-peat-moss-ltd-\/","https:\/\/www.pinterest.com\/bergerpeatmoss\/","https:\/\/www.youtube.com\/user\/tourbieresberger"]}]}},"_links":{"self":[{"href":"https:\/\/www.berger.ca\/es\/wp-json\/wp\/v2\/pages\/4178","targetHints":{"allow":["GET"]}}],"collection":[{"href":"https:\/\/www.berger.ca\/es\/wp-json\/wp\/v2\/pages"}],"about":[{"href":"https:\/\/www.berger.ca\/es\/wp-json\/wp\/v2\/types\/page"}],"author":[{"embeddable":true,"href":"https:\/\/www.berger.ca\/es\/wp-json\/wp\/v2\/users\/3"}],"replies":[{"embeddable":true,"href":"https:\/\/www.berger.ca\/es\/wp-json\/wp\/v2\/comments?post=4178"}],"version-history":[{"count":11,"href":"https:\/\/www.berger.ca\/es\/wp-json\/wp\/v2\/pages\/4178\/revisions"}],"predecessor-version":[{"id":4189,"href":"https:\/\/www.berger.ca\/es\/wp-json\/wp\/v2\/pages\/4178\/revisions\/4189"}],"up":[{"embeddable":true,"href":"https:\/\/www.berger.ca\/es\/wp-json\/wp\/v2\/pages\/1333"}],"wp:attachment":[{"href":"https:\/\/www.berger.ca\/es\/wp-json\/wp\/v2\/media?parent=4178"}],"curies":[{"name":"wp","href":"https:\/\/api.w.org\/{rel}","templated":true}]}}