{"id":449,"date":"2016-05-29T20:23:30","date_gmt":"2016-05-29T19:23:30","guid":{"rendered":"https:\/\/www.berger.ca\/es\/?page_id=449"},"modified":"2022-04-26T06:57:21","modified_gmt":"2022-04-26T11:57:21","slug":"rmk-la-huerta","status":"publish","type":"page","link":"https:\/\/www.berger.ca\/es\/recursos-para-los-productores\/testimonios\/rmk-la-huerta\/","title":{"rendered":"RMK \/ La Huerta"},"content":{"rendered":"<h2>Descubre como Berger contribuye al \u00e9xito de Rancho Medio Kilo<\/h2>\n<a class=\"fancybox-media video wysiwyg-vid\" href=\"https:\/\/vimeo.com\/146306206\"><div class=\"single-tile\" style=\"background-image: url(https:\/\/www.berger.ca\/es\/wp-content\/uploads\/sites\/3\/2016\/05\/video_rmk.jpg)\"><div class=\"overlay\"><\/div><div class=\"vert-center\"><div class=\"sm-title green icon-berger-video-icon\">V\u00eddeo<\/div><div class=\"md-title\"><\/div><\/div><\/div><\/a>\n<p><div class=\"wysiwyg-quotes\"><span style=\"color: #ffffff;font-size: 17pt\">\u00abNuestros productos son de calidad y tenemos que desde el inicio tener la misma calidad.\u00bb<\/span><\/div><br \/>\n<div class=\"wysiwyg-row\"><br \/>\n<div class=\"column-6\"><\/p>\n<p>Rancho Medio Kilo es una <strong>empresa familiar mexicana<\/strong> ubicada en San Francisco de los Romo, Aguascalientes. La compa\u00f1\u00eda de casi 2000 empleados <strong>produce pl\u00e1ntulas<\/strong> que manda a diferentes estados de M\u00e9xico. Sus pl\u00e1ntulas incluyen el <strong>br\u00f3coli, la coliflor, el tomate, el chile, la calabaza<\/strong>, etc. Adem\u00e1s, vende verduras congeladas y otros productos a diversos pa\u00edses como M\u00e9xico, Canad\u00e1, Estados Unidos y Jap\u00f3n bajo la marca La Huerta y varias otras marcas. La empresa es reconocida por su<strong> responsabilidad social y su desarrollo sustentable.<\/strong><\/p>\n<p>Rancho Medio Kilo empez\u00f3 a utilizar los <strong>productos de Berger en 1999<\/strong> por su precio, su disponibilidad y su calidad. \u201cNuestros productos son de calidad y tenemos que desde el inicio tener la misma calidad\u201d comenta Connie M\u00e1rquez Candelas de la Direcci\u00f3n de Adquisiciones Agr\u00edcolas. Adem\u00e1s, Rancho Medio Kilo (RMK) est\u00e1 <strong>satisfecho con Berger relativamente a la uniformidad del producto<\/strong>, las entregas a tiempo y los an\u00e1lisis en los laboratorios de Berger. Los problemas con las entregas que teni\u00e1n antes de trabajar con Berger son cosas del pasado. Efr\u00e9n Robles Montellano, el Jefe de Producci\u00f3n en Viveros, est\u00e1 satisfecho con la <strong>uniformidad de los productos<\/strong> de Berger y como esto facilita el proceso de producci\u00f3n: \u201cLa fertilizaci\u00f3n, la podemos hacer uniforme para todas las plantas\u201d.<\/p>\n<p><\/div><\/p>\n<div class=\"column-6\">\n<p>A trav\u00e9s de los a\u00f1os, Rancho Medio Kilo ha aprendido que puede confiar en su representante de ventas si se enfrenta con problemas porque los representantes de ventas de Berger est\u00e1n respaldados por un<strong> equipo de expertos.<\/strong> El gerente de ventas de Am\u00e9rica Latina reconoce los est\u00e1ndares y los procedimientos de alta calidad de RMK y est\u00e1 comprometido con su \u00e9xito. La gran familia Berger desea mantener esta excelente asociaci\u00f3n en los a\u00f1os por venir.<\/p>\n<p><\/div><br \/>\n<\/div><\/p>\n<p><a class=\"button\" href=\"https:\/\/www.berger.ca\/es\/utilisation\/germinacion\/\" target=\"_blank\" rel=\"noopener noreferrer\">CONOZCA TODAS LAS MEZCLAS DE GERMINATI\u00d3N<\/a><\/p>\n<p><br style=\"clear: both\" \/><a class=\"link\" href=\"https:\/\/www.berger.ca\/es\/recursos-para-los-productores\/testimonios\/\">REGRESAR A LA P\u00c1GINAL DE TESTIMONIOS<\/a><\/p>\n","protected":false},"excerpt":{"rendered":"<p>Descubre como Berger contribuye al \u00e9xito de Rancho Medio Kilo CONOZCA TODAS LAS MEZCLAS DE GERMINATI\u00d3N REGRESAR A LA P\u00c1GINAL DE TESTIMONIOS<\/p>\n","protected":false},"author":2,"featured_media":0,"parent":275,"menu_order":0,"comment_status":"closed","ping_status":"closed","template":"template-wysiwyg.php","meta":{"_acf_changed":false,"footnotes":""},"class_list":["post-449","page","type-page","status-publish","hentry"],"acf":[],"yoast_head":"<!-- This site is optimized with the Yoast SEO plugin v27.3 - https:\/\/yoast.com\/product\/yoast-seo-wordpress\/ -->\n<title>RMK \/ La Huerta - Berger - ES<\/title>\n<meta name=\"description\" content=\"Rancho Medio Kilo es una empresa familiar mexicana. Sus pl\u00e1ntulas incluyen el br\u00f3coli, la coliflor, el tomate, el chile, la calabaza, etc.\" \/>\n<meta name=\"robots\" content=\"index, follow, max-snippet:-1, max-image-preview:large, max-video-preview:-1\" \/>\n<link rel=\"canonical\" href=\"https:\/\/www.berger.ca\/es\/recursos-para-los-productores\/testimonios\/rmk-la-huerta\/\" \/>\n<meta property=\"og:locale\" content=\"es_ES\" \/>\n<meta property=\"og:type\" content=\"article\" \/>\n<meta property=\"og:title\" content=\"RMK \/ La Huerta - Berger - ES\" \/>\n<meta property=\"og:description\" content=\"Rancho Medio Kilo es una empresa familiar mexicana. Sus pl\u00e1ntulas incluyen el br\u00f3coli, la coliflor, el tomate, el chile, la calabaza, etc.\" \/>\n<meta property=\"og:url\" content=\"https:\/\/www.berger.ca\/es\/recursos-para-los-productores\/testimonios\/rmk-la-huerta\/\" \/>\n<meta property=\"og:site_name\" content=\"Berger - ES\" \/>\n<meta property=\"article:publisher\" content=\"https:\/\/www.facebook.com\/berger.ca\/\" \/>\n<meta property=\"article:modified_time\" content=\"2022-04-26T11:57:21+00:00\" \/>\n<meta name=\"twitter:card\" content=\"summary_large_image\" \/>\n<meta name=\"twitter:site\" content=\"@berger_ca\" \/>\n<meta name=\"twitter:label1\" content=\"Tiempo de lectura\" \/>\n\t<meta name=\"twitter:data1\" content=\"2 minutos\" \/>\n<script type=\"application\/ld+json\" class=\"yoast-schema-graph\">{\"@context\":\"https:\\\/\\\/schema.org\",\"@graph\":[{\"@type\":\"WebPage\",\"@id\":\"https:\\\/\\\/www.berger.ca\\\/es\\\/recursos-para-los-productores\\\/testimonios\\\/rmk-la-huerta\\\/\",\"url\":\"https:\\\/\\\/www.berger.ca\\\/es\\\/recursos-para-los-productores\\\/testimonios\\\/rmk-la-huerta\\\/\",\"name\":\"RMK \\\/ La Huerta - Berger - ES\",\"isPartOf\":{\"@id\":\"https:\\\/\\\/www.berger.ca\\\/es\\\/#website\"},\"datePublished\":\"2016-05-29T19:23:30+00:00\",\"dateModified\":\"2022-04-26T11:57:21+00:00\",\"description\":\"Rancho Medio Kilo es una empresa familiar mexicana. Sus pl\u00e1ntulas incluyen el br\u00f3coli, la coliflor, el tomate, el chile, la calabaza, etc.\",\"breadcrumb\":{\"@id\":\"https:\\\/\\\/www.berger.ca\\\/es\\\/recursos-para-los-productores\\\/testimonios\\\/rmk-la-huerta\\\/#breadcrumb\"},\"inLanguage\":\"es\",\"potentialAction\":[{\"@type\":\"ReadAction\",\"target\":[\"https:\\\/\\\/www.berger.ca\\\/es\\\/recursos-para-los-productores\\\/testimonios\\\/rmk-la-huerta\\\/\"]}]},{\"@type\":\"BreadcrumbList\",\"@id\":\"https:\\\/\\\/www.berger.ca\\\/es\\\/recursos-para-los-productores\\\/testimonios\\\/rmk-la-huerta\\\/#breadcrumb\",\"itemListElement\":[{\"@type\":\"ListItem\",\"position\":1,\"name\":\"Recursos para los productores\",\"item\":\"https:\\\/\\\/www.berger.ca\\\/es\\\/recursos-para-los-productores\\\/\"},{\"@type\":\"ListItem\",\"position\":2,\"name\":\"Testimonios\",\"item\":\"https:\\\/\\\/www.berger.ca\\\/es\\\/recursos-para-los-productores\\\/testimonios\\\/\"},{\"@type\":\"ListItem\",\"position\":3,\"name\":\"RMK \\\/ La Huerta\"}]},{\"@type\":\"WebSite\",\"@id\":\"https:\\\/\\\/www.berger.ca\\\/es\\\/#website\",\"url\":\"https:\\\/\\\/www.berger.ca\\\/es\\\/\",\"name\":\"Berger - ES\",\"description\":\"Un site utilisant Sites Berger\",\"publisher\":{\"@id\":\"https:\\\/\\\/www.berger.ca\\\/es\\\/#organization\"},\"potentialAction\":[{\"@type\":\"SearchAction\",\"target\":{\"@type\":\"EntryPoint\",\"urlTemplate\":\"https:\\\/\\\/www.berger.ca\\\/es\\\/?s={search_term_string}\"},\"query-input\":{\"@type\":\"PropertyValueSpecification\",\"valueRequired\":true,\"valueName\":\"search_term_string\"}}],\"inLanguage\":\"es\"},{\"@type\":\"Organization\",\"@id\":\"https:\\\/\\\/www.berger.ca\\\/es\\\/#organization\",\"name\":\"Berger\",\"url\":\"https:\\\/\\\/www.berger.ca\\\/es\\\/\",\"logo\":{\"@type\":\"ImageObject\",\"inLanguage\":\"es\",\"@id\":\"https:\\\/\\\/www.berger.ca\\\/es\\\/#\\\/schema\\\/logo\\\/image\\\/\",\"url\":\"https:\\\/\\\/www.berger.ca\\\/es\\\/wp-content\\\/uploads\\\/sites\\\/3\\\/2016\\\/07\\\/berger_logo_coul_seul.png\",\"contentUrl\":\"https:\\\/\\\/www.berger.ca\\\/es\\\/wp-content\\\/uploads\\\/sites\\\/3\\\/2016\\\/07\\\/berger_logo_coul_seul.png\",\"width\":1257,\"height\":1156,\"caption\":\"Berger\"},\"image\":{\"@id\":\"https:\\\/\\\/www.berger.ca\\\/es\\\/#\\\/schema\\\/logo\\\/image\\\/\"},\"sameAs\":[\"https:\\\/\\\/www.facebook.com\\\/berger.ca\\\/\",\"https:\\\/\\\/x.com\\\/berger_ca\",\"https:\\\/\\\/www.instagram.com\\\/bergermixes\\\/\",\"https:\\\/\\\/www.linkedin.com\\\/company\\\/berger-peat-moss-ltd-\\\/\",\"https:\\\/\\\/www.pinterest.com\\\/bergerpeatmoss\\\/\",\"https:\\\/\\\/www.youtube.com\\\/user\\\/tourbieresberger\"]}]}<\/script>\n<!-- \/ Yoast SEO plugin. -->","yoast_head_json":{"title":"RMK \/ La Huerta - Berger - ES","description":"Rancho Medio Kilo es una empresa familiar mexicana. Sus pl\u00e1ntulas incluyen el br\u00f3coli, la coliflor, el tomate, el chile, la calabaza, etc.","robots":{"index":"index","follow":"follow","max-snippet":"max-snippet:-1","max-image-preview":"max-image-preview:large","max-video-preview":"max-video-preview:-1"},"canonical":"https:\/\/www.berger.ca\/es\/recursos-para-los-productores\/testimonios\/rmk-la-huerta\/","og_locale":"es_ES","og_type":"article","og_title":"RMK \/ La Huerta - Berger - ES","og_description":"Rancho Medio Kilo es una empresa familiar mexicana. Sus pl\u00e1ntulas incluyen el br\u00f3coli, la coliflor, el tomate, el chile, la calabaza, etc.","og_url":"https:\/\/www.berger.ca\/es\/recursos-para-los-productores\/testimonios\/rmk-la-huerta\/","og_site_name":"Berger - ES","article_publisher":"https:\/\/www.facebook.com\/berger.ca\/","article_modified_time":"2022-04-26T11:57:21+00:00","twitter_card":"summary_large_image","twitter_site":"@berger_ca","twitter_misc":{"Tiempo de lectura":"2 minutos"},"schema":{"@context":"https:\/\/schema.org","@graph":[{"@type":"WebPage","@id":"https:\/\/www.berger.ca\/es\/recursos-para-los-productores\/testimonios\/rmk-la-huerta\/","url":"https:\/\/www.berger.ca\/es\/recursos-para-los-productores\/testimonios\/rmk-la-huerta\/","name":"RMK \/ La Huerta - Berger - ES","isPartOf":{"@id":"https:\/\/www.berger.ca\/es\/#website"},"datePublished":"2016-05-29T19:23:30+00:00","dateModified":"2022-04-26T11:57:21+00:00","description":"Rancho Medio Kilo es una empresa familiar mexicana. Sus pl\u00e1ntulas incluyen el br\u00f3coli, la coliflor, el tomate, el chile, la calabaza, etc.","breadcrumb":{"@id":"https:\/\/www.berger.ca\/es\/recursos-para-los-productores\/testimonios\/rmk-la-huerta\/#breadcrumb"},"inLanguage":"es","potentialAction":[{"@type":"ReadAction","target":["https:\/\/www.berger.ca\/es\/recursos-para-los-productores\/testimonios\/rmk-la-huerta\/"]}]},{"@type":"BreadcrumbList","@id":"https:\/\/www.berger.ca\/es\/recursos-para-los-productores\/testimonios\/rmk-la-huerta\/#breadcrumb","itemListElement":[{"@type":"ListItem","position":1,"name":"Recursos para los productores","item":"https:\/\/www.berger.ca\/es\/recursos-para-los-productores\/"},{"@type":"ListItem","position":2,"name":"Testimonios","item":"https:\/\/www.berger.ca\/es\/recursos-para-los-productores\/testimonios\/"},{"@type":"ListItem","position":3,"name":"RMK \/ La Huerta"}]},{"@type":"WebSite","@id":"https:\/\/www.berger.ca\/es\/#website","url":"https:\/\/www.berger.ca\/es\/","name":"Berger - ES","description":"Un site utilisant Sites Berger","publisher":{"@id":"https:\/\/www.berger.ca\/es\/#organization"},"potentialAction":[{"@type":"SearchAction","target":{"@type":"EntryPoint","urlTemplate":"https:\/\/www.berger.ca\/es\/?s={search_term_string}"},"query-input":{"@type":"PropertyValueSpecification","valueRequired":true,"valueName":"search_term_string"}}],"inLanguage":"es"},{"@type":"Organization","@id":"https:\/\/www.berger.ca\/es\/#organization","name":"Berger","url":"https:\/\/www.berger.ca\/es\/","logo":{"@type":"ImageObject","inLanguage":"es","@id":"https:\/\/www.berger.ca\/es\/#\/schema\/logo\/image\/","url":"https:\/\/www.berger.ca\/es\/wp-content\/uploads\/sites\/3\/2016\/07\/berger_logo_coul_seul.png","contentUrl":"https:\/\/www.berger.ca\/es\/wp-content\/uploads\/sites\/3\/2016\/07\/berger_logo_coul_seul.png","width":1257,"height":1156,"caption":"Berger"},"image":{"@id":"https:\/\/www.berger.ca\/es\/#\/schema\/logo\/image\/"},"sameAs":["https:\/\/www.facebook.com\/berger.ca\/","https:\/\/x.com\/berger_ca","https:\/\/www.instagram.com\/bergermixes\/","https:\/\/www.linkedin.com\/company\/berger-peat-moss-ltd-\/","https:\/\/www.pinterest.com\/bergerpeatmoss\/","https:\/\/www.youtube.com\/user\/tourbieresberger"]}]}},"_links":{"self":[{"href":"https:\/\/www.berger.ca\/es\/wp-json\/wp\/v2\/pages\/449","targetHints":{"allow":["GET"]}}],"collection":[{"href":"https:\/\/www.berger.ca\/es\/wp-json\/wp\/v2\/pages"}],"about":[{"href":"https:\/\/www.berger.ca\/es\/wp-json\/wp\/v2\/types\/page"}],"author":[{"embeddable":true,"href":"https:\/\/www.berger.ca\/es\/wp-json\/wp\/v2\/users\/2"}],"replies":[{"embeddable":true,"href":"https:\/\/www.berger.ca\/es\/wp-json\/wp\/v2\/comments?post=449"}],"version-history":[{"count":19,"href":"https:\/\/www.berger.ca\/es\/wp-json\/wp\/v2\/pages\/449\/revisions"}],"predecessor-version":[{"id":4559,"href":"https:\/\/www.berger.ca\/es\/wp-json\/wp\/v2\/pages\/449\/revisions\/4559"}],"up":[{"embeddable":true,"href":"https:\/\/www.berger.ca\/es\/wp-json\/wp\/v2\/pages\/275"}],"wp:attachment":[{"href":"https:\/\/www.berger.ca\/es\/wp-json\/wp\/v2\/media?parent=449"}],"curies":[{"name":"wp","href":"https:\/\/api.w.org\/{rel}","templated":true}]}}