{"id":457,"date":"2016-05-29T20:41:22","date_gmt":"2016-05-29T19:41:22","guid":{"rendered":"https:\/\/www.berger.ca\/es\/?page_id=457"},"modified":"2024-10-25T08:31:01","modified_gmt":"2024-10-25T13:31:01","slug":"nash-greenhouses","status":"publish","type":"page","link":"https:\/\/www.berger.ca\/es\/recursos-para-los-productores\/testimonios\/nash-greenhouses\/","title":{"rendered":"Nash Greenhouses"},"content":{"rendered":"<h2>Descubra c\u00f3mo las mezclas de Vea c\u00f3mo Nash tiene un enraizamiento m\u00e1s r\u00e1pido!<\/h2>\n<a class=\"fancybox-media video wysiwyg-vid\" href=\"https:\/\/vimeo.com\/183722051\"><div class=\"single-tile\" style=\"background-image: url(https:\/\/www.berger.ca\/es\/wp-content\/uploads\/sites\/3\/2016\/05\/video_nash.jpg)\"><div class=\"overlay\"><\/div><div class=\"vert-center\"><div class=\"sm-title green icon-berger-video-icon\">V\u00eddeo<\/div><div class=\"md-title\"><\/div><\/div><\/div><\/a>\n<p><div class=\"wysiwyg-quotes\"><span style=\"color: #ffffff;font-size: 17pt\">\u00abLos productos de la seria NF de Berger ofrecen una gran uniformidad y nos permiten controlar mejor el proceso de producci\u00f3n.\u00bb<\/span><\/div><br \/>\n<div class=\"wysiwyg-row\"><br \/>\n<div class=\"column-6\"><\/p>\n<p>Nash Greenhouses, ubicada en Kalamazoo, Michigan, es implementada dentro de la industria hort\u00edcola desde 2003. Entre otras cosas, la compa\u00f1\u00eda se especializa en <strong>plantas anuales en macetas, verduras, hierbas, y petunias<\/strong> \u00abwave\u00bb, el producto estrella. Inicialmente, Nash Greenhouses operaba un invernadero de siete acres de superficie, pero la compa\u00f1\u00eda ha desarrollado de manera significativa en los \u00faltimos a\u00f1os. Hoy en d\u00eda, Howard Nash y su hijo Mark tienen <strong>28 acres de invernaderos<\/strong> y sirven una diversidad de clientes, incluyendo muchos centros de jardines independientes. La compa\u00f1\u00eda figura en la lista <strong>Greenhouse Grower\u2019s Annual Top 100<\/strong> desde hace varios a\u00f1os.<\/p>\n<p>En Nash Greenhouses, la calidad de los insumos elegidos para producir cultivos es crucial para proporcionar <strong>productos de alta calidad<\/strong> y cumplir con las normas de la empresa. Por lo tanto Nash Grenhouses usa ahora mezclas para cultivos de la serie NF de Berger. \u00abLos productos de la seria NF de Berger <strong>ofrecen una gran uniformidad<\/strong> y nos permiten controlar mejor el proceso de producci\u00f3n\u00bb, dice Mark Nash. Hecho de fibra de madera de alta calidad, estos productos tienen una<strong> capacidad de retenci\u00f3n de agua \u00f3ptima<\/strong> y una gran porosidad de aire. Dado que esto permite un <strong>enraizamiento m\u00e1s r\u00e1pido<\/strong>, el tiempo de producci\u00f3n se reduce (hasta una semana para algunas variedades), lo que genera ahorro y permite que la compa\u00f1\u00eda absorbe m\u00e1s f\u00e1cilmente el aumento de los costos de transporte y de materiales. Adem\u00e1s, los productos de la seria NF de Berger ayuda a los productores de Nash Greenhouses a hacer frente a las condiciones m\u00e1s dif\u00edciles a principios de temporada, como por ejemplo, el clima fr\u00edo y h\u00famedo y los niveles bajos de luz.<\/p>\n<p><\/div><\/p>\n<div class=\"column-6\">\n<p>Como todo el mundo en Nash Greenhouses, Mark Nash tambi\u00e9n est\u00e1 muy satisfecho con su relaci\u00f3n con su representante de ventas de Berger. \u00abTratamos con Eric desde el principio. Nos visita a menudo y nos ofrece el apoyo t\u00e9cnico que necesitamos. Est\u00e1 siempre intentando ver c\u00f3mo Berger podr\u00eda facilitar a\u00fan m\u00e1s las cosas para nosotros.\u201d Howard Nash se siente de la misma manera: \u00abEl<strong> servicio a la clientela de Berger es extraordinario<\/strong>. Eric nos muestra c\u00f3mo utilizar el producto de manera eficaz. Siempre contesta nuestras preguntas, y los<strong> problemas se resuelven r\u00e1pidamente<\/strong>. Estamos orgullosos de trabajar con Berger. Realmente es una empresa l\u00edder.\u201d<\/p>\n<p><\/div><br \/>\n<\/div><\/p>\n<p><br style=\"clear: both\" \/><a href=\"https:\/\/www.berger.ca\/es\/intrant\/fibra-de-madera\/\"><img loading=\"lazy\" decoding=\"async\" class=\"alignnone size-medium wp-image-2773\" src=\"https:\/\/www.berger.ca\/es\/wp-content\/uploads\/sites\/3\/2018\/07\/emballagebm4nfwood_woodfibermix_38bag_berger-212x300.png\" alt=\"Fibra natural - Madera\" width=\"212\" height=\"300\" srcset=\"https:\/\/www.berger.ca\/es\/wp-content\/uploads\/sites\/3\/2018\/07\/emballagebm4nfwood_woodfibermix_38bag_berger-212x300.png 212w, https:\/\/www.berger.ca\/es\/wp-content\/uploads\/sites\/3\/2018\/07\/emballagebm4nfwood_woodfibermix_38bag_berger.png 300w\" sizes=\"auto, (max-width: 212px) 100vw, 212px\" \/><\/a><\/p>\n<p>&nbsp;<\/p>\n<p><a class=\"button\" href=\"https:\/\/www.berger.ca\/es\/intrant\/fibra-de-madera\/\" target=\"_blank\" rel=\"noopener noreferrer\">CONOZCA TODAS LAS MEZCLAS CON FIBRA DE MADERA<\/a><\/p>\n<p><br style=\"clear: both\" \/><a class=\"link\" href=\"https:\/\/www.berger.ca\/es\/recursos-para-los-productores\/testimonios\/\">REGRESAR A LA P\u00c1GINAL DE TESTIMONIOS<\/a><\/p>\n","protected":false},"excerpt":{"rendered":"<p>Descubra c\u00f3mo las mezclas de Vea c\u00f3mo Nash tiene un enraizamiento m\u00e1s r\u00e1pido! &nbsp; CONOZCA TODAS LAS MEZCLAS CON FIBRA DE MADERA REGRESAR A LA P\u00c1GINAL DE TESTIMONIOS<\/p>\n","protected":false},"author":2,"featured_media":0,"parent":275,"menu_order":0,"comment_status":"closed","ping_status":"closed","template":"template-wysiwyg.php","meta":{"_acf_changed":false,"footnotes":""},"class_list":["post-457","page","type-page","status-publish","hentry"],"acf":[],"yoast_head":"<!-- This site is optimized with the Yoast SEO plugin v27.3 - https:\/\/yoast.com\/product\/yoast-seo-wordpress\/ -->\n<title>Nash Greenhouses - Berger - ES<\/title>\n<meta name=\"description\" content=\"Entre otras cosas, la compa\u00f1\u00eda se especializa en plantas anuales en macetas, verduras, hierbas, y petunias &quot;wave&quot;, el producto estrella.\" \/>\n<meta name=\"robots\" content=\"index, follow, max-snippet:-1, max-image-preview:large, max-video-preview:-1\" \/>\n<link rel=\"canonical\" href=\"https:\/\/www.berger.ca\/es\/recursos-para-los-productores\/testimonios\/nash-greenhouses\/\" \/>\n<meta property=\"og:locale\" content=\"es_ES\" \/>\n<meta property=\"og:type\" content=\"article\" \/>\n<meta property=\"og:title\" content=\"Nash Greenhouses - Berger - ES\" \/>\n<meta property=\"og:description\" content=\"Entre otras cosas, la compa\u00f1\u00eda se especializa en plantas anuales en macetas, verduras, hierbas, y petunias &quot;wave&quot;, el producto estrella.\" \/>\n<meta property=\"og:url\" content=\"https:\/\/www.berger.ca\/es\/recursos-para-los-productores\/testimonios\/nash-greenhouses\/\" \/>\n<meta property=\"og:site_name\" content=\"Berger - ES\" \/>\n<meta property=\"article:publisher\" content=\"https:\/\/www.facebook.com\/berger.ca\/\" \/>\n<meta property=\"article:modified_time\" content=\"2024-10-25T13:31:01+00:00\" \/>\n<meta property=\"og:image\" content=\"https:\/\/www.berger.ca\/es\/wp-content\/uploads\/sites\/3\/2018\/07\/emballagebm4nfwood_woodfibermix_38bag_berger.png\" \/>\n\t<meta property=\"og:image:width\" content=\"300\" \/>\n\t<meta property=\"og:image:height\" content=\"425\" \/>\n\t<meta property=\"og:image:type\" content=\"image\/png\" \/>\n<meta name=\"twitter:card\" content=\"summary_large_image\" \/>\n<meta name=\"twitter:site\" content=\"@berger_ca\" \/>\n<meta name=\"twitter:label1\" content=\"Tiempo de lectura\" \/>\n\t<meta name=\"twitter:data1\" content=\"3 minutos\" \/>\n<script type=\"application\/ld+json\" class=\"yoast-schema-graph\">{\"@context\":\"https:\\\/\\\/schema.org\",\"@graph\":[{\"@type\":\"WebPage\",\"@id\":\"https:\\\/\\\/www.berger.ca\\\/es\\\/recursos-para-los-productores\\\/testimonios\\\/nash-greenhouses\\\/\",\"url\":\"https:\\\/\\\/www.berger.ca\\\/es\\\/recursos-para-los-productores\\\/testimonios\\\/nash-greenhouses\\\/\",\"name\":\"Nash Greenhouses - Berger - ES\",\"isPartOf\":{\"@id\":\"https:\\\/\\\/www.berger.ca\\\/es\\\/#website\"},\"primaryImageOfPage\":{\"@id\":\"https:\\\/\\\/www.berger.ca\\\/es\\\/recursos-para-los-productores\\\/testimonios\\\/nash-greenhouses\\\/#primaryimage\"},\"image\":{\"@id\":\"https:\\\/\\\/www.berger.ca\\\/es\\\/recursos-para-los-productores\\\/testimonios\\\/nash-greenhouses\\\/#primaryimage\"},\"thumbnailUrl\":\"https:\\\/\\\/www.berger.ca\\\/es\\\/wp-content\\\/uploads\\\/sites\\\/3\\\/2018\\\/07\\\/emballagebm4nfwood_woodfibermix_38bag_berger-212x300.png\",\"datePublished\":\"2016-05-29T19:41:22+00:00\",\"dateModified\":\"2024-10-25T13:31:01+00:00\",\"description\":\"Entre otras cosas, la compa\u00f1\u00eda se especializa en plantas anuales en macetas, verduras, hierbas, y petunias \\\"wave\\\", el producto estrella.\",\"breadcrumb\":{\"@id\":\"https:\\\/\\\/www.berger.ca\\\/es\\\/recursos-para-los-productores\\\/testimonios\\\/nash-greenhouses\\\/#breadcrumb\"},\"inLanguage\":\"es\",\"potentialAction\":[{\"@type\":\"ReadAction\",\"target\":[\"https:\\\/\\\/www.berger.ca\\\/es\\\/recursos-para-los-productores\\\/testimonios\\\/nash-greenhouses\\\/\"]}]},{\"@type\":\"ImageObject\",\"inLanguage\":\"es\",\"@id\":\"https:\\\/\\\/www.berger.ca\\\/es\\\/recursos-para-los-productores\\\/testimonios\\\/nash-greenhouses\\\/#primaryimage\",\"url\":\"https:\\\/\\\/www.berger.ca\\\/es\\\/wp-content\\\/uploads\\\/sites\\\/3\\\/2018\\\/07\\\/emballagebm4nfwood_woodfibermix_38bag_berger.png\",\"contentUrl\":\"https:\\\/\\\/www.berger.ca\\\/es\\\/wp-content\\\/uploads\\\/sites\\\/3\\\/2018\\\/07\\\/emballagebm4nfwood_woodfibermix_38bag_berger.png\",\"width\":300,\"height\":425,\"caption\":\"Fibra natural - Madera\"},{\"@type\":\"BreadcrumbList\",\"@id\":\"https:\\\/\\\/www.berger.ca\\\/es\\\/recursos-para-los-productores\\\/testimonios\\\/nash-greenhouses\\\/#breadcrumb\",\"itemListElement\":[{\"@type\":\"ListItem\",\"position\":1,\"name\":\"Recursos para los productores\",\"item\":\"https:\\\/\\\/www.berger.ca\\\/es\\\/recursos-para-los-productores\\\/\"},{\"@type\":\"ListItem\",\"position\":2,\"name\":\"Testimonios\",\"item\":\"https:\\\/\\\/www.berger.ca\\\/es\\\/recursos-para-los-productores\\\/testimonios\\\/\"},{\"@type\":\"ListItem\",\"position\":3,\"name\":\"Nash Greenhouses\"}]},{\"@type\":\"WebSite\",\"@id\":\"https:\\\/\\\/www.berger.ca\\\/es\\\/#website\",\"url\":\"https:\\\/\\\/www.berger.ca\\\/es\\\/\",\"name\":\"Berger - ES\",\"description\":\"Un site utilisant Sites Berger\",\"publisher\":{\"@id\":\"https:\\\/\\\/www.berger.ca\\\/es\\\/#organization\"},\"potentialAction\":[{\"@type\":\"SearchAction\",\"target\":{\"@type\":\"EntryPoint\",\"urlTemplate\":\"https:\\\/\\\/www.berger.ca\\\/es\\\/?s={search_term_string}\"},\"query-input\":{\"@type\":\"PropertyValueSpecification\",\"valueRequired\":true,\"valueName\":\"search_term_string\"}}],\"inLanguage\":\"es\"},{\"@type\":\"Organization\",\"@id\":\"https:\\\/\\\/www.berger.ca\\\/es\\\/#organization\",\"name\":\"Berger\",\"url\":\"https:\\\/\\\/www.berger.ca\\\/es\\\/\",\"logo\":{\"@type\":\"ImageObject\",\"inLanguage\":\"es\",\"@id\":\"https:\\\/\\\/www.berger.ca\\\/es\\\/#\\\/schema\\\/logo\\\/image\\\/\",\"url\":\"https:\\\/\\\/www.berger.ca\\\/es\\\/wp-content\\\/uploads\\\/sites\\\/3\\\/2016\\\/07\\\/berger_logo_coul_seul.png\",\"contentUrl\":\"https:\\\/\\\/www.berger.ca\\\/es\\\/wp-content\\\/uploads\\\/sites\\\/3\\\/2016\\\/07\\\/berger_logo_coul_seul.png\",\"width\":1257,\"height\":1156,\"caption\":\"Berger\"},\"image\":{\"@id\":\"https:\\\/\\\/www.berger.ca\\\/es\\\/#\\\/schema\\\/logo\\\/image\\\/\"},\"sameAs\":[\"https:\\\/\\\/www.facebook.com\\\/berger.ca\\\/\",\"https:\\\/\\\/x.com\\\/berger_ca\",\"https:\\\/\\\/www.instagram.com\\\/bergermixes\\\/\",\"https:\\\/\\\/www.linkedin.com\\\/company\\\/berger-peat-moss-ltd-\\\/\",\"https:\\\/\\\/www.pinterest.com\\\/bergerpeatmoss\\\/\",\"https:\\\/\\\/www.youtube.com\\\/user\\\/tourbieresberger\"]}]}<\/script>\n<!-- \/ Yoast SEO plugin. -->","yoast_head_json":{"title":"Nash Greenhouses - Berger - ES","description":"Entre otras cosas, la compa\u00f1\u00eda se especializa en plantas anuales en macetas, verduras, hierbas, y petunias \"wave\", el producto estrella.","robots":{"index":"index","follow":"follow","max-snippet":"max-snippet:-1","max-image-preview":"max-image-preview:large","max-video-preview":"max-video-preview:-1"},"canonical":"https:\/\/www.berger.ca\/es\/recursos-para-los-productores\/testimonios\/nash-greenhouses\/","og_locale":"es_ES","og_type":"article","og_title":"Nash Greenhouses - Berger - ES","og_description":"Entre otras cosas, la compa\u00f1\u00eda se especializa en plantas anuales en macetas, verduras, hierbas, y petunias \"wave\", el producto estrella.","og_url":"https:\/\/www.berger.ca\/es\/recursos-para-los-productores\/testimonios\/nash-greenhouses\/","og_site_name":"Berger - ES","article_publisher":"https:\/\/www.facebook.com\/berger.ca\/","article_modified_time":"2024-10-25T13:31:01+00:00","og_image":[{"width":300,"height":425,"url":"https:\/\/www.berger.ca\/es\/wp-content\/uploads\/sites\/3\/2018\/07\/emballagebm4nfwood_woodfibermix_38bag_berger.png","type":"image\/png"}],"twitter_card":"summary_large_image","twitter_site":"@berger_ca","twitter_misc":{"Tiempo de lectura":"3 minutos"},"schema":{"@context":"https:\/\/schema.org","@graph":[{"@type":"WebPage","@id":"https:\/\/www.berger.ca\/es\/recursos-para-los-productores\/testimonios\/nash-greenhouses\/","url":"https:\/\/www.berger.ca\/es\/recursos-para-los-productores\/testimonios\/nash-greenhouses\/","name":"Nash Greenhouses - Berger - ES","isPartOf":{"@id":"https:\/\/www.berger.ca\/es\/#website"},"primaryImageOfPage":{"@id":"https:\/\/www.berger.ca\/es\/recursos-para-los-productores\/testimonios\/nash-greenhouses\/#primaryimage"},"image":{"@id":"https:\/\/www.berger.ca\/es\/recursos-para-los-productores\/testimonios\/nash-greenhouses\/#primaryimage"},"thumbnailUrl":"https:\/\/www.berger.ca\/es\/wp-content\/uploads\/sites\/3\/2018\/07\/emballagebm4nfwood_woodfibermix_38bag_berger-212x300.png","datePublished":"2016-05-29T19:41:22+00:00","dateModified":"2024-10-25T13:31:01+00:00","description":"Entre otras cosas, la compa\u00f1\u00eda se especializa en plantas anuales en macetas, verduras, hierbas, y petunias \"wave\", el producto estrella.","breadcrumb":{"@id":"https:\/\/www.berger.ca\/es\/recursos-para-los-productores\/testimonios\/nash-greenhouses\/#breadcrumb"},"inLanguage":"es","potentialAction":[{"@type":"ReadAction","target":["https:\/\/www.berger.ca\/es\/recursos-para-los-productores\/testimonios\/nash-greenhouses\/"]}]},{"@type":"ImageObject","inLanguage":"es","@id":"https:\/\/www.berger.ca\/es\/recursos-para-los-productores\/testimonios\/nash-greenhouses\/#primaryimage","url":"https:\/\/www.berger.ca\/es\/wp-content\/uploads\/sites\/3\/2018\/07\/emballagebm4nfwood_woodfibermix_38bag_berger.png","contentUrl":"https:\/\/www.berger.ca\/es\/wp-content\/uploads\/sites\/3\/2018\/07\/emballagebm4nfwood_woodfibermix_38bag_berger.png","width":300,"height":425,"caption":"Fibra natural - Madera"},{"@type":"BreadcrumbList","@id":"https:\/\/www.berger.ca\/es\/recursos-para-los-productores\/testimonios\/nash-greenhouses\/#breadcrumb","itemListElement":[{"@type":"ListItem","position":1,"name":"Recursos para los productores","item":"https:\/\/www.berger.ca\/es\/recursos-para-los-productores\/"},{"@type":"ListItem","position":2,"name":"Testimonios","item":"https:\/\/www.berger.ca\/es\/recursos-para-los-productores\/testimonios\/"},{"@type":"ListItem","position":3,"name":"Nash Greenhouses"}]},{"@type":"WebSite","@id":"https:\/\/www.berger.ca\/es\/#website","url":"https:\/\/www.berger.ca\/es\/","name":"Berger - ES","description":"Un site utilisant Sites Berger","publisher":{"@id":"https:\/\/www.berger.ca\/es\/#organization"},"potentialAction":[{"@type":"SearchAction","target":{"@type":"EntryPoint","urlTemplate":"https:\/\/www.berger.ca\/es\/?s={search_term_string}"},"query-input":{"@type":"PropertyValueSpecification","valueRequired":true,"valueName":"search_term_string"}}],"inLanguage":"es"},{"@type":"Organization","@id":"https:\/\/www.berger.ca\/es\/#organization","name":"Berger","url":"https:\/\/www.berger.ca\/es\/","logo":{"@type":"ImageObject","inLanguage":"es","@id":"https:\/\/www.berger.ca\/es\/#\/schema\/logo\/image\/","url":"https:\/\/www.berger.ca\/es\/wp-content\/uploads\/sites\/3\/2016\/07\/berger_logo_coul_seul.png","contentUrl":"https:\/\/www.berger.ca\/es\/wp-content\/uploads\/sites\/3\/2016\/07\/berger_logo_coul_seul.png","width":1257,"height":1156,"caption":"Berger"},"image":{"@id":"https:\/\/www.berger.ca\/es\/#\/schema\/logo\/image\/"},"sameAs":["https:\/\/www.facebook.com\/berger.ca\/","https:\/\/x.com\/berger_ca","https:\/\/www.instagram.com\/bergermixes\/","https:\/\/www.linkedin.com\/company\/berger-peat-moss-ltd-\/","https:\/\/www.pinterest.com\/bergerpeatmoss\/","https:\/\/www.youtube.com\/user\/tourbieresberger"]}]}},"_links":{"self":[{"href":"https:\/\/www.berger.ca\/es\/wp-json\/wp\/v2\/pages\/457","targetHints":{"allow":["GET"]}}],"collection":[{"href":"https:\/\/www.berger.ca\/es\/wp-json\/wp\/v2\/pages"}],"about":[{"href":"https:\/\/www.berger.ca\/es\/wp-json\/wp\/v2\/types\/page"}],"author":[{"embeddable":true,"href":"https:\/\/www.berger.ca\/es\/wp-json\/wp\/v2\/users\/2"}],"replies":[{"embeddable":true,"href":"https:\/\/www.berger.ca\/es\/wp-json\/wp\/v2\/comments?post=457"}],"version-history":[{"count":16,"href":"https:\/\/www.berger.ca\/es\/wp-json\/wp\/v2\/pages\/457\/revisions"}],"predecessor-version":[{"id":5615,"href":"https:\/\/www.berger.ca\/es\/wp-json\/wp\/v2\/pages\/457\/revisions\/5615"}],"up":[{"embeddable":true,"href":"https:\/\/www.berger.ca\/es\/wp-json\/wp\/v2\/pages\/275"}],"wp:attachment":[{"href":"https:\/\/www.berger.ca\/es\/wp-json\/wp\/v2\/media?parent=457"}],"curies":[{"name":"wp","href":"https:\/\/api.w.org\/{rel}","templated":true}]}}