{"id":459,"date":"2016-05-29T20:44:56","date_gmt":"2016-05-29T19:44:56","guid":{"rendered":"https:\/\/www.berger.ca\/es\/?page_id=459"},"modified":"2020-01-24T14:53:14","modified_gmt":"2020-01-24T19:53:14","slug":"corstange-greenhouses","status":"publish","type":"page","link":"https:\/\/www.berger.ca\/es\/recursos-para-los-productores\/testimonios\/corstange-greenhouses\/","title":{"rendered":"Corstange Greenhouses"},"content":{"rendered":"<h2>Vea c\u00f3mo el BM8 permiti\u00f3 a Corstange Greenhouses producir canastas colgantes de calidad durante toda la temporada<\/h2>\n<a class=\"fancybox-media video wysiwyg-vid\" href=\"https:\/\/vimeo.com\/119287599\"><div class=\"single-tile\" style=\"background-image: url(https:\/\/www.berger.ca\/es\/wp-content\/uploads\/sites\/3\/2016\/05\/video_corstange.jpg)\"><div class=\"overlay\"><\/div><div class=\"vert-center\"><div class=\"sm-title green icon-berger-video-icon\">V\u00eddeo<\/div><div class=\"md-title\"><\/div><\/div><\/div><\/a><br \/>\n<div class=\"wysiwyg-quotes\"><span style=\"color: #ffffff;font-size: 17pt\">\u00abAhora usamos la mezcla BM8 de Berger porque su capacidad de retenci\u00f3n de agua es mayor que en otras mezclas.\u00bb<\/span><\/div><br \/>\n<div class=\"wysiwyg-row\"><br \/>\n<div class=\"column-6\"><\/p>\n<p>Corstange Greenhouses fue fundada en 1972 por Dave Corstange, due\u00f1o, presidente ejecutivo y jefe de cultivos. La empresa, ubicada en Portage, Michigan, se especializa en la<strong> producci\u00f3n de plantas anuales<\/strong> para los centros de jardiner\u00eda al por menor, las recaudaciones de fondos y los paisajistas. Los productos de Corstange Greenhouses se cultivan en una variedad de recipientes, incluyendo<strong> charolas o bandejas<\/strong>, cestas y macetas para ventanas.<\/p>\n<p>La compa\u00f1\u00eda comenz\u00f3 a usar las mezclas de Berger hace cinco a\u00f1os, en busca de <strong>mezclas para cultivos m\u00e1s uniformes<\/strong>, as\u00ed que una base ideal para todas sus culturas. Como explica Todd Corstange, asistente a la cultura, \u00ablos clientes de Corstange Greenhouses quer\u00edan algo diferente. Quer\u00edan un <strong>mejor desarrollo de las ra\u00edces<\/strong>, plantas de mejor calidad, una <strong>mejor retenci\u00f3n del agua.<\/strong> Ahora usamos la mezcla BM8 de Berger porque su capacidad de retenci\u00f3n de agua es mayor que en otras mezclas. Esto nos permite proporcionar contenedores durante toda la temporada, y no s\u00f3lo por un mes como es el caso de las grandes tiendas\u00bb.<\/p>\n<p><\/div><\/p>\n<div class=\"column-6\">\n<p>Cuando Corstange Greenhouses opt\u00f3 por <strong>confiar en los productos de Berger,<\/strong> tambi\u00e9n marc\u00f3 el inicio de su relaci\u00f3n con un nuevo equipo de soporte t\u00e9cnico. Este cambio fue muy positivo seg\u00fan Todd Corstange: \u00abBrian es genial. \u00c9l responde a todas nuestras preguntas, siempre tiene buenos consejos, y es muy f\u00e1cil de contactarse con \u00e9l. Los pocos problemas que tuvimos fueron<strong> resueltos r\u00e1pidamente.<\/strong> Cuando pensamos en nuestro futuro como empresa, nos agrada tener la oportunidad de seguir trabajando con Berger. Esperamos que eso va a continuar en los a\u00f1os venideros.\u201d<\/p>\n<p><\/div><br \/>\n<\/div><\/p>\n<p><br style=\"clear: both\" \/><a href=\"https:\/\/www.berger.ca\/es\/utilisation\/retencion-de-agua\/\"><img loading=\"lazy\" decoding=\"async\" class=\"alignnone size-medium wp-image-2781\" src=\"https:\/\/www.berger.ca\/es\/wp-content\/uploads\/sites\/3\/2018\/07\/emballagebm8_compostmix_38bag_berger-212x300.png\" alt=\"Sustrato para ahorro de agua\" width=\"212\" height=\"300\" srcset=\"https:\/\/www.berger.ca\/es\/wp-content\/uploads\/sites\/3\/2018\/07\/emballagebm8_compostmix_38bag_berger-212x300.png 212w, https:\/\/www.berger.ca\/es\/wp-content\/uploads\/sites\/3\/2018\/07\/emballagebm8_compostmix_38bag_berger.png 300w\" sizes=\"auto, (max-width: 212px) 100vw, 212px\" \/><\/a><\/p>\n<p><a class=\"button\" href=\"https:\/\/www.berger.ca\/es\/utilisation\/retencion-de-agua\/\" target=\"_blank\" rel=\"noopener noreferrer\">CONOZCA TODAS LAS MEZCLAS de retenci\u00f3n de agua<\/a><\/p>\n<p><br style=\"clear: both\" \/><a class=\"link\" href=\"https:\/\/www.berger.ca\/es\/recursos-para-los-productores\/testimonios\/\">REGRESAR A LA P\u00c1GINAL DE TESTIMONIOS<\/a><\/p>\n","protected":false},"excerpt":{"rendered":"<p>Vea c\u00f3mo el BM8 permiti\u00f3 a Corstange Greenhouses producir canastas colgantes de calidad durante toda la temporada CONOZCA TODAS LAS MEZCLAS de retenci\u00f3n de agua REGRESAR A LA P\u00c1GINAL DE TESTIMONIOS<\/p>\n","protected":false},"author":2,"featured_media":0,"parent":275,"menu_order":0,"comment_status":"closed","ping_status":"closed","template":"template-wysiwyg.php","meta":{"_acf_changed":false,"footnotes":""},"class_list":["post-459","page","type-page","status-publish","hentry"],"acf":[],"yoast_head":"<!-- This site is optimized with the Yoast SEO plugin v27.3 - https:\/\/yoast.com\/product\/yoast-seo-wordpress\/ -->\n<title>Corstange Greenhouses - Berger - ES<\/title>\n<meta name=\"description\" content=\"Vea c\u00f3mo el mezcla para cultivo BM8 permiti\u00f3 a Corstange Greenhouses producir canastas colgantes de calidad durante toda la temporada\" \/>\n<meta name=\"robots\" content=\"index, follow, max-snippet:-1, max-image-preview:large, max-video-preview:-1\" \/>\n<link rel=\"canonical\" href=\"https:\/\/www.berger.ca\/es\/recursos-para-los-productores\/testimonios\/corstange-greenhouses\/\" \/>\n<meta property=\"og:locale\" content=\"es_ES\" \/>\n<meta property=\"og:type\" content=\"article\" \/>\n<meta property=\"og:title\" content=\"Corstange Greenhouses - Berger - ES\" \/>\n<meta property=\"og:description\" content=\"Vea c\u00f3mo el mezcla para cultivo BM8 permiti\u00f3 a Corstange Greenhouses producir canastas colgantes de calidad durante toda la temporada\" \/>\n<meta property=\"og:url\" content=\"https:\/\/www.berger.ca\/es\/recursos-para-los-productores\/testimonios\/corstange-greenhouses\/\" \/>\n<meta property=\"og:site_name\" content=\"Berger - ES\" \/>\n<meta property=\"article:publisher\" content=\"https:\/\/www.facebook.com\/berger.ca\/\" \/>\n<meta property=\"article:modified_time\" content=\"2020-01-24T19:53:14+00:00\" \/>\n<meta property=\"og:image\" content=\"https:\/\/www.berger.ca\/es\/wp-content\/uploads\/sites\/3\/2018\/07\/emballagebm8_compostmix_38bag_berger-212x300.png\" \/>\n<meta name=\"twitter:card\" content=\"summary_large_image\" \/>\n<meta name=\"twitter:site\" content=\"@berger_ca\" \/>\n<meta name=\"twitter:label1\" content=\"Tiempo de lectura\" \/>\n\t<meta name=\"twitter:data1\" content=\"2 minutos\" \/>\n<script type=\"application\/ld+json\" class=\"yoast-schema-graph\">{\"@context\":\"https:\\\/\\\/schema.org\",\"@graph\":[{\"@type\":\"WebPage\",\"@id\":\"https:\\\/\\\/www.berger.ca\\\/es\\\/recursos-para-los-productores\\\/testimonios\\\/corstange-greenhouses\\\/\",\"url\":\"https:\\\/\\\/www.berger.ca\\\/es\\\/recursos-para-los-productores\\\/testimonios\\\/corstange-greenhouses\\\/\",\"name\":\"Corstange Greenhouses - Berger - ES\",\"isPartOf\":{\"@id\":\"https:\\\/\\\/www.berger.ca\\\/es\\\/#website\"},\"primaryImageOfPage\":{\"@id\":\"https:\\\/\\\/www.berger.ca\\\/es\\\/recursos-para-los-productores\\\/testimonios\\\/corstange-greenhouses\\\/#primaryimage\"},\"image\":{\"@id\":\"https:\\\/\\\/www.berger.ca\\\/es\\\/recursos-para-los-productores\\\/testimonios\\\/corstange-greenhouses\\\/#primaryimage\"},\"thumbnailUrl\":\"https:\\\/\\\/www.berger.ca\\\/es\\\/wp-content\\\/uploads\\\/sites\\\/3\\\/2018\\\/07\\\/emballagebm8_compostmix_38bag_berger-212x300.png\",\"datePublished\":\"2016-05-29T19:44:56+00:00\",\"dateModified\":\"2020-01-24T19:53:14+00:00\",\"description\":\"Vea c\u00f3mo el mezcla para cultivo BM8 permiti\u00f3 a Corstange Greenhouses producir canastas colgantes de calidad durante toda la temporada\",\"breadcrumb\":{\"@id\":\"https:\\\/\\\/www.berger.ca\\\/es\\\/recursos-para-los-productores\\\/testimonios\\\/corstange-greenhouses\\\/#breadcrumb\"},\"inLanguage\":\"es\",\"potentialAction\":[{\"@type\":\"ReadAction\",\"target\":[\"https:\\\/\\\/www.berger.ca\\\/es\\\/recursos-para-los-productores\\\/testimonios\\\/corstange-greenhouses\\\/\"]}]},{\"@type\":\"ImageObject\",\"inLanguage\":\"es\",\"@id\":\"https:\\\/\\\/www.berger.ca\\\/es\\\/recursos-para-los-productores\\\/testimonios\\\/corstange-greenhouses\\\/#primaryimage\",\"url\":\"https:\\\/\\\/www.berger.ca\\\/es\\\/wp-content\\\/uploads\\\/sites\\\/3\\\/2018\\\/07\\\/emballagebm8_compostmix_38bag_berger.png\",\"contentUrl\":\"https:\\\/\\\/www.berger.ca\\\/es\\\/wp-content\\\/uploads\\\/sites\\\/3\\\/2018\\\/07\\\/emballagebm8_compostmix_38bag_berger.png\",\"width\":300,\"height\":425,\"caption\":\"Sustrato para ahorro de agua\"},{\"@type\":\"BreadcrumbList\",\"@id\":\"https:\\\/\\\/www.berger.ca\\\/es\\\/recursos-para-los-productores\\\/testimonios\\\/corstange-greenhouses\\\/#breadcrumb\",\"itemListElement\":[{\"@type\":\"ListItem\",\"position\":1,\"name\":\"Recursos para los productores\",\"item\":\"https:\\\/\\\/www.berger.ca\\\/es\\\/recursos-para-los-productores\\\/\"},{\"@type\":\"ListItem\",\"position\":2,\"name\":\"Testimonios\",\"item\":\"https:\\\/\\\/www.berger.ca\\\/es\\\/recursos-para-los-productores\\\/testimonios\\\/\"},{\"@type\":\"ListItem\",\"position\":3,\"name\":\"Corstange Greenhouses\"}]},{\"@type\":\"WebSite\",\"@id\":\"https:\\\/\\\/www.berger.ca\\\/es\\\/#website\",\"url\":\"https:\\\/\\\/www.berger.ca\\\/es\\\/\",\"name\":\"Berger - ES\",\"description\":\"Un site utilisant Sites Berger\",\"publisher\":{\"@id\":\"https:\\\/\\\/www.berger.ca\\\/es\\\/#organization\"},\"potentialAction\":[{\"@type\":\"SearchAction\",\"target\":{\"@type\":\"EntryPoint\",\"urlTemplate\":\"https:\\\/\\\/www.berger.ca\\\/es\\\/?s={search_term_string}\"},\"query-input\":{\"@type\":\"PropertyValueSpecification\",\"valueRequired\":true,\"valueName\":\"search_term_string\"}}],\"inLanguage\":\"es\"},{\"@type\":\"Organization\",\"@id\":\"https:\\\/\\\/www.berger.ca\\\/es\\\/#organization\",\"name\":\"Berger\",\"url\":\"https:\\\/\\\/www.berger.ca\\\/es\\\/\",\"logo\":{\"@type\":\"ImageObject\",\"inLanguage\":\"es\",\"@id\":\"https:\\\/\\\/www.berger.ca\\\/es\\\/#\\\/schema\\\/logo\\\/image\\\/\",\"url\":\"https:\\\/\\\/www.berger.ca\\\/es\\\/wp-content\\\/uploads\\\/sites\\\/3\\\/2016\\\/07\\\/berger_logo_coul_seul.png\",\"contentUrl\":\"https:\\\/\\\/www.berger.ca\\\/es\\\/wp-content\\\/uploads\\\/sites\\\/3\\\/2016\\\/07\\\/berger_logo_coul_seul.png\",\"width\":1257,\"height\":1156,\"caption\":\"Berger\"},\"image\":{\"@id\":\"https:\\\/\\\/www.berger.ca\\\/es\\\/#\\\/schema\\\/logo\\\/image\\\/\"},\"sameAs\":[\"https:\\\/\\\/www.facebook.com\\\/berger.ca\\\/\",\"https:\\\/\\\/x.com\\\/berger_ca\",\"https:\\\/\\\/www.instagram.com\\\/bergermixes\\\/\",\"https:\\\/\\\/www.linkedin.com\\\/company\\\/berger-peat-moss-ltd-\\\/\",\"https:\\\/\\\/www.pinterest.com\\\/bergerpeatmoss\\\/\",\"https:\\\/\\\/www.youtube.com\\\/user\\\/tourbieresberger\"]}]}<\/script>\n<!-- \/ Yoast SEO plugin. -->","yoast_head_json":{"title":"Corstange Greenhouses - Berger - ES","description":"Vea c\u00f3mo el mezcla para cultivo BM8 permiti\u00f3 a Corstange Greenhouses producir canastas colgantes de calidad durante toda la temporada","robots":{"index":"index","follow":"follow","max-snippet":"max-snippet:-1","max-image-preview":"max-image-preview:large","max-video-preview":"max-video-preview:-1"},"canonical":"https:\/\/www.berger.ca\/es\/recursos-para-los-productores\/testimonios\/corstange-greenhouses\/","og_locale":"es_ES","og_type":"article","og_title":"Corstange Greenhouses - Berger - ES","og_description":"Vea c\u00f3mo el mezcla para cultivo BM8 permiti\u00f3 a Corstange Greenhouses producir canastas colgantes de calidad durante toda la temporada","og_url":"https:\/\/www.berger.ca\/es\/recursos-para-los-productores\/testimonios\/corstange-greenhouses\/","og_site_name":"Berger - ES","article_publisher":"https:\/\/www.facebook.com\/berger.ca\/","article_modified_time":"2020-01-24T19:53:14+00:00","og_image":[{"url":"https:\/\/www.berger.ca\/es\/wp-content\/uploads\/sites\/3\/2018\/07\/emballagebm8_compostmix_38bag_berger-212x300.png","type":"","width":"","height":""}],"twitter_card":"summary_large_image","twitter_site":"@berger_ca","twitter_misc":{"Tiempo de lectura":"2 minutos"},"schema":{"@context":"https:\/\/schema.org","@graph":[{"@type":"WebPage","@id":"https:\/\/www.berger.ca\/es\/recursos-para-los-productores\/testimonios\/corstange-greenhouses\/","url":"https:\/\/www.berger.ca\/es\/recursos-para-los-productores\/testimonios\/corstange-greenhouses\/","name":"Corstange Greenhouses - Berger - ES","isPartOf":{"@id":"https:\/\/www.berger.ca\/es\/#website"},"primaryImageOfPage":{"@id":"https:\/\/www.berger.ca\/es\/recursos-para-los-productores\/testimonios\/corstange-greenhouses\/#primaryimage"},"image":{"@id":"https:\/\/www.berger.ca\/es\/recursos-para-los-productores\/testimonios\/corstange-greenhouses\/#primaryimage"},"thumbnailUrl":"https:\/\/www.berger.ca\/es\/wp-content\/uploads\/sites\/3\/2018\/07\/emballagebm8_compostmix_38bag_berger-212x300.png","datePublished":"2016-05-29T19:44:56+00:00","dateModified":"2020-01-24T19:53:14+00:00","description":"Vea c\u00f3mo el mezcla para cultivo BM8 permiti\u00f3 a Corstange Greenhouses producir canastas colgantes de calidad durante toda la temporada","breadcrumb":{"@id":"https:\/\/www.berger.ca\/es\/recursos-para-los-productores\/testimonios\/corstange-greenhouses\/#breadcrumb"},"inLanguage":"es","potentialAction":[{"@type":"ReadAction","target":["https:\/\/www.berger.ca\/es\/recursos-para-los-productores\/testimonios\/corstange-greenhouses\/"]}]},{"@type":"ImageObject","inLanguage":"es","@id":"https:\/\/www.berger.ca\/es\/recursos-para-los-productores\/testimonios\/corstange-greenhouses\/#primaryimage","url":"https:\/\/www.berger.ca\/es\/wp-content\/uploads\/sites\/3\/2018\/07\/emballagebm8_compostmix_38bag_berger.png","contentUrl":"https:\/\/www.berger.ca\/es\/wp-content\/uploads\/sites\/3\/2018\/07\/emballagebm8_compostmix_38bag_berger.png","width":300,"height":425,"caption":"Sustrato para ahorro de agua"},{"@type":"BreadcrumbList","@id":"https:\/\/www.berger.ca\/es\/recursos-para-los-productores\/testimonios\/corstange-greenhouses\/#breadcrumb","itemListElement":[{"@type":"ListItem","position":1,"name":"Recursos para los productores","item":"https:\/\/www.berger.ca\/es\/recursos-para-los-productores\/"},{"@type":"ListItem","position":2,"name":"Testimonios","item":"https:\/\/www.berger.ca\/es\/recursos-para-los-productores\/testimonios\/"},{"@type":"ListItem","position":3,"name":"Corstange Greenhouses"}]},{"@type":"WebSite","@id":"https:\/\/www.berger.ca\/es\/#website","url":"https:\/\/www.berger.ca\/es\/","name":"Berger - ES","description":"Un site utilisant Sites Berger","publisher":{"@id":"https:\/\/www.berger.ca\/es\/#organization"},"potentialAction":[{"@type":"SearchAction","target":{"@type":"EntryPoint","urlTemplate":"https:\/\/www.berger.ca\/es\/?s={search_term_string}"},"query-input":{"@type":"PropertyValueSpecification","valueRequired":true,"valueName":"search_term_string"}}],"inLanguage":"es"},{"@type":"Organization","@id":"https:\/\/www.berger.ca\/es\/#organization","name":"Berger","url":"https:\/\/www.berger.ca\/es\/","logo":{"@type":"ImageObject","inLanguage":"es","@id":"https:\/\/www.berger.ca\/es\/#\/schema\/logo\/image\/","url":"https:\/\/www.berger.ca\/es\/wp-content\/uploads\/sites\/3\/2016\/07\/berger_logo_coul_seul.png","contentUrl":"https:\/\/www.berger.ca\/es\/wp-content\/uploads\/sites\/3\/2016\/07\/berger_logo_coul_seul.png","width":1257,"height":1156,"caption":"Berger"},"image":{"@id":"https:\/\/www.berger.ca\/es\/#\/schema\/logo\/image\/"},"sameAs":["https:\/\/www.facebook.com\/berger.ca\/","https:\/\/x.com\/berger_ca","https:\/\/www.instagram.com\/bergermixes\/","https:\/\/www.linkedin.com\/company\/berger-peat-moss-ltd-\/","https:\/\/www.pinterest.com\/bergerpeatmoss\/","https:\/\/www.youtube.com\/user\/tourbieresberger"]}]}},"_links":{"self":[{"href":"https:\/\/www.berger.ca\/es\/wp-json\/wp\/v2\/pages\/459","targetHints":{"allow":["GET"]}}],"collection":[{"href":"https:\/\/www.berger.ca\/es\/wp-json\/wp\/v2\/pages"}],"about":[{"href":"https:\/\/www.berger.ca\/es\/wp-json\/wp\/v2\/types\/page"}],"author":[{"embeddable":true,"href":"https:\/\/www.berger.ca\/es\/wp-json\/wp\/v2\/users\/2"}],"replies":[{"embeddable":true,"href":"https:\/\/www.berger.ca\/es\/wp-json\/wp\/v2\/comments?post=459"}],"version-history":[{"count":15,"href":"https:\/\/www.berger.ca\/es\/wp-json\/wp\/v2\/pages\/459\/revisions"}],"predecessor-version":[{"id":4168,"href":"https:\/\/www.berger.ca\/es\/wp-json\/wp\/v2\/pages\/459\/revisions\/4168"}],"up":[{"embeddable":true,"href":"https:\/\/www.berger.ca\/es\/wp-json\/wp\/v2\/pages\/275"}],"wp:attachment":[{"href":"https:\/\/www.berger.ca\/es\/wp-json\/wp\/v2\/media?parent=459"}],"curies":[{"name":"wp","href":"https:\/\/api.w.org\/{rel}","templated":true}]}}