{"id":461,"date":"2016-05-29T20:50:07","date_gmt":"2016-05-29T19:50:07","guid":{"rendered":"https:\/\/www.berger.ca\/es\/?page_id=461"},"modified":"2024-10-25T08:34:04","modified_gmt":"2024-10-25T13:34:04","slug":"southwest-prennials","status":"publish","type":"page","link":"https:\/\/www.berger.ca\/es\/recursos-para-los-productores\/testimonios\/southwest-prennials\/","title":{"rendered":"Southwest Perennials"},"content":{"rendered":"<h2>Vea c\u00f3mo nuestra mezcla BM6 permite a Southwest Perennials producir consistentemente<\/h2>\n<a class=\"fancybox-media video wysiwyg-vid\" href=\"https:\/\/vimeo.com\/110465285\"><div class=\"single-tile\" style=\"background-image: url(https:\/\/www.berger.ca\/es\/wp-content\/uploads\/sites\/3\/2016\/05\/video_southwestperennials.jpg)\"><div class=\"overlay\"><\/div><div class=\"vert-center\"><div class=\"sm-title green icon-berger-video-icon\">V\u00eddeo<\/div><div class=\"md-title\"><\/div><\/div><\/div><\/a>\n<p><div class=\"wysiwyg-quotes\"><span style=\"color: #ffffff;font-size: 17pt\">\u00abLa mezcla proporciona el primer impulso que nuestras pl\u00e1ntulas necesitan, y permite que las ra\u00edces crezcan r\u00e1pidamente.\u00bb<\/span><\/div><br \/>\n<div class=\"wysiwyg-row\"><br \/>\n<div class=\"column-6\"><\/p>\n<p>Inicialmente, Southwest Perennials era una empresa peque\u00f1a, pero gracias a los esfuerzos de Jerry y Georgia Soukup, copropietarios, y un poco de ayuda de Berger, ahora es de tama\u00f1o mediano, y env\u00eda cada a\u00f1o entre tres y <strong>cuatro millones de pl\u00e1ntulas<\/strong> en todos los Estados Unidos. Situada en Dallas, Texas, la empresa cuenta con <strong>80 000 pi2<\/strong> (alrededor de dos acres) de espacio de invernadero, <strong>produce cerca de 300 variedades de plantas,<\/strong> y da empleo a 24 personas de forma permanente. Con los a\u00f1os, Jerry y Georgia no han perdido de vista su prop\u00f3sito original: la entrega a tiempo de <strong>pl\u00e1ntulas de alta calidad<\/strong>, con gran atenci\u00f3n al detalle.<\/p>\n<p>En Southwest Perennials, uno de los valores fundamentales de la <strong>cultura organizacional es la simplicidad<\/strong>, y eso explica por qu\u00e9 la mezcla BM6 de Berger ahora se utiliza como una mezcla universal en toda la empresa. El se\u00f1or Soukup est\u00e1 muy satisfecho con el producto, \u00abHemos escogido usar la mezcla BM6\u00bb dice el se\u00f1or Soukup, \u00abdebido a su alta <strong>calidad y su uniformidad<\/strong> en comparaci\u00f3n con los productos competidores. Siempre nos da los mismos <strong>buenos resultados,<\/strong> y esta mezcla hace que sea mucho m\u00e1s f\u00e1cil el proceso de producci\u00f3n para nuestros empleados. Todo el mundo deber\u00eda usarla.\u00bb El se\u00f1or Soukup tambi\u00e9n explica su elecci\u00f3n por el hecho de que el producto est\u00e1 completo y listo para el uso: \u00abNo hay necesidad de agregar o cambiar nada\u00bb, dice el se\u00f1or Soukup. \u00abLa mezcla proporciona el primer impulso que nuestras pl\u00e1ntulas necesitan, y permite que las ra\u00edces crezcan r\u00e1pidamente.\u00bb<\/p>\n<p><\/div><\/p>\n<div class=\"column-6\">\n<p>El se\u00f1or Soukup tambi\u00e9n est\u00e1 muy satisfecho con la <strong>calidad del servicio ofrecido<\/strong> por su representante de ventas y el equipo de servicio al cliente de Berger: \u00abMartha es simplemente fant\u00e1stica. Ella siempre nos ofrece nuevos productos para ver si se adaptar\u00edan mejor a nuestras necesidades, y prueba los productos con nosotros en nuestro invernadero. Lo que Berger hace por sus clientes es incre\u00edble. Su amabilidad y su <strong>orientaci\u00f3n familiar<\/strong> hacen que sea muy agradable hacer negocios con ellos. Se puede decir que Southwest Perennials creci\u00f3 con Berger, y estamos orgullosos de eso.\u00bb<\/p>\n<p><\/div><br \/>\n<\/div><\/p>\n<p><br style=\"clear: both\" \/><a href=\"https:\/\/www.berger.ca\/es\/utilisation\/todo-uso\/\"><img loading=\"lazy\" decoding=\"async\" class=\"alignnone size-medium wp-image-2777\" src=\"https:\/\/www.berger.ca\/es\/wp-content\/uploads\/sites\/3\/2018\/07\/emballagebm6_generalpurposemix_38bag_berger-212x300.png\" alt=\"Todo uso\" width=\"212\" height=\"300\" srcset=\"https:\/\/www.berger.ca\/es\/wp-content\/uploads\/sites\/3\/2018\/07\/emballagebm6_generalpurposemix_38bag_berger-212x300.png 212w, https:\/\/www.berger.ca\/es\/wp-content\/uploads\/sites\/3\/2018\/07\/emballagebm6_generalpurposemix_38bag_berger.png 300w\" sizes=\"auto, (max-width: 212px) 100vw, 212px\" \/><\/a><\/p>\n<p><a class=\"button\" href=\"https:\/\/www.berger.ca\/es\/utilisation\/todo-uso\/\" target=\"_blank\" rel=\"noopener noreferrer\">CONOZCA TODAS LAS MEZCLAS DE TODO USO<\/a><\/p>\n<p><br style=\"clear: both\" \/><a class=\"link\" href=\"https:\/\/www.berger.ca\/es\/recursos-para-los-productores\/testimonios\/\">REGRESAR A LA P\u00c1GINAL DE TESTIMONIOS<\/a><\/p>\n","protected":false},"excerpt":{"rendered":"<p>Vea c\u00f3mo nuestra mezcla BM6 permite a Southwest Perennials producir consistentemente CONOZCA TODAS LAS MEZCLAS DE TODO USO REGRESAR A LA P\u00c1GINAL DE TESTIMONIOS<\/p>\n","protected":false},"author":2,"featured_media":0,"parent":275,"menu_order":0,"comment_status":"closed","ping_status":"closed","template":"template-wysiwyg.php","meta":{"_acf_changed":false,"footnotes":""},"class_list":["post-461","page","type-page","status-publish","hentry"],"acf":[],"yoast_head":"<!-- This site is optimized with the Yoast SEO plugin v27.3 - https:\/\/yoast.com\/product\/yoast-seo-wordpress\/ -->\n<title>Southwest Perennials - Berger - ES<\/title>\n<meta name=\"description\" content=\"Situada en Dallas, Texas, la empresa cuenta con 80 000 pi2 (alrededor de dos acres) de espacio de invernadero, produce cerca de 300 variedades de plantas\" \/>\n<meta name=\"robots\" content=\"index, follow, max-snippet:-1, max-image-preview:large, max-video-preview:-1\" \/>\n<link rel=\"canonical\" href=\"https:\/\/www.berger.ca\/es\/recursos-para-los-productores\/testimonios\/southwest-prennials\/\" \/>\n<meta property=\"og:locale\" content=\"es_ES\" \/>\n<meta property=\"og:type\" content=\"article\" \/>\n<meta property=\"og:title\" content=\"Southwest Perennials - Berger - ES\" \/>\n<meta property=\"og:description\" content=\"Situada en Dallas, Texas, la empresa cuenta con 80 000 pi2 (alrededor de dos acres) de espacio de invernadero, produce cerca de 300 variedades de plantas\" \/>\n<meta property=\"og:url\" content=\"https:\/\/www.berger.ca\/es\/recursos-para-los-productores\/testimonios\/southwest-prennials\/\" \/>\n<meta property=\"og:site_name\" content=\"Berger - ES\" \/>\n<meta property=\"article:publisher\" content=\"https:\/\/www.facebook.com\/berger.ca\/\" \/>\n<meta property=\"article:modified_time\" content=\"2024-10-25T13:34:04+00:00\" \/>\n<meta property=\"og:image\" content=\"https:\/\/www.berger.ca\/es\/wp-content\/uploads\/sites\/3\/2018\/07\/emballagebm6_generalpurposemix_38bag_berger.png\" \/>\n\t<meta property=\"og:image:width\" content=\"300\" \/>\n\t<meta property=\"og:image:height\" content=\"425\" \/>\n\t<meta property=\"og:image:type\" content=\"image\/png\" \/>\n<meta name=\"twitter:card\" content=\"summary_large_image\" \/>\n<meta name=\"twitter:site\" content=\"@berger_ca\" \/>\n<meta name=\"twitter:label1\" content=\"Tiempo de lectura\" \/>\n\t<meta name=\"twitter:data1\" content=\"3 minutos\" \/>\n<script type=\"application\/ld+json\" class=\"yoast-schema-graph\">{\"@context\":\"https:\\\/\\\/schema.org\",\"@graph\":[{\"@type\":\"WebPage\",\"@id\":\"https:\\\/\\\/www.berger.ca\\\/es\\\/recursos-para-los-productores\\\/testimonios\\\/southwest-prennials\\\/\",\"url\":\"https:\\\/\\\/www.berger.ca\\\/es\\\/recursos-para-los-productores\\\/testimonios\\\/southwest-prennials\\\/\",\"name\":\"Southwest Perennials - Berger - ES\",\"isPartOf\":{\"@id\":\"https:\\\/\\\/www.berger.ca\\\/es\\\/#website\"},\"primaryImageOfPage\":{\"@id\":\"https:\\\/\\\/www.berger.ca\\\/es\\\/recursos-para-los-productores\\\/testimonios\\\/southwest-prennials\\\/#primaryimage\"},\"image\":{\"@id\":\"https:\\\/\\\/www.berger.ca\\\/es\\\/recursos-para-los-productores\\\/testimonios\\\/southwest-prennials\\\/#primaryimage\"},\"thumbnailUrl\":\"https:\\\/\\\/www.berger.ca\\\/es\\\/wp-content\\\/uploads\\\/sites\\\/3\\\/2018\\\/07\\\/emballagebm6_generalpurposemix_38bag_berger-212x300.png\",\"datePublished\":\"2016-05-29T19:50:07+00:00\",\"dateModified\":\"2024-10-25T13:34:04+00:00\",\"description\":\"Situada en Dallas, Texas, la empresa cuenta con 80 000 pi2 (alrededor de dos acres) de espacio de invernadero, produce cerca de 300 variedades de plantas\",\"breadcrumb\":{\"@id\":\"https:\\\/\\\/www.berger.ca\\\/es\\\/recursos-para-los-productores\\\/testimonios\\\/southwest-prennials\\\/#breadcrumb\"},\"inLanguage\":\"es\",\"potentialAction\":[{\"@type\":\"ReadAction\",\"target\":[\"https:\\\/\\\/www.berger.ca\\\/es\\\/recursos-para-los-productores\\\/testimonios\\\/southwest-prennials\\\/\"]}]},{\"@type\":\"ImageObject\",\"inLanguage\":\"es\",\"@id\":\"https:\\\/\\\/www.berger.ca\\\/es\\\/recursos-para-los-productores\\\/testimonios\\\/southwest-prennials\\\/#primaryimage\",\"url\":\"https:\\\/\\\/www.berger.ca\\\/es\\\/wp-content\\\/uploads\\\/sites\\\/3\\\/2018\\\/07\\\/emballagebm6_generalpurposemix_38bag_berger.png\",\"contentUrl\":\"https:\\\/\\\/www.berger.ca\\\/es\\\/wp-content\\\/uploads\\\/sites\\\/3\\\/2018\\\/07\\\/emballagebm6_generalpurposemix_38bag_berger.png\",\"width\":300,\"height\":425,\"caption\":\"Todo uso\"},{\"@type\":\"BreadcrumbList\",\"@id\":\"https:\\\/\\\/www.berger.ca\\\/es\\\/recursos-para-los-productores\\\/testimonios\\\/southwest-prennials\\\/#breadcrumb\",\"itemListElement\":[{\"@type\":\"ListItem\",\"position\":1,\"name\":\"Recursos para los productores\",\"item\":\"https:\\\/\\\/www.berger.ca\\\/es\\\/recursos-para-los-productores\\\/\"},{\"@type\":\"ListItem\",\"position\":2,\"name\":\"Testimonios\",\"item\":\"https:\\\/\\\/www.berger.ca\\\/es\\\/recursos-para-los-productores\\\/testimonios\\\/\"},{\"@type\":\"ListItem\",\"position\":3,\"name\":\"Southwest Perennials\"}]},{\"@type\":\"WebSite\",\"@id\":\"https:\\\/\\\/www.berger.ca\\\/es\\\/#website\",\"url\":\"https:\\\/\\\/www.berger.ca\\\/es\\\/\",\"name\":\"Berger - ES\",\"description\":\"Un site utilisant Sites Berger\",\"publisher\":{\"@id\":\"https:\\\/\\\/www.berger.ca\\\/es\\\/#organization\"},\"potentialAction\":[{\"@type\":\"SearchAction\",\"target\":{\"@type\":\"EntryPoint\",\"urlTemplate\":\"https:\\\/\\\/www.berger.ca\\\/es\\\/?s={search_term_string}\"},\"query-input\":{\"@type\":\"PropertyValueSpecification\",\"valueRequired\":true,\"valueName\":\"search_term_string\"}}],\"inLanguage\":\"es\"},{\"@type\":\"Organization\",\"@id\":\"https:\\\/\\\/www.berger.ca\\\/es\\\/#organization\",\"name\":\"Berger\",\"url\":\"https:\\\/\\\/www.berger.ca\\\/es\\\/\",\"logo\":{\"@type\":\"ImageObject\",\"inLanguage\":\"es\",\"@id\":\"https:\\\/\\\/www.berger.ca\\\/es\\\/#\\\/schema\\\/logo\\\/image\\\/\",\"url\":\"https:\\\/\\\/www.berger.ca\\\/es\\\/wp-content\\\/uploads\\\/sites\\\/3\\\/2016\\\/07\\\/berger_logo_coul_seul.png\",\"contentUrl\":\"https:\\\/\\\/www.berger.ca\\\/es\\\/wp-content\\\/uploads\\\/sites\\\/3\\\/2016\\\/07\\\/berger_logo_coul_seul.png\",\"width\":1257,\"height\":1156,\"caption\":\"Berger\"},\"image\":{\"@id\":\"https:\\\/\\\/www.berger.ca\\\/es\\\/#\\\/schema\\\/logo\\\/image\\\/\"},\"sameAs\":[\"https:\\\/\\\/www.facebook.com\\\/berger.ca\\\/\",\"https:\\\/\\\/x.com\\\/berger_ca\",\"https:\\\/\\\/www.instagram.com\\\/bergermixes\\\/\",\"https:\\\/\\\/www.linkedin.com\\\/company\\\/berger-peat-moss-ltd-\\\/\",\"https:\\\/\\\/www.pinterest.com\\\/bergerpeatmoss\\\/\",\"https:\\\/\\\/www.youtube.com\\\/user\\\/tourbieresberger\"]}]}<\/script>\n<!-- \/ Yoast SEO plugin. -->","yoast_head_json":{"title":"Southwest Perennials - Berger - ES","description":"Situada en Dallas, Texas, la empresa cuenta con 80 000 pi2 (alrededor de dos acres) de espacio de invernadero, produce cerca de 300 variedades de plantas","robots":{"index":"index","follow":"follow","max-snippet":"max-snippet:-1","max-image-preview":"max-image-preview:large","max-video-preview":"max-video-preview:-1"},"canonical":"https:\/\/www.berger.ca\/es\/recursos-para-los-productores\/testimonios\/southwest-prennials\/","og_locale":"es_ES","og_type":"article","og_title":"Southwest Perennials - Berger - ES","og_description":"Situada en Dallas, Texas, la empresa cuenta con 80 000 pi2 (alrededor de dos acres) de espacio de invernadero, produce cerca de 300 variedades de plantas","og_url":"https:\/\/www.berger.ca\/es\/recursos-para-los-productores\/testimonios\/southwest-prennials\/","og_site_name":"Berger - ES","article_publisher":"https:\/\/www.facebook.com\/berger.ca\/","article_modified_time":"2024-10-25T13:34:04+00:00","og_image":[{"width":300,"height":425,"url":"https:\/\/www.berger.ca\/es\/wp-content\/uploads\/sites\/3\/2018\/07\/emballagebm6_generalpurposemix_38bag_berger.png","type":"image\/png"}],"twitter_card":"summary_large_image","twitter_site":"@berger_ca","twitter_misc":{"Tiempo de lectura":"3 minutos"},"schema":{"@context":"https:\/\/schema.org","@graph":[{"@type":"WebPage","@id":"https:\/\/www.berger.ca\/es\/recursos-para-los-productores\/testimonios\/southwest-prennials\/","url":"https:\/\/www.berger.ca\/es\/recursos-para-los-productores\/testimonios\/southwest-prennials\/","name":"Southwest Perennials - Berger - ES","isPartOf":{"@id":"https:\/\/www.berger.ca\/es\/#website"},"primaryImageOfPage":{"@id":"https:\/\/www.berger.ca\/es\/recursos-para-los-productores\/testimonios\/southwest-prennials\/#primaryimage"},"image":{"@id":"https:\/\/www.berger.ca\/es\/recursos-para-los-productores\/testimonios\/southwest-prennials\/#primaryimage"},"thumbnailUrl":"https:\/\/www.berger.ca\/es\/wp-content\/uploads\/sites\/3\/2018\/07\/emballagebm6_generalpurposemix_38bag_berger-212x300.png","datePublished":"2016-05-29T19:50:07+00:00","dateModified":"2024-10-25T13:34:04+00:00","description":"Situada en Dallas, Texas, la empresa cuenta con 80 000 pi2 (alrededor de dos acres) de espacio de invernadero, produce cerca de 300 variedades de plantas","breadcrumb":{"@id":"https:\/\/www.berger.ca\/es\/recursos-para-los-productores\/testimonios\/southwest-prennials\/#breadcrumb"},"inLanguage":"es","potentialAction":[{"@type":"ReadAction","target":["https:\/\/www.berger.ca\/es\/recursos-para-los-productores\/testimonios\/southwest-prennials\/"]}]},{"@type":"ImageObject","inLanguage":"es","@id":"https:\/\/www.berger.ca\/es\/recursos-para-los-productores\/testimonios\/southwest-prennials\/#primaryimage","url":"https:\/\/www.berger.ca\/es\/wp-content\/uploads\/sites\/3\/2018\/07\/emballagebm6_generalpurposemix_38bag_berger.png","contentUrl":"https:\/\/www.berger.ca\/es\/wp-content\/uploads\/sites\/3\/2018\/07\/emballagebm6_generalpurposemix_38bag_berger.png","width":300,"height":425,"caption":"Todo uso"},{"@type":"BreadcrumbList","@id":"https:\/\/www.berger.ca\/es\/recursos-para-los-productores\/testimonios\/southwest-prennials\/#breadcrumb","itemListElement":[{"@type":"ListItem","position":1,"name":"Recursos para los productores","item":"https:\/\/www.berger.ca\/es\/recursos-para-los-productores\/"},{"@type":"ListItem","position":2,"name":"Testimonios","item":"https:\/\/www.berger.ca\/es\/recursos-para-los-productores\/testimonios\/"},{"@type":"ListItem","position":3,"name":"Southwest Perennials"}]},{"@type":"WebSite","@id":"https:\/\/www.berger.ca\/es\/#website","url":"https:\/\/www.berger.ca\/es\/","name":"Berger - ES","description":"Un site utilisant Sites Berger","publisher":{"@id":"https:\/\/www.berger.ca\/es\/#organization"},"potentialAction":[{"@type":"SearchAction","target":{"@type":"EntryPoint","urlTemplate":"https:\/\/www.berger.ca\/es\/?s={search_term_string}"},"query-input":{"@type":"PropertyValueSpecification","valueRequired":true,"valueName":"search_term_string"}}],"inLanguage":"es"},{"@type":"Organization","@id":"https:\/\/www.berger.ca\/es\/#organization","name":"Berger","url":"https:\/\/www.berger.ca\/es\/","logo":{"@type":"ImageObject","inLanguage":"es","@id":"https:\/\/www.berger.ca\/es\/#\/schema\/logo\/image\/","url":"https:\/\/www.berger.ca\/es\/wp-content\/uploads\/sites\/3\/2016\/07\/berger_logo_coul_seul.png","contentUrl":"https:\/\/www.berger.ca\/es\/wp-content\/uploads\/sites\/3\/2016\/07\/berger_logo_coul_seul.png","width":1257,"height":1156,"caption":"Berger"},"image":{"@id":"https:\/\/www.berger.ca\/es\/#\/schema\/logo\/image\/"},"sameAs":["https:\/\/www.facebook.com\/berger.ca\/","https:\/\/x.com\/berger_ca","https:\/\/www.instagram.com\/bergermixes\/","https:\/\/www.linkedin.com\/company\/berger-peat-moss-ltd-\/","https:\/\/www.pinterest.com\/bergerpeatmoss\/","https:\/\/www.youtube.com\/user\/tourbieresberger"]}]}},"_links":{"self":[{"href":"https:\/\/www.berger.ca\/es\/wp-json\/wp\/v2\/pages\/461","targetHints":{"allow":["GET"]}}],"collection":[{"href":"https:\/\/www.berger.ca\/es\/wp-json\/wp\/v2\/pages"}],"about":[{"href":"https:\/\/www.berger.ca\/es\/wp-json\/wp\/v2\/types\/page"}],"author":[{"embeddable":true,"href":"https:\/\/www.berger.ca\/es\/wp-json\/wp\/v2\/users\/2"}],"replies":[{"embeddable":true,"href":"https:\/\/www.berger.ca\/es\/wp-json\/wp\/v2\/comments?post=461"}],"version-history":[{"count":16,"href":"https:\/\/www.berger.ca\/es\/wp-json\/wp\/v2\/pages\/461\/revisions"}],"predecessor-version":[{"id":5618,"href":"https:\/\/www.berger.ca\/es\/wp-json\/wp\/v2\/pages\/461\/revisions\/5618"}],"up":[{"embeddable":true,"href":"https:\/\/www.berger.ca\/es\/wp-json\/wp\/v2\/pages\/275"}],"wp:attachment":[{"href":"https:\/\/www.berger.ca\/es\/wp-json\/wp\/v2\/media?parent=461"}],"curies":[{"name":"wp","href":"https:\/\/api.w.org\/{rel}","templated":true}]}}