{"id":465,"date":"2016-05-29T20:56:16","date_gmt":"2016-05-29T19:56:16","guid":{"rendered":"https:\/\/www.berger.ca\/es\/?page_id=465"},"modified":"2020-01-24T14:55:57","modified_gmt":"2020-01-24T19:55:57","slug":"plants-unlimited","status":"publish","type":"page","link":"https:\/\/www.berger.ca\/es\/recursos-para-los-productores\/testimonios\/plants-unlimited\/","title":{"rendered":"Plants Unlimited"},"content":{"rendered":"<h2>Plants Unlimited conf\u00eda en Berger para obtener cultivos uniformes, temporada tras temporada<\/h2>\n<a class=\"fancybox-media video wysiwyg-vid\" href=\"https:\/\/vimeo.com\/183725693\"><div class=\"single-tile\" style=\"background-image: url(https:\/\/www.berger.ca\/es\/wp-content\/uploads\/sites\/3\/2016\/07\/video_plantsunlimited.jpg)\"><div class=\"overlay\"><\/div><div class=\"vert-center\"><div class=\"sm-title green icon-berger-video-icon\">V\u00eddeo<\/div><div class=\"md-title\"><\/div><\/div><\/div><\/a>\n<p><div class=\"wysiwyg-quotes\"><span style=\"color: #ffffff;font-size: 17pt\">\u00abEstamos muy satisfechos con la uniformidad del producto, y apreciamos el hecho de que su pH y su conductividad el\u00e9ctrica son estables.\u00bb<\/span><\/div><br \/>\n<div class=\"wysiwyg-row\"><br \/>\n<div class=\"column-6\"><\/p>\n<p>Plants Unlimited, una empresa ubicada en Kalamazoo, Michigan, fue fundada en 2006 por sus actuales propietarios, Nirmal y Rachna Shah. Las instalaciones de la compa\u00f1\u00eda representan ahora <strong>quince acres<\/strong>. Entre otras cosas, la empresa produce <strong>crisantemos, pensamientos,<\/strong> diferentes variedades de col as\u00ed que <strong>ciclamen<\/strong>, siendo esta \u00faltima la principal producci\u00f3n invernal. Como productor bajo contrato, Plants Unlimited vende principalmente a mayoristas y <strong>centros de jardiner\u00eda independientes<\/strong>. Los cultivos est\u00e1n disponibles en una amplia variedad de recipientes, incluyendo<strong> charolas o bandejas<\/strong>, canastas colgantes y contenedores de gran capacidad.<\/p>\n<p>Para lograr su objetivo de <strong>producir plantas de calidad<\/strong> durante todo el a\u00f1o, Plants Unlimited ha utilizado la mezcla BM6 de Berger para todos sus cultivos desde hace varios a\u00f1os: \u00abUtilizamos una mezcla para cultivos de Berger desde que empec\u00e9 aqu\u00ed como jefe de producci\u00f3n \u00ab, dice Steve Hordyk. \u00abEstamos muy satisfechos con la <strong>uniformidad del producto<\/strong>, y apreciamos el hecho de que su<strong> pH y su conductividad el\u00e9ctrica<\/strong> son estables. Utilizamos entre 30 y 40 camiones cargados durante una temporada normal\u00bb, agreg\u00f3.<\/p>\n<p><\/div><\/p>\n<div class=\"column-6\">\n<p>Los empleados de Plants Unlimited tambi\u00e9n est\u00e1n muy contentos de su relaci\u00f3n con Berger: \u00abSon muy atento a nuestras necesidades\u00bb, dice Steve. \u00abEl servicio es excelente, su producto est\u00e1 listo para el uso y es entregado a tiempo. Realmente esperamos seguir produciendo de esta manera con la ayuda de Berger en los a\u00f1os por venir.\u201d<\/p>\n<p><\/div><br \/>\n<\/div><\/p>\n<p><br style=\"clear: both\" \/><a href=\"https:\/\/www.berger.ca\/es\/utilisation\/todo-uso\/\"><img loading=\"lazy\" decoding=\"async\" class=\"alignnone size-medium wp-image-2777\" src=\"https:\/\/www.berger.ca\/es\/wp-content\/uploads\/sites\/3\/2018\/07\/emballagebm6_generalpurposemix_38bag_berger-212x300.png\" alt=\"Todo uso\" width=\"212\" height=\"300\" srcset=\"https:\/\/www.berger.ca\/es\/wp-content\/uploads\/sites\/3\/2018\/07\/emballagebm6_generalpurposemix_38bag_berger-212x300.png 212w, https:\/\/www.berger.ca\/es\/wp-content\/uploads\/sites\/3\/2018\/07\/emballagebm6_generalpurposemix_38bag_berger.png 300w\" sizes=\"auto, (max-width: 212px) 100vw, 212px\" \/><\/a><br \/>\n<a class=\"button\" href=\"https:\/\/www.berger.ca\/es\/utilisation\/todo-uso\/\" target=\"_blank\" rel=\"noopener noreferrer\">CONOZCA TODAS LAS MEZCLAS DE TODO USO<\/a><\/p>\n<p><br style=\"clear: both\" \/><a class=\"link\" href=\"https:\/\/www.berger.ca\/es\/recursos-para-los-productores\/testimonios\/\">REGRESAR A LA P\u00c1GINAL DE TESTIMONIOS<\/a><\/p>\n","protected":false},"excerpt":{"rendered":"<p>Plants Unlimited conf\u00eda en Berger para obtener cultivos uniformes, temporada tras temporada CONOZCA TODAS LAS MEZCLAS DE TODO USO REGRESAR A LA P\u00c1GINAL DE TESTIMONIOS<\/p>\n","protected":false},"author":2,"featured_media":0,"parent":275,"menu_order":0,"comment_status":"closed","ping_status":"closed","template":"template-wysiwyg.php","meta":{"_acf_changed":false,"footnotes":""},"class_list":["post-465","page","type-page","status-publish","hentry"],"acf":[],"yoast_head":"<!-- This site is optimized with the Yoast SEO plugin v27.3 - https:\/\/yoast.com\/product\/yoast-seo-wordpress\/ -->\n<title>Plants Unlimited - Berger - ES<\/title>\n<meta name=\"description\" content=\"Entre otras cosas, la empresa produce crisantemos, pensamientos, diferentes variedades de col as\u00ed que ciclamen, siendo esta \u00faltima la principal producci\u00f3n invernal.\" \/>\n<meta name=\"robots\" content=\"index, follow, max-snippet:-1, max-image-preview:large, max-video-preview:-1\" \/>\n<link rel=\"canonical\" href=\"https:\/\/www.berger.ca\/es\/recursos-para-los-productores\/testimonios\/plants-unlimited\/\" \/>\n<meta property=\"og:locale\" content=\"es_ES\" \/>\n<meta property=\"og:type\" content=\"article\" \/>\n<meta property=\"og:title\" content=\"Plants Unlimited - Berger - ES\" \/>\n<meta property=\"og:description\" content=\"Entre otras cosas, la empresa produce crisantemos, pensamientos, diferentes variedades de col as\u00ed que ciclamen, siendo esta \u00faltima la principal producci\u00f3n invernal.\" \/>\n<meta property=\"og:url\" content=\"https:\/\/www.berger.ca\/es\/recursos-para-los-productores\/testimonios\/plants-unlimited\/\" \/>\n<meta property=\"og:site_name\" content=\"Berger - ES\" \/>\n<meta property=\"article:publisher\" content=\"https:\/\/www.facebook.com\/berger.ca\/\" \/>\n<meta property=\"article:modified_time\" content=\"2020-01-24T19:55:57+00:00\" \/>\n<meta property=\"og:image\" content=\"https:\/\/www.berger.ca\/es\/wp-content\/uploads\/sites\/3\/2018\/07\/emballagebm6_generalpurposemix_38bag_berger-212x300.png\" \/>\n<meta name=\"twitter:card\" content=\"summary_large_image\" \/>\n<meta name=\"twitter:site\" content=\"@berger_ca\" \/>\n<meta name=\"twitter:label1\" content=\"Tiempo de lectura\" \/>\n\t<meta name=\"twitter:data1\" content=\"2 minutos\" \/>\n<script type=\"application\/ld+json\" class=\"yoast-schema-graph\">{\"@context\":\"https:\\\/\\\/schema.org\",\"@graph\":[{\"@type\":\"WebPage\",\"@id\":\"https:\\\/\\\/www.berger.ca\\\/es\\\/recursos-para-los-productores\\\/testimonios\\\/plants-unlimited\\\/\",\"url\":\"https:\\\/\\\/www.berger.ca\\\/es\\\/recursos-para-los-productores\\\/testimonios\\\/plants-unlimited\\\/\",\"name\":\"Plants Unlimited - Berger - ES\",\"isPartOf\":{\"@id\":\"https:\\\/\\\/www.berger.ca\\\/es\\\/#website\"},\"primaryImageOfPage\":{\"@id\":\"https:\\\/\\\/www.berger.ca\\\/es\\\/recursos-para-los-productores\\\/testimonios\\\/plants-unlimited\\\/#primaryimage\"},\"image\":{\"@id\":\"https:\\\/\\\/www.berger.ca\\\/es\\\/recursos-para-los-productores\\\/testimonios\\\/plants-unlimited\\\/#primaryimage\"},\"thumbnailUrl\":\"https:\\\/\\\/www.berger.ca\\\/es\\\/wp-content\\\/uploads\\\/sites\\\/3\\\/2018\\\/07\\\/emballagebm6_generalpurposemix_38bag_berger-212x300.png\",\"datePublished\":\"2016-05-29T19:56:16+00:00\",\"dateModified\":\"2020-01-24T19:55:57+00:00\",\"description\":\"Entre otras cosas, la empresa produce crisantemos, pensamientos, diferentes variedades de col as\u00ed que ciclamen, siendo esta \u00faltima la principal producci\u00f3n invernal.\",\"breadcrumb\":{\"@id\":\"https:\\\/\\\/www.berger.ca\\\/es\\\/recursos-para-los-productores\\\/testimonios\\\/plants-unlimited\\\/#breadcrumb\"},\"inLanguage\":\"es\",\"potentialAction\":[{\"@type\":\"ReadAction\",\"target\":[\"https:\\\/\\\/www.berger.ca\\\/es\\\/recursos-para-los-productores\\\/testimonios\\\/plants-unlimited\\\/\"]}]},{\"@type\":\"ImageObject\",\"inLanguage\":\"es\",\"@id\":\"https:\\\/\\\/www.berger.ca\\\/es\\\/recursos-para-los-productores\\\/testimonios\\\/plants-unlimited\\\/#primaryimage\",\"url\":\"https:\\\/\\\/www.berger.ca\\\/es\\\/wp-content\\\/uploads\\\/sites\\\/3\\\/2018\\\/07\\\/emballagebm6_generalpurposemix_38bag_berger.png\",\"contentUrl\":\"https:\\\/\\\/www.berger.ca\\\/es\\\/wp-content\\\/uploads\\\/sites\\\/3\\\/2018\\\/07\\\/emballagebm6_generalpurposemix_38bag_berger.png\",\"width\":300,\"height\":425,\"caption\":\"Todo uso\"},{\"@type\":\"BreadcrumbList\",\"@id\":\"https:\\\/\\\/www.berger.ca\\\/es\\\/recursos-para-los-productores\\\/testimonios\\\/plants-unlimited\\\/#breadcrumb\",\"itemListElement\":[{\"@type\":\"ListItem\",\"position\":1,\"name\":\"Recursos para los productores\",\"item\":\"https:\\\/\\\/www.berger.ca\\\/es\\\/recursos-para-los-productores\\\/\"},{\"@type\":\"ListItem\",\"position\":2,\"name\":\"Testimonios\",\"item\":\"https:\\\/\\\/www.berger.ca\\\/es\\\/recursos-para-los-productores\\\/testimonios\\\/\"},{\"@type\":\"ListItem\",\"position\":3,\"name\":\"Plants Unlimited\"}]},{\"@type\":\"WebSite\",\"@id\":\"https:\\\/\\\/www.berger.ca\\\/es\\\/#website\",\"url\":\"https:\\\/\\\/www.berger.ca\\\/es\\\/\",\"name\":\"Berger - ES\",\"description\":\"Un site utilisant Sites Berger\",\"publisher\":{\"@id\":\"https:\\\/\\\/www.berger.ca\\\/es\\\/#organization\"},\"potentialAction\":[{\"@type\":\"SearchAction\",\"target\":{\"@type\":\"EntryPoint\",\"urlTemplate\":\"https:\\\/\\\/www.berger.ca\\\/es\\\/?s={search_term_string}\"},\"query-input\":{\"@type\":\"PropertyValueSpecification\",\"valueRequired\":true,\"valueName\":\"search_term_string\"}}],\"inLanguage\":\"es\"},{\"@type\":\"Organization\",\"@id\":\"https:\\\/\\\/www.berger.ca\\\/es\\\/#organization\",\"name\":\"Berger\",\"url\":\"https:\\\/\\\/www.berger.ca\\\/es\\\/\",\"logo\":{\"@type\":\"ImageObject\",\"inLanguage\":\"es\",\"@id\":\"https:\\\/\\\/www.berger.ca\\\/es\\\/#\\\/schema\\\/logo\\\/image\\\/\",\"url\":\"https:\\\/\\\/www.berger.ca\\\/es\\\/wp-content\\\/uploads\\\/sites\\\/3\\\/2016\\\/07\\\/berger_logo_coul_seul.png\",\"contentUrl\":\"https:\\\/\\\/www.berger.ca\\\/es\\\/wp-content\\\/uploads\\\/sites\\\/3\\\/2016\\\/07\\\/berger_logo_coul_seul.png\",\"width\":1257,\"height\":1156,\"caption\":\"Berger\"},\"image\":{\"@id\":\"https:\\\/\\\/www.berger.ca\\\/es\\\/#\\\/schema\\\/logo\\\/image\\\/\"},\"sameAs\":[\"https:\\\/\\\/www.facebook.com\\\/berger.ca\\\/\",\"https:\\\/\\\/x.com\\\/berger_ca\",\"https:\\\/\\\/www.instagram.com\\\/bergermixes\\\/\",\"https:\\\/\\\/www.linkedin.com\\\/company\\\/berger-peat-moss-ltd-\\\/\",\"https:\\\/\\\/www.pinterest.com\\\/bergerpeatmoss\\\/\",\"https:\\\/\\\/www.youtube.com\\\/user\\\/tourbieresberger\"]}]}<\/script>\n<!-- \/ Yoast SEO plugin. -->","yoast_head_json":{"title":"Plants Unlimited - Berger - ES","description":"Entre otras cosas, la empresa produce crisantemos, pensamientos, diferentes variedades de col as\u00ed que ciclamen, siendo esta \u00faltima la principal producci\u00f3n invernal.","robots":{"index":"index","follow":"follow","max-snippet":"max-snippet:-1","max-image-preview":"max-image-preview:large","max-video-preview":"max-video-preview:-1"},"canonical":"https:\/\/www.berger.ca\/es\/recursos-para-los-productores\/testimonios\/plants-unlimited\/","og_locale":"es_ES","og_type":"article","og_title":"Plants Unlimited - Berger - ES","og_description":"Entre otras cosas, la empresa produce crisantemos, pensamientos, diferentes variedades de col as\u00ed que ciclamen, siendo esta \u00faltima la principal producci\u00f3n invernal.","og_url":"https:\/\/www.berger.ca\/es\/recursos-para-los-productores\/testimonios\/plants-unlimited\/","og_site_name":"Berger - ES","article_publisher":"https:\/\/www.facebook.com\/berger.ca\/","article_modified_time":"2020-01-24T19:55:57+00:00","og_image":[{"url":"https:\/\/www.berger.ca\/es\/wp-content\/uploads\/sites\/3\/2018\/07\/emballagebm6_generalpurposemix_38bag_berger-212x300.png","type":"","width":"","height":""}],"twitter_card":"summary_large_image","twitter_site":"@berger_ca","twitter_misc":{"Tiempo de lectura":"2 minutos"},"schema":{"@context":"https:\/\/schema.org","@graph":[{"@type":"WebPage","@id":"https:\/\/www.berger.ca\/es\/recursos-para-los-productores\/testimonios\/plants-unlimited\/","url":"https:\/\/www.berger.ca\/es\/recursos-para-los-productores\/testimonios\/plants-unlimited\/","name":"Plants Unlimited - Berger - ES","isPartOf":{"@id":"https:\/\/www.berger.ca\/es\/#website"},"primaryImageOfPage":{"@id":"https:\/\/www.berger.ca\/es\/recursos-para-los-productores\/testimonios\/plants-unlimited\/#primaryimage"},"image":{"@id":"https:\/\/www.berger.ca\/es\/recursos-para-los-productores\/testimonios\/plants-unlimited\/#primaryimage"},"thumbnailUrl":"https:\/\/www.berger.ca\/es\/wp-content\/uploads\/sites\/3\/2018\/07\/emballagebm6_generalpurposemix_38bag_berger-212x300.png","datePublished":"2016-05-29T19:56:16+00:00","dateModified":"2020-01-24T19:55:57+00:00","description":"Entre otras cosas, la empresa produce crisantemos, pensamientos, diferentes variedades de col as\u00ed que ciclamen, siendo esta \u00faltima la principal producci\u00f3n invernal.","breadcrumb":{"@id":"https:\/\/www.berger.ca\/es\/recursos-para-los-productores\/testimonios\/plants-unlimited\/#breadcrumb"},"inLanguage":"es","potentialAction":[{"@type":"ReadAction","target":["https:\/\/www.berger.ca\/es\/recursos-para-los-productores\/testimonios\/plants-unlimited\/"]}]},{"@type":"ImageObject","inLanguage":"es","@id":"https:\/\/www.berger.ca\/es\/recursos-para-los-productores\/testimonios\/plants-unlimited\/#primaryimage","url":"https:\/\/www.berger.ca\/es\/wp-content\/uploads\/sites\/3\/2018\/07\/emballagebm6_generalpurposemix_38bag_berger.png","contentUrl":"https:\/\/www.berger.ca\/es\/wp-content\/uploads\/sites\/3\/2018\/07\/emballagebm6_generalpurposemix_38bag_berger.png","width":300,"height":425,"caption":"Todo uso"},{"@type":"BreadcrumbList","@id":"https:\/\/www.berger.ca\/es\/recursos-para-los-productores\/testimonios\/plants-unlimited\/#breadcrumb","itemListElement":[{"@type":"ListItem","position":1,"name":"Recursos para los productores","item":"https:\/\/www.berger.ca\/es\/recursos-para-los-productores\/"},{"@type":"ListItem","position":2,"name":"Testimonios","item":"https:\/\/www.berger.ca\/es\/recursos-para-los-productores\/testimonios\/"},{"@type":"ListItem","position":3,"name":"Plants Unlimited"}]},{"@type":"WebSite","@id":"https:\/\/www.berger.ca\/es\/#website","url":"https:\/\/www.berger.ca\/es\/","name":"Berger - ES","description":"Un site utilisant Sites Berger","publisher":{"@id":"https:\/\/www.berger.ca\/es\/#organization"},"potentialAction":[{"@type":"SearchAction","target":{"@type":"EntryPoint","urlTemplate":"https:\/\/www.berger.ca\/es\/?s={search_term_string}"},"query-input":{"@type":"PropertyValueSpecification","valueRequired":true,"valueName":"search_term_string"}}],"inLanguage":"es"},{"@type":"Organization","@id":"https:\/\/www.berger.ca\/es\/#organization","name":"Berger","url":"https:\/\/www.berger.ca\/es\/","logo":{"@type":"ImageObject","inLanguage":"es","@id":"https:\/\/www.berger.ca\/es\/#\/schema\/logo\/image\/","url":"https:\/\/www.berger.ca\/es\/wp-content\/uploads\/sites\/3\/2016\/07\/berger_logo_coul_seul.png","contentUrl":"https:\/\/www.berger.ca\/es\/wp-content\/uploads\/sites\/3\/2016\/07\/berger_logo_coul_seul.png","width":1257,"height":1156,"caption":"Berger"},"image":{"@id":"https:\/\/www.berger.ca\/es\/#\/schema\/logo\/image\/"},"sameAs":["https:\/\/www.facebook.com\/berger.ca\/","https:\/\/x.com\/berger_ca","https:\/\/www.instagram.com\/bergermixes\/","https:\/\/www.linkedin.com\/company\/berger-peat-moss-ltd-\/","https:\/\/www.pinterest.com\/bergerpeatmoss\/","https:\/\/www.youtube.com\/user\/tourbieresberger"]}]}},"_links":{"self":[{"href":"https:\/\/www.berger.ca\/es\/wp-json\/wp\/v2\/pages\/465","targetHints":{"allow":["GET"]}}],"collection":[{"href":"https:\/\/www.berger.ca\/es\/wp-json\/wp\/v2\/pages"}],"about":[{"href":"https:\/\/www.berger.ca\/es\/wp-json\/wp\/v2\/types\/page"}],"author":[{"embeddable":true,"href":"https:\/\/www.berger.ca\/es\/wp-json\/wp\/v2\/users\/2"}],"replies":[{"embeddable":true,"href":"https:\/\/www.berger.ca\/es\/wp-json\/wp\/v2\/comments?post=465"}],"version-history":[{"count":16,"href":"https:\/\/www.berger.ca\/es\/wp-json\/wp\/v2\/pages\/465\/revisions"}],"predecessor-version":[{"id":4170,"href":"https:\/\/www.berger.ca\/es\/wp-json\/wp\/v2\/pages\/465\/revisions\/4170"}],"up":[{"embeddable":true,"href":"https:\/\/www.berger.ca\/es\/wp-json\/wp\/v2\/pages\/275"}],"wp:attachment":[{"href":"https:\/\/www.berger.ca\/es\/wp-json\/wp\/v2\/media?parent=465"}],"curies":[{"name":"wp","href":"https:\/\/api.w.org\/{rel}","templated":true}]}}