{"id":4669,"date":"2022-10-13T14:35:24","date_gmt":"2022-10-13T19:35:24","guid":{"rendered":"https:\/\/www.berger.ca\/es\/?page_id=4669"},"modified":"2022-10-19T13:45:08","modified_gmt":"2022-10-19T18:45:08","slug":"expo-agroalimentaria-guanajuato-2022","status":"publish","type":"page","link":"https:\/\/www.berger.ca\/es\/recursos-para-los-productores\/seminarios-tecnicos-y-eventos\/expo-agroalimentaria-guanajuato-2022\/","title":{"rendered":"Expo AgroAlimentaria Guanajuato\u00ae 2022"},"content":{"rendered":"<p><div class=\"wysiwyg-row\"><br \/>\n<div class=\"column-8\"><\/p>\n<h2>Crecer m\u00e1s all\u00e1 de tus expectativas\u2026 en el estand #228 y #229! <\/h2>\n<p>En Berger, hacemos mucho m\u00e1s que crear lo que se considera ampliamente el mejor medio de cultivo disponible. Como sabe, adem\u00e1s de nuestra experiencia y pensamiento innovador, la relaci\u00f3n con nuestros clientes sigue siendo una parte clave de nuestro enfoque para ayudarlo a crecer m\u00e1s all\u00e1 de sus expectativas.<\/p>\n<p><\/div><\/p>\n<div class=\"column-4\">\n<h2><span style=\"color: #88ac2e\">Del 8 al 11 de noviembre de 2022 | De 10 a.m. a 6 p.m <\/span><\/h2>\n<p><b>Booth #228 y 229<\/b> |  Centro de negocio  | Carreta Irapuato \u2013 Abasolo KM 6.5, Guanajuato, M\u00e9xico<\/p>\n<p><strong>\u00a1Nos vemos en Irapuato!<\/strong> <\/p>\n<p><a class=\"button\" href=\"https:\/\/www.expoagrogto.com\/\">\u00a1Registrate Ahora!<\/a><\/p>\n<p><\/div><br \/>\n<\/div><br \/>\n<div class=\"column-12\"><\/p>\n<h3>Nuestros equipos de especialistas estar\u00e1n presentes para ayudarlo a descubrir las ventajas de las mezclas para cultivos Berger y mucho m\u00e1s. <\/h3>\n<p><\/div><br \/>\n&nbsp;<\/p>\n<div class=\"wysiwyg-row\"><br \/>\n<div class=\"column-2\"><\/p>\n<p><img loading=\"lazy\" decoding=\"async\" class=\"alignnone wp-image-5127\" src=\"https:\/\/www.berger.ca\/en\/wp-content\/uploads\/sites\/2\/2019\/10\/DianaBarera.png\" alt=\"Diana Barrera\" width=\"164\" height=\"190\" \/><\/p>\n<p><strong>DIANA BARRERA<\/strong> Representante de satisfacci\u00f3n de la clientela<\/p>\n<p><\/div><br \/>\n<div class=\"column-2\"><\/p>\n<p><img loading=\"lazy\" decoding=\"async\" class=\"alignnone wp-image-5127\" src=\"https:\/\/www.berger.ca\/en\/wp-content\/uploads\/sites\/2\/2022\/10\/photos_gpaulinep_rond.png\" alt=\"Pauline Portal\" width=\"164\" height=\"190\" \/><\/p>\n<p><strong>PAULINE PORTAL<\/strong> Asesor en cultivos<\/p>\n<p><\/div><\/p>\n<p><div class=\"column-2\"><\/p>\n<p><img loading=\"lazy\" decoding=\"async\" class=\"alignnone wp-image-5127\" src=\"https:\/\/www.berger.ca\/en\/wp-content\/uploads\/sites\/2\/2022\/10\/photos_juan_rond.png\" alt=\"Juan Carlos Garcia\" width=\"164\" height=\"190\" \/><\/p>\n<p><strong>JUAN CARLOS GARCIA<\/strong> Representante de ventas | M\u00e9xico<\/p>\n<p><\/div><\/p>\n<p><div class=\"column-2\"><\/p>\n<p><img loading=\"lazy\" decoding=\"async\" class=\"alignnone wp-image-5127\" src=\"https:\/\/www.berger.ca\/en\/wp-content\/uploads\/sites\/2\/2022\/10\/photos_harold_rond.png\" alt=\"Harold Sagastume\" width=\"164\" height=\"190\" \/><\/p>\n<p><strong>HAROLD SAGASTUME<\/strong> Representante de ventas | Centro America  \u2022 Asesor en cultivos | LATAM<\/p>\n<p><\/div><\/p>\n<p><div class=\"column-2\"><\/p>\n<p><img loading=\"lazy\" decoding=\"async\" class=\"alignnone wp-image-5127\" src=\"https:\/\/www.berger.ca\/en\/wp-content\/uploads\/sites\/2\/2019\/08\/martinbarrera.png\" alt=\"Martin Barrera\" width=\"164\" height=\"190\" \/><\/p>\n<p><strong>MARTIN BARRERA<\/strong> Representante de ventas | M\u00e9xico<br \/>\n<\/div><\/p>\n<p><\/div>\n<p>&nbsp;<\/p>\n<hr \/>\n<p>&nbsp;<br \/>\n&nbsp;<\/p>\n<h2>\u00bfPrefiere la versi\u00f3n virtual del evento? \u00a1No hay problema! Mira nuestra conferencia virtual.<\/h2>\n<div class=\"column-8\"><\/p>\n<h4>Webinar: M\u00e9todos rentables para aumentar sus m\u00e1rgenes al producir plantas j\u00f3venes<\/h4>\n<p>Esta presentaci\u00f3n tiene por objetivo proporcionar orientaciones para optimizar el manejo de su mezcla para germinaci\u00f3n antes, durante y despu\u00e9s del llenado de sus charolas para que pueda maximizar el desarrollo de las ra\u00edces y la salud global de la planta.<\/p>\n<p><strong>Presentado por Harold Sagastume<\/strong><br \/>\n&nbsp;<br \/>\n<a class=\"button\" href=\"https:\/\/vimeo.com\/manage\/videos\/761871344\">Conferencia virtual<\/a><\/p>\n<p><\/div>\n<p><div class=\"column-4\"><br \/>\n<img loading=\"lazy\" decoding=\"async\" src=\"https:\/\/www.berger.ca\/en\/wp-content\/uploads\/sites\/2\/2022\/10\/berger_semis_2-1024x870.png\" alt=\"\" width=\"1024\" height=\"870\" class=\"alignnone size-large wp-image-11247\" \/><br \/>\n<\/div><br \/>\n&nbsp;<\/p>\n","protected":false},"excerpt":{"rendered":"<p>&nbsp; &nbsp; &nbsp; &nbsp; \u00bfPrefiere la versi\u00f3n virtual del evento? \u00a1No hay problema! Mira nuestra conferencia virtual. &nbsp;<\/p>\n","protected":false},"author":3,"featured_media":0,"parent":267,"menu_order":0,"comment_status":"closed","ping_status":"closed","template":"","meta":{"_acf_changed":false,"footnotes":""},"class_list":["post-4669","page","type-page","status-publish","hentry"],"acf":[],"yoast_head":"<!-- This site is optimized with the Yoast SEO plugin v27.3 - https:\/\/yoast.com\/product\/yoast-seo-wordpress\/ -->\n<title>Expo AgroAlimentaria Guanajuato\u00ae 2022 - Berger - ES<\/title>\n<meta name=\"robots\" content=\"index, follow, max-snippet:-1, max-image-preview:large, max-video-preview:-1\" \/>\n<link rel=\"canonical\" href=\"https:\/\/www.berger.ca\/es\/recursos-para-los-productores\/seminarios-tecnicos-y-eventos\/expo-agroalimentaria-guanajuato-2022\/\" \/>\n<meta property=\"og:locale\" content=\"es_ES\" \/>\n<meta property=\"og:type\" content=\"article\" \/>\n<meta property=\"og:title\" content=\"Expo AgroAlimentaria Guanajuato\u00ae 2022 - Berger - ES\" \/>\n<meta property=\"og:description\" content=\"&nbsp; &nbsp; &nbsp; &nbsp; \u00bfPrefiere la versi\u00f3n virtual del evento? \u00a1No hay problema! Mira nuestra conferencia virtual. &nbsp;\" \/>\n<meta property=\"og:url\" content=\"https:\/\/www.berger.ca\/es\/recursos-para-los-productores\/seminarios-tecnicos-y-eventos\/expo-agroalimentaria-guanajuato-2022\/\" \/>\n<meta property=\"og:site_name\" content=\"Berger - ES\" \/>\n<meta property=\"article:publisher\" content=\"https:\/\/www.facebook.com\/berger.ca\/\" \/>\n<meta property=\"article:modified_time\" content=\"2022-10-19T18:45:08+00:00\" \/>\n<meta property=\"og:image\" content=\"https:\/\/www.berger.ca\/en\/wp-content\/uploads\/sites\/2\/2019\/10\/DianaBarera.png\" \/>\n<meta name=\"twitter:card\" content=\"summary_large_image\" \/>\n<meta name=\"twitter:site\" content=\"@berger_ca\" \/>\n<meta name=\"twitter:label1\" content=\"Tiempo de lectura\" \/>\n\t<meta name=\"twitter:data1\" content=\"3 minutos\" \/>\n<script type=\"application\/ld+json\" class=\"yoast-schema-graph\">{\"@context\":\"https:\\\/\\\/schema.org\",\"@graph\":[{\"@type\":\"WebPage\",\"@id\":\"https:\\\/\\\/www.berger.ca\\\/es\\\/recursos-para-los-productores\\\/seminarios-tecnicos-y-eventos\\\/expo-agroalimentaria-guanajuato-2022\\\/\",\"url\":\"https:\\\/\\\/www.berger.ca\\\/es\\\/recursos-para-los-productores\\\/seminarios-tecnicos-y-eventos\\\/expo-agroalimentaria-guanajuato-2022\\\/\",\"name\":\"Expo AgroAlimentaria Guanajuato\u00ae 2022 - Berger - ES\",\"isPartOf\":{\"@id\":\"https:\\\/\\\/www.berger.ca\\\/es\\\/#website\"},\"primaryImageOfPage\":{\"@id\":\"https:\\\/\\\/www.berger.ca\\\/es\\\/recursos-para-los-productores\\\/seminarios-tecnicos-y-eventos\\\/expo-agroalimentaria-guanajuato-2022\\\/#primaryimage\"},\"image\":{\"@id\":\"https:\\\/\\\/www.berger.ca\\\/es\\\/recursos-para-los-productores\\\/seminarios-tecnicos-y-eventos\\\/expo-agroalimentaria-guanajuato-2022\\\/#primaryimage\"},\"thumbnailUrl\":\"https:\\\/\\\/www.berger.ca\\\/en\\\/wp-content\\\/uploads\\\/sites\\\/2\\\/2019\\\/10\\\/DianaBarera.png\",\"datePublished\":\"2022-10-13T19:35:24+00:00\",\"dateModified\":\"2022-10-19T18:45:08+00:00\",\"breadcrumb\":{\"@id\":\"https:\\\/\\\/www.berger.ca\\\/es\\\/recursos-para-los-productores\\\/seminarios-tecnicos-y-eventos\\\/expo-agroalimentaria-guanajuato-2022\\\/#breadcrumb\"},\"inLanguage\":\"es\",\"potentialAction\":[{\"@type\":\"ReadAction\",\"target\":[\"https:\\\/\\\/www.berger.ca\\\/es\\\/recursos-para-los-productores\\\/seminarios-tecnicos-y-eventos\\\/expo-agroalimentaria-guanajuato-2022\\\/\"]}]},{\"@type\":\"ImageObject\",\"inLanguage\":\"es\",\"@id\":\"https:\\\/\\\/www.berger.ca\\\/es\\\/recursos-para-los-productores\\\/seminarios-tecnicos-y-eventos\\\/expo-agroalimentaria-guanajuato-2022\\\/#primaryimage\",\"url\":\"https:\\\/\\\/www.berger.ca\\\/en\\\/wp-content\\\/uploads\\\/sites\\\/2\\\/2019\\\/10\\\/DianaBarera.png\",\"contentUrl\":\"https:\\\/\\\/www.berger.ca\\\/en\\\/wp-content\\\/uploads\\\/sites\\\/2\\\/2019\\\/10\\\/DianaBarera.png\"},{\"@type\":\"BreadcrumbList\",\"@id\":\"https:\\\/\\\/www.berger.ca\\\/es\\\/recursos-para-los-productores\\\/seminarios-tecnicos-y-eventos\\\/expo-agroalimentaria-guanajuato-2022\\\/#breadcrumb\",\"itemListElement\":[{\"@type\":\"ListItem\",\"position\":1,\"name\":\"Recursos para los productores\",\"item\":\"https:\\\/\\\/www.berger.ca\\\/es\\\/recursos-para-los-productores\\\/\"},{\"@type\":\"ListItem\",\"position\":2,\"name\":\"Seminarios t\u00e9cnicos y eventos\",\"item\":\"https:\\\/\\\/www.berger.ca\\\/es\\\/recursos-para-los-productores\\\/seminarios-tecnicos-y-eventos\\\/\"},{\"@type\":\"ListItem\",\"position\":3,\"name\":\"Expo AgroAlimentaria Guanajuato\u00ae 2022\"}]},{\"@type\":\"WebSite\",\"@id\":\"https:\\\/\\\/www.berger.ca\\\/es\\\/#website\",\"url\":\"https:\\\/\\\/www.berger.ca\\\/es\\\/\",\"name\":\"Berger - ES\",\"description\":\"Un site utilisant Sites Berger\",\"publisher\":{\"@id\":\"https:\\\/\\\/www.berger.ca\\\/es\\\/#organization\"},\"potentialAction\":[{\"@type\":\"SearchAction\",\"target\":{\"@type\":\"EntryPoint\",\"urlTemplate\":\"https:\\\/\\\/www.berger.ca\\\/es\\\/?s={search_term_string}\"},\"query-input\":{\"@type\":\"PropertyValueSpecification\",\"valueRequired\":true,\"valueName\":\"search_term_string\"}}],\"inLanguage\":\"es\"},{\"@type\":\"Organization\",\"@id\":\"https:\\\/\\\/www.berger.ca\\\/es\\\/#organization\",\"name\":\"Berger\",\"url\":\"https:\\\/\\\/www.berger.ca\\\/es\\\/\",\"logo\":{\"@type\":\"ImageObject\",\"inLanguage\":\"es\",\"@id\":\"https:\\\/\\\/www.berger.ca\\\/es\\\/#\\\/schema\\\/logo\\\/image\\\/\",\"url\":\"https:\\\/\\\/www.berger.ca\\\/es\\\/wp-content\\\/uploads\\\/sites\\\/3\\\/2016\\\/07\\\/berger_logo_coul_seul.png\",\"contentUrl\":\"https:\\\/\\\/www.berger.ca\\\/es\\\/wp-content\\\/uploads\\\/sites\\\/3\\\/2016\\\/07\\\/berger_logo_coul_seul.png\",\"width\":1257,\"height\":1156,\"caption\":\"Berger\"},\"image\":{\"@id\":\"https:\\\/\\\/www.berger.ca\\\/es\\\/#\\\/schema\\\/logo\\\/image\\\/\"},\"sameAs\":[\"https:\\\/\\\/www.facebook.com\\\/berger.ca\\\/\",\"https:\\\/\\\/x.com\\\/berger_ca\",\"https:\\\/\\\/www.instagram.com\\\/bergermixes\\\/\",\"https:\\\/\\\/www.linkedin.com\\\/company\\\/berger-peat-moss-ltd-\\\/\",\"https:\\\/\\\/www.pinterest.com\\\/bergerpeatmoss\\\/\",\"https:\\\/\\\/www.youtube.com\\\/user\\\/tourbieresberger\"]}]}<\/script>\n<!-- \/ Yoast SEO plugin. -->","yoast_head_json":{"title":"Expo AgroAlimentaria Guanajuato\u00ae 2022 - Berger - ES","robots":{"index":"index","follow":"follow","max-snippet":"max-snippet:-1","max-image-preview":"max-image-preview:large","max-video-preview":"max-video-preview:-1"},"canonical":"https:\/\/www.berger.ca\/es\/recursos-para-los-productores\/seminarios-tecnicos-y-eventos\/expo-agroalimentaria-guanajuato-2022\/","og_locale":"es_ES","og_type":"article","og_title":"Expo AgroAlimentaria Guanajuato\u00ae 2022 - Berger - ES","og_description":"&nbsp; &nbsp; &nbsp; &nbsp; \u00bfPrefiere la versi\u00f3n virtual del evento? \u00a1No hay problema! Mira nuestra conferencia virtual. &nbsp;","og_url":"https:\/\/www.berger.ca\/es\/recursos-para-los-productores\/seminarios-tecnicos-y-eventos\/expo-agroalimentaria-guanajuato-2022\/","og_site_name":"Berger - ES","article_publisher":"https:\/\/www.facebook.com\/berger.ca\/","article_modified_time":"2022-10-19T18:45:08+00:00","og_image":[{"url":"https:\/\/www.berger.ca\/en\/wp-content\/uploads\/sites\/2\/2019\/10\/DianaBarera.png","type":"","width":"","height":""}],"twitter_card":"summary_large_image","twitter_site":"@berger_ca","twitter_misc":{"Tiempo de lectura":"3 minutos"},"schema":{"@context":"https:\/\/schema.org","@graph":[{"@type":"WebPage","@id":"https:\/\/www.berger.ca\/es\/recursos-para-los-productores\/seminarios-tecnicos-y-eventos\/expo-agroalimentaria-guanajuato-2022\/","url":"https:\/\/www.berger.ca\/es\/recursos-para-los-productores\/seminarios-tecnicos-y-eventos\/expo-agroalimentaria-guanajuato-2022\/","name":"Expo AgroAlimentaria Guanajuato\u00ae 2022 - Berger - ES","isPartOf":{"@id":"https:\/\/www.berger.ca\/es\/#website"},"primaryImageOfPage":{"@id":"https:\/\/www.berger.ca\/es\/recursos-para-los-productores\/seminarios-tecnicos-y-eventos\/expo-agroalimentaria-guanajuato-2022\/#primaryimage"},"image":{"@id":"https:\/\/www.berger.ca\/es\/recursos-para-los-productores\/seminarios-tecnicos-y-eventos\/expo-agroalimentaria-guanajuato-2022\/#primaryimage"},"thumbnailUrl":"https:\/\/www.berger.ca\/en\/wp-content\/uploads\/sites\/2\/2019\/10\/DianaBarera.png","datePublished":"2022-10-13T19:35:24+00:00","dateModified":"2022-10-19T18:45:08+00:00","breadcrumb":{"@id":"https:\/\/www.berger.ca\/es\/recursos-para-los-productores\/seminarios-tecnicos-y-eventos\/expo-agroalimentaria-guanajuato-2022\/#breadcrumb"},"inLanguage":"es","potentialAction":[{"@type":"ReadAction","target":["https:\/\/www.berger.ca\/es\/recursos-para-los-productores\/seminarios-tecnicos-y-eventos\/expo-agroalimentaria-guanajuato-2022\/"]}]},{"@type":"ImageObject","inLanguage":"es","@id":"https:\/\/www.berger.ca\/es\/recursos-para-los-productores\/seminarios-tecnicos-y-eventos\/expo-agroalimentaria-guanajuato-2022\/#primaryimage","url":"https:\/\/www.berger.ca\/en\/wp-content\/uploads\/sites\/2\/2019\/10\/DianaBarera.png","contentUrl":"https:\/\/www.berger.ca\/en\/wp-content\/uploads\/sites\/2\/2019\/10\/DianaBarera.png"},{"@type":"BreadcrumbList","@id":"https:\/\/www.berger.ca\/es\/recursos-para-los-productores\/seminarios-tecnicos-y-eventos\/expo-agroalimentaria-guanajuato-2022\/#breadcrumb","itemListElement":[{"@type":"ListItem","position":1,"name":"Recursos para los productores","item":"https:\/\/www.berger.ca\/es\/recursos-para-los-productores\/"},{"@type":"ListItem","position":2,"name":"Seminarios t\u00e9cnicos y eventos","item":"https:\/\/www.berger.ca\/es\/recursos-para-los-productores\/seminarios-tecnicos-y-eventos\/"},{"@type":"ListItem","position":3,"name":"Expo AgroAlimentaria Guanajuato\u00ae 2022"}]},{"@type":"WebSite","@id":"https:\/\/www.berger.ca\/es\/#website","url":"https:\/\/www.berger.ca\/es\/","name":"Berger - ES","description":"Un site utilisant Sites Berger","publisher":{"@id":"https:\/\/www.berger.ca\/es\/#organization"},"potentialAction":[{"@type":"SearchAction","target":{"@type":"EntryPoint","urlTemplate":"https:\/\/www.berger.ca\/es\/?s={search_term_string}"},"query-input":{"@type":"PropertyValueSpecification","valueRequired":true,"valueName":"search_term_string"}}],"inLanguage":"es"},{"@type":"Organization","@id":"https:\/\/www.berger.ca\/es\/#organization","name":"Berger","url":"https:\/\/www.berger.ca\/es\/","logo":{"@type":"ImageObject","inLanguage":"es","@id":"https:\/\/www.berger.ca\/es\/#\/schema\/logo\/image\/","url":"https:\/\/www.berger.ca\/es\/wp-content\/uploads\/sites\/3\/2016\/07\/berger_logo_coul_seul.png","contentUrl":"https:\/\/www.berger.ca\/es\/wp-content\/uploads\/sites\/3\/2016\/07\/berger_logo_coul_seul.png","width":1257,"height":1156,"caption":"Berger"},"image":{"@id":"https:\/\/www.berger.ca\/es\/#\/schema\/logo\/image\/"},"sameAs":["https:\/\/www.facebook.com\/berger.ca\/","https:\/\/x.com\/berger_ca","https:\/\/www.instagram.com\/bergermixes\/","https:\/\/www.linkedin.com\/company\/berger-peat-moss-ltd-\/","https:\/\/www.pinterest.com\/bergerpeatmoss\/","https:\/\/www.youtube.com\/user\/tourbieresberger"]}]}},"_links":{"self":[{"href":"https:\/\/www.berger.ca\/es\/wp-json\/wp\/v2\/pages\/4669","targetHints":{"allow":["GET"]}}],"collection":[{"href":"https:\/\/www.berger.ca\/es\/wp-json\/wp\/v2\/pages"}],"about":[{"href":"https:\/\/www.berger.ca\/es\/wp-json\/wp\/v2\/types\/page"}],"author":[{"embeddable":true,"href":"https:\/\/www.berger.ca\/es\/wp-json\/wp\/v2\/users\/3"}],"replies":[{"embeddable":true,"href":"https:\/\/www.berger.ca\/es\/wp-json\/wp\/v2\/comments?post=4669"}],"version-history":[{"count":11,"href":"https:\/\/www.berger.ca\/es\/wp-json\/wp\/v2\/pages\/4669\/revisions"}],"predecessor-version":[{"id":4684,"href":"https:\/\/www.berger.ca\/es\/wp-json\/wp\/v2\/pages\/4669\/revisions\/4684"}],"up":[{"embeddable":true,"href":"https:\/\/www.berger.ca\/es\/wp-json\/wp\/v2\/pages\/267"}],"wp:attachment":[{"href":"https:\/\/www.berger.ca\/es\/wp-json\/wp\/v2\/media?parent=4669"}],"curies":[{"name":"wp","href":"https:\/\/api.w.org\/{rel}","templated":true}]}}