{"id":4690,"date":"2022-11-16T09:58:34","date_gmt":"2022-11-16T14:58:34","guid":{"rendered":"https:\/\/www.berger.ca\/es\/?page_id=4690"},"modified":"2025-04-25T06:44:50","modified_gmt":"2025-04-25T11:44:50","slug":"equipo-berger-en-america-latina","status":"publish","type":"page","link":"https:\/\/www.berger.ca\/es\/equipo-berger-en-america-latina\/","title":{"rendered":"Equipo Berger en Am\u00e9rica Latina"},"content":{"rendered":"<h2 style=\"text-align: left\">Equipo Berger en Am\u00e9rica Latina<\/h2>\n<p style=\"text-align: left\">La industria de la horticultura cambia rapidamente, y su empresa debe evolucionar constantemente para responder a las distintas necesidades y desaf\u00edos inesperados. Para brindar servicios de ultima generaci\u00f3n que gusten al cliente a trav\u00e9s del proceso de cultivo, Berger esta creando un equipo solido dedicado espec\u00edficamente a asegurar su \u00e9xito. Cada paquete de mezcla para cultivos se acompa\u00f1a de conocimientos y experiencia excepcional.<\/p>\n<p>&nbsp;<\/p>\n<div class=\"wysiwyg-row\"><\/div>\n","protected":false},"excerpt":{"rendered":"<p>Equipo Berger en Am\u00e9rica Latina La industria de la horticultura cambia rapidamente, y su empresa debe evolucionar constantemente para responder a las distintas necesidades y desaf\u00edos inesperados. Para brindar servicios de ultima generaci\u00f3n que gusten al cliente a trav\u00e9s del proceso de cultivo, Berger esta creando un equipo solido dedicado espec\u00edficamente a asegurar su \u00e9xito. Cada paquete de mezcla para cultivos se acompa\u00f1a de conocimientos y experiencia excepcional. &nbsp;<\/p>\n","protected":false},"author":3,"featured_media":3364,"parent":0,"menu_order":0,"comment_status":"closed","ping_status":"closed","template":"template-specialists.php","meta":{"_acf_changed":false,"footnotes":""},"class_list":["post-4690","page","type-page","status-publish","has-post-thumbnail","hentry"],"acf":[],"yoast_head":"<!-- This site is optimized with the Yoast SEO plugin v27.4 - https:\/\/yoast.com\/product\/yoast-seo-wordpress\/ -->\n<title>Equipo Berger en Am\u00e9rica Latina - Berger - ES<\/title>\n<meta name=\"robots\" content=\"index, follow, max-snippet:-1, max-image-preview:large, max-video-preview:-1\" \/>\n<link rel=\"canonical\" href=\"https:\/\/www.berger.ca\/es\/equipo-berger-en-america-latina\/\" \/>\n<meta property=\"og:locale\" content=\"es_ES\" \/>\n<meta property=\"og:type\" content=\"article\" \/>\n<meta property=\"og:title\" content=\"Equipo Berger en Am\u00e9rica Latina - Berger - ES\" \/>\n<meta property=\"og:description\" content=\"Equipo Berger en Am\u00e9rica Latina La industria de la horticultura cambia rapidamente, y su empresa debe evolucionar constantemente para responder a las distintas necesidades y desaf\u00edos inesperados. Para brindar servicios de ultima generaci\u00f3n que gusten al cliente a trav\u00e9s del proceso de cultivo, Berger esta creando un equipo solido dedicado espec\u00edficamente a asegurar su \u00e9xito. Cada paquete de mezcla para cultivos se acompa\u00f1a de conocimientos y experiencia excepcional. &nbsp;\" \/>\n<meta property=\"og:url\" content=\"https:\/\/www.berger.ca\/es\/equipo-berger-en-america-latina\/\" \/>\n<meta property=\"og:site_name\" content=\"Berger - ES\" \/>\n<meta property=\"article:publisher\" content=\"https:\/\/www.facebook.com\/berger.ca\/\" \/>\n<meta property=\"article:modified_time\" content=\"2025-04-25T11:44:50+00:00\" \/>\n<meta property=\"og:image\" content=\"https:\/\/www.berger.ca\/es\/wp-content\/uploads\/sites\/3\/2017\/05\/bkg_invernadero.jpg\" \/>\n\t<meta property=\"og:image:width\" content=\"3168\" \/>\n\t<meta property=\"og:image:height\" content=\"1440\" \/>\n\t<meta property=\"og:image:type\" content=\"image\/jpeg\" \/>\n<meta name=\"twitter:card\" content=\"summary_large_image\" \/>\n<meta name=\"twitter:site\" content=\"@berger_ca\" \/>\n<meta name=\"twitter:label1\" content=\"Tiempo de lectura\" \/>\n\t<meta name=\"twitter:data1\" content=\"1 minuto\" \/>\n<script type=\"application\/ld+json\" class=\"yoast-schema-graph\">{\"@context\":\"https:\\\/\\\/schema.org\",\"@graph\":[{\"@type\":\"WebPage\",\"@id\":\"https:\\\/\\\/www.berger.ca\\\/es\\\/equipo-berger-en-america-latina\\\/\",\"url\":\"https:\\\/\\\/www.berger.ca\\\/es\\\/equipo-berger-en-america-latina\\\/\",\"name\":\"Equipo Berger en Am\u00e9rica Latina - Berger - ES\",\"isPartOf\":{\"@id\":\"https:\\\/\\\/www.berger.ca\\\/es\\\/#website\"},\"primaryImageOfPage\":{\"@id\":\"https:\\\/\\\/www.berger.ca\\\/es\\\/equipo-berger-en-america-latina\\\/#primaryimage\"},\"image\":{\"@id\":\"https:\\\/\\\/www.berger.ca\\\/es\\\/equipo-berger-en-america-latina\\\/#primaryimage\"},\"thumbnailUrl\":\"https:\\\/\\\/www.berger.ca\\\/es\\\/wp-content\\\/uploads\\\/sites\\\/3\\\/2017\\\/05\\\/bkg_invernadero.jpg\",\"datePublished\":\"2022-11-16T14:58:34+00:00\",\"dateModified\":\"2025-04-25T11:44:50+00:00\",\"inLanguage\":\"es\",\"potentialAction\":[{\"@type\":\"ReadAction\",\"target\":[\"https:\\\/\\\/www.berger.ca\\\/es\\\/equipo-berger-en-america-latina\\\/\"]}]},{\"@type\":\"ImageObject\",\"inLanguage\":\"es\",\"@id\":\"https:\\\/\\\/www.berger.ca\\\/es\\\/equipo-berger-en-america-latina\\\/#primaryimage\",\"url\":\"https:\\\/\\\/www.berger.ca\\\/es\\\/wp-content\\\/uploads\\\/sites\\\/3\\\/2017\\\/05\\\/bkg_invernadero.jpg\",\"contentUrl\":\"https:\\\/\\\/www.berger.ca\\\/es\\\/wp-content\\\/uploads\\\/sites\\\/3\\\/2017\\\/05\\\/bkg_invernadero.jpg\",\"width\":3168,\"height\":1440,\"caption\":\"invernadero\"},{\"@type\":\"WebSite\",\"@id\":\"https:\\\/\\\/www.berger.ca\\\/es\\\/#website\",\"url\":\"https:\\\/\\\/www.berger.ca\\\/es\\\/\",\"name\":\"Berger - ES\",\"description\":\"Un site utilisant Sites Berger\",\"publisher\":{\"@id\":\"https:\\\/\\\/www.berger.ca\\\/es\\\/#organization\"},\"potentialAction\":[{\"@type\":\"SearchAction\",\"target\":{\"@type\":\"EntryPoint\",\"urlTemplate\":\"https:\\\/\\\/www.berger.ca\\\/es\\\/?s={search_term_string}\"},\"query-input\":{\"@type\":\"PropertyValueSpecification\",\"valueRequired\":true,\"valueName\":\"search_term_string\"}}],\"inLanguage\":\"es\"},{\"@type\":\"Organization\",\"@id\":\"https:\\\/\\\/www.berger.ca\\\/es\\\/#organization\",\"name\":\"Berger\",\"url\":\"https:\\\/\\\/www.berger.ca\\\/es\\\/\",\"logo\":{\"@type\":\"ImageObject\",\"inLanguage\":\"es\",\"@id\":\"https:\\\/\\\/www.berger.ca\\\/es\\\/#\\\/schema\\\/logo\\\/image\\\/\",\"url\":\"https:\\\/\\\/www.berger.ca\\\/es\\\/wp-content\\\/uploads\\\/sites\\\/3\\\/2016\\\/07\\\/berger_logo_coul_seul.png\",\"contentUrl\":\"https:\\\/\\\/www.berger.ca\\\/es\\\/wp-content\\\/uploads\\\/sites\\\/3\\\/2016\\\/07\\\/berger_logo_coul_seul.png\",\"width\":1257,\"height\":1156,\"caption\":\"Berger\"},\"image\":{\"@id\":\"https:\\\/\\\/www.berger.ca\\\/es\\\/#\\\/schema\\\/logo\\\/image\\\/\"},\"sameAs\":[\"https:\\\/\\\/www.facebook.com\\\/berger.ca\\\/\",\"https:\\\/\\\/x.com\\\/berger_ca\",\"https:\\\/\\\/www.instagram.com\\\/bergermixes\\\/\",\"https:\\\/\\\/www.linkedin.com\\\/company\\\/berger-peat-moss-ltd-\\\/\",\"https:\\\/\\\/www.pinterest.com\\\/bergerpeatmoss\\\/\",\"https:\\\/\\\/www.youtube.com\\\/user\\\/tourbieresberger\"]}]}<\/script>\n<!-- \/ Yoast SEO plugin. -->","yoast_head_json":{"title":"Equipo Berger en Am\u00e9rica Latina - Berger - ES","robots":{"index":"index","follow":"follow","max-snippet":"max-snippet:-1","max-image-preview":"max-image-preview:large","max-video-preview":"max-video-preview:-1"},"canonical":"https:\/\/www.berger.ca\/es\/equipo-berger-en-america-latina\/","og_locale":"es_ES","og_type":"article","og_title":"Equipo Berger en Am\u00e9rica Latina - Berger - ES","og_description":"Equipo Berger en Am\u00e9rica Latina La industria de la horticultura cambia rapidamente, y su empresa debe evolucionar constantemente para responder a las distintas necesidades y desaf\u00edos inesperados. Para brindar servicios de ultima generaci\u00f3n que gusten al cliente a trav\u00e9s del proceso de cultivo, Berger esta creando un equipo solido dedicado espec\u00edficamente a asegurar su \u00e9xito. Cada paquete de mezcla para cultivos se acompa\u00f1a de conocimientos y experiencia excepcional. &nbsp;","og_url":"https:\/\/www.berger.ca\/es\/equipo-berger-en-america-latina\/","og_site_name":"Berger - ES","article_publisher":"https:\/\/www.facebook.com\/berger.ca\/","article_modified_time":"2025-04-25T11:44:50+00:00","og_image":[{"width":3168,"height":1440,"url":"https:\/\/www.berger.ca\/es\/wp-content\/uploads\/sites\/3\/2017\/05\/bkg_invernadero.jpg","type":"image\/jpeg"}],"twitter_card":"summary_large_image","twitter_site":"@berger_ca","twitter_misc":{"Tiempo de lectura":"1 minuto"},"schema":{"@context":"https:\/\/schema.org","@graph":[{"@type":"WebPage","@id":"https:\/\/www.berger.ca\/es\/equipo-berger-en-america-latina\/","url":"https:\/\/www.berger.ca\/es\/equipo-berger-en-america-latina\/","name":"Equipo Berger en Am\u00e9rica Latina - Berger - ES","isPartOf":{"@id":"https:\/\/www.berger.ca\/es\/#website"},"primaryImageOfPage":{"@id":"https:\/\/www.berger.ca\/es\/equipo-berger-en-america-latina\/#primaryimage"},"image":{"@id":"https:\/\/www.berger.ca\/es\/equipo-berger-en-america-latina\/#primaryimage"},"thumbnailUrl":"https:\/\/www.berger.ca\/es\/wp-content\/uploads\/sites\/3\/2017\/05\/bkg_invernadero.jpg","datePublished":"2022-11-16T14:58:34+00:00","dateModified":"2025-04-25T11:44:50+00:00","inLanguage":"es","potentialAction":[{"@type":"ReadAction","target":["https:\/\/www.berger.ca\/es\/equipo-berger-en-america-latina\/"]}]},{"@type":"ImageObject","inLanguage":"es","@id":"https:\/\/www.berger.ca\/es\/equipo-berger-en-america-latina\/#primaryimage","url":"https:\/\/www.berger.ca\/es\/wp-content\/uploads\/sites\/3\/2017\/05\/bkg_invernadero.jpg","contentUrl":"https:\/\/www.berger.ca\/es\/wp-content\/uploads\/sites\/3\/2017\/05\/bkg_invernadero.jpg","width":3168,"height":1440,"caption":"invernadero"},{"@type":"WebSite","@id":"https:\/\/www.berger.ca\/es\/#website","url":"https:\/\/www.berger.ca\/es\/","name":"Berger - ES","description":"Un site utilisant Sites Berger","publisher":{"@id":"https:\/\/www.berger.ca\/es\/#organization"},"potentialAction":[{"@type":"SearchAction","target":{"@type":"EntryPoint","urlTemplate":"https:\/\/www.berger.ca\/es\/?s={search_term_string}"},"query-input":{"@type":"PropertyValueSpecification","valueRequired":true,"valueName":"search_term_string"}}],"inLanguage":"es"},{"@type":"Organization","@id":"https:\/\/www.berger.ca\/es\/#organization","name":"Berger","url":"https:\/\/www.berger.ca\/es\/","logo":{"@type":"ImageObject","inLanguage":"es","@id":"https:\/\/www.berger.ca\/es\/#\/schema\/logo\/image\/","url":"https:\/\/www.berger.ca\/es\/wp-content\/uploads\/sites\/3\/2016\/07\/berger_logo_coul_seul.png","contentUrl":"https:\/\/www.berger.ca\/es\/wp-content\/uploads\/sites\/3\/2016\/07\/berger_logo_coul_seul.png","width":1257,"height":1156,"caption":"Berger"},"image":{"@id":"https:\/\/www.berger.ca\/es\/#\/schema\/logo\/image\/"},"sameAs":["https:\/\/www.facebook.com\/berger.ca\/","https:\/\/x.com\/berger_ca","https:\/\/www.instagram.com\/bergermixes\/","https:\/\/www.linkedin.com\/company\/berger-peat-moss-ltd-\/","https:\/\/www.pinterest.com\/bergerpeatmoss\/","https:\/\/www.youtube.com\/user\/tourbieresberger"]}]}},"_links":{"self":[{"href":"https:\/\/www.berger.ca\/es\/wp-json\/wp\/v2\/pages\/4690","targetHints":{"allow":["GET"]}}],"collection":[{"href":"https:\/\/www.berger.ca\/es\/wp-json\/wp\/v2\/pages"}],"about":[{"href":"https:\/\/www.berger.ca\/es\/wp-json\/wp\/v2\/types\/page"}],"author":[{"embeddable":true,"href":"https:\/\/www.berger.ca\/es\/wp-json\/wp\/v2\/users\/3"}],"replies":[{"embeddable":true,"href":"https:\/\/www.berger.ca\/es\/wp-json\/wp\/v2\/comments?post=4690"}],"version-history":[{"count":60,"href":"https:\/\/www.berger.ca\/es\/wp-json\/wp\/v2\/pages\/4690\/revisions"}],"predecessor-version":[{"id":5831,"href":"https:\/\/www.berger.ca\/es\/wp-json\/wp\/v2\/pages\/4690\/revisions\/5831"}],"wp:featuredmedia":[{"embeddable":true,"href":"https:\/\/www.berger.ca\/es\/wp-json\/wp\/v2\/media\/3364"}],"wp:attachment":[{"href":"https:\/\/www.berger.ca\/es\/wp-json\/wp\/v2\/media?parent=4690"}],"curies":[{"name":"wp","href":"https:\/\/api.w.org\/{rel}","templated":true}]}}