{"id":478,"date":"2016-05-29T21:41:07","date_gmt":"2016-05-29T20:41:07","guid":{"rendered":"https:\/\/www.berger.ca\/es\/?page_id=478"},"modified":"2017-11-06T21:19:59","modified_gmt":"2017-11-06T20:19:59","slug":"medio-ambiente","status":"publish","type":"page","link":"https:\/\/www.berger.ca\/es\/acerca-de-berger\/resposabilidad-social\/medio-ambiente\/","title":{"rendered":"Medio ambiente\u00a0"},"content":{"rendered":"<h2>Respeto del medio ambiente<\/h2>\n<p>Berger confiere una gran importancia al <strong>respeto del medio ambiente<\/strong>. Esta actitud se refleja tanto en la producci\u00f3n, basada en un<strong> plan integrado de extracci\u00f3n y rehabilitaci\u00f3n<\/strong> que le permite, adem\u00e1s, optimizar la gesti\u00f3n de su recurso, como en su participaci\u00f3n en la<strong> investigaci\u00f3n cient\u00edfica<\/strong> (calidad del agua, seguimiento y gesti\u00f3n de la flora y la fauna en relaci\u00f3n con las pr\u00e1cticas de extracci\u00f3n y rehabilitaci\u00f3n).<\/p>\n<h4>Gesti\u00f3n de residuos<\/h4>\n<p>Berger busca constantemente soluciones destinadas a minimizar sus residuos, como por ejemplo sus materiales de embalaje. A principios de los a\u00f1os 90, la empresa cre\u00f3 su primer rascacielos, un producto innovador que permite <strong>reducir hasta el 30% la cantidad de pl\u00e1stico utilizada<\/strong>. Ciertas plantas ofrecen asimismo la posibilidad de entregar los productos a granel, lo que<strong> representa un ahorro de 500 000 libras<\/strong> (aproximadamente 227 000 kg) de pl\u00e1stico por a\u00f1o.<\/p>\n<h4>El agua es vida<\/h4>\n<p>La descarga de agua proveniente de los sitios de extracci\u00f3n est\u00e1 sujeta a un <strong>control estricto y permanente<\/strong>.<br \/>\n<div class=\"wysiwyg-quotes\"><span style=\"color: #ffffff;font-size: 18pt\">El objetivo: Limitar el impacto sobre el h\u00e1bitat que rodea las turberas.<\/span><\/div><\/p>\n<div class=\"wysiwyg-row\"><\/p>\n<p>&nbsp;<\/p>\n<p><\/div>\n<p>Otra prueba de nuestro compromiso de <strong>preservar la calidad del agua<\/strong> es nuestra participaci\u00f3n constante en organismos de cuencas hidrogr\u00e1ficas.<\/p>\n<h4>Todo para reducir los GEI<\/h4>\n<p>Para <strong>reducir el impacto de sus emisiones de gas de efecto invernadero<\/strong> (GEI), Berger ha puesto en pr\u00e1ctica numerosas iniciativas, entre ellas un recuperador de calor y una 8.a planta construida para <strong>reducir el transporte entre los sitios de extracci\u00f3n<\/strong> y los de transformaci\u00f3n. Estas mejoras pueden cuantificarse, entre otras cosas, gracias a las herramientas de evaluaci\u00f3n de emisiones desarrolladas por Berger.<\/p>\n<h4>Rehabilitaci\u00f3n de h\u00e1bitats naturales<\/h4>\n<p>Cada uno de los sitios de extracci\u00f3n de Berger cuenta con un <strong>plan de rehabilitaci\u00f3n<\/strong>. Esto permite facilitar el retorno de un ecosistema h\u00famedo acumulador de turba y de carbono atmosf\u00e9rico. El<strong> restablecimiento de la biodiversidad local<\/strong> y de las funciones ecol\u00f3gicas de los h\u00e1bitats naturales perturbados tambi\u00e9n se tienen en cuenta durante la elaboraci\u00f3n de dichos planes.<\/p>\n","protected":false},"excerpt":{"rendered":"<p>Respeto del medio ambiente Berger confiere una gran importancia al respeto del medio ambiente. Esta actitud se refleja tanto en la producci\u00f3n, basada en un plan integrado de extracci\u00f3n y rehabilitaci\u00f3n que le permite, adem\u00e1s, optimizar la gesti\u00f3n de su recurso, como en su participaci\u00f3n en la investigaci\u00f3n cient\u00edfica (calidad del agua, seguimiento y gesti\u00f3n de la flora y la fauna en relaci\u00f3n con las pr\u00e1cticas de extracci\u00f3n y rehabilitaci\u00f3n). Gesti\u00f3n de residuos Berger busca constantemente soluciones destinadas a minimizar sus residuos, como por ejemplo sus materiales de embalaje. A principios de los a\u00f1os 90, la empresa cre\u00f3 su primer rascacielos, un producto innovador que permite reducir hasta el 30% la cantidad de pl\u00e1stico utilizada. Ciertas plantas ofrecen asimismo la posibilidad de entregar los productos a granel, lo que representa un ahorro de 500 000 libras (aproximadamente 227 000 kg) [&hellip;]<\/p>\n","protected":false},"author":2,"featured_media":0,"parent":288,"menu_order":0,"comment_status":"closed","ping_status":"closed","template":"template-wysiwyg.php","meta":{"_acf_changed":false,"footnotes":""},"class_list":["post-478","page","type-page","status-publish","hentry"],"acf":[],"yoast_head":"<!-- This site is optimized with the Yoast SEO plugin v27.3 - https:\/\/yoast.com\/product\/yoast-seo-wordpress\/ -->\n<title>Medio ambiente\u00a0 - Berger - ES<\/title>\n<meta name=\"description\" content=\"Berger confiere una gran importancia al respeto del medio ambiente. Berger busca constantemente soluciones destinadas a minimizar sus residuos.\" \/>\n<meta name=\"robots\" content=\"index, follow, max-snippet:-1, max-image-preview:large, max-video-preview:-1\" \/>\n<link rel=\"canonical\" href=\"https:\/\/www.berger.ca\/es\/acerca-de-berger\/resposabilidad-social\/medio-ambiente\/\" \/>\n<meta property=\"og:locale\" content=\"es_ES\" \/>\n<meta property=\"og:type\" content=\"article\" \/>\n<meta property=\"og:title\" content=\"Medio ambiente\u00a0 - Berger - ES\" \/>\n<meta property=\"og:description\" content=\"Berger confiere una gran importancia al respeto del medio ambiente. Berger busca constantemente soluciones destinadas a minimizar sus residuos.\" \/>\n<meta property=\"og:url\" content=\"https:\/\/www.berger.ca\/es\/acerca-de-berger\/resposabilidad-social\/medio-ambiente\/\" \/>\n<meta property=\"og:site_name\" content=\"Berger - ES\" \/>\n<meta property=\"article:publisher\" content=\"https:\/\/www.facebook.com\/berger.ca\/\" \/>\n<meta property=\"article:modified_time\" content=\"2017-11-06T20:19:59+00:00\" \/>\n<meta name=\"twitter:card\" content=\"summary_large_image\" \/>\n<meta name=\"twitter:site\" content=\"@berger_ca\" \/>\n<meta name=\"twitter:label1\" content=\"Tiempo de lectura\" \/>\n\t<meta name=\"twitter:data1\" content=\"2 minutos\" \/>\n<script type=\"application\/ld+json\" class=\"yoast-schema-graph\">{\"@context\":\"https:\\\/\\\/schema.org\",\"@graph\":[{\"@type\":\"WebPage\",\"@id\":\"https:\\\/\\\/www.berger.ca\\\/es\\\/acerca-de-berger\\\/resposabilidad-social\\\/medio-ambiente\\\/\",\"url\":\"https:\\\/\\\/www.berger.ca\\\/es\\\/acerca-de-berger\\\/resposabilidad-social\\\/medio-ambiente\\\/\",\"name\":\"Medio ambiente\u00a0 - Berger - ES\",\"isPartOf\":{\"@id\":\"https:\\\/\\\/www.berger.ca\\\/es\\\/#website\"},\"datePublished\":\"2016-05-29T20:41:07+00:00\",\"dateModified\":\"2017-11-06T20:19:59+00:00\",\"description\":\"Berger confiere una gran importancia al respeto del medio ambiente. Berger busca constantemente soluciones destinadas a minimizar sus residuos.\",\"breadcrumb\":{\"@id\":\"https:\\\/\\\/www.berger.ca\\\/es\\\/acerca-de-berger\\\/resposabilidad-social\\\/medio-ambiente\\\/#breadcrumb\"},\"inLanguage\":\"es\",\"potentialAction\":[{\"@type\":\"ReadAction\",\"target\":[\"https:\\\/\\\/www.berger.ca\\\/es\\\/acerca-de-berger\\\/resposabilidad-social\\\/medio-ambiente\\\/\"]}]},{\"@type\":\"BreadcrumbList\",\"@id\":\"https:\\\/\\\/www.berger.ca\\\/es\\\/acerca-de-berger\\\/resposabilidad-social\\\/medio-ambiente\\\/#breadcrumb\",\"itemListElement\":[{\"@type\":\"ListItem\",\"position\":1,\"name\":\"Acerca de Berger\",\"item\":\"https:\\\/\\\/www.berger.ca\\\/es\\\/acerca-de-berger\\\/\"},{\"@type\":\"ListItem\",\"position\":2,\"name\":\"Resposabilidad social\",\"item\":\"https:\\\/\\\/www.berger.ca\\\/es\\\/acerca-de-berger\\\/resposabilidad-social\\\/\"},{\"@type\":\"ListItem\",\"position\":3,\"name\":\"Medio ambiente\u00a0\"}]},{\"@type\":\"WebSite\",\"@id\":\"https:\\\/\\\/www.berger.ca\\\/es\\\/#website\",\"url\":\"https:\\\/\\\/www.berger.ca\\\/es\\\/\",\"name\":\"Berger - ES\",\"description\":\"Un site utilisant Sites Berger\",\"publisher\":{\"@id\":\"https:\\\/\\\/www.berger.ca\\\/es\\\/#organization\"},\"potentialAction\":[{\"@type\":\"SearchAction\",\"target\":{\"@type\":\"EntryPoint\",\"urlTemplate\":\"https:\\\/\\\/www.berger.ca\\\/es\\\/?s={search_term_string}\"},\"query-input\":{\"@type\":\"PropertyValueSpecification\",\"valueRequired\":true,\"valueName\":\"search_term_string\"}}],\"inLanguage\":\"es\"},{\"@type\":\"Organization\",\"@id\":\"https:\\\/\\\/www.berger.ca\\\/es\\\/#organization\",\"name\":\"Berger\",\"url\":\"https:\\\/\\\/www.berger.ca\\\/es\\\/\",\"logo\":{\"@type\":\"ImageObject\",\"inLanguage\":\"es\",\"@id\":\"https:\\\/\\\/www.berger.ca\\\/es\\\/#\\\/schema\\\/logo\\\/image\\\/\",\"url\":\"https:\\\/\\\/www.berger.ca\\\/es\\\/wp-content\\\/uploads\\\/sites\\\/3\\\/2016\\\/07\\\/berger_logo_coul_seul.png\",\"contentUrl\":\"https:\\\/\\\/www.berger.ca\\\/es\\\/wp-content\\\/uploads\\\/sites\\\/3\\\/2016\\\/07\\\/berger_logo_coul_seul.png\",\"width\":1257,\"height\":1156,\"caption\":\"Berger\"},\"image\":{\"@id\":\"https:\\\/\\\/www.berger.ca\\\/es\\\/#\\\/schema\\\/logo\\\/image\\\/\"},\"sameAs\":[\"https:\\\/\\\/www.facebook.com\\\/berger.ca\\\/\",\"https:\\\/\\\/x.com\\\/berger_ca\",\"https:\\\/\\\/www.instagram.com\\\/bergermixes\\\/\",\"https:\\\/\\\/www.linkedin.com\\\/company\\\/berger-peat-moss-ltd-\\\/\",\"https:\\\/\\\/www.pinterest.com\\\/bergerpeatmoss\\\/\",\"https:\\\/\\\/www.youtube.com\\\/user\\\/tourbieresberger\"]}]}<\/script>\n<!-- \/ Yoast SEO plugin. -->","yoast_head_json":{"title":"Medio ambiente\u00a0 - Berger - ES","description":"Berger confiere una gran importancia al respeto del medio ambiente. Berger busca constantemente soluciones destinadas a minimizar sus residuos.","robots":{"index":"index","follow":"follow","max-snippet":"max-snippet:-1","max-image-preview":"max-image-preview:large","max-video-preview":"max-video-preview:-1"},"canonical":"https:\/\/www.berger.ca\/es\/acerca-de-berger\/resposabilidad-social\/medio-ambiente\/","og_locale":"es_ES","og_type":"article","og_title":"Medio ambiente\u00a0 - Berger - ES","og_description":"Berger confiere una gran importancia al respeto del medio ambiente. Berger busca constantemente soluciones destinadas a minimizar sus residuos.","og_url":"https:\/\/www.berger.ca\/es\/acerca-de-berger\/resposabilidad-social\/medio-ambiente\/","og_site_name":"Berger - ES","article_publisher":"https:\/\/www.facebook.com\/berger.ca\/","article_modified_time":"2017-11-06T20:19:59+00:00","twitter_card":"summary_large_image","twitter_site":"@berger_ca","twitter_misc":{"Tiempo de lectura":"2 minutos"},"schema":{"@context":"https:\/\/schema.org","@graph":[{"@type":"WebPage","@id":"https:\/\/www.berger.ca\/es\/acerca-de-berger\/resposabilidad-social\/medio-ambiente\/","url":"https:\/\/www.berger.ca\/es\/acerca-de-berger\/resposabilidad-social\/medio-ambiente\/","name":"Medio ambiente\u00a0 - Berger - ES","isPartOf":{"@id":"https:\/\/www.berger.ca\/es\/#website"},"datePublished":"2016-05-29T20:41:07+00:00","dateModified":"2017-11-06T20:19:59+00:00","description":"Berger confiere una gran importancia al respeto del medio ambiente. Berger busca constantemente soluciones destinadas a minimizar sus residuos.","breadcrumb":{"@id":"https:\/\/www.berger.ca\/es\/acerca-de-berger\/resposabilidad-social\/medio-ambiente\/#breadcrumb"},"inLanguage":"es","potentialAction":[{"@type":"ReadAction","target":["https:\/\/www.berger.ca\/es\/acerca-de-berger\/resposabilidad-social\/medio-ambiente\/"]}]},{"@type":"BreadcrumbList","@id":"https:\/\/www.berger.ca\/es\/acerca-de-berger\/resposabilidad-social\/medio-ambiente\/#breadcrumb","itemListElement":[{"@type":"ListItem","position":1,"name":"Acerca de Berger","item":"https:\/\/www.berger.ca\/es\/acerca-de-berger\/"},{"@type":"ListItem","position":2,"name":"Resposabilidad social","item":"https:\/\/www.berger.ca\/es\/acerca-de-berger\/resposabilidad-social\/"},{"@type":"ListItem","position":3,"name":"Medio ambiente\u00a0"}]},{"@type":"WebSite","@id":"https:\/\/www.berger.ca\/es\/#website","url":"https:\/\/www.berger.ca\/es\/","name":"Berger - ES","description":"Un site utilisant Sites Berger","publisher":{"@id":"https:\/\/www.berger.ca\/es\/#organization"},"potentialAction":[{"@type":"SearchAction","target":{"@type":"EntryPoint","urlTemplate":"https:\/\/www.berger.ca\/es\/?s={search_term_string}"},"query-input":{"@type":"PropertyValueSpecification","valueRequired":true,"valueName":"search_term_string"}}],"inLanguage":"es"},{"@type":"Organization","@id":"https:\/\/www.berger.ca\/es\/#organization","name":"Berger","url":"https:\/\/www.berger.ca\/es\/","logo":{"@type":"ImageObject","inLanguage":"es","@id":"https:\/\/www.berger.ca\/es\/#\/schema\/logo\/image\/","url":"https:\/\/www.berger.ca\/es\/wp-content\/uploads\/sites\/3\/2016\/07\/berger_logo_coul_seul.png","contentUrl":"https:\/\/www.berger.ca\/es\/wp-content\/uploads\/sites\/3\/2016\/07\/berger_logo_coul_seul.png","width":1257,"height":1156,"caption":"Berger"},"image":{"@id":"https:\/\/www.berger.ca\/es\/#\/schema\/logo\/image\/"},"sameAs":["https:\/\/www.facebook.com\/berger.ca\/","https:\/\/x.com\/berger_ca","https:\/\/www.instagram.com\/bergermixes\/","https:\/\/www.linkedin.com\/company\/berger-peat-moss-ltd-\/","https:\/\/www.pinterest.com\/bergerpeatmoss\/","https:\/\/www.youtube.com\/user\/tourbieresberger"]}]}},"_links":{"self":[{"href":"https:\/\/www.berger.ca\/es\/wp-json\/wp\/v2\/pages\/478","targetHints":{"allow":["GET"]}}],"collection":[{"href":"https:\/\/www.berger.ca\/es\/wp-json\/wp\/v2\/pages"}],"about":[{"href":"https:\/\/www.berger.ca\/es\/wp-json\/wp\/v2\/types\/page"}],"author":[{"embeddable":true,"href":"https:\/\/www.berger.ca\/es\/wp-json\/wp\/v2\/users\/2"}],"replies":[{"embeddable":true,"href":"https:\/\/www.berger.ca\/es\/wp-json\/wp\/v2\/comments?post=478"}],"version-history":[{"count":4,"href":"https:\/\/www.berger.ca\/es\/wp-json\/wp\/v2\/pages\/478\/revisions"}],"predecessor-version":[{"id":2255,"href":"https:\/\/www.berger.ca\/es\/wp-json\/wp\/v2\/pages\/478\/revisions\/2255"}],"up":[{"embeddable":true,"href":"https:\/\/www.berger.ca\/es\/wp-json\/wp\/v2\/pages\/288"}],"wp:attachment":[{"href":"https:\/\/www.berger.ca\/es\/wp-json\/wp\/v2\/media?parent=478"}],"curies":[{"name":"wp","href":"https:\/\/api.w.org\/{rel}","templated":true}]}}