{"id":4790,"date":"2022-12-22T11:00:04","date_gmt":"2022-12-22T16:00:04","guid":{"rendered":"https:\/\/www.berger.ca\/es\/?page_id=4790"},"modified":"2023-01-30T11:09:36","modified_gmt":"2023-01-30T16:09:36","slug":"60-aniversario","status":"publish","type":"page","link":"https:\/\/www.berger.ca\/es\/acerca-de-berger\/historia\/60-aniversario\/","title":{"rendered":"60 A\u00f1os de \u00c9xitos"},"content":{"rendered":"<div style=\"text-align: center\">\n<img loading=\"lazy\" decoding=\"async\" class=\"size-medium wp-image-9275 aligncenter\" style=\"margin-bottom: 40px\" src=\"https:\/\/www.berger.ca\/wp-content\/uploads\/2022\/12\/logo_60_berger_RGB_final-1.png\" alt=\"\" width=\"300\" height=\"288\" \/><br \/>\n<div class=\"wysiwyg-row\"><\/div><\/p>\n<h2><strong><\/p>\n<div style=\"text-align: center\"><span style=\"color: #88ac2e\">Gracias por crecer con nosotros estas 60 temporadas<\/strong><\/h2>\n<hr \/>\n<p>&nbsp;<\/p>\n<div style=\"text-align: center justified\">\n&nbsp;<br \/>\n<div class=\"wysiwyg-row\"><\/div><br \/>\n<div class=\"column-12\"><\/p>\n<h4><strong><span style=\"color: #88ac2e\">Sus necesidades han evolucionado y se han desarrollado en los \u00faltimos sesenta a\u00f1os, al igual que nosotros.<br \/>\n&nbsp;<br \/>\nNuestra experiencia y conocimientos reconocidos en todo el mundo, unidos al deseo de un mundo m\u00e1s productivo y ecol\u00f3gico, nos han permitido crecer y marcar una verdadera diferencia.<\/strong><\/span><\/h4>\n<p><\/div><br \/>\n<div class=\"wysiwyg-row\"><\/div><br \/>\n&nbsp;<br \/>\n&nbsp;<\/p>\n<p><strong>Llevamos tres generaciones enriqueciendo la vida a nuestro alrededor: las actividades empresariales de nuestros clientes y la vida en el trabajo, adem\u00e1s de la vitalidad de nuestra industria y nuestras comunidades. Durante 60 temporadas hemos sido un entorno f\u00e9rtil tanto para el desarrollo humano como para el crecimiento hort\u00edcola y agr\u00edcola.<\/p>\n<p>Le agradecemos su confianza y, como equipo, esperamos que las pr\u00f3ximas 60 temporadas den a\u00fan m\u00e1s frutos y florezcan.<\/strong><\/p>\n<\/div>\n<a class=\"fancybox-media video wysiwyg-vid\" href=\"https:\/\/vimeo.com\/783906757\"><div class=\"single-tile\" style=\"background-image: url(https:\/\/www.berger.ca\/en\/wp-content\/uploads\/sites\/2\/2023\/01\/berger_60_video.png)\"><div class=\"overlay\"><\/div><div class=\"vert-center\"><div class=\"sm-title green icon-berger-video-icon\">60 A\u00f1os de \u00c9xitos Video<\/div><div class=\"md-title\"><\/div><\/div><\/div><\/a>\n<p>&nbsp;<\/p>\n<\/div>\n<div class=\"wysiwyg-row\"><\/div>\n<h2>\n<div style=\"text-align: center\"><span style=\"color: #88ac2e\">Berger en el tiempo<\/span><\/h2>\n<hr \/>\n<p>&nbsp;<br \/>\n&nbsp;<br \/>\n&nbsp;<br \/>\n<div class=\"column-6\"><br \/>\n<img loading=\"lazy\" decoding=\"async\" src=\"https:\/\/www.berger.ca\/wp-content\/uploads\/2023\/01\/Berger_travers_temps2-1024x842.jpg\" alt=\"\" width=\"1024\" height=\"842\" class=\"alignleft size-large wp-image-9604\" \/><br \/>\n<\/div><br \/>\n<div class=\"column-6\"><img loading=\"lazy\" decoding=\"async\" src=\"https:\/\/www.berger.ca\/es\/wp-content\/uploads\/sites\/3\/2023\/01\/Berger_travers_temps4-scaled.jpg\" alt=\"\" width=\"1024\" height=\"842\" class=\"alignright size-large wp-image-9605\" \/><br \/>\n<\/div><br \/>\n&nbsp;<br \/>\n&nbsp;<br \/>\n&nbsp;<\/p>\n<h2>\n<div style=\"text-align: center\"><span style=\"color: #88ac2e\">Nuestra historia<\/span><\/h2>\n<hr \/>\n<p>&nbsp;<\/p>\n<\/div>\n\t\t\t<script type=\"text\/javascript\">\n\t\t\tjQuery(document).ready(function(){\n\t\t\t\t(function($){\n\t\t\t\t\t\"use strict\";\n\t\t\t\t var autoplay = false;\n\t\t\t\t var scroll_speed = 1000;\n\t\t\t\t var noofslide = 3;\n\t\t\t\t var noofnavit = 3;\n\t\t\t\t var responsive = [{breakpoint: 768,settings: {arrows:true,centerPadding: \"10px\",slidesToShow: 1}},{breakpoint: 480,settings: {arrows:true,centerPadding: \"10px\",slidesToShow: 1}}];\n\t\t\t\t $(\".wtl_al_slider\").slick({\n\t\t\t\t\tdots: false,\n\t\t\t\t\tinfinite: false,\n\t\t\t\t\tpauseOnHover:true,\n\t\t\t\t\tslidesToShow:noofslide,\n\t\t\t\t\tautoplay:autoplay,\n\t\t\t\t\tasNavFor:'.wtl_al_nav',\n\t\t\t\t\tadaptiveHeight:true,\n\t\t\t\t\tautoplaySpeed:scroll_speed,\n\t\t\t\t\t\t\t\t\t\t\t\tnextArrow:'<span class=\"wtl-ss-right\"><i class=\"fas fa-angle-right\"><\/i><\/span>',\n\t\t\t\t\t\t\tprevArrow:'<span class=\"wtl-ss-left\"><i class=\"fas fa-angle-left\"><\/i><\/span>',\n\t\t\t\t\t\t\tarrows:true,\n\t\t\t\t\t\t\t\t\t\t\t\t\t\t\t\t\t\n\t\t\t\t\tfocusOnSelect:true,\n\t\t\t\t\tresponsive: responsive\n\t\t\t\t  });\n\t\t\t\t  \t\t\t\t $(\".wtl_al_nav\").slick({\n\t\t\t\t\t\tslidesToShow:noofnavit,\n\t\t\t\t\t\tslidesToScroll: 1,\n\t\t\t\t\t\tasNavFor:'.wtl_al_slider',\n\t\t\t\t\t\tdots:false,\n\t\t\t\t\t\tinfinite:false,\n\t\t\t\t\t\tnextArrow: '<span class=\"wtl-ss-right\"><i class=\"fas fa-angle-right\"><\/i><\/span>',\n\t\t\t\t\t\tprevArrow: '<span class=\"wtl-ss-left\"><i class=\"fas fa-angle-left\"><\/i><\/span>',\n\t\t\t\t\t\tfocusOnSelect:true,\n\t\t\t\t\t\tadaptiveHeight:true,                        \n\t\t\t\t\t\tresponsive: responsive\n\t\t\t\t\t})\n\t\t\t\t}(jQuery))\n\t\t\t});\n\t\t\t<\/script>\n\t\t\t<div class=\"wtl_wrapper wp_timeline_post_list schedule_cover wtl_is_horizontal layout_id_1 wtll_style_view_center wtll_style_type_3\"><div class=\"wtl_blog_template blog_template schedule wtl_single_post_wrapp\"><div class=\"wtl-schedule-wrap\"><div class=\"wtl_al_slider clayout_skin_3\">No posts found.<\/div><\/div><\/div><\/div>\n<h2>\n<div style=\"text-align: center\"><span style=\"color: #88ac2e\">Est\u00e9n atentos para descubrir la historia de Berger a trav\u00e9s del tiempo&#8230;<\/span><\/h2>\n<hr \/>\n<p>&nbsp;<br \/>\n<div class=\"wysiwyg-row\"><\/div><\/p>\n<div class=\"column-4\"><\/p>\n<h3>\u00bfQuiere llevar<br \/>\nsus resultados<br \/>\nproductivos al<br \/>\nsiguiente nivel?<\/h3>\n<p>&nbsp;<br \/>\n<img loading=\"lazy\" decoding=\"async\" src=\"https:\/\/www.berger.ca\/wp-content\/uploads\/2023\/01\/roots2-300x298.png\" alt=\"\" width=\"396\" height=\"427\" class=\"alignnone size-medium wp-image-9506\" \/><br \/>\n&nbsp;<br \/>\n<a href=\"https:\/\/www.berger.ca\/es\/productos\/\"><strong><span style=\"color: #88ac2e\">Descubra nuestra gama de productos\u00bb<\/strong><\/span><\/a><br \/>\n&nbsp;<\/p>\n<p><\/div>\n<div class=\"column-4\"><\/p>\n<h3>M\u00e1s informaci\u00f3n sobre Berger, el empleador de preferencia desde hace 60 a\u00f1os.<\/h3>\n<p>&nbsp;<br \/>\n<img loading=\"lazy\" decoding=\"async\" src=\"https:\/\/www.berger.ca\/wp-content\/uploads\/2023\/01\/employeur_choice_60_years-300x298.png\" alt=\"\" width=\"396\" height=\"427\" class=\"alignnone size-medium wp-image-9505\" \/><br \/>\n&nbsp;<br \/>\n<a href=\"https:\/\/www.berger.ca\/es\/trabaje-con-nosotros\/\"><strong><span style=\"color: #88ac2e\">Le espera una carrera profesional\u00bb<\/strong><\/span><\/a><br \/>\n&nbsp;<br \/>\n<\/div>\n<div class=\"column-4\"><\/p>\n<h3>Comprometidos<br \/>\ncon la vitalidad<br \/>\nde la<br \/>\ncomunidad.<\/h3>\n<p>&nbsp;<br \/>\n<img loading=\"lazy\" decoding=\"async\" src=\"https:\/\/www.berger.ca\/wp-content\/uploads\/2023\/01\/community-300x298.png\" alt=\"\" width=\"396\" height=\"427\" class=\"alignnone size-medium wp-image-9504\" \/><br \/>\n&nbsp;<br \/>\n<a href=\"https:\/\/www.berger.ca\/es\/acerca-de-berger\/resposabilidad-social\/\"><strong><span style=\"color: #88ac2e\">M\u00e1s informaci\u00f3n sobre nuestra responsabilidad social\u00bb<\/strong><\/span><\/a><br \/>\n&nbsp;<\/p>\n<p><\/div>\n<div class=\"wysiwyg-row\"><\/div>\n","protected":false},"excerpt":{"rendered":"<p>Gracias por crecer con nosotros estas 60 temporadas &nbsp; &nbsp; &nbsp; &nbsp; Llevamos tres generaciones enriqueciendo la vida a nuestro alrededor: las actividades empresariales de nuestros clientes y la vida en el trabajo, adem\u00e1s de la vitalidad de nuestra industria y nuestras comunidades. Durante 60 temporadas hemos sido un entorno f\u00e9rtil tanto para el desarrollo humano como para el crecimiento hort\u00edcola y agr\u00edcola. Le agradecemos su confianza y, como equipo, esperamos que las pr\u00f3ximas 60 temporadas den a\u00fan m\u00e1s frutos y florezcan. &nbsp; Berger en el tiempo &nbsp; &nbsp; &nbsp; &nbsp; &nbsp; &nbsp; Nuestra historia &nbsp; Est\u00e9n atentos para descubrir la historia de Berger a trav\u00e9s del tiempo&#8230; &nbsp;<\/p>\n","protected":false},"author":5,"featured_media":4865,"parent":284,"menu_order":0,"comment_status":"closed","ping_status":"closed","template":"","meta":{"_acf_changed":false,"footnotes":""},"class_list":["post-4790","page","type-page","status-publish","has-post-thumbnail","hentry"],"acf":[],"yoast_head":"<!-- This site is optimized with the Yoast SEO plugin v27.4 - https:\/\/yoast.com\/product\/yoast-seo-wordpress\/ -->\n<title>60 A\u00f1os de \u00c9xitos - Berger - ES<\/title>\n<meta name=\"description\" content=\"Llevamos tres generaciones enriqueciendo la vida a nuestro alrededor: las actividades empresariales de nuestros clientes y la vida en el trabajo, adem\u00e1s de la vitalidad de nuestra industria y nuestras comunidades. Durante 60 temporadas hemos sido un entorno f\u00e9rtil tanto para el desarrollo humano como para el crecimiento hort\u00edcola y agr\u00edcola.\" \/>\n<meta name=\"robots\" content=\"index, follow, max-snippet:-1, max-image-preview:large, max-video-preview:-1\" \/>\n<link rel=\"canonical\" href=\"https:\/\/www.berger.ca\/es\/acerca-de-berger\/historia\/60-aniversario\/\" \/>\n<meta property=\"og:locale\" content=\"es_ES\" \/>\n<meta property=\"og:type\" content=\"article\" \/>\n<meta property=\"og:title\" content=\"60 A\u00f1os de \u00c9xitos - Berger - ES\" \/>\n<meta property=\"og:description\" content=\"Llevamos tres generaciones enriqueciendo la vida a nuestro alrededor: las actividades empresariales de nuestros clientes y la vida en el trabajo, adem\u00e1s de la vitalidad de nuestra industria y nuestras comunidades. Durante 60 temporadas hemos sido un entorno f\u00e9rtil tanto para el desarrollo humano como para el crecimiento hort\u00edcola y agr\u00edcola.\" \/>\n<meta property=\"og:url\" content=\"https:\/\/www.berger.ca\/es\/acerca-de-berger\/historia\/60-aniversario\/\" \/>\n<meta property=\"og:site_name\" content=\"Berger - ES\" \/>\n<meta property=\"article:publisher\" content=\"https:\/\/www.facebook.com\/berger.ca\/\" \/>\n<meta property=\"article:modified_time\" content=\"2023-01-30T16:09:36+00:00\" \/>\n<meta property=\"og:image\" content=\"https:\/\/www.berger.ca\/es\/wp-content\/uploads\/sites\/3\/2023\/01\/berger_60_feature-1024x473.png\" \/>\n\t<meta property=\"og:image:width\" content=\"1024\" \/>\n\t<meta property=\"og:image:height\" content=\"473\" \/>\n\t<meta property=\"og:image:type\" content=\"image\/png\" \/>\n<meta name=\"twitter:card\" content=\"summary_large_image\" \/>\n<meta name=\"twitter:site\" content=\"@berger_ca\" \/>\n<meta name=\"twitter:label1\" content=\"Tiempo de lectura\" \/>\n\t<meta name=\"twitter:data1\" content=\"3 minutos\" \/>\n<script type=\"application\/ld+json\" class=\"yoast-schema-graph\">{\"@context\":\"https:\\\/\\\/schema.org\",\"@graph\":[{\"@type\":\"WebPage\",\"@id\":\"https:\\\/\\\/www.berger.ca\\\/es\\\/acerca-de-berger\\\/historia\\\/60-aniversario\\\/\",\"url\":\"https:\\\/\\\/www.berger.ca\\\/es\\\/acerca-de-berger\\\/historia\\\/60-aniversario\\\/\",\"name\":\"60 A\u00f1os de \u00c9xitos - Berger - ES\",\"isPartOf\":{\"@id\":\"https:\\\/\\\/www.berger.ca\\\/es\\\/#website\"},\"primaryImageOfPage\":{\"@id\":\"https:\\\/\\\/www.berger.ca\\\/es\\\/acerca-de-berger\\\/historia\\\/60-aniversario\\\/#primaryimage\"},\"image\":{\"@id\":\"https:\\\/\\\/www.berger.ca\\\/es\\\/acerca-de-berger\\\/historia\\\/60-aniversario\\\/#primaryimage\"},\"thumbnailUrl\":\"https:\\\/\\\/www.berger.ca\\\/es\\\/wp-content\\\/uploads\\\/sites\\\/3\\\/2023\\\/01\\\/berger_60_feature.png\",\"datePublished\":\"2022-12-22T16:00:04+00:00\",\"dateModified\":\"2023-01-30T16:09:36+00:00\",\"description\":\"Llevamos tres generaciones enriqueciendo la vida a nuestro alrededor: las actividades empresariales de nuestros clientes y la vida en el trabajo, adem\u00e1s de la vitalidad de nuestra industria y nuestras comunidades. Durante 60 temporadas hemos sido un entorno f\u00e9rtil tanto para el desarrollo humano como para el crecimiento hort\u00edcola y agr\u00edcola.\",\"breadcrumb\":{\"@id\":\"https:\\\/\\\/www.berger.ca\\\/es\\\/acerca-de-berger\\\/historia\\\/60-aniversario\\\/#breadcrumb\"},\"inLanguage\":\"es\",\"potentialAction\":[{\"@type\":\"ReadAction\",\"target\":[\"https:\\\/\\\/www.berger.ca\\\/es\\\/acerca-de-berger\\\/historia\\\/60-aniversario\\\/\"]}]},{\"@type\":\"ImageObject\",\"inLanguage\":\"es\",\"@id\":\"https:\\\/\\\/www.berger.ca\\\/es\\\/acerca-de-berger\\\/historia\\\/60-aniversario\\\/#primaryimage\",\"url\":\"https:\\\/\\\/www.berger.ca\\\/es\\\/wp-content\\\/uploads\\\/sites\\\/3\\\/2023\\\/01\\\/berger_60_feature.png\",\"contentUrl\":\"https:\\\/\\\/www.berger.ca\\\/es\\\/wp-content\\\/uploads\\\/sites\\\/3\\\/2023\\\/01\\\/berger_60_feature.png\",\"width\":2400,\"height\":1108},{\"@type\":\"BreadcrumbList\",\"@id\":\"https:\\\/\\\/www.berger.ca\\\/es\\\/acerca-de-berger\\\/historia\\\/60-aniversario\\\/#breadcrumb\",\"itemListElement\":[{\"@type\":\"ListItem\",\"position\":1,\"name\":\"Acerca de Berger\",\"item\":\"https:\\\/\\\/www.berger.ca\\\/es\\\/acerca-de-berger\\\/\"},{\"@type\":\"ListItem\",\"position\":2,\"name\":\"Historia\",\"item\":\"https:\\\/\\\/www.berger.ca\\\/es\\\/acerca-de-berger\\\/historia\\\/\"},{\"@type\":\"ListItem\",\"position\":3,\"name\":\"60 A\u00f1os de \u00c9xitos\"}]},{\"@type\":\"WebSite\",\"@id\":\"https:\\\/\\\/www.berger.ca\\\/es\\\/#website\",\"url\":\"https:\\\/\\\/www.berger.ca\\\/es\\\/\",\"name\":\"Berger - ES\",\"description\":\"Un site utilisant Sites Berger\",\"publisher\":{\"@id\":\"https:\\\/\\\/www.berger.ca\\\/es\\\/#organization\"},\"potentialAction\":[{\"@type\":\"SearchAction\",\"target\":{\"@type\":\"EntryPoint\",\"urlTemplate\":\"https:\\\/\\\/www.berger.ca\\\/es\\\/?s={search_term_string}\"},\"query-input\":{\"@type\":\"PropertyValueSpecification\",\"valueRequired\":true,\"valueName\":\"search_term_string\"}}],\"inLanguage\":\"es\"},{\"@type\":\"Organization\",\"@id\":\"https:\\\/\\\/www.berger.ca\\\/es\\\/#organization\",\"name\":\"Berger\",\"url\":\"https:\\\/\\\/www.berger.ca\\\/es\\\/\",\"logo\":{\"@type\":\"ImageObject\",\"inLanguage\":\"es\",\"@id\":\"https:\\\/\\\/www.berger.ca\\\/es\\\/#\\\/schema\\\/logo\\\/image\\\/\",\"url\":\"https:\\\/\\\/www.berger.ca\\\/es\\\/wp-content\\\/uploads\\\/sites\\\/3\\\/2016\\\/07\\\/berger_logo_coul_seul.png\",\"contentUrl\":\"https:\\\/\\\/www.berger.ca\\\/es\\\/wp-content\\\/uploads\\\/sites\\\/3\\\/2016\\\/07\\\/berger_logo_coul_seul.png\",\"width\":1257,\"height\":1156,\"caption\":\"Berger\"},\"image\":{\"@id\":\"https:\\\/\\\/www.berger.ca\\\/es\\\/#\\\/schema\\\/logo\\\/image\\\/\"},\"sameAs\":[\"https:\\\/\\\/www.facebook.com\\\/berger.ca\\\/\",\"https:\\\/\\\/x.com\\\/berger_ca\",\"https:\\\/\\\/www.instagram.com\\\/bergermixes\\\/\",\"https:\\\/\\\/www.linkedin.com\\\/company\\\/berger-peat-moss-ltd-\\\/\",\"https:\\\/\\\/www.pinterest.com\\\/bergerpeatmoss\\\/\",\"https:\\\/\\\/www.youtube.com\\\/user\\\/tourbieresberger\"]}]}<\/script>\n<!-- \/ Yoast SEO plugin. -->","yoast_head_json":{"title":"60 A\u00f1os de \u00c9xitos - Berger - ES","description":"Llevamos tres generaciones enriqueciendo la vida a nuestro alrededor: las actividades empresariales de nuestros clientes y la vida en el trabajo, adem\u00e1s de la vitalidad de nuestra industria y nuestras comunidades. Durante 60 temporadas hemos sido un entorno f\u00e9rtil tanto para el desarrollo humano como para el crecimiento hort\u00edcola y agr\u00edcola.","robots":{"index":"index","follow":"follow","max-snippet":"max-snippet:-1","max-image-preview":"max-image-preview:large","max-video-preview":"max-video-preview:-1"},"canonical":"https:\/\/www.berger.ca\/es\/acerca-de-berger\/historia\/60-aniversario\/","og_locale":"es_ES","og_type":"article","og_title":"60 A\u00f1os de \u00c9xitos - Berger - ES","og_description":"Llevamos tres generaciones enriqueciendo la vida a nuestro alrededor: las actividades empresariales de nuestros clientes y la vida en el trabajo, adem\u00e1s de la vitalidad de nuestra industria y nuestras comunidades. Durante 60 temporadas hemos sido un entorno f\u00e9rtil tanto para el desarrollo humano como para el crecimiento hort\u00edcola y agr\u00edcola.","og_url":"https:\/\/www.berger.ca\/es\/acerca-de-berger\/historia\/60-aniversario\/","og_site_name":"Berger - ES","article_publisher":"https:\/\/www.facebook.com\/berger.ca\/","article_modified_time":"2023-01-30T16:09:36+00:00","og_image":[{"width":1024,"height":473,"url":"https:\/\/www.berger.ca\/es\/wp-content\/uploads\/sites\/3\/2023\/01\/berger_60_feature-1024x473.png","type":"image\/png"}],"twitter_card":"summary_large_image","twitter_site":"@berger_ca","twitter_misc":{"Tiempo de lectura":"3 minutos"},"schema":{"@context":"https:\/\/schema.org","@graph":[{"@type":"WebPage","@id":"https:\/\/www.berger.ca\/es\/acerca-de-berger\/historia\/60-aniversario\/","url":"https:\/\/www.berger.ca\/es\/acerca-de-berger\/historia\/60-aniversario\/","name":"60 A\u00f1os de \u00c9xitos - Berger - ES","isPartOf":{"@id":"https:\/\/www.berger.ca\/es\/#website"},"primaryImageOfPage":{"@id":"https:\/\/www.berger.ca\/es\/acerca-de-berger\/historia\/60-aniversario\/#primaryimage"},"image":{"@id":"https:\/\/www.berger.ca\/es\/acerca-de-berger\/historia\/60-aniversario\/#primaryimage"},"thumbnailUrl":"https:\/\/www.berger.ca\/es\/wp-content\/uploads\/sites\/3\/2023\/01\/berger_60_feature.png","datePublished":"2022-12-22T16:00:04+00:00","dateModified":"2023-01-30T16:09:36+00:00","description":"Llevamos tres generaciones enriqueciendo la vida a nuestro alrededor: las actividades empresariales de nuestros clientes y la vida en el trabajo, adem\u00e1s de la vitalidad de nuestra industria y nuestras comunidades. Durante 60 temporadas hemos sido un entorno f\u00e9rtil tanto para el desarrollo humano como para el crecimiento hort\u00edcola y agr\u00edcola.","breadcrumb":{"@id":"https:\/\/www.berger.ca\/es\/acerca-de-berger\/historia\/60-aniversario\/#breadcrumb"},"inLanguage":"es","potentialAction":[{"@type":"ReadAction","target":["https:\/\/www.berger.ca\/es\/acerca-de-berger\/historia\/60-aniversario\/"]}]},{"@type":"ImageObject","inLanguage":"es","@id":"https:\/\/www.berger.ca\/es\/acerca-de-berger\/historia\/60-aniversario\/#primaryimage","url":"https:\/\/www.berger.ca\/es\/wp-content\/uploads\/sites\/3\/2023\/01\/berger_60_feature.png","contentUrl":"https:\/\/www.berger.ca\/es\/wp-content\/uploads\/sites\/3\/2023\/01\/berger_60_feature.png","width":2400,"height":1108},{"@type":"BreadcrumbList","@id":"https:\/\/www.berger.ca\/es\/acerca-de-berger\/historia\/60-aniversario\/#breadcrumb","itemListElement":[{"@type":"ListItem","position":1,"name":"Acerca de Berger","item":"https:\/\/www.berger.ca\/es\/acerca-de-berger\/"},{"@type":"ListItem","position":2,"name":"Historia","item":"https:\/\/www.berger.ca\/es\/acerca-de-berger\/historia\/"},{"@type":"ListItem","position":3,"name":"60 A\u00f1os de \u00c9xitos"}]},{"@type":"WebSite","@id":"https:\/\/www.berger.ca\/es\/#website","url":"https:\/\/www.berger.ca\/es\/","name":"Berger - ES","description":"Un site utilisant Sites Berger","publisher":{"@id":"https:\/\/www.berger.ca\/es\/#organization"},"potentialAction":[{"@type":"SearchAction","target":{"@type":"EntryPoint","urlTemplate":"https:\/\/www.berger.ca\/es\/?s={search_term_string}"},"query-input":{"@type":"PropertyValueSpecification","valueRequired":true,"valueName":"search_term_string"}}],"inLanguage":"es"},{"@type":"Organization","@id":"https:\/\/www.berger.ca\/es\/#organization","name":"Berger","url":"https:\/\/www.berger.ca\/es\/","logo":{"@type":"ImageObject","inLanguage":"es","@id":"https:\/\/www.berger.ca\/es\/#\/schema\/logo\/image\/","url":"https:\/\/www.berger.ca\/es\/wp-content\/uploads\/sites\/3\/2016\/07\/berger_logo_coul_seul.png","contentUrl":"https:\/\/www.berger.ca\/es\/wp-content\/uploads\/sites\/3\/2016\/07\/berger_logo_coul_seul.png","width":1257,"height":1156,"caption":"Berger"},"image":{"@id":"https:\/\/www.berger.ca\/es\/#\/schema\/logo\/image\/"},"sameAs":["https:\/\/www.facebook.com\/berger.ca\/","https:\/\/x.com\/berger_ca","https:\/\/www.instagram.com\/bergermixes\/","https:\/\/www.linkedin.com\/company\/berger-peat-moss-ltd-\/","https:\/\/www.pinterest.com\/bergerpeatmoss\/","https:\/\/www.youtube.com\/user\/tourbieresberger"]}]}},"_links":{"self":[{"href":"https:\/\/www.berger.ca\/es\/wp-json\/wp\/v2\/pages\/4790","targetHints":{"allow":["GET"]}}],"collection":[{"href":"https:\/\/www.berger.ca\/es\/wp-json\/wp\/v2\/pages"}],"about":[{"href":"https:\/\/www.berger.ca\/es\/wp-json\/wp\/v2\/types\/page"}],"author":[{"embeddable":true,"href":"https:\/\/www.berger.ca\/es\/wp-json\/wp\/v2\/users\/5"}],"replies":[{"embeddable":true,"href":"https:\/\/www.berger.ca\/es\/wp-json\/wp\/v2\/comments?post=4790"}],"version-history":[{"count":63,"href":"https:\/\/www.berger.ca\/es\/wp-json\/wp\/v2\/pages\/4790\/revisions"}],"predecessor-version":[{"id":4947,"href":"https:\/\/www.berger.ca\/es\/wp-json\/wp\/v2\/pages\/4790\/revisions\/4947"}],"up":[{"embeddable":true,"href":"https:\/\/www.berger.ca\/es\/wp-json\/wp\/v2\/pages\/284"}],"wp:featuredmedia":[{"embeddable":true,"href":"https:\/\/www.berger.ca\/es\/wp-json\/wp\/v2\/media\/4865"}],"wp:attachment":[{"href":"https:\/\/www.berger.ca\/es\/wp-json\/wp\/v2\/media?parent=4790"}],"curies":[{"name":"wp","href":"https:\/\/api.w.org\/{rel}","templated":true}]}}