{"id":482,"date":"2016-05-29T21:51:45","date_gmt":"2016-05-29T20:51:45","guid":{"rendered":"https:\/\/www.berger.ca\/es\/?page_id=482"},"modified":"2017-11-06T21:15:29","modified_gmt":"2017-11-06T20:15:29","slug":"gestion-economica","status":"publish","type":"page","link":"https:\/\/www.berger.ca\/es\/acerca-de-berger\/resposabilidad-social\/gestion-economica\/","title":{"rendered":"Gesti\u00f3n econ\u00f3mica"},"content":{"rendered":"<h2>Una gesti\u00f3n econ\u00f3mica sana y sostenible<\/h2>\n<p>Como fuerza impulsora de la industria manufacturera del pa\u00eds, Berger se enorgullece en mantener una<strong> gesti\u00f3n financiera sana<\/strong>. \u00bfSu principal objetivo?<strong> Asegurar la perpetuidad y el crecimiento de la empresa.<\/strong> Para diferenciarse, Berger se concentra en dos puntos clave: por un lado, orientar su modelo de negocios en funci\u00f3n de las necesidades del mercado, y por otro, adoptar un enfoque de <strong>ventas directas<\/strong> sostenido por una red de representantes ubicados en todo el continente americano.<\/p>\n<div class=\"wysiwyg-row\"><br \/>\n<div class=\"column-6\"><\/p>\n<h4>Pensar local, actuar mundial<\/h4>\n<p><img loading=\"lazy\" decoding=\"async\" class=\"alignnone size-medium wp-image-1726\" src=\"https:\/\/www.berger.ca\/es\/wp-content\/uploads\/2016\/05\/Berger-20150712182425-e1462977015392-300x173.jpg\" alt=\"Tapa Berger\" width=\"300\" height=\"173\" \/><\/p>\n<p>Otra intenci\u00f3n de la empresa es contribuir al desarrollo econ\u00f3mico de las comunidades en las que opera. En este sentido, sus compromisos son inalterables.<br \/>\nPor esta raz\u00f3n, Berger ha asumido una <strong>pol\u00edtica de compras locales<\/strong>.<\/p>\n<p><a class=\"link pdf\" href=\"https:\/\/www.berger.ca\/wp-content\/uploads\/2016\/05\/Proposition-de-Valeur_FR.pdf\" target=\"_blank\" rel=\"noopener noreferrer\">ENLACE PDF A LA POL\u00cdTICA DE COMPRA LOCAL<\/a><\/p>\n<p>La empresa crea asociaciones comerciales a largo plazo con los proveedores de bienes y servicios de las distintas regiones pertinentes. Todo ello con una garant\u00eda de integridad total.<\/p>\n<p><\/div><br \/>\n<div class=\"column-6\"><\/p>\n<h4>Empresa del a\u00f1o 2015<\/h4>\n<p><img loading=\"lazy\" decoding=\"async\" class=\"alignnone wp-image-1702 size-medium\" src=\"https:\/\/www.berger.ca\/es\/wp-content\/uploads\/2016\/05\/4Berger-e1462975392250-300x173.jpg\" alt=\"Berger - Empresa del A\u00f1o\" width=\"300\" height=\"173\" \/><\/p>\n<p>Conocida por su dinamismo y su buena salud econ\u00f3mica, Berger recibi\u00f3 un galard\u00f3n de la C\u00e1mara de Comercio de Rivi\u00e8re-du-Loup como empresa manufacturera del a\u00f1o 2015. Tambi\u00e9n fue reconocida con el premio Prix Rel\u00e8ve\/Transfert d\u2019entreprise (<strong>premio Transici\u00f3n\/Transferencia de mando<\/strong>), y fue nombrada \u201c<strong>Empresa del A\u00f1o<\/strong>\u201d.<br \/>\n<\/div><br \/>\n<\/div>\n","protected":false},"excerpt":{"rendered":"<p>Una gesti\u00f3n econ\u00f3mica sana y sostenible Como fuerza impulsora de la industria manufacturera del pa\u00eds, Berger se enorgullece en mantener una gesti\u00f3n financiera sana. \u00bfSu principal objetivo? Asegurar la perpetuidad y el crecimiento de la empresa. Para diferenciarse, Berger se concentra en dos puntos clave: por un lado, orientar su modelo de negocios en funci\u00f3n de las necesidades del mercado, y por otro, adoptar un enfoque de ventas directas sostenido por una red de representantes ubicados en todo el continente americano.<\/p>\n","protected":false},"author":2,"featured_media":0,"parent":288,"menu_order":0,"comment_status":"closed","ping_status":"closed","template":"template-wysiwyg.php","meta":{"_acf_changed":false,"footnotes":""},"class_list":["post-482","page","type-page","status-publish","hentry"],"acf":[],"yoast_head":"<!-- This site is optimized with the Yoast SEO plugin v27.3 - https:\/\/yoast.com\/product\/yoast-seo-wordpress\/ -->\n<title>Gesti\u00f3n econ\u00f3mica - Berger - ES<\/title>\n<meta name=\"description\" content=\"Como fuerza impulsora de la industria manufacturera del pa\u00eds, Berger se enorgullece en mantener una gesti\u00f3n financiera sana.\" \/>\n<meta name=\"robots\" content=\"index, follow, max-snippet:-1, max-image-preview:large, max-video-preview:-1\" \/>\n<link rel=\"canonical\" href=\"https:\/\/www.berger.ca\/es\/acerca-de-berger\/resposabilidad-social\/gestion-economica\/\" \/>\n<meta property=\"og:locale\" content=\"es_ES\" \/>\n<meta property=\"og:type\" content=\"article\" \/>\n<meta property=\"og:title\" content=\"Gesti\u00f3n econ\u00f3mica - Berger - ES\" \/>\n<meta property=\"og:description\" content=\"Como fuerza impulsora de la industria manufacturera del pa\u00eds, Berger se enorgullece en mantener una gesti\u00f3n financiera sana.\" \/>\n<meta property=\"og:url\" content=\"https:\/\/www.berger.ca\/es\/acerca-de-berger\/resposabilidad-social\/gestion-economica\/\" \/>\n<meta property=\"og:site_name\" content=\"Berger - ES\" \/>\n<meta property=\"article:publisher\" content=\"https:\/\/www.facebook.com\/berger.ca\/\" \/>\n<meta property=\"article:modified_time\" content=\"2017-11-06T20:15:29+00:00\" \/>\n<meta property=\"og:image\" content=\"https:\/\/www.berger.ca\/es\/wp-content\/uploads\/2016\/05\/Berger-20150712182425-e1462977015392-300x173.jpg\" \/>\n<meta name=\"twitter:card\" content=\"summary_large_image\" \/>\n<meta name=\"twitter:site\" content=\"@berger_ca\" \/>\n<meta name=\"twitter:label1\" content=\"Tiempo de lectura\" \/>\n\t<meta name=\"twitter:data1\" content=\"1 minuto\" \/>\n<script type=\"application\/ld+json\" class=\"yoast-schema-graph\">{\"@context\":\"https:\\\/\\\/schema.org\",\"@graph\":[{\"@type\":\"WebPage\",\"@id\":\"https:\\\/\\\/www.berger.ca\\\/es\\\/acerca-de-berger\\\/resposabilidad-social\\\/gestion-economica\\\/\",\"url\":\"https:\\\/\\\/www.berger.ca\\\/es\\\/acerca-de-berger\\\/resposabilidad-social\\\/gestion-economica\\\/\",\"name\":\"Gesti\u00f3n econ\u00f3mica - Berger - ES\",\"isPartOf\":{\"@id\":\"https:\\\/\\\/www.berger.ca\\\/es\\\/#website\"},\"primaryImageOfPage\":{\"@id\":\"https:\\\/\\\/www.berger.ca\\\/es\\\/acerca-de-berger\\\/resposabilidad-social\\\/gestion-economica\\\/#primaryimage\"},\"image\":{\"@id\":\"https:\\\/\\\/www.berger.ca\\\/es\\\/acerca-de-berger\\\/resposabilidad-social\\\/gestion-economica\\\/#primaryimage\"},\"thumbnailUrl\":\"https:\\\/\\\/www.berger.ca\\\/es\\\/wp-content\\\/uploads\\\/2016\\\/05\\\/Berger-20150712182425-e1462977015392-300x173.jpg\",\"datePublished\":\"2016-05-29T20:51:45+00:00\",\"dateModified\":\"2017-11-06T20:15:29+00:00\",\"description\":\"Como fuerza impulsora de la industria manufacturera del pa\u00eds, Berger se enorgullece en mantener una gesti\u00f3n financiera sana.\",\"breadcrumb\":{\"@id\":\"https:\\\/\\\/www.berger.ca\\\/es\\\/acerca-de-berger\\\/resposabilidad-social\\\/gestion-economica\\\/#breadcrumb\"},\"inLanguage\":\"es\",\"potentialAction\":[{\"@type\":\"ReadAction\",\"target\":[\"https:\\\/\\\/www.berger.ca\\\/es\\\/acerca-de-berger\\\/resposabilidad-social\\\/gestion-economica\\\/\"]}]},{\"@type\":\"ImageObject\",\"inLanguage\":\"es\",\"@id\":\"https:\\\/\\\/www.berger.ca\\\/es\\\/acerca-de-berger\\\/resposabilidad-social\\\/gestion-economica\\\/#primaryimage\",\"url\":\"https:\\\/\\\/www.berger.ca\\\/es\\\/wp-content\\\/uploads\\\/2016\\\/05\\\/Berger-20150712182425-e1462977015392-300x173.jpg\",\"contentUrl\":\"https:\\\/\\\/www.berger.ca\\\/es\\\/wp-content\\\/uploads\\\/2016\\\/05\\\/Berger-20150712182425-e1462977015392-300x173.jpg\"},{\"@type\":\"BreadcrumbList\",\"@id\":\"https:\\\/\\\/www.berger.ca\\\/es\\\/acerca-de-berger\\\/resposabilidad-social\\\/gestion-economica\\\/#breadcrumb\",\"itemListElement\":[{\"@type\":\"ListItem\",\"position\":1,\"name\":\"Acerca de Berger\",\"item\":\"https:\\\/\\\/www.berger.ca\\\/es\\\/acerca-de-berger\\\/\"},{\"@type\":\"ListItem\",\"position\":2,\"name\":\"Resposabilidad social\",\"item\":\"https:\\\/\\\/www.berger.ca\\\/es\\\/acerca-de-berger\\\/resposabilidad-social\\\/\"},{\"@type\":\"ListItem\",\"position\":3,\"name\":\"Gesti\u00f3n econ\u00f3mica\"}]},{\"@type\":\"WebSite\",\"@id\":\"https:\\\/\\\/www.berger.ca\\\/es\\\/#website\",\"url\":\"https:\\\/\\\/www.berger.ca\\\/es\\\/\",\"name\":\"Berger - ES\",\"description\":\"Un site utilisant Sites Berger\",\"publisher\":{\"@id\":\"https:\\\/\\\/www.berger.ca\\\/es\\\/#organization\"},\"potentialAction\":[{\"@type\":\"SearchAction\",\"target\":{\"@type\":\"EntryPoint\",\"urlTemplate\":\"https:\\\/\\\/www.berger.ca\\\/es\\\/?s={search_term_string}\"},\"query-input\":{\"@type\":\"PropertyValueSpecification\",\"valueRequired\":true,\"valueName\":\"search_term_string\"}}],\"inLanguage\":\"es\"},{\"@type\":\"Organization\",\"@id\":\"https:\\\/\\\/www.berger.ca\\\/es\\\/#organization\",\"name\":\"Berger\",\"url\":\"https:\\\/\\\/www.berger.ca\\\/es\\\/\",\"logo\":{\"@type\":\"ImageObject\",\"inLanguage\":\"es\",\"@id\":\"https:\\\/\\\/www.berger.ca\\\/es\\\/#\\\/schema\\\/logo\\\/image\\\/\",\"url\":\"https:\\\/\\\/www.berger.ca\\\/es\\\/wp-content\\\/uploads\\\/sites\\\/3\\\/2016\\\/07\\\/berger_logo_coul_seul.png\",\"contentUrl\":\"https:\\\/\\\/www.berger.ca\\\/es\\\/wp-content\\\/uploads\\\/sites\\\/3\\\/2016\\\/07\\\/berger_logo_coul_seul.png\",\"width\":1257,\"height\":1156,\"caption\":\"Berger\"},\"image\":{\"@id\":\"https:\\\/\\\/www.berger.ca\\\/es\\\/#\\\/schema\\\/logo\\\/image\\\/\"},\"sameAs\":[\"https:\\\/\\\/www.facebook.com\\\/berger.ca\\\/\",\"https:\\\/\\\/x.com\\\/berger_ca\",\"https:\\\/\\\/www.instagram.com\\\/bergermixes\\\/\",\"https:\\\/\\\/www.linkedin.com\\\/company\\\/berger-peat-moss-ltd-\\\/\",\"https:\\\/\\\/www.pinterest.com\\\/bergerpeatmoss\\\/\",\"https:\\\/\\\/www.youtube.com\\\/user\\\/tourbieresberger\"]}]}<\/script>\n<!-- \/ Yoast SEO plugin. -->","yoast_head_json":{"title":"Gesti\u00f3n econ\u00f3mica - Berger - ES","description":"Como fuerza impulsora de la industria manufacturera del pa\u00eds, Berger se enorgullece en mantener una gesti\u00f3n financiera sana.","robots":{"index":"index","follow":"follow","max-snippet":"max-snippet:-1","max-image-preview":"max-image-preview:large","max-video-preview":"max-video-preview:-1"},"canonical":"https:\/\/www.berger.ca\/es\/acerca-de-berger\/resposabilidad-social\/gestion-economica\/","og_locale":"es_ES","og_type":"article","og_title":"Gesti\u00f3n econ\u00f3mica - Berger - ES","og_description":"Como fuerza impulsora de la industria manufacturera del pa\u00eds, Berger se enorgullece en mantener una gesti\u00f3n financiera sana.","og_url":"https:\/\/www.berger.ca\/es\/acerca-de-berger\/resposabilidad-social\/gestion-economica\/","og_site_name":"Berger - ES","article_publisher":"https:\/\/www.facebook.com\/berger.ca\/","article_modified_time":"2017-11-06T20:15:29+00:00","og_image":[{"url":"https:\/\/www.berger.ca\/es\/wp-content\/uploads\/2016\/05\/Berger-20150712182425-e1462977015392-300x173.jpg","type":"","width":"","height":""}],"twitter_card":"summary_large_image","twitter_site":"@berger_ca","twitter_misc":{"Tiempo de lectura":"1 minuto"},"schema":{"@context":"https:\/\/schema.org","@graph":[{"@type":"WebPage","@id":"https:\/\/www.berger.ca\/es\/acerca-de-berger\/resposabilidad-social\/gestion-economica\/","url":"https:\/\/www.berger.ca\/es\/acerca-de-berger\/resposabilidad-social\/gestion-economica\/","name":"Gesti\u00f3n econ\u00f3mica - Berger - ES","isPartOf":{"@id":"https:\/\/www.berger.ca\/es\/#website"},"primaryImageOfPage":{"@id":"https:\/\/www.berger.ca\/es\/acerca-de-berger\/resposabilidad-social\/gestion-economica\/#primaryimage"},"image":{"@id":"https:\/\/www.berger.ca\/es\/acerca-de-berger\/resposabilidad-social\/gestion-economica\/#primaryimage"},"thumbnailUrl":"https:\/\/www.berger.ca\/es\/wp-content\/uploads\/2016\/05\/Berger-20150712182425-e1462977015392-300x173.jpg","datePublished":"2016-05-29T20:51:45+00:00","dateModified":"2017-11-06T20:15:29+00:00","description":"Como fuerza impulsora de la industria manufacturera del pa\u00eds, Berger se enorgullece en mantener una gesti\u00f3n financiera sana.","breadcrumb":{"@id":"https:\/\/www.berger.ca\/es\/acerca-de-berger\/resposabilidad-social\/gestion-economica\/#breadcrumb"},"inLanguage":"es","potentialAction":[{"@type":"ReadAction","target":["https:\/\/www.berger.ca\/es\/acerca-de-berger\/resposabilidad-social\/gestion-economica\/"]}]},{"@type":"ImageObject","inLanguage":"es","@id":"https:\/\/www.berger.ca\/es\/acerca-de-berger\/resposabilidad-social\/gestion-economica\/#primaryimage","url":"https:\/\/www.berger.ca\/es\/wp-content\/uploads\/2016\/05\/Berger-20150712182425-e1462977015392-300x173.jpg","contentUrl":"https:\/\/www.berger.ca\/es\/wp-content\/uploads\/2016\/05\/Berger-20150712182425-e1462977015392-300x173.jpg"},{"@type":"BreadcrumbList","@id":"https:\/\/www.berger.ca\/es\/acerca-de-berger\/resposabilidad-social\/gestion-economica\/#breadcrumb","itemListElement":[{"@type":"ListItem","position":1,"name":"Acerca de Berger","item":"https:\/\/www.berger.ca\/es\/acerca-de-berger\/"},{"@type":"ListItem","position":2,"name":"Resposabilidad social","item":"https:\/\/www.berger.ca\/es\/acerca-de-berger\/resposabilidad-social\/"},{"@type":"ListItem","position":3,"name":"Gesti\u00f3n econ\u00f3mica"}]},{"@type":"WebSite","@id":"https:\/\/www.berger.ca\/es\/#website","url":"https:\/\/www.berger.ca\/es\/","name":"Berger - ES","description":"Un site utilisant Sites Berger","publisher":{"@id":"https:\/\/www.berger.ca\/es\/#organization"},"potentialAction":[{"@type":"SearchAction","target":{"@type":"EntryPoint","urlTemplate":"https:\/\/www.berger.ca\/es\/?s={search_term_string}"},"query-input":{"@type":"PropertyValueSpecification","valueRequired":true,"valueName":"search_term_string"}}],"inLanguage":"es"},{"@type":"Organization","@id":"https:\/\/www.berger.ca\/es\/#organization","name":"Berger","url":"https:\/\/www.berger.ca\/es\/","logo":{"@type":"ImageObject","inLanguage":"es","@id":"https:\/\/www.berger.ca\/es\/#\/schema\/logo\/image\/","url":"https:\/\/www.berger.ca\/es\/wp-content\/uploads\/sites\/3\/2016\/07\/berger_logo_coul_seul.png","contentUrl":"https:\/\/www.berger.ca\/es\/wp-content\/uploads\/sites\/3\/2016\/07\/berger_logo_coul_seul.png","width":1257,"height":1156,"caption":"Berger"},"image":{"@id":"https:\/\/www.berger.ca\/es\/#\/schema\/logo\/image\/"},"sameAs":["https:\/\/www.facebook.com\/berger.ca\/","https:\/\/x.com\/berger_ca","https:\/\/www.instagram.com\/bergermixes\/","https:\/\/www.linkedin.com\/company\/berger-peat-moss-ltd-\/","https:\/\/www.pinterest.com\/bergerpeatmoss\/","https:\/\/www.youtube.com\/user\/tourbieresberger"]}]}},"_links":{"self":[{"href":"https:\/\/www.berger.ca\/es\/wp-json\/wp\/v2\/pages\/482","targetHints":{"allow":["GET"]}}],"collection":[{"href":"https:\/\/www.berger.ca\/es\/wp-json\/wp\/v2\/pages"}],"about":[{"href":"https:\/\/www.berger.ca\/es\/wp-json\/wp\/v2\/types\/page"}],"author":[{"embeddable":true,"href":"https:\/\/www.berger.ca\/es\/wp-json\/wp\/v2\/users\/2"}],"replies":[{"embeddable":true,"href":"https:\/\/www.berger.ca\/es\/wp-json\/wp\/v2\/comments?post=482"}],"version-history":[{"count":6,"href":"https:\/\/www.berger.ca\/es\/wp-json\/wp\/v2\/pages\/482\/revisions"}],"predecessor-version":[{"id":2253,"href":"https:\/\/www.berger.ca\/es\/wp-json\/wp\/v2\/pages\/482\/revisions\/2253"}],"up":[{"embeddable":true,"href":"https:\/\/www.berger.ca\/es\/wp-json\/wp\/v2\/pages\/288"}],"wp:attachment":[{"href":"https:\/\/www.berger.ca\/es\/wp-json\/wp\/v2\/media?parent=482"}],"curies":[{"name":"wp","href":"https:\/\/api.w.org\/{rel}","templated":true}]}}