{"id":4971,"date":"2023-02-22T17:48:12","date_gmt":"2023-02-22T22:48:12","guid":{"rendered":"https:\/\/www.berger.ca\/es\/?page_id=4971"},"modified":"2024-06-03T08:59:26","modified_gmt":"2024-06-03T13:59:26","slug":"ensayos-en-invernaderos-de-berger","status":"publish","type":"page","link":"https:\/\/www.berger.ca\/es\/servicios\/ensayos-en-invernaderos-de-berger\/","title":{"rendered":"Ensayos en invernaderos de Berger"},"content":{"rendered":"<h4>ENSAYO EN INVERNADERO<\/h4>\n<h2><span style=\"color: #5d6333\">\u00a1DE LA SEMILLA A LA FLOR Y M\u00c1S ALL\u00c1!<\/span><\/h2>\n<p>&nbsp;<\/p>\n<h4><span style=\"color: #000000\">En Berger, sabemos lo importante que es la mezcla de cultivo adecuada para garantizar el mayor rendimiento de las mejores plantas. EL PROGRAMA DE ENSAYOS EN INVERNADERO DE BERGER ES LA CLAVE PARA LIBERAR TODO EL POTENCIAL DE SUS CULTIVOS.<\/span><\/h4>\n<p>Llevamos 60 a\u00f1os dise\u00f1ando una amplia variedad de sustratos de cultivo de primera calidad. La combinaci\u00f3n de nuestros avances cient\u00edficos y nuestro conocimiento de la producci\u00f3n profesional en invernaderos nos convierten en un actor clave del sector: el socio ideal para tener resultados de cultivo predecibles.<\/p>\n<h3>Vea usted mismo la diferencia<\/h3>\n<p>Nuestro programa de ensayos en invernadero le permite probar las mezclas de Berger directamente en su propio entorno. Este enfoque libre de riesgos le permite experimentar de primera mano el desempe\u00f1o superior y el aumento de la rentabilidad que nuestros productos pueden ofrecer. Nuestro equipo le asistir\u00e1 para tener cosechas perfectas, producciones uniformes y mejorar la planeaci\u00f3n de su calendario.<\/p>\n<p style=\"text-align: center\">***<\/p>\n<p style=\"text-align: center\"><span style=\"color: #5d6333\"><strong>Descubra c\u00f3mo Berger puede ayudarle a florecer a\u00fan m\u00e1s.<\/strong><\/span><br \/>\nPru\u00e9belo en sus instalaciones de producci\u00f3n, en su propio entorno hort\u00edcola.<\/p>\n<p style=\"text-align: center\"><a class=\"show-try button\" href=\"#\" rel=\"noopener noreferrer\">SOLICITE SU PRUEBA DE INVERNADERO<\/a><\/p>\n<p>&nbsp;<\/p>\n<hr \/>\n<div class=\"wysiwyg-row\"><br \/>\n<div class=\"column-4\"><\/p>\n<h3>Servicios agron\u00f3mos<\/h3>\n<p><a href=\"https:\/\/www.berger.ca\/es\/servicios\/servicios-tecnicos\/\" target=\"_blank\" rel=\"noopener\"><strong><span style=\"color: #5d6333\">Una amplia gama de servicios t\u00e9cnicos y de an\u00e1lisis\u00bb.\u00bb<\/span><\/strong><\/a><\/p>\n<p>Nuestra colaboraci\u00f3n va mucho m\u00e1s all\u00e1 del sustrato. Nuestro equipo agron\u00f3mico especializado le brinda valiosos an\u00e1lisis y soporte t\u00e9cnico durante todo el ensayo, garantizando que sus resultados sean \u00f3ptimos.<\/p>\n<p><img loading=\"lazy\" decoding=\"async\" class=\"alignnone size-medium wp-image-9506\" src=\"https:\/\/www.berger.ca\/en\/wp-content\/uploads\/sites\/2\/2023\/03\/roots2.png\" alt=\"Servicios agron\u00f3mos\" width=\"396\" height=\"213\" \/><\/p>\n<p><\/div><\/p>\n<p><div class=\"column-4\"><\/p>\n<h3>Lo que los clientes dicen <\/h3>\n<p><a href=\"https:\/\/www.berger.ca\/es\/recursos-para-los-productores\/testimonios\/\" target=\"_blank\" rel=\"noopener\"><strong><span style=\"color: #5d6333\">Conozca los logros de los clientes de Berger\u00bb<\/span><\/strong><\/a><\/p>\n<p>Cultivadores de todo el mundo conf\u00edan en las mezclas de cultivo de alta calidad de Berger para sus cosechas. Escuche a muchos agricultores que han experimentado los beneficios de los productos y servicios de Berger en nuestra secci\u00f3n \u00abTestimonios\u00bb.<\/p>\n<p><img loading=\"lazy\" decoding=\"async\" class=\"alignnone size-medium wp-image-9505\" src=\"https:\/\/www.berger.ca\/en\/wp-content\/uploads\/sites\/2\/2023\/03\/PNP_9494-Edit.png\" alt=\"Testimonios\" width=\"396\" height=\"213\" \/><\/p>\n<p><\/div><\/p>\n<p><div class=\"column-4\"><\/p>\n<h3>Cat\u00e1logo de productos <\/h3>\n<p><a href=\"https:\/\/www.berger.ca\/es\/productos\/\" target=\"_blank\" rel=\"noopener\"><strong><span style=\"color: #5d6333\">Encuentre la mezcla que mejor se adapte a sus necesidades \u00bb<\/span><\/strong><\/a><\/p>\n<p>Ya sea para la propagaci\u00f3n de plantas en invernaderos o en viveros para la producci\u00f3n de hortalizas, frutas blandas y mucho m\u00e1s, tenemos un sustrato en nuestra amplia l\u00ednea de productos que se adaptar\u00e1 a sus necesidades particulares. <\/p>\n<p><img loading=\"lazy\" decoding=\"async\" class=\"alignnone size-medium wp-image-9504\" src=\"https:\/\/www.berger.ca\/en\/wp-content\/uploads\/sites\/2\/2023\/03\/IMG_7685.png\" alt=\"Cat\u00e1logo de productos Berger\" width=\"396\" height=\"213\" \/><\/p>\n<p><\/div><\/p>\n<p><\/div>\n<h4 style=\"text-align: center\"><span style=\"color: #839a46\">\u00a1Trabajemos juntos para llevar su gesti\u00f3n de invernadero al siguiente nivel!<\/span><\/h4>\n","protected":false},"excerpt":{"rendered":"<p>ENSAYO EN INVERNADERO \u00a1DE LA SEMILLA A LA FLOR Y M\u00c1S ALL\u00c1! &nbsp; En Berger, sabemos lo importante que es la mezcla de cultivo adecuada para garantizar el mayor rendimiento de las mejores plantas. EL PROGRAMA DE ENSAYOS EN INVERNADERO DE BERGER ES LA CLAVE PARA LIBERAR TODO EL POTENCIAL DE SUS CULTIVOS. Llevamos 60 a\u00f1os dise\u00f1ando una amplia variedad de sustratos de cultivo de primera calidad. La combinaci\u00f3n de nuestros avances cient\u00edficos y nuestro conocimiento de la producci\u00f3n profesional en invernaderos nos convierten en un actor clave del sector: el socio ideal para tener resultados de cultivo predecibles. Vea usted mismo la diferencia Nuestro programa de ensayos en invernadero le permite probar las mezclas de Berger directamente en su propio entorno. Este enfoque libre de riesgos le permite experimentar de primera mano el desempe\u00f1o superior y el aumento de [&hellip;]<\/p>\n","protected":false},"author":2,"featured_media":0,"parent":255,"menu_order":0,"comment_status":"closed","ping_status":"closed","template":"","meta":{"_acf_changed":false,"footnotes":""},"class_list":["post-4971","page","type-page","status-publish","hentry"],"acf":[],"yoast_head":"<!-- This site is optimized with the Yoast SEO plugin v27.3 - https:\/\/yoast.com\/product\/yoast-seo-wordpress\/ -->\n<title>Ensayos en invernaderos de Berger - Berger - ES<\/title>\n<meta name=\"description\" content=\"Nuestro programa de ensayo en invernadero le permite probar las mezclas de Berger directamente en su propio entorno.\" \/>\n<meta name=\"robots\" content=\"index, follow, max-snippet:-1, max-image-preview:large, max-video-preview:-1\" \/>\n<link rel=\"canonical\" href=\"https:\/\/www.berger.ca\/es\/servicios\/ensayos-en-invernaderos-de-berger\/\" \/>\n<meta property=\"og:locale\" content=\"es_ES\" \/>\n<meta property=\"og:type\" content=\"article\" \/>\n<meta property=\"og:title\" content=\"Ensayos en invernaderos de Berger - Berger - ES\" \/>\n<meta property=\"og:description\" content=\"Nuestro programa de ensayo en invernadero le permite probar las mezclas de Berger directamente en su propio entorno.\" \/>\n<meta property=\"og:url\" content=\"https:\/\/www.berger.ca\/es\/servicios\/ensayos-en-invernaderos-de-berger\/\" \/>\n<meta property=\"og:site_name\" content=\"Berger - ES\" \/>\n<meta property=\"article:publisher\" content=\"https:\/\/www.facebook.com\/berger.ca\/\" \/>\n<meta property=\"article:modified_time\" content=\"2024-06-03T13:59:26+00:00\" \/>\n<meta property=\"og:image\" content=\"https:\/\/www.berger.ca\/en\/wp-content\/uploads\/sites\/2\/2023\/03\/roots2.png\" \/>\n<meta name=\"twitter:card\" content=\"summary_large_image\" \/>\n<meta name=\"twitter:site\" content=\"@berger_ca\" \/>\n<meta name=\"twitter:label1\" content=\"Tiempo de lectura\" \/>\n\t<meta name=\"twitter:data1\" content=\"3 minutos\" \/>\n<script type=\"application\/ld+json\" class=\"yoast-schema-graph\">{\"@context\":\"https:\\\/\\\/schema.org\",\"@graph\":[{\"@type\":\"WebPage\",\"@id\":\"https:\\\/\\\/www.berger.ca\\\/es\\\/servicios\\\/ensayos-en-invernaderos-de-berger\\\/\",\"url\":\"https:\\\/\\\/www.berger.ca\\\/es\\\/servicios\\\/ensayos-en-invernaderos-de-berger\\\/\",\"name\":\"Ensayos en invernaderos de Berger - Berger - ES\",\"isPartOf\":{\"@id\":\"https:\\\/\\\/www.berger.ca\\\/es\\\/#website\"},\"primaryImageOfPage\":{\"@id\":\"https:\\\/\\\/www.berger.ca\\\/es\\\/servicios\\\/ensayos-en-invernaderos-de-berger\\\/#primaryimage\"},\"image\":{\"@id\":\"https:\\\/\\\/www.berger.ca\\\/es\\\/servicios\\\/ensayos-en-invernaderos-de-berger\\\/#primaryimage\"},\"thumbnailUrl\":\"https:\\\/\\\/www.berger.ca\\\/en\\\/wp-content\\\/uploads\\\/sites\\\/2\\\/2023\\\/03\\\/roots2.png\",\"datePublished\":\"2023-02-22T22:48:12+00:00\",\"dateModified\":\"2024-06-03T13:59:26+00:00\",\"description\":\"Nuestro programa de ensayo en invernadero le permite probar las mezclas de Berger directamente en su propio entorno.\",\"breadcrumb\":{\"@id\":\"https:\\\/\\\/www.berger.ca\\\/es\\\/servicios\\\/ensayos-en-invernaderos-de-berger\\\/#breadcrumb\"},\"inLanguage\":\"es\",\"potentialAction\":[{\"@type\":\"ReadAction\",\"target\":[\"https:\\\/\\\/www.berger.ca\\\/es\\\/servicios\\\/ensayos-en-invernaderos-de-berger\\\/\"]}]},{\"@type\":\"ImageObject\",\"inLanguage\":\"es\",\"@id\":\"https:\\\/\\\/www.berger.ca\\\/es\\\/servicios\\\/ensayos-en-invernaderos-de-berger\\\/#primaryimage\",\"url\":\"https:\\\/\\\/www.berger.ca\\\/en\\\/wp-content\\\/uploads\\\/sites\\\/2\\\/2023\\\/03\\\/roots2.png\",\"contentUrl\":\"https:\\\/\\\/www.berger.ca\\\/en\\\/wp-content\\\/uploads\\\/sites\\\/2\\\/2023\\\/03\\\/roots2.png\"},{\"@type\":\"BreadcrumbList\",\"@id\":\"https:\\\/\\\/www.berger.ca\\\/es\\\/servicios\\\/ensayos-en-invernaderos-de-berger\\\/#breadcrumb\",\"itemListElement\":[{\"@type\":\"ListItem\",\"position\":1,\"name\":\"Servicios\",\"item\":\"https:\\\/\\\/www.berger.ca\\\/es\\\/servicios\\\/\"},{\"@type\":\"ListItem\",\"position\":2,\"name\":\"Ensayos en invernaderos de Berger\"}]},{\"@type\":\"WebSite\",\"@id\":\"https:\\\/\\\/www.berger.ca\\\/es\\\/#website\",\"url\":\"https:\\\/\\\/www.berger.ca\\\/es\\\/\",\"name\":\"Berger - ES\",\"description\":\"Un site utilisant Sites Berger\",\"publisher\":{\"@id\":\"https:\\\/\\\/www.berger.ca\\\/es\\\/#organization\"},\"potentialAction\":[{\"@type\":\"SearchAction\",\"target\":{\"@type\":\"EntryPoint\",\"urlTemplate\":\"https:\\\/\\\/www.berger.ca\\\/es\\\/?s={search_term_string}\"},\"query-input\":{\"@type\":\"PropertyValueSpecification\",\"valueRequired\":true,\"valueName\":\"search_term_string\"}}],\"inLanguage\":\"es\"},{\"@type\":\"Organization\",\"@id\":\"https:\\\/\\\/www.berger.ca\\\/es\\\/#organization\",\"name\":\"Berger\",\"url\":\"https:\\\/\\\/www.berger.ca\\\/es\\\/\",\"logo\":{\"@type\":\"ImageObject\",\"inLanguage\":\"es\",\"@id\":\"https:\\\/\\\/www.berger.ca\\\/es\\\/#\\\/schema\\\/logo\\\/image\\\/\",\"url\":\"https:\\\/\\\/www.berger.ca\\\/es\\\/wp-content\\\/uploads\\\/sites\\\/3\\\/2016\\\/07\\\/berger_logo_coul_seul.png\",\"contentUrl\":\"https:\\\/\\\/www.berger.ca\\\/es\\\/wp-content\\\/uploads\\\/sites\\\/3\\\/2016\\\/07\\\/berger_logo_coul_seul.png\",\"width\":1257,\"height\":1156,\"caption\":\"Berger\"},\"image\":{\"@id\":\"https:\\\/\\\/www.berger.ca\\\/es\\\/#\\\/schema\\\/logo\\\/image\\\/\"},\"sameAs\":[\"https:\\\/\\\/www.facebook.com\\\/berger.ca\\\/\",\"https:\\\/\\\/x.com\\\/berger_ca\",\"https:\\\/\\\/www.instagram.com\\\/bergermixes\\\/\",\"https:\\\/\\\/www.linkedin.com\\\/company\\\/berger-peat-moss-ltd-\\\/\",\"https:\\\/\\\/www.pinterest.com\\\/bergerpeatmoss\\\/\",\"https:\\\/\\\/www.youtube.com\\\/user\\\/tourbieresberger\"]}]}<\/script>\n<!-- \/ Yoast SEO plugin. -->","yoast_head_json":{"title":"Ensayos en invernaderos de Berger - Berger - ES","description":"Nuestro programa de ensayo en invernadero le permite probar las mezclas de Berger directamente en su propio entorno.","robots":{"index":"index","follow":"follow","max-snippet":"max-snippet:-1","max-image-preview":"max-image-preview:large","max-video-preview":"max-video-preview:-1"},"canonical":"https:\/\/www.berger.ca\/es\/servicios\/ensayos-en-invernaderos-de-berger\/","og_locale":"es_ES","og_type":"article","og_title":"Ensayos en invernaderos de Berger - Berger - ES","og_description":"Nuestro programa de ensayo en invernadero le permite probar las mezclas de Berger directamente en su propio entorno.","og_url":"https:\/\/www.berger.ca\/es\/servicios\/ensayos-en-invernaderos-de-berger\/","og_site_name":"Berger - ES","article_publisher":"https:\/\/www.facebook.com\/berger.ca\/","article_modified_time":"2024-06-03T13:59:26+00:00","og_image":[{"url":"https:\/\/www.berger.ca\/en\/wp-content\/uploads\/sites\/2\/2023\/03\/roots2.png","type":"","width":"","height":""}],"twitter_card":"summary_large_image","twitter_site":"@berger_ca","twitter_misc":{"Tiempo de lectura":"3 minutos"},"schema":{"@context":"https:\/\/schema.org","@graph":[{"@type":"WebPage","@id":"https:\/\/www.berger.ca\/es\/servicios\/ensayos-en-invernaderos-de-berger\/","url":"https:\/\/www.berger.ca\/es\/servicios\/ensayos-en-invernaderos-de-berger\/","name":"Ensayos en invernaderos de Berger - Berger - ES","isPartOf":{"@id":"https:\/\/www.berger.ca\/es\/#website"},"primaryImageOfPage":{"@id":"https:\/\/www.berger.ca\/es\/servicios\/ensayos-en-invernaderos-de-berger\/#primaryimage"},"image":{"@id":"https:\/\/www.berger.ca\/es\/servicios\/ensayos-en-invernaderos-de-berger\/#primaryimage"},"thumbnailUrl":"https:\/\/www.berger.ca\/en\/wp-content\/uploads\/sites\/2\/2023\/03\/roots2.png","datePublished":"2023-02-22T22:48:12+00:00","dateModified":"2024-06-03T13:59:26+00:00","description":"Nuestro programa de ensayo en invernadero le permite probar las mezclas de Berger directamente en su propio entorno.","breadcrumb":{"@id":"https:\/\/www.berger.ca\/es\/servicios\/ensayos-en-invernaderos-de-berger\/#breadcrumb"},"inLanguage":"es","potentialAction":[{"@type":"ReadAction","target":["https:\/\/www.berger.ca\/es\/servicios\/ensayos-en-invernaderos-de-berger\/"]}]},{"@type":"ImageObject","inLanguage":"es","@id":"https:\/\/www.berger.ca\/es\/servicios\/ensayos-en-invernaderos-de-berger\/#primaryimage","url":"https:\/\/www.berger.ca\/en\/wp-content\/uploads\/sites\/2\/2023\/03\/roots2.png","contentUrl":"https:\/\/www.berger.ca\/en\/wp-content\/uploads\/sites\/2\/2023\/03\/roots2.png"},{"@type":"BreadcrumbList","@id":"https:\/\/www.berger.ca\/es\/servicios\/ensayos-en-invernaderos-de-berger\/#breadcrumb","itemListElement":[{"@type":"ListItem","position":1,"name":"Servicios","item":"https:\/\/www.berger.ca\/es\/servicios\/"},{"@type":"ListItem","position":2,"name":"Ensayos en invernaderos de Berger"}]},{"@type":"WebSite","@id":"https:\/\/www.berger.ca\/es\/#website","url":"https:\/\/www.berger.ca\/es\/","name":"Berger - ES","description":"Un site utilisant Sites Berger","publisher":{"@id":"https:\/\/www.berger.ca\/es\/#organization"},"potentialAction":[{"@type":"SearchAction","target":{"@type":"EntryPoint","urlTemplate":"https:\/\/www.berger.ca\/es\/?s={search_term_string}"},"query-input":{"@type":"PropertyValueSpecification","valueRequired":true,"valueName":"search_term_string"}}],"inLanguage":"es"},{"@type":"Organization","@id":"https:\/\/www.berger.ca\/es\/#organization","name":"Berger","url":"https:\/\/www.berger.ca\/es\/","logo":{"@type":"ImageObject","inLanguage":"es","@id":"https:\/\/www.berger.ca\/es\/#\/schema\/logo\/image\/","url":"https:\/\/www.berger.ca\/es\/wp-content\/uploads\/sites\/3\/2016\/07\/berger_logo_coul_seul.png","contentUrl":"https:\/\/www.berger.ca\/es\/wp-content\/uploads\/sites\/3\/2016\/07\/berger_logo_coul_seul.png","width":1257,"height":1156,"caption":"Berger"},"image":{"@id":"https:\/\/www.berger.ca\/es\/#\/schema\/logo\/image\/"},"sameAs":["https:\/\/www.facebook.com\/berger.ca\/","https:\/\/x.com\/berger_ca","https:\/\/www.instagram.com\/bergermixes\/","https:\/\/www.linkedin.com\/company\/berger-peat-moss-ltd-\/","https:\/\/www.pinterest.com\/bergerpeatmoss\/","https:\/\/www.youtube.com\/user\/tourbieresberger"]}]}},"_links":{"self":[{"href":"https:\/\/www.berger.ca\/es\/wp-json\/wp\/v2\/pages\/4971","targetHints":{"allow":["GET"]}}],"collection":[{"href":"https:\/\/www.berger.ca\/es\/wp-json\/wp\/v2\/pages"}],"about":[{"href":"https:\/\/www.berger.ca\/es\/wp-json\/wp\/v2\/types\/page"}],"author":[{"embeddable":true,"href":"https:\/\/www.berger.ca\/es\/wp-json\/wp\/v2\/users\/2"}],"replies":[{"embeddable":true,"href":"https:\/\/www.berger.ca\/es\/wp-json\/wp\/v2\/comments?post=4971"}],"version-history":[{"count":14,"href":"https:\/\/www.berger.ca\/es\/wp-json\/wp\/v2\/pages\/4971\/revisions"}],"predecessor-version":[{"id":5341,"href":"https:\/\/www.berger.ca\/es\/wp-json\/wp\/v2\/pages\/4971\/revisions\/5341"}],"up":[{"embeddable":true,"href":"https:\/\/www.berger.ca\/es\/wp-json\/wp\/v2\/pages\/255"}],"wp:attachment":[{"href":"https:\/\/www.berger.ca\/es\/wp-json\/wp\/v2\/media?parent=4971"}],"curies":[{"name":"wp","href":"https:\/\/api.w.org\/{rel}","templated":true}]}}