{"id":4973,"date":"2023-02-22T20:48:21","date_gmt":"2023-02-23T01:48:21","guid":{"rendered":"https:\/\/www.berger.ca\/es\/?page_id=4973"},"modified":"2025-12-11T14:06:38","modified_gmt":"2025-12-11T19:06:38","slug":"ensayos-completos-de-berger-para-la-ace","status":"publish","type":"page","link":"https:\/\/www.berger.ca\/es\/servicios\/ensayos-completos-de-berger-para-la-ace\/","title":{"rendered":"Ensayos completos para la ACE"},"content":{"rendered":"<h4>ENSAYO DE AGRIGULTURA EN AMBIENTE CONTROLADO (AAC)<\/h4>\n<h2><span style=\"color: #5d6333\"><strong>\u00a1ES HORA DE SUPERAR SUS EXPECTATIVAS!<\/strong><\/span><\/h2>\n<p>&nbsp;<\/p>\n<h4>En Berger llevamos 60 a\u00f1os desarrollando una amplia variedad de sustratos de cultivo de primera calidad. EL PROGRAMA DE ENSAYOS DE AAC DE BERGER ES LA CLAVE PARA LIBERAR TODO EL POTENCIAL DE SUS CULTIVOS.<\/h4>\n<p>La combinaci\u00f3n de nuestra experiencia cient\u00edfica y nuestro claro conocimiento del mercado de las verduras de hoja verde nos hacen un actor clave del sector y el socio ideal para brindarle las mezclas de germinaci\u00f3n que garanticen resultados confiables.<\/p>\n<h3>Vea usted mismo la diferencia<\/h3>\n<p>Nuestro programa de ensayos de AAC le permite probar las mezclas de Berger directamente en su propio entorno. Este enfoque sin riesgo alguno le permite experimentar de primera mano el desempe\u00f1o superior y el aumento en la rentabilidad que nuestros productos le pueden ofrecer. Nuestro equipo le asistir\u00e1 para tener cosechas perfectas, producciones uniformes y mejorar la planeaci\u00f3n de su calendario.<\/p>\n<p>Juntos, podemos ayudarlo a superar sus expectativas.<\/p>\n<p style=\"text-align: center\">***<\/p>\n<p style=\"text-align: center\"><span style=\"color: #5d6333\"><strong>Descubra c\u00f3mo Berger puede ayudarlo a aumentar el rendimiento de sus cultivos.<\/strong><\/span><br \/>\nPru\u00e9belo en su propio entorno hort\u00edcola y vea qu\u00e9 puede hacer por su producci\u00f3n.<\/p>\n<p style=\"text-align: center\"><a class=\"show-try button\" href=\"#\" rel=\"noopener noreferrer\">SOLICITE SU PRUEBA DE INVERNADERO<\/a><\/p>\n<p>&nbsp;<\/p>\n<hr \/>\n<p>&nbsp;<\/p>\n<div class=\"wysiwyg-row\"><\/p>\n<p><div class=\"column-4\"><\/p>\n<h3>Producci\u00f3n org\u00e1nica<\/h3>\n<p><a href=\"https:\/\/www.berger.ca\/es\/acerca-de-berger\/resposabilidad-social\/certificaciones\/\" target=\"_blank\" rel=\"noopener\"> <span style=\"color: #5d6333\"><strong>Ofrecemos apoyo para la producci\u00f3n org\u00e1nica y su certificaci\u00f3n \u00bb<\/strong><\/a><\/span><\/p>\n<p>Berger le ofrece productos de una calidad indiscutible. Esta excelencia impregna todos los aspectos de nuestras actividades y se ve confirmada por las diversas certificaciones que la reconocen en el mundo entero.<\/p>\n<p><img loading=\"lazy\" decoding=\"async\" class=\"alignnone size-medium wp-image-9506\" src=\"https:\/\/www.berger.ca\/en\/wp-content\/uploads\/sites\/2\/2023\/03\/food-safety-scaled.jpg\" alt=\"Producci\u00f3n org\u00e1nica\" width=\"396\" height=\"213\" \/><\/p>\n<p><\/div><\/p>\n<p><div class=\"column-4\"><\/p>\n<h3>Seguridad de alimentos<\/h3>\n<p><a href=\"https:\/\/www.berger.ca\/es\/equipo-de-ventas\/\" target=\"_blank\" rel=\"noopener\"><span style=\"color: #5d6333\"><strong>Opciones de pruebas de seguridad alimentaria disponibles \u00bb<\/a><\/strong><\/span><\/p>\n<p>Berger ofrece productos con seguridad alimenticia comprobada analizados por un laboratorio externo para detectar pat\u00f3genos humanos. Tambi\u00e9n implementamos procedimientos de limpieza exhaustivos que nos permiten ofrecer tranquilidad.<\/p>\n<p><img loading=\"lazy\" decoding=\"async\" class=\"alignnone size-medium wp-image-9505\" src=\"https:\/\/www.berger.ca\/en\/wp-content\/uploads\/sites\/2\/2023\/03\/organic-certification-scaled.jpg\" alt=\"Seguridad de alimentos\" width=\"396\" height=\"213\" \/><\/p>\n<p><\/div><\/p>\n<p><div class=\"column-4\"><\/p>\n<h3>Cat\u00e1logo de productos<\/h3>\n<p><a href=\"https:\/\/www.berger.ca\/es\/productos\/\" target=\"_blank\" rel=\"noopener\"><strong><span style=\"color: #5d6333\">Encuentre el mezcla de Berger adecuado a sus necesidades \u00bb<\/span><\/strong><\/a><\/p>\n<p>El reconocido control de calidad de Berger, junto con nuestro Programa de seguridad alimenticia, nos permiten ofrecer productos espec\u00edficamente adaptados a las necesidades de los productores de verduras de hoja verde.<\/p>\n<p><img loading=\"lazy\" decoding=\"async\" class=\"alignnone size-medium wp-image-9504\" src=\"https:\/\/www.berger.ca\/en\/wp-content\/uploads\/sites\/2\/2023\/03\/IMG_7685.png\" alt=\"Cat\u00e1logo de productos\" width=\"396\" height=\"213\" \/><br \/>\n&nbsp;<\/p>\n<p><\/div><\/p>\n<p><\/div>\n<h4 style=\"text-align: center\"><span style=\"color: #839a46\">\u00a1TRABAJEMOS JUNTOS PARA LLEVAR SUS PROCEDIMIENTOS AL SIGUIENTE NIVEL!<\/span><\/h4>\n","protected":false},"excerpt":{"rendered":"<p>ENSAYO DE AGRIGULTURA EN AMBIENTE CONTROLADO (AAC) \u00a1ES HORA DE SUPERAR SUS EXPECTATIVAS! &nbsp; En Berger llevamos 60 a\u00f1os desarrollando una amplia variedad de sustratos de cultivo de primera calidad. EL PROGRAMA DE ENSAYOS DE AAC DE BERGER ES LA CLAVE PARA LIBERAR TODO EL POTENCIAL DE SUS CULTIVOS. La combinaci\u00f3n de nuestra experiencia cient\u00edfica y nuestro claro conocimiento del mercado de las verduras de hoja verde nos hacen un actor clave del sector y el socio ideal para brindarle las mezclas de germinaci\u00f3n que garanticen resultados confiables. Vea usted mismo la diferencia Nuestro programa de ensayos de AAC le permite probar las mezclas de Berger directamente en su propio entorno. Este enfoque sin riesgo alguno le permite experimentar de primera mano el desempe\u00f1o superior y el aumento en la rentabilidad que nuestros productos le pueden ofrecer. Nuestro equipo le [&hellip;]<\/p>\n","protected":false},"author":2,"featured_media":0,"parent":255,"menu_order":0,"comment_status":"closed","ping_status":"closed","template":"","meta":{"_acf_changed":false,"footnotes":""},"class_list":["post-4973","page","type-page","status-publish","hentry"],"acf":[],"yoast_head":"<!-- This site is optimized with the Yoast SEO plugin v27.3 - https:\/\/yoast.com\/product\/yoast-seo-wordpress\/ -->\n<title>Ensayos completos para la ACE - Berger - ES<\/title>\n<meta name=\"description\" content=\"Nuestro programa de ensayos de AAC le permite probar las mezclas de Berger directamente en su propio entorno.\" \/>\n<meta name=\"robots\" content=\"index, follow, max-snippet:-1, max-image-preview:large, max-video-preview:-1\" \/>\n<link rel=\"canonical\" href=\"https:\/\/www.berger.ca\/es\/servicios\/ensayos-completos-de-berger-para-la-ace\/\" \/>\n<meta property=\"og:locale\" content=\"es_ES\" \/>\n<meta property=\"og:type\" content=\"article\" \/>\n<meta property=\"og:title\" content=\"Ensayos completos para la ACE - Berger - ES\" \/>\n<meta property=\"og:description\" content=\"Nuestro programa de ensayos de AAC le permite probar las mezclas de Berger directamente en su propio entorno.\" \/>\n<meta property=\"og:url\" content=\"https:\/\/www.berger.ca\/es\/servicios\/ensayos-completos-de-berger-para-la-ace\/\" \/>\n<meta property=\"og:site_name\" content=\"Berger - ES\" \/>\n<meta property=\"article:publisher\" content=\"https:\/\/www.facebook.com\/berger.ca\/\" \/>\n<meta property=\"article:modified_time\" content=\"2025-12-11T19:06:38+00:00\" \/>\n<meta name=\"twitter:card\" content=\"summary_large_image\" \/>\n<meta name=\"twitter:site\" content=\"@berger_ca\" \/>\n<meta name=\"twitter:label1\" content=\"Tiempo de lectura\" \/>\n\t<meta name=\"twitter:data1\" content=\"3 minutos\" \/>\n<script type=\"application\/ld+json\" class=\"yoast-schema-graph\">{\"@context\":\"https:\\\/\\\/schema.org\",\"@graph\":[{\"@type\":\"WebPage\",\"@id\":\"https:\\\/\\\/www.berger.ca\\\/es\\\/servicios\\\/ensayos-completos-de-berger-para-la-ace\\\/\",\"url\":\"https:\\\/\\\/www.berger.ca\\\/es\\\/servicios\\\/ensayos-completos-de-berger-para-la-ace\\\/\",\"name\":\"Ensayos completos para la ACE - Berger - ES\",\"isPartOf\":{\"@id\":\"https:\\\/\\\/www.berger.ca\\\/es\\\/#website\"},\"primaryImageOfPage\":{\"@id\":\"https:\\\/\\\/www.berger.ca\\\/es\\\/servicios\\\/ensayos-completos-de-berger-para-la-ace\\\/#primaryimage\"},\"image\":{\"@id\":\"https:\\\/\\\/www.berger.ca\\\/es\\\/servicios\\\/ensayos-completos-de-berger-para-la-ace\\\/#primaryimage\"},\"thumbnailUrl\":\"https:\\\/\\\/www.berger.ca\\\/en\\\/wp-content\\\/uploads\\\/sites\\\/2\\\/2023\\\/03\\\/food-safety-scaled.jpg\",\"datePublished\":\"2023-02-23T01:48:21+00:00\",\"dateModified\":\"2025-12-11T19:06:38+00:00\",\"description\":\"Nuestro programa de ensayos de AAC le permite probar las mezclas de Berger directamente en su propio entorno.\",\"breadcrumb\":{\"@id\":\"https:\\\/\\\/www.berger.ca\\\/es\\\/servicios\\\/ensayos-completos-de-berger-para-la-ace\\\/#breadcrumb\"},\"inLanguage\":\"es\",\"potentialAction\":[{\"@type\":\"ReadAction\",\"target\":[\"https:\\\/\\\/www.berger.ca\\\/es\\\/servicios\\\/ensayos-completos-de-berger-para-la-ace\\\/\"]}]},{\"@type\":\"ImageObject\",\"inLanguage\":\"es\",\"@id\":\"https:\\\/\\\/www.berger.ca\\\/es\\\/servicios\\\/ensayos-completos-de-berger-para-la-ace\\\/#primaryimage\",\"url\":\"https:\\\/\\\/www.berger.ca\\\/en\\\/wp-content\\\/uploads\\\/sites\\\/2\\\/2023\\\/03\\\/food-safety-scaled.jpg\",\"contentUrl\":\"https:\\\/\\\/www.berger.ca\\\/en\\\/wp-content\\\/uploads\\\/sites\\\/2\\\/2023\\\/03\\\/food-safety-scaled.jpg\"},{\"@type\":\"BreadcrumbList\",\"@id\":\"https:\\\/\\\/www.berger.ca\\\/es\\\/servicios\\\/ensayos-completos-de-berger-para-la-ace\\\/#breadcrumb\",\"itemListElement\":[{\"@type\":\"ListItem\",\"position\":1,\"name\":\"Servicios\",\"item\":\"https:\\\/\\\/www.berger.ca\\\/es\\\/servicios\\\/\"},{\"@type\":\"ListItem\",\"position\":2,\"name\":\"Ensayos completos para la ACE\"}]},{\"@type\":\"WebSite\",\"@id\":\"https:\\\/\\\/www.berger.ca\\\/es\\\/#website\",\"url\":\"https:\\\/\\\/www.berger.ca\\\/es\\\/\",\"name\":\"Berger - ES\",\"description\":\"Un site utilisant Sites Berger\",\"publisher\":{\"@id\":\"https:\\\/\\\/www.berger.ca\\\/es\\\/#organization\"},\"potentialAction\":[{\"@type\":\"SearchAction\",\"target\":{\"@type\":\"EntryPoint\",\"urlTemplate\":\"https:\\\/\\\/www.berger.ca\\\/es\\\/?s={search_term_string}\"},\"query-input\":{\"@type\":\"PropertyValueSpecification\",\"valueRequired\":true,\"valueName\":\"search_term_string\"}}],\"inLanguage\":\"es\"},{\"@type\":\"Organization\",\"@id\":\"https:\\\/\\\/www.berger.ca\\\/es\\\/#organization\",\"name\":\"Berger\",\"url\":\"https:\\\/\\\/www.berger.ca\\\/es\\\/\",\"logo\":{\"@type\":\"ImageObject\",\"inLanguage\":\"es\",\"@id\":\"https:\\\/\\\/www.berger.ca\\\/es\\\/#\\\/schema\\\/logo\\\/image\\\/\",\"url\":\"https:\\\/\\\/www.berger.ca\\\/es\\\/wp-content\\\/uploads\\\/sites\\\/3\\\/2016\\\/07\\\/berger_logo_coul_seul.png\",\"contentUrl\":\"https:\\\/\\\/www.berger.ca\\\/es\\\/wp-content\\\/uploads\\\/sites\\\/3\\\/2016\\\/07\\\/berger_logo_coul_seul.png\",\"width\":1257,\"height\":1156,\"caption\":\"Berger\"},\"image\":{\"@id\":\"https:\\\/\\\/www.berger.ca\\\/es\\\/#\\\/schema\\\/logo\\\/image\\\/\"},\"sameAs\":[\"https:\\\/\\\/www.facebook.com\\\/berger.ca\\\/\",\"https:\\\/\\\/x.com\\\/berger_ca\",\"https:\\\/\\\/www.instagram.com\\\/bergermixes\\\/\",\"https:\\\/\\\/www.linkedin.com\\\/company\\\/berger-peat-moss-ltd-\\\/\",\"https:\\\/\\\/www.pinterest.com\\\/bergerpeatmoss\\\/\",\"https:\\\/\\\/www.youtube.com\\\/user\\\/tourbieresberger\"]}]}<\/script>\n<!-- \/ Yoast SEO plugin. -->","yoast_head_json":{"title":"Ensayos completos para la ACE - Berger - ES","description":"Nuestro programa de ensayos de AAC le permite probar las mezclas de Berger directamente en su propio entorno.","robots":{"index":"index","follow":"follow","max-snippet":"max-snippet:-1","max-image-preview":"max-image-preview:large","max-video-preview":"max-video-preview:-1"},"canonical":"https:\/\/www.berger.ca\/es\/servicios\/ensayos-completos-de-berger-para-la-ace\/","og_locale":"es_ES","og_type":"article","og_title":"Ensayos completos para la ACE - Berger - ES","og_description":"Nuestro programa de ensayos de AAC le permite probar las mezclas de Berger directamente en su propio entorno.","og_url":"https:\/\/www.berger.ca\/es\/servicios\/ensayos-completos-de-berger-para-la-ace\/","og_site_name":"Berger - ES","article_publisher":"https:\/\/www.facebook.com\/berger.ca\/","article_modified_time":"2025-12-11T19:06:38+00:00","twitter_card":"summary_large_image","twitter_site":"@berger_ca","twitter_misc":{"Tiempo de lectura":"3 minutos"},"schema":{"@context":"https:\/\/schema.org","@graph":[{"@type":"WebPage","@id":"https:\/\/www.berger.ca\/es\/servicios\/ensayos-completos-de-berger-para-la-ace\/","url":"https:\/\/www.berger.ca\/es\/servicios\/ensayos-completos-de-berger-para-la-ace\/","name":"Ensayos completos para la ACE - Berger - ES","isPartOf":{"@id":"https:\/\/www.berger.ca\/es\/#website"},"primaryImageOfPage":{"@id":"https:\/\/www.berger.ca\/es\/servicios\/ensayos-completos-de-berger-para-la-ace\/#primaryimage"},"image":{"@id":"https:\/\/www.berger.ca\/es\/servicios\/ensayos-completos-de-berger-para-la-ace\/#primaryimage"},"thumbnailUrl":"https:\/\/www.berger.ca\/en\/wp-content\/uploads\/sites\/2\/2023\/03\/food-safety-scaled.jpg","datePublished":"2023-02-23T01:48:21+00:00","dateModified":"2025-12-11T19:06:38+00:00","description":"Nuestro programa de ensayos de AAC le permite probar las mezclas de Berger directamente en su propio entorno.","breadcrumb":{"@id":"https:\/\/www.berger.ca\/es\/servicios\/ensayos-completos-de-berger-para-la-ace\/#breadcrumb"},"inLanguage":"es","potentialAction":[{"@type":"ReadAction","target":["https:\/\/www.berger.ca\/es\/servicios\/ensayos-completos-de-berger-para-la-ace\/"]}]},{"@type":"ImageObject","inLanguage":"es","@id":"https:\/\/www.berger.ca\/es\/servicios\/ensayos-completos-de-berger-para-la-ace\/#primaryimage","url":"https:\/\/www.berger.ca\/en\/wp-content\/uploads\/sites\/2\/2023\/03\/food-safety-scaled.jpg","contentUrl":"https:\/\/www.berger.ca\/en\/wp-content\/uploads\/sites\/2\/2023\/03\/food-safety-scaled.jpg"},{"@type":"BreadcrumbList","@id":"https:\/\/www.berger.ca\/es\/servicios\/ensayos-completos-de-berger-para-la-ace\/#breadcrumb","itemListElement":[{"@type":"ListItem","position":1,"name":"Servicios","item":"https:\/\/www.berger.ca\/es\/servicios\/"},{"@type":"ListItem","position":2,"name":"Ensayos completos para la ACE"}]},{"@type":"WebSite","@id":"https:\/\/www.berger.ca\/es\/#website","url":"https:\/\/www.berger.ca\/es\/","name":"Berger - ES","description":"Un site utilisant Sites Berger","publisher":{"@id":"https:\/\/www.berger.ca\/es\/#organization"},"potentialAction":[{"@type":"SearchAction","target":{"@type":"EntryPoint","urlTemplate":"https:\/\/www.berger.ca\/es\/?s={search_term_string}"},"query-input":{"@type":"PropertyValueSpecification","valueRequired":true,"valueName":"search_term_string"}}],"inLanguage":"es"},{"@type":"Organization","@id":"https:\/\/www.berger.ca\/es\/#organization","name":"Berger","url":"https:\/\/www.berger.ca\/es\/","logo":{"@type":"ImageObject","inLanguage":"es","@id":"https:\/\/www.berger.ca\/es\/#\/schema\/logo\/image\/","url":"https:\/\/www.berger.ca\/es\/wp-content\/uploads\/sites\/3\/2016\/07\/berger_logo_coul_seul.png","contentUrl":"https:\/\/www.berger.ca\/es\/wp-content\/uploads\/sites\/3\/2016\/07\/berger_logo_coul_seul.png","width":1257,"height":1156,"caption":"Berger"},"image":{"@id":"https:\/\/www.berger.ca\/es\/#\/schema\/logo\/image\/"},"sameAs":["https:\/\/www.facebook.com\/berger.ca\/","https:\/\/x.com\/berger_ca","https:\/\/www.instagram.com\/bergermixes\/","https:\/\/www.linkedin.com\/company\/berger-peat-moss-ltd-\/","https:\/\/www.pinterest.com\/bergerpeatmoss\/","https:\/\/www.youtube.com\/user\/tourbieresberger"]}]}},"_links":{"self":[{"href":"https:\/\/www.berger.ca\/es\/wp-json\/wp\/v2\/pages\/4973","targetHints":{"allow":["GET"]}}],"collection":[{"href":"https:\/\/www.berger.ca\/es\/wp-json\/wp\/v2\/pages"}],"about":[{"href":"https:\/\/www.berger.ca\/es\/wp-json\/wp\/v2\/types\/page"}],"author":[{"embeddable":true,"href":"https:\/\/www.berger.ca\/es\/wp-json\/wp\/v2\/users\/2"}],"replies":[{"embeddable":true,"href":"https:\/\/www.berger.ca\/es\/wp-json\/wp\/v2\/comments?post=4973"}],"version-history":[{"count":20,"href":"https:\/\/www.berger.ca\/es\/wp-json\/wp\/v2\/pages\/4973\/revisions"}],"predecessor-version":[{"id":5342,"href":"https:\/\/www.berger.ca\/es\/wp-json\/wp\/v2\/pages\/4973\/revisions\/5342"}],"up":[{"embeddable":true,"href":"https:\/\/www.berger.ca\/es\/wp-json\/wp\/v2\/pages\/255"}],"wp:attachment":[{"href":"https:\/\/www.berger.ca\/es\/wp-json\/wp\/v2\/media?parent=4973"}],"curies":[{"name":"wp","href":"https:\/\/api.w.org\/{rel}","templated":true}]}}