{"id":502,"date":"2016-05-30T00:36:45","date_gmt":"2016-05-29T23:36:45","guid":{"rendered":"https:\/\/www.berger.ca\/es\/?page_id=502"},"modified":"2022-03-22T09:13:03","modified_gmt":"2022-03-22T14:13:03","slug":"embalaje","status":"publish","type":"page","link":"https:\/\/www.berger.ca\/es\/embalaje\/","title":{"rendered":"Embalaje"},"content":{"rendered":"<h2>F\u00e1cil de almacenar. M\u00ednimos desperdicios.<\/h2>\n<p>&nbsp;<\/p>\n<p>El rascacielos de Berger (patentado), el embalaje de <strong>gran formato m\u00e1s pr\u00e1ctico<\/strong> del mercado, le ayudar\u00e1 a<strong> incrementar su producci\u00f3n y productividad<\/strong>. Gracias a sus dimensiones pensadas para el almacenamiento, el rascacielos reduce sustancialmente la mano de obra de manipulaci\u00f3n y disminuye los desperdicios de materiales de <strong>embalaje en aproximadamente un 80%<\/strong>. M\u00e1s a\u00fan: su embalaje, resistente a la intemperie, posibilita su almacenamiento\u00a0en el exterior.<\/p>\n<div class=\"wysiwyg-row\"><br \/>\n<div class=\"column-3\"><img loading=\"lazy\" decoding=\"async\" class=\"alignnone wp-image-106\" src=\"https:\/\/www.berger.ca\/es\/wp-content\/uploads\/sites\/3\/2016\/04\/skyscraperblack_berger-180x300.png\" alt=\"RASCACIELOS COMPRIMIDO\" width=\"230\" height=\"383\" srcset=\"https:\/\/www.berger.ca\/es\/wp-content\/uploads\/sites\/3\/2016\/04\/skyscraperblack_berger-180x300.png 180w, https:\/\/www.berger.ca\/es\/wp-content\/uploads\/sites\/3\/2016\/04\/skyscraperblack_berger.png 432w\" sizes=\"auto, (max-width: 230px) 100vw, 230px\" \/><\/div><br \/>\n<div class=\"column-9\"><\/p>\n<h2>Ventajas<\/h2>\n<h4>Gran ahorro en tiempo y dinero.<\/h4>\n<p>Menos manipulaci\u00f3n: un ahorro de 2.5 horas de mano de obra \u00a0por rascacielos.<\/p>\n<h4>Descargas m\u00e1s r\u00e1pidas: de 30 a 45 minutos por carga con una persona<br \/>\ny un montacargas.<\/h4>\n<p>F\u00e1cil de enviar.<\/p>\n<h4>Apropiado para el almacenamiento (en el interior o a la intemperie).<\/h4>\n<p>Protege el medio ambiente (solo 70 libras de pl\u00e1stico y 24 paletas por carga,\u00a0comparado con 350 libras de pl\u00e1stico para 3.8 pies c\u00fabicos de bolsas).<\/p>\n<p>\u00a1No ensucia! Se mantiene completamente intacto durante el desembalaje para un espacio de trabajo limpio.<\/p>\n<p><\/div><br \/>\n<\/div>\n<p>&nbsp;<\/p>\n","protected":false},"excerpt":{"rendered":"<p>F\u00e1cil de almacenar. M\u00ednimos desperdicios. &nbsp; El rascacielos de Berger (patentado), el embalaje de gran formato m\u00e1s pr\u00e1ctico del mercado, le ayudar\u00e1 a incrementar su producci\u00f3n y productividad. Gracias a sus dimensiones pensadas para el almacenamiento, el rascacielos reduce sustancialmente la mano de obra de manipulaci\u00f3n y disminuye los desperdicios de materiales de embalaje en aproximadamente un 80%. M\u00e1s a\u00fan: su embalaje, resistente a la intemperie, posibilita su almacenamiento\u00a0en el exterior. &nbsp;<\/p>\n","protected":false},"author":2,"featured_media":0,"parent":0,"menu_order":0,"comment_status":"closed","ping_status":"closed","template":"","meta":{"_acf_changed":false,"footnotes":""},"class_list":["post-502","page","type-page","status-publish","hentry"],"acf":[],"yoast_head":"<!-- This site is optimized with the Yoast SEO plugin v27.3 - https:\/\/yoast.com\/product\/yoast-seo-wordpress\/ -->\n<title>Embalaje - Berger - ES<\/title>\n<meta name=\"description\" content=\"El rascacielos de Berger (patentado), el embalaje de gran formato m\u00e1s pr\u00e1ctico del mercado, le ayudar\u00e1 a incrementar su producci\u00f3n y productividad.\" \/>\n<meta name=\"robots\" content=\"index, follow, max-snippet:-1, max-image-preview:large, max-video-preview:-1\" \/>\n<link rel=\"canonical\" href=\"https:\/\/www.berger.ca\/es\/embalaje\/\" \/>\n<meta property=\"og:locale\" content=\"es_ES\" \/>\n<meta property=\"og:type\" content=\"article\" \/>\n<meta property=\"og:title\" content=\"Embalaje - Berger - ES\" \/>\n<meta property=\"og:description\" content=\"El rascacielos de Berger (patentado), el embalaje de gran formato m\u00e1s pr\u00e1ctico del mercado, le ayudar\u00e1 a incrementar su producci\u00f3n y productividad.\" \/>\n<meta property=\"og:url\" content=\"https:\/\/www.berger.ca\/es\/embalaje\/\" \/>\n<meta property=\"og:site_name\" content=\"Berger - ES\" \/>\n<meta property=\"article:publisher\" content=\"https:\/\/www.facebook.com\/berger.ca\/\" \/>\n<meta property=\"article:modified_time\" content=\"2022-03-22T14:13:03+00:00\" \/>\n<meta property=\"og:image\" content=\"https:\/\/www.berger.ca\/es\/wp-content\/uploads\/sites\/3\/2016\/04\/skyscraperblack_berger-180x300.png\" \/>\n<meta name=\"twitter:card\" content=\"summary_large_image\" \/>\n<meta name=\"twitter:site\" content=\"@berger_ca\" \/>\n<meta name=\"twitter:label1\" content=\"Tiempo de lectura\" \/>\n\t<meta name=\"twitter:data1\" content=\"1 minuto\" \/>\n<script type=\"application\/ld+json\" class=\"yoast-schema-graph\">{\"@context\":\"https:\\\/\\\/schema.org\",\"@graph\":[{\"@type\":\"WebPage\",\"@id\":\"https:\\\/\\\/www.berger.ca\\\/es\\\/embalaje\\\/\",\"url\":\"https:\\\/\\\/www.berger.ca\\\/es\\\/embalaje\\\/\",\"name\":\"Embalaje - Berger - ES\",\"isPartOf\":{\"@id\":\"https:\\\/\\\/www.berger.ca\\\/es\\\/#website\"},\"primaryImageOfPage\":{\"@id\":\"https:\\\/\\\/www.berger.ca\\\/es\\\/embalaje\\\/#primaryimage\"},\"image\":{\"@id\":\"https:\\\/\\\/www.berger.ca\\\/es\\\/embalaje\\\/#primaryimage\"},\"thumbnailUrl\":\"https:\\\/\\\/www.berger.ca\\\/es\\\/wp-content\\\/uploads\\\/sites\\\/3\\\/2016\\\/04\\\/skyscraperblack_berger-180x300.png\",\"datePublished\":\"2016-05-29T23:36:45+00:00\",\"dateModified\":\"2022-03-22T14:13:03+00:00\",\"description\":\"El rascacielos de Berger (patentado), el embalaje de gran formato m\u00e1s pr\u00e1ctico del mercado, le ayudar\u00e1 a incrementar su producci\u00f3n y productividad.\",\"inLanguage\":\"es\",\"potentialAction\":[{\"@type\":\"ReadAction\",\"target\":[\"https:\\\/\\\/www.berger.ca\\\/es\\\/embalaje\\\/\"]}]},{\"@type\":\"ImageObject\",\"inLanguage\":\"es\",\"@id\":\"https:\\\/\\\/www.berger.ca\\\/es\\\/embalaje\\\/#primaryimage\",\"url\":\"https:\\\/\\\/www.berger.ca\\\/es\\\/wp-content\\\/uploads\\\/sites\\\/3\\\/2016\\\/04\\\/skyscraperblack_berger.png\",\"contentUrl\":\"https:\\\/\\\/www.berger.ca\\\/es\\\/wp-content\\\/uploads\\\/sites\\\/3\\\/2016\\\/04\\\/skyscraperblack_berger.png\",\"width\":432,\"height\":720,\"caption\":\"RASCACIELOS COMPRIMIDO\"},{\"@type\":\"WebSite\",\"@id\":\"https:\\\/\\\/www.berger.ca\\\/es\\\/#website\",\"url\":\"https:\\\/\\\/www.berger.ca\\\/es\\\/\",\"name\":\"Berger - ES\",\"description\":\"Un site utilisant Sites Berger\",\"publisher\":{\"@id\":\"https:\\\/\\\/www.berger.ca\\\/es\\\/#organization\"},\"potentialAction\":[{\"@type\":\"SearchAction\",\"target\":{\"@type\":\"EntryPoint\",\"urlTemplate\":\"https:\\\/\\\/www.berger.ca\\\/es\\\/?s={search_term_string}\"},\"query-input\":{\"@type\":\"PropertyValueSpecification\",\"valueRequired\":true,\"valueName\":\"search_term_string\"}}],\"inLanguage\":\"es\"},{\"@type\":\"Organization\",\"@id\":\"https:\\\/\\\/www.berger.ca\\\/es\\\/#organization\",\"name\":\"Berger\",\"url\":\"https:\\\/\\\/www.berger.ca\\\/es\\\/\",\"logo\":{\"@type\":\"ImageObject\",\"inLanguage\":\"es\",\"@id\":\"https:\\\/\\\/www.berger.ca\\\/es\\\/#\\\/schema\\\/logo\\\/image\\\/\",\"url\":\"https:\\\/\\\/www.berger.ca\\\/es\\\/wp-content\\\/uploads\\\/sites\\\/3\\\/2016\\\/07\\\/berger_logo_coul_seul.png\",\"contentUrl\":\"https:\\\/\\\/www.berger.ca\\\/es\\\/wp-content\\\/uploads\\\/sites\\\/3\\\/2016\\\/07\\\/berger_logo_coul_seul.png\",\"width\":1257,\"height\":1156,\"caption\":\"Berger\"},\"image\":{\"@id\":\"https:\\\/\\\/www.berger.ca\\\/es\\\/#\\\/schema\\\/logo\\\/image\\\/\"},\"sameAs\":[\"https:\\\/\\\/www.facebook.com\\\/berger.ca\\\/\",\"https:\\\/\\\/x.com\\\/berger_ca\",\"https:\\\/\\\/www.instagram.com\\\/bergermixes\\\/\",\"https:\\\/\\\/www.linkedin.com\\\/company\\\/berger-peat-moss-ltd-\\\/\",\"https:\\\/\\\/www.pinterest.com\\\/bergerpeatmoss\\\/\",\"https:\\\/\\\/www.youtube.com\\\/user\\\/tourbieresberger\"]}]}<\/script>\n<!-- \/ Yoast SEO plugin. -->","yoast_head_json":{"title":"Embalaje - Berger - ES","description":"El rascacielos de Berger (patentado), el embalaje de gran formato m\u00e1s pr\u00e1ctico del mercado, le ayudar\u00e1 a incrementar su producci\u00f3n y productividad.","robots":{"index":"index","follow":"follow","max-snippet":"max-snippet:-1","max-image-preview":"max-image-preview:large","max-video-preview":"max-video-preview:-1"},"canonical":"https:\/\/www.berger.ca\/es\/embalaje\/","og_locale":"es_ES","og_type":"article","og_title":"Embalaje - Berger - ES","og_description":"El rascacielos de Berger (patentado), el embalaje de gran formato m\u00e1s pr\u00e1ctico del mercado, le ayudar\u00e1 a incrementar su producci\u00f3n y productividad.","og_url":"https:\/\/www.berger.ca\/es\/embalaje\/","og_site_name":"Berger - ES","article_publisher":"https:\/\/www.facebook.com\/berger.ca\/","article_modified_time":"2022-03-22T14:13:03+00:00","og_image":[{"url":"https:\/\/www.berger.ca\/es\/wp-content\/uploads\/sites\/3\/2016\/04\/skyscraperblack_berger-180x300.png","type":"","width":"","height":""}],"twitter_card":"summary_large_image","twitter_site":"@berger_ca","twitter_misc":{"Tiempo de lectura":"1 minuto"},"schema":{"@context":"https:\/\/schema.org","@graph":[{"@type":"WebPage","@id":"https:\/\/www.berger.ca\/es\/embalaje\/","url":"https:\/\/www.berger.ca\/es\/embalaje\/","name":"Embalaje - Berger - ES","isPartOf":{"@id":"https:\/\/www.berger.ca\/es\/#website"},"primaryImageOfPage":{"@id":"https:\/\/www.berger.ca\/es\/embalaje\/#primaryimage"},"image":{"@id":"https:\/\/www.berger.ca\/es\/embalaje\/#primaryimage"},"thumbnailUrl":"https:\/\/www.berger.ca\/es\/wp-content\/uploads\/sites\/3\/2016\/04\/skyscraperblack_berger-180x300.png","datePublished":"2016-05-29T23:36:45+00:00","dateModified":"2022-03-22T14:13:03+00:00","description":"El rascacielos de Berger (patentado), el embalaje de gran formato m\u00e1s pr\u00e1ctico del mercado, le ayudar\u00e1 a incrementar su producci\u00f3n y productividad.","inLanguage":"es","potentialAction":[{"@type":"ReadAction","target":["https:\/\/www.berger.ca\/es\/embalaje\/"]}]},{"@type":"ImageObject","inLanguage":"es","@id":"https:\/\/www.berger.ca\/es\/embalaje\/#primaryimage","url":"https:\/\/www.berger.ca\/es\/wp-content\/uploads\/sites\/3\/2016\/04\/skyscraperblack_berger.png","contentUrl":"https:\/\/www.berger.ca\/es\/wp-content\/uploads\/sites\/3\/2016\/04\/skyscraperblack_berger.png","width":432,"height":720,"caption":"RASCACIELOS COMPRIMIDO"},{"@type":"WebSite","@id":"https:\/\/www.berger.ca\/es\/#website","url":"https:\/\/www.berger.ca\/es\/","name":"Berger - ES","description":"Un site utilisant Sites Berger","publisher":{"@id":"https:\/\/www.berger.ca\/es\/#organization"},"potentialAction":[{"@type":"SearchAction","target":{"@type":"EntryPoint","urlTemplate":"https:\/\/www.berger.ca\/es\/?s={search_term_string}"},"query-input":{"@type":"PropertyValueSpecification","valueRequired":true,"valueName":"search_term_string"}}],"inLanguage":"es"},{"@type":"Organization","@id":"https:\/\/www.berger.ca\/es\/#organization","name":"Berger","url":"https:\/\/www.berger.ca\/es\/","logo":{"@type":"ImageObject","inLanguage":"es","@id":"https:\/\/www.berger.ca\/es\/#\/schema\/logo\/image\/","url":"https:\/\/www.berger.ca\/es\/wp-content\/uploads\/sites\/3\/2016\/07\/berger_logo_coul_seul.png","contentUrl":"https:\/\/www.berger.ca\/es\/wp-content\/uploads\/sites\/3\/2016\/07\/berger_logo_coul_seul.png","width":1257,"height":1156,"caption":"Berger"},"image":{"@id":"https:\/\/www.berger.ca\/es\/#\/schema\/logo\/image\/"},"sameAs":["https:\/\/www.facebook.com\/berger.ca\/","https:\/\/x.com\/berger_ca","https:\/\/www.instagram.com\/bergermixes\/","https:\/\/www.linkedin.com\/company\/berger-peat-moss-ltd-\/","https:\/\/www.pinterest.com\/bergerpeatmoss\/","https:\/\/www.youtube.com\/user\/tourbieresberger"]}]}},"_links":{"self":[{"href":"https:\/\/www.berger.ca\/es\/wp-json\/wp\/v2\/pages\/502","targetHints":{"allow":["GET"]}}],"collection":[{"href":"https:\/\/www.berger.ca\/es\/wp-json\/wp\/v2\/pages"}],"about":[{"href":"https:\/\/www.berger.ca\/es\/wp-json\/wp\/v2\/types\/page"}],"author":[{"embeddable":true,"href":"https:\/\/www.berger.ca\/es\/wp-json\/wp\/v2\/users\/2"}],"replies":[{"embeddable":true,"href":"https:\/\/www.berger.ca\/es\/wp-json\/wp\/v2\/comments?post=502"}],"version-history":[{"count":9,"href":"https:\/\/www.berger.ca\/es\/wp-json\/wp\/v2\/pages\/502\/revisions"}],"predecessor-version":[{"id":4546,"href":"https:\/\/www.berger.ca\/es\/wp-json\/wp\/v2\/pages\/502\/revisions\/4546"}],"wp:attachment":[{"href":"https:\/\/www.berger.ca\/es\/wp-json\/wp\/v2\/media?parent=502"}],"curies":[{"name":"wp","href":"https:\/\/api.w.org\/{rel}","templated":true}]}}