{"id":5228,"date":"2024-04-09T09:51:52","date_gmt":"2024-04-09T14:51:52","guid":{"rendered":"https:\/\/www.berger.ca\/es\/?page_id=5228"},"modified":"2025-03-21T09:49:38","modified_gmt":"2025-03-21T14:49:38","slug":"programa-de-beneficios-para-clientes","status":"publish","type":"page","link":"https:\/\/www.berger.ca\/es\/servicios\/programa-de-beneficios-para-clientes\/","title":{"rendered":"Programa de beneficios para clientes"},"content":{"rendered":"<h2>Estimulamos el crecimiento, cosechamos el \u00e9xito<\/h2>\n<div class=\"wysiwyg-row\"><\/p>\n<p><div class=\"column-8\"><\/p>\n<h4>Aproveche al m\u00e1ximo su programa de beneficios para clientes<\/h4>\n<p>Son los beneficios de valor agregado exclusivos para cultivadores excepcionales como usted. Porque en Berger vamos mucho m\u00e1s all\u00e1 de proporcionar los sustratos de cultivo de la m\u00e1s alta calidad en los sectores de la agricultura, la horticultura y la floricultura. Trabajamos con usted desde las ra\u00edces, para que aproveche al m\u00e1ximo su producci\u00f3n. Pericia en agronom\u00eda, an\u00e1lisis de laboratorio, innovaci\u00f3n y soluciones colaborativas, y mucho m\u00e1s: todo esto es suyo como cliente y socio de Berger.<br \/>\n<\/div><\/p>\n<p><div class=\"column-4\"><br \/>\n<a class=\"button\" href=\"https:\/\/www.berger.ca\/es\/servicios\/ensayos-en-invernaderos-de-berger\/\" target=\"_blank\" rel=\"noopener\">Inicie su prueba de cultivo<\/a><\/p>\n<h6><span style=\"color: #ecece4\">&#8211;<\/span><\/h6>\n<p>\u00bfEst\u00e1 en el mercado de la Agrigultura en Ambiente Controlado (AAC)?<br \/>\n<a class=\"link\" href=\"https:\/\/www.berger.ca\/es\/servicios\/ensayos-completos-de-berger-para-la-ace\/\" target=\"_blank\" rel=\"noopener\">Solicite su prueba aqu\u00ed <\/a><br \/>\n<\/div><\/p>\n<p><\/div>\n<div class=\"wysiwyg-row\"><\/p>\n<p><div class=\"column-1\"><\/p>\n<p><\/div><\/p>\n<p><div class=\"column-10\"><\/p>\n<h2 style=\"text-align: center\">Consejos abundantes m\u00e1s all\u00e1 de la mezcla<\/h2>\n<p><img loading=\"lazy\" decoding=\"async\" class=\"aligncenter wp-image-5229 size-large\" src=\"https:\/\/www.berger.ca\/es\/wp-content\/uploads\/sites\/3\/2024\/04\/customer_benefits_es-1024x395.png\" alt=\"Programa de beneficios para clientes\" width=\"1024\" height=\"395\" srcset=\"https:\/\/www.berger.ca\/es\/wp-content\/uploads\/sites\/3\/2024\/04\/customer_benefits_es-1024x395.png 1024w, https:\/\/www.berger.ca\/es\/wp-content\/uploads\/sites\/3\/2024\/04\/customer_benefits_es-300x116.png 300w, https:\/\/www.berger.ca\/es\/wp-content\/uploads\/sites\/3\/2024\/04\/customer_benefits_es-768x296.png 768w, https:\/\/www.berger.ca\/es\/wp-content\/uploads\/sites\/3\/2024\/04\/customer_benefits_es-1536x592.png 1536w, https:\/\/www.berger.ca\/es\/wp-content\/uploads\/sites\/3\/2024\/04\/customer_benefits_es-2048x790.png 2048w\" sizes=\"auto, (max-width: 1024px) 100vw, 1024px\" \/><\/p>\n<p style=\"text-align: center\"><a class=\"button\" href=\"https:\/\/www.berger.ca\/es\/productos\/\" target=\"_blank\" rel=\"noopener\">Encuentre la mezcla adecuada a sus necesidades<\/a><br \/>\n<\/div><\/p>\n<p><div class=\"column-1\"><\/p>\n<p><\/div><\/p>\n<p><\/div>\n<div class=\"wysiwyg-row\"><\/p>\n<p><div class=\"column-4\"><\/p>\n<h4><span style=\"color: #5d6333\">Representantes de ventas<\/span><\/h4>\n<p>Estamos preparados para ayudarlo a alcanzar sus objetivos de crecimiento con el tipo de productos y servicios incomparables por los que Berger es reconocido.<\/p>\n<p><a class=\"link tab\" href=\"https:\/\/www.berger.ca\/es\/equipo-de-ventas\/\" target=\"_blank\" rel=\"noopener\">Conozca a sus representantes<\/a><br \/>\n<\/div><\/p>\n<p><div class=\"column-4\"><\/p>\n<h4><span style=\"color: #5d6333\">Asesores de cultivadores<\/span><\/h4>\n<p>Estamos a su disposici\u00f3n para asesorarlo sobre sus necesidades de producci\u00f3n y sus objetivos de rendimiento de cosechas.<\/p>\n<p><a class=\"link tab\" href=\"https:\/\/www.berger.ca\/es\/recursos-para-los-productores\/asesor-en-cultivos\/\" target=\"_blank\" rel=\"noopener\">Conozca a sus asesores<\/a><\/p>\n<p><\/div><\/p>\n<p><div class=\"column-4\"><\/p>\n<h4><span style=\"color: #5d6333\">Analistas de Cr\u00e9dito y Agentes de Atenci\u00f3n al Cliente Dedicados<\/span><\/h4>\n<p>Cada cliente cuenta con su propio analista de cr\u00e9dito dedicado y un agente de atenci\u00f3n al cliente, brindando un soporte personalizado adaptado a sus necesidades.<\/p>\n<p><a class=\"link tab\" href=\"https:\/\/www.berger.ca\/es\/servicios\/servicios-tecnicos\/\" target=\"_blank\" rel=\"noopener\">Conozca a sus agentes <\/a><\/p>\n<p><\/div><\/p>\n<p><\/div>\n<hr \/>\n<h3>Nuestras cifras crecen d\u00eda a d\u00eda.<\/h3>\n<div class=\"wysiwyg-row\"><\/p>\n<p><div class=\"column-4\"><\/p>\n<p><img loading=\"lazy\" decoding=\"async\" class=\"alignleft wp-image-5763\" src=\"https:\/\/www.berger.ca\/es\/wp-content\/uploads\/sites\/3\/2025\/03\/statitiques_es-1024x557.png\" alt=\"satisfacci\u00f3n general del cliente\" width=\"350\" height=\"190\" srcset=\"https:\/\/www.berger.ca\/es\/wp-content\/uploads\/sites\/3\/2025\/03\/statitiques_es-1024x557.png 1024w, https:\/\/www.berger.ca\/es\/wp-content\/uploads\/sites\/3\/2025\/03\/statitiques_es-300x163.png 300w, https:\/\/www.berger.ca\/es\/wp-content\/uploads\/sites\/3\/2025\/03\/statitiques_es-768x417.png 768w, https:\/\/www.berger.ca\/es\/wp-content\/uploads\/sites\/3\/2025\/03\/statitiques_es.png 1380w\" sizes=\"auto, (max-width: 350px) 100vw, 350px\" \/><br \/>\n<\/div><\/p>\n<p><div class=\"column-4\"><\/p>\n<p><img loading=\"lazy\" decoding=\"async\" class=\"alignnone wp-image-5233\" src=\"https:\/\/www.berger.ca\/es\/wp-content\/uploads\/sites\/3\/2024\/04\/statitiques_trials_es-300x163.png\" alt=\"La mayor\u00eda de las pruebas de cultivo conducen a cambios.\" width=\"350\" height=\"190\" srcset=\"https:\/\/www.berger.ca\/es\/wp-content\/uploads\/sites\/3\/2024\/04\/statitiques_trials_es-300x163.png 300w, https:\/\/www.berger.ca\/es\/wp-content\/uploads\/sites\/3\/2024\/04\/statitiques_trials_es-1024x557.png 1024w, https:\/\/www.berger.ca\/es\/wp-content\/uploads\/sites\/3\/2024\/04\/statitiques_trials_es-768x417.png 768w, https:\/\/www.berger.ca\/es\/wp-content\/uploads\/sites\/3\/2024\/04\/statitiques_trials_es.png 1380w\" sizes=\"auto, (max-width: 350px) 100vw, 350px\" \/><br \/>\n<\/div><\/p>\n<p><div class=\"column-4\"><\/p>\n<p><img loading=\"lazy\" decoding=\"async\" class=\"alignleft wp-image-5764\" src=\"https:\/\/www.berger.ca\/es\/wp-content\/uploads\/sites\/3\/2025\/03\/statitiques_net_score_es-1024x557.png\" alt=\"Net Promoter Score\" width=\"383\" height=\"208\" srcset=\"https:\/\/www.berger.ca\/es\/wp-content\/uploads\/sites\/3\/2025\/03\/statitiques_net_score_es-1024x557.png 1024w, https:\/\/www.berger.ca\/es\/wp-content\/uploads\/sites\/3\/2025\/03\/statitiques_net_score_es-300x163.png 300w, https:\/\/www.berger.ca\/es\/wp-content\/uploads\/sites\/3\/2025\/03\/statitiques_net_score_es-768x417.png 768w, https:\/\/www.berger.ca\/es\/wp-content\/uploads\/sites\/3\/2025\/03\/statitiques_net_score_es.png 1380w\" sizes=\"auto, (max-width: 383px) 100vw, 383px\" \/><br \/>\n<\/div><\/p>\n<p><\/div>\n<hr \/>\n<div class=\"wysiwyg-row\"><\/p>\n<p><div class=\"column-4\"><\/p>\n<p><img loading=\"lazy\" decoding=\"async\" class=\"alignnone wp-image-5236\" src=\"https:\/\/www.berger.ca\/es\/wp-content\/uploads\/sites\/3\/2024\/04\/package_1_es-300x163.png\" alt=\"Experiencia en cultivo\" width=\"350\" height=\"190\" srcset=\"https:\/\/www.berger.ca\/es\/wp-content\/uploads\/sites\/3\/2024\/04\/package_1_es-300x163.png 300w, https:\/\/www.berger.ca\/es\/wp-content\/uploads\/sites\/3\/2024\/04\/package_1_es-1024x557.png 1024w, https:\/\/www.berger.ca\/es\/wp-content\/uploads\/sites\/3\/2024\/04\/package_1_es-768x417.png 768w, https:\/\/www.berger.ca\/es\/wp-content\/uploads\/sites\/3\/2024\/04\/package_1_es.png 1380w\" sizes=\"auto, (max-width: 350px) 100vw, 350px\" \/><\/p>\n<h4><span style=\"color: #5d6333\">Experiencia en cultivo<\/span><\/h4>\n<p>Consulta siempre gratuita sobre mantenimiento agron\u00f3mico, asesoramiento, ensayos, y an\u00e1lisis.<\/p>\n<ul>\n<li>Consejos preventivos, correctivos y de mantenimiento de cultivo si se desea;<\/li>\n<li>Asesor\u00eda a la medida para ayudarlo a lograr las pr\u00e1cticas de cultivo deseadas;<\/li>\n<li>Apoyo durante sus pruebas de cultivo;<\/li>\n<li>Prevenci\u00f3n de los problemas de los cultivos mediante an\u00e1lisis rutinarios del suelo, el agua y los nutrientes;<\/li>\n<li>Selecci\u00f3n de mezclas mediante una caracterizaci\u00f3n completa.<\/li>\n<\/ul>\n<p><\/div><\/p>\n<p><div class=\"column-4\"><\/p>\n<p><img loading=\"lazy\" decoding=\"async\" class=\"alignnone wp-image-5237\" src=\"https:\/\/www.berger.ca\/es\/wp-content\/uploads\/sites\/3\/2024\/04\/package_2_es-300x163.png\" alt=\"Optimizaci\u00f3n de la producci\u00f3n\" width=\"350\" height=\"190\" srcset=\"https:\/\/www.berger.ca\/es\/wp-content\/uploads\/sites\/3\/2024\/04\/package_2_es-300x163.png 300w, https:\/\/www.berger.ca\/es\/wp-content\/uploads\/sites\/3\/2024\/04\/package_2_es-1024x557.png 1024w, https:\/\/www.berger.ca\/es\/wp-content\/uploads\/sites\/3\/2024\/04\/package_2_es-768x417.png 768w, https:\/\/www.berger.ca\/es\/wp-content\/uploads\/sites\/3\/2024\/04\/package_2_es.png 1380w\" sizes=\"auto, (max-width: 350px) 100vw, 350px\" \/><\/p>\n<h4><span style=\"color: #5d6333\">Optimizaci\u00f3n de la producci\u00f3n<\/span><\/h4>\n<p>Sus expertos est\u00e1n disponibles para revisar los an\u00e1lisis y hacer recomendaciones.<\/p>\n<ul>\n<li>An\u00e1lisis y recomendaciones personalizados;<\/li>\n<li>Asesoramiento in situ o a distancia por parte de nuestros Asesores de Cultivadores;<\/li>\n<li>Apoyo a la producci\u00f3n y certificaci\u00f3n org\u00e1nica;<\/li>\n<li>Aprenda las mejores pr\u00e1cticas de manejo de mezclas;<\/li>\n<li>Ayuda a encontrar posibles reducciones de costos.<\/li>\n<\/ul>\n<p><\/div><\/p>\n<p><div class=\"column-4\"><\/p>\n<p><img loading=\"lazy\" decoding=\"async\" class=\"alignnone wp-image-5238\" src=\"https:\/\/www.berger.ca\/es\/wp-content\/uploads\/sites\/3\/2024\/04\/package_3_es-300x163.png\" alt=\"Colaborar e innovar\" width=\"350\" height=\"190\" srcset=\"https:\/\/www.berger.ca\/es\/wp-content\/uploads\/sites\/3\/2024\/04\/package_3_es-300x163.png 300w, https:\/\/www.berger.ca\/es\/wp-content\/uploads\/sites\/3\/2024\/04\/package_3_es-1024x557.png 1024w, https:\/\/www.berger.ca\/es\/wp-content\/uploads\/sites\/3\/2024\/04\/package_3_es-768x417.png 768w, https:\/\/www.berger.ca\/es\/wp-content\/uploads\/sites\/3\/2024\/04\/package_3_es.png 1380w\" sizes=\"auto, (max-width: 350px) 100vw, 350px\" \/><\/p>\n<h4><span style=\"color: #5d6333\">Colaborar e innovar<\/span><\/h4>\n<p>Desarrollo e investigaci\u00f3n de mezclas en funci\u00f3n de las necesidades del mercado, pruebas, optimizaci\u00f3n de la producci\u00f3n e innovaci\u00f3n.<\/p>\n<ul>\n<li>Vivero dedicado a la I + D para la innovaci\u00f3n, la mejora y el desarrollo de productos;<\/li>\n<li>Pruebas exhaustivas en los entornos de producci\u00f3n de los clientes;<\/li>\n<li>Apoyo a la producci\u00f3n y certificaci\u00f3n org\u00e1nica;<\/li>\n<li>Colaboraci\u00f3n con universidades e instituciones de investigaci\u00f3n en proyectos de I+D.<\/li>\n<\/ul>\n<p><\/div><br \/>\n<\/div>\n","protected":false},"excerpt":{"rendered":"<p>Estimulamos el crecimiento, cosechamos el \u00e9xito Nuestras cifras crecen d\u00eda a d\u00eda.<\/p>\n","protected":false},"author":2,"featured_media":0,"parent":255,"menu_order":0,"comment_status":"closed","ping_status":"closed","template":"","meta":{"_acf_changed":false,"footnotes":""},"class_list":["post-5228","page","type-page","status-publish","hentry"],"acf":[],"yoast_head":"<!-- This site is optimized with the Yoast SEO plugin v27.3 - https:\/\/yoast.com\/product\/yoast-seo-wordpress\/ -->\n<title>Programa de beneficios para clientes - Berger - ES<\/title>\n<meta name=\"description\" content=\"Aproveche al m\u00e1ximo su programa de beneficios para clientes! Son los beneficios de valor agregado exclusivos para cultivadores.\" \/>\n<meta name=\"robots\" content=\"index, follow, max-snippet:-1, max-image-preview:large, max-video-preview:-1\" \/>\n<link rel=\"canonical\" href=\"https:\/\/www.berger.ca\/es\/servicios\/programa-de-beneficios-para-clientes\/\" \/>\n<meta property=\"og:locale\" content=\"es_ES\" \/>\n<meta property=\"og:type\" content=\"article\" \/>\n<meta property=\"og:title\" content=\"Programa de beneficios para clientes - Berger - ES\" \/>\n<meta property=\"og:description\" content=\"Aproveche al m\u00e1ximo su programa de beneficios para clientes! Son los beneficios de valor agregado exclusivos para cultivadores.\" \/>\n<meta property=\"og:url\" content=\"https:\/\/www.berger.ca\/es\/servicios\/programa-de-beneficios-para-clientes\/\" \/>\n<meta property=\"og:site_name\" content=\"Berger - ES\" \/>\n<meta property=\"article:publisher\" content=\"https:\/\/www.facebook.com\/berger.ca\/\" \/>\n<meta property=\"article:modified_time\" content=\"2025-03-21T14:49:38+00:00\" \/>\n<meta property=\"og:image\" content=\"https:\/\/www.berger.ca\/es\/wp-content\/uploads\/sites\/3\/2024\/04\/customer_benefits_es.png\" \/>\n\t<meta property=\"og:image:width\" content=\"4200\" \/>\n\t<meta property=\"og:image:height\" content=\"1620\" \/>\n\t<meta property=\"og:image:type\" content=\"image\/png\" \/>\n<meta name=\"twitter:card\" content=\"summary_large_image\" \/>\n<meta name=\"twitter:site\" content=\"@berger_ca\" \/>\n<meta name=\"twitter:label1\" content=\"Tiempo de lectura\" \/>\n\t<meta name=\"twitter:data1\" content=\"4 minutos\" \/>\n<script type=\"application\/ld+json\" class=\"yoast-schema-graph\">{\"@context\":\"https:\\\/\\\/schema.org\",\"@graph\":[{\"@type\":\"WebPage\",\"@id\":\"https:\\\/\\\/www.berger.ca\\\/es\\\/servicios\\\/programa-de-beneficios-para-clientes\\\/\",\"url\":\"https:\\\/\\\/www.berger.ca\\\/es\\\/servicios\\\/programa-de-beneficios-para-clientes\\\/\",\"name\":\"Programa de beneficios para clientes - Berger - ES\",\"isPartOf\":{\"@id\":\"https:\\\/\\\/www.berger.ca\\\/es\\\/#website\"},\"primaryImageOfPage\":{\"@id\":\"https:\\\/\\\/www.berger.ca\\\/es\\\/servicios\\\/programa-de-beneficios-para-clientes\\\/#primaryimage\"},\"image\":{\"@id\":\"https:\\\/\\\/www.berger.ca\\\/es\\\/servicios\\\/programa-de-beneficios-para-clientes\\\/#primaryimage\"},\"thumbnailUrl\":\"https:\\\/\\\/www.berger.ca\\\/es\\\/wp-content\\\/uploads\\\/sites\\\/3\\\/2024\\\/04\\\/customer_benefits_es-1024x395.png\",\"datePublished\":\"2024-04-09T14:51:52+00:00\",\"dateModified\":\"2025-03-21T14:49:38+00:00\",\"description\":\"Aproveche al m\u00e1ximo su programa de beneficios para clientes! Son los beneficios de valor agregado exclusivos para cultivadores.\",\"breadcrumb\":{\"@id\":\"https:\\\/\\\/www.berger.ca\\\/es\\\/servicios\\\/programa-de-beneficios-para-clientes\\\/#breadcrumb\"},\"inLanguage\":\"es\",\"potentialAction\":[{\"@type\":\"ReadAction\",\"target\":[\"https:\\\/\\\/www.berger.ca\\\/es\\\/servicios\\\/programa-de-beneficios-para-clientes\\\/\"]}]},{\"@type\":\"ImageObject\",\"inLanguage\":\"es\",\"@id\":\"https:\\\/\\\/www.berger.ca\\\/es\\\/servicios\\\/programa-de-beneficios-para-clientes\\\/#primaryimage\",\"url\":\"https:\\\/\\\/www.berger.ca\\\/es\\\/wp-content\\\/uploads\\\/sites\\\/3\\\/2024\\\/04\\\/customer_benefits_es.png\",\"contentUrl\":\"https:\\\/\\\/www.berger.ca\\\/es\\\/wp-content\\\/uploads\\\/sites\\\/3\\\/2024\\\/04\\\/customer_benefits_es.png\",\"width\":4200,\"height\":1620,\"caption\":\"Programa de beneficios para clientes\"},{\"@type\":\"BreadcrumbList\",\"@id\":\"https:\\\/\\\/www.berger.ca\\\/es\\\/servicios\\\/programa-de-beneficios-para-clientes\\\/#breadcrumb\",\"itemListElement\":[{\"@type\":\"ListItem\",\"position\":1,\"name\":\"Servicios\",\"item\":\"https:\\\/\\\/www.berger.ca\\\/es\\\/servicios\\\/\"},{\"@type\":\"ListItem\",\"position\":2,\"name\":\"Programa de beneficios para clientes\"}]},{\"@type\":\"WebSite\",\"@id\":\"https:\\\/\\\/www.berger.ca\\\/es\\\/#website\",\"url\":\"https:\\\/\\\/www.berger.ca\\\/es\\\/\",\"name\":\"Berger - ES\",\"description\":\"Un site utilisant Sites Berger\",\"publisher\":{\"@id\":\"https:\\\/\\\/www.berger.ca\\\/es\\\/#organization\"},\"potentialAction\":[{\"@type\":\"SearchAction\",\"target\":{\"@type\":\"EntryPoint\",\"urlTemplate\":\"https:\\\/\\\/www.berger.ca\\\/es\\\/?s={search_term_string}\"},\"query-input\":{\"@type\":\"PropertyValueSpecification\",\"valueRequired\":true,\"valueName\":\"search_term_string\"}}],\"inLanguage\":\"es\"},{\"@type\":\"Organization\",\"@id\":\"https:\\\/\\\/www.berger.ca\\\/es\\\/#organization\",\"name\":\"Berger\",\"url\":\"https:\\\/\\\/www.berger.ca\\\/es\\\/\",\"logo\":{\"@type\":\"ImageObject\",\"inLanguage\":\"es\",\"@id\":\"https:\\\/\\\/www.berger.ca\\\/es\\\/#\\\/schema\\\/logo\\\/image\\\/\",\"url\":\"https:\\\/\\\/www.berger.ca\\\/es\\\/wp-content\\\/uploads\\\/sites\\\/3\\\/2016\\\/07\\\/berger_logo_coul_seul.png\",\"contentUrl\":\"https:\\\/\\\/www.berger.ca\\\/es\\\/wp-content\\\/uploads\\\/sites\\\/3\\\/2016\\\/07\\\/berger_logo_coul_seul.png\",\"width\":1257,\"height\":1156,\"caption\":\"Berger\"},\"image\":{\"@id\":\"https:\\\/\\\/www.berger.ca\\\/es\\\/#\\\/schema\\\/logo\\\/image\\\/\"},\"sameAs\":[\"https:\\\/\\\/www.facebook.com\\\/berger.ca\\\/\",\"https:\\\/\\\/x.com\\\/berger_ca\",\"https:\\\/\\\/www.instagram.com\\\/bergermixes\\\/\",\"https:\\\/\\\/www.linkedin.com\\\/company\\\/berger-peat-moss-ltd-\\\/\",\"https:\\\/\\\/www.pinterest.com\\\/bergerpeatmoss\\\/\",\"https:\\\/\\\/www.youtube.com\\\/user\\\/tourbieresberger\"]}]}<\/script>\n<!-- \/ Yoast SEO plugin. -->","yoast_head_json":{"title":"Programa de beneficios para clientes - Berger - ES","description":"Aproveche al m\u00e1ximo su programa de beneficios para clientes! Son los beneficios de valor agregado exclusivos para cultivadores.","robots":{"index":"index","follow":"follow","max-snippet":"max-snippet:-1","max-image-preview":"max-image-preview:large","max-video-preview":"max-video-preview:-1"},"canonical":"https:\/\/www.berger.ca\/es\/servicios\/programa-de-beneficios-para-clientes\/","og_locale":"es_ES","og_type":"article","og_title":"Programa de beneficios para clientes - Berger - ES","og_description":"Aproveche al m\u00e1ximo su programa de beneficios para clientes! Son los beneficios de valor agregado exclusivos para cultivadores.","og_url":"https:\/\/www.berger.ca\/es\/servicios\/programa-de-beneficios-para-clientes\/","og_site_name":"Berger - ES","article_publisher":"https:\/\/www.facebook.com\/berger.ca\/","article_modified_time":"2025-03-21T14:49:38+00:00","og_image":[{"width":4200,"height":1620,"url":"https:\/\/www.berger.ca\/es\/wp-content\/uploads\/sites\/3\/2024\/04\/customer_benefits_es.png","type":"image\/png"}],"twitter_card":"summary_large_image","twitter_site":"@berger_ca","twitter_misc":{"Tiempo de lectura":"4 minutos"},"schema":{"@context":"https:\/\/schema.org","@graph":[{"@type":"WebPage","@id":"https:\/\/www.berger.ca\/es\/servicios\/programa-de-beneficios-para-clientes\/","url":"https:\/\/www.berger.ca\/es\/servicios\/programa-de-beneficios-para-clientes\/","name":"Programa de beneficios para clientes - Berger - ES","isPartOf":{"@id":"https:\/\/www.berger.ca\/es\/#website"},"primaryImageOfPage":{"@id":"https:\/\/www.berger.ca\/es\/servicios\/programa-de-beneficios-para-clientes\/#primaryimage"},"image":{"@id":"https:\/\/www.berger.ca\/es\/servicios\/programa-de-beneficios-para-clientes\/#primaryimage"},"thumbnailUrl":"https:\/\/www.berger.ca\/es\/wp-content\/uploads\/sites\/3\/2024\/04\/customer_benefits_es-1024x395.png","datePublished":"2024-04-09T14:51:52+00:00","dateModified":"2025-03-21T14:49:38+00:00","description":"Aproveche al m\u00e1ximo su programa de beneficios para clientes! Son los beneficios de valor agregado exclusivos para cultivadores.","breadcrumb":{"@id":"https:\/\/www.berger.ca\/es\/servicios\/programa-de-beneficios-para-clientes\/#breadcrumb"},"inLanguage":"es","potentialAction":[{"@type":"ReadAction","target":["https:\/\/www.berger.ca\/es\/servicios\/programa-de-beneficios-para-clientes\/"]}]},{"@type":"ImageObject","inLanguage":"es","@id":"https:\/\/www.berger.ca\/es\/servicios\/programa-de-beneficios-para-clientes\/#primaryimage","url":"https:\/\/www.berger.ca\/es\/wp-content\/uploads\/sites\/3\/2024\/04\/customer_benefits_es.png","contentUrl":"https:\/\/www.berger.ca\/es\/wp-content\/uploads\/sites\/3\/2024\/04\/customer_benefits_es.png","width":4200,"height":1620,"caption":"Programa de beneficios para clientes"},{"@type":"BreadcrumbList","@id":"https:\/\/www.berger.ca\/es\/servicios\/programa-de-beneficios-para-clientes\/#breadcrumb","itemListElement":[{"@type":"ListItem","position":1,"name":"Servicios","item":"https:\/\/www.berger.ca\/es\/servicios\/"},{"@type":"ListItem","position":2,"name":"Programa de beneficios para clientes"}]},{"@type":"WebSite","@id":"https:\/\/www.berger.ca\/es\/#website","url":"https:\/\/www.berger.ca\/es\/","name":"Berger - ES","description":"Un site utilisant Sites Berger","publisher":{"@id":"https:\/\/www.berger.ca\/es\/#organization"},"potentialAction":[{"@type":"SearchAction","target":{"@type":"EntryPoint","urlTemplate":"https:\/\/www.berger.ca\/es\/?s={search_term_string}"},"query-input":{"@type":"PropertyValueSpecification","valueRequired":true,"valueName":"search_term_string"}}],"inLanguage":"es"},{"@type":"Organization","@id":"https:\/\/www.berger.ca\/es\/#organization","name":"Berger","url":"https:\/\/www.berger.ca\/es\/","logo":{"@type":"ImageObject","inLanguage":"es","@id":"https:\/\/www.berger.ca\/es\/#\/schema\/logo\/image\/","url":"https:\/\/www.berger.ca\/es\/wp-content\/uploads\/sites\/3\/2016\/07\/berger_logo_coul_seul.png","contentUrl":"https:\/\/www.berger.ca\/es\/wp-content\/uploads\/sites\/3\/2016\/07\/berger_logo_coul_seul.png","width":1257,"height":1156,"caption":"Berger"},"image":{"@id":"https:\/\/www.berger.ca\/es\/#\/schema\/logo\/image\/"},"sameAs":["https:\/\/www.facebook.com\/berger.ca\/","https:\/\/x.com\/berger_ca","https:\/\/www.instagram.com\/bergermixes\/","https:\/\/www.linkedin.com\/company\/berger-peat-moss-ltd-\/","https:\/\/www.pinterest.com\/bergerpeatmoss\/","https:\/\/www.youtube.com\/user\/tourbieresberger"]}]}},"_links":{"self":[{"href":"https:\/\/www.berger.ca\/es\/wp-json\/wp\/v2\/pages\/5228","targetHints":{"allow":["GET"]}}],"collection":[{"href":"https:\/\/www.berger.ca\/es\/wp-json\/wp\/v2\/pages"}],"about":[{"href":"https:\/\/www.berger.ca\/es\/wp-json\/wp\/v2\/types\/page"}],"author":[{"embeddable":true,"href":"https:\/\/www.berger.ca\/es\/wp-json\/wp\/v2\/users\/2"}],"replies":[{"embeddable":true,"href":"https:\/\/www.berger.ca\/es\/wp-json\/wp\/v2\/comments?post=5228"}],"version-history":[{"count":5,"href":"https:\/\/www.berger.ca\/es\/wp-json\/wp\/v2\/pages\/5228\/revisions"}],"predecessor-version":[{"id":5765,"href":"https:\/\/www.berger.ca\/es\/wp-json\/wp\/v2\/pages\/5228\/revisions\/5765"}],"up":[{"embeddable":true,"href":"https:\/\/www.berger.ca\/es\/wp-json\/wp\/v2\/pages\/255"}],"wp:attachment":[{"href":"https:\/\/www.berger.ca\/es\/wp-json\/wp\/v2\/media?parent=5228"}],"curies":[{"name":"wp","href":"https:\/\/api.w.org\/{rel}","templated":true}]}}