{"id":5362,"date":"2024-06-12T15:40:58","date_gmt":"2024-06-12T20:40:58","guid":{"rendered":"https:\/\/www.berger.ca\/es\/?page_id=5362"},"modified":"2024-06-12T15:40:58","modified_gmt":"2024-06-12T20:40:58","slug":"aneberries-2024","status":"publish","type":"page","link":"https:\/\/www.berger.ca\/es\/recursos-para-los-productores\/seminarios-tecnicos-y-eventos\/aneberries-2024\/","title":{"rendered":"Aneberries 2024"},"content":{"rendered":"<div class=\"wysiwyg-row\"><br \/>\n<div class=\"column-8\"><\/p>\n<h2>\ud83c\udf3f \u00a1Acomp\u00e1\u00f1enos en Aneberries! \ud83c\udf53 <\/h2>\n<h4><span style=\"color: #496400\">24 y 25 de julio de 2024 &#8211; Stand #291 <\/span><\/h2>\n<p>Lo invitamos a visitar el stand de Berger en la edici\u00f3n 2024 de Aneberries. Descubra c\u00f3mo puede elevar su producci\u00f3n de bayas con nuestros medios de crecimiento premium al asociarse con Berger.<\/p>\n<h4><strong><span style=\"color: #496400\">Anuncio especial:Nos emociona lanzar nuestra nueva promoci\u00f3n para ofrecerle un descuento en su primera compra despu\u00e9s de la prueba Berger. <\/span><\/strong><\/h4>\n<p>No se pierda esta oportunidad de instalar un invernadero de prueba para que vea por s\u00ed mismo la diferencia que hace Berger. Pase por nuestro stand para saber m\u00e1s y comenzar su traves\u00eda hacia lograr mejores rendimientos.<\/p>\n<p><a class=\"link\" href=\"http:\/\/www.congresoberries.com\" target=\"_blank\" rel=\"noopener noreferrer\">\u00a1leer m\u00e1s!<\/a><\/p>\n<p><\/div><\/p>\n<p><div class=\"column-4\"><\/p>\n<p><a href=\"https:\/\/www.congresoberries.com\/\"><img loading=\"lazy\" decoding=\"async\" class=\"alignnone size-medium wp-image-5081\" src=\"https:\/\/www.berger.ca\/en\/wp-content\/uploads\/sites\/2\/2024\/06\/14-aneberries-logo.png\" alt=\"aneberries logo\" width=\"300\" height=\"77\" \/><\/a><\/p>\n<p><\/div><\/p>\n<p><\/div>\n<div class=\"wysiwyg-row\"><br \/>\n<div class=\"column-6\"><\/p>\n<h4>\u00a1Nos vemos en la exposici\u00f3n!<\/h4>\n<p>Conviva con nuestros expertos y vea c\u00f3mo nuestro compromiso con su crecimiento puede ayudar a producir un abundante ma\u00f1ana.<br \/>\n<\/div><br \/>\n<\/div>\n<div class=\"wysiwyg-row\"><br \/>\n<div class=\"column-2\"><\/p>\n<p><img loading=\"lazy\" decoding=\"async\" class=\"alignnone wp-image-6986 size-full\" title=\"Harold Sagastume \" src=\"https:\/\/www.berger.ca\/en\/wp-content\/uploads\/sites\/2\/2022\/10\/photos_harold_rond.png\" alt=\"Harold Sagastume \" width=\"288\" height=\"288\" \/><\/p>\n<h4 style=\"text-align: center\">Harold Sagastume<\/h4>\n<p style=\"text-align: center\">Asesor t\u00e9cnico de ventas <\/p>\n<p><\/div><\/p>\n<p><div class=\"column-2\"><\/p>\n<p><img loading=\"lazy\" decoding=\"async\" class=\"alignnone wp-image-6986 size-full\" title=\"Juan Carlos Garc\u00eda L\u00f3pez de Lara \" src=\"https:\/\/www.berger.ca\/en\/wp-content\/uploads\/sites\/2\/2022\/10\/photos_juan_rond.png\" alt=\"Juan Carlos Garc\u00eda L\u00f3pez de Lara \" width=\"288\" height=\"288\" \/><\/p>\n<h4 style=\"text-align: center\">Juan Carlos Garc\u00eda L\u00f3pez de Lara <\/h4>\n<p style=\"text-align: center\">Representante de ventas \u2013 Centro de M\u00e9xico<\/p>\n<p><\/div><\/p>\n<p><\/div>\n<div class=\"wysiwyg-row\"><\/p>\n<p><div class=\"column-6\"><\/p>\n<h4><span style=\"color: #496400\">Stand #291<\/span><\/h4>\n<p><strong>Expo Guadalajara<\/strong>\u202f\u200b<br \/>\n<strong>Av. Mariano Otero 1499, Verde Valle, 44550 Guadalajara, Jal., M\u00e9xico.<\/strong>\u202f <\/p>\n<p><\/div><\/p>\n<p><\/div>\n","protected":false},"excerpt":{"rendered":"","protected":false},"author":20,"featured_media":0,"parent":267,"menu_order":0,"comment_status":"closed","ping_status":"closed","template":"","meta":{"_acf_changed":false,"footnotes":""},"class_list":["post-5362","page","type-page","status-publish","hentry"],"acf":[],"yoast_head":"<!-- This site is optimized with the Yoast SEO plugin v27.4 - https:\/\/yoast.com\/product\/yoast-seo-wordpress\/ -->\n<title>Aneberries 2024 - Berger - ES<\/title>\n<meta name=\"robots\" content=\"index, follow, max-snippet:-1, max-image-preview:large, max-video-preview:-1\" \/>\n<link rel=\"canonical\" href=\"https:\/\/www.berger.ca\/es\/recursos-para-los-productores\/seminarios-tecnicos-y-eventos\/aneberries-2024\/\" \/>\n<meta property=\"og:locale\" content=\"es_ES\" \/>\n<meta property=\"og:type\" content=\"article\" \/>\n<meta property=\"og:title\" content=\"Aneberries 2024 - Berger - ES\" \/>\n<meta property=\"og:url\" content=\"https:\/\/www.berger.ca\/es\/recursos-para-los-productores\/seminarios-tecnicos-y-eventos\/aneberries-2024\/\" \/>\n<meta property=\"og:site_name\" content=\"Berger - ES\" \/>\n<meta property=\"article:publisher\" content=\"https:\/\/www.facebook.com\/berger.ca\/\" \/>\n<meta property=\"og:image\" content=\"https:\/\/www.berger.ca\/en\/wp-content\/uploads\/sites\/2\/2024\/06\/14-aneberries-logo.png\" \/>\n<meta name=\"twitter:card\" content=\"summary_large_image\" \/>\n<meta name=\"twitter:site\" content=\"@berger_ca\" \/>\n<meta name=\"twitter:label1\" content=\"Tiempo de lectura\" \/>\n\t<meta name=\"twitter:data1\" content=\"2 minutos\" \/>\n<script type=\"application\/ld+json\" class=\"yoast-schema-graph\">{\"@context\":\"https:\\\/\\\/schema.org\",\"@graph\":[{\"@type\":\"WebPage\",\"@id\":\"https:\\\/\\\/www.berger.ca\\\/es\\\/recursos-para-los-productores\\\/seminarios-tecnicos-y-eventos\\\/aneberries-2024\\\/\",\"url\":\"https:\\\/\\\/www.berger.ca\\\/es\\\/recursos-para-los-productores\\\/seminarios-tecnicos-y-eventos\\\/aneberries-2024\\\/\",\"name\":\"Aneberries 2024 - Berger - ES\",\"isPartOf\":{\"@id\":\"https:\\\/\\\/www.berger.ca\\\/es\\\/#website\"},\"primaryImageOfPage\":{\"@id\":\"https:\\\/\\\/www.berger.ca\\\/es\\\/recursos-para-los-productores\\\/seminarios-tecnicos-y-eventos\\\/aneberries-2024\\\/#primaryimage\"},\"image\":{\"@id\":\"https:\\\/\\\/www.berger.ca\\\/es\\\/recursos-para-los-productores\\\/seminarios-tecnicos-y-eventos\\\/aneberries-2024\\\/#primaryimage\"},\"thumbnailUrl\":\"https:\\\/\\\/www.berger.ca\\\/en\\\/wp-content\\\/uploads\\\/sites\\\/2\\\/2024\\\/06\\\/14-aneberries-logo.png\",\"datePublished\":\"2024-06-12T20:40:58+00:00\",\"breadcrumb\":{\"@id\":\"https:\\\/\\\/www.berger.ca\\\/es\\\/recursos-para-los-productores\\\/seminarios-tecnicos-y-eventos\\\/aneberries-2024\\\/#breadcrumb\"},\"inLanguage\":\"es\",\"potentialAction\":[{\"@type\":\"ReadAction\",\"target\":[\"https:\\\/\\\/www.berger.ca\\\/es\\\/recursos-para-los-productores\\\/seminarios-tecnicos-y-eventos\\\/aneberries-2024\\\/\"]}]},{\"@type\":\"ImageObject\",\"inLanguage\":\"es\",\"@id\":\"https:\\\/\\\/www.berger.ca\\\/es\\\/recursos-para-los-productores\\\/seminarios-tecnicos-y-eventos\\\/aneberries-2024\\\/#primaryimage\",\"url\":\"https:\\\/\\\/www.berger.ca\\\/en\\\/wp-content\\\/uploads\\\/sites\\\/2\\\/2024\\\/06\\\/14-aneberries-logo.png\",\"contentUrl\":\"https:\\\/\\\/www.berger.ca\\\/en\\\/wp-content\\\/uploads\\\/sites\\\/2\\\/2024\\\/06\\\/14-aneberries-logo.png\"},{\"@type\":\"BreadcrumbList\",\"@id\":\"https:\\\/\\\/www.berger.ca\\\/es\\\/recursos-para-los-productores\\\/seminarios-tecnicos-y-eventos\\\/aneberries-2024\\\/#breadcrumb\",\"itemListElement\":[{\"@type\":\"ListItem\",\"position\":1,\"name\":\"Recursos para los productores\",\"item\":\"https:\\\/\\\/www.berger.ca\\\/es\\\/recursos-para-los-productores\\\/\"},{\"@type\":\"ListItem\",\"position\":2,\"name\":\"Seminarios t\u00e9cnicos y eventos\",\"item\":\"https:\\\/\\\/www.berger.ca\\\/es\\\/recursos-para-los-productores\\\/seminarios-tecnicos-y-eventos\\\/\"},{\"@type\":\"ListItem\",\"position\":3,\"name\":\"Aneberries 2024\"}]},{\"@type\":\"WebSite\",\"@id\":\"https:\\\/\\\/www.berger.ca\\\/es\\\/#website\",\"url\":\"https:\\\/\\\/www.berger.ca\\\/es\\\/\",\"name\":\"Berger - ES\",\"description\":\"Un site utilisant Sites Berger\",\"publisher\":{\"@id\":\"https:\\\/\\\/www.berger.ca\\\/es\\\/#organization\"},\"potentialAction\":[{\"@type\":\"SearchAction\",\"target\":{\"@type\":\"EntryPoint\",\"urlTemplate\":\"https:\\\/\\\/www.berger.ca\\\/es\\\/?s={search_term_string}\"},\"query-input\":{\"@type\":\"PropertyValueSpecification\",\"valueRequired\":true,\"valueName\":\"search_term_string\"}}],\"inLanguage\":\"es\"},{\"@type\":\"Organization\",\"@id\":\"https:\\\/\\\/www.berger.ca\\\/es\\\/#organization\",\"name\":\"Berger\",\"url\":\"https:\\\/\\\/www.berger.ca\\\/es\\\/\",\"logo\":{\"@type\":\"ImageObject\",\"inLanguage\":\"es\",\"@id\":\"https:\\\/\\\/www.berger.ca\\\/es\\\/#\\\/schema\\\/logo\\\/image\\\/\",\"url\":\"https:\\\/\\\/www.berger.ca\\\/es\\\/wp-content\\\/uploads\\\/sites\\\/3\\\/2016\\\/07\\\/berger_logo_coul_seul.png\",\"contentUrl\":\"https:\\\/\\\/www.berger.ca\\\/es\\\/wp-content\\\/uploads\\\/sites\\\/3\\\/2016\\\/07\\\/berger_logo_coul_seul.png\",\"width\":1257,\"height\":1156,\"caption\":\"Berger\"},\"image\":{\"@id\":\"https:\\\/\\\/www.berger.ca\\\/es\\\/#\\\/schema\\\/logo\\\/image\\\/\"},\"sameAs\":[\"https:\\\/\\\/www.facebook.com\\\/berger.ca\\\/\",\"https:\\\/\\\/x.com\\\/berger_ca\",\"https:\\\/\\\/www.instagram.com\\\/bergermixes\\\/\",\"https:\\\/\\\/www.linkedin.com\\\/company\\\/berger-peat-moss-ltd-\\\/\",\"https:\\\/\\\/www.pinterest.com\\\/bergerpeatmoss\\\/\",\"https:\\\/\\\/www.youtube.com\\\/user\\\/tourbieresberger\"]}]}<\/script>\n<!-- \/ Yoast SEO plugin. -->","yoast_head_json":{"title":"Aneberries 2024 - Berger - ES","robots":{"index":"index","follow":"follow","max-snippet":"max-snippet:-1","max-image-preview":"max-image-preview:large","max-video-preview":"max-video-preview:-1"},"canonical":"https:\/\/www.berger.ca\/es\/recursos-para-los-productores\/seminarios-tecnicos-y-eventos\/aneberries-2024\/","og_locale":"es_ES","og_type":"article","og_title":"Aneberries 2024 - Berger - ES","og_url":"https:\/\/www.berger.ca\/es\/recursos-para-los-productores\/seminarios-tecnicos-y-eventos\/aneberries-2024\/","og_site_name":"Berger - ES","article_publisher":"https:\/\/www.facebook.com\/berger.ca\/","og_image":[{"url":"https:\/\/www.berger.ca\/en\/wp-content\/uploads\/sites\/2\/2024\/06\/14-aneberries-logo.png","type":"","width":"","height":""}],"twitter_card":"summary_large_image","twitter_site":"@berger_ca","twitter_misc":{"Tiempo de lectura":"2 minutos"},"schema":{"@context":"https:\/\/schema.org","@graph":[{"@type":"WebPage","@id":"https:\/\/www.berger.ca\/es\/recursos-para-los-productores\/seminarios-tecnicos-y-eventos\/aneberries-2024\/","url":"https:\/\/www.berger.ca\/es\/recursos-para-los-productores\/seminarios-tecnicos-y-eventos\/aneberries-2024\/","name":"Aneberries 2024 - Berger - ES","isPartOf":{"@id":"https:\/\/www.berger.ca\/es\/#website"},"primaryImageOfPage":{"@id":"https:\/\/www.berger.ca\/es\/recursos-para-los-productores\/seminarios-tecnicos-y-eventos\/aneberries-2024\/#primaryimage"},"image":{"@id":"https:\/\/www.berger.ca\/es\/recursos-para-los-productores\/seminarios-tecnicos-y-eventos\/aneberries-2024\/#primaryimage"},"thumbnailUrl":"https:\/\/www.berger.ca\/en\/wp-content\/uploads\/sites\/2\/2024\/06\/14-aneberries-logo.png","datePublished":"2024-06-12T20:40:58+00:00","breadcrumb":{"@id":"https:\/\/www.berger.ca\/es\/recursos-para-los-productores\/seminarios-tecnicos-y-eventos\/aneberries-2024\/#breadcrumb"},"inLanguage":"es","potentialAction":[{"@type":"ReadAction","target":["https:\/\/www.berger.ca\/es\/recursos-para-los-productores\/seminarios-tecnicos-y-eventos\/aneberries-2024\/"]}]},{"@type":"ImageObject","inLanguage":"es","@id":"https:\/\/www.berger.ca\/es\/recursos-para-los-productores\/seminarios-tecnicos-y-eventos\/aneberries-2024\/#primaryimage","url":"https:\/\/www.berger.ca\/en\/wp-content\/uploads\/sites\/2\/2024\/06\/14-aneberries-logo.png","contentUrl":"https:\/\/www.berger.ca\/en\/wp-content\/uploads\/sites\/2\/2024\/06\/14-aneberries-logo.png"},{"@type":"BreadcrumbList","@id":"https:\/\/www.berger.ca\/es\/recursos-para-los-productores\/seminarios-tecnicos-y-eventos\/aneberries-2024\/#breadcrumb","itemListElement":[{"@type":"ListItem","position":1,"name":"Recursos para los productores","item":"https:\/\/www.berger.ca\/es\/recursos-para-los-productores\/"},{"@type":"ListItem","position":2,"name":"Seminarios t\u00e9cnicos y eventos","item":"https:\/\/www.berger.ca\/es\/recursos-para-los-productores\/seminarios-tecnicos-y-eventos\/"},{"@type":"ListItem","position":3,"name":"Aneberries 2024"}]},{"@type":"WebSite","@id":"https:\/\/www.berger.ca\/es\/#website","url":"https:\/\/www.berger.ca\/es\/","name":"Berger - ES","description":"Un site utilisant Sites Berger","publisher":{"@id":"https:\/\/www.berger.ca\/es\/#organization"},"potentialAction":[{"@type":"SearchAction","target":{"@type":"EntryPoint","urlTemplate":"https:\/\/www.berger.ca\/es\/?s={search_term_string}"},"query-input":{"@type":"PropertyValueSpecification","valueRequired":true,"valueName":"search_term_string"}}],"inLanguage":"es"},{"@type":"Organization","@id":"https:\/\/www.berger.ca\/es\/#organization","name":"Berger","url":"https:\/\/www.berger.ca\/es\/","logo":{"@type":"ImageObject","inLanguage":"es","@id":"https:\/\/www.berger.ca\/es\/#\/schema\/logo\/image\/","url":"https:\/\/www.berger.ca\/es\/wp-content\/uploads\/sites\/3\/2016\/07\/berger_logo_coul_seul.png","contentUrl":"https:\/\/www.berger.ca\/es\/wp-content\/uploads\/sites\/3\/2016\/07\/berger_logo_coul_seul.png","width":1257,"height":1156,"caption":"Berger"},"image":{"@id":"https:\/\/www.berger.ca\/es\/#\/schema\/logo\/image\/"},"sameAs":["https:\/\/www.facebook.com\/berger.ca\/","https:\/\/x.com\/berger_ca","https:\/\/www.instagram.com\/bergermixes\/","https:\/\/www.linkedin.com\/company\/berger-peat-moss-ltd-\/","https:\/\/www.pinterest.com\/bergerpeatmoss\/","https:\/\/www.youtube.com\/user\/tourbieresberger"]}]}},"_links":{"self":[{"href":"https:\/\/www.berger.ca\/es\/wp-json\/wp\/v2\/pages\/5362","targetHints":{"allow":["GET"]}}],"collection":[{"href":"https:\/\/www.berger.ca\/es\/wp-json\/wp\/v2\/pages"}],"about":[{"href":"https:\/\/www.berger.ca\/es\/wp-json\/wp\/v2\/types\/page"}],"author":[{"embeddable":true,"href":"https:\/\/www.berger.ca\/es\/wp-json\/wp\/v2\/users\/20"}],"replies":[{"embeddable":true,"href":"https:\/\/www.berger.ca\/es\/wp-json\/wp\/v2\/comments?post=5362"}],"version-history":[{"count":55,"href":"https:\/\/www.berger.ca\/es\/wp-json\/wp\/v2\/pages\/5362\/revisions"}],"predecessor-version":[{"id":5419,"href":"https:\/\/www.berger.ca\/es\/wp-json\/wp\/v2\/pages\/5362\/revisions\/5419"}],"up":[{"embeddable":true,"href":"https:\/\/www.berger.ca\/es\/wp-json\/wp\/v2\/pages\/267"}],"wp:attachment":[{"href":"https:\/\/www.berger.ca\/es\/wp-json\/wp\/v2\/media?parent=5362"}],"curies":[{"name":"wp","href":"https:\/\/api.w.org\/{rel}","templated":true}]}}