{"id":5561,"date":"2024-10-10T17:26:57","date_gmt":"2024-10-10T22:26:57","guid":{"rendered":"https:\/\/www.berger.ca\/es\/?page_id=5561"},"modified":"2024-10-22T09:01:36","modified_gmt":"2024-10-22T14:01:36","slug":"expo-agroalimentaria-2","status":"publish","type":"page","link":"https:\/\/www.berger.ca\/es\/recursos-para-los-productores\/seminarios-tecnicos-y-eventos\/expo-agroalimentaria-2\/","title":{"rendered":"Expo AgroAlimentaria 2024"},"content":{"rendered":"<div class=\"wysiwyg-row\"><br \/>\n<div class=\"column-8\"><\/p>\n<h2>Descubra las Mezclas de Cultivo Premium de Berger en la Expo AgroAlimentaria\u00ae Guanajuato<\/h2>\n<h4 style=\"color: #59621d\">November 12,13,14 y 15 2024 | Booth #229 | Irapuato &#8211; Abasolo Highway km 6.5, Santa Elena, M\u00e9xico<\/h4>\n<p>Reserve las fechas del 12 al 15 de noviembre, visite el stand #229 y descubra por qu\u00e9 las mezclas de cultivo de Berger son la mejor opci\u00f3n a elegir para los productores comerciales. Platique con nuestros expertos, descubra soluciones innovadoras y compruebe de primera mano c\u00f3mo Berger puede llevar sus operaciones agr\u00edcolas hacia nuevos horizontes. Ya sea que est\u00e9 buscando productos nuevos o la asesor\u00eda de expertos, \u00a1estamos aqu\u00ed para ayudarlo a triunfar!<\/p>\n<p><strong style=\"color: #59621d\">Adem\u00e1s, no deje de visitar el \u201cPabell\u00f3n Hi-Tech 2024 e &#8216;Innovatech Aqua 360\u00b0\u201d que puede encontrar en el pasillo A, de 11 a.m. a 5 p.m., donde podr\u00e1 conocer m\u00e1s sobre nuestra popular mezcla para germinaci\u00f3n BM2<\/strong><\/p>\n<p>Acomp\u00e1\u00f1enos en el evento m\u00e1s importante de M\u00e9xico para la industria agr\u00edcola y cultivemos el futuro juntos.<\/p>\n<p><a class=\"link\" href=\"https:\/\/shop.expoagrogto.com\/tienda-en-linea\/\" rel=\"noopener\">Adquiera sus boletos aqu\u00ed<\/a><\/p>\n<p><\/div><\/p>\n<p><div class=\"column-4\"><\/p>\n<p><img loading=\"lazy\" decoding=\"async\" class=\"alignnone size-medium wp-image-5566\" src=\"https:\/\/www.berger.ca\/es\/wp-content\/uploads\/sites\/3\/2024\/10\/AgroAlimentaria_Logo_web-300x187.png\" alt=\"AgroAlimentaria_Logo_web\" width=\"300\" height=\"187\" srcset=\"https:\/\/www.berger.ca\/es\/wp-content\/uploads\/sites\/3\/2024\/10\/AgroAlimentaria_Logo_web-300x187.png 300w, https:\/\/www.berger.ca\/es\/wp-content\/uploads\/sites\/3\/2024\/10\/AgroAlimentaria_Logo_web-500x314.png 500w, https:\/\/www.berger.ca\/es\/wp-content\/uploads\/sites\/3\/2024\/10\/AgroAlimentaria_Logo_web-440x275.png 440w, https:\/\/www.berger.ca\/es\/wp-content\/uploads\/sites\/3\/2024\/10\/AgroAlimentaria_Logo_web-240x150.png 240w, https:\/\/www.berger.ca\/es\/wp-content\/uploads\/sites\/3\/2024\/10\/AgroAlimentaria_Logo_web-320x200.png 320w, https:\/\/www.berger.ca\/es\/wp-content\/uploads\/sites\/3\/2024\/10\/AgroAlimentaria_Logo_web.png 503w\" sizes=\"auto, (max-width: 300px) 100vw, 300px\" \/><\/p>\n<p><a class=\"button green\" href=\"https:\/\/www.expoagrogto.com\/\" target=\"_blank\" rel=\"noopener\">Learn More<\/a><\/p>\n<p><\/div><\/p>\n<p><\/div>\n<h3>Nuestros Especialistas<\/h3>\n<hr \/>\n<div class=\"wysiwyg-row\"><\/p>\n<p><div class=\"column-4\"><\/p>\n<p><img loading=\"lazy\" decoding=\"async\" class=\"alignnone size-full wp-image-5572\" src=\"https:\/\/www.berger.ca\/es\/wp-content\/uploads\/sites\/3\/2024\/10\/Vic_Swann.png\" alt=\"Vic_Swann\" width=\"288\" height=\"288\" srcset=\"https:\/\/www.berger.ca\/es\/wp-content\/uploads\/sites\/3\/2024\/10\/Vic_Swann.png 288w, https:\/\/www.berger.ca\/es\/wp-content\/uploads\/sites\/3\/2024\/10\/Vic_Swann-150x150.png 150w\" sizes=\"auto, (max-width: 288px) 100vw, 288px\" \/><\/p>\n<h4>VIC SWANN<\/h4>\n<p>Director &#8211; Ventas Internacionales y Cuentas Corporativas<\/p>\n<p><\/div><\/p>\n<p>&nbsp;<\/p>\n<p><div class=\"column-4\"><\/p>\n<p><img loading=\"lazy\" decoding=\"async\" class=\"alignnone wp-image-5606 size-full\" src=\"https:\/\/www.berger.ca\/es\/wp-content\/uploads\/sites\/3\/2024\/10\/Paul_Cooper.png\" alt=\"Paul_Cooper\" width=\"288\" height=\"288\" srcset=\"https:\/\/www.berger.ca\/es\/wp-content\/uploads\/sites\/3\/2024\/10\/Paul_Cooper.png 288w, https:\/\/www.berger.ca\/es\/wp-content\/uploads\/sites\/3\/2024\/10\/Paul_Cooper-150x150.png 150w\" sizes=\"auto, (max-width: 288px) 100vw, 288px\" \/><\/p>\n<h4>PAUL COOPER<\/h4>\n<p>Director de Ventas oeste de EE.UU. y Latinoam\u00e9rica<\/p>\n<p><\/div><\/p>\n<p>&nbsp;<\/p>\n<p><div class=\"column-4\"><\/p>\n<p><img loading=\"lazy\" decoding=\"async\" class=\"alignnone size-full wp-image-5569\" src=\"https:\/\/www.berger.ca\/es\/wp-content\/uploads\/sites\/3\/2024\/10\/Juan_CarlosGarcia.png\" alt=\"Juan_CarlosGarcia\" width=\"288\" height=\"288\" srcset=\"https:\/\/www.berger.ca\/es\/wp-content\/uploads\/sites\/3\/2024\/10\/Juan_CarlosGarcia.png 288w, https:\/\/www.berger.ca\/es\/wp-content\/uploads\/sites\/3\/2024\/10\/Juan_CarlosGarcia-150x150.png 150w\" sizes=\"auto, (max-width: 288px) 100vw, 288px\" \/><\/p>\n<h4><strong>Juan Carlos Garc\u00eda L\u00f3pez De Lara<\/strong><\/h4>\n<p>Representante de ventas &#8211; Norte y centro de M\u00e9xico<br \/>\n<\/div><\/p>\n<p><div class=\"column-4\"><\/p>\n<p><img loading=\"lazy\" decoding=\"async\" class=\"alignnone size-full wp-image-5570\" src=\"https:\/\/www.berger.ca\/es\/wp-content\/uploads\/sites\/3\/2024\/10\/Martin_Barrera.png\" alt=\"Martin_Barrera\" width=\"288\" height=\"288\" srcset=\"https:\/\/www.berger.ca\/es\/wp-content\/uploads\/sites\/3\/2024\/10\/Martin_Barrera.png 288w, https:\/\/www.berger.ca\/es\/wp-content\/uploads\/sites\/3\/2024\/10\/Martin_Barrera-150x150.png 150w\" sizes=\"auto, (max-width: 288px) 100vw, 288px\" \/><\/p>\n<h4>MARTIN BARRERA<\/h4>\n<p>Representante de ventas &#8211; Costa del Pac\u00edfico de M\u00e9xico<\/p>\n<p><\/div><\/p>\n<p><div class=\"column-4\"><\/p>\n<p><img loading=\"lazy\" decoding=\"async\" class=\"alignnone size-full wp-image-5494\" src=\"https:\/\/www.berger.ca\/es\/wp-content\/uploads\/sites\/3\/2024\/07\/Harold_Sagastume.png\" alt=\"Harold_Sagastume\" width=\"288\" height=\"288\" srcset=\"https:\/\/www.berger.ca\/es\/wp-content\/uploads\/sites\/3\/2024\/07\/Harold_Sagastume.png 288w, https:\/\/www.berger.ca\/es\/wp-content\/uploads\/sites\/3\/2024\/07\/Harold_Sagastume-150x150.png 150w\" sizes=\"auto, (max-width: 288px) 100vw, 288px\" \/><\/p>\n<h4><strong>HAROLD SAGASTUME<\/strong><\/h4>\n<p>Asesor t\u00e9cnico de ventas<\/p>\n<p><\/div><\/p>\n<p><div class=\"column-4\"><\/p>\n<p><img loading=\"lazy\" decoding=\"async\" class=\"alignnone size-full wp-image-5594\" src=\"https:\/\/www.berger.ca\/es\/wp-content\/uploads\/sites\/3\/2024\/10\/Diana_Barrera-1.png\" alt=\"Diana_Barrera\" width=\"288\" height=\"288\" srcset=\"https:\/\/www.berger.ca\/es\/wp-content\/uploads\/sites\/3\/2024\/10\/Diana_Barrera-1.png 288w, https:\/\/www.berger.ca\/es\/wp-content\/uploads\/sites\/3\/2024\/10\/Diana_Barrera-1-150x150.png 150w\" sizes=\"auto, (max-width: 288px) 100vw, 288px\" \/><\/p>\n<h4>Diana Barrera<\/h4>\n<p>Representante de satisfacc\u00edon de la clientela<\/p>\n<p><\/div><\/p>\n<p><\/div>\n<p>&nbsp;<\/p>\n<p>&nbsp;<\/p>\n<h3>Productos destacados<\/h3>\n<hr \/>\n<div class=\"wysiwyg-row\"><\/p>\n<p><div class=\"column-2\"><\/p>\n<p><img loading=\"lazy\" decoding=\"async\" class=\"alignnone size-medium wp-image-5596\" src=\"https:\/\/www.berger.ca\/es\/wp-content\/uploads\/sites\/3\/2024\/10\/Packaging3D_BM2_compressed-1-212x300.png\" alt=\"Packaging3D_BM2_compressed\" width=\"212\" height=\"300\" srcset=\"https:\/\/www.berger.ca\/es\/wp-content\/uploads\/sites\/3\/2024\/10\/Packaging3D_BM2_compressed-1-212x300.png 212w, https:\/\/www.berger.ca\/es\/wp-content\/uploads\/sites\/3\/2024\/10\/Packaging3D_BM2_compressed-1.png 300w\" sizes=\"auto, (max-width: 212px) 100vw, 212px\" \/><\/p>\n<h4>BM2 Seed Germination<\/h4>\n<p><\/div><\/p>\n<p>&nbsp;<\/p>\n<p><div class=\"column-2\"><\/p>\n<p><img loading=\"lazy\" decoding=\"async\" class=\"alignnone size-medium wp-image-5597\" src=\"https:\/\/www.berger.ca\/es\/wp-content\/uploads\/sites\/3\/2024\/10\/Packaging3D_BM2-HP_compressed-1-212x300.png\" alt=\"Packaging3D_BM2-HP_compressed\" width=\"212\" height=\"300\" srcset=\"https:\/\/www.berger.ca\/es\/wp-content\/uploads\/sites\/3\/2024\/10\/Packaging3D_BM2-HP_compressed-1-212x300.png 212w, https:\/\/www.berger.ca\/es\/wp-content\/uploads\/sites\/3\/2024\/10\/Packaging3D_BM2-HP_compressed-1.png 300w\" sizes=\"auto, (max-width: 212px) 100vw, 212px\" \/><\/p>\n<h4>BM2 Seed Germination vegetable HP<\/h4>\n<p><\/div><\/p>\n<p><div class=\"column-2\"><\/p>\n<p><img loading=\"lazy\" decoding=\"async\" class=\"alignnone size-medium wp-image-5598\" src=\"https:\/\/www.berger.ca\/es\/wp-content\/uploads\/sites\/3\/2024\/10\/Packaging3D_BM2-wood_compressed-1-212x300.png\" alt=\"Packaging3D_BM2-wood_compressed\" width=\"212\" height=\"300\" srcset=\"https:\/\/www.berger.ca\/es\/wp-content\/uploads\/sites\/3\/2024\/10\/Packaging3D_BM2-wood_compressed-1-212x300.png 212w, https:\/\/www.berger.ca\/es\/wp-content\/uploads\/sites\/3\/2024\/10\/Packaging3D_BM2-wood_compressed-1.png 300w\" sizes=\"auto, (max-width: 212px) 100vw, 212px\" \/><\/p>\n<h4>BM2 Natural Fiber \u2013 Wood<\/h4>\n<p><\/div><\/p>\n<p><div class=\"column-2\"><\/p>\n<p><img loading=\"lazy\" decoding=\"async\" class=\"alignnone size-medium wp-image-5599\" src=\"https:\/\/www.berger.ca\/es\/wp-content\/uploads\/sites\/3\/2024\/10\/Packaging3D_BM4-NFwood-HP_compressed-212x300.png\" alt=\"Packaging3D_BM4-NFwood-HP_compressed\" width=\"212\" height=\"300\" srcset=\"https:\/\/www.berger.ca\/es\/wp-content\/uploads\/sites\/3\/2024\/10\/Packaging3D_BM4-NFwood-HP_compressed-212x300.png 212w, https:\/\/www.berger.ca\/es\/wp-content\/uploads\/sites\/3\/2024\/10\/Packaging3D_BM4-NFwood-HP_compressed.png 300w\" sizes=\"auto, (max-width: 212px) 100vw, 212px\" \/><\/p>\n<h4>BM4 Natural Fiber \u2013 Wood HP<\/h4>\n<p><\/div><\/p>\n<p><div class=\"column-2\"><\/p>\n<p><img loading=\"lazy\" decoding=\"async\" class=\"alignnone size-medium wp-image-5600\" src=\"https:\/\/www.berger.ca\/es\/wp-content\/uploads\/sites\/3\/2024\/10\/Packaging3D_BM5-wood-HP_compressed-1-212x300.png\" alt=\"Packaging3D_BM5-wood-HP_compressed\" width=\"212\" height=\"300\" srcset=\"https:\/\/www.berger.ca\/es\/wp-content\/uploads\/sites\/3\/2024\/10\/Packaging3D_BM5-wood-HP_compressed-1-212x300.png 212w, https:\/\/www.berger.ca\/es\/wp-content\/uploads\/sites\/3\/2024\/10\/Packaging3D_BM5-wood-HP_compressed-1.png 300w\" sizes=\"auto, (max-width: 212px) 100vw, 212px\" \/><\/p>\n<h4>BM5 Natural Fiber &amp; Aggregate \u2013 Wood Super HP<\/h4>\n<p><\/div><\/p>\n<p><div class=\"column-2\"><\/p>\n<p><img loading=\"lazy\" decoding=\"async\" class=\"alignnone size-medium wp-image-5601\" src=\"https:\/\/www.berger.ca\/es\/wp-content\/uploads\/sites\/3\/2024\/10\/Packaging3D_BM6_compressed-1-212x300.png\" alt=\"Packaging3D_BM6_compressed\" width=\"212\" height=\"300\" srcset=\"https:\/\/www.berger.ca\/es\/wp-content\/uploads\/sites\/3\/2024\/10\/Packaging3D_BM6_compressed-1-212x300.png 212w, https:\/\/www.berger.ca\/es\/wp-content\/uploads\/sites\/3\/2024\/10\/Packaging3D_BM6_compressed-1.png 300w\" sizes=\"auto, (max-width: 212px) 100vw, 212px\" \/><\/p>\n<h4>BM6 All Purpose<\/h4>\n<p><\/div><\/p>\n<p><\/div>\n","protected":false},"excerpt":{"rendered":"<p>Nuestros Especialistas &nbsp; &nbsp; Productos destacados<\/p>\n","protected":false},"author":2,"featured_media":0,"parent":267,"menu_order":0,"comment_status":"closed","ping_status":"closed","template":"","meta":{"_acf_changed":false,"footnotes":""},"class_list":["post-5561","page","type-page","status-publish","hentry"],"acf":[],"yoast_head":"<!-- This site is optimized with the Yoast SEO plugin v27.3 - https:\/\/yoast.com\/product\/yoast-seo-wordpress\/ -->\n<title>Expo AgroAlimentaria 2024 - Berger - ES<\/title>\n<meta name=\"robots\" content=\"index, follow, max-snippet:-1, max-image-preview:large, max-video-preview:-1\" \/>\n<link rel=\"canonical\" href=\"https:\/\/www.berger.ca\/es\/recursos-para-los-productores\/seminarios-tecnicos-y-eventos\/expo-agroalimentaria-2\/\" \/>\n<meta property=\"og:locale\" content=\"es_ES\" \/>\n<meta property=\"og:type\" content=\"article\" \/>\n<meta property=\"og:title\" content=\"Expo AgroAlimentaria 2024 - Berger - ES\" \/>\n<meta property=\"og:description\" content=\"Nuestros Especialistas &nbsp; &nbsp; Productos destacados\" \/>\n<meta property=\"og:url\" content=\"https:\/\/www.berger.ca\/es\/recursos-para-los-productores\/seminarios-tecnicos-y-eventos\/expo-agroalimentaria-2\/\" \/>\n<meta property=\"og:site_name\" content=\"Berger - ES\" \/>\n<meta property=\"article:publisher\" content=\"https:\/\/www.facebook.com\/berger.ca\/\" \/>\n<meta property=\"article:modified_time\" content=\"2024-10-22T14:01:36+00:00\" \/>\n<meta property=\"og:image\" content=\"https:\/\/www.berger.ca\/es\/wp-content\/uploads\/sites\/3\/2024\/10\/AgroAlimentaria_Logo_web-300x187.png\" \/>\n<meta name=\"twitter:card\" content=\"summary_large_image\" \/>\n<meta name=\"twitter:site\" content=\"@berger_ca\" \/>\n<meta name=\"twitter:label1\" content=\"Tiempo de lectura\" \/>\n\t<meta name=\"twitter:data1\" content=\"4 minutos\" \/>\n<script type=\"application\/ld+json\" class=\"yoast-schema-graph\">{\"@context\":\"https:\\\/\\\/schema.org\",\"@graph\":[{\"@type\":\"WebPage\",\"@id\":\"https:\\\/\\\/www.berger.ca\\\/es\\\/recursos-para-los-productores\\\/seminarios-tecnicos-y-eventos\\\/expo-agroalimentaria-2\\\/\",\"url\":\"https:\\\/\\\/www.berger.ca\\\/es\\\/recursos-para-los-productores\\\/seminarios-tecnicos-y-eventos\\\/expo-agroalimentaria-2\\\/\",\"name\":\"Expo AgroAlimentaria 2024 - Berger - ES\",\"isPartOf\":{\"@id\":\"https:\\\/\\\/www.berger.ca\\\/es\\\/#website\"},\"primaryImageOfPage\":{\"@id\":\"https:\\\/\\\/www.berger.ca\\\/es\\\/recursos-para-los-productores\\\/seminarios-tecnicos-y-eventos\\\/expo-agroalimentaria-2\\\/#primaryimage\"},\"image\":{\"@id\":\"https:\\\/\\\/www.berger.ca\\\/es\\\/recursos-para-los-productores\\\/seminarios-tecnicos-y-eventos\\\/expo-agroalimentaria-2\\\/#primaryimage\"},\"thumbnailUrl\":\"https:\\\/\\\/www.berger.ca\\\/es\\\/wp-content\\\/uploads\\\/sites\\\/3\\\/2024\\\/10\\\/AgroAlimentaria_Logo_web-300x187.png\",\"datePublished\":\"2024-10-10T22:26:57+00:00\",\"dateModified\":\"2024-10-22T14:01:36+00:00\",\"breadcrumb\":{\"@id\":\"https:\\\/\\\/www.berger.ca\\\/es\\\/recursos-para-los-productores\\\/seminarios-tecnicos-y-eventos\\\/expo-agroalimentaria-2\\\/#breadcrumb\"},\"inLanguage\":\"es\",\"potentialAction\":[{\"@type\":\"ReadAction\",\"target\":[\"https:\\\/\\\/www.berger.ca\\\/es\\\/recursos-para-los-productores\\\/seminarios-tecnicos-y-eventos\\\/expo-agroalimentaria-2\\\/\"]}]},{\"@type\":\"ImageObject\",\"inLanguage\":\"es\",\"@id\":\"https:\\\/\\\/www.berger.ca\\\/es\\\/recursos-para-los-productores\\\/seminarios-tecnicos-y-eventos\\\/expo-agroalimentaria-2\\\/#primaryimage\",\"url\":\"https:\\\/\\\/www.berger.ca\\\/es\\\/wp-content\\\/uploads\\\/sites\\\/3\\\/2024\\\/10\\\/AgroAlimentaria_Logo_web.png\",\"contentUrl\":\"https:\\\/\\\/www.berger.ca\\\/es\\\/wp-content\\\/uploads\\\/sites\\\/3\\\/2024\\\/10\\\/AgroAlimentaria_Logo_web.png\",\"width\":503,\"height\":314,\"caption\":\"AgroAlimentaria_Logo_web\"},{\"@type\":\"BreadcrumbList\",\"@id\":\"https:\\\/\\\/www.berger.ca\\\/es\\\/recursos-para-los-productores\\\/seminarios-tecnicos-y-eventos\\\/expo-agroalimentaria-2\\\/#breadcrumb\",\"itemListElement\":[{\"@type\":\"ListItem\",\"position\":1,\"name\":\"Recursos para los productores\",\"item\":\"https:\\\/\\\/www.berger.ca\\\/es\\\/recursos-para-los-productores\\\/\"},{\"@type\":\"ListItem\",\"position\":2,\"name\":\"Seminarios t\u00e9cnicos y eventos\",\"item\":\"https:\\\/\\\/www.berger.ca\\\/es\\\/recursos-para-los-productores\\\/seminarios-tecnicos-y-eventos\\\/\"},{\"@type\":\"ListItem\",\"position\":3,\"name\":\"Expo AgroAlimentaria 2024\"}]},{\"@type\":\"WebSite\",\"@id\":\"https:\\\/\\\/www.berger.ca\\\/es\\\/#website\",\"url\":\"https:\\\/\\\/www.berger.ca\\\/es\\\/\",\"name\":\"Berger - ES\",\"description\":\"Un site utilisant Sites Berger\",\"publisher\":{\"@id\":\"https:\\\/\\\/www.berger.ca\\\/es\\\/#organization\"},\"potentialAction\":[{\"@type\":\"SearchAction\",\"target\":{\"@type\":\"EntryPoint\",\"urlTemplate\":\"https:\\\/\\\/www.berger.ca\\\/es\\\/?s={search_term_string}\"},\"query-input\":{\"@type\":\"PropertyValueSpecification\",\"valueRequired\":true,\"valueName\":\"search_term_string\"}}],\"inLanguage\":\"es\"},{\"@type\":\"Organization\",\"@id\":\"https:\\\/\\\/www.berger.ca\\\/es\\\/#organization\",\"name\":\"Berger\",\"url\":\"https:\\\/\\\/www.berger.ca\\\/es\\\/\",\"logo\":{\"@type\":\"ImageObject\",\"inLanguage\":\"es\",\"@id\":\"https:\\\/\\\/www.berger.ca\\\/es\\\/#\\\/schema\\\/logo\\\/image\\\/\",\"url\":\"https:\\\/\\\/www.berger.ca\\\/es\\\/wp-content\\\/uploads\\\/sites\\\/3\\\/2016\\\/07\\\/berger_logo_coul_seul.png\",\"contentUrl\":\"https:\\\/\\\/www.berger.ca\\\/es\\\/wp-content\\\/uploads\\\/sites\\\/3\\\/2016\\\/07\\\/berger_logo_coul_seul.png\",\"width\":1257,\"height\":1156,\"caption\":\"Berger\"},\"image\":{\"@id\":\"https:\\\/\\\/www.berger.ca\\\/es\\\/#\\\/schema\\\/logo\\\/image\\\/\"},\"sameAs\":[\"https:\\\/\\\/www.facebook.com\\\/berger.ca\\\/\",\"https:\\\/\\\/x.com\\\/berger_ca\",\"https:\\\/\\\/www.instagram.com\\\/bergermixes\\\/\",\"https:\\\/\\\/www.linkedin.com\\\/company\\\/berger-peat-moss-ltd-\\\/\",\"https:\\\/\\\/www.pinterest.com\\\/bergerpeatmoss\\\/\",\"https:\\\/\\\/www.youtube.com\\\/user\\\/tourbieresberger\"]}]}<\/script>\n<!-- \/ Yoast SEO plugin. -->","yoast_head_json":{"title":"Expo AgroAlimentaria 2024 - Berger - ES","robots":{"index":"index","follow":"follow","max-snippet":"max-snippet:-1","max-image-preview":"max-image-preview:large","max-video-preview":"max-video-preview:-1"},"canonical":"https:\/\/www.berger.ca\/es\/recursos-para-los-productores\/seminarios-tecnicos-y-eventos\/expo-agroalimentaria-2\/","og_locale":"es_ES","og_type":"article","og_title":"Expo AgroAlimentaria 2024 - Berger - ES","og_description":"Nuestros Especialistas &nbsp; &nbsp; Productos destacados","og_url":"https:\/\/www.berger.ca\/es\/recursos-para-los-productores\/seminarios-tecnicos-y-eventos\/expo-agroalimentaria-2\/","og_site_name":"Berger - ES","article_publisher":"https:\/\/www.facebook.com\/berger.ca\/","article_modified_time":"2024-10-22T14:01:36+00:00","og_image":[{"url":"https:\/\/www.berger.ca\/es\/wp-content\/uploads\/sites\/3\/2024\/10\/AgroAlimentaria_Logo_web-300x187.png","type":"","width":"","height":""}],"twitter_card":"summary_large_image","twitter_site":"@berger_ca","twitter_misc":{"Tiempo de lectura":"4 minutos"},"schema":{"@context":"https:\/\/schema.org","@graph":[{"@type":"WebPage","@id":"https:\/\/www.berger.ca\/es\/recursos-para-los-productores\/seminarios-tecnicos-y-eventos\/expo-agroalimentaria-2\/","url":"https:\/\/www.berger.ca\/es\/recursos-para-los-productores\/seminarios-tecnicos-y-eventos\/expo-agroalimentaria-2\/","name":"Expo AgroAlimentaria 2024 - Berger - ES","isPartOf":{"@id":"https:\/\/www.berger.ca\/es\/#website"},"primaryImageOfPage":{"@id":"https:\/\/www.berger.ca\/es\/recursos-para-los-productores\/seminarios-tecnicos-y-eventos\/expo-agroalimentaria-2\/#primaryimage"},"image":{"@id":"https:\/\/www.berger.ca\/es\/recursos-para-los-productores\/seminarios-tecnicos-y-eventos\/expo-agroalimentaria-2\/#primaryimage"},"thumbnailUrl":"https:\/\/www.berger.ca\/es\/wp-content\/uploads\/sites\/3\/2024\/10\/AgroAlimentaria_Logo_web-300x187.png","datePublished":"2024-10-10T22:26:57+00:00","dateModified":"2024-10-22T14:01:36+00:00","breadcrumb":{"@id":"https:\/\/www.berger.ca\/es\/recursos-para-los-productores\/seminarios-tecnicos-y-eventos\/expo-agroalimentaria-2\/#breadcrumb"},"inLanguage":"es","potentialAction":[{"@type":"ReadAction","target":["https:\/\/www.berger.ca\/es\/recursos-para-los-productores\/seminarios-tecnicos-y-eventos\/expo-agroalimentaria-2\/"]}]},{"@type":"ImageObject","inLanguage":"es","@id":"https:\/\/www.berger.ca\/es\/recursos-para-los-productores\/seminarios-tecnicos-y-eventos\/expo-agroalimentaria-2\/#primaryimage","url":"https:\/\/www.berger.ca\/es\/wp-content\/uploads\/sites\/3\/2024\/10\/AgroAlimentaria_Logo_web.png","contentUrl":"https:\/\/www.berger.ca\/es\/wp-content\/uploads\/sites\/3\/2024\/10\/AgroAlimentaria_Logo_web.png","width":503,"height":314,"caption":"AgroAlimentaria_Logo_web"},{"@type":"BreadcrumbList","@id":"https:\/\/www.berger.ca\/es\/recursos-para-los-productores\/seminarios-tecnicos-y-eventos\/expo-agroalimentaria-2\/#breadcrumb","itemListElement":[{"@type":"ListItem","position":1,"name":"Recursos para los productores","item":"https:\/\/www.berger.ca\/es\/recursos-para-los-productores\/"},{"@type":"ListItem","position":2,"name":"Seminarios t\u00e9cnicos y eventos","item":"https:\/\/www.berger.ca\/es\/recursos-para-los-productores\/seminarios-tecnicos-y-eventos\/"},{"@type":"ListItem","position":3,"name":"Expo AgroAlimentaria 2024"}]},{"@type":"WebSite","@id":"https:\/\/www.berger.ca\/es\/#website","url":"https:\/\/www.berger.ca\/es\/","name":"Berger - ES","description":"Un site utilisant Sites Berger","publisher":{"@id":"https:\/\/www.berger.ca\/es\/#organization"},"potentialAction":[{"@type":"SearchAction","target":{"@type":"EntryPoint","urlTemplate":"https:\/\/www.berger.ca\/es\/?s={search_term_string}"},"query-input":{"@type":"PropertyValueSpecification","valueRequired":true,"valueName":"search_term_string"}}],"inLanguage":"es"},{"@type":"Organization","@id":"https:\/\/www.berger.ca\/es\/#organization","name":"Berger","url":"https:\/\/www.berger.ca\/es\/","logo":{"@type":"ImageObject","inLanguage":"es","@id":"https:\/\/www.berger.ca\/es\/#\/schema\/logo\/image\/","url":"https:\/\/www.berger.ca\/es\/wp-content\/uploads\/sites\/3\/2016\/07\/berger_logo_coul_seul.png","contentUrl":"https:\/\/www.berger.ca\/es\/wp-content\/uploads\/sites\/3\/2016\/07\/berger_logo_coul_seul.png","width":1257,"height":1156,"caption":"Berger"},"image":{"@id":"https:\/\/www.berger.ca\/es\/#\/schema\/logo\/image\/"},"sameAs":["https:\/\/www.facebook.com\/berger.ca\/","https:\/\/x.com\/berger_ca","https:\/\/www.instagram.com\/bergermixes\/","https:\/\/www.linkedin.com\/company\/berger-peat-moss-ltd-\/","https:\/\/www.pinterest.com\/bergerpeatmoss\/","https:\/\/www.youtube.com\/user\/tourbieresberger"]}]}},"_links":{"self":[{"href":"https:\/\/www.berger.ca\/es\/wp-json\/wp\/v2\/pages\/5561","targetHints":{"allow":["GET"]}}],"collection":[{"href":"https:\/\/www.berger.ca\/es\/wp-json\/wp\/v2\/pages"}],"about":[{"href":"https:\/\/www.berger.ca\/es\/wp-json\/wp\/v2\/types\/page"}],"author":[{"embeddable":true,"href":"https:\/\/www.berger.ca\/es\/wp-json\/wp\/v2\/users\/2"}],"replies":[{"embeddable":true,"href":"https:\/\/www.berger.ca\/es\/wp-json\/wp\/v2\/comments?post=5561"}],"version-history":[{"count":17,"href":"https:\/\/www.berger.ca\/es\/wp-json\/wp\/v2\/pages\/5561\/revisions"}],"predecessor-version":[{"id":5607,"href":"https:\/\/www.berger.ca\/es\/wp-json\/wp\/v2\/pages\/5561\/revisions\/5607"}],"up":[{"embeddable":true,"href":"https:\/\/www.berger.ca\/es\/wp-json\/wp\/v2\/pages\/267"}],"wp:attachment":[{"href":"https:\/\/www.berger.ca\/es\/wp-json\/wp\/v2\/media?parent=5561"}],"curies":[{"name":"wp","href":"https:\/\/api.w.org\/{rel}","templated":true}]}}