{"id":5670,"date":"2024-12-12T09:54:24","date_gmt":"2024-12-12T14:54:24","guid":{"rendered":"https:\/\/www.berger.ca\/es\/?page_id=5670"},"modified":"2025-03-07T16:17:33","modified_gmt":"2025-03-07T21:17:33","slug":"hydra-point-plant-grower","status":"publish","type":"page","link":"https:\/\/www.berger.ca\/es\/recursos-para-los-productores\/testimonios\/hydra-point-plant-grower\/","title":{"rendered":"Hydra Point Plant Grower"},"content":{"rendered":"<div class=\"wysiwyg-row\"><\/p>\n<p><div class=\"column-6\"><\/p>\n<p><img loading=\"lazy\" decoding=\"async\" src=\"https:\/\/www.berger.ca\/es\/wp-content\/uploads\/sites\/3\/2024\/12\/AP1A5423-scaled-e1733330014179-1024x695.jpg\" alt=\"Hydra-Point\" width=\"1024\" height=\"695\" class=\"alignleft size-large wp-image-5666\" srcset=\"https:\/\/www.berger.ca\/es\/wp-content\/uploads\/sites\/3\/2024\/12\/AP1A5423-scaled-e1733330014179-1024x695.jpg 1024w, https:\/\/www.berger.ca\/es\/wp-content\/uploads\/sites\/3\/2024\/12\/AP1A5423-scaled-e1733330014179-300x204.jpg 300w, https:\/\/www.berger.ca\/es\/wp-content\/uploads\/sites\/3\/2024\/12\/AP1A5423-scaled-e1733330014179-768x522.jpg 768w, https:\/\/www.berger.ca\/es\/wp-content\/uploads\/sites\/3\/2024\/12\/AP1A5423-scaled-e1733330014179-1536x1043.jpg 1536w, https:\/\/www.berger.ca\/es\/wp-content\/uploads\/sites\/3\/2024\/12\/AP1A5423-scaled-e1733330014179-2048x1391.jpg 2048w\" sizes=\"auto, (max-width: 1024px) 100vw, 1024px\" \/><\/p>\n<p><\/div><\/p>\n<p><div class=\"column-6\"><\/p>\n<h4><span style=\"color: #5d6333\">Hydra Point Plant Growers:<\/span><\/h4>\n<h2>La obtenci\u00f3n de continuidad y eficiencia con la mezcla BM5 Fibra natural y \u00e1ridos \u2014 Madera Super HP <\/h2>\n<p><strong>Ubicaci\u00f3n:<\/strong> Watsonville, CA<\/p>\n<p><strong>Superficie de cultivo:<\/strong> 85 acres<\/p>\n<p><strong>Cultivos cultivados:<\/strong> Nochebuenas, hortensias,  suculentas, crisantemos, palmeras<\/p>\n<p><\/div><\/p>\n<p><\/div>\n<div class=\"wysiwyg-row\"><\/p>\n<p><div class=\"column-6\"><\/p>\n<p>Cuando Tony Barcelo fund\u00f3 Hydra Point Plant Growers hace 11\u202fa\u00f1os, vio un potencial sin explotar y una oportunidad de aprovechar el legado de su familia en la horticultura. Aprovechando d\u00e9cadas de experiencia, cultivando s\u00f3lidas alianzas en el sector y centr\u00e1ndose en la eficiencia y el crecimiento, sent\u00f3 las bases del \u00e9xito. En la actualidad, Hydra Point se ha convertido en una empresa moderna y pr\u00f3spera. <strong>La empresa, que suministra plantas a grandes empresas como Costco, Dreams with Color, Tagawa Growers y Kawahara Nurseries, ha experimentado un crecimiento impresionante, con un crecimiento anual del 20% en los \u00faltimos cinco a\u00f1os. <\/strong><\/p>\n<p>Ubicada en Watsonville, California, Hydra Point abarca 85\u202facres con 1.1\u202fmillones de pies cuadrados de invernaderos climatizados, adem\u00e1s de arcos agr\u00edcolas e instalaciones para cultivo al aire libre. Desde nochebuenas y hortensias hasta suculentas, crisantemos de jard\u00edn y palmeras, son conocidos por sus cultivos de gran calidad que destacan en el sector. Berger se enorgullece de haber contribuido a su \u00e9xito con medios de cultivo confiables que les ayudan a ofrecer la calidad por la que son conocidos.<br \/>\n<\/div><\/p>\n<p><div class=\"column-6\"><\/p>\n<p><img loading=\"lazy\" decoding=\"async\" src=\"https:\/\/www.berger.ca\/es\/wp-content\/uploads\/sites\/3\/2024\/12\/AP1A5528-scaled-e1733334467274-826x1024.jpg\" alt=\"Hydra-Point\" width=\"826\" height=\"1024\" class=\"alignleft size-large wp-image-5669\" srcset=\"https:\/\/www.berger.ca\/es\/wp-content\/uploads\/sites\/3\/2024\/12\/AP1A5528-scaled-e1733334467274-826x1024.jpg 826w, https:\/\/www.berger.ca\/es\/wp-content\/uploads\/sites\/3\/2024\/12\/AP1A5528-scaled-e1733334467274-242x300.jpg 242w, https:\/\/www.berger.ca\/es\/wp-content\/uploads\/sites\/3\/2024\/12\/AP1A5528-scaled-e1733334467274-768x952.jpg 768w, https:\/\/www.berger.ca\/es\/wp-content\/uploads\/sites\/3\/2024\/12\/AP1A5528-scaled-e1733334467274-1239x1536.jpg 1239w, https:\/\/www.berger.ca\/es\/wp-content\/uploads\/sites\/3\/2024\/12\/AP1A5528-scaled-e1733334467274.jpg 1634w\" sizes=\"auto, (max-width: 826px) 100vw, 826px\" \/><br \/>\n<\/div><br \/>\n<\/div>\n<h3>C\u00f3mo BM5 Fibra natural y agregados \u2014 Madera HP mejora la eficacia y el crecimiento de Hydra Point<\/h3>\n<p>Desde que cambi\u00f3 a la mezcla BM5 Super HP de Berger, Hydra Point ha obtenido extraordinarios resultados de manera consistente. Como se\u00f1ala su propietario Tony Barcelo, \u201cla calidad constante elimina variables que pueden provocar otros problemas en el vivero\u201d. La mezcla BM5 fluye sin problemas a trav\u00e9s del equipo, llenando r\u00e1pidamente los contenedores y facilitando el trasplante directo de esquejes grandes a macetas m\u00e1s grandes. \u201cHay una ventaja adicional en poder utilizar cinta de riego por goteo, ya que el agua se distribuye de manera \u00f3ptima en la mezcla. No hay canalizaci\u00f3n, por lo que no se necesita riego por aspersi\u00f3n. El agua se distribuye de manera uniforme, reteni\u00e9ndose y liber\u00e1ndose cuando hace falta. En general, se necesita menos agua y menos riego\u201d. Esto genera menores costos de agua y mano de obra, adem\u00e1s de una reducci\u00f3n en el uso de productos qu\u00edmicos, como fungicidas. \u201cEl BM5 Super HP nos ha permitido cultivar muchos de nuestros productos m\u00e1s r\u00e1pido\u201d.   <\/p>\n<p>Barcelo valora la calidad de la turba y su consistencia. \u201cCada paso que Berger toma en sus procesos se nota en el producto final. Y as\u00ed genera varias eficiencias y ventajas para mi negocio\u201d, afirma. \u201cEl mayor desaf\u00edo con el BM5 fue volver a capacitar a los regadores y al personal encargado de la preparaci\u00f3n del sustrato para a\u00f1adir la cantidad correcta de agua mientras se esponjaban las pacas para asegurar un rendimiento m\u00e1ximo \u00f3ptimo\u201d.   <\/p>\n<div class=\"wysiwyg-quotes\"><\/p>\n<p>Vivimos en tiempos muy turbulentos, en un mundo de cambios constantes y, a veces, radicales. Como productor, tienes que ser constante, y eso comienza con tus proveedores. Berger es uno de los proveedores de mejor desempe\u00f1o en el mercado<\/p>\n<p>\u2013 Tony Barcelo, propietario<\/p>\n<p><\/div>\n<p><span style=\"color: #f2f1e6\">&#8211;<\/span><\/p>\n<p><span style=\"color: #f2f1e6\">&#8211;<\/span><\/p>\n<p><img loading=\"lazy\" decoding=\"async\" src=\"https:\/\/www.berger.ca\/es\/wp-content\/uploads\/sites\/3\/2024\/12\/AP1A5439-scaled-e1733331852737-1024x470.jpg\" alt=\"Poinsettias\" width=\"1024\" height=\"470\" class=\"alignleft size-large wp-image-5667\" srcset=\"https:\/\/www.berger.ca\/es\/wp-content\/uploads\/sites\/3\/2024\/12\/AP1A5439-scaled-e1733331852737-1024x470.jpg 1024w, https:\/\/www.berger.ca\/es\/wp-content\/uploads\/sites\/3\/2024\/12\/AP1A5439-scaled-e1733331852737-300x138.jpg 300w, https:\/\/www.berger.ca\/es\/wp-content\/uploads\/sites\/3\/2024\/12\/AP1A5439-scaled-e1733331852737-768x352.jpg 768w, https:\/\/www.berger.ca\/es\/wp-content\/uploads\/sites\/3\/2024\/12\/AP1A5439-scaled-e1733331852737-1536x705.jpg 1536w, https:\/\/www.berger.ca\/es\/wp-content\/uploads\/sites\/3\/2024\/12\/AP1A5439-scaled-e1733331852737.jpg 1706w\" sizes=\"auto, (max-width: 1024px) 100vw, 1024px\" \/><\/p>\n<p><span style=\"color: #f2f1e6\">&#8211;<\/span><\/p>\n<h2>Centrados Orientados hacia en las asociaciones: Un enfoque colaborativo del para el crecimiento<\/h2>\n<p>Gracias al apoyo personalizado del equipo de Berger, Hydra Point ha podido optimizar ininterrumpidamente sus procesos de cultivo con el paso de los a\u00f1os. \u201cPara poder satisfacer las demandas del mercado, debemos tener una cadena de suministro segura, con ingredientes de calidad que nos permitan cultivar productos de la mejor calidad\u201d, enfatiza Barcelo. Gracias a la confiabilidad y gran calidad de los productos de Berger, Hydra Point puede concentrarse en suministrar plantas excepcionales y satisfacer con confianza las demandas del mercado, sabiendo que sus operaciones funcionan sin problemas y con eficacia.  <\/p>\n<p><span style=\"color: #f2f1e6\">&#8211;<\/span><\/p>\n<p><a class=\"link\" href=\"https:\/\/www.berger.ca\/es\/productos\/bm5-fibra-natural-madera-super-hp\/\" target=\"_blank\" rel=\"noopener\">Conozca m\u00e1s sobre BM5 Fibra natural y \u00e1ridos \u2014 Madera Super HP<\/a><\/p>\n","protected":false},"excerpt":{"rendered":"<p>C\u00f3mo BM5 Fibra natural y agregados \u2014 Madera HP mejora la eficacia y el crecimiento de Hydra Point Desde que cambi\u00f3 a la mezcla BM5 Super HP de Berger, Hydra Point ha obtenido extraordinarios resultados de manera consistente. Como se\u00f1ala su propietario Tony Barcelo, \u201cla calidad constante elimina variables que pueden provocar otros problemas en el vivero\u201d. La mezcla BM5 fluye sin problemas a trav\u00e9s del equipo, llenando r\u00e1pidamente los contenedores y facilitando el trasplante directo de esquejes grandes a macetas m\u00e1s grandes. \u201cHay una ventaja adicional en poder utilizar cinta de riego por goteo, ya que el agua se distribuye de manera \u00f3ptima en la mezcla. No hay canalizaci\u00f3n, por lo que no se necesita riego por aspersi\u00f3n. El agua se distribuye de manera uniforme, reteni\u00e9ndose y liber\u00e1ndose cuando hace falta. En general, se necesita menos agua y menos [&hellip;]<\/p>\n","protected":false},"author":3,"featured_media":0,"parent":275,"menu_order":0,"comment_status":"closed","ping_status":"closed","template":"","meta":{"_acf_changed":false,"footnotes":""},"class_list":["post-5670","page","type-page","status-publish","hentry"],"acf":[],"yoast_head":"<!-- This site is optimized with the Yoast SEO plugin v27.3 - https:\/\/yoast.com\/product\/yoast-seo-wordpress\/ -->\n<title>Hydra Point Plant Grower - Berger - ES<\/title>\n<meta name=\"description\" content=\"Cuando Tony Barcelo fund\u00f3 Hydra Point Plant Growers hace 11\u202fa\u00f1os, vio un potencial sin explotar y una oportunidad de aprovechar el legado\" \/>\n<meta name=\"robots\" content=\"index, follow, max-snippet:-1, max-image-preview:large, max-video-preview:-1\" \/>\n<link rel=\"canonical\" href=\"https:\/\/www.berger.ca\/es\/recursos-para-los-productores\/testimonios\/hydra-point-plant-grower\/\" \/>\n<meta property=\"og:locale\" content=\"es_ES\" \/>\n<meta property=\"og:type\" content=\"article\" \/>\n<meta property=\"og:title\" content=\"Hydra Point Plant Grower - Berger - ES\" \/>\n<meta property=\"og:description\" content=\"Cuando Tony Barcelo fund\u00f3 Hydra Point Plant Growers hace 11\u202fa\u00f1os, vio un potencial sin explotar y una oportunidad de aprovechar el legado\" \/>\n<meta property=\"og:url\" content=\"https:\/\/www.berger.ca\/es\/recursos-para-los-productores\/testimonios\/hydra-point-plant-grower\/\" \/>\n<meta property=\"og:site_name\" content=\"Berger - ES\" \/>\n<meta property=\"article:publisher\" content=\"https:\/\/www.facebook.com\/berger.ca\/\" \/>\n<meta property=\"article:modified_time\" content=\"2025-03-07T21:17:33+00:00\" \/>\n<meta property=\"og:image\" content=\"https:\/\/www.berger.ca\/es\/wp-content\/uploads\/sites\/3\/2024\/12\/AP1A5423-scaled-e1733330014179.jpg\" \/>\n\t<meta property=\"og:image:width\" content=\"2141\" \/>\n\t<meta property=\"og:image:height\" content=\"1454\" \/>\n\t<meta property=\"og:image:type\" content=\"image\/jpeg\" \/>\n<meta name=\"twitter:card\" content=\"summary_large_image\" \/>\n<meta name=\"twitter:site\" content=\"@berger_ca\" \/>\n<meta name=\"twitter:label1\" content=\"Tiempo de lectura\" \/>\n\t<meta name=\"twitter:data1\" content=\"4 minutos\" \/>\n<script type=\"application\/ld+json\" class=\"yoast-schema-graph\">{\"@context\":\"https:\\\/\\\/schema.org\",\"@graph\":[{\"@type\":\"WebPage\",\"@id\":\"https:\\\/\\\/www.berger.ca\\\/es\\\/recursos-para-los-productores\\\/testimonios\\\/hydra-point-plant-grower\\\/\",\"url\":\"https:\\\/\\\/www.berger.ca\\\/es\\\/recursos-para-los-productores\\\/testimonios\\\/hydra-point-plant-grower\\\/\",\"name\":\"Hydra Point Plant Grower - Berger - ES\",\"isPartOf\":{\"@id\":\"https:\\\/\\\/www.berger.ca\\\/es\\\/#website\"},\"primaryImageOfPage\":{\"@id\":\"https:\\\/\\\/www.berger.ca\\\/es\\\/recursos-para-los-productores\\\/testimonios\\\/hydra-point-plant-grower\\\/#primaryimage\"},\"image\":{\"@id\":\"https:\\\/\\\/www.berger.ca\\\/es\\\/recursos-para-los-productores\\\/testimonios\\\/hydra-point-plant-grower\\\/#primaryimage\"},\"thumbnailUrl\":\"https:\\\/\\\/www.berger.ca\\\/es\\\/wp-content\\\/uploads\\\/sites\\\/3\\\/2024\\\/12\\\/AP1A5423-scaled-e1733330014179-1024x695.jpg\",\"datePublished\":\"2024-12-12T14:54:24+00:00\",\"dateModified\":\"2025-03-07T21:17:33+00:00\",\"description\":\"Cuando Tony Barcelo fund\u00f3 Hydra Point Plant Growers hace 11\u202fa\u00f1os, vio un potencial sin explotar y una oportunidad de aprovechar el legado\",\"breadcrumb\":{\"@id\":\"https:\\\/\\\/www.berger.ca\\\/es\\\/recursos-para-los-productores\\\/testimonios\\\/hydra-point-plant-grower\\\/#breadcrumb\"},\"inLanguage\":\"es\",\"potentialAction\":[{\"@type\":\"ReadAction\",\"target\":[\"https:\\\/\\\/www.berger.ca\\\/es\\\/recursos-para-los-productores\\\/testimonios\\\/hydra-point-plant-grower\\\/\"]}]},{\"@type\":\"ImageObject\",\"inLanguage\":\"es\",\"@id\":\"https:\\\/\\\/www.berger.ca\\\/es\\\/recursos-para-los-productores\\\/testimonios\\\/hydra-point-plant-grower\\\/#primaryimage\",\"url\":\"https:\\\/\\\/www.berger.ca\\\/es\\\/wp-content\\\/uploads\\\/sites\\\/3\\\/2024\\\/12\\\/AP1A5423-scaled-e1733330014179.jpg\",\"contentUrl\":\"https:\\\/\\\/www.berger.ca\\\/es\\\/wp-content\\\/uploads\\\/sites\\\/3\\\/2024\\\/12\\\/AP1A5423-scaled-e1733330014179.jpg\",\"width\":2141,\"height\":1454,\"caption\":\"Hydra-Point\"},{\"@type\":\"BreadcrumbList\",\"@id\":\"https:\\\/\\\/www.berger.ca\\\/es\\\/recursos-para-los-productores\\\/testimonios\\\/hydra-point-plant-grower\\\/#breadcrumb\",\"itemListElement\":[{\"@type\":\"ListItem\",\"position\":1,\"name\":\"Recursos para los productores\",\"item\":\"https:\\\/\\\/www.berger.ca\\\/es\\\/recursos-para-los-productores\\\/\"},{\"@type\":\"ListItem\",\"position\":2,\"name\":\"Testimonios\",\"item\":\"https:\\\/\\\/www.berger.ca\\\/es\\\/recursos-para-los-productores\\\/testimonios\\\/\"},{\"@type\":\"ListItem\",\"position\":3,\"name\":\"Hydra Point Plant Grower\"}]},{\"@type\":\"WebSite\",\"@id\":\"https:\\\/\\\/www.berger.ca\\\/es\\\/#website\",\"url\":\"https:\\\/\\\/www.berger.ca\\\/es\\\/\",\"name\":\"Berger - ES\",\"description\":\"Un site utilisant Sites Berger\",\"publisher\":{\"@id\":\"https:\\\/\\\/www.berger.ca\\\/es\\\/#organization\"},\"potentialAction\":[{\"@type\":\"SearchAction\",\"target\":{\"@type\":\"EntryPoint\",\"urlTemplate\":\"https:\\\/\\\/www.berger.ca\\\/es\\\/?s={search_term_string}\"},\"query-input\":{\"@type\":\"PropertyValueSpecification\",\"valueRequired\":true,\"valueName\":\"search_term_string\"}}],\"inLanguage\":\"es\"},{\"@type\":\"Organization\",\"@id\":\"https:\\\/\\\/www.berger.ca\\\/es\\\/#organization\",\"name\":\"Berger\",\"url\":\"https:\\\/\\\/www.berger.ca\\\/es\\\/\",\"logo\":{\"@type\":\"ImageObject\",\"inLanguage\":\"es\",\"@id\":\"https:\\\/\\\/www.berger.ca\\\/es\\\/#\\\/schema\\\/logo\\\/image\\\/\",\"url\":\"https:\\\/\\\/www.berger.ca\\\/es\\\/wp-content\\\/uploads\\\/sites\\\/3\\\/2016\\\/07\\\/berger_logo_coul_seul.png\",\"contentUrl\":\"https:\\\/\\\/www.berger.ca\\\/es\\\/wp-content\\\/uploads\\\/sites\\\/3\\\/2016\\\/07\\\/berger_logo_coul_seul.png\",\"width\":1257,\"height\":1156,\"caption\":\"Berger\"},\"image\":{\"@id\":\"https:\\\/\\\/www.berger.ca\\\/es\\\/#\\\/schema\\\/logo\\\/image\\\/\"},\"sameAs\":[\"https:\\\/\\\/www.facebook.com\\\/berger.ca\\\/\",\"https:\\\/\\\/x.com\\\/berger_ca\",\"https:\\\/\\\/www.instagram.com\\\/bergermixes\\\/\",\"https:\\\/\\\/www.linkedin.com\\\/company\\\/berger-peat-moss-ltd-\\\/\",\"https:\\\/\\\/www.pinterest.com\\\/bergerpeatmoss\\\/\",\"https:\\\/\\\/www.youtube.com\\\/user\\\/tourbieresberger\"]}]}<\/script>\n<!-- \/ Yoast SEO plugin. -->","yoast_head_json":{"title":"Hydra Point Plant Grower - Berger - ES","description":"Cuando Tony Barcelo fund\u00f3 Hydra Point Plant Growers hace 11\u202fa\u00f1os, vio un potencial sin explotar y una oportunidad de aprovechar el legado","robots":{"index":"index","follow":"follow","max-snippet":"max-snippet:-1","max-image-preview":"max-image-preview:large","max-video-preview":"max-video-preview:-1"},"canonical":"https:\/\/www.berger.ca\/es\/recursos-para-los-productores\/testimonios\/hydra-point-plant-grower\/","og_locale":"es_ES","og_type":"article","og_title":"Hydra Point Plant Grower - Berger - ES","og_description":"Cuando Tony Barcelo fund\u00f3 Hydra Point Plant Growers hace 11\u202fa\u00f1os, vio un potencial sin explotar y una oportunidad de aprovechar el legado","og_url":"https:\/\/www.berger.ca\/es\/recursos-para-los-productores\/testimonios\/hydra-point-plant-grower\/","og_site_name":"Berger - ES","article_publisher":"https:\/\/www.facebook.com\/berger.ca\/","article_modified_time":"2025-03-07T21:17:33+00:00","og_image":[{"width":2141,"height":1454,"url":"https:\/\/www.berger.ca\/es\/wp-content\/uploads\/sites\/3\/2024\/12\/AP1A5423-scaled-e1733330014179.jpg","type":"image\/jpeg"}],"twitter_card":"summary_large_image","twitter_site":"@berger_ca","twitter_misc":{"Tiempo de lectura":"4 minutos"},"schema":{"@context":"https:\/\/schema.org","@graph":[{"@type":"WebPage","@id":"https:\/\/www.berger.ca\/es\/recursos-para-los-productores\/testimonios\/hydra-point-plant-grower\/","url":"https:\/\/www.berger.ca\/es\/recursos-para-los-productores\/testimonios\/hydra-point-plant-grower\/","name":"Hydra Point Plant Grower - Berger - ES","isPartOf":{"@id":"https:\/\/www.berger.ca\/es\/#website"},"primaryImageOfPage":{"@id":"https:\/\/www.berger.ca\/es\/recursos-para-los-productores\/testimonios\/hydra-point-plant-grower\/#primaryimage"},"image":{"@id":"https:\/\/www.berger.ca\/es\/recursos-para-los-productores\/testimonios\/hydra-point-plant-grower\/#primaryimage"},"thumbnailUrl":"https:\/\/www.berger.ca\/es\/wp-content\/uploads\/sites\/3\/2024\/12\/AP1A5423-scaled-e1733330014179-1024x695.jpg","datePublished":"2024-12-12T14:54:24+00:00","dateModified":"2025-03-07T21:17:33+00:00","description":"Cuando Tony Barcelo fund\u00f3 Hydra Point Plant Growers hace 11\u202fa\u00f1os, vio un potencial sin explotar y una oportunidad de aprovechar el legado","breadcrumb":{"@id":"https:\/\/www.berger.ca\/es\/recursos-para-los-productores\/testimonios\/hydra-point-plant-grower\/#breadcrumb"},"inLanguage":"es","potentialAction":[{"@type":"ReadAction","target":["https:\/\/www.berger.ca\/es\/recursos-para-los-productores\/testimonios\/hydra-point-plant-grower\/"]}]},{"@type":"ImageObject","inLanguage":"es","@id":"https:\/\/www.berger.ca\/es\/recursos-para-los-productores\/testimonios\/hydra-point-plant-grower\/#primaryimage","url":"https:\/\/www.berger.ca\/es\/wp-content\/uploads\/sites\/3\/2024\/12\/AP1A5423-scaled-e1733330014179.jpg","contentUrl":"https:\/\/www.berger.ca\/es\/wp-content\/uploads\/sites\/3\/2024\/12\/AP1A5423-scaled-e1733330014179.jpg","width":2141,"height":1454,"caption":"Hydra-Point"},{"@type":"BreadcrumbList","@id":"https:\/\/www.berger.ca\/es\/recursos-para-los-productores\/testimonios\/hydra-point-plant-grower\/#breadcrumb","itemListElement":[{"@type":"ListItem","position":1,"name":"Recursos para los productores","item":"https:\/\/www.berger.ca\/es\/recursos-para-los-productores\/"},{"@type":"ListItem","position":2,"name":"Testimonios","item":"https:\/\/www.berger.ca\/es\/recursos-para-los-productores\/testimonios\/"},{"@type":"ListItem","position":3,"name":"Hydra Point Plant Grower"}]},{"@type":"WebSite","@id":"https:\/\/www.berger.ca\/es\/#website","url":"https:\/\/www.berger.ca\/es\/","name":"Berger - ES","description":"Un site utilisant Sites Berger","publisher":{"@id":"https:\/\/www.berger.ca\/es\/#organization"},"potentialAction":[{"@type":"SearchAction","target":{"@type":"EntryPoint","urlTemplate":"https:\/\/www.berger.ca\/es\/?s={search_term_string}"},"query-input":{"@type":"PropertyValueSpecification","valueRequired":true,"valueName":"search_term_string"}}],"inLanguage":"es"},{"@type":"Organization","@id":"https:\/\/www.berger.ca\/es\/#organization","name":"Berger","url":"https:\/\/www.berger.ca\/es\/","logo":{"@type":"ImageObject","inLanguage":"es","@id":"https:\/\/www.berger.ca\/es\/#\/schema\/logo\/image\/","url":"https:\/\/www.berger.ca\/es\/wp-content\/uploads\/sites\/3\/2016\/07\/berger_logo_coul_seul.png","contentUrl":"https:\/\/www.berger.ca\/es\/wp-content\/uploads\/sites\/3\/2016\/07\/berger_logo_coul_seul.png","width":1257,"height":1156,"caption":"Berger"},"image":{"@id":"https:\/\/www.berger.ca\/es\/#\/schema\/logo\/image\/"},"sameAs":["https:\/\/www.facebook.com\/berger.ca\/","https:\/\/x.com\/berger_ca","https:\/\/www.instagram.com\/bergermixes\/","https:\/\/www.linkedin.com\/company\/berger-peat-moss-ltd-\/","https:\/\/www.pinterest.com\/bergerpeatmoss\/","https:\/\/www.youtube.com\/user\/tourbieresberger"]}]}},"_links":{"self":[{"href":"https:\/\/www.berger.ca\/es\/wp-json\/wp\/v2\/pages\/5670","targetHints":{"allow":["GET"]}}],"collection":[{"href":"https:\/\/www.berger.ca\/es\/wp-json\/wp\/v2\/pages"}],"about":[{"href":"https:\/\/www.berger.ca\/es\/wp-json\/wp\/v2\/types\/page"}],"author":[{"embeddable":true,"href":"https:\/\/www.berger.ca\/es\/wp-json\/wp\/v2\/users\/3"}],"replies":[{"embeddable":true,"href":"https:\/\/www.berger.ca\/es\/wp-json\/wp\/v2\/comments?post=5670"}],"version-history":[{"count":9,"href":"https:\/\/www.berger.ca\/es\/wp-json\/wp\/v2\/pages\/5670\/revisions"}],"predecessor-version":[{"id":5744,"href":"https:\/\/www.berger.ca\/es\/wp-json\/wp\/v2\/pages\/5670\/revisions\/5744"}],"up":[{"embeddable":true,"href":"https:\/\/www.berger.ca\/es\/wp-json\/wp\/v2\/pages\/275"}],"wp:attachment":[{"href":"https:\/\/www.berger.ca\/es\/wp-json\/wp\/v2\/media?parent=5670"}],"curies":[{"name":"wp","href":"https:\/\/api.w.org\/{rel}","templated":true}]}}