{"id":5677,"date":"2024-12-12T09:55:43","date_gmt":"2024-12-12T14:55:43","guid":{"rendered":"https:\/\/www.berger.ca\/es\/?page_id=5677"},"modified":"2024-12-12T09:55:43","modified_gmt":"2024-12-12T14:55:43","slug":"green-valley-greenhouse","status":"publish","type":"page","link":"https:\/\/www.berger.ca\/es\/recursos-para-los-productores\/testimonios\/green-valley-greenhouse\/","title":{"rendered":"Green Valley Greenhouse"},"content":{"rendered":"<div class=\"wysiwyg-row\"><\/p>\n<p><div class=\"column-6\"><\/p>\n<p><img loading=\"lazy\" decoding=\"async\" class=\"alignleft size-large wp-image-5679\" src=\"https:\/\/www.berger.ca\/es\/wp-content\/uploads\/sites\/3\/2024\/12\/IMG_1634_2-scaled-e1733344215473-1024x672.jpg\" alt=\"Green Valley Greenhouse\" width=\"1024\" height=\"672\" srcset=\"https:\/\/www.berger.ca\/es\/wp-content\/uploads\/sites\/3\/2024\/12\/IMG_1634_2-scaled-e1733344215473-1024x672.jpg 1024w, https:\/\/www.berger.ca\/es\/wp-content\/uploads\/sites\/3\/2024\/12\/IMG_1634_2-scaled-e1733344215473-300x197.jpg 300w, https:\/\/www.berger.ca\/es\/wp-content\/uploads\/sites\/3\/2024\/12\/IMG_1634_2-scaled-e1733344215473-768x504.jpg 768w, https:\/\/www.berger.ca\/es\/wp-content\/uploads\/sites\/3\/2024\/12\/IMG_1634_2-scaled-e1733344215473-1536x1008.jpg 1536w, https:\/\/www.berger.ca\/es\/wp-content\/uploads\/sites\/3\/2024\/12\/IMG_1634_2-scaled-e1733344215473.jpg 1873w\" sizes=\"auto, (max-width: 1024px) 100vw, 1024px\" \/><\/p>\n<p><\/div><\/p>\n<p><div class=\"column-6\"><\/p>\n<h4><span style=\"color: #5d6333\">Green Valley Greenhouse:<\/span><\/h4>\n<h2>Un legado de crecimiento e innovaci\u00f3n <\/h2>\n<p><strong>Ubicaci\u00f3n:<\/strong> Ramsey, MN<\/p>\n<p><strong>Superficie de cultivo:<\/strong> 35 acres<\/p>\n<p><strong>Cultivos cultivados:<\/strong> Anuales de primavera, hortensias, crisantemos, flores de Nochebuena<\/p>\n<p><\/div><\/p>\n<p><\/div>\n<div class=\"wysiwyg-row\"><\/p>\n<p><div class=\"column-6\"><\/p>\n<p>Green Valley Greenhouse se ha dedicado por m\u00e1s de 40 a\u00f1os al cultivo e innovaci\u00f3n, hasta convertirse en uno de los cultivadores m\u00e1s importantes de la regi\u00f3n central de Estados Unidos. Desde 1977, ha construido una operaci\u00f3n pr\u00f3spera que ahora abarca m\u00e1s de 14 hect\u00e1reas (141,640 m2), mismos que incluyen tanto sus operaciones en interiores como en exteriores. Con sede en Ramsey, Minnesota, Green Valley se especializa en una amplia variedad de cultivos, lo que incluye plantas anuales de primavera, as\u00ed como hortensias, crisantemos y flores de Nochebuena en maceta, para proveer a los grandes almacenes minoristas de la regi\u00f3n centro norte de Estados Unidos, adem\u00e1s de la venta directa a los consumidores a trav\u00e9s de su propia tienda de jardiner\u00eda.  <\/p>\n<p>Desde el 2016, Green Valley Greenhouse utiliza la mezcla BM4 Fibra natural &#8211; Madera HP de Berger, lo cual constituy\u00f3 un cambio que mejor\u00f3 significativamente la eficiencia y la calidad de sus operaciones. Antes, su medio de cultivo se secaba demasiado r\u00e1pido y carec\u00eda de la estructura necesaria para promover el desarrollo de ra\u00edces fuertes.  <strong>\u00abAhora, cada producto se cultiva usando el BM4 NF HP\u00bb, afirma el jefe de producci\u00f3n Andrew Butler.<\/strong> La versatilidad de esta mezcla les ha permitido usarla en todos sus cultivos, entre los que se incluye mucha producci\u00f3n en contenedores grandes. Butler tambi\u00e9n dice que la consistencia que Berger ofrece ha hecho toda la diferencia: \u201cSabemos exactamente qu\u00e9 esperar en cada estaci\u00f3n\u201d. Cambiar a la mezcla BM4 les ha proporcionado, adem\u00e1s de confiabilidad, una mejor retenci\u00f3n de agua y mejor aireaci\u00f3n, lo que se traduce en tener que regar con menor frecuencia y en un mejor desarrollo de las ra\u00edces.  <\/p>\n<p><\/div><\/p>\n<p><div class=\"column-6\"><\/p>\n<p><img loading=\"lazy\" decoding=\"async\" class=\"alignleft size-large wp-image-5678\" src=\"https:\/\/www.berger.ca\/es\/wp-content\/uploads\/sites\/3\/2024\/12\/GroupShot_2-scaled-1-1024x949.jpg\" alt=\"Green Valley Greenhouse\" width=\"1024\" height=\"949\" srcset=\"https:\/\/www.berger.ca\/es\/wp-content\/uploads\/sites\/3\/2024\/12\/GroupShot_2-scaled-1-1024x949.jpg 1024w, https:\/\/www.berger.ca\/es\/wp-content\/uploads\/sites\/3\/2024\/12\/GroupShot_2-scaled-1-300x278.jpg 300w, https:\/\/www.berger.ca\/es\/wp-content\/uploads\/sites\/3\/2024\/12\/GroupShot_2-scaled-1-768x712.jpg 768w, https:\/\/www.berger.ca\/es\/wp-content\/uploads\/sites\/3\/2024\/12\/GroupShot_2-scaled-1-1536x1424.jpg 1536w, https:\/\/www.berger.ca\/es\/wp-content\/uploads\/sites\/3\/2024\/12\/GroupShot_2-scaled-1-2048x1898.jpg 2048w\" sizes=\"auto, (max-width: 1024px) 100vw, 1024px\" \/><\/p>\n<p><\/div><br \/>\n<\/div>\n<h3>Fibra de madera: Un cambio decisivo para Green Valley <\/h3>\n<p>La inclusi\u00f3n de fibra de madera en la mezcla BM4 Fibra natural &#8211; Madera HP ha sido un beneficio importante para Green Valley, tanto en el rendimiento de las plantas como en t\u00e9rminos de sustentabilidad. La fibra de madera mejora la distribuci\u00f3n del agua por toda la mezcla, produciendo un desarrollo m\u00e1s homog\u00e9neo de la planta. Por lo tanto, ellos han visto un enraizamiento m\u00e1s veloz y un desarrollo m\u00e1s saludable de las plantas. Esto ha permitido una producci\u00f3n m\u00e1s eficiente en todos los tipos de cultivo.  <\/p>\n<div class=\"wysiwyg-quotes\"><\/p>\n<p>El control de calidad de Berger es incomparable. La mezcla BM4 NF HP, especialmente para contenedores m\u00e1s grandes, ofrece la estructura correcta y necesaria para un desarrollo \u00f3ptimo, lo cual es ideal para satisfacer nuestras necesidades.<\/p>\n<p>&#8211; Andrew Butler, jefe de producci\u00f3n<\/p>\n<p><\/div>\n<p><span style=\"color: #f2f1e6\">&#8211;<\/span><\/p>\n<p><span style=\"color: #f2f1e6\">&#8211;<\/span><\/p>\n<p><img loading=\"lazy\" decoding=\"async\" class=\"alignleft wp-image-5680 size-full\" src=\"https:\/\/www.berger.ca\/es\/wp-content\/uploads\/sites\/3\/2024\/12\/IMG_2297-scaled-e1733344369208.jpg\" alt=\"Green Valley Greenhouse\" width=\"2560\" height=\"1288\" srcset=\"https:\/\/www.berger.ca\/es\/wp-content\/uploads\/sites\/3\/2024\/12\/IMG_2297-scaled-e1733344369208.jpg 2560w, https:\/\/www.berger.ca\/es\/wp-content\/uploads\/sites\/3\/2024\/12\/IMG_2297-scaled-e1733344369208-300x151.jpg 300w, https:\/\/www.berger.ca\/es\/wp-content\/uploads\/sites\/3\/2024\/12\/IMG_2297-scaled-e1733344369208-1024x515.jpg 1024w, https:\/\/www.berger.ca\/es\/wp-content\/uploads\/sites\/3\/2024\/12\/IMG_2297-scaled-e1733344369208-768x386.jpg 768w, https:\/\/www.berger.ca\/es\/wp-content\/uploads\/sites\/3\/2024\/12\/IMG_2297-scaled-e1733344369208-1536x773.jpg 1536w, https:\/\/www.berger.ca\/es\/wp-content\/uploads\/sites\/3\/2024\/12\/IMG_2297-scaled-e1733344369208-2048x1030.jpg 2048w\" sizes=\"auto, (max-width: 2560px) 100vw, 2560px\" \/><\/p>\n<p><span style=\"color: #f2f1e6\">&#8211;<\/span><\/p>\n<div class=\"wysiwyg-row\"><\/div>\n<h2>Una colaboraci\u00f3n fiable para que logros sigan creciendo <\/h2>\n<p>Green Valley Greenhouse valora enormemente su alianza con Berger, debido al apoyo y compromiso con la calidad excepcionales de su equipo. Han descubierto que Berger proporciona de manera constante el mismo alto rendimiento, a\u00f1o tras a\u00f1o, independientemente del lugar donde se produzca; lo cual les da la confiabilidad y la seguridad que requieren en sus operaciones de cultivo.  <\/p>\n<p><span style=\"color: #f2f1e6\">&#8211;<\/span><\/p>\n<p><a class=\"link\" href=\"https:\/\/www.berger.ca\/es\/productos\/bm4-nf-wood-hp\/\" target=\"_blank\" rel=\"noopener\">Conozca m\u00e1s sobre BM4 Fibra Natural \u2013 Madera HP<\/a><\/p>\n","protected":false},"excerpt":{"rendered":"<p>Fibra de madera: Un cambio decisivo para Green Valley La inclusi\u00f3n de fibra de madera en la mezcla BM4 Fibra natural &#8211; Madera HP ha sido un beneficio importante para Green Valley, tanto en el rendimiento de las plantas como en t\u00e9rminos de sustentabilidad. La fibra de madera mejora la distribuci\u00f3n del agua por toda la mezcla, produciendo un desarrollo m\u00e1s homog\u00e9neo de la planta. Por lo tanto, ellos han visto un enraizamiento m\u00e1s veloz y un desarrollo m\u00e1s saludable de las plantas. Esto ha permitido una producci\u00f3n m\u00e1s eficiente en todos los tipos de cultivo. &#8211; &#8211; &#8211; Una colaboraci\u00f3n fiable para que logros sigan creciendo Green Valley Greenhouse valora enormemente su alianza con Berger, debido al apoyo y compromiso con la calidad excepcionales de su equipo. Han descubierto que Berger proporciona de manera constante el mismo alto rendimiento, [&hellip;]<\/p>\n","protected":false},"author":3,"featured_media":0,"parent":275,"menu_order":0,"comment_status":"closed","ping_status":"closed","template":"","meta":{"_acf_changed":false,"footnotes":""},"class_list":["post-5677","page","type-page","status-publish","hentry"],"acf":[],"yoast_head":"<!-- This site is optimized with the Yoast SEO plugin v27.3 - https:\/\/yoast.com\/product\/yoast-seo-wordpress\/ -->\n<title>Green Valley Greenhouse - Berger - ES<\/title>\n<meta name=\"description\" content=\"Green Valley Greenhouse se ha dedicado por m\u00e1s de 40 a\u00f1os al cultivo e innovaci\u00f3n, hasta convertirse en uno de los cultivadores\" \/>\n<meta name=\"robots\" content=\"index, follow, max-snippet:-1, max-image-preview:large, max-video-preview:-1\" \/>\n<link rel=\"canonical\" href=\"https:\/\/www.berger.ca\/es\/recursos-para-los-productores\/testimonios\/green-valley-greenhouse\/\" \/>\n<meta property=\"og:locale\" content=\"es_ES\" \/>\n<meta property=\"og:type\" content=\"article\" \/>\n<meta property=\"og:title\" content=\"Green Valley Greenhouse - Berger - ES\" \/>\n<meta property=\"og:description\" content=\"Green Valley Greenhouse se ha dedicado por m\u00e1s de 40 a\u00f1os al cultivo e innovaci\u00f3n, hasta convertirse en uno de los cultivadores\" \/>\n<meta property=\"og:url\" content=\"https:\/\/www.berger.ca\/es\/recursos-para-los-productores\/testimonios\/green-valley-greenhouse\/\" \/>\n<meta property=\"og:site_name\" content=\"Berger - ES\" \/>\n<meta property=\"article:publisher\" content=\"https:\/\/www.facebook.com\/berger.ca\/\" \/>\n<meta property=\"og:image\" content=\"https:\/\/www.berger.ca\/es\/wp-content\/uploads\/sites\/3\/2024\/12\/IMG_1634_2-scaled-e1733344215473.jpg\" \/>\n\t<meta property=\"og:image:width\" content=\"1873\" \/>\n\t<meta property=\"og:image:height\" content=\"1229\" \/>\n\t<meta property=\"og:image:type\" content=\"image\/jpeg\" \/>\n<meta name=\"twitter:card\" content=\"summary_large_image\" \/>\n<meta name=\"twitter:site\" content=\"@berger_ca\" \/>\n<meta name=\"twitter:label1\" content=\"Tiempo de lectura\" \/>\n\t<meta name=\"twitter:data1\" content=\"4 minutos\" \/>\n<script type=\"application\/ld+json\" class=\"yoast-schema-graph\">{\"@context\":\"https:\\\/\\\/schema.org\",\"@graph\":[{\"@type\":\"WebPage\",\"@id\":\"https:\\\/\\\/www.berger.ca\\\/es\\\/recursos-para-los-productores\\\/testimonios\\\/green-valley-greenhouse\\\/\",\"url\":\"https:\\\/\\\/www.berger.ca\\\/es\\\/recursos-para-los-productores\\\/testimonios\\\/green-valley-greenhouse\\\/\",\"name\":\"Green Valley Greenhouse - Berger - ES\",\"isPartOf\":{\"@id\":\"https:\\\/\\\/www.berger.ca\\\/es\\\/#website\"},\"primaryImageOfPage\":{\"@id\":\"https:\\\/\\\/www.berger.ca\\\/es\\\/recursos-para-los-productores\\\/testimonios\\\/green-valley-greenhouse\\\/#primaryimage\"},\"image\":{\"@id\":\"https:\\\/\\\/www.berger.ca\\\/es\\\/recursos-para-los-productores\\\/testimonios\\\/green-valley-greenhouse\\\/#primaryimage\"},\"thumbnailUrl\":\"https:\\\/\\\/www.berger.ca\\\/es\\\/wp-content\\\/uploads\\\/sites\\\/3\\\/2024\\\/12\\\/IMG_1634_2-scaled-e1733344215473-1024x672.jpg\",\"datePublished\":\"2024-12-12T14:55:43+00:00\",\"description\":\"Green Valley Greenhouse se ha dedicado por m\u00e1s de 40 a\u00f1os al cultivo e innovaci\u00f3n, hasta convertirse en uno de los cultivadores\",\"breadcrumb\":{\"@id\":\"https:\\\/\\\/www.berger.ca\\\/es\\\/recursos-para-los-productores\\\/testimonios\\\/green-valley-greenhouse\\\/#breadcrumb\"},\"inLanguage\":\"es\",\"potentialAction\":[{\"@type\":\"ReadAction\",\"target\":[\"https:\\\/\\\/www.berger.ca\\\/es\\\/recursos-para-los-productores\\\/testimonios\\\/green-valley-greenhouse\\\/\"]}]},{\"@type\":\"ImageObject\",\"inLanguage\":\"es\",\"@id\":\"https:\\\/\\\/www.berger.ca\\\/es\\\/recursos-para-los-productores\\\/testimonios\\\/green-valley-greenhouse\\\/#primaryimage\",\"url\":\"https:\\\/\\\/www.berger.ca\\\/es\\\/wp-content\\\/uploads\\\/sites\\\/3\\\/2024\\\/12\\\/IMG_1634_2-scaled-e1733344215473.jpg\",\"contentUrl\":\"https:\\\/\\\/www.berger.ca\\\/es\\\/wp-content\\\/uploads\\\/sites\\\/3\\\/2024\\\/12\\\/IMG_1634_2-scaled-e1733344215473.jpg\",\"width\":1873,\"height\":1229,\"caption\":\"Green Valley Greenhouse\"},{\"@type\":\"BreadcrumbList\",\"@id\":\"https:\\\/\\\/www.berger.ca\\\/es\\\/recursos-para-los-productores\\\/testimonios\\\/green-valley-greenhouse\\\/#breadcrumb\",\"itemListElement\":[{\"@type\":\"ListItem\",\"position\":1,\"name\":\"Recursos para los productores\",\"item\":\"https:\\\/\\\/www.berger.ca\\\/es\\\/recursos-para-los-productores\\\/\"},{\"@type\":\"ListItem\",\"position\":2,\"name\":\"Testimonios\",\"item\":\"https:\\\/\\\/www.berger.ca\\\/es\\\/recursos-para-los-productores\\\/testimonios\\\/\"},{\"@type\":\"ListItem\",\"position\":3,\"name\":\"Green Valley Greenhouse\"}]},{\"@type\":\"WebSite\",\"@id\":\"https:\\\/\\\/www.berger.ca\\\/es\\\/#website\",\"url\":\"https:\\\/\\\/www.berger.ca\\\/es\\\/\",\"name\":\"Berger - ES\",\"description\":\"Un site utilisant Sites Berger\",\"publisher\":{\"@id\":\"https:\\\/\\\/www.berger.ca\\\/es\\\/#organization\"},\"potentialAction\":[{\"@type\":\"SearchAction\",\"target\":{\"@type\":\"EntryPoint\",\"urlTemplate\":\"https:\\\/\\\/www.berger.ca\\\/es\\\/?s={search_term_string}\"},\"query-input\":{\"@type\":\"PropertyValueSpecification\",\"valueRequired\":true,\"valueName\":\"search_term_string\"}}],\"inLanguage\":\"es\"},{\"@type\":\"Organization\",\"@id\":\"https:\\\/\\\/www.berger.ca\\\/es\\\/#organization\",\"name\":\"Berger\",\"url\":\"https:\\\/\\\/www.berger.ca\\\/es\\\/\",\"logo\":{\"@type\":\"ImageObject\",\"inLanguage\":\"es\",\"@id\":\"https:\\\/\\\/www.berger.ca\\\/es\\\/#\\\/schema\\\/logo\\\/image\\\/\",\"url\":\"https:\\\/\\\/www.berger.ca\\\/es\\\/wp-content\\\/uploads\\\/sites\\\/3\\\/2016\\\/07\\\/berger_logo_coul_seul.png\",\"contentUrl\":\"https:\\\/\\\/www.berger.ca\\\/es\\\/wp-content\\\/uploads\\\/sites\\\/3\\\/2016\\\/07\\\/berger_logo_coul_seul.png\",\"width\":1257,\"height\":1156,\"caption\":\"Berger\"},\"image\":{\"@id\":\"https:\\\/\\\/www.berger.ca\\\/es\\\/#\\\/schema\\\/logo\\\/image\\\/\"},\"sameAs\":[\"https:\\\/\\\/www.facebook.com\\\/berger.ca\\\/\",\"https:\\\/\\\/x.com\\\/berger_ca\",\"https:\\\/\\\/www.instagram.com\\\/bergermixes\\\/\",\"https:\\\/\\\/www.linkedin.com\\\/company\\\/berger-peat-moss-ltd-\\\/\",\"https:\\\/\\\/www.pinterest.com\\\/bergerpeatmoss\\\/\",\"https:\\\/\\\/www.youtube.com\\\/user\\\/tourbieresberger\"]}]}<\/script>\n<!-- \/ Yoast SEO plugin. -->","yoast_head_json":{"title":"Green Valley Greenhouse - Berger - ES","description":"Green Valley Greenhouse se ha dedicado por m\u00e1s de 40 a\u00f1os al cultivo e innovaci\u00f3n, hasta convertirse en uno de los cultivadores","robots":{"index":"index","follow":"follow","max-snippet":"max-snippet:-1","max-image-preview":"max-image-preview:large","max-video-preview":"max-video-preview:-1"},"canonical":"https:\/\/www.berger.ca\/es\/recursos-para-los-productores\/testimonios\/green-valley-greenhouse\/","og_locale":"es_ES","og_type":"article","og_title":"Green Valley Greenhouse - Berger - ES","og_description":"Green Valley Greenhouse se ha dedicado por m\u00e1s de 40 a\u00f1os al cultivo e innovaci\u00f3n, hasta convertirse en uno de los cultivadores","og_url":"https:\/\/www.berger.ca\/es\/recursos-para-los-productores\/testimonios\/green-valley-greenhouse\/","og_site_name":"Berger - ES","article_publisher":"https:\/\/www.facebook.com\/berger.ca\/","og_image":[{"width":1873,"height":1229,"url":"https:\/\/www.berger.ca\/es\/wp-content\/uploads\/sites\/3\/2024\/12\/IMG_1634_2-scaled-e1733344215473.jpg","type":"image\/jpeg"}],"twitter_card":"summary_large_image","twitter_site":"@berger_ca","twitter_misc":{"Tiempo de lectura":"4 minutos"},"schema":{"@context":"https:\/\/schema.org","@graph":[{"@type":"WebPage","@id":"https:\/\/www.berger.ca\/es\/recursos-para-los-productores\/testimonios\/green-valley-greenhouse\/","url":"https:\/\/www.berger.ca\/es\/recursos-para-los-productores\/testimonios\/green-valley-greenhouse\/","name":"Green Valley Greenhouse - Berger - ES","isPartOf":{"@id":"https:\/\/www.berger.ca\/es\/#website"},"primaryImageOfPage":{"@id":"https:\/\/www.berger.ca\/es\/recursos-para-los-productores\/testimonios\/green-valley-greenhouse\/#primaryimage"},"image":{"@id":"https:\/\/www.berger.ca\/es\/recursos-para-los-productores\/testimonios\/green-valley-greenhouse\/#primaryimage"},"thumbnailUrl":"https:\/\/www.berger.ca\/es\/wp-content\/uploads\/sites\/3\/2024\/12\/IMG_1634_2-scaled-e1733344215473-1024x672.jpg","datePublished":"2024-12-12T14:55:43+00:00","description":"Green Valley Greenhouse se ha dedicado por m\u00e1s de 40 a\u00f1os al cultivo e innovaci\u00f3n, hasta convertirse en uno de los cultivadores","breadcrumb":{"@id":"https:\/\/www.berger.ca\/es\/recursos-para-los-productores\/testimonios\/green-valley-greenhouse\/#breadcrumb"},"inLanguage":"es","potentialAction":[{"@type":"ReadAction","target":["https:\/\/www.berger.ca\/es\/recursos-para-los-productores\/testimonios\/green-valley-greenhouse\/"]}]},{"@type":"ImageObject","inLanguage":"es","@id":"https:\/\/www.berger.ca\/es\/recursos-para-los-productores\/testimonios\/green-valley-greenhouse\/#primaryimage","url":"https:\/\/www.berger.ca\/es\/wp-content\/uploads\/sites\/3\/2024\/12\/IMG_1634_2-scaled-e1733344215473.jpg","contentUrl":"https:\/\/www.berger.ca\/es\/wp-content\/uploads\/sites\/3\/2024\/12\/IMG_1634_2-scaled-e1733344215473.jpg","width":1873,"height":1229,"caption":"Green Valley Greenhouse"},{"@type":"BreadcrumbList","@id":"https:\/\/www.berger.ca\/es\/recursos-para-los-productores\/testimonios\/green-valley-greenhouse\/#breadcrumb","itemListElement":[{"@type":"ListItem","position":1,"name":"Recursos para los productores","item":"https:\/\/www.berger.ca\/es\/recursos-para-los-productores\/"},{"@type":"ListItem","position":2,"name":"Testimonios","item":"https:\/\/www.berger.ca\/es\/recursos-para-los-productores\/testimonios\/"},{"@type":"ListItem","position":3,"name":"Green Valley Greenhouse"}]},{"@type":"WebSite","@id":"https:\/\/www.berger.ca\/es\/#website","url":"https:\/\/www.berger.ca\/es\/","name":"Berger - ES","description":"Un site utilisant Sites Berger","publisher":{"@id":"https:\/\/www.berger.ca\/es\/#organization"},"potentialAction":[{"@type":"SearchAction","target":{"@type":"EntryPoint","urlTemplate":"https:\/\/www.berger.ca\/es\/?s={search_term_string}"},"query-input":{"@type":"PropertyValueSpecification","valueRequired":true,"valueName":"search_term_string"}}],"inLanguage":"es"},{"@type":"Organization","@id":"https:\/\/www.berger.ca\/es\/#organization","name":"Berger","url":"https:\/\/www.berger.ca\/es\/","logo":{"@type":"ImageObject","inLanguage":"es","@id":"https:\/\/www.berger.ca\/es\/#\/schema\/logo\/image\/","url":"https:\/\/www.berger.ca\/es\/wp-content\/uploads\/sites\/3\/2016\/07\/berger_logo_coul_seul.png","contentUrl":"https:\/\/www.berger.ca\/es\/wp-content\/uploads\/sites\/3\/2016\/07\/berger_logo_coul_seul.png","width":1257,"height":1156,"caption":"Berger"},"image":{"@id":"https:\/\/www.berger.ca\/es\/#\/schema\/logo\/image\/"},"sameAs":["https:\/\/www.facebook.com\/berger.ca\/","https:\/\/x.com\/berger_ca","https:\/\/www.instagram.com\/bergermixes\/","https:\/\/www.linkedin.com\/company\/berger-peat-moss-ltd-\/","https:\/\/www.pinterest.com\/bergerpeatmoss\/","https:\/\/www.youtube.com\/user\/tourbieresberger"]}]}},"_links":{"self":[{"href":"https:\/\/www.berger.ca\/es\/wp-json\/wp\/v2\/pages\/5677","targetHints":{"allow":["GET"]}}],"collection":[{"href":"https:\/\/www.berger.ca\/es\/wp-json\/wp\/v2\/pages"}],"about":[{"href":"https:\/\/www.berger.ca\/es\/wp-json\/wp\/v2\/types\/page"}],"author":[{"embeddable":true,"href":"https:\/\/www.berger.ca\/es\/wp-json\/wp\/v2\/users\/3"}],"replies":[{"embeddable":true,"href":"https:\/\/www.berger.ca\/es\/wp-json\/wp\/v2\/comments?post=5677"}],"version-history":[{"count":3,"href":"https:\/\/www.berger.ca\/es\/wp-json\/wp\/v2\/pages\/5677\/revisions"}],"predecessor-version":[{"id":5688,"href":"https:\/\/www.berger.ca\/es\/wp-json\/wp\/v2\/pages\/5677\/revisions\/5688"}],"up":[{"embeddable":true,"href":"https:\/\/www.berger.ca\/es\/wp-json\/wp\/v2\/pages\/275"}],"wp:attachment":[{"href":"https:\/\/www.berger.ca\/es\/wp-json\/wp\/v2\/media?parent=5677"}],"curies":[{"name":"wp","href":"https:\/\/api.w.org\/{rel}","templated":true}]}}