{"id":5704,"date":"2025-02-14T09:46:34","date_gmt":"2025-02-14T14:46:34","guid":{"rendered":"https:\/\/www.berger.ca\/es\/?page_id=5704"},"modified":"2025-02-17T14:01:47","modified_gmt":"2025-02-17T19:01:47","slug":"greentech-americas","status":"publish","type":"page","link":"https:\/\/www.berger.ca\/es\/recursos-para-los-productores\/seminarios-tecnicos-y-eventos\/greentech-americas\/","title":{"rendered":"GreenTech Americas"},"content":{"rendered":"<div class=\"wysiwyg-row\"><br \/>\n<div class=\"column-8\"><\/p>\n<h2>Acomp\u00e1\u00f1enos en GreenTech Americas<\/h2>\n<h4 style=\"color: #59621d\">25-27 de marzo de 2025 | 11:00AM \u2013 18:00PM | Stand #2200 | Av. de las Artes Josefa Vergara 1531,\u00a0Paseo de las Artes B, 76090 Santiago de Quer\u00e9taro, Qro.\u00a0\u00a0<\/h4>\n<p>Acomp\u00e1\u00f1enos en GreenTech Americas para explorar nuestras soluciones con medios de cultivo de primera calidad, que se han dise\u00f1ado para ayudarle a trabajar de manera m\u00e1s eficiente, producir cosechas m\u00e1s sanas y lograr resultados uniformes, temporada tras temporada. <\/p>\n<p>Conozca a nuestro equipo de expertos para analizar sus retos y descubrir c\u00f3mo nuestras soluciones pueden ayudarle a cultivar de manera m\u00e1s fruct\u00edfera. Ya sea que cultive vegetales, bayas o plantas ornamentales, tenemos un producto que se adapta a sus necesidades. <\/p>\n<p><strong>Exploremos juntos c\u00f3mo podemos ayudarle a alcanzar sus objetivos.<\/strong><\/p>\n<p><\/div><\/p>\n<p><div class=\"column-4\"><\/p>\n<p><img loading=\"lazy\" decoding=\"async\" class=\"alignnone size-medium wp-image-5566\" src=\"https:\/\/www.berger.ca\/en\/wp-content\/uploads\/sites\/2\/2025\/02\/greentech-americas_logo.png\" alt=\"Logo-GreenTech_Americas\" width=\"300\" height=\"187\" \/><\/p>\n<p><a class=\"button green\" href=\"https:\/\/www.greentech.nl\/americas\/registration \" target=\"_blank\" rel=\"noopener\">Reg\u00edstrese aqu\u00ed<\/a><\/p>\n<p><\/div><\/p>\n<p><\/div>\n<h3>Nuestros Especialistas<\/h3>\n<hr \/>\n<div class=\"wysiwyg-row\"><\/p>\n<p><div class=\"column-4\"><\/p>\n<p><img loading=\"lazy\" decoding=\"async\" class=\"alignnone wp-image-14409 size-full\" src=\"https:\/\/www.berger.ca\/es\/wp-content\/uploads\/sites\/3\/2024\/10\/Vic_Swann.png\" alt=\"Vic Swan\" width=\"288\" height=\"288\" \/><\/p>\n<h4><span class=\"TextRun SCXW111519534 BCX4\" lang=\"EN-US\" xml:lang=\"EN-US\" data-contrast=\"auto\"><span class=\"NormalTextRun SCXW111519534 BCX4\">Vic Swan<\/span><\/span><span class=\"EOP SCXW111519534 BCX4\" data-ccp-props=\"{&quot;201341983&quot;:0,&quot;335551550&quot;:6,&quot;335551620&quot;:6,&quot;335559740&quot;:276}\">\u00a0<\/span><\/h4>\n<p>Director de Ventas Internacionales y Cuentas Corporativas<\/p>\n<p><\/div><\/p>\n<p><div class=\"column-4\"><\/p>\n<p><img loading=\"lazy\" decoding=\"async\" class=\"alignnone wp-image-14467 size-full\" src=\"https:\/\/www.berger.ca\/es\/wp-content\/uploads\/sites\/3\/2024\/10\/Juan_CarlosGarcia.png\" alt=\"Juan Carlos Garcia\" width=\"288\" height=\"288\" \/><\/p>\n<h4><strong>Juan Carlos Garcia<\/strong><\/h4>\n<p>Representante de ventas<br \/>\n<\/div><\/p>\n<p><div class=\"column-4\"><\/p>\n<p><img loading=\"lazy\" decoding=\"async\" class=\"alignnone wp-image-14469 size-full\" src=\"https:\/\/www.berger.ca\/en\/wp-content\/uploads\/sites\/2\/2024\/07\/Harold_Sagastume.png\" alt=\"Brent_Kenney\" width=\"288\" height=\"288\" \/><\/p>\n<h4>Harold Sagastume<\/h4>\n<p>Asesor t\u00e9cnico de venta<br \/>\n<\/div><\/p>\n<p><\/div>\n<h3>Productos destacados<\/h3>\n<hr \/>\n<div class=\"wysiwyg-row\"><\/p>\n<p><div class=\"column-2\"><\/p>\n<p><a href=\"https:\/\/www.berger.ca\/es\/productos\/bm2-fibra-natural-madera\/\" target=\"_blank\" rel=\"noopener\"><img loading=\"lazy\" decoding=\"async\" class=\"alignnone size-medium wp-image-9812\" src=\"https:\/\/www.berger.ca\/en\/wp-content\/uploads\/sites\/2\/2021\/01\/Packaging3D_BM2-wood_compressed.png\" alt=\"Emballage_bm2_wood\" width=\"212\" height=\"300\" \/><\/a><\/p>\n<h4>BM2 Natural Fiber \u2013 Wood<\/h4>\n<p><\/div><\/p>\n<p><div class=\"column-2\"><\/p>\n<p><a href=\"https:\/\/www.berger.ca\/en\/horticultural-products\/bm2-propagation-hp\/\" target=\"_blank\" rel=\"noopener\"><img loading=\"lazy\" decoding=\"async\" class=\"alignnone size-medium wp-image-9816\" src=\"https:\/\/www.berger.ca\/en\/wp-content\/uploads\/sites\/2\/2016\/05\/Packaging3D_BM2-HP_compressed.png\" alt=\"Emballage_bm2_Hp_38_300x425\" width=\"212\" height=\"300\" \/><\/a><\/p>\n<h4>BM2 Seed Germination Vegetable HP<\/h4>\n<p><\/div><\/p>\n<p><div class=\"column-2\"><\/p>\n<p><a href=\"https:\/\/www.berger.ca\/es\/productos\/bm5-fibra-natural-madera-hp\/\" target=\"_blank\" rel=\"noopener\"><img loading=\"lazy\" decoding=\"async\" class=\"alignnone size-medium wp-image-9820\" src=\"https:\/\/www.berger.ca\/en\/wp-content\/uploads\/sites\/2\/2018\/07\/Packaging3D_BM5-wood-HP_compressed-1.png\" alt=\"Emballage_bm5_wood_hp\" width=\"212\" height=\"300\" \/><\/a><\/p>\n<h4>BM5 Natural Fiber &amp; Aggregate &#8211; Wood HP<\/h4>\n<p><\/div><\/p>\n<p><div class=\"column-2\"><\/p>\n<p><a href=\"https:\/\/www.berger.ca\/es\/productos\/bm6-general-purpose-hp\/\" target=\"_blank\" rel=\"noopener\"><img loading=\"lazy\" decoding=\"async\" class=\"alignnone size-medium wp-image-4833\" src=\"https:\/\/www.berger.ca\/en\/wp-content\/uploads\/sites\/2\/2016\/05\/Packaging3D_BM6-HP_compressed-1.png\" alt=\"Bm6_allpurpose_hp\" width=\"212\" height=\"300\" \/><\/a><\/p>\n<h4>BM6 All Purpose HP<\/h4>\n<p><\/div><\/p>\n<p><\/div>\n","protected":false},"excerpt":{"rendered":"<p>Nuestros Especialistas Productos destacados<\/p>\n","protected":false},"author":20,"featured_media":0,"parent":267,"menu_order":0,"comment_status":"closed","ping_status":"closed","template":"","meta":{"_acf_changed":false,"footnotes":""},"class_list":["post-5704","page","type-page","status-publish","hentry"],"acf":[],"yoast_head":"<!-- This site is optimized with the Yoast SEO plugin v27.4 - https:\/\/yoast.com\/product\/yoast-seo-wordpress\/ -->\n<title>GreenTech Americas - Berger - ES<\/title>\n<meta name=\"robots\" content=\"index, follow, max-snippet:-1, max-image-preview:large, max-video-preview:-1\" \/>\n<link rel=\"canonical\" href=\"https:\/\/www.berger.ca\/es\/recursos-para-los-productores\/seminarios-tecnicos-y-eventos\/greentech-americas\/\" \/>\n<meta property=\"og:locale\" content=\"es_ES\" \/>\n<meta property=\"og:type\" content=\"article\" \/>\n<meta property=\"og:title\" content=\"GreenTech Americas - Berger - ES\" \/>\n<meta property=\"og:description\" content=\"Nuestros Especialistas Productos destacados\" \/>\n<meta property=\"og:url\" content=\"https:\/\/www.berger.ca\/es\/recursos-para-los-productores\/seminarios-tecnicos-y-eventos\/greentech-americas\/\" \/>\n<meta property=\"og:site_name\" content=\"Berger - ES\" \/>\n<meta property=\"article:publisher\" content=\"https:\/\/www.facebook.com\/berger.ca\/\" \/>\n<meta property=\"article:modified_time\" content=\"2025-02-17T19:01:47+00:00\" \/>\n<meta property=\"og:image\" content=\"https:\/\/www.berger.ca\/es\/wp-content\/uploads\/sites\/3\/2024\/10\/AgroAlimentaria_Logo_web.png\" \/>\n\t<meta property=\"og:image:width\" content=\"503\" \/>\n\t<meta property=\"og:image:height\" content=\"314\" \/>\n\t<meta property=\"og:image:type\" content=\"image\/png\" \/>\n<meta name=\"twitter:card\" content=\"summary_large_image\" \/>\n<meta name=\"twitter:site\" content=\"@berger_ca\" \/>\n<meta name=\"twitter:label1\" content=\"Tiempo de lectura\" \/>\n\t<meta name=\"twitter:data1\" content=\"3 minutos\" \/>\n<script type=\"application\/ld+json\" class=\"yoast-schema-graph\">{\"@context\":\"https:\\\/\\\/schema.org\",\"@graph\":[{\"@type\":\"WebPage\",\"@id\":\"https:\\\/\\\/www.berger.ca\\\/es\\\/recursos-para-los-productores\\\/seminarios-tecnicos-y-eventos\\\/greentech-americas\\\/\",\"url\":\"https:\\\/\\\/www.berger.ca\\\/es\\\/recursos-para-los-productores\\\/seminarios-tecnicos-y-eventos\\\/greentech-americas\\\/\",\"name\":\"GreenTech Americas - Berger - ES\",\"isPartOf\":{\"@id\":\"https:\\\/\\\/www.berger.ca\\\/es\\\/#website\"},\"primaryImageOfPage\":{\"@id\":\"https:\\\/\\\/www.berger.ca\\\/es\\\/recursos-para-los-productores\\\/seminarios-tecnicos-y-eventos\\\/greentech-americas\\\/#primaryimage\"},\"image\":{\"@id\":\"https:\\\/\\\/www.berger.ca\\\/es\\\/recursos-para-los-productores\\\/seminarios-tecnicos-y-eventos\\\/greentech-americas\\\/#primaryimage\"},\"thumbnailUrl\":\"https:\\\/\\\/www.berger.ca\\\/en\\\/wp-content\\\/uploads\\\/sites\\\/2\\\/2025\\\/02\\\/greentech-americas_logo.png\",\"datePublished\":\"2025-02-14T14:46:34+00:00\",\"dateModified\":\"2025-02-17T19:01:47+00:00\",\"breadcrumb\":{\"@id\":\"https:\\\/\\\/www.berger.ca\\\/es\\\/recursos-para-los-productores\\\/seminarios-tecnicos-y-eventos\\\/greentech-americas\\\/#breadcrumb\"},\"inLanguage\":\"es\",\"potentialAction\":[{\"@type\":\"ReadAction\",\"target\":[\"https:\\\/\\\/www.berger.ca\\\/es\\\/recursos-para-los-productores\\\/seminarios-tecnicos-y-eventos\\\/greentech-americas\\\/\"]}]},{\"@type\":\"ImageObject\",\"inLanguage\":\"es\",\"@id\":\"https:\\\/\\\/www.berger.ca\\\/es\\\/recursos-para-los-productores\\\/seminarios-tecnicos-y-eventos\\\/greentech-americas\\\/#primaryimage\",\"url\":\"https:\\\/\\\/www.berger.ca\\\/en\\\/wp-content\\\/uploads\\\/sites\\\/2\\\/2025\\\/02\\\/greentech-americas_logo.png\",\"contentUrl\":\"https:\\\/\\\/www.berger.ca\\\/en\\\/wp-content\\\/uploads\\\/sites\\\/2\\\/2025\\\/02\\\/greentech-americas_logo.png\"},{\"@type\":\"BreadcrumbList\",\"@id\":\"https:\\\/\\\/www.berger.ca\\\/es\\\/recursos-para-los-productores\\\/seminarios-tecnicos-y-eventos\\\/greentech-americas\\\/#breadcrumb\",\"itemListElement\":[{\"@type\":\"ListItem\",\"position\":1,\"name\":\"Recursos para los productores\",\"item\":\"https:\\\/\\\/www.berger.ca\\\/es\\\/recursos-para-los-productores\\\/\"},{\"@type\":\"ListItem\",\"position\":2,\"name\":\"Seminarios t\u00e9cnicos y eventos\",\"item\":\"https:\\\/\\\/www.berger.ca\\\/es\\\/recursos-para-los-productores\\\/seminarios-tecnicos-y-eventos\\\/\"},{\"@type\":\"ListItem\",\"position\":3,\"name\":\"GreenTech Americas\"}]},{\"@type\":\"WebSite\",\"@id\":\"https:\\\/\\\/www.berger.ca\\\/es\\\/#website\",\"url\":\"https:\\\/\\\/www.berger.ca\\\/es\\\/\",\"name\":\"Berger - ES\",\"description\":\"Un site utilisant Sites Berger\",\"publisher\":{\"@id\":\"https:\\\/\\\/www.berger.ca\\\/es\\\/#organization\"},\"potentialAction\":[{\"@type\":\"SearchAction\",\"target\":{\"@type\":\"EntryPoint\",\"urlTemplate\":\"https:\\\/\\\/www.berger.ca\\\/es\\\/?s={search_term_string}\"},\"query-input\":{\"@type\":\"PropertyValueSpecification\",\"valueRequired\":true,\"valueName\":\"search_term_string\"}}],\"inLanguage\":\"es\"},{\"@type\":\"Organization\",\"@id\":\"https:\\\/\\\/www.berger.ca\\\/es\\\/#organization\",\"name\":\"Berger\",\"url\":\"https:\\\/\\\/www.berger.ca\\\/es\\\/\",\"logo\":{\"@type\":\"ImageObject\",\"inLanguage\":\"es\",\"@id\":\"https:\\\/\\\/www.berger.ca\\\/es\\\/#\\\/schema\\\/logo\\\/image\\\/\",\"url\":\"https:\\\/\\\/www.berger.ca\\\/es\\\/wp-content\\\/uploads\\\/sites\\\/3\\\/2016\\\/07\\\/berger_logo_coul_seul.png\",\"contentUrl\":\"https:\\\/\\\/www.berger.ca\\\/es\\\/wp-content\\\/uploads\\\/sites\\\/3\\\/2016\\\/07\\\/berger_logo_coul_seul.png\",\"width\":1257,\"height\":1156,\"caption\":\"Berger\"},\"image\":{\"@id\":\"https:\\\/\\\/www.berger.ca\\\/es\\\/#\\\/schema\\\/logo\\\/image\\\/\"},\"sameAs\":[\"https:\\\/\\\/www.facebook.com\\\/berger.ca\\\/\",\"https:\\\/\\\/x.com\\\/berger_ca\",\"https:\\\/\\\/www.instagram.com\\\/bergermixes\\\/\",\"https:\\\/\\\/www.linkedin.com\\\/company\\\/berger-peat-moss-ltd-\\\/\",\"https:\\\/\\\/www.pinterest.com\\\/bergerpeatmoss\\\/\",\"https:\\\/\\\/www.youtube.com\\\/user\\\/tourbieresberger\"]}]}<\/script>\n<!-- \/ Yoast SEO plugin. -->","yoast_head_json":{"title":"GreenTech Americas - Berger - ES","robots":{"index":"index","follow":"follow","max-snippet":"max-snippet:-1","max-image-preview":"max-image-preview:large","max-video-preview":"max-video-preview:-1"},"canonical":"https:\/\/www.berger.ca\/es\/recursos-para-los-productores\/seminarios-tecnicos-y-eventos\/greentech-americas\/","og_locale":"es_ES","og_type":"article","og_title":"GreenTech Americas - Berger - ES","og_description":"Nuestros Especialistas Productos destacados","og_url":"https:\/\/www.berger.ca\/es\/recursos-para-los-productores\/seminarios-tecnicos-y-eventos\/greentech-americas\/","og_site_name":"Berger - ES","article_publisher":"https:\/\/www.facebook.com\/berger.ca\/","article_modified_time":"2025-02-17T19:01:47+00:00","og_image":[{"width":503,"height":314,"url":"https:\/\/www.berger.ca\/es\/wp-content\/uploads\/sites\/3\/2024\/10\/AgroAlimentaria_Logo_web.png","type":"image\/png"}],"twitter_card":"summary_large_image","twitter_site":"@berger_ca","twitter_misc":{"Tiempo de lectura":"3 minutos"},"schema":{"@context":"https:\/\/schema.org","@graph":[{"@type":"WebPage","@id":"https:\/\/www.berger.ca\/es\/recursos-para-los-productores\/seminarios-tecnicos-y-eventos\/greentech-americas\/","url":"https:\/\/www.berger.ca\/es\/recursos-para-los-productores\/seminarios-tecnicos-y-eventos\/greentech-americas\/","name":"GreenTech Americas - Berger - ES","isPartOf":{"@id":"https:\/\/www.berger.ca\/es\/#website"},"primaryImageOfPage":{"@id":"https:\/\/www.berger.ca\/es\/recursos-para-los-productores\/seminarios-tecnicos-y-eventos\/greentech-americas\/#primaryimage"},"image":{"@id":"https:\/\/www.berger.ca\/es\/recursos-para-los-productores\/seminarios-tecnicos-y-eventos\/greentech-americas\/#primaryimage"},"thumbnailUrl":"https:\/\/www.berger.ca\/en\/wp-content\/uploads\/sites\/2\/2025\/02\/greentech-americas_logo.png","datePublished":"2025-02-14T14:46:34+00:00","dateModified":"2025-02-17T19:01:47+00:00","breadcrumb":{"@id":"https:\/\/www.berger.ca\/es\/recursos-para-los-productores\/seminarios-tecnicos-y-eventos\/greentech-americas\/#breadcrumb"},"inLanguage":"es","potentialAction":[{"@type":"ReadAction","target":["https:\/\/www.berger.ca\/es\/recursos-para-los-productores\/seminarios-tecnicos-y-eventos\/greentech-americas\/"]}]},{"@type":"ImageObject","inLanguage":"es","@id":"https:\/\/www.berger.ca\/es\/recursos-para-los-productores\/seminarios-tecnicos-y-eventos\/greentech-americas\/#primaryimage","url":"https:\/\/www.berger.ca\/en\/wp-content\/uploads\/sites\/2\/2025\/02\/greentech-americas_logo.png","contentUrl":"https:\/\/www.berger.ca\/en\/wp-content\/uploads\/sites\/2\/2025\/02\/greentech-americas_logo.png"},{"@type":"BreadcrumbList","@id":"https:\/\/www.berger.ca\/es\/recursos-para-los-productores\/seminarios-tecnicos-y-eventos\/greentech-americas\/#breadcrumb","itemListElement":[{"@type":"ListItem","position":1,"name":"Recursos para los productores","item":"https:\/\/www.berger.ca\/es\/recursos-para-los-productores\/"},{"@type":"ListItem","position":2,"name":"Seminarios t\u00e9cnicos y eventos","item":"https:\/\/www.berger.ca\/es\/recursos-para-los-productores\/seminarios-tecnicos-y-eventos\/"},{"@type":"ListItem","position":3,"name":"GreenTech Americas"}]},{"@type":"WebSite","@id":"https:\/\/www.berger.ca\/es\/#website","url":"https:\/\/www.berger.ca\/es\/","name":"Berger - ES","description":"Un site utilisant Sites Berger","publisher":{"@id":"https:\/\/www.berger.ca\/es\/#organization"},"potentialAction":[{"@type":"SearchAction","target":{"@type":"EntryPoint","urlTemplate":"https:\/\/www.berger.ca\/es\/?s={search_term_string}"},"query-input":{"@type":"PropertyValueSpecification","valueRequired":true,"valueName":"search_term_string"}}],"inLanguage":"es"},{"@type":"Organization","@id":"https:\/\/www.berger.ca\/es\/#organization","name":"Berger","url":"https:\/\/www.berger.ca\/es\/","logo":{"@type":"ImageObject","inLanguage":"es","@id":"https:\/\/www.berger.ca\/es\/#\/schema\/logo\/image\/","url":"https:\/\/www.berger.ca\/es\/wp-content\/uploads\/sites\/3\/2016\/07\/berger_logo_coul_seul.png","contentUrl":"https:\/\/www.berger.ca\/es\/wp-content\/uploads\/sites\/3\/2016\/07\/berger_logo_coul_seul.png","width":1257,"height":1156,"caption":"Berger"},"image":{"@id":"https:\/\/www.berger.ca\/es\/#\/schema\/logo\/image\/"},"sameAs":["https:\/\/www.facebook.com\/berger.ca\/","https:\/\/x.com\/berger_ca","https:\/\/www.instagram.com\/bergermixes\/","https:\/\/www.linkedin.com\/company\/berger-peat-moss-ltd-\/","https:\/\/www.pinterest.com\/bergerpeatmoss\/","https:\/\/www.youtube.com\/user\/tourbieresberger"]}]}},"_links":{"self":[{"href":"https:\/\/www.berger.ca\/es\/wp-json\/wp\/v2\/pages\/5704","targetHints":{"allow":["GET"]}}],"collection":[{"href":"https:\/\/www.berger.ca\/es\/wp-json\/wp\/v2\/pages"}],"about":[{"href":"https:\/\/www.berger.ca\/es\/wp-json\/wp\/v2\/types\/page"}],"author":[{"embeddable":true,"href":"https:\/\/www.berger.ca\/es\/wp-json\/wp\/v2\/users\/20"}],"replies":[{"embeddable":true,"href":"https:\/\/www.berger.ca\/es\/wp-json\/wp\/v2\/comments?post=5704"}],"version-history":[{"count":4,"href":"https:\/\/www.berger.ca\/es\/wp-json\/wp\/v2\/pages\/5704\/revisions"}],"predecessor-version":[{"id":6324,"href":"https:\/\/www.berger.ca\/es\/wp-json\/wp\/v2\/pages\/5704\/revisions\/6324"}],"up":[{"embeddable":true,"href":"https:\/\/www.berger.ca\/es\/wp-json\/wp\/v2\/pages\/267"}],"wp:attachment":[{"href":"https:\/\/www.berger.ca\/es\/wp-json\/wp\/v2\/media?parent=5704"}],"curies":[{"name":"wp","href":"https:\/\/api.w.org\/{rel}","templated":true}]}}