{"id":5962,"date":"2025-08-12T09:16:17","date_gmt":"2025-08-12T14:16:17","guid":{"rendered":"https:\/\/www.berger.ca\/es\/?page_id=5962"},"modified":"2025-08-25T10:34:52","modified_gmt":"2025-08-25T15:34:52","slug":"equinox-growers","status":"publish","type":"page","link":"https:\/\/www.berger.ca\/es\/recursos-para-los-productores\/testimonios\/equinox-growers\/","title":{"rendered":"Equinox Growers"},"content":{"rendered":"<h2>C\u00f3mo BM2 Germinaci\u00f3n de semillas &#8211; Madera ayuda a potenciar la producci\u00f3n de Equinox Growers<\/h2>\n<p><img loading=\"lazy\" decoding=\"async\" class=\"alignleft wp-image-16236 size-full\" src=\"https:\/\/www.berger.ca\/en\/wp-content\/uploads\/sites\/2\/2025\/07\/BergerGreenhouseShoot-264-scaled-e1752251179719.jpg\" alt=\"Equinox Growers\" width=\"2560\" height=\"1088\" \/><\/p>\n<div class=\"wysiwyg-row\"><\/p>\n<p><div class=\"column-8\"><\/p>\n<p><strong>De ser una peque\u00f1a empresa local para convertirse en uno de los principales proveedores de la costa este, la trayectoria de Equinox Grower es prueba de que las herramientas y mezclas para cultivo adecuadas marcan la diferencia.<\/strong><\/p>\n<p>En Equinox Growers, en Louisa, Virginia, todo gira en torno a cultivos de lechugas de gran calidad&#8230; y en grandes cantidades. Todos los d\u00edas cosechan decenas de miles de kilos de lechugas frescas que acaban en los estantes de los supermercados con la marca Earthbound Farm de Taylor Farm.<\/p>\n<h3>Una visi\u00f3n para el crecimiento<\/h3>\n<p>ohn McMahon, fundador de Equinox, comenz\u00f3 con una peque\u00f1a productora de vegetales que vend\u00eda a minoristas locales. Pero ten\u00eda un plan m\u00e1s ambicioso. Una vez que consigui\u00f3 el capital para construir un invernadero totalmente automatizado, su equipo experiment\u00f3 un crecimiento incre\u00edble y ahora despacha lechugas a importantes minoristas como Costco y Wegmans en toda la costa este. <\/p>\n<h3>La confianza inquebrantable en el BM2 de Berger<\/h3>\n<p>Desde el principio, Equinox conf\u00eda en la mezcla para cultivo BM2 NF de Berger para impulsar su producci\u00f3n. Tanto John como Arturo Silva, su jefe de producci\u00f3n, llevan a\u00f1os utilizando los productos Berger. Arturo desde hace m\u00e1s de una d\u00e9cada y John desde hace seis a\u00f1os. Su confianza en la uniformidad y calidad de la mezcla BM2 NF de turba y fibra de madera de Berger elimin\u00f3 cualquier duda a la hora de ampliar la producci\u00f3n.  <\/p>\n<p>\u201cLlevo m\u00e1s de 10 a\u00f1os utilizando Berger, la \u00fanica mezcla en la que conf\u00edo para producir a esta escala\u201d, afirma Arturo.<\/p>\n<p><\/div><\/p>\n<p><div class=\"column-4\"><\/p>\n<p><img loading=\"lazy\" decoding=\"async\" class=\"alignleft size-large wp-image-16233\" src=\"https:\/\/www.berger.ca\/en\/wp-content\/uploads\/sites\/2\/2025\/07\/BergerGreenhouseShoot-249-scaled-e1752251028467-769x1024.jpg\" alt=\"Equinox Growers: Lettuce grown in Controlled Environment Agriculture (CEA)\" width=\"769\" height=\"1024\" \/><\/p>\n<p><\/div><br \/>\n<\/div>\n<div class=\"wysiwyg-quotes\"><\/p>\n<p>\u201cCuando se maneja un invernadero sumamente automatizado, se necesita un sustrato de cultivo siempre uniforme y confiable. Eso es justamente lo que el BM2 nos da\u201d.<br \/>\n<\/div>\n<p style=\"color: #f2f1e6\">&#8211;<\/p>\n<h3>La constancia: la clave del \u00e9xito automatizado<\/h3>\n<p>Arturo sabe lo r\u00e1pido que todo puede irse a pique con una mala mezcla: atascos en el sistema, crecimiento desigual o problemas que entorpezcan la producci\u00f3n. \u201cLa mezcla Berger tiene una estructura que promueve un desarrollo r\u00e1pido y uniforme de las ra\u00edces, y no contiene perlita ni vermiculita, por lo que no se producen problemas de atasco ni de sedimentaci\u00f3n. Mantiene la producci\u00f3n sin interrupciones ni problemas. Me da una preocupaci\u00f3n menos.\u201d <\/p>\n<p>Para Equinox, el hecho de tener a Berger cerca tambi\u00e9n es una gran ventaja, ya que no depende de proveedores extranjeros ni se preocupa por la calidad, pues sabe que cuenta con un producto confiable y asistencia t\u00e9cnica en el momento en que la necesite. <\/p>\n<p>En definitiva, Equinox se centra en ofrecer verduras frescas y deliciosas a sus clientes. Y con Berger en la ecuaci\u00f3n, est\u00e1n creciendo con confianza, paso a paso y lechuga a lechuga.<br \/>\n<div class=\"wysiwyg-row\"><\/p>\n<div class=\"column-8\"><\/p>\n<p><img loading=\"lazy\" decoding=\"async\" src=\"https:\/\/www.berger.ca\/en\/wp-content\/uploads\/sites\/2\/2025\/07\/BergerGreenhouseShoot-182-1024x683.jpg\" alt=\"Equinox Growers\" width=\"1024\" height=\"683\" class=\"alignleft size-large wp-image-16239\" \/><br \/>\n<\/div>\n<div class=\"column-4\"><\/p>\n<p><img loading=\"lazy\" decoding=\"async\" src=\"https:\/\/www.berger.ca\/en\/wp-content\/uploads\/sites\/2\/2025\/07\/BergerGreenhouseShoot-301-scaled-e1752251497458-750x1024.jpg\" alt=\"Equinox Growers: Lettuce grown in Controlled Environment Agriculture (CEA)\" width=\"750\" height=\"1024\" class=\"alignleft size-large wp-image-16240\" \/><br \/>\n<\/div>\n<p><\/div><\/p>\n<p><span style=\"color: #f2f1e6\">&#8211;<\/span><\/p>\n<p><a class=\"link\" href=\"https:\/\/www.berger.ca\/es\/productos\/bm2-fibra-natural-madera\/\" target=\"_blank\" rel=\"noopener\">M\u00e1s informaci\u00f3n sobre le Germinaci\u00f3n de semillas &#8211; Madera<\/a><\/p>\n","protected":false},"excerpt":{"rendered":"<p>C\u00f3mo BM2 Germinaci\u00f3n de semillas &#8211; Madera ayuda a potenciar la producci\u00f3n de Equinox Growers &#8211; La constancia: la clave del \u00e9xito automatizado Arturo sabe lo r\u00e1pido que todo puede irse a pique con una mala mezcla: atascos en el sistema, crecimiento desigual o problemas que entorpezcan la producci\u00f3n. \u201cLa mezcla Berger tiene una estructura que promueve un desarrollo r\u00e1pido y uniforme de las ra\u00edces, y no contiene perlita ni vermiculita, por lo que no se producen problemas de atasco ni de sedimentaci\u00f3n. Mantiene la producci\u00f3n sin interrupciones ni problemas. Me da una preocupaci\u00f3n menos.\u201d Para Equinox, el hecho de tener a Berger cerca tambi\u00e9n es una gran ventaja, ya que no depende de proveedores extranjeros ni se preocupa por la calidad, pues sabe que cuenta con un producto confiable y asistencia t\u00e9cnica en el momento en que la necesite. [&hellip;]<\/p>\n","protected":false},"author":20,"featured_media":0,"parent":275,"menu_order":0,"comment_status":"closed","ping_status":"closed","template":"","meta":{"_acf_changed":false,"footnotes":""},"class_list":["post-5962","page","type-page","status-publish","hentry"],"acf":[],"yoast_head":"<!-- This site is optimized with the Yoast SEO plugin v27.3 - https:\/\/yoast.com\/product\/yoast-seo-wordpress\/ -->\n<title>Equinox Growers - Berger - ES<\/title>\n<meta name=\"robots\" content=\"index, follow, max-snippet:-1, max-image-preview:large, max-video-preview:-1\" \/>\n<link rel=\"canonical\" href=\"https:\/\/www.berger.ca\/es\/recursos-para-los-productores\/testimonios\/equinox-growers\/\" \/>\n<meta property=\"og:locale\" content=\"es_ES\" \/>\n<meta property=\"og:type\" content=\"article\" \/>\n<meta property=\"og:title\" content=\"Equinox Growers - Berger - ES\" \/>\n<meta property=\"og:description\" content=\"C\u00f3mo BM2 Germinaci\u00f3n de semillas &#8211; Madera ayuda a potenciar la producci\u00f3n de Equinox Growers &#8211; La constancia: la clave del \u00e9xito automatizado Arturo sabe lo r\u00e1pido que todo puede irse a pique con una mala mezcla: atascos en el sistema, crecimiento desigual o problemas que entorpezcan la producci\u00f3n. \u201cLa mezcla Berger tiene una estructura que promueve un desarrollo r\u00e1pido y uniforme de las ra\u00edces, y no contiene perlita ni vermiculita, por lo que no se producen problemas de atasco ni de sedimentaci\u00f3n. Mantiene la producci\u00f3n sin interrupciones ni problemas. Me da una preocupaci\u00f3n menos.\u201d Para Equinox, el hecho de tener a Berger cerca tambi\u00e9n es una gran ventaja, ya que no depende de proveedores extranjeros ni se preocupa por la calidad, pues sabe que cuenta con un producto confiable y asistencia t\u00e9cnica en el momento en que la necesite. [&hellip;]\" \/>\n<meta property=\"og:url\" content=\"https:\/\/www.berger.ca\/es\/recursos-para-los-productores\/testimonios\/equinox-growers\/\" \/>\n<meta property=\"og:site_name\" content=\"Berger - ES\" \/>\n<meta property=\"article:publisher\" content=\"https:\/\/www.facebook.com\/berger.ca\/\" \/>\n<meta property=\"article:modified_time\" content=\"2025-08-25T15:34:52+00:00\" \/>\n<meta name=\"twitter:card\" content=\"summary_large_image\" \/>\n<meta name=\"twitter:site\" content=\"@berger_ca\" \/>\n<meta name=\"twitter:label1\" content=\"Tiempo de lectura\" \/>\n\t<meta name=\"twitter:data1\" content=\"3 minutos\" \/>\n<script type=\"application\/ld+json\" class=\"yoast-schema-graph\">{\"@context\":\"https:\\\/\\\/schema.org\",\"@graph\":[{\"@type\":\"WebPage\",\"@id\":\"https:\\\/\\\/www.berger.ca\\\/es\\\/recursos-para-los-productores\\\/testimonios\\\/equinox-growers\\\/\",\"url\":\"https:\\\/\\\/www.berger.ca\\\/es\\\/recursos-para-los-productores\\\/testimonios\\\/equinox-growers\\\/\",\"name\":\"Equinox Growers - Berger - ES\",\"isPartOf\":{\"@id\":\"https:\\\/\\\/www.berger.ca\\\/es\\\/#website\"},\"primaryImageOfPage\":{\"@id\":\"https:\\\/\\\/www.berger.ca\\\/es\\\/recursos-para-los-productores\\\/testimonios\\\/equinox-growers\\\/#primaryimage\"},\"image\":{\"@id\":\"https:\\\/\\\/www.berger.ca\\\/es\\\/recursos-para-los-productores\\\/testimonios\\\/equinox-growers\\\/#primaryimage\"},\"thumbnailUrl\":\"https:\\\/\\\/www.berger.ca\\\/en\\\/wp-content\\\/uploads\\\/sites\\\/2\\\/2025\\\/07\\\/BergerGreenhouseShoot-264-scaled-e1752251179719.jpg\",\"datePublished\":\"2025-08-12T14:16:17+00:00\",\"dateModified\":\"2025-08-25T15:34:52+00:00\",\"breadcrumb\":{\"@id\":\"https:\\\/\\\/www.berger.ca\\\/es\\\/recursos-para-los-productores\\\/testimonios\\\/equinox-growers\\\/#breadcrumb\"},\"inLanguage\":\"es\",\"potentialAction\":[{\"@type\":\"ReadAction\",\"target\":[\"https:\\\/\\\/www.berger.ca\\\/es\\\/recursos-para-los-productores\\\/testimonios\\\/equinox-growers\\\/\"]}]},{\"@type\":\"ImageObject\",\"inLanguage\":\"es\",\"@id\":\"https:\\\/\\\/www.berger.ca\\\/es\\\/recursos-para-los-productores\\\/testimonios\\\/equinox-growers\\\/#primaryimage\",\"url\":\"https:\\\/\\\/www.berger.ca\\\/en\\\/wp-content\\\/uploads\\\/sites\\\/2\\\/2025\\\/07\\\/BergerGreenhouseShoot-264-scaled-e1752251179719.jpg\",\"contentUrl\":\"https:\\\/\\\/www.berger.ca\\\/en\\\/wp-content\\\/uploads\\\/sites\\\/2\\\/2025\\\/07\\\/BergerGreenhouseShoot-264-scaled-e1752251179719.jpg\"},{\"@type\":\"BreadcrumbList\",\"@id\":\"https:\\\/\\\/www.berger.ca\\\/es\\\/recursos-para-los-productores\\\/testimonios\\\/equinox-growers\\\/#breadcrumb\",\"itemListElement\":[{\"@type\":\"ListItem\",\"position\":1,\"name\":\"Recursos para los productores\",\"item\":\"https:\\\/\\\/www.berger.ca\\\/es\\\/recursos-para-los-productores\\\/\"},{\"@type\":\"ListItem\",\"position\":2,\"name\":\"Testimonios\",\"item\":\"https:\\\/\\\/www.berger.ca\\\/es\\\/recursos-para-los-productores\\\/testimonios\\\/\"},{\"@type\":\"ListItem\",\"position\":3,\"name\":\"Equinox Growers\"}]},{\"@type\":\"WebSite\",\"@id\":\"https:\\\/\\\/www.berger.ca\\\/es\\\/#website\",\"url\":\"https:\\\/\\\/www.berger.ca\\\/es\\\/\",\"name\":\"Berger - ES\",\"description\":\"Un site utilisant Sites Berger\",\"publisher\":{\"@id\":\"https:\\\/\\\/www.berger.ca\\\/es\\\/#organization\"},\"potentialAction\":[{\"@type\":\"SearchAction\",\"target\":{\"@type\":\"EntryPoint\",\"urlTemplate\":\"https:\\\/\\\/www.berger.ca\\\/es\\\/?s={search_term_string}\"},\"query-input\":{\"@type\":\"PropertyValueSpecification\",\"valueRequired\":true,\"valueName\":\"search_term_string\"}}],\"inLanguage\":\"es\"},{\"@type\":\"Organization\",\"@id\":\"https:\\\/\\\/www.berger.ca\\\/es\\\/#organization\",\"name\":\"Berger\",\"url\":\"https:\\\/\\\/www.berger.ca\\\/es\\\/\",\"logo\":{\"@type\":\"ImageObject\",\"inLanguage\":\"es\",\"@id\":\"https:\\\/\\\/www.berger.ca\\\/es\\\/#\\\/schema\\\/logo\\\/image\\\/\",\"url\":\"https:\\\/\\\/www.berger.ca\\\/es\\\/wp-content\\\/uploads\\\/sites\\\/3\\\/2016\\\/07\\\/berger_logo_coul_seul.png\",\"contentUrl\":\"https:\\\/\\\/www.berger.ca\\\/es\\\/wp-content\\\/uploads\\\/sites\\\/3\\\/2016\\\/07\\\/berger_logo_coul_seul.png\",\"width\":1257,\"height\":1156,\"caption\":\"Berger\"},\"image\":{\"@id\":\"https:\\\/\\\/www.berger.ca\\\/es\\\/#\\\/schema\\\/logo\\\/image\\\/\"},\"sameAs\":[\"https:\\\/\\\/www.facebook.com\\\/berger.ca\\\/\",\"https:\\\/\\\/x.com\\\/berger_ca\",\"https:\\\/\\\/www.instagram.com\\\/bergermixes\\\/\",\"https:\\\/\\\/www.linkedin.com\\\/company\\\/berger-peat-moss-ltd-\\\/\",\"https:\\\/\\\/www.pinterest.com\\\/bergerpeatmoss\\\/\",\"https:\\\/\\\/www.youtube.com\\\/user\\\/tourbieresberger\"]}]}<\/script>\n<!-- \/ Yoast SEO plugin. -->","yoast_head_json":{"title":"Equinox Growers - Berger - ES","robots":{"index":"index","follow":"follow","max-snippet":"max-snippet:-1","max-image-preview":"max-image-preview:large","max-video-preview":"max-video-preview:-1"},"canonical":"https:\/\/www.berger.ca\/es\/recursos-para-los-productores\/testimonios\/equinox-growers\/","og_locale":"es_ES","og_type":"article","og_title":"Equinox Growers - Berger - ES","og_description":"C\u00f3mo BM2 Germinaci\u00f3n de semillas &#8211; Madera ayuda a potenciar la producci\u00f3n de Equinox Growers &#8211; La constancia: la clave del \u00e9xito automatizado Arturo sabe lo r\u00e1pido que todo puede irse a pique con una mala mezcla: atascos en el sistema, crecimiento desigual o problemas que entorpezcan la producci\u00f3n. \u201cLa mezcla Berger tiene una estructura que promueve un desarrollo r\u00e1pido y uniforme de las ra\u00edces, y no contiene perlita ni vermiculita, por lo que no se producen problemas de atasco ni de sedimentaci\u00f3n. Mantiene la producci\u00f3n sin interrupciones ni problemas. Me da una preocupaci\u00f3n menos.\u201d Para Equinox, el hecho de tener a Berger cerca tambi\u00e9n es una gran ventaja, ya que no depende de proveedores extranjeros ni se preocupa por la calidad, pues sabe que cuenta con un producto confiable y asistencia t\u00e9cnica en el momento en que la necesite. [&hellip;]","og_url":"https:\/\/www.berger.ca\/es\/recursos-para-los-productores\/testimonios\/equinox-growers\/","og_site_name":"Berger - ES","article_publisher":"https:\/\/www.facebook.com\/berger.ca\/","article_modified_time":"2025-08-25T15:34:52+00:00","twitter_card":"summary_large_image","twitter_site":"@berger_ca","twitter_misc":{"Tiempo de lectura":"3 minutos"},"schema":{"@context":"https:\/\/schema.org","@graph":[{"@type":"WebPage","@id":"https:\/\/www.berger.ca\/es\/recursos-para-los-productores\/testimonios\/equinox-growers\/","url":"https:\/\/www.berger.ca\/es\/recursos-para-los-productores\/testimonios\/equinox-growers\/","name":"Equinox Growers - Berger - ES","isPartOf":{"@id":"https:\/\/www.berger.ca\/es\/#website"},"primaryImageOfPage":{"@id":"https:\/\/www.berger.ca\/es\/recursos-para-los-productores\/testimonios\/equinox-growers\/#primaryimage"},"image":{"@id":"https:\/\/www.berger.ca\/es\/recursos-para-los-productores\/testimonios\/equinox-growers\/#primaryimage"},"thumbnailUrl":"https:\/\/www.berger.ca\/en\/wp-content\/uploads\/sites\/2\/2025\/07\/BergerGreenhouseShoot-264-scaled-e1752251179719.jpg","datePublished":"2025-08-12T14:16:17+00:00","dateModified":"2025-08-25T15:34:52+00:00","breadcrumb":{"@id":"https:\/\/www.berger.ca\/es\/recursos-para-los-productores\/testimonios\/equinox-growers\/#breadcrumb"},"inLanguage":"es","potentialAction":[{"@type":"ReadAction","target":["https:\/\/www.berger.ca\/es\/recursos-para-los-productores\/testimonios\/equinox-growers\/"]}]},{"@type":"ImageObject","inLanguage":"es","@id":"https:\/\/www.berger.ca\/es\/recursos-para-los-productores\/testimonios\/equinox-growers\/#primaryimage","url":"https:\/\/www.berger.ca\/en\/wp-content\/uploads\/sites\/2\/2025\/07\/BergerGreenhouseShoot-264-scaled-e1752251179719.jpg","contentUrl":"https:\/\/www.berger.ca\/en\/wp-content\/uploads\/sites\/2\/2025\/07\/BergerGreenhouseShoot-264-scaled-e1752251179719.jpg"},{"@type":"BreadcrumbList","@id":"https:\/\/www.berger.ca\/es\/recursos-para-los-productores\/testimonios\/equinox-growers\/#breadcrumb","itemListElement":[{"@type":"ListItem","position":1,"name":"Recursos para los productores","item":"https:\/\/www.berger.ca\/es\/recursos-para-los-productores\/"},{"@type":"ListItem","position":2,"name":"Testimonios","item":"https:\/\/www.berger.ca\/es\/recursos-para-los-productores\/testimonios\/"},{"@type":"ListItem","position":3,"name":"Equinox Growers"}]},{"@type":"WebSite","@id":"https:\/\/www.berger.ca\/es\/#website","url":"https:\/\/www.berger.ca\/es\/","name":"Berger - ES","description":"Un site utilisant Sites Berger","publisher":{"@id":"https:\/\/www.berger.ca\/es\/#organization"},"potentialAction":[{"@type":"SearchAction","target":{"@type":"EntryPoint","urlTemplate":"https:\/\/www.berger.ca\/es\/?s={search_term_string}"},"query-input":{"@type":"PropertyValueSpecification","valueRequired":true,"valueName":"search_term_string"}}],"inLanguage":"es"},{"@type":"Organization","@id":"https:\/\/www.berger.ca\/es\/#organization","name":"Berger","url":"https:\/\/www.berger.ca\/es\/","logo":{"@type":"ImageObject","inLanguage":"es","@id":"https:\/\/www.berger.ca\/es\/#\/schema\/logo\/image\/","url":"https:\/\/www.berger.ca\/es\/wp-content\/uploads\/sites\/3\/2016\/07\/berger_logo_coul_seul.png","contentUrl":"https:\/\/www.berger.ca\/es\/wp-content\/uploads\/sites\/3\/2016\/07\/berger_logo_coul_seul.png","width":1257,"height":1156,"caption":"Berger"},"image":{"@id":"https:\/\/www.berger.ca\/es\/#\/schema\/logo\/image\/"},"sameAs":["https:\/\/www.facebook.com\/berger.ca\/","https:\/\/x.com\/berger_ca","https:\/\/www.instagram.com\/bergermixes\/","https:\/\/www.linkedin.com\/company\/berger-peat-moss-ltd-\/","https:\/\/www.pinterest.com\/bergerpeatmoss\/","https:\/\/www.youtube.com\/user\/tourbieresberger"]}]}},"_links":{"self":[{"href":"https:\/\/www.berger.ca\/es\/wp-json\/wp\/v2\/pages\/5962","targetHints":{"allow":["GET"]}}],"collection":[{"href":"https:\/\/www.berger.ca\/es\/wp-json\/wp\/v2\/pages"}],"about":[{"href":"https:\/\/www.berger.ca\/es\/wp-json\/wp\/v2\/types\/page"}],"author":[{"embeddable":true,"href":"https:\/\/www.berger.ca\/es\/wp-json\/wp\/v2\/users\/20"}],"replies":[{"embeddable":true,"href":"https:\/\/www.berger.ca\/es\/wp-json\/wp\/v2\/comments?post=5962"}],"version-history":[{"count":11,"href":"https:\/\/www.berger.ca\/es\/wp-json\/wp\/v2\/pages\/5962\/revisions"}],"predecessor-version":[{"id":5982,"href":"https:\/\/www.berger.ca\/es\/wp-json\/wp\/v2\/pages\/5962\/revisions\/5982"}],"up":[{"embeddable":true,"href":"https:\/\/www.berger.ca\/es\/wp-json\/wp\/v2\/pages\/275"}],"wp:attachment":[{"href":"https:\/\/www.berger.ca\/es\/wp-json\/wp\/v2\/media?parent=5962"}],"curies":[{"name":"wp","href":"https:\/\/api.w.org\/{rel}","templated":true}]}}