{"id":6002,"date":"2025-10-22T14:25:51","date_gmt":"2025-10-22T19:25:51","guid":{"rendered":"https:\/\/www.berger.ca\/es\/?page_id=6002"},"modified":"2025-10-22T14:25:51","modified_gmt":"2025-10-22T19:25:51","slug":"expo-agroalimentaria-2025","status":"publish","type":"page","link":"https:\/\/www.berger.ca\/es\/recursos-para-los-productores\/seminarios-tecnicos-y-eventos\/expo-agroalimentaria-2025\/","title":{"rendered":"Expo AgroAlimentaria 2025"},"content":{"rendered":"<div class=\"wysiwyg-row\"><br \/>\n<div class=\"column-8\"><\/p>\n<h2>Descubre soluciones innovadoras de cultivo en Expo AgroAlimentaria Guanajuato<\/h2>\n<h4 style=\"color: #59621d\">11 al 14 de noviembre de 2025 | Booth #229 | Carretera Irapuato &#8211; Abasolo KM 6.5 Col. Santa Elena CP 36849, Irapuato-Abasolo KM 6.5, 36849 Irapuato, Gto<\/h4>\n<p>\u00danete a Berger en Expo AgroAlimentaria Guanajuato 2025, del 11 al 14 de noviembre, en el Stand 229, y explora nuestra amplia gama de sustratos para vegetales, frutas suaves, flores y cultivos agr\u00edcolas. Descubre productos que ofrecen cosechas m\u00e1s saludables, resultados consistentes y un rendimiento confiable, respaldados por soluciones innovadoras y pr\u00e1cticas sostenibles para apoyar una agricultura rentable y responsable con el medio ambiente.<\/p>\n<p>Con acceso seguro a turba, Berger garantiza que los productores obtengan lo que necesitan, cuando lo necesitan. Combinamos soporte local en M\u00e9xico y Am\u00e9rica Latina con experiencia global, ofreciendo asesor\u00eda t\u00e9cnica y servicios para ayudar a que tu operaci\u00f3n prospere.<\/p>\n<p>Visita el Stand 229 para conocer a nuestro equipo y descubrir soluciones pr\u00e1cticas para tus cultivos.<\/p>\n<p><\/div><\/p>\n<p><div class=\"column-4\"><\/p>\n<p><img loading=\"lazy\" decoding=\"async\" class=\"alignnone size-medium wp-image-5566\" src=\"https:\/\/www.berger.ca\/es\/wp-content\/uploads\/sites\/3\/2024\/10\/AgroAlimentaria_Logo_web-300x187.png\" alt=\"AgroAlimentaria_Logo_web\" width=\"300\" height=\"187\" srcset=\"https:\/\/www.berger.ca\/es\/wp-content\/uploads\/sites\/3\/2024\/10\/AgroAlimentaria_Logo_web-300x187.png 300w, https:\/\/www.berger.ca\/es\/wp-content\/uploads\/sites\/3\/2024\/10\/AgroAlimentaria_Logo_web-500x314.png 500w, https:\/\/www.berger.ca\/es\/wp-content\/uploads\/sites\/3\/2024\/10\/AgroAlimentaria_Logo_web-440x275.png 440w, https:\/\/www.berger.ca\/es\/wp-content\/uploads\/sites\/3\/2024\/10\/AgroAlimentaria_Logo_web-240x150.png 240w, https:\/\/www.berger.ca\/es\/wp-content\/uploads\/sites\/3\/2024\/10\/AgroAlimentaria_Logo_web-320x200.png 320w, https:\/\/www.berger.ca\/es\/wp-content\/uploads\/sites\/3\/2024\/10\/AgroAlimentaria_Logo_web.png 503w\" sizes=\"auto, (max-width: 300px) 100vw, 300px\" \/><\/p>\n<p><a class=\"button green\" href=\"https:\/\/www.expoagrogto.com\/\" target=\"_blank\" rel=\"noopener\">Learn More<\/a><\/p>\n<p><\/div><\/p>\n<p><\/div>\n<h3>Nuestros Especialistas<\/h3>\n<hr \/>\n<div class=\"wysiwyg-row\"><\/p>\n<p><div class=\"column-3\"><\/p>\n<p><img loading=\"lazy\" decoding=\"async\" class=\"alignnone size-full wp-image-5572\" src=\"https:\/\/www.berger.ca\/es\/wp-content\/uploads\/sites\/3\/2024\/10\/Vic_Swann.png\" alt=\"Vic_Swann\" width=\"288\" height=\"288\" srcset=\"https:\/\/www.berger.ca\/es\/wp-content\/uploads\/sites\/3\/2024\/10\/Vic_Swann.png 288w, https:\/\/www.berger.ca\/es\/wp-content\/uploads\/sites\/3\/2024\/10\/Vic_Swann-150x150.png 150w\" sizes=\"auto, (max-width: 288px) 100vw, 288px\" \/><\/p>\n<h4>VIC SWANN<\/h4>\n<p>Director &#8211; Ventas Internacionales y Cuentas Corporativas<\/p>\n<p><\/div><\/p>\n<p><div class=\"column-3\"><\/p>\n<p><img loading=\"lazy\" decoding=\"async\" class=\"alignnone size-full wp-image-5569\" src=\"https:\/\/www.berger.ca\/es\/wp-content\/uploads\/sites\/3\/2024\/10\/Juan_CarlosGarcia.png\" alt=\"Juan_CarlosGarcia\" width=\"288\" height=\"288\" srcset=\"https:\/\/www.berger.ca\/es\/wp-content\/uploads\/sites\/3\/2024\/10\/Juan_CarlosGarcia.png 288w, https:\/\/www.berger.ca\/es\/wp-content\/uploads\/sites\/3\/2024\/10\/Juan_CarlosGarcia-150x150.png 150w\" sizes=\"auto, (max-width: 288px) 100vw, 288px\" \/><\/p>\n<h4><strong>Juan Carlos Garc\u00eda L\u00f3pez De Lara<\/strong><\/h4>\n<p>Representante de ventas &#8211; Norte y centro de M\u00e9xico<br \/>\n<\/div><\/p>\n<p><div class=\"column-3\"><\/p>\n<p><img loading=\"lazy\" decoding=\"async\" class=\"alignnone size-full wp-image-5494\" src=\"https:\/\/www.berger.ca\/es\/wp-content\/uploads\/sites\/3\/2024\/07\/Harold_Sagastume.png\" alt=\"Harold_Sagastume\" width=\"288\" height=\"288\" srcset=\"https:\/\/www.berger.ca\/es\/wp-content\/uploads\/sites\/3\/2024\/07\/Harold_Sagastume.png 288w, https:\/\/www.berger.ca\/es\/wp-content\/uploads\/sites\/3\/2024\/07\/Harold_Sagastume-150x150.png 150w\" sizes=\"auto, (max-width: 288px) 100vw, 288px\" \/><\/p>\n<h4><strong>HAROLD SAGASTUME<\/strong><\/h4>\n<p>Asesor t\u00e9cnico de ventas<\/p>\n<p><\/div><\/p>\n<p><div class=\"column-3\"><\/p>\n<p><img loading=\"lazy\" decoding=\"async\" class=\"alignnone size-full wp-image-5594\" src=\"https:\/\/www.berger.ca\/es\/wp-content\/uploads\/sites\/3\/2024\/10\/Diana_Barrera-1.png\" alt=\"Diana_Barrera\" width=\"288\" height=\"288\" srcset=\"https:\/\/www.berger.ca\/es\/wp-content\/uploads\/sites\/3\/2024\/10\/Diana_Barrera-1.png 288w, https:\/\/www.berger.ca\/es\/wp-content\/uploads\/sites\/3\/2024\/10\/Diana_Barrera-1-150x150.png 150w\" sizes=\"auto, (max-width: 288px) 100vw, 288px\" \/><\/p>\n<h4>Diana Barrera<\/h4>\n<p>Representante de satisfacc\u00edon de la clientela<\/p>\n<p><\/div><\/p>\n<p><\/div>\n<p>&nbsp;<\/p>\n<p>&nbsp;<\/p>\n<h3>Productos destacados<\/h3>\n<hr \/>\n<div class=\"wysiwyg-row\"><\/p>\n<p><div class=\"column-2\"><\/p>\n<p><a href=\"https:\/\/www.berger.ca\/es\/productos\/bm2-germination-de-semillas\/\" target=\"_blank\" rel=\"noopener\"><img loading=\"lazy\" decoding=\"async\" class=\"alignnone size-medium wp-image-5596\" src=\"https:\/\/www.berger.ca\/es\/wp-content\/uploads\/sites\/3\/2024\/10\/Packaging3D_BM2_compressed-1-212x300.png\" alt=\"Packaging3D_BM2_compressed\" width=\"212\" height=\"300\" srcset=\"https:\/\/www.berger.ca\/es\/wp-content\/uploads\/sites\/3\/2024\/10\/Packaging3D_BM2_compressed-1-212x300.png 212w, https:\/\/www.berger.ca\/es\/wp-content\/uploads\/sites\/3\/2024\/10\/Packaging3D_BM2_compressed-1.png 300w\" sizes=\"auto, (max-width: 212px) 100vw, 212px\" \/><\/a><\/p>\n<h4>BM2 Germinaci\u00f3n de semillas<\/h4>\n<p><\/div><\/p>\n<p>&nbsp;<\/p>\n<p><div class=\"column-2\"><\/p>\n<p><a href=\"https:\/\/www.berger.ca\/es\/productos\/bm2-germination-de-semillas-de-hortalizas-hp\/\" target=\"_blank\" rel=\"noopener\"><img loading=\"lazy\" decoding=\"async\" class=\"alignnone size-medium wp-image-5597\" src=\"https:\/\/www.berger.ca\/es\/wp-content\/uploads\/sites\/3\/2024\/10\/Packaging3D_BM2-HP_compressed-1-212x300.png\" alt=\"Packaging3D_BM2-HP_compressed\" width=\"212\" height=\"300\" srcset=\"https:\/\/www.berger.ca\/es\/wp-content\/uploads\/sites\/3\/2024\/10\/Packaging3D_BM2-HP_compressed-1-212x300.png 212w, https:\/\/www.berger.ca\/es\/wp-content\/uploads\/sites\/3\/2024\/10\/Packaging3D_BM2-HP_compressed-1.png 300w\" sizes=\"auto, (max-width: 212px) 100vw, 212px\" \/><\/a><\/p>\n<h4>BM2 Germinaci\u00f3n de semillas de hortalizas HP<\/h4>\n<p><\/div><\/p>\n<p><div class=\"column-2\"><\/p>\n<p><a href=\"https:\/\/www.berger.ca\/es\/productos\/bm2-fibra-natural-madera\/\" target=\"_blank\" rel=\"noopener\"><img loading=\"lazy\" decoding=\"async\" class=\"alignnone size-medium wp-image-5598\" src=\"https:\/\/www.berger.ca\/es\/wp-content\/uploads\/sites\/3\/2024\/10\/Packaging3D_BM2-wood_compressed-1-212x300.png\" alt=\"Packaging3D_BM2-wood_compressed\" width=\"212\" height=\"300\" srcset=\"https:\/\/www.berger.ca\/es\/wp-content\/uploads\/sites\/3\/2024\/10\/Packaging3D_BM2-wood_compressed-1-212x300.png 212w, https:\/\/www.berger.ca\/es\/wp-content\/uploads\/sites\/3\/2024\/10\/Packaging3D_BM2-wood_compressed-1.png 300w\" sizes=\"auto, (max-width: 212px) 100vw, 212px\" \/><\/a><\/p>\n<h4>BM2 Germinaci\u00f3n de semillas &#8211; Madera<\/h4>\n<p><\/div><\/p>\n<p><div class=\"column-2\"><\/p>\n<p><a href=\"https:\/\/www.berger.ca\/es\/productos\/bm5-fibra-natural-madera-hp\/\" target=\"_blank\" rel=\"noopener\"><img loading=\"lazy\" decoding=\"async\" class=\"alignnone size-medium wp-image-5600\" src=\"https:\/\/www.berger.ca\/es\/wp-content\/uploads\/sites\/3\/2024\/10\/Packaging3D_BM5-wood-HP_compressed-1-212x300.png\" alt=\"Packaging3D_BM5-wood-HP_compressed\" width=\"212\" height=\"300\" srcset=\"https:\/\/www.berger.ca\/es\/wp-content\/uploads\/sites\/3\/2024\/10\/Packaging3D_BM5-wood-HP_compressed-1-212x300.png 212w, https:\/\/www.berger.ca\/es\/wp-content\/uploads\/sites\/3\/2024\/10\/Packaging3D_BM5-wood-HP_compressed-1.png 300w\" sizes=\"auto, (max-width: 212px) 100vw, 212px\" \/><\/a><\/p>\n<h4>BM5 Fibra natural y \u00e1ridos \u2014 Madera HP<\/h4>\n<p><\/div><\/p>\n<p><div class=\"column-2\"><\/p>\n<p><a href=\"https:\/\/www.berger.ca\/es\/productos\/bm5-fibra-natural-madera-super-hp\/\" target=\"_blank\" rel=\"noopener\"><img loading=\"lazy\" decoding=\"async\" class=\"alignnone size-medium wp-image-5600\" src=\"https:\/\/www.berger.ca\/es\/wp-content\/uploads\/sites\/3\/2024\/10\/Packaging3D_BM5-wood-HP_compressed-1-212x300.png\" alt=\"Packaging3D_BM5-wood-HP_compressed\" width=\"212\" height=\"300\" srcset=\"https:\/\/www.berger.ca\/es\/wp-content\/uploads\/sites\/3\/2024\/10\/Packaging3D_BM5-wood-HP_compressed-1-212x300.png 212w, https:\/\/www.berger.ca\/es\/wp-content\/uploads\/sites\/3\/2024\/10\/Packaging3D_BM5-wood-HP_compressed-1.png 300w\" sizes=\"auto, (max-width: 212px) 100vw, 212px\" \/><\/a><\/p>\n<h4>BM5 Fibra natural y \u00e1ridos \u2014 Madera Super HP<\/h4>\n<p><\/div><\/p>\n<p><div class=\"column-2\"><\/p>\n<p><a href=\"https:\/\/www.berger.ca\/es\/productos\/bm6-general-purpose-hp\/\" target=\"_blank\" rel=\"noopener\"><img loading=\"lazy\" decoding=\"async\" class=\"alignleft size-full wp-image-5276\" src=\"https:\/\/www.berger.ca\/es\/wp-content\/uploads\/sites\/3\/2016\/06\/Packaging3D_BM6-HP_compressed.png\" alt=\"Packaging3D_BM6-HP_compressed\" width=\"300\" height=\"425\" srcset=\"https:\/\/www.berger.ca\/es\/wp-content\/uploads\/sites\/3\/2016\/06\/Packaging3D_BM6-HP_compressed.png 300w, https:\/\/www.berger.ca\/es\/wp-content\/uploads\/sites\/3\/2016\/06\/Packaging3D_BM6-HP_compressed-212x300.png 212w\" sizes=\"auto, (max-width: 300px) 100vw, 300px\" \/><\/a><\/p>\n<h4>BM6 Todo uso HP<\/h4>\n<p><\/div><\/p>\n<p><\/div>\n","protected":false},"excerpt":{"rendered":"<p>Nuestros Especialistas &nbsp; &nbsp; Productos destacados<\/p>\n","protected":false},"author":3,"featured_media":0,"parent":267,"menu_order":0,"comment_status":"closed","ping_status":"closed","template":"","meta":{"_acf_changed":false,"footnotes":""},"class_list":["post-6002","page","type-page","status-publish","hentry"],"acf":[],"yoast_head":"<!-- This site is optimized with the Yoast SEO plugin v27.3 - https:\/\/yoast.com\/product\/yoast-seo-wordpress\/ -->\n<title>Expo AgroAlimentaria 2025 - Berger - ES<\/title>\n<meta name=\"description\" content=\"\u00danete a Berger en Expo AgroAlimentaria Guanajuato 2025, del 11 al 14 de noviembre, en el Stand 229. Visita el Stand 229.\" \/>\n<meta name=\"robots\" content=\"index, follow, max-snippet:-1, max-image-preview:large, max-video-preview:-1\" \/>\n<link rel=\"canonical\" href=\"https:\/\/www.berger.ca\/es\/recursos-para-los-productores\/seminarios-tecnicos-y-eventos\/expo-agroalimentaria-2025\/\" \/>\n<meta property=\"og:locale\" content=\"es_ES\" \/>\n<meta property=\"og:type\" content=\"article\" \/>\n<meta property=\"og:title\" content=\"Expo AgroAlimentaria 2025 - Berger - ES\" \/>\n<meta property=\"og:description\" content=\"\u00danete a Berger en Expo AgroAlimentaria Guanajuato 2025, del 11 al 14 de noviembre, en el Stand 229. Visita el Stand 229.\" \/>\n<meta property=\"og:url\" content=\"https:\/\/www.berger.ca\/es\/recursos-para-los-productores\/seminarios-tecnicos-y-eventos\/expo-agroalimentaria-2025\/\" \/>\n<meta property=\"og:site_name\" content=\"Berger - ES\" \/>\n<meta property=\"article:publisher\" content=\"https:\/\/www.facebook.com\/berger.ca\/\" \/>\n<meta property=\"og:image\" content=\"https:\/\/www.berger.ca\/es\/wp-content\/uploads\/sites\/3\/2024\/10\/AgroAlimentaria_Logo_web.png\" \/>\n\t<meta property=\"og:image:width\" content=\"503\" \/>\n\t<meta property=\"og:image:height\" content=\"314\" \/>\n\t<meta property=\"og:image:type\" content=\"image\/png\" \/>\n<meta name=\"twitter:card\" content=\"summary_large_image\" \/>\n<meta name=\"twitter:site\" content=\"@berger_ca\" \/>\n<meta name=\"twitter:label1\" content=\"Tiempo de lectura\" \/>\n\t<meta name=\"twitter:data1\" content=\"4 minutos\" \/>\n<script type=\"application\/ld+json\" class=\"yoast-schema-graph\">{\"@context\":\"https:\\\/\\\/schema.org\",\"@graph\":[{\"@type\":\"WebPage\",\"@id\":\"https:\\\/\\\/www.berger.ca\\\/es\\\/recursos-para-los-productores\\\/seminarios-tecnicos-y-eventos\\\/expo-agroalimentaria-2025\\\/\",\"url\":\"https:\\\/\\\/www.berger.ca\\\/es\\\/recursos-para-los-productores\\\/seminarios-tecnicos-y-eventos\\\/expo-agroalimentaria-2025\\\/\",\"name\":\"Expo AgroAlimentaria 2025 - Berger - ES\",\"isPartOf\":{\"@id\":\"https:\\\/\\\/www.berger.ca\\\/es\\\/#website\"},\"primaryImageOfPage\":{\"@id\":\"https:\\\/\\\/www.berger.ca\\\/es\\\/recursos-para-los-productores\\\/seminarios-tecnicos-y-eventos\\\/expo-agroalimentaria-2025\\\/#primaryimage\"},\"image\":{\"@id\":\"https:\\\/\\\/www.berger.ca\\\/es\\\/recursos-para-los-productores\\\/seminarios-tecnicos-y-eventos\\\/expo-agroalimentaria-2025\\\/#primaryimage\"},\"thumbnailUrl\":\"https:\\\/\\\/www.berger.ca\\\/es\\\/wp-content\\\/uploads\\\/sites\\\/3\\\/2024\\\/10\\\/AgroAlimentaria_Logo_web-300x187.png\",\"datePublished\":\"2025-10-22T19:25:51+00:00\",\"description\":\"\u00danete a Berger en Expo AgroAlimentaria Guanajuato 2025, del 11 al 14 de noviembre, en el Stand 229. Visita el Stand 229.\",\"breadcrumb\":{\"@id\":\"https:\\\/\\\/www.berger.ca\\\/es\\\/recursos-para-los-productores\\\/seminarios-tecnicos-y-eventos\\\/expo-agroalimentaria-2025\\\/#breadcrumb\"},\"inLanguage\":\"es\",\"potentialAction\":[{\"@type\":\"ReadAction\",\"target\":[\"https:\\\/\\\/www.berger.ca\\\/es\\\/recursos-para-los-productores\\\/seminarios-tecnicos-y-eventos\\\/expo-agroalimentaria-2025\\\/\"]}]},{\"@type\":\"ImageObject\",\"inLanguage\":\"es\",\"@id\":\"https:\\\/\\\/www.berger.ca\\\/es\\\/recursos-para-los-productores\\\/seminarios-tecnicos-y-eventos\\\/expo-agroalimentaria-2025\\\/#primaryimage\",\"url\":\"https:\\\/\\\/www.berger.ca\\\/es\\\/wp-content\\\/uploads\\\/sites\\\/3\\\/2024\\\/10\\\/AgroAlimentaria_Logo_web.png\",\"contentUrl\":\"https:\\\/\\\/www.berger.ca\\\/es\\\/wp-content\\\/uploads\\\/sites\\\/3\\\/2024\\\/10\\\/AgroAlimentaria_Logo_web.png\",\"width\":503,\"height\":314,\"caption\":\"AgroAlimentaria_Logo_web\"},{\"@type\":\"BreadcrumbList\",\"@id\":\"https:\\\/\\\/www.berger.ca\\\/es\\\/recursos-para-los-productores\\\/seminarios-tecnicos-y-eventos\\\/expo-agroalimentaria-2025\\\/#breadcrumb\",\"itemListElement\":[{\"@type\":\"ListItem\",\"position\":1,\"name\":\"Recursos para los productores\",\"item\":\"https:\\\/\\\/www.berger.ca\\\/es\\\/recursos-para-los-productores\\\/\"},{\"@type\":\"ListItem\",\"position\":2,\"name\":\"Seminarios t\u00e9cnicos y eventos\",\"item\":\"https:\\\/\\\/www.berger.ca\\\/es\\\/recursos-para-los-productores\\\/seminarios-tecnicos-y-eventos\\\/\"},{\"@type\":\"ListItem\",\"position\":3,\"name\":\"Expo AgroAlimentaria 2025\"}]},{\"@type\":\"WebSite\",\"@id\":\"https:\\\/\\\/www.berger.ca\\\/es\\\/#website\",\"url\":\"https:\\\/\\\/www.berger.ca\\\/es\\\/\",\"name\":\"Berger - ES\",\"description\":\"Un site utilisant Sites Berger\",\"publisher\":{\"@id\":\"https:\\\/\\\/www.berger.ca\\\/es\\\/#organization\"},\"potentialAction\":[{\"@type\":\"SearchAction\",\"target\":{\"@type\":\"EntryPoint\",\"urlTemplate\":\"https:\\\/\\\/www.berger.ca\\\/es\\\/?s={search_term_string}\"},\"query-input\":{\"@type\":\"PropertyValueSpecification\",\"valueRequired\":true,\"valueName\":\"search_term_string\"}}],\"inLanguage\":\"es\"},{\"@type\":\"Organization\",\"@id\":\"https:\\\/\\\/www.berger.ca\\\/es\\\/#organization\",\"name\":\"Berger\",\"url\":\"https:\\\/\\\/www.berger.ca\\\/es\\\/\",\"logo\":{\"@type\":\"ImageObject\",\"inLanguage\":\"es\",\"@id\":\"https:\\\/\\\/www.berger.ca\\\/es\\\/#\\\/schema\\\/logo\\\/image\\\/\",\"url\":\"https:\\\/\\\/www.berger.ca\\\/es\\\/wp-content\\\/uploads\\\/sites\\\/3\\\/2016\\\/07\\\/berger_logo_coul_seul.png\",\"contentUrl\":\"https:\\\/\\\/www.berger.ca\\\/es\\\/wp-content\\\/uploads\\\/sites\\\/3\\\/2016\\\/07\\\/berger_logo_coul_seul.png\",\"width\":1257,\"height\":1156,\"caption\":\"Berger\"},\"image\":{\"@id\":\"https:\\\/\\\/www.berger.ca\\\/es\\\/#\\\/schema\\\/logo\\\/image\\\/\"},\"sameAs\":[\"https:\\\/\\\/www.facebook.com\\\/berger.ca\\\/\",\"https:\\\/\\\/x.com\\\/berger_ca\",\"https:\\\/\\\/www.instagram.com\\\/bergermixes\\\/\",\"https:\\\/\\\/www.linkedin.com\\\/company\\\/berger-peat-moss-ltd-\\\/\",\"https:\\\/\\\/www.pinterest.com\\\/bergerpeatmoss\\\/\",\"https:\\\/\\\/www.youtube.com\\\/user\\\/tourbieresberger\"]}]}<\/script>\n<!-- \/ Yoast SEO plugin. -->","yoast_head_json":{"title":"Expo AgroAlimentaria 2025 - Berger - ES","description":"\u00danete a Berger en Expo AgroAlimentaria Guanajuato 2025, del 11 al 14 de noviembre, en el Stand 229. Visita el Stand 229.","robots":{"index":"index","follow":"follow","max-snippet":"max-snippet:-1","max-image-preview":"max-image-preview:large","max-video-preview":"max-video-preview:-1"},"canonical":"https:\/\/www.berger.ca\/es\/recursos-para-los-productores\/seminarios-tecnicos-y-eventos\/expo-agroalimentaria-2025\/","og_locale":"es_ES","og_type":"article","og_title":"Expo AgroAlimentaria 2025 - Berger - ES","og_description":"\u00danete a Berger en Expo AgroAlimentaria Guanajuato 2025, del 11 al 14 de noviembre, en el Stand 229. Visita el Stand 229.","og_url":"https:\/\/www.berger.ca\/es\/recursos-para-los-productores\/seminarios-tecnicos-y-eventos\/expo-agroalimentaria-2025\/","og_site_name":"Berger - ES","article_publisher":"https:\/\/www.facebook.com\/berger.ca\/","og_image":[{"width":503,"height":314,"url":"https:\/\/www.berger.ca\/es\/wp-content\/uploads\/sites\/3\/2024\/10\/AgroAlimentaria_Logo_web.png","type":"image\/png"}],"twitter_card":"summary_large_image","twitter_site":"@berger_ca","twitter_misc":{"Tiempo de lectura":"4 minutos"},"schema":{"@context":"https:\/\/schema.org","@graph":[{"@type":"WebPage","@id":"https:\/\/www.berger.ca\/es\/recursos-para-los-productores\/seminarios-tecnicos-y-eventos\/expo-agroalimentaria-2025\/","url":"https:\/\/www.berger.ca\/es\/recursos-para-los-productores\/seminarios-tecnicos-y-eventos\/expo-agroalimentaria-2025\/","name":"Expo AgroAlimentaria 2025 - Berger - ES","isPartOf":{"@id":"https:\/\/www.berger.ca\/es\/#website"},"primaryImageOfPage":{"@id":"https:\/\/www.berger.ca\/es\/recursos-para-los-productores\/seminarios-tecnicos-y-eventos\/expo-agroalimentaria-2025\/#primaryimage"},"image":{"@id":"https:\/\/www.berger.ca\/es\/recursos-para-los-productores\/seminarios-tecnicos-y-eventos\/expo-agroalimentaria-2025\/#primaryimage"},"thumbnailUrl":"https:\/\/www.berger.ca\/es\/wp-content\/uploads\/sites\/3\/2024\/10\/AgroAlimentaria_Logo_web-300x187.png","datePublished":"2025-10-22T19:25:51+00:00","description":"\u00danete a Berger en Expo AgroAlimentaria Guanajuato 2025, del 11 al 14 de noviembre, en el Stand 229. Visita el Stand 229.","breadcrumb":{"@id":"https:\/\/www.berger.ca\/es\/recursos-para-los-productores\/seminarios-tecnicos-y-eventos\/expo-agroalimentaria-2025\/#breadcrumb"},"inLanguage":"es","potentialAction":[{"@type":"ReadAction","target":["https:\/\/www.berger.ca\/es\/recursos-para-los-productores\/seminarios-tecnicos-y-eventos\/expo-agroalimentaria-2025\/"]}]},{"@type":"ImageObject","inLanguage":"es","@id":"https:\/\/www.berger.ca\/es\/recursos-para-los-productores\/seminarios-tecnicos-y-eventos\/expo-agroalimentaria-2025\/#primaryimage","url":"https:\/\/www.berger.ca\/es\/wp-content\/uploads\/sites\/3\/2024\/10\/AgroAlimentaria_Logo_web.png","contentUrl":"https:\/\/www.berger.ca\/es\/wp-content\/uploads\/sites\/3\/2024\/10\/AgroAlimentaria_Logo_web.png","width":503,"height":314,"caption":"AgroAlimentaria_Logo_web"},{"@type":"BreadcrumbList","@id":"https:\/\/www.berger.ca\/es\/recursos-para-los-productores\/seminarios-tecnicos-y-eventos\/expo-agroalimentaria-2025\/#breadcrumb","itemListElement":[{"@type":"ListItem","position":1,"name":"Recursos para los productores","item":"https:\/\/www.berger.ca\/es\/recursos-para-los-productores\/"},{"@type":"ListItem","position":2,"name":"Seminarios t\u00e9cnicos y eventos","item":"https:\/\/www.berger.ca\/es\/recursos-para-los-productores\/seminarios-tecnicos-y-eventos\/"},{"@type":"ListItem","position":3,"name":"Expo AgroAlimentaria 2025"}]},{"@type":"WebSite","@id":"https:\/\/www.berger.ca\/es\/#website","url":"https:\/\/www.berger.ca\/es\/","name":"Berger - ES","description":"Un site utilisant Sites Berger","publisher":{"@id":"https:\/\/www.berger.ca\/es\/#organization"},"potentialAction":[{"@type":"SearchAction","target":{"@type":"EntryPoint","urlTemplate":"https:\/\/www.berger.ca\/es\/?s={search_term_string}"},"query-input":{"@type":"PropertyValueSpecification","valueRequired":true,"valueName":"search_term_string"}}],"inLanguage":"es"},{"@type":"Organization","@id":"https:\/\/www.berger.ca\/es\/#organization","name":"Berger","url":"https:\/\/www.berger.ca\/es\/","logo":{"@type":"ImageObject","inLanguage":"es","@id":"https:\/\/www.berger.ca\/es\/#\/schema\/logo\/image\/","url":"https:\/\/www.berger.ca\/es\/wp-content\/uploads\/sites\/3\/2016\/07\/berger_logo_coul_seul.png","contentUrl":"https:\/\/www.berger.ca\/es\/wp-content\/uploads\/sites\/3\/2016\/07\/berger_logo_coul_seul.png","width":1257,"height":1156,"caption":"Berger"},"image":{"@id":"https:\/\/www.berger.ca\/es\/#\/schema\/logo\/image\/"},"sameAs":["https:\/\/www.facebook.com\/berger.ca\/","https:\/\/x.com\/berger_ca","https:\/\/www.instagram.com\/bergermixes\/","https:\/\/www.linkedin.com\/company\/berger-peat-moss-ltd-\/","https:\/\/www.pinterest.com\/bergerpeatmoss\/","https:\/\/www.youtube.com\/user\/tourbieresberger"]}]}},"_links":{"self":[{"href":"https:\/\/www.berger.ca\/es\/wp-json\/wp\/v2\/pages\/6002","targetHints":{"allow":["GET"]}}],"collection":[{"href":"https:\/\/www.berger.ca\/es\/wp-json\/wp\/v2\/pages"}],"about":[{"href":"https:\/\/www.berger.ca\/es\/wp-json\/wp\/v2\/types\/page"}],"author":[{"embeddable":true,"href":"https:\/\/www.berger.ca\/es\/wp-json\/wp\/v2\/users\/3"}],"replies":[{"embeddable":true,"href":"https:\/\/www.berger.ca\/es\/wp-json\/wp\/v2\/comments?post=6002"}],"version-history":[{"count":4,"href":"https:\/\/www.berger.ca\/es\/wp-json\/wp\/v2\/pages\/6002\/revisions"}],"predecessor-version":[{"id":6007,"href":"https:\/\/www.berger.ca\/es\/wp-json\/wp\/v2\/pages\/6002\/revisions\/6007"}],"up":[{"embeddable":true,"href":"https:\/\/www.berger.ca\/es\/wp-json\/wp\/v2\/pages\/267"}],"wp:attachment":[{"href":"https:\/\/www.berger.ca\/es\/wp-json\/wp\/v2\/media?parent=6002"}],"curies":[{"name":"wp","href":"https:\/\/api.w.org\/{rel}","templated":true}]}}