{"id":6232,"date":"2026-02-09T13:18:35","date_gmt":"2026-02-09T18:18:35","guid":{"rendered":"https:\/\/www.berger.ca\/es\/?page_id=6232"},"modified":"2026-02-23T13:42:42","modified_gmt":"2026-02-23T18:42:42","slug":"greentech-americas-2026","status":"publish","type":"page","link":"https:\/\/www.berger.ca\/es\/recursos-para-los-productores\/seminarios-tecnicos-y-eventos\/greentech-americas-2026\/","title":{"rendered":"GreenTech Americas 2026"},"content":{"rendered":"<div class=\"wysiwyg-row\"><br \/>\n<div class=\"column-7\"><\/p>\n<h2>SU ALIADO EN SUSTRATOS:<\/h2>\n<h2><span style=\"color: #5d6333\">Visite Berger en GreenTech Americas 2026  <\/span><\/h2>\n<h4>Stand #2200 \u2014 Del 24 al 26 de marzo en Quer\u00e9taro, M\u00e9xico. <\/h4>\n<p>Descubra sustratos de alto rendimiento para berries, trasplantes de hortalizas y m\u00e1s. Conozca c\u00f3mo nuestras mezclas espec\u00edficas por cultivo ofrecen consistencia, ciclos de cultivo predecibles y rentabilidad a largo plazo. Encuentre a nuestro equipo, explore soluciones adaptadas a los productores latinoamericanos y descubra por qu\u00e9 invertir en el sustrato correcto es clave para plantas m\u00e1s saludables y cosechas m\u00e1s fuertes.<br \/>\n<\/div><\/p>\n<p><div class=\"column-1\"><br \/>\n<\/div><\/p>\n<p><div class=\"column-4\"><br \/>\n<img loading=\"lazy\" decoding=\"async\" class=\"alignnone size-medium wp-image-5566\" src=\"https:\/\/www.berger.ca\/en\/wp-content\/uploads\/sites\/2\/2025\/02\/greentech-americas_logo.png\" alt=\"Logo-GreenTech_Americas\" width=\"300\" height=\"187\" \/><\/p>\n<p><a class=\"button green\" href=\"https:\/\/www.greentech.nl\/americas\/registration \" target=\"_blank\" rel=\"noopener\">Reg\u00edstrese aqu\u00ed<\/a><br \/>\n<\/div><br \/>\n<\/div>\n<hr>\n<div class=\"wysiwyg-row\"><\/p>\n<h2>Nuestros Especialistas<\/h2>\n<p><div class=\"column-4\"><br \/>\n<img loading=\"lazy\" decoding=\"async\" src=\"https:\/\/www.berger.ca\/es\/wp-content\/uploads\/sites\/3\/2024\/10\/Vic_Swann.png\" alt=\"Vic_Swann\" width=\"288\" height=\"288\" class=\"alignnone size-full wp-image-5572\" srcset=\"https:\/\/www.berger.ca\/es\/wp-content\/uploads\/sites\/3\/2024\/10\/Vic_Swann.png 288w, https:\/\/www.berger.ca\/es\/wp-content\/uploads\/sites\/3\/2024\/10\/Vic_Swann-150x150.png 150w\" sizes=\"auto, (max-width: 288px) 100vw, 288px\" \/><\/p>\n<h3 style=\"text-align: left\"><span style=\"color: #5d6333\">Vic Swann <\/span><\/h3>\n<ul>\n<li><span style=\"font-size: 14pt\"><strong>Director \u2013 International Sales and Corporate Accounts<\/strong><\/span><\/li>\n<\/ul>\n<p><\/div><\/p>\n<p><div class=\"column-4\"><br \/>\n<img loading=\"lazy\" decoding=\"async\" src=\"https:\/\/www.berger.ca\/es\/wp-content\/uploads\/sites\/3\/2024\/07\/Harold_Sagastume.png\" alt=\"Harold_Sagastume\" width=\"288\" height=\"288\" class=\"alignnone size-full wp-image-5494\" srcset=\"https:\/\/www.berger.ca\/es\/wp-content\/uploads\/sites\/3\/2024\/07\/Harold_Sagastume.png 288w, https:\/\/www.berger.ca\/es\/wp-content\/uploads\/sites\/3\/2024\/07\/Harold_Sagastume-150x150.png 150w\" sizes=\"auto, (max-width: 288px) 100vw, 288px\" \/><\/p>\n<h3 style=\"text-align: left\"><span style=\"color: #5d6333\">Harold Sagastume <\/span><\/h3>\n<ul>\n<li><span style=\"font-size: 14pt\"><strong>Technical Sales Advisor<\/strong><\/span><\/li>\n<p><\/div><\/p>\n<p><div class=\"column-4\"><br \/>\n<img loading=\"lazy\" decoding=\"async\" src=\"https:\/\/www.berger.ca\/es\/wp-content\/uploads\/sites\/3\/2024\/10\/Juan_CarlosGarcia.png\" alt=\"Juan_CarlosGarcia\" width=\"288\" height=\"288\" class=\"alignnone size-full wp-image-5569\" srcset=\"https:\/\/www.berger.ca\/es\/wp-content\/uploads\/sites\/3\/2024\/10\/Juan_CarlosGarcia.png 288w, https:\/\/www.berger.ca\/es\/wp-content\/uploads\/sites\/3\/2024\/10\/Juan_CarlosGarcia-150x150.png 150w\" sizes=\"auto, (max-width: 288px) 100vw, 288px\" \/><\/p>\n<h3 style=\"text-align: left\"><span style=\"color: #5d6333\">Juan Carlos Garc\u00eda <\/span><\/h3>\n<ul>\n<li><span style=\"font-size: 14pt\"><strong>Sales representative<\/strong><\/span><\/li>\n<\/ul>\n<p><\/div><br \/>\n<\/div>\n<hr>\n<div class=\"wysiwyg-row\"><\/p>\n<h2>Productos destacados<\/h2>\n<p><div class=\"column-2\"><br \/>\n<a href=\"https:\/\/www.berger.ca\/es\/productos\/bm2-fibra-natural-madera\/\" target=\"_blank\" rel=\"noopener\"><img loading=\"lazy\" decoding=\"async\" class=\"alignnone size-medium wp-image-9812\" src=\"https:\/\/www.berger.ca\/es\/wp-content\/uploads\/sites\/3\/2026\/02\/Packaging3D_BM2-wood_compressed-1.png\" alt=\"Germinaci\u00f3n-Semillas-Madera\" width=\"212\" height=\"300\" \/><\/a><\/p>\n<h3><span style=\"color: #5d6333\"> BM2 <\/span><\/h3>\n<h4>Germinaci\u00f3n de semillas &#8211; Madera <\/h4>\n<p><\/div><\/p>\n<p><div class=\"column-2\"><br \/>\n<a href=\"https:\/\/www.berger.ca\/es\/productos\/bm2-germination-de-semillas-de-hortalizas-hp\/\" target=\"_blank\" rel=\"noopener\"><img loading=\"lazy\" decoding=\"async\" class=\"alignnone size-medium wp-image-9812\" src=\"https:\/\/www.berger.ca\/es\/wp-content\/uploads\/sites\/3\/2026\/02\/Packaging3D_BM2-HP_compressed.png\" alt=\"Germinaci\u00f3n-Semillas-hortalizas\" width=\"212\" height=\"300\" \/><\/a><\/p>\n<h3><span style=\"color: #5d6333\"> BM2 <\/span><\/h3>\n<h4>Germinaci\u00f3n de semillas de hortalizas HP<\/h4>\n<p><\/div><\/p>\n<p><div class=\"column-2\"><br \/>\n<a href=\"https:\/\/www.berger.ca\/es\/productos\/bm5-fibra-natural-madera-hp\/\" target=\"_blank\" rel=\"noopener\"><img loading=\"lazy\" decoding=\"async\" class=\"alignnone size-medium wp-image-9812\" src=\"https:\/\/www.berger.ca\/es\/wp-content\/uploads\/sites\/3\/2026\/02\/Packaging3D_BM5-wood-HP_compressed.png\" alt=\"FibraNatural-MaderaHP\" width=\"212\" height=\"300\" \/><\/a><\/p>\n<h3><span style=\"color: #5d6333\"> BM5 <\/span><\/h3>\n<h4>Fibra natural y \u00e1ridos \u2014 Madera HP<\/h4>\n<p><\/div><\/p>\n<p><div class=\"column-2\"><br \/>\n<a href=\"https:\/\/www.berger.ca\/es\/productos\/bm5-fibra-natural-madera-super-hp\/\" target=\"_blank\" rel=\"noopener\"><img loading=\"lazy\" decoding=\"async\" class=\"alignnone size-medium wp-image-9812\" src=\"https:\/\/www.berger.ca\/es\/wp-content\/uploads\/sites\/3\/2026\/02\/Packaging3D_BM5woodHP_compressedicon.png\" alt=\"FibraNatural\u2014MaderaSuperHP\" width=\"212\" height=\"300\" \/><\/a><\/p>\n<h3><span style=\"color: #5d6333\"> BM5 <\/span><\/h3>\n<h4>Fibra natural y \u00e1ridos \u2014 Madera Super HP<\/h4>\n<p><\/div><\/p>\n<p><div class=\"column-2\"><br \/>\n<a href=\"https:\/\/www.berger.ca\/es\/productos\/bm6-general-purpose-hp\/\" target=\"_blank\" rel=\"noopener\"><img loading=\"lazy\" decoding=\"async\" class=\"alignnone size-medium wp-image-9812\" src=\"https:\/\/www.berger.ca\/es\/wp-content\/uploads\/sites\/3\/2026\/02\/Packaging3D_BM6HP_compressedicon.png\" alt=\"TodoHP\" width=\"212\" height=\"300\" \/><\/a><\/p>\n<h3><span style=\"color: #5d6333\"> BM6 <\/span><\/h3>\n<h4>Todo uso HP<\/h4>\n<p><\/div><br \/>\n<\/div>\n<hr>\n","protected":false},"excerpt":{"rendered":"","protected":false},"author":29,"featured_media":0,"parent":267,"menu_order":0,"comment_status":"closed","ping_status":"closed","template":"","meta":{"_acf_changed":false,"footnotes":""},"class_list":["post-6232","page","type-page","status-publish","hentry"],"acf":[],"yoast_head":"<!-- This site is optimized with the Yoast SEO plugin v27.3 - https:\/\/yoast.com\/product\/yoast-seo-wordpress\/ -->\n<title>GreenTech Americas 2026 - Berger - ES<\/title>\n<meta name=\"description\" content=\"SU ALIADO EN SUSTRATOS: Visite Berger en GreenTech Americas 2026. Stand #2200 \u2014 Del 24 al 26 de marzo en Quer\u00e9taro, M\u00e9xico.\" \/>\n<meta name=\"robots\" content=\"index, follow, max-snippet:-1, max-image-preview:large, max-video-preview:-1\" \/>\n<link rel=\"canonical\" href=\"https:\/\/www.berger.ca\/es\/recursos-para-los-productores\/seminarios-tecnicos-y-eventos\/greentech-americas-2026\/\" \/>\n<meta property=\"og:locale\" content=\"es_ES\" \/>\n<meta property=\"og:type\" content=\"article\" \/>\n<meta property=\"og:title\" content=\"GreenTech Americas 2026 - Berger - ES\" \/>\n<meta property=\"og:description\" content=\"SU ALIADO EN SUSTRATOS: Visite Berger en GreenTech Americas 2026. Stand #2200 \u2014 Del 24 al 26 de marzo en Quer\u00e9taro, M\u00e9xico.\" \/>\n<meta property=\"og:url\" content=\"https:\/\/www.berger.ca\/es\/recursos-para-los-productores\/seminarios-tecnicos-y-eventos\/greentech-americas-2026\/\" \/>\n<meta property=\"og:site_name\" content=\"Berger - ES\" \/>\n<meta property=\"article:publisher\" content=\"https:\/\/www.facebook.com\/berger.ca\/\" \/>\n<meta property=\"article:modified_time\" content=\"2026-02-23T18:42:42+00:00\" \/>\n<meta property=\"og:image\" content=\"https:\/\/www.berger.ca\/es\/wp-content\/uploads\/sites\/3\/2024\/10\/AgroAlimentaria_Logo_web.png\" \/>\n\t<meta property=\"og:image:width\" content=\"503\" \/>\n\t<meta property=\"og:image:height\" content=\"314\" \/>\n\t<meta property=\"og:image:type\" content=\"image\/png\" \/>\n<meta name=\"twitter:card\" content=\"summary_large_image\" \/>\n<meta name=\"twitter:site\" content=\"@berger_ca\" \/>\n<meta name=\"twitter:label1\" content=\"Tiempo de lectura\" \/>\n\t<meta name=\"twitter:data1\" content=\"3 minutos\" \/>\n<script type=\"application\/ld+json\" class=\"yoast-schema-graph\">{\"@context\":\"https:\\\/\\\/schema.org\",\"@graph\":[{\"@type\":\"WebPage\",\"@id\":\"https:\\\/\\\/www.berger.ca\\\/es\\\/recursos-para-los-productores\\\/seminarios-tecnicos-y-eventos\\\/greentech-americas-2026\\\/\",\"url\":\"https:\\\/\\\/www.berger.ca\\\/es\\\/recursos-para-los-productores\\\/seminarios-tecnicos-y-eventos\\\/greentech-americas-2026\\\/\",\"name\":\"GreenTech Americas 2026 - Berger - ES\",\"isPartOf\":{\"@id\":\"https:\\\/\\\/www.berger.ca\\\/es\\\/#website\"},\"primaryImageOfPage\":{\"@id\":\"https:\\\/\\\/www.berger.ca\\\/es\\\/recursos-para-los-productores\\\/seminarios-tecnicos-y-eventos\\\/greentech-americas-2026\\\/#primaryimage\"},\"image\":{\"@id\":\"https:\\\/\\\/www.berger.ca\\\/es\\\/recursos-para-los-productores\\\/seminarios-tecnicos-y-eventos\\\/greentech-americas-2026\\\/#primaryimage\"},\"thumbnailUrl\":\"https:\\\/\\\/www.berger.ca\\\/en\\\/wp-content\\\/uploads\\\/sites\\\/2\\\/2025\\\/02\\\/greentech-americas_logo.png\",\"datePublished\":\"2026-02-09T18:18:35+00:00\",\"dateModified\":\"2026-02-23T18:42:42+00:00\",\"description\":\"SU ALIADO EN SUSTRATOS: Visite Berger en GreenTech Americas 2026. Stand #2200 \u2014 Del 24 al 26 de marzo en Quer\u00e9taro, M\u00e9xico.\",\"breadcrumb\":{\"@id\":\"https:\\\/\\\/www.berger.ca\\\/es\\\/recursos-para-los-productores\\\/seminarios-tecnicos-y-eventos\\\/greentech-americas-2026\\\/#breadcrumb\"},\"inLanguage\":\"es\",\"potentialAction\":[{\"@type\":\"ReadAction\",\"target\":[\"https:\\\/\\\/www.berger.ca\\\/es\\\/recursos-para-los-productores\\\/seminarios-tecnicos-y-eventos\\\/greentech-americas-2026\\\/\"]}]},{\"@type\":\"ImageObject\",\"inLanguage\":\"es\",\"@id\":\"https:\\\/\\\/www.berger.ca\\\/es\\\/recursos-para-los-productores\\\/seminarios-tecnicos-y-eventos\\\/greentech-americas-2026\\\/#primaryimage\",\"url\":\"https:\\\/\\\/www.berger.ca\\\/en\\\/wp-content\\\/uploads\\\/sites\\\/2\\\/2025\\\/02\\\/greentech-americas_logo.png\",\"contentUrl\":\"https:\\\/\\\/www.berger.ca\\\/en\\\/wp-content\\\/uploads\\\/sites\\\/2\\\/2025\\\/02\\\/greentech-americas_logo.png\"},{\"@type\":\"BreadcrumbList\",\"@id\":\"https:\\\/\\\/www.berger.ca\\\/es\\\/recursos-para-los-productores\\\/seminarios-tecnicos-y-eventos\\\/greentech-americas-2026\\\/#breadcrumb\",\"itemListElement\":[{\"@type\":\"ListItem\",\"position\":1,\"name\":\"Recursos para los productores\",\"item\":\"https:\\\/\\\/www.berger.ca\\\/es\\\/recursos-para-los-productores\\\/\"},{\"@type\":\"ListItem\",\"position\":2,\"name\":\"Seminarios t\u00e9cnicos y eventos\",\"item\":\"https:\\\/\\\/www.berger.ca\\\/es\\\/recursos-para-los-productores\\\/seminarios-tecnicos-y-eventos\\\/\"},{\"@type\":\"ListItem\",\"position\":3,\"name\":\"GreenTech Americas 2026\"}]},{\"@type\":\"WebSite\",\"@id\":\"https:\\\/\\\/www.berger.ca\\\/es\\\/#website\",\"url\":\"https:\\\/\\\/www.berger.ca\\\/es\\\/\",\"name\":\"Berger - ES\",\"description\":\"Un site utilisant Sites Berger\",\"publisher\":{\"@id\":\"https:\\\/\\\/www.berger.ca\\\/es\\\/#organization\"},\"potentialAction\":[{\"@type\":\"SearchAction\",\"target\":{\"@type\":\"EntryPoint\",\"urlTemplate\":\"https:\\\/\\\/www.berger.ca\\\/es\\\/?s={search_term_string}\"},\"query-input\":{\"@type\":\"PropertyValueSpecification\",\"valueRequired\":true,\"valueName\":\"search_term_string\"}}],\"inLanguage\":\"es\"},{\"@type\":\"Organization\",\"@id\":\"https:\\\/\\\/www.berger.ca\\\/es\\\/#organization\",\"name\":\"Berger\",\"url\":\"https:\\\/\\\/www.berger.ca\\\/es\\\/\",\"logo\":{\"@type\":\"ImageObject\",\"inLanguage\":\"es\",\"@id\":\"https:\\\/\\\/www.berger.ca\\\/es\\\/#\\\/schema\\\/logo\\\/image\\\/\",\"url\":\"https:\\\/\\\/www.berger.ca\\\/es\\\/wp-content\\\/uploads\\\/sites\\\/3\\\/2016\\\/07\\\/berger_logo_coul_seul.png\",\"contentUrl\":\"https:\\\/\\\/www.berger.ca\\\/es\\\/wp-content\\\/uploads\\\/sites\\\/3\\\/2016\\\/07\\\/berger_logo_coul_seul.png\",\"width\":1257,\"height\":1156,\"caption\":\"Berger\"},\"image\":{\"@id\":\"https:\\\/\\\/www.berger.ca\\\/es\\\/#\\\/schema\\\/logo\\\/image\\\/\"},\"sameAs\":[\"https:\\\/\\\/www.facebook.com\\\/berger.ca\\\/\",\"https:\\\/\\\/x.com\\\/berger_ca\",\"https:\\\/\\\/www.instagram.com\\\/bergermixes\\\/\",\"https:\\\/\\\/www.linkedin.com\\\/company\\\/berger-peat-moss-ltd-\\\/\",\"https:\\\/\\\/www.pinterest.com\\\/bergerpeatmoss\\\/\",\"https:\\\/\\\/www.youtube.com\\\/user\\\/tourbieresberger\"]}]}<\/script>\n<!-- \/ Yoast SEO plugin. -->","yoast_head_json":{"title":"GreenTech Americas 2026 - Berger - ES","description":"SU ALIADO EN SUSTRATOS: Visite Berger en GreenTech Americas 2026. Stand #2200 \u2014 Del 24 al 26 de marzo en Quer\u00e9taro, M\u00e9xico.","robots":{"index":"index","follow":"follow","max-snippet":"max-snippet:-1","max-image-preview":"max-image-preview:large","max-video-preview":"max-video-preview:-1"},"canonical":"https:\/\/www.berger.ca\/es\/recursos-para-los-productores\/seminarios-tecnicos-y-eventos\/greentech-americas-2026\/","og_locale":"es_ES","og_type":"article","og_title":"GreenTech Americas 2026 - Berger - ES","og_description":"SU ALIADO EN SUSTRATOS: Visite Berger en GreenTech Americas 2026. Stand #2200 \u2014 Del 24 al 26 de marzo en Quer\u00e9taro, M\u00e9xico.","og_url":"https:\/\/www.berger.ca\/es\/recursos-para-los-productores\/seminarios-tecnicos-y-eventos\/greentech-americas-2026\/","og_site_name":"Berger - ES","article_publisher":"https:\/\/www.facebook.com\/berger.ca\/","article_modified_time":"2026-02-23T18:42:42+00:00","og_image":[{"width":503,"height":314,"url":"https:\/\/www.berger.ca\/es\/wp-content\/uploads\/sites\/3\/2024\/10\/AgroAlimentaria_Logo_web.png","type":"image\/png"}],"twitter_card":"summary_large_image","twitter_site":"@berger_ca","twitter_misc":{"Tiempo de lectura":"3 minutos"},"schema":{"@context":"https:\/\/schema.org","@graph":[{"@type":"WebPage","@id":"https:\/\/www.berger.ca\/es\/recursos-para-los-productores\/seminarios-tecnicos-y-eventos\/greentech-americas-2026\/","url":"https:\/\/www.berger.ca\/es\/recursos-para-los-productores\/seminarios-tecnicos-y-eventos\/greentech-americas-2026\/","name":"GreenTech Americas 2026 - Berger - ES","isPartOf":{"@id":"https:\/\/www.berger.ca\/es\/#website"},"primaryImageOfPage":{"@id":"https:\/\/www.berger.ca\/es\/recursos-para-los-productores\/seminarios-tecnicos-y-eventos\/greentech-americas-2026\/#primaryimage"},"image":{"@id":"https:\/\/www.berger.ca\/es\/recursos-para-los-productores\/seminarios-tecnicos-y-eventos\/greentech-americas-2026\/#primaryimage"},"thumbnailUrl":"https:\/\/www.berger.ca\/en\/wp-content\/uploads\/sites\/2\/2025\/02\/greentech-americas_logo.png","datePublished":"2026-02-09T18:18:35+00:00","dateModified":"2026-02-23T18:42:42+00:00","description":"SU ALIADO EN SUSTRATOS: Visite Berger en GreenTech Americas 2026. Stand #2200 \u2014 Del 24 al 26 de marzo en Quer\u00e9taro, M\u00e9xico.","breadcrumb":{"@id":"https:\/\/www.berger.ca\/es\/recursos-para-los-productores\/seminarios-tecnicos-y-eventos\/greentech-americas-2026\/#breadcrumb"},"inLanguage":"es","potentialAction":[{"@type":"ReadAction","target":["https:\/\/www.berger.ca\/es\/recursos-para-los-productores\/seminarios-tecnicos-y-eventos\/greentech-americas-2026\/"]}]},{"@type":"ImageObject","inLanguage":"es","@id":"https:\/\/www.berger.ca\/es\/recursos-para-los-productores\/seminarios-tecnicos-y-eventos\/greentech-americas-2026\/#primaryimage","url":"https:\/\/www.berger.ca\/en\/wp-content\/uploads\/sites\/2\/2025\/02\/greentech-americas_logo.png","contentUrl":"https:\/\/www.berger.ca\/en\/wp-content\/uploads\/sites\/2\/2025\/02\/greentech-americas_logo.png"},{"@type":"BreadcrumbList","@id":"https:\/\/www.berger.ca\/es\/recursos-para-los-productores\/seminarios-tecnicos-y-eventos\/greentech-americas-2026\/#breadcrumb","itemListElement":[{"@type":"ListItem","position":1,"name":"Recursos para los productores","item":"https:\/\/www.berger.ca\/es\/recursos-para-los-productores\/"},{"@type":"ListItem","position":2,"name":"Seminarios t\u00e9cnicos y eventos","item":"https:\/\/www.berger.ca\/es\/recursos-para-los-productores\/seminarios-tecnicos-y-eventos\/"},{"@type":"ListItem","position":3,"name":"GreenTech Americas 2026"}]},{"@type":"WebSite","@id":"https:\/\/www.berger.ca\/es\/#website","url":"https:\/\/www.berger.ca\/es\/","name":"Berger - ES","description":"Un site utilisant Sites Berger","publisher":{"@id":"https:\/\/www.berger.ca\/es\/#organization"},"potentialAction":[{"@type":"SearchAction","target":{"@type":"EntryPoint","urlTemplate":"https:\/\/www.berger.ca\/es\/?s={search_term_string}"},"query-input":{"@type":"PropertyValueSpecification","valueRequired":true,"valueName":"search_term_string"}}],"inLanguage":"es"},{"@type":"Organization","@id":"https:\/\/www.berger.ca\/es\/#organization","name":"Berger","url":"https:\/\/www.berger.ca\/es\/","logo":{"@type":"ImageObject","inLanguage":"es","@id":"https:\/\/www.berger.ca\/es\/#\/schema\/logo\/image\/","url":"https:\/\/www.berger.ca\/es\/wp-content\/uploads\/sites\/3\/2016\/07\/berger_logo_coul_seul.png","contentUrl":"https:\/\/www.berger.ca\/es\/wp-content\/uploads\/sites\/3\/2016\/07\/berger_logo_coul_seul.png","width":1257,"height":1156,"caption":"Berger"},"image":{"@id":"https:\/\/www.berger.ca\/es\/#\/schema\/logo\/image\/"},"sameAs":["https:\/\/www.facebook.com\/berger.ca\/","https:\/\/x.com\/berger_ca","https:\/\/www.instagram.com\/bergermixes\/","https:\/\/www.linkedin.com\/company\/berger-peat-moss-ltd-\/","https:\/\/www.pinterest.com\/bergerpeatmoss\/","https:\/\/www.youtube.com\/user\/tourbieresberger"]}]}},"_links":{"self":[{"href":"https:\/\/www.berger.ca\/es\/wp-json\/wp\/v2\/pages\/6232","targetHints":{"allow":["GET"]}}],"collection":[{"href":"https:\/\/www.berger.ca\/es\/wp-json\/wp\/v2\/pages"}],"about":[{"href":"https:\/\/www.berger.ca\/es\/wp-json\/wp\/v2\/types\/page"}],"author":[{"embeddable":true,"href":"https:\/\/www.berger.ca\/es\/wp-json\/wp\/v2\/users\/29"}],"replies":[{"embeddable":true,"href":"https:\/\/www.berger.ca\/es\/wp-json\/wp\/v2\/comments?post=6232"}],"version-history":[{"count":76,"href":"https:\/\/www.berger.ca\/es\/wp-json\/wp\/v2\/pages\/6232\/revisions"}],"predecessor-version":[{"id":6355,"href":"https:\/\/www.berger.ca\/es\/wp-json\/wp\/v2\/pages\/6232\/revisions\/6355"}],"up":[{"embeddable":true,"href":"https:\/\/www.berger.ca\/es\/wp-json\/wp\/v2\/pages\/267"}],"wp:attachment":[{"href":"https:\/\/www.berger.ca\/es\/wp-json\/wp\/v2\/media?parent=6232"}],"curies":[{"name":"wp","href":"https:\/\/api.w.org\/{rel}","templated":true}]}}